{"id":170988,"date":"2023-06-01T12:11:02","date_gmt":"2023-06-01T10:11:02","guid":{"rendered":"https:\/\/empow-her.com\/?post_type=product&#038;p=170988"},"modified":"2023-06-01T14:19:40","modified_gmt":"2023-06-01T12:19:40","slug":"new-atelier-propriete-intellectuelle","status":"publish","type":"product","link":"https:\/\/empow-her.com\/en\/produit\/new-atelier-propriete-intellectuelle\/","title":{"rendered":"NEW &#8211; Atelier Propri\u00e9t\u00e9 intellectuelle"},"content":{"rendered":"<p><strong>Description<\/strong> :<\/p>\n<p>Je lance mon activit\u00e9 et je suis perdue dans les contrats \u00e0 mettre en place ?<\/p>\n<p>J\u2019ai besoin de savoir si je dois r\u00e9diger des CGV, des CGA, des CGU, une politique de confidentialit\u00e9 ?<\/p>\n<p>Cet atelier pr\u00e9sente les contrats principaux inh\u00e9rents \u00e0 une activit\u00e9 commerciale, afin de permettre aux porteuses de projet d&#8217;identifier les clauses contractuelles indispensables. L&#8217;atelier inclut \u00e9galement une introduction \u00e0 la protection des donn\u00e9es personnelles au regard du RGPD.<\/p>\n<p>Dans cet atelier, nous r\u00e9fl\u00e9chirons ensemble sur ce qu\u2019est une marque pour en comprendre les diff\u00e9rentes dimensions et vous exp\u00e9rimenterez des outils qui vous permettront de travailler sur votre positionnement de marque, de choisir les codes de votre identit\u00e9 et d\u2019initier vos strat\u00e9gies !<\/p>\n<p>\u2022 Qu\u2019est-ce qu\u2019une marque ?<\/p>\n<p>\u2022 Comment et pourquoi se positionner ?<\/p>\n<p>\u2022 Mise en pratique \u00e0 travers l\u2019analyse des discours de la concurrence \u2022 Comment d\u00e9finir l\u2019identit\u00e9 de ma marque et mon territoire d\u2019expression<\/p>\n<p><strong>Intervenant.e : Impact Lawyers<\/strong><\/p>\n<p><strong>Pr\u00e9-requis :<\/strong>Pour cet atelier, il est recommand\u00e9 d\u2019avoir d\u00e9j\u00e0 r\u00e9fl\u00e9chi sur la propri\u00e9t\u00e9 intellectuelle du projet et comment la prot\u00e9ger.<\/p>\n<p><strong> Lieu<\/strong> : Sist&#8217;Her Paris, 82 rue du Faubourg Saint-Martin<\/p>\n<p><strong>Attention !<\/strong> Veuillez vous pr\u00e9senter \u00e0 l&#8217;heure pour que l&#8217;activit\u00e9 puisse commencer \u00e0 temps. Si vous avez du retard veuillez pr\u00e9venir l&#8217;intervenant.e. Si vous avez plus de 15 min de retard l&#8217;intervenant.e se r\u00e9serve le droit de ne plus vous accepter pour le coaching ou l&#8217;atelier.<\/p>\n","protected":false},"excerpt":{"rendered":"<p><strong>Description<\/strong> :<\/p>\n<p>Je lance mon activit\u00e9 et je suis perdue dans les contrats \u00e0 mettre en place ?<\/p>\n<p>J\u2019ai besoin de savoir si je dois r\u00e9diger des CGV, des CGA, des CGU, une politique de confidentialit\u00e9 ?<\/p>\n<p>Cet atelier pr\u00e9sente les contrats principaux inh\u00e9rents \u00e0 une activit\u00e9 commerciale, afin de permettre aux porteuses de projet d&#8217;identifier les clauses contractuelles indispensables. L&#8217;atelier inclut \u00e9galement une introduction \u00e0 la protection des donn\u00e9es personnelles au regard du RGPD.<\/p>\n<p>Dans cet atelier, nous r\u00e9fl\u00e9chirons ensemble sur ce qu\u2019est une marque pour en comprendre les diff\u00e9rentes dimensions et vous exp\u00e9rimenterez des outils qui vous permettront de travailler sur votre positionnement de marque, de choisir les codes de votre identit\u00e9 et d\u2019initier vos strat\u00e9gies !<\/p>\n<p>\u2022 Qu\u2019est-ce qu\u2019une marque ?<\/p>\n<p>\u2022 Comment et pourquoi se positionner ?<\/p>\n<p>\u2022 Mise en pratique \u00e0 travers l\u2019analyse des discours de la concurrence \u2022 Comment d\u00e9finir l\u2019identit\u00e9 de ma marque et mon territoire d\u2019expression<\/p>\n<p><strong>Intervenant.e : Impact Lawyers<\/strong><\/p>\n<p><strong>Pr\u00e9-requis :<\/strong>Pour cet atelier, il est recommand\u00e9 d\u2019avoir d\u00e9j\u00e0 r\u00e9fl\u00e9chi sur la propri\u00e9t\u00e9 intellectuelle du projet et comment la prot\u00e9ger.<\/p>\n<p><strong> Lieu<\/strong> : Sist&#8217;Her Paris, 82 rue du Faubourg Saint-Martin<\/p>\n<p><strong>Attention !<\/strong> Veuillez vous pr\u00e9senter \u00e0 l&#8217;heure pour que l&#8217;activit\u00e9 puisse commencer \u00e0 temps. Si vous avez du retard veuillez pr\u00e9venir l&#8217;intervenant.e. Si vous avez plus de 15 min de retard l&#8217;intervenant.e se r\u00e9serve le droit de ne plus vous accepter pour le coaching ou l&#8217;atelier.<\/p>\n","protected":false},"featured_media":170989,"template":"","format":"standard","meta":{"_acf_changed":false,"om_disable_all_campaigns":false,"_uf_show_specific_survey":0,"_uf_disable_surveys":false},"product_brand":[],"product_cat":[118],"product_tag":[],"lieu":[127],"thematiques":[],"class_list":{"0":"post-170988","1":"product","2":"type-product","3":"status-publish","4":"format-standard","5":"has-post-thumbnail","7":"product_cat-atelier-collectif","8":"lieu-hub-empowher","10":"first","11":"instock","12":"virtual","13":"purchasable","14":"product-type-appointment"},"exclude_global_add_ons":[],"addons":[],"acf":[],"yoast_head":"<!-- This site is optimized with the Yoast SEO plugin v24.8 - https:\/\/yoast.com\/wordpress\/plugins\/seo\/ -->\n<title>NEW - Atelier Propri\u00e9t\u00e9 intellectuelle - Empow&#039;Her<\/title>\n<meta name=\"robots\" content=\"index, follow, max-snippet:-1, max-image-preview:large, max-video-preview:-1\" \/>\n<link rel=\"canonical\" href=\"https:\/\/empow-her.com\/produit\/new-atelier-propriete-intellectuelle\/\" \/>\n<meta property=\"og:locale\" content=\"en_US\" \/>\n<meta property=\"og:type\" content=\"article\" \/>\n<meta property=\"og:title\" content=\"NEW - Atelier Propri\u00e9t\u00e9 intellectuelle - Empow&#039;Her\" \/>\n<meta property=\"og:description\" content=\"Description :  Je lance mon activit\u00e9 et je suis perdue dans les contrats \u00e0 mettre en place ?  J\u2019ai besoin de savoir si je dois r\u00e9diger des CGV, des CGA, des CGU, une politique de confidentialit\u00e9 ?  Cet atelier pr\u00e9sente les contrats principaux inh\u00e9rents \u00e0 une activit\u00e9 commerciale, afin de permettre aux porteuses de projet d&#039;identifier les clauses contractuelles indispensables. L&#039;atelier inclut \u00e9galement une introduction \u00e0 la protection des donn\u00e9es personnelles au regard du RGPD.  Dans cet atelier, nous r\u00e9fl\u00e9chirons ensemble sur ce qu\u2019est une marque pour en comprendre les diff\u00e9rentes dimensions et vous exp\u00e9rimenterez des outils qui vous permettront de travailler sur votre positionnement de marque, de choisir les codes de votre identit\u00e9 et d\u2019initier vos strat\u00e9gies !  \u2022 Qu\u2019est-ce qu\u2019une marque ?  \u2022 Comment et pourquoi se positionner ?  \u2022 Mise en pratique \u00e0 travers l\u2019analyse des discours de la concurrence \u2022 Comment d\u00e9finir l\u2019identit\u00e9 de ma marque et mon territoire d\u2019expression  Intervenant.e : Impact Lawyers  Pr\u00e9-requis :Pour cet atelier, il est recommand\u00e9 d\u2019avoir d\u00e9j\u00e0 r\u00e9fl\u00e9chi sur la propri\u00e9t\u00e9 intellectuelle du projet et comment la prot\u00e9ger.   Lieu : Sist&#039;Her Paris, 82 rue du Faubourg Saint-Martin  Attention ! Veuillez vous pr\u00e9senter \u00e0 l&#039;heure pour que l&#039;activit\u00e9 puisse commencer \u00e0 temps. Si vous avez du retard veuillez pr\u00e9venir l&#039;intervenant.e. Si vous avez plus de 15 min de retard l&#039;intervenant.e se r\u00e9serve le droit de ne plus vous accepter pour le coaching ou l&#039;atelier.\" \/>\n<meta property=\"og:url\" content=\"https:\/\/empow-her.com\/produit\/new-atelier-propriete-intellectuelle\/\" \/>\n<meta property=\"og:site_name\" content=\"Empow&#039;Her\" \/>\n<meta property=\"article:modified_time\" content=\"2023-06-01T12:19:40+00:00\" \/>\n<meta property=\"og:image\" content=\"https:\/\/empow-her.com\/wp-content\/uploads\/2023\/06\/Women-Dare-templates-events-2023-06-01T120950.654.png\" \/>\n\t<meta property=\"og:image:width\" content=\"1080\" \/>\n\t<meta property=\"og:image:height\" content=\"1080\" \/>\n\t<meta property=\"og:image:type\" content=\"image\/png\" \/>\n<meta name=\"twitter:card\" content=\"summary_large_image\" \/>\n<meta name=\"twitter:label1\" content=\"Est. reading time\" \/>\n\t<meta name=\"twitter:data1\" content=\"2 minutes\" \/>\n<script type=\"application\/ld+json\" class=\"yoast-schema-graph\">{\"@context\":\"https:\/\/schema.org\",\"@graph\":[{\"@type\":\"WebPage\",\"@id\":\"https:\/\/empow-her.com\/produit\/new-atelier-propriete-intellectuelle\/\",\"url\":\"https:\/\/empow-her.com\/produit\/new-atelier-propriete-intellectuelle\/\",\"name\":\"NEW - Atelier Propri\u00e9t\u00e9 intellectuelle - Empow&#039;Her\",\"isPartOf\":{\"@id\":\"https:\/\/empow-her.com\/#website\"},\"primaryImageOfPage\":{\"@id\":\"https:\/\/empow-her.com\/produit\/new-atelier-propriete-intellectuelle\/#primaryimage\"},\"image\":{\"@id\":\"https:\/\/empow-her.com\/produit\/new-atelier-propriete-intellectuelle\/#primaryimage\"},\"thumbnailUrl\":\"https:\/\/empow-her.com\/wp-content\/uploads\/2023\/06\/Women-Dare-templates-events-2023-06-01T120950.654.png\",\"datePublished\":\"2023-06-01T10:11:02+00:00\",\"dateModified\":\"2023-06-01T12:19:40+00:00\",\"breadcrumb\":{\"@id\":\"https:\/\/empow-her.com\/produit\/new-atelier-propriete-intellectuelle\/#breadcrumb\"},\"inLanguage\":\"en-US\",\"potentialAction\":[{\"@type\":\"ReadAction\",\"target\":[\"https:\/\/empow-her.com\/produit\/new-atelier-propriete-intellectuelle\/\"]}]},{\"@type\":\"ImageObject\",\"inLanguage\":\"en-US\",\"@id\":\"https:\/\/empow-her.com\/produit\/new-atelier-propriete-intellectuelle\/#primaryimage\",\"url\":\"https:\/\/empow-her.com\/wp-content\/uploads\/2023\/06\/Women-Dare-templates-events-2023-06-01T120950.654.png\",\"contentUrl\":\"https:\/\/empow-her.com\/wp-content\/uploads\/2023\/06\/Women-Dare-templates-events-2023-06-01T120950.654.png\",\"width\":1080,\"height\":1080},{\"@type\":\"BreadcrumbList\",\"@id\":\"https:\/\/empow-her.com\/produit\/new-atelier-propriete-intellectuelle\/#breadcrumb\",\"itemListElement\":[{\"@type\":\"ListItem\",\"position\":1,\"name\":\"Accueil\",\"item\":\"https:\/\/empow-her.com\/en\/landing-page\/\"},{\"@type\":\"ListItem\",\"position\":2,\"name\":\"LA BOUTIQUE\",\"item\":\"https:\/\/empow-her.com\/boutique\/\"},{\"@type\":\"ListItem\",\"position\":3,\"name\":\"NEW &#8211; Atelier Propri\u00e9t\u00e9 intellectuelle\"}]},{\"@type\":\"WebSite\",\"@id\":\"https:\/\/empow-her.com\/#website\",\"url\":\"https:\/\/empow-her.com\/\",\"name\":\"Empow&#039;Her\",\"description\":\"Women Development\",\"potentialAction\":[{\"@type\":\"SearchAction\",\"target\":{\"@type\":\"EntryPoint\",\"urlTemplate\":\"https:\/\/empow-her.com\/?s={search_term_string}\"},\"query-input\":{\"@type\":\"PropertyValueSpecification\",\"valueRequired\":true,\"valueName\":\"search_term_string\"}}],\"inLanguage\":\"en-US\"}]}<\/script>\n<!-- \/ Yoast SEO plugin. -->","yoast_head_json":{"title":"NEW - Atelier Propri\u00e9t\u00e9 intellectuelle - Empow&#039;Her","robots":{"index":"index","follow":"follow","max-snippet":"max-snippet:-1","max-image-preview":"max-image-preview:large","max-video-preview":"max-video-preview:-1"},"canonical":"https:\/\/empow-her.com\/produit\/new-atelier-propriete-intellectuelle\/","og_locale":"en_US","og_type":"article","og_title":"NEW - Atelier Propri\u00e9t\u00e9 intellectuelle - Empow&#039;Her","og_description":"Description :  Je lance mon activit\u00e9 et je suis perdue dans les contrats \u00e0 mettre en place ?  J\u2019ai besoin de savoir si je dois r\u00e9diger des CGV, des CGA, des CGU, une politique de confidentialit\u00e9 ?  Cet atelier pr\u00e9sente les contrats principaux inh\u00e9rents \u00e0 une activit\u00e9 commerciale, afin de permettre aux porteuses de projet d'identifier les clauses contractuelles indispensables. L'atelier inclut \u00e9galement une introduction \u00e0 la protection des donn\u00e9es personnelles au regard du RGPD.  Dans cet atelier, nous r\u00e9fl\u00e9chirons ensemble sur ce qu\u2019est une marque pour en comprendre les diff\u00e9rentes dimensions et vous exp\u00e9rimenterez des outils qui vous permettront de travailler sur votre positionnement de marque, de choisir les codes de votre identit\u00e9 et d\u2019initier vos strat\u00e9gies !  \u2022 Qu\u2019est-ce qu\u2019une marque ?  \u2022 Comment et pourquoi se positionner ?  \u2022 Mise en pratique \u00e0 travers l\u2019analyse des discours de la concurrence \u2022 Comment d\u00e9finir l\u2019identit\u00e9 de ma marque et mon territoire d\u2019expression  Intervenant.e : Impact Lawyers  Pr\u00e9-requis :Pour cet atelier, il est recommand\u00e9 d\u2019avoir d\u00e9j\u00e0 r\u00e9fl\u00e9chi sur la propri\u00e9t\u00e9 intellectuelle du projet et comment la prot\u00e9ger.   Lieu : Sist'Her Paris, 82 rue du Faubourg Saint-Martin  Attention ! Veuillez vous pr\u00e9senter \u00e0 l'heure pour que l'activit\u00e9 puisse commencer \u00e0 temps. Si vous avez du retard veuillez pr\u00e9venir l'intervenant.e. Si vous avez plus de 15 min de retard l'intervenant.e se r\u00e9serve le droit de ne plus vous accepter pour le coaching ou l'atelier.","og_url":"https:\/\/empow-her.com\/produit\/new-atelier-propriete-intellectuelle\/","og_site_name":"Empow&#039;Her","article_modified_time":"2023-06-01T12:19:40+00:00","og_image":[{"width":1080,"height":1080,"url":"https:\/\/empow-her.com\/wp-content\/uploads\/2023\/06\/Women-Dare-templates-events-2023-06-01T120950.654.png","type":"image\/png"}],"twitter_card":"summary_large_image","twitter_misc":{"Est. reading time":"2 minutes"},"schema":{"@context":"https:\/\/schema.org","@graph":[{"@type":"WebPage","@id":"https:\/\/empow-her.com\/produit\/new-atelier-propriete-intellectuelle\/","url":"https:\/\/empow-her.com\/produit\/new-atelier-propriete-intellectuelle\/","name":"NEW - Atelier Propri\u00e9t\u00e9 intellectuelle - Empow&#039;Her","isPartOf":{"@id":"https:\/\/empow-her.com\/#website"},"primaryImageOfPage":{"@id":"https:\/\/empow-her.com\/produit\/new-atelier-propriete-intellectuelle\/#primaryimage"},"image":{"@id":"https:\/\/empow-her.com\/produit\/new-atelier-propriete-intellectuelle\/#primaryimage"},"thumbnailUrl":"https:\/\/empow-her.com\/wp-content\/uploads\/2023\/06\/Women-Dare-templates-events-2023-06-01T120950.654.png","datePublished":"2023-06-01T10:11:02+00:00","dateModified":"2023-06-01T12:19:40+00:00","breadcrumb":{"@id":"https:\/\/empow-her.com\/produit\/new-atelier-propriete-intellectuelle\/#breadcrumb"},"inLanguage":"en-US","potentialAction":[{"@type":"ReadAction","target":["https:\/\/empow-her.com\/produit\/new-atelier-propriete-intellectuelle\/"]}]},{"@type":"ImageObject","inLanguage":"en-US","@id":"https:\/\/empow-her.com\/produit\/new-atelier-propriete-intellectuelle\/#primaryimage","url":"https:\/\/empow-her.com\/wp-content\/uploads\/2023\/06\/Women-Dare-templates-events-2023-06-01T120950.654.png","contentUrl":"https:\/\/empow-her.com\/wp-content\/uploads\/2023\/06\/Women-Dare-templates-events-2023-06-01T120950.654.png","width":1080,"height":1080},{"@type":"BreadcrumbList","@id":"https:\/\/empow-her.com\/produit\/new-atelier-propriete-intellectuelle\/#breadcrumb","itemListElement":[{"@type":"ListItem","position":1,"name":"Accueil","item":"https:\/\/empow-her.com\/en\/landing-page\/"},{"@type":"ListItem","position":2,"name":"LA BOUTIQUE","item":"https:\/\/empow-her.com\/boutique\/"},{"@type":"ListItem","position":3,"name":"NEW &#8211; Atelier Propri\u00e9t\u00e9 intellectuelle"}]},{"@type":"WebSite","@id":"https:\/\/empow-her.com\/#website","url":"https:\/\/empow-her.com\/","name":"Empow&#039;Her","description":"Women Development","potentialAction":[{"@type":"SearchAction","target":{"@type":"EntryPoint","urlTemplate":"https:\/\/empow-her.com\/?s={search_term_string}"},"query-input":{"@type":"PropertyValueSpecification","valueRequired":true,"valueName":"search_term_string"}}],"inLanguage":"en-US"}]}},"_links":{"self":[{"href":"https:\/\/empow-her.com\/en\/wp-json\/wp\/v2\/product\/170988","targetHints":{"allow":["GET"]}}],"collection":[{"href":"https:\/\/empow-her.com\/en\/wp-json\/wp\/v2\/product"}],"about":[{"href":"https:\/\/empow-her.com\/en\/wp-json\/wp\/v2\/types\/product"}],"wp:featuredmedia":[{"embeddable":true,"href":"https:\/\/empow-her.com\/en\/wp-json\/wp\/v2\/media\/170989"}],"wp:attachment":[{"href":"https:\/\/empow-her.com\/en\/wp-json\/wp\/v2\/media?parent=170988"}],"wp:term":[{"taxonomy":"product_brand","embeddable":true,"href":"https:\/\/empow-her.com\/en\/wp-json\/wp\/v2\/product_brand?post=170988"},{"taxonomy":"product_cat","embeddable":true,"href":"https:\/\/empow-her.com\/en\/wp-json\/wp\/v2\/product_cat?post=170988"},{"taxonomy":"product_tag","embeddable":true,"href":"https:\/\/empow-her.com\/en\/wp-json\/wp\/v2\/product_tag?post=170988"},{"taxonomy":"lieu","embeddable":true,"href":"https:\/\/empow-her.com\/en\/wp-json\/wp\/v2\/lieu?post=170988"},{"taxonomy":"thematiques","embeddable":true,"href":"https:\/\/empow-her.com\/en\/wp-json\/wp\/v2\/thematiques?post=170988"}],"curies":[{"name":"wp","href":"https:\/\/api.w.org\/{rel}","templated":true}]}}