{"id":17098,"date":"2021-09-08T19:04:37","date_gmt":"2021-09-08T17:04:37","guid":{"rendered":"https:\/\/empow-her.com\/?post_type=product&#038;p=17098"},"modified":"2021-10-07T18:51:07","modified_gmt":"2021-10-07T16:51:07","slug":"shetalk-elles-boostent-le-pouvoir-entrepreneurial-des-femmes","status":"publish","type":"product","link":"https:\/\/empow-her.com\/en\/produit\/shetalk-elles-boostent-le-pouvoir-entrepreneurial-des-femmes\/","title":{"rendered":"SheTalks : Elles boostent le pouvoir entrepreneurial des femmes"},"content":{"rendered":"<p>Seulement 30% des femmes entreprennent en France contre 70% des hommes&#8230;<\/p>\n<p>Entre peur d&#8217;entreprendre, peur de ne pas pouvoir se payer, peur de l&#8217;\u00e9chec financier, le manque de confiance en soi, le manque de r\u00e9seau ou le manque de financement, les femmes ont plus de mal \u00e0 franchir le cap de l&#8217;entrepreneuriat. &#x1f680;<\/p>\n<p>Incapable, ill\u00e9gitime, inapte, ing\u00e9rable, impossible&#8230; Cr\u00e9ation d&#8217;entreprise rime avec casse t\u00eate&#8230; &#x1f92f;<\/p>\n<p>C&#8217;est ce contre quoi nous luttons tous les jours chez Empow&#8217;her : Rendre l&#8217;entrepreneuriat plus accessible aux femmes et leur permettre ainsi de s&#8217;\u00e9manciper \u00e9conomiquement. &#x1f513;<\/p>\n<p>Nous vous donnons rendez-vous le Lundi 11 Octobre pour un SheTalks mettant en lumi\u00e8re les femmes qui boostent le pouvoir entrepreneurial des femmes. Elles agissent tous les jours pour mettre en lumi\u00e8re les freins \u00e0 l&#8217;entrepreneuriat des femmes, elle les accompagne, les connecte, leur redonne confiance en elles pour qu&#8217;elles puissent voler de leur propres ailes dans le monde de l&#8217;entrepreneuriat.<\/p>\n<p>Comme ce sujet nous tient \u00e0 coeur, pour l&#8217;occasion, nous avons invit\u00e9 Chalotte Faubert de Plotfox \u00e0 venir projeter sa web s\u00e9rie Impertinentes &#8211; Histoires de femmes entrepreneures : portrait croise\u0301 de 3 femmes entrepreneures franc\u0327aises qui racontent leur parcours entrepreneurial (Mercedes Erra, Anai\u0308s Lerma et Le\u0301a Thomassin). Elle interroge les facteurs qui freinent les femmes dans l\u2019entrepreneuriat et qui, a\u0300 travers les re\u0301cits des trois entrepreneures, propose des solutions pour les surpasser.<\/p>\n<p>&nbsp;<\/p>\n<p>Programme :<\/p>\n<p><strong>&#8211; 18h30-19h : <\/strong>Projection de la web-s\u00e9rie Impertinentes &#8211; Histoire de femmes entrepreneures<\/p>\n<p><strong>&#8211; 19h-20h :<\/strong> SheTalk &#8220;Elles boostent le pouvoir entrepreneurial des femmes&#8221;<\/p>\n<p>anim\u00e9 par Morgane Lang, Responsable du programme Women Dare chez Empow&#8217;her, et avec :<\/p>\n<div class=\"\" data-block=\"true\" data-editor=\"d1srm\" data-offset-key=\"2ucr3-0-0\">\n<ul>\n<li class=\"_1mf _1mj\" data-offset-key=\"2ucr3-0-0\"><span data-offset-key=\"2ucr3-0-0\">Charlotte Faubert, co-fondatrice de <\/span><span class=\"diy96o5h\" spellcheck=\"false\" data-offset-key=\"2ucr3-1-0\"><span data-offset-key=\"2ucr3-1-0\">Plotfox<\/span><\/span><span data-offset-key=\"2ucr3-2-0\"> et r\u00e9alisatrice de la webs\u00e9rie &#8220;Impertinentes &#8211; Histoires de femmes entrepreneures&#8221;<\/span><\/li>\n<li class=\"_1mf _1mj\" data-offset-key=\"2ucr3-0-0\"><span data-offset-key=\"700rm-0-0\">Annabelle Roberts, co-fondatrice de l&#8217;agence <\/span><span class=\"diy96o5h\" spellcheck=\"false\" data-offset-key=\"700rm-1-0\"><span data-offset-key=\"700rm-1-0\">Present Perfect<\/span><\/span><span data-offset-key=\"700rm-2-0\"> et autrice de &#8220;La Th\u00e9orie De La Veste&#8221;<\/span><\/li>\n<li class=\"_1mf _1mj\" data-offset-key=\"2ucr3-0-0\"><span data-offset-key=\"7j0p8-0-0\">Ana\u00efs Lerma, fondatrice du blog <\/span><span class=\"diy96o5h\" spellcheck=\"false\" data-offset-key=\"7j0p8-1-0\"><span data-offset-key=\"7j0p8-1-0\">Parisianavores<\/span><\/span><span data-offset-key=\"7j0p8-2-0\"> et de l&#8217;application PariGoAway<\/span><\/li>\n<\/ul>\n<\/div>\n<p><strong>&#8211; 20h-21h :<\/strong> \u00c9change avec les intervenantes autour d&#8217;un verre<\/p>\n<p>&nbsp;<\/p>\n<p>&#x1f516; <strong>R\u00e9servation gratuite obligatoire <\/strong><\/p>\n<p>&nbsp;<\/p>\n<p>&#x1f4cd; <strong>Sist&#8217;her Paris<\/strong>, 82 rue du Faubourg St Martin<br \/>\nOuvert en mars 2021, Sist\u2019Her est le premier tiers-lieu d\u00e9di\u00e9 \u00e0 toutes celles qui souhaitent fa\u00e7onner le monde &#x1f30e;. Port\u00e9 par l\u2019association Empow\u2019Her, c\u2019est un lieu de vie bienveillant et joyeux, ouvert \u00e0 tou\u00b7te\u00b7s o\u00f9 il est possible de se former, cr\u00e9er et se rencontrer. &#x1f3e1;<\/p>\n<p>&nbsp;<\/p>\n<p>Ce projet est co-financ\u00e9 par le Fonds Social Europ\u00e9en.<\/p>\n<p><img decoding=\"async\" class=\"\" src=\"https:\/\/www.sep-asso.fr\/wp-content\/uploads\/2018\/02\/logo-union-europeenne.png\" alt=\"logo union europeenne \u2013 SEP\" width=\"87\" height=\"72\" \/>\u00a0\u00a0<img decoding=\"async\" class=\"alignnone wp-image-15218\" src=\"https:\/\/empow-her.com\/wp-content\/uploads\/2021\/06\/logo_fonds_social_europeen-300x187.png\" alt=\"\" width=\"104\" height=\"65\" srcset=\"https:\/\/empow-her.com\/wp-content\/uploads\/2021\/06\/logo_fonds_social_europeen-300x187.png 300w, https:\/\/empow-her.com\/wp-content\/uploads\/2021\/06\/logo_fonds_social_europeen-600x375.png 600w, https:\/\/empow-her.com\/wp-content\/uploads\/2021\/06\/logo_fonds_social_europeen-24x15.png 24w, https:\/\/empow-her.com\/wp-content\/uploads\/2021\/06\/logo_fonds_social_europeen-36x22.png 36w, https:\/\/empow-her.com\/wp-content\/uploads\/2021\/06\/logo_fonds_social_europeen-48x30.png 48w, https:\/\/empow-her.com\/wp-content\/uploads\/2021\/06\/logo_fonds_social_europeen.png 666w\" sizes=\"(max-width: 104px) 100vw, 104px\" \/> <img decoding=\"async\" class=\"\" src=\"https:\/\/franceactive-idf.org\/wp-content\/uploads\/2020\/02\/logo-region-ile-de-france.png\" alt=\"Logo Region Ile De France - France Active \u00cele-de-France\" width=\"126\" height=\"29\" \/><\/p>\n","protected":false},"excerpt":{"rendered":"<p>Seulement 30% des femmes entreprennent en France contre 70% des hommes&#8230;<\/p>\n<p>Entre peur d&#8217;entreprendre, peur de ne pas pouvoir se payer, peur de l&#8217;\u00e9chec financier, le manque de confiance en soi, le manque de r\u00e9seau ou le manque de financement, les femmes ont plus de mal \u00e0 franchir le pas de l&#8217;entrepreneuriat.<\/p>\n<p>Incapable, ill\u00e9gitime, inapte, ing\u00e9rable, impossible&#8230; Cr\u00e9ation d&#8217;entreprise rime avec casse t\u00eate&#8230;<\/p>\n<p>C&#8217;est ce contre quoi nous luttons tous les jours chez Empow&#8217;her : Rendre l&#8217;entrepreneuriat plus accessible aux femmes et leur permettre ainsi de s&#8217;\u00e9manciper \u00e9conomiquement.<\/p>\n<p>Nous vous donnons rendez-vous le Lundi 11 Octobre pour un SheTalk mettant en lumi\u00e8re les femmes qui boostent le pouvoir entrepreneurial des femmes. Elles agissent tous les jours pour mettre en lumi\u00e8re les freins \u00e0 l&#8217;entrepreneuriat des femmes, elle les accompagne, les connecte, leur redonne confiance en elles pour qu&#8217;elles puissent voler de leur propres ailes dans le monde de l&#8217;entrepreneuriat.<\/p>\n<p>Comme ce sujet nous tient \u00e0 coeur, pour l&#8217;occasion, nous avons invit\u00e9 Chalotte Faubert de Plotfox \u00e0 venir projeter sa web s\u00e9rie Impertinentes &#8211; Histoires de femmes entrepreneures : portrait croise\u0301 de 3 femmes entrepreneures franc\u0327aises qui racontent leur parcours entrepreneurial (Mercedes Erra, Anai\u0308s Lerma et Le\u0301a Thomassin). Elle interroge les facteurs qui freinent les femmes dans l\u2019entrepreneuriat et qui, a\u0300 travers les re\u0301cits des trois entrepreneures, propose des solutions pour les surpasser.<\/p>\n<p>&nbsp;<\/p>\n<p>Programme :<\/p>\n<p><strong>&#8211; 18h30-19h : <\/strong>Projection de la web-s\u00e9rie Impertinentes &#8211; Histoire de femmes entrepreneures<\/p>\n<p><strong>&#8211; 19h-20h :<\/strong> SheTalk &#8220;Elles boostent le pouvoir entrepreneurial des femmes&#8221;<\/p>\n<p>anim\u00e9 par Morgan Lang, Responsable du programme Women Dare chez Empow&#8217;her<\/p>\n<p>avec Charlotte Faubert, r\u00e9alisatrice de la web-s\u00e9rie Impertinentes<\/p>\n<p>Autres intervenantes TBA<\/p>\n<p><strong>&#8211; 20h-21h :<\/strong> \u00c9change avec les intervenantes autour d&#8217;un verre<\/p>\n<p>&nbsp;<\/p>\n<p>&#x1f516; <strong>R\u00e9servation gratuite obligatoire <\/strong><\/p>\n<p>&nbsp;<\/p>\n<p>&#x1f4cd; <strong>Sist&#8217;her Paris<\/strong>, 82 rue du Faubourg St Martin<br \/>\nOuvert en mars 2021, Sist\u2019Her est le premier tiers-lieu d\u00e9di\u00e9 \u00e0 toutes celles qui souhaitent fa\u00e7onner le monde &#x1f30e;. Port\u00e9 par l\u2019association Empow\u2019Her, c\u2019est un lieu de vie bienveillant et joyeux, ouvert \u00e0 tou\u00b7te\u00b7s o\u00f9 il est possible de se former, cr\u00e9er et se rencontrer. &#x1f3e1;<\/p>\n<p>&nbsp;<\/p>\n<p>Ce projet est co-financ\u00e9 par le Fonds Social Europ\u00e9en.<\/p>\n<p><img decoding=\"async\" class=\"\" src=\"https:\/\/www.sep-asso.fr\/wp-content\/uploads\/2018\/02\/logo-union-europeenne.png\" alt=\"logo union europeenne \u2013 SEP\" width=\"87\" height=\"72\" \/>\u00a0\u00a0<img decoding=\"async\" class=\"alignnone wp-image-15218\" src=\"https:\/\/empow-her.com\/wp-content\/uploads\/2021\/06\/logo_fonds_social_europeen-300x187.png\" alt=\"\" width=\"104\" height=\"65\" srcset=\"https:\/\/empow-her.com\/wp-content\/uploads\/2021\/06\/logo_fonds_social_europeen-300x187.png 300w, https:\/\/empow-her.com\/wp-content\/uploads\/2021\/06\/logo_fonds_social_europeen-600x375.png 600w, https:\/\/empow-her.com\/wp-content\/uploads\/2021\/06\/logo_fonds_social_europeen-24x15.png 24w, https:\/\/empow-her.com\/wp-content\/uploads\/2021\/06\/logo_fonds_social_europeen-36x22.png 36w, https:\/\/empow-her.com\/wp-content\/uploads\/2021\/06\/logo_fonds_social_europeen-48x30.png 48w, https:\/\/empow-her.com\/wp-content\/uploads\/2021\/06\/logo_fonds_social_europeen.png 666w\" sizes=\"(max-width: 104px) 100vw, 104px\" \/> <img decoding=\"async\" class=\"\" src=\"https:\/\/franceactive-idf.org\/wp-content\/uploads\/2020\/02\/logo-region-ile-de-france.png\" alt=\"Logo Region Ile De France - France Active \u00cele-de-France\" width=\"126\" height=\"29\" \/><\/p>\n","protected":false},"featured_media":17102,"template":"","format":"standard","meta":{"_acf_changed":false,"om_disable_all_campaigns":false,"_uf_show_specific_survey":0,"_uf_disable_surveys":false},"product_brand":[],"product_cat":[119],"product_tag":[],"lieu":[127],"thematiques":[],"class_list":{"0":"post-17098","1":"product","2":"type-product","3":"status-publish","4":"format-standard","5":"has-post-thumbnail","7":"product_cat-evenement-sisther","8":"lieu-hub-empowher","10":"first","11":"instock","12":"virtual","13":"purchasable","14":"product-type-appointment"},"exclude_global_add_ons":[],"addons":[],"acf":[],"yoast_head":"<!-- This site is optimized with the Yoast SEO plugin v24.8 - https:\/\/yoast.com\/wordpress\/plugins\/seo\/ -->\n<title>SheTalks : Elles boostent le pouvoir entrepreneurial des femmes - Empow&#039;Her<\/title>\n<meta name=\"robots\" content=\"index, follow, max-snippet:-1, max-image-preview:large, max-video-preview:-1\" \/>\n<link rel=\"canonical\" href=\"https:\/\/empow-her.com\/es\/produit\/shetalk-elles-boostent-le-pouvoir-entrepreneurial-des-femmes\/\" \/>\n<meta property=\"og:locale\" content=\"en_US\" \/>\n<meta property=\"og:type\" content=\"article\" \/>\n<meta property=\"og:title\" content=\"SheTalks : Elles boostent le pouvoir entrepreneurial des femmes - Empow&#039;Her\" \/>\n<meta property=\"og:description\" content=\"Seulement 30% des femmes entreprennent en France contre 70% des hommes...  Entre peur d&#039;entreprendre, peur de ne pas pouvoir se payer, peur de l&#039;\u00e9chec financier, le manque de confiance en soi, le manque de r\u00e9seau ou le manque de financement, les femmes ont plus de mal \u00e0 franchir le pas de l&#039;entrepreneuriat.  Incapable, ill\u00e9gitime, inapte, ing\u00e9rable, impossible... Cr\u00e9ation d&#039;entreprise rime avec casse t\u00eate...  C&#039;est ce contre quoi nous luttons tous les jours chez Empow&#039;her : Rendre l&#039;entrepreneuriat plus accessible aux femmes et leur permettre ainsi de s&#039;\u00e9manciper \u00e9conomiquement.  Nous vous donnons rendez-vous le Lundi 11 Octobre pour un SheTalk mettant en lumi\u00e8re les femmes qui boostent le pouvoir entrepreneurial des femmes. Elles agissent tous les jours pour mettre en lumi\u00e8re les freins \u00e0 l&#039;entrepreneuriat des femmes, elle les accompagne, les connecte, leur redonne confiance en elles pour qu&#039;elles puissent voler de leur propres ailes dans le monde de l&#039;entrepreneuriat.  Comme ce sujet nous tient \u00e0 coeur, pour l&#039;occasion, nous avons invit\u00e9 Chalotte Faubert de Plotfox \u00e0 venir projeter sa web s\u00e9rie Impertinentes - Histoires de femmes entrepreneures : portrait croise\u0301 de 3 femmes entrepreneures franc\u0327aises qui racontent leur parcours entrepreneurial (Mercedes Erra, Anai\u0308s Lerma et Le\u0301a Thomassin). Elle interroge les facteurs qui freinent les femmes dans l\u2019entrepreneuriat et qui, a\u0300 travers les re\u0301cits des trois entrepreneures, propose des solutions pour les surpasser.  &nbsp;  Programme :  - 18h30-19h : Projection de la web-s\u00e9rie Impertinentes - Histoire de femmes entrepreneures  - 19h-20h : SheTalk &quot;Elles boostent le pouvoir entrepreneurial des femmes&quot;  anim\u00e9 par Morgan Lang, Responsable du programme Women Dare chez Empow&#039;her  avec Charlotte Faubert, r\u00e9alisatrice de la web-s\u00e9rie Impertinentes  Autres intervenantes TBA  - 20h-21h : \u00c9change avec les intervenantes autour d&#039;un verre  &nbsp;  &#x1f516; R\u00e9servation gratuite obligatoire   &nbsp;  &#x1f4cd; Sist&#039;her Paris, 82 rue du Faubourg St Martin Ouvert en mars 2021, Sist\u2019Her est le premier tiers-lieu d\u00e9di\u00e9 \u00e0 toutes celles qui souhaitent fa\u00e7onner le monde &#x1f30e;. Port\u00e9 par l\u2019association Empow\u2019Her, c\u2019est un lieu de vie bienveillant et joyeux, ouvert \u00e0 tou\u00b7te\u00b7s o\u00f9 il est possible de se former, cr\u00e9er et se rencontrer. &#x1f3e1;  &nbsp;  Ce projet est co-financ\u00e9 par le Fonds Social Europ\u00e9en.  \u00a0\u00a0\" \/>\n<meta property=\"og:url\" content=\"https:\/\/empow-her.com\/es\/produit\/shetalk-elles-boostent-le-pouvoir-entrepreneurial-des-femmes\/\" \/>\n<meta property=\"og:site_name\" content=\"Empow&#039;Her\" \/>\n<meta property=\"article:modified_time\" content=\"2021-10-07T16:51:07+00:00\" \/>\n<meta property=\"og:image\" content=\"https:\/\/empow-her.com\/wp-content\/uploads\/2021\/09\/STICKER-SISTHER10.png\" \/>\n\t<meta property=\"og:image:width\" content=\"1080\" \/>\n\t<meta property=\"og:image:height\" content=\"1080\" \/>\n\t<meta property=\"og:image:type\" content=\"image\/png\" \/>\n<meta name=\"twitter:card\" content=\"summary_large_image\" \/>\n<meta name=\"twitter:label1\" content=\"Est. reading time\" \/>\n\t<meta name=\"twitter:data1\" content=\"3 minutes\" \/>\n<script type=\"application\/ld+json\" class=\"yoast-schema-graph\">{\"@context\":\"https:\/\/schema.org\",\"@graph\":[{\"@type\":\"WebPage\",\"@id\":\"https:\/\/empow-her.com\/es\/produit\/shetalk-elles-boostent-le-pouvoir-entrepreneurial-des-femmes\/\",\"url\":\"https:\/\/empow-her.com\/es\/produit\/shetalk-elles-boostent-le-pouvoir-entrepreneurial-des-femmes\/\",\"name\":\"SheTalks : Elles boostent le pouvoir entrepreneurial des femmes - Empow&#039;Her\",\"isPartOf\":{\"@id\":\"https:\/\/empow-her.com\/#website\"},\"primaryImageOfPage\":{\"@id\":\"https:\/\/empow-her.com\/es\/produit\/shetalk-elles-boostent-le-pouvoir-entrepreneurial-des-femmes\/#primaryimage\"},\"image\":{\"@id\":\"https:\/\/empow-her.com\/es\/produit\/shetalk-elles-boostent-le-pouvoir-entrepreneurial-des-femmes\/#primaryimage\"},\"thumbnailUrl\":\"https:\/\/empow-her.com\/wp-content\/uploads\/2021\/09\/STICKER-SISTHER10.png\",\"datePublished\":\"2021-09-08T17:04:37+00:00\",\"dateModified\":\"2021-10-07T16:51:07+00:00\",\"breadcrumb\":{\"@id\":\"https:\/\/empow-her.com\/es\/produit\/shetalk-elles-boostent-le-pouvoir-entrepreneurial-des-femmes\/#breadcrumb\"},\"inLanguage\":\"en-US\",\"potentialAction\":[{\"@type\":\"ReadAction\",\"target\":[\"https:\/\/empow-her.com\/es\/produit\/shetalk-elles-boostent-le-pouvoir-entrepreneurial-des-femmes\/\"]}]},{\"@type\":\"ImageObject\",\"inLanguage\":\"en-US\",\"@id\":\"https:\/\/empow-her.com\/es\/produit\/shetalk-elles-boostent-le-pouvoir-entrepreneurial-des-femmes\/#primaryimage\",\"url\":\"https:\/\/empow-her.com\/wp-content\/uploads\/2021\/09\/STICKER-SISTHER10.png\",\"contentUrl\":\"https:\/\/empow-her.com\/wp-content\/uploads\/2021\/09\/STICKER-SISTHER10.png\",\"width\":1080,\"height\":1080},{\"@type\":\"BreadcrumbList\",\"@id\":\"https:\/\/empow-her.com\/es\/produit\/shetalk-elles-boostent-le-pouvoir-entrepreneurial-des-femmes\/#breadcrumb\",\"itemListElement\":[{\"@type\":\"ListItem\",\"position\":1,\"name\":\"Accueil\",\"item\":\"https:\/\/empow-her.com\/en\/landing-page\/\"},{\"@type\":\"ListItem\",\"position\":2,\"name\":\"LA BOUTIQUE\",\"item\":\"https:\/\/empow-her.com\/boutique\/\"},{\"@type\":\"ListItem\",\"position\":3,\"name\":\"SheTalks : Elles boostent le pouvoir entrepreneurial des femmes\"}]},{\"@type\":\"WebSite\",\"@id\":\"https:\/\/empow-her.com\/#website\",\"url\":\"https:\/\/empow-her.com\/\",\"name\":\"Empow&#039;Her\",\"description\":\"Women Development\",\"potentialAction\":[{\"@type\":\"SearchAction\",\"target\":{\"@type\":\"EntryPoint\",\"urlTemplate\":\"https:\/\/empow-her.com\/?s={search_term_string}\"},\"query-input\":{\"@type\":\"PropertyValueSpecification\",\"valueRequired\":true,\"valueName\":\"search_term_string\"}}],\"inLanguage\":\"en-US\"}]}<\/script>\n<!-- \/ Yoast SEO plugin. -->","yoast_head_json":{"title":"SheTalks : Elles boostent le pouvoir entrepreneurial des femmes - Empow&#039;Her","robots":{"index":"index","follow":"follow","max-snippet":"max-snippet:-1","max-image-preview":"max-image-preview:large","max-video-preview":"max-video-preview:-1"},"canonical":"https:\/\/empow-her.com\/es\/produit\/shetalk-elles-boostent-le-pouvoir-entrepreneurial-des-femmes\/","og_locale":"en_US","og_type":"article","og_title":"SheTalks : Elles boostent le pouvoir entrepreneurial des femmes - Empow&#039;Her","og_description":"Seulement 30% des femmes entreprennent en France contre 70% des hommes...  Entre peur d'entreprendre, peur de ne pas pouvoir se payer, peur de l'\u00e9chec financier, le manque de confiance en soi, le manque de r\u00e9seau ou le manque de financement, les femmes ont plus de mal \u00e0 franchir le pas de l'entrepreneuriat.  Incapable, ill\u00e9gitime, inapte, ing\u00e9rable, impossible... Cr\u00e9ation d'entreprise rime avec casse t\u00eate...  C'est ce contre quoi nous luttons tous les jours chez Empow'her : Rendre l'entrepreneuriat plus accessible aux femmes et leur permettre ainsi de s'\u00e9manciper \u00e9conomiquement.  Nous vous donnons rendez-vous le Lundi 11 Octobre pour un SheTalk mettant en lumi\u00e8re les femmes qui boostent le pouvoir entrepreneurial des femmes. Elles agissent tous les jours pour mettre en lumi\u00e8re les freins \u00e0 l'entrepreneuriat des femmes, elle les accompagne, les connecte, leur redonne confiance en elles pour qu'elles puissent voler de leur propres ailes dans le monde de l'entrepreneuriat.  Comme ce sujet nous tient \u00e0 coeur, pour l'occasion, nous avons invit\u00e9 Chalotte Faubert de Plotfox \u00e0 venir projeter sa web s\u00e9rie Impertinentes - Histoires de femmes entrepreneures : portrait croise\u0301 de 3 femmes entrepreneures franc\u0327aises qui racontent leur parcours entrepreneurial (Mercedes Erra, Anai\u0308s Lerma et Le\u0301a Thomassin). Elle interroge les facteurs qui freinent les femmes dans l\u2019entrepreneuriat et qui, a\u0300 travers les re\u0301cits des trois entrepreneures, propose des solutions pour les surpasser.  &nbsp;  Programme :  - 18h30-19h : Projection de la web-s\u00e9rie Impertinentes - Histoire de femmes entrepreneures  - 19h-20h : SheTalk \"Elles boostent le pouvoir entrepreneurial des femmes\"  anim\u00e9 par Morgan Lang, Responsable du programme Women Dare chez Empow'her  avec Charlotte Faubert, r\u00e9alisatrice de la web-s\u00e9rie Impertinentes  Autres intervenantes TBA  - 20h-21h : \u00c9change avec les intervenantes autour d'un verre  &nbsp;  &#x1f516; R\u00e9servation gratuite obligatoire   &nbsp;  &#x1f4cd; Sist'her Paris, 82 rue du Faubourg St Martin Ouvert en mars 2021, Sist\u2019Her est le premier tiers-lieu d\u00e9di\u00e9 \u00e0 toutes celles qui souhaitent fa\u00e7onner le monde &#x1f30e;. Port\u00e9 par l\u2019association Empow\u2019Her, c\u2019est un lieu de vie bienveillant et joyeux, ouvert \u00e0 tou\u00b7te\u00b7s o\u00f9 il est possible de se former, cr\u00e9er et se rencontrer. &#x1f3e1;  &nbsp;  Ce projet est co-financ\u00e9 par le Fonds Social Europ\u00e9en.  \u00a0\u00a0","og_url":"https:\/\/empow-her.com\/es\/produit\/shetalk-elles-boostent-le-pouvoir-entrepreneurial-des-femmes\/","og_site_name":"Empow&#039;Her","article_modified_time":"2021-10-07T16:51:07+00:00","og_image":[{"width":1080,"height":1080,"url":"https:\/\/empow-her.com\/wp-content\/uploads\/2021\/09\/STICKER-SISTHER10.png","type":"image\/png"}],"twitter_card":"summary_large_image","twitter_misc":{"Est. reading time":"3 minutes"},"schema":{"@context":"https:\/\/schema.org","@graph":[{"@type":"WebPage","@id":"https:\/\/empow-her.com\/es\/produit\/shetalk-elles-boostent-le-pouvoir-entrepreneurial-des-femmes\/","url":"https:\/\/empow-her.com\/es\/produit\/shetalk-elles-boostent-le-pouvoir-entrepreneurial-des-femmes\/","name":"SheTalks : Elles boostent le pouvoir entrepreneurial des femmes - Empow&#039;Her","isPartOf":{"@id":"https:\/\/empow-her.com\/#website"},"primaryImageOfPage":{"@id":"https:\/\/empow-her.com\/es\/produit\/shetalk-elles-boostent-le-pouvoir-entrepreneurial-des-femmes\/#primaryimage"},"image":{"@id":"https:\/\/empow-her.com\/es\/produit\/shetalk-elles-boostent-le-pouvoir-entrepreneurial-des-femmes\/#primaryimage"},"thumbnailUrl":"https:\/\/empow-her.com\/wp-content\/uploads\/2021\/09\/STICKER-SISTHER10.png","datePublished":"2021-09-08T17:04:37+00:00","dateModified":"2021-10-07T16:51:07+00:00","breadcrumb":{"@id":"https:\/\/empow-her.com\/es\/produit\/shetalk-elles-boostent-le-pouvoir-entrepreneurial-des-femmes\/#breadcrumb"},"inLanguage":"en-US","potentialAction":[{"@type":"ReadAction","target":["https:\/\/empow-her.com\/es\/produit\/shetalk-elles-boostent-le-pouvoir-entrepreneurial-des-femmes\/"]}]},{"@type":"ImageObject","inLanguage":"en-US","@id":"https:\/\/empow-her.com\/es\/produit\/shetalk-elles-boostent-le-pouvoir-entrepreneurial-des-femmes\/#primaryimage","url":"https:\/\/empow-her.com\/wp-content\/uploads\/2021\/09\/STICKER-SISTHER10.png","contentUrl":"https:\/\/empow-her.com\/wp-content\/uploads\/2021\/09\/STICKER-SISTHER10.png","width":1080,"height":1080},{"@type":"BreadcrumbList","@id":"https:\/\/empow-her.com\/es\/produit\/shetalk-elles-boostent-le-pouvoir-entrepreneurial-des-femmes\/#breadcrumb","itemListElement":[{"@type":"ListItem","position":1,"name":"Accueil","item":"https:\/\/empow-her.com\/en\/landing-page\/"},{"@type":"ListItem","position":2,"name":"LA BOUTIQUE","item":"https:\/\/empow-her.com\/boutique\/"},{"@type":"ListItem","position":3,"name":"SheTalks : Elles boostent le pouvoir entrepreneurial des femmes"}]},{"@type":"WebSite","@id":"https:\/\/empow-her.com\/#website","url":"https:\/\/empow-her.com\/","name":"Empow&#039;Her","description":"Women Development","potentialAction":[{"@type":"SearchAction","target":{"@type":"EntryPoint","urlTemplate":"https:\/\/empow-her.com\/?s={search_term_string}"},"query-input":{"@type":"PropertyValueSpecification","valueRequired":true,"valueName":"search_term_string"}}],"inLanguage":"en-US"}]}},"_links":{"self":[{"href":"https:\/\/empow-her.com\/en\/wp-json\/wp\/v2\/product\/17098","targetHints":{"allow":["GET"]}}],"collection":[{"href":"https:\/\/empow-her.com\/en\/wp-json\/wp\/v2\/product"}],"about":[{"href":"https:\/\/empow-her.com\/en\/wp-json\/wp\/v2\/types\/product"}],"wp:featuredmedia":[{"embeddable":true,"href":"https:\/\/empow-her.com\/en\/wp-json\/wp\/v2\/media\/17102"}],"wp:attachment":[{"href":"https:\/\/empow-her.com\/en\/wp-json\/wp\/v2\/media?parent=17098"}],"wp:term":[{"taxonomy":"product_brand","embeddable":true,"href":"https:\/\/empow-her.com\/en\/wp-json\/wp\/v2\/product_brand?post=17098"},{"taxonomy":"product_cat","embeddable":true,"href":"https:\/\/empow-her.com\/en\/wp-json\/wp\/v2\/product_cat?post=17098"},{"taxonomy":"product_tag","embeddable":true,"href":"https:\/\/empow-her.com\/en\/wp-json\/wp\/v2\/product_tag?post=17098"},{"taxonomy":"lieu","embeddable":true,"href":"https:\/\/empow-her.com\/en\/wp-json\/wp\/v2\/lieu?post=17098"},{"taxonomy":"thematiques","embeddable":true,"href":"https:\/\/empow-her.com\/en\/wp-json\/wp\/v2\/thematiques?post=17098"}],"curies":[{"name":"wp","href":"https:\/\/api.w.org\/{rel}","templated":true}]}}