{"id":17088,"date":"2021-09-08T18:38:55","date_gmt":"2021-09-08T16:38:55","guid":{"rendered":"https:\/\/empow-her.com\/?post_type=product&#038;p=17088"},"modified":"2021-10-01T19:30:54","modified_gmt":"2021-10-01T17:30:54","slug":"atelier-crafther-cree-ton-power-mantra","status":"publish","type":"product","link":"https:\/\/empow-her.com\/en\/produit\/atelier-crafther-cree-ton-power-mantra\/","title":{"rendered":"Atelier Craft&#8217;Her : Cr\u00e9\u00e9 ton power mantra !"},"content":{"rendered":"<p>D\u00e9couvre le pouvoir des mots et active le pouvoir qui est en toi ! &#x2728;<\/p>\n<p>Y-Lan de Lettering Cr\u00e9atif t&#8217;invite \u00e0 un atelier pour cr\u00e9er ton propre &#8220;Power Mantra&#8221;. Ram\u00e8ne ta citation ou ton mantra de Girlboss pr\u00e9f\u00e9r\u00e9.e et r\u00e9alise, gr\u00e2ce \u00e0 la technique du lettering cr\u00e9atif une belle affiche qui te reboostera chaque jour &#x1f4aa; Une matin\u00e9e pour te reconnecter \u00e0 ta cr\u00e9ativit\u00e9 et booster ton \u00e9nergie &#x26a1;<\/p>\n<p>&nbsp;<\/p>\n<p>&#x1f516; <strong>R\u00e9servation gratuite obligatoire <\/strong><\/p>\n<p>&nbsp;<\/p>\n<p>&#x1f50e; Zoom sur <a href=\"https:\/\/letteringcreatif.com\">Lettering Cr\u00e9atif<\/a> : Y-Lan est une artiste en lettering fran\u00e7aise, passionn\u00e9e du dessin de lettre sous toutes ses formes. Elle partage sa passion sur les r\u00e9seaux sociaux et sur son blog <a href=\"https:\/\/letteringcreatif.com\">Lettering Cr\u00e9atif<\/a>.<\/p>\n<p>&#x1f4cd; <strong>Sist&#8217;her Paris<\/strong>, 82 rue du Faubourg St Martin<br \/>\nOuvert en mars 2021, Sist\u2019Her est le premier tiers-lieu d\u00e9di\u00e9 \u00e0 toutes celles qui souhaitent fa\u00e7onner le monde &#x1f30e;. Port\u00e9 par l\u2019association Empow\u2019Her, c\u2019est un lieu de vie bienveillant et joyeux, ouvert \u00e0 tou\u00b7te\u00b7s o\u00f9 il est possible de se former, cr\u00e9er et se rencontrer. &#x1f3e1;<\/p>\n<p>&nbsp;<\/p>\n<p>Ce projet est co-financ\u00e9 par le Fonds Social Europ\u00e9en.<\/p>\n<p><img decoding=\"async\" class=\"\" src=\"https:\/\/www.sep-asso.fr\/wp-content\/uploads\/2018\/02\/logo-union-europeenne.png\" alt=\"logo union europeenne \u2013 SEP\" width=\"87\" height=\"72\" \/>\u00a0\u00a0<img decoding=\"async\" class=\"alignnone wp-image-15218\" src=\"https:\/\/empow-her.com\/wp-content\/uploads\/2021\/06\/logo_fonds_social_europeen-300x187.png\" alt=\"\" width=\"104\" height=\"65\" srcset=\"https:\/\/empow-her.com\/wp-content\/uploads\/2021\/06\/logo_fonds_social_europeen-300x187.png 300w, https:\/\/empow-her.com\/wp-content\/uploads\/2021\/06\/logo_fonds_social_europeen-600x375.png 600w, https:\/\/empow-her.com\/wp-content\/uploads\/2021\/06\/logo_fonds_social_europeen-24x15.png 24w, https:\/\/empow-her.com\/wp-content\/uploads\/2021\/06\/logo_fonds_social_europeen-36x22.png 36w, https:\/\/empow-her.com\/wp-content\/uploads\/2021\/06\/logo_fonds_social_europeen-48x30.png 48w, https:\/\/empow-her.com\/wp-content\/uploads\/2021\/06\/logo_fonds_social_europeen.png 666w\" sizes=\"(max-width: 104px) 100vw, 104px\" \/> <img decoding=\"async\" class=\"\" src=\"https:\/\/franceactive-idf.org\/wp-content\/uploads\/2020\/02\/logo-region-ile-de-france.png\" alt=\"Logo Region Ile De France - France Active \u00cele-de-France\" width=\"126\" height=\"29\" \/><\/p>\n","protected":false},"excerpt":{"rendered":"<p>D\u00e9couvre le pouvoir des mots et active le pouvoir qui est en toi ! &#x2728;<\/p>\n<p>Y-Lan de Lettering Cr\u00e9atif t&#8217;invite \u00e0 un atelier pour cr\u00e9er ton propre &#8220;Power Mantra&#8221;. Ram\u00e8ne ta citation ou ton mantra de Girlboss pr\u00e9f\u00e9r\u00e9.e et r\u00e9alise, gr\u00e2ce \u00e0 la technique du lettering cr\u00e9atif une belle affiche qui te reboostera chaque jour &#x1f4aa; Une matin\u00e9e pour te reconnecter \u00e0 ta cr\u00e9ativit\u00e9 et booster ton \u00e9nergie &#x26a1;<\/p>\n<p>&nbsp;<\/p>\n<p>&#x1f516; <strong>R\u00e9servation gratuite obligatoire <\/strong><\/p>\n<p>&nbsp;<\/p>\n<p>&#x1f50e; Zoom sur <a href=\"https:\/\/letteringcreatif.com\">Lettering Cr\u00e9atif<\/a> : Y-Lan est une artiste en lettering fran\u00e7aise, passionn\u00e9e du dessin de lettre sous toutes ses formes. Elle partage sa passion sur les r\u00e9seaux sociaux et sur son blog <a href=\"https:\/\/letteringcreatif.com\">Lettering Cr\u00e9atif<\/a>.<\/p>\n<p>&#x1f4cd; <strong>Sist&#8217;her Paris<\/strong>, 82 rue du Faubourg St Martin<br \/>\nOuvert en mars 2021, Sist\u2019Her est le premier tiers-lieu d\u00e9di\u00e9 \u00e0 toutes celles qui souhaitent fa\u00e7onner le monde &#x1f30e;. Port\u00e9 par l\u2019association Empow\u2019Her, c\u2019est un lieu de vie bienveillant et joyeux, ouvert \u00e0 tou\u00b7te\u00b7s o\u00f9 il est possible de se former, cr\u00e9er et se rencontrer. &#x1f3e1;<\/p>\n<p>&nbsp;<\/p>\n<p>Ce projet est co-financ\u00e9 par le Fonds Social Europ\u00e9en.<\/p>\n<p><img decoding=\"async\" class=\"\" src=\"https:\/\/www.sep-asso.fr\/wp-content\/uploads\/2018\/02\/logo-union-europeenne.png\" alt=\"logo union europeenne \u2013 SEP\" width=\"87\" height=\"72\" \/>\u00a0\u00a0<img decoding=\"async\" class=\"alignnone wp-image-15218\" src=\"https:\/\/empow-her.com\/wp-content\/uploads\/2021\/06\/logo_fonds_social_europeen-300x187.png\" alt=\"\" width=\"104\" height=\"65\" srcset=\"https:\/\/empow-her.com\/wp-content\/uploads\/2021\/06\/logo_fonds_social_europeen-300x187.png 300w, https:\/\/empow-her.com\/wp-content\/uploads\/2021\/06\/logo_fonds_social_europeen-600x375.png 600w, https:\/\/empow-her.com\/wp-content\/uploads\/2021\/06\/logo_fonds_social_europeen-24x15.png 24w, https:\/\/empow-her.com\/wp-content\/uploads\/2021\/06\/logo_fonds_social_europeen-36x22.png 36w, https:\/\/empow-her.com\/wp-content\/uploads\/2021\/06\/logo_fonds_social_europeen-48x30.png 48w, https:\/\/empow-her.com\/wp-content\/uploads\/2021\/06\/logo_fonds_social_europeen.png 666w\" sizes=\"(max-width: 104px) 100vw, 104px\" \/> <img decoding=\"async\" class=\"\" src=\"https:\/\/franceactive-idf.org\/wp-content\/uploads\/2020\/02\/logo-region-ile-de-france.png\" alt=\"Logo Region Ile De France - France Active \u00cele-de-France\" width=\"126\" height=\"29\" \/><\/p>\n","protected":false},"featured_media":17096,"template":"","format":"standard","meta":{"_acf_changed":false,"om_disable_all_campaigns":false,"_uf_show_specific_survey":0,"_uf_disable_surveys":false},"product_brand":[],"product_cat":[119],"product_tag":[],"lieu":[127],"thematiques":[],"class_list":{"0":"post-17088","1":"product","2":"type-product","3":"status-publish","4":"format-standard","5":"has-post-thumbnail","7":"product_cat-evenement-sisther","8":"lieu-hub-empowher","10":"first","11":"instock","12":"virtual","13":"purchasable","14":"product-type-appointment"},"exclude_global_add_ons":[],"addons":[],"acf":[],"yoast_head":"<!-- This site is optimized with the Yoast SEO plugin v24.8 - https:\/\/yoast.com\/wordpress\/plugins\/seo\/ -->\n<title>Atelier Craft&#039;Her : Cr\u00e9\u00e9 ton power mantra ! - Empow&#039;Her<\/title>\n<meta name=\"robots\" content=\"index, follow, max-snippet:-1, max-image-preview:large, max-video-preview:-1\" \/>\n<link rel=\"canonical\" href=\"https:\/\/empow-her.com\/es\/produit\/atelier-crafther-cree-ton-power-mantra\/\" \/>\n<meta property=\"og:locale\" content=\"en_US\" \/>\n<meta property=\"og:type\" content=\"article\" \/>\n<meta property=\"og:title\" content=\"Atelier Craft&#039;Her : Cr\u00e9\u00e9 ton power mantra ! - Empow&#039;Her\" \/>\n<meta property=\"og:description\" content=\"D\u00e9couvre le pouvoir des mots et active le pouvoir qui est en toi ! &#x2728;  Y-Lan de Lettering Cr\u00e9atif t&#039;invite \u00e0 un atelier pour cr\u00e9er ton propre &quot;Power Mantra&quot;. Ram\u00e8ne ta citation ou ton mantra de Girlboss pr\u00e9f\u00e9r\u00e9.e et r\u00e9alise, gr\u00e2ce \u00e0 la technique du lettering cr\u00e9atif une belle affiche qui te reboostera chaque jour &#x1f4aa; Une matin\u00e9e pour te reconnecter \u00e0 ta cr\u00e9ativit\u00e9 et booster ton \u00e9nergie &#x26a1;  &nbsp;  &#x1f516; R\u00e9servation gratuite obligatoire   &nbsp;  &#x1f50e; Zoom sur Lettering Cr\u00e9atif : Y-Lan est une artiste en lettering fran\u00e7aise, passionn\u00e9e du dessin de lettre sous toutes ses formes. Elle partage sa passion sur les r\u00e9seaux sociaux et sur son blog Lettering Cr\u00e9atif.  &#x1f4cd; Sist&#039;her Paris, 82 rue du Faubourg St Martin Ouvert en mars 2021, Sist\u2019Her est le premier tiers-lieu d\u00e9di\u00e9 \u00e0 toutes celles qui souhaitent fa\u00e7onner le monde &#x1f30e;. Port\u00e9 par l\u2019association Empow\u2019Her, c\u2019est un lieu de vie bienveillant et joyeux, ouvert \u00e0 tou\u00b7te\u00b7s o\u00f9 il est possible de se former, cr\u00e9er et se rencontrer. &#x1f3e1;  &nbsp;  Ce projet est co-financ\u00e9 par le Fonds Social Europ\u00e9en.  \u00a0\u00a0\" \/>\n<meta property=\"og:url\" content=\"https:\/\/empow-her.com\/es\/produit\/atelier-crafther-cree-ton-power-mantra\/\" \/>\n<meta property=\"og:site_name\" content=\"Empow&#039;Her\" \/>\n<meta property=\"article:modified_time\" content=\"2021-10-01T17:30:54+00:00\" \/>\n<meta property=\"og:image\" content=\"https:\/\/empow-her.com\/wp-content\/uploads\/2021\/09\/STICKER-SISTHER9.png\" \/>\n\t<meta property=\"og:image:width\" content=\"1080\" \/>\n\t<meta property=\"og:image:height\" content=\"1080\" \/>\n\t<meta property=\"og:image:type\" content=\"image\/png\" \/>\n<meta name=\"twitter:card\" content=\"summary_large_image\" \/>\n<meta name=\"twitter:label1\" content=\"Est. reading time\" \/>\n\t<meta name=\"twitter:data1\" content=\"2 minutes\" \/>\n<script type=\"application\/ld+json\" class=\"yoast-schema-graph\">{\"@context\":\"https:\/\/schema.org\",\"@graph\":[{\"@type\":\"WebPage\",\"@id\":\"https:\/\/empow-her.com\/es\/produit\/atelier-crafther-cree-ton-power-mantra\/\",\"url\":\"https:\/\/empow-her.com\/es\/produit\/atelier-crafther-cree-ton-power-mantra\/\",\"name\":\"Atelier Craft'Her : Cr\u00e9\u00e9 ton power mantra ! - Empow&#039;Her\",\"isPartOf\":{\"@id\":\"https:\/\/empow-her.com\/#website\"},\"primaryImageOfPage\":{\"@id\":\"https:\/\/empow-her.com\/es\/produit\/atelier-crafther-cree-ton-power-mantra\/#primaryimage\"},\"image\":{\"@id\":\"https:\/\/empow-her.com\/es\/produit\/atelier-crafther-cree-ton-power-mantra\/#primaryimage\"},\"thumbnailUrl\":\"https:\/\/empow-her.com\/wp-content\/uploads\/2021\/09\/STICKER-SISTHER9.png\",\"datePublished\":\"2021-09-08T16:38:55+00:00\",\"dateModified\":\"2021-10-01T17:30:54+00:00\",\"breadcrumb\":{\"@id\":\"https:\/\/empow-her.com\/es\/produit\/atelier-crafther-cree-ton-power-mantra\/#breadcrumb\"},\"inLanguage\":\"en-US\",\"potentialAction\":[{\"@type\":\"ReadAction\",\"target\":[\"https:\/\/empow-her.com\/es\/produit\/atelier-crafther-cree-ton-power-mantra\/\"]}]},{\"@type\":\"ImageObject\",\"inLanguage\":\"en-US\",\"@id\":\"https:\/\/empow-her.com\/es\/produit\/atelier-crafther-cree-ton-power-mantra\/#primaryimage\",\"url\":\"https:\/\/empow-her.com\/wp-content\/uploads\/2021\/09\/STICKER-SISTHER9.png\",\"contentUrl\":\"https:\/\/empow-her.com\/wp-content\/uploads\/2021\/09\/STICKER-SISTHER9.png\",\"width\":1080,\"height\":1080},{\"@type\":\"BreadcrumbList\",\"@id\":\"https:\/\/empow-her.com\/es\/produit\/atelier-crafther-cree-ton-power-mantra\/#breadcrumb\",\"itemListElement\":[{\"@type\":\"ListItem\",\"position\":1,\"name\":\"Accueil\",\"item\":\"https:\/\/empow-her.com\/en\/landing-page\/\"},{\"@type\":\"ListItem\",\"position\":2,\"name\":\"LA BOUTIQUE\",\"item\":\"https:\/\/empow-her.com\/boutique\/\"},{\"@type\":\"ListItem\",\"position\":3,\"name\":\"Atelier Craft&#8217;Her : Cr\u00e9\u00e9 ton power mantra !\"}]},{\"@type\":\"WebSite\",\"@id\":\"https:\/\/empow-her.com\/#website\",\"url\":\"https:\/\/empow-her.com\/\",\"name\":\"Empow&#039;Her\",\"description\":\"Women Development\",\"potentialAction\":[{\"@type\":\"SearchAction\",\"target\":{\"@type\":\"EntryPoint\",\"urlTemplate\":\"https:\/\/empow-her.com\/?s={search_term_string}\"},\"query-input\":{\"@type\":\"PropertyValueSpecification\",\"valueRequired\":true,\"valueName\":\"search_term_string\"}}],\"inLanguage\":\"en-US\"}]}<\/script>\n<!-- \/ Yoast SEO plugin. -->","yoast_head_json":{"title":"Atelier Craft'Her : Cr\u00e9\u00e9 ton power mantra ! - Empow&#039;Her","robots":{"index":"index","follow":"follow","max-snippet":"max-snippet:-1","max-image-preview":"max-image-preview:large","max-video-preview":"max-video-preview:-1"},"canonical":"https:\/\/empow-her.com\/es\/produit\/atelier-crafther-cree-ton-power-mantra\/","og_locale":"en_US","og_type":"article","og_title":"Atelier Craft'Her : Cr\u00e9\u00e9 ton power mantra ! - Empow&#039;Her","og_description":"D\u00e9couvre le pouvoir des mots et active le pouvoir qui est en toi ! &#x2728;  Y-Lan de Lettering Cr\u00e9atif t'invite \u00e0 un atelier pour cr\u00e9er ton propre \"Power Mantra\". Ram\u00e8ne ta citation ou ton mantra de Girlboss pr\u00e9f\u00e9r\u00e9.e et r\u00e9alise, gr\u00e2ce \u00e0 la technique du lettering cr\u00e9atif une belle affiche qui te reboostera chaque jour &#x1f4aa; Une matin\u00e9e pour te reconnecter \u00e0 ta cr\u00e9ativit\u00e9 et booster ton \u00e9nergie &#x26a1;  &nbsp;  &#x1f516; R\u00e9servation gratuite obligatoire   &nbsp;  &#x1f50e; Zoom sur Lettering Cr\u00e9atif : Y-Lan est une artiste en lettering fran\u00e7aise, passionn\u00e9e du dessin de lettre sous toutes ses formes. Elle partage sa passion sur les r\u00e9seaux sociaux et sur son blog Lettering Cr\u00e9atif.  &#x1f4cd; Sist'her Paris, 82 rue du Faubourg St Martin Ouvert en mars 2021, Sist\u2019Her est le premier tiers-lieu d\u00e9di\u00e9 \u00e0 toutes celles qui souhaitent fa\u00e7onner le monde &#x1f30e;. Port\u00e9 par l\u2019association Empow\u2019Her, c\u2019est un lieu de vie bienveillant et joyeux, ouvert \u00e0 tou\u00b7te\u00b7s o\u00f9 il est possible de se former, cr\u00e9er et se rencontrer. &#x1f3e1;  &nbsp;  Ce projet est co-financ\u00e9 par le Fonds Social Europ\u00e9en.  \u00a0\u00a0","og_url":"https:\/\/empow-her.com\/es\/produit\/atelier-crafther-cree-ton-power-mantra\/","og_site_name":"Empow&#039;Her","article_modified_time":"2021-10-01T17:30:54+00:00","og_image":[{"width":1080,"height":1080,"url":"https:\/\/empow-her.com\/wp-content\/uploads\/2021\/09\/STICKER-SISTHER9.png","type":"image\/png"}],"twitter_card":"summary_large_image","twitter_misc":{"Est. reading time":"2 minutes"},"schema":{"@context":"https:\/\/schema.org","@graph":[{"@type":"WebPage","@id":"https:\/\/empow-her.com\/es\/produit\/atelier-crafther-cree-ton-power-mantra\/","url":"https:\/\/empow-her.com\/es\/produit\/atelier-crafther-cree-ton-power-mantra\/","name":"Atelier Craft'Her : Cr\u00e9\u00e9 ton power mantra ! - Empow&#039;Her","isPartOf":{"@id":"https:\/\/empow-her.com\/#website"},"primaryImageOfPage":{"@id":"https:\/\/empow-her.com\/es\/produit\/atelier-crafther-cree-ton-power-mantra\/#primaryimage"},"image":{"@id":"https:\/\/empow-her.com\/es\/produit\/atelier-crafther-cree-ton-power-mantra\/#primaryimage"},"thumbnailUrl":"https:\/\/empow-her.com\/wp-content\/uploads\/2021\/09\/STICKER-SISTHER9.png","datePublished":"2021-09-08T16:38:55+00:00","dateModified":"2021-10-01T17:30:54+00:00","breadcrumb":{"@id":"https:\/\/empow-her.com\/es\/produit\/atelier-crafther-cree-ton-power-mantra\/#breadcrumb"},"inLanguage":"en-US","potentialAction":[{"@type":"ReadAction","target":["https:\/\/empow-her.com\/es\/produit\/atelier-crafther-cree-ton-power-mantra\/"]}]},{"@type":"ImageObject","inLanguage":"en-US","@id":"https:\/\/empow-her.com\/es\/produit\/atelier-crafther-cree-ton-power-mantra\/#primaryimage","url":"https:\/\/empow-her.com\/wp-content\/uploads\/2021\/09\/STICKER-SISTHER9.png","contentUrl":"https:\/\/empow-her.com\/wp-content\/uploads\/2021\/09\/STICKER-SISTHER9.png","width":1080,"height":1080},{"@type":"BreadcrumbList","@id":"https:\/\/empow-her.com\/es\/produit\/atelier-crafther-cree-ton-power-mantra\/#breadcrumb","itemListElement":[{"@type":"ListItem","position":1,"name":"Accueil","item":"https:\/\/empow-her.com\/en\/landing-page\/"},{"@type":"ListItem","position":2,"name":"LA BOUTIQUE","item":"https:\/\/empow-her.com\/boutique\/"},{"@type":"ListItem","position":3,"name":"Atelier Craft&#8217;Her : Cr\u00e9\u00e9 ton power mantra !"}]},{"@type":"WebSite","@id":"https:\/\/empow-her.com\/#website","url":"https:\/\/empow-her.com\/","name":"Empow&#039;Her","description":"Women Development","potentialAction":[{"@type":"SearchAction","target":{"@type":"EntryPoint","urlTemplate":"https:\/\/empow-her.com\/?s={search_term_string}"},"query-input":{"@type":"PropertyValueSpecification","valueRequired":true,"valueName":"search_term_string"}}],"inLanguage":"en-US"}]}},"_links":{"self":[{"href":"https:\/\/empow-her.com\/en\/wp-json\/wp\/v2\/product\/17088","targetHints":{"allow":["GET"]}}],"collection":[{"href":"https:\/\/empow-her.com\/en\/wp-json\/wp\/v2\/product"}],"about":[{"href":"https:\/\/empow-her.com\/en\/wp-json\/wp\/v2\/types\/product"}],"wp:featuredmedia":[{"embeddable":true,"href":"https:\/\/empow-her.com\/en\/wp-json\/wp\/v2\/media\/17096"}],"wp:attachment":[{"href":"https:\/\/empow-her.com\/en\/wp-json\/wp\/v2\/media?parent=17088"}],"wp:term":[{"taxonomy":"product_brand","embeddable":true,"href":"https:\/\/empow-her.com\/en\/wp-json\/wp\/v2\/product_brand?post=17088"},{"taxonomy":"product_cat","embeddable":true,"href":"https:\/\/empow-her.com\/en\/wp-json\/wp\/v2\/product_cat?post=17088"},{"taxonomy":"product_tag","embeddable":true,"href":"https:\/\/empow-her.com\/en\/wp-json\/wp\/v2\/product_tag?post=17088"},{"taxonomy":"lieu","embeddable":true,"href":"https:\/\/empow-her.com\/en\/wp-json\/wp\/v2\/lieu?post=17088"},{"taxonomy":"thematiques","embeddable":true,"href":"https:\/\/empow-her.com\/en\/wp-json\/wp\/v2\/thematiques?post=17088"}],"curies":[{"name":"wp","href":"https:\/\/api.w.org\/{rel}","templated":true}]}}