{"id":166413,"date":"2023-05-16T10:16:51","date_gmt":"2023-05-16T08:16:51","guid":{"rendered":"https:\/\/empow-her.com\/?post_type=product&#038;p=166413"},"modified":"2023-05-16T10:25:48","modified_gmt":"2023-05-16T08:25:48","slug":"shetalks-trouver-des-financements-grace-a-sa-communaute","status":"publish","type":"product","link":"https:\/\/empow-her.com\/en\/produit\/shetalks-trouver-des-financements-grace-a-sa-communaute\/","title":{"rendered":"SheTalks &#8211; Trouver des financements gr\u00e2ce \u00e0 sa communaut\u00e9"},"content":{"rendered":"<div>\n<div>\n<p><span style=\"font-weight: 400;\">&#x1f4b0; Sur les 15 milliards d&#8217;\u20ac lev\u00e9s en 2022, seuls 11% le sont par des \u00e9quipes f\u00e9minines ou mixtes, selon le collectif SISTA. Camille Azoulai viendra nous parler de son exp\u00e9rience et de sa lev\u00e9e de fonds r\u00e9ussit, pour vous donner toutes les clefs pour r\u00e9ussir la votre ! <\/span><\/p>\n<p><span style=\"font-weight: 400;\">&#x1f955; Camille a cofond\u00e9 Funky Veggie, startup d\u00e9sormais incontournable qui d\u00e9mocratise la gourmandise qui fait du bien \u2014 aux papilles d&#8217;abord (c&#8217;est tr\u00e8s tr\u00e8s bon), au corps (ce sont des alternatives plus saines) et \u00e0 la plan\u00e8te (plus responsables). Funky Veggie, c&#8217;est aujourd&#8217;hui une quinzaine de produits &#8220;sans rien de bizarre \u00e0 l&#8217;int\u00e9rieur&#8221; (de la p\u00e2te \u00e0 tartiner &#8220;OUF!&#8221; sans huile du tout aux c\u00e9r\u00e9ales fourr\u00e9es \u00e0 la composition irr\u00e9prochable), disponibles dans 4 000 magasins en France ; c&#8217;est aussi une communaut\u00e9 forte qui r\u00e9unit plus de 100 000 personnes sur Instagram. L&#8217;\u00e9quipe a lev\u00e9 2millions d&#8217;\u20ac en 2021 gr\u00e2ce au financement participatif.<\/p>\n<p>Ce SheTalks est organis\u00e9 avec Les D\u00e9termin\u00e9s, association qui souhaite rendre l&#8217;acc\u00e8s \u00e0 l&#8217;entrepreneuriat plus simple pour ceux qui sont les plus \u00e9loign\u00e9\u00b7e\u00b7s des services \u00e9conomiques et sociaux \u00e0 travers des actions de sensibilisation et un programme de formation. <\/span><\/p>\n<div><\/div>\n<\/div>\n<div><span class=\"fxk3tzhb b2rh1bv3 gh55jysx m8h3af8h ewco64xe kjdc1dyq ms56khn7 bq6c9xl4 eohcrkr5 akh3l2rg\"><span style=\"font-weight: 400;\">&#x1f4e3;<\/span><span style=\"font-weight: 400;\">&#x1f4e3;<\/span><span style=\"font-weight: 400;\">&#x1f4e3;<\/span><\/span><\/div>\n<\/div>\n<div><\/div>\n<div class=\"l7ghb35v kjdc1dyq kmwttqpk gh25dzvf jikcssrz\"><strong>Infos pratiques<\/strong><br \/>\n<span class=\"fxk3tzhb b2rh1bv3 gh55jysx m8h3af8h ewco64xe kjdc1dyq ms56khn7 bq6c9xl4 eohcrkr5 akh3l2rg\"><img decoding=\"async\" src=\"https:\/\/static.xx.fbcdn.net\/images\/emoji.php\/v9\/td7\/1.5\/16\/1f4c5.png\" alt=\"&#x1f4c5;\" width=\"16\" height=\"16\" \/><\/span> L\u2019\u00e9v\u00e9nement se d\u00e9roulera le mardi 6 juin de 18h30 \u00e0 20h30<br \/>\n<span class=\"fxk3tzhb b2rh1bv3 gh55jysx m8h3af8h ewco64xe kjdc1dyq ms56khn7 bq6c9xl4 eohcrkr5 akh3l2rg\"><img decoding=\"async\" src=\"https:\/\/static.xx.fbcdn.net\/images\/emoji.php\/v9\/t8b\/1.5\/16\/1f516.png\" alt=\"&#x1f516;\" width=\"16\" height=\"16\" \/><\/span> R\u00e9servation gratuite obligatoire<br \/>\n<span class=\"fxk3tzhb b2rh1bv3 gh55jysx m8h3af8h ewco64xe kjdc1dyq ms56khn7 bq6c9xl4 eohcrkr5 akh3l2rg\"><img decoding=\"async\" src=\"https:\/\/static.xx.fbcdn.net\/images\/emoji.php\/v9\/t86\/1.5\/16\/1f4cd.png\" alt=\"&#x1f4cd;\" width=\"16\" height=\"16\" \/><\/span> Sist\u2019Her : 82 rue du Faubourg Saint-Martin 75010 Paris<\/div>\n<div><\/div>\n<div class=\"l7ghb35v kjdc1dyq kmwttqpk gh25dzvf jikcssrz\">Ouvert en mars 2021, Sist\u2019Her est le premier tiers-lieu sorore, d\u00e9di\u00e9 aux entrepreneuses et \u00e0 l&#8217;impact en \u00cele-de-France. Port\u00e9 par l\u2019association Empow\u2019Her, c\u2019est un lieu de formations et de rencontres inclusif et collaboratif. Ouvert \u00e0 tou\u00b7te\u00b7s o\u00f9 il est possible de se former, s\u2019inspirer, s\u2019engager et se rencontrer.<\/div>\n<div><\/div>\n<div class=\"l7ghb35v kjdc1dyq kmwttqpk gh25dzvf jikcssrz\">A tr\u00e8s vite ! <span class=\"fxk3tzhb b2rh1bv3 gh55jysx m8h3af8h ewco64xe kjdc1dyq ms56khn7 bq6c9xl4 eohcrkr5 akh3l2rg\"><img loading=\"lazy\" decoding=\"async\" src=\"https:\/\/static.xx.fbcdn.net\/images\/emoji.php\/v9\/t56\/1.5\/16\/1f64c.png\" alt=\"&#x1f64c;\" width=\"16\" height=\"16\" \/><\/span><\/div>\n","protected":false},"excerpt":{"rendered":"<div class=\"x11i5rnm xat24cr x1mh8g0r x1vvkbs xtlvy1s\">\n<div>\n<div>\n<p><span style=\"font-weight: 400;\">&#x1f4b0; Sur les 15 milliards d&#8217;\u20ac lev\u00e9s en 2022, seuls 11% le sont par des \u00e9quipes f\u00e9minines ou mixtes, selon le collectif SISTA. Camille Azoulai viendra nous parler de son exp\u00e9rience et de sa lev\u00e9e de fonds r\u00e9ussit, pour vous donner toutes les clefs pour r\u00e9ussir la votre ! <\/span><\/p>\n<p><span style=\"font-weight: 400;\">&#x1f955; Camille a cofond\u00e9 Funky Veggie, startup d\u00e9sormais incontournable qui d\u00e9mocratise la gourmandise qui fait du bien \u2014 aux papilles d&#8217;abord (c&#8217;est tr\u00e8s tr\u00e8s bon), au corps (ce sont des alternatives plus saines) et \u00e0 la plan\u00e8te (plus responsables). Funky Veggie, c&#8217;est aujourd&#8217;hui une quinzaine de produits &#8220;sans rien de bizarre \u00e0 l&#8217;int\u00e9rieur&#8221; (de la p\u00e2te \u00e0 tartiner &#8220;OUF!&#8221; sans huile du tout aux c\u00e9r\u00e9ales fourr\u00e9es \u00e0 la composition irr\u00e9prochable), disponibles dans 4 000 magasins en France ; c&#8217;est aussi une communaut\u00e9 forte qui r\u00e9unit plus de 100 000 personnes sur Instagram. L&#8217;\u00e9quipe a lev\u00e9 2millions d&#8217;\u20ac en 2021 gr\u00e2ce au financement participatif.<\/p>\n<p>Ce SheTalks est organis\u00e9 avec Les D\u00e9termin\u00e9s, association qui souhaite rendre l&#8217;acc\u00e8s \u00e0 l&#8217;entrepreneuriat plus simple pour ceux qui sont les plus \u00e9loign\u00e9\u00b7e\u00b7s des services \u00e9conomiques et sociaux \u00e0 travers des actions de sensibilisation et un programme de formation. <\/span><\/p>\n<div><\/div>\n<\/div>\n<div><span class=\"fxk3tzhb b2rh1bv3 gh55jysx m8h3af8h ewco64xe kjdc1dyq ms56khn7 bq6c9xl4 eohcrkr5 akh3l2rg\"><span style=\"font-weight: 400;\">&#x1f4e3;<\/span><span style=\"font-weight: 400;\">&#x1f4e3;<\/span><span style=\"font-weight: 400;\">&#x1f4e3;<\/span><\/span><\/div>\n<\/div>\n<div><\/div>\n<div class=\"l7ghb35v kjdc1dyq kmwttqpk gh25dzvf jikcssrz\"><strong>Infos pratiques<\/strong><br \/>\n<span class=\"fxk3tzhb b2rh1bv3 gh55jysx m8h3af8h ewco64xe kjdc1dyq ms56khn7 bq6c9xl4 eohcrkr5 akh3l2rg\"><img decoding=\"async\" src=\"https:\/\/static.xx.fbcdn.net\/images\/emoji.php\/v9\/td7\/1.5\/16\/1f4c5.png\" alt=\"&#x1f4c5;\" width=\"16\" height=\"16\" \/><\/span> L\u2019\u00e9v\u00e9nement se d\u00e9roulera le mardi 6 juin de 18h30 \u00e0 20h30<br \/>\n<span class=\"fxk3tzhb b2rh1bv3 gh55jysx m8h3af8h ewco64xe kjdc1dyq ms56khn7 bq6c9xl4 eohcrkr5 akh3l2rg\"><img decoding=\"async\" src=\"https:\/\/static.xx.fbcdn.net\/images\/emoji.php\/v9\/t8b\/1.5\/16\/1f516.png\" alt=\"&#x1f516;\" width=\"16\" height=\"16\" \/><\/span> R\u00e9servation gratuite obligatoire<br \/>\n<span class=\"fxk3tzhb b2rh1bv3 gh55jysx m8h3af8h ewco64xe kjdc1dyq ms56khn7 bq6c9xl4 eohcrkr5 akh3l2rg\"><img decoding=\"async\" src=\"https:\/\/static.xx.fbcdn.net\/images\/emoji.php\/v9\/t86\/1.5\/16\/1f4cd.png\" alt=\"&#x1f4cd;\" width=\"16\" height=\"16\" \/><\/span> Sist\u2019Her : 82 rue du Faubourg Saint-Martin 75010 Paris<\/div>\n<div><\/div>\n<div class=\"l7ghb35v kjdc1dyq kmwttqpk gh25dzvf jikcssrz\">Ouvert en mars 2021, Sist\u2019Her est le premier tiers-lieu sorore, d\u00e9di\u00e9 aux entrepreneuses et \u00e0 l&#8217;impact en \u00cele-de-France. Port\u00e9 par l\u2019association Empow\u2019Her, c\u2019est un lieu de formations et de rencontres inclusif et collaboratif. Ouvert \u00e0 tou\u00b7te\u00b7s o\u00f9 il est possible de se former, s\u2019inspirer, s\u2019engager et se rencontrer.<\/div>\n<div><\/div>\n<div class=\"l7ghb35v kjdc1dyq kmwttqpk gh25dzvf jikcssrz\">A tr\u00e8s vite ! <span class=\"fxk3tzhb b2rh1bv3 gh55jysx m8h3af8h ewco64xe kjdc1dyq ms56khn7 bq6c9xl4 eohcrkr5 akh3l2rg\"><img loading=\"lazy\" decoding=\"async\" src=\"https:\/\/static.xx.fbcdn.net\/images\/emoji.php\/v9\/t56\/1.5\/16\/1f64c.png\" alt=\"&#x1f64c;\" width=\"16\" height=\"16\" \/><\/span><\/div>\n<\/div>\n","protected":false},"featured_media":166418,"template":"","format":"standard","meta":{"_acf_changed":false,"om_disable_all_campaigns":false,"_uf_show_specific_survey":0,"_uf_disable_surveys":false},"product_brand":[],"product_cat":[119],"product_tag":[],"lieu":[127],"thematiques":[],"class_list":{"0":"post-166413","1":"product","2":"type-product","3":"status-publish","4":"format-standard","5":"has-post-thumbnail","7":"product_cat-evenement-sisther","8":"lieu-hub-empowher","10":"first","11":"instock","12":"virtual","13":"purchasable","14":"product-type-appointment"},"exclude_global_add_ons":[],"addons":[],"acf":[],"yoast_head":"<!-- This site is optimized with the Yoast SEO plugin v24.8 - https:\/\/yoast.com\/wordpress\/plugins\/seo\/ -->\n<title>SheTalks - Trouver des financements gr\u00e2ce \u00e0 sa communaut\u00e9<\/title>\n<meta name=\"description\" content=\"Rencontre Camille Azoulai, co-fondatrice de Funkye Veggie, pour avoir toutes les clefs d&#039;un financement participatif r\u00e9ussit le 6 juin \u00e0 18h30 chez Sist&#039;Her\" \/>\n<meta name=\"robots\" content=\"index, follow, max-snippet:-1, max-image-preview:large, max-video-preview:-1\" \/>\n<link rel=\"canonical\" href=\"https:\/\/empow-her.com\/produit\/shetalks-trouver-des-financements-grace-a-sa-communaute\/\" \/>\n<meta property=\"og:locale\" content=\"en_US\" \/>\n<meta property=\"og:type\" content=\"article\" \/>\n<meta property=\"og:title\" content=\"SheTalks - Trouver des financements gr\u00e2ce \u00e0 sa communaut\u00e9\" \/>\n<meta property=\"og:description\" content=\"Rencontre Camille Azoulai, co-fondatrice de Funkye Veggie, pour avoir toutes les clefs d&#039;un financement participatif r\u00e9ussit le 6 juin \u00e0 18h30 chez Sist&#039;Her\" \/>\n<meta property=\"og:url\" content=\"https:\/\/empow-her.com\/produit\/shetalks-trouver-des-financements-grace-a-sa-communaute\/\" \/>\n<meta property=\"og:site_name\" content=\"Empow&#039;Her\" \/>\n<meta property=\"article:modified_time\" content=\"2023-05-16T08:25:48+00:00\" \/>\n<meta property=\"og:image\" content=\"https:\/\/empow-her.com\/wp-content\/uploads\/2023\/05\/shetalks-economie-circulaire-3.png\" \/>\n\t<meta property=\"og:image:width\" content=\"1080\" \/>\n\t<meta property=\"og:image:height\" content=\"1080\" \/>\n\t<meta property=\"og:image:type\" content=\"image\/png\" \/>\n<meta name=\"twitter:card\" content=\"summary_large_image\" \/>\n<meta name=\"twitter:label1\" content=\"Est. reading time\" \/>\n\t<meta name=\"twitter:data1\" content=\"3 minutes\" \/>\n<script type=\"application\/ld+json\" class=\"yoast-schema-graph\">{\"@context\":\"https:\/\/schema.org\",\"@graph\":[{\"@type\":\"WebPage\",\"@id\":\"https:\/\/empow-her.com\/produit\/shetalks-trouver-des-financements-grace-a-sa-communaute\/\",\"url\":\"https:\/\/empow-her.com\/produit\/shetalks-trouver-des-financements-grace-a-sa-communaute\/\",\"name\":\"SheTalks - Trouver des financements gr\u00e2ce \u00e0 sa communaut\u00e9\",\"isPartOf\":{\"@id\":\"https:\/\/empow-her.com\/#website\"},\"primaryImageOfPage\":{\"@id\":\"https:\/\/empow-her.com\/produit\/shetalks-trouver-des-financements-grace-a-sa-communaute\/#primaryimage\"},\"image\":{\"@id\":\"https:\/\/empow-her.com\/produit\/shetalks-trouver-des-financements-grace-a-sa-communaute\/#primaryimage\"},\"thumbnailUrl\":\"https:\/\/empow-her.com\/wp-content\/uploads\/2023\/05\/shetalks-economie-circulaire-3.png\",\"datePublished\":\"2023-05-16T08:16:51+00:00\",\"dateModified\":\"2023-05-16T08:25:48+00:00\",\"description\":\"Rencontre Camille Azoulai, co-fondatrice de Funkye Veggie, pour avoir toutes les clefs d'un financement participatif r\u00e9ussit le 6 juin \u00e0 18h30 chez Sist'Her\",\"breadcrumb\":{\"@id\":\"https:\/\/empow-her.com\/produit\/shetalks-trouver-des-financements-grace-a-sa-communaute\/#breadcrumb\"},\"inLanguage\":\"en-US\",\"potentialAction\":[{\"@type\":\"ReadAction\",\"target\":[\"https:\/\/empow-her.com\/produit\/shetalks-trouver-des-financements-grace-a-sa-communaute\/\"]}]},{\"@type\":\"ImageObject\",\"inLanguage\":\"en-US\",\"@id\":\"https:\/\/empow-her.com\/produit\/shetalks-trouver-des-financements-grace-a-sa-communaute\/#primaryimage\",\"url\":\"https:\/\/empow-her.com\/wp-content\/uploads\/2023\/05\/shetalks-economie-circulaire-3.png\",\"contentUrl\":\"https:\/\/empow-her.com\/wp-content\/uploads\/2023\/05\/shetalks-economie-circulaire-3.png\",\"width\":1080,\"height\":1080},{\"@type\":\"BreadcrumbList\",\"@id\":\"https:\/\/empow-her.com\/produit\/shetalks-trouver-des-financements-grace-a-sa-communaute\/#breadcrumb\",\"itemListElement\":[{\"@type\":\"ListItem\",\"position\":1,\"name\":\"Accueil\",\"item\":\"https:\/\/empow-her.com\/en\/landing-page\/\"},{\"@type\":\"ListItem\",\"position\":2,\"name\":\"LA BOUTIQUE\",\"item\":\"https:\/\/empow-her.com\/boutique\/\"},{\"@type\":\"ListItem\",\"position\":3,\"name\":\"SheTalks &#8211; Trouver des financements gr\u00e2ce \u00e0 sa communaut\u00e9\"}]},{\"@type\":\"WebSite\",\"@id\":\"https:\/\/empow-her.com\/#website\",\"url\":\"https:\/\/empow-her.com\/\",\"name\":\"Empow&#039;Her\",\"description\":\"Women Development\",\"potentialAction\":[{\"@type\":\"SearchAction\",\"target\":{\"@type\":\"EntryPoint\",\"urlTemplate\":\"https:\/\/empow-her.com\/?s={search_term_string}\"},\"query-input\":{\"@type\":\"PropertyValueSpecification\",\"valueRequired\":true,\"valueName\":\"search_term_string\"}}],\"inLanguage\":\"en-US\"}]}<\/script>\n<!-- \/ Yoast SEO plugin. -->","yoast_head_json":{"title":"SheTalks - Trouver des financements gr\u00e2ce \u00e0 sa communaut\u00e9","description":"Rencontre Camille Azoulai, co-fondatrice de Funkye Veggie, pour avoir toutes les clefs d'un financement participatif r\u00e9ussit le 6 juin \u00e0 18h30 chez Sist'Her","robots":{"index":"index","follow":"follow","max-snippet":"max-snippet:-1","max-image-preview":"max-image-preview:large","max-video-preview":"max-video-preview:-1"},"canonical":"https:\/\/empow-her.com\/produit\/shetalks-trouver-des-financements-grace-a-sa-communaute\/","og_locale":"en_US","og_type":"article","og_title":"SheTalks - Trouver des financements gr\u00e2ce \u00e0 sa communaut\u00e9","og_description":"Rencontre Camille Azoulai, co-fondatrice de Funkye Veggie, pour avoir toutes les clefs d'un financement participatif r\u00e9ussit le 6 juin \u00e0 18h30 chez Sist'Her","og_url":"https:\/\/empow-her.com\/produit\/shetalks-trouver-des-financements-grace-a-sa-communaute\/","og_site_name":"Empow&#039;Her","article_modified_time":"2023-05-16T08:25:48+00:00","og_image":[{"width":1080,"height":1080,"url":"https:\/\/empow-her.com\/wp-content\/uploads\/2023\/05\/shetalks-economie-circulaire-3.png","type":"image\/png"}],"twitter_card":"summary_large_image","twitter_misc":{"Est. reading time":"3 minutes"},"schema":{"@context":"https:\/\/schema.org","@graph":[{"@type":"WebPage","@id":"https:\/\/empow-her.com\/produit\/shetalks-trouver-des-financements-grace-a-sa-communaute\/","url":"https:\/\/empow-her.com\/produit\/shetalks-trouver-des-financements-grace-a-sa-communaute\/","name":"SheTalks - Trouver des financements gr\u00e2ce \u00e0 sa communaut\u00e9","isPartOf":{"@id":"https:\/\/empow-her.com\/#website"},"primaryImageOfPage":{"@id":"https:\/\/empow-her.com\/produit\/shetalks-trouver-des-financements-grace-a-sa-communaute\/#primaryimage"},"image":{"@id":"https:\/\/empow-her.com\/produit\/shetalks-trouver-des-financements-grace-a-sa-communaute\/#primaryimage"},"thumbnailUrl":"https:\/\/empow-her.com\/wp-content\/uploads\/2023\/05\/shetalks-economie-circulaire-3.png","datePublished":"2023-05-16T08:16:51+00:00","dateModified":"2023-05-16T08:25:48+00:00","description":"Rencontre Camille Azoulai, co-fondatrice de Funkye Veggie, pour avoir toutes les clefs d'un financement participatif r\u00e9ussit le 6 juin \u00e0 18h30 chez Sist'Her","breadcrumb":{"@id":"https:\/\/empow-her.com\/produit\/shetalks-trouver-des-financements-grace-a-sa-communaute\/#breadcrumb"},"inLanguage":"en-US","potentialAction":[{"@type":"ReadAction","target":["https:\/\/empow-her.com\/produit\/shetalks-trouver-des-financements-grace-a-sa-communaute\/"]}]},{"@type":"ImageObject","inLanguage":"en-US","@id":"https:\/\/empow-her.com\/produit\/shetalks-trouver-des-financements-grace-a-sa-communaute\/#primaryimage","url":"https:\/\/empow-her.com\/wp-content\/uploads\/2023\/05\/shetalks-economie-circulaire-3.png","contentUrl":"https:\/\/empow-her.com\/wp-content\/uploads\/2023\/05\/shetalks-economie-circulaire-3.png","width":1080,"height":1080},{"@type":"BreadcrumbList","@id":"https:\/\/empow-her.com\/produit\/shetalks-trouver-des-financements-grace-a-sa-communaute\/#breadcrumb","itemListElement":[{"@type":"ListItem","position":1,"name":"Accueil","item":"https:\/\/empow-her.com\/en\/landing-page\/"},{"@type":"ListItem","position":2,"name":"LA BOUTIQUE","item":"https:\/\/empow-her.com\/boutique\/"},{"@type":"ListItem","position":3,"name":"SheTalks &#8211; Trouver des financements gr\u00e2ce \u00e0 sa communaut\u00e9"}]},{"@type":"WebSite","@id":"https:\/\/empow-her.com\/#website","url":"https:\/\/empow-her.com\/","name":"Empow&#039;Her","description":"Women Development","potentialAction":[{"@type":"SearchAction","target":{"@type":"EntryPoint","urlTemplate":"https:\/\/empow-her.com\/?s={search_term_string}"},"query-input":{"@type":"PropertyValueSpecification","valueRequired":true,"valueName":"search_term_string"}}],"inLanguage":"en-US"}]}},"_links":{"self":[{"href":"https:\/\/empow-her.com\/en\/wp-json\/wp\/v2\/product\/166413","targetHints":{"allow":["GET"]}}],"collection":[{"href":"https:\/\/empow-her.com\/en\/wp-json\/wp\/v2\/product"}],"about":[{"href":"https:\/\/empow-her.com\/en\/wp-json\/wp\/v2\/types\/product"}],"wp:featuredmedia":[{"embeddable":true,"href":"https:\/\/empow-her.com\/en\/wp-json\/wp\/v2\/media\/166418"}],"wp:attachment":[{"href":"https:\/\/empow-her.com\/en\/wp-json\/wp\/v2\/media?parent=166413"}],"wp:term":[{"taxonomy":"product_brand","embeddable":true,"href":"https:\/\/empow-her.com\/en\/wp-json\/wp\/v2\/product_brand?post=166413"},{"taxonomy":"product_cat","embeddable":true,"href":"https:\/\/empow-her.com\/en\/wp-json\/wp\/v2\/product_cat?post=166413"},{"taxonomy":"product_tag","embeddable":true,"href":"https:\/\/empow-her.com\/en\/wp-json\/wp\/v2\/product_tag?post=166413"},{"taxonomy":"lieu","embeddable":true,"href":"https:\/\/empow-her.com\/en\/wp-json\/wp\/v2\/lieu?post=166413"},{"taxonomy":"thematiques","embeddable":true,"href":"https:\/\/empow-her.com\/en\/wp-json\/wp\/v2\/thematiques?post=166413"}],"curies":[{"name":"wp","href":"https:\/\/api.w.org\/{rel}","templated":true}]}}