{"id":166146,"date":"2023-05-15T17:28:45","date_gmt":"2023-05-15T15:28:45","guid":{"rendered":"https:\/\/empow-her.com\/?post_type=product&#038;p=166146"},"modified":"2023-06-01T12:19:20","modified_gmt":"2023-06-01T10:19:20","slug":"bookclub-11-les-romans-feministes","status":"publish","type":"product","link":"https:\/\/empow-her.com\/en\/produit\/bookclub-11-les-romans-feministes\/","title":{"rendered":"Bookclub #11 &#8211; Les romans f\u00e9ministes"},"content":{"rendered":"<div>\n<div>\n<p><span style=\"font-weight: 400;\"><strong>&#x1f4da; <\/strong>Depuis sa cr\u00e9ation, seules 10 femmes ont \u00e9t\u00e9 r\u00e9compens\u00e9es par la prestigieux prix Goncourt. Cela refl\u00e8te l&#8217;invisibilit\u00e9 des femmes dans la litt\u00e9rature. Pour son 11eme Bookclub, Sist&#8217;Her re\u00e7oit 3 autrices de romans f\u00e9ministes pour nous parler de leur processus d&#8217;\u00e9criture et des r\u00f4les f\u00e9ministes qu&#8217;elles ont donn\u00e9 \u00e0 leur personnages.<\/span><\/p>\n<p>Camille Islert est agr\u00e9g\u00e9e de lettres modernes et docteure en litt\u00e9rature, et viendra parler de son \u00a0premier roman, Un chat \u00e0 trois pattes, aux \u00e9ditions Grasset. Elle sera accompagn\u00e9e par 2 autres autrices.<\/p>\n<p>Apr\u00e8s une \u00e9cole de th\u00e9\u00e2tre et des \u00e9tudes de droit, C\u00e9cile Guidot est devenue notaire avant de se consacrer \u00e0 l\u2019\u00e9criture. Elle a \u00e9crit une trilogie remarqu\u00e9e : Les actes, Les volont\u00e9s, Les vanit\u00e9s. N\u00e9e en 1992, Marie Testu est une \u00e9crivaine de langue fran\u00e7aise, agr\u00e9g\u00e9e de philosophie. Marie-Lou-Le-Monde est son premier roman<\/p>\n<\/div>\n<div><span class=\"fxk3tzhb b2rh1bv3 gh55jysx m8h3af8h ewco64xe kjdc1dyq ms56khn7 bq6c9xl4 eohcrkr5 akh3l2rg\"><img decoding=\"async\" src=\"https:\/\/static.xx.fbcdn.net\/images\/emoji.php\/v9\/te4\/1.5\/16\/26a1.png\" alt=\"&#x26a1;&#xfe0f;\" width=\"16\" height=\"16\" \/><\/span><span class=\"fxk3tzhb b2rh1bv3 gh55jysx m8h3af8h ewco64xe kjdc1dyq ms56khn7 bq6c9xl4 eohcrkr5 akh3l2rg\"><img decoding=\"async\" src=\"https:\/\/static.xx.fbcdn.net\/images\/emoji.php\/v9\/te4\/1.5\/16\/26a1.png\" alt=\"&#x26a1;&#xfe0f;\" width=\"16\" height=\"16\" \/><\/span><span class=\"fxk3tzhb b2rh1bv3 gh55jysx m8h3af8h ewco64xe kjdc1dyq ms56khn7 bq6c9xl4 eohcrkr5 akh3l2rg\"><img decoding=\"async\" src=\"https:\/\/static.xx.fbcdn.net\/images\/emoji.php\/v9\/te4\/1.5\/16\/26a1.png\" alt=\"&#x26a1;&#xfe0f;\" width=\"16\" height=\"16\" \/><\/span><\/div>\n<\/div>\n<div><\/div>\n<div class=\"l7ghb35v kjdc1dyq kmwttqpk gh25dzvf jikcssrz\"><strong>Infos pratiques<\/strong><br \/>\n<span class=\"fxk3tzhb b2rh1bv3 gh55jysx m8h3af8h ewco64xe kjdc1dyq ms56khn7 bq6c9xl4 eohcrkr5 akh3l2rg\"><img decoding=\"async\" src=\"https:\/\/static.xx.fbcdn.net\/images\/emoji.php\/v9\/td7\/1.5\/16\/1f4c5.png\" alt=\"&#x1f4c5;\" width=\"16\" height=\"16\" \/><\/span> L\u2019\u00e9v\u00e9nement se d\u00e9roulera le mercredi 7 juin de 18H45 \u00e0 20H45<br \/>\n<span class=\"fxk3tzhb b2rh1bv3 gh55jysx m8h3af8h ewco64xe kjdc1dyq ms56khn7 bq6c9xl4 eohcrkr5 akh3l2rg\"><img decoding=\"async\" src=\"https:\/\/static.xx.fbcdn.net\/images\/emoji.php\/v9\/t8b\/1.5\/16\/1f516.png\" alt=\"&#x1f516;\" width=\"16\" height=\"16\" \/><\/span> R\u00e9servation gratuite obligatoire<br \/>\n<span class=\"fxk3tzhb b2rh1bv3 gh55jysx m8h3af8h ewco64xe kjdc1dyq ms56khn7 bq6c9xl4 eohcrkr5 akh3l2rg\"><img loading=\"lazy\" decoding=\"async\" src=\"https:\/\/static.xx.fbcdn.net\/images\/emoji.php\/v9\/t86\/1.5\/16\/1f4cd.png\" alt=\"&#x1f4cd;\" width=\"16\" height=\"16\" \/><\/span> Sist\u2019Her : 82 rue du Faubourg Saint-Martin 75010 Paris<\/div>\n<div><\/div>\n<div class=\"l7ghb35v kjdc1dyq kmwttqpk gh25dzvf jikcssrz\">Ouvert en mars 2021, Sist\u2019Her est le premier tiers-lieu sorore, d\u00e9di\u00e9 aux entrepreneuses et \u00e0 l&#8217;impact en \u00cele-de-France. Port\u00e9 par l\u2019association Empow\u2019Her, c\u2019est un lieu de formations et de rencontres inclusif et collaboratif. Ouvert \u00e0 tou\u00b7te\u00b7s o\u00f9 il est possible de se former, s\u2019inspirer, s\u2019engager et se rencontrer.<\/div>\n<div><\/div>\n<div class=\"l7ghb35v kjdc1dyq kmwttqpk gh25dzvf jikcssrz\">A tr\u00e8s vite ! <span class=\"fxk3tzhb b2rh1bv3 gh55jysx m8h3af8h ewco64xe kjdc1dyq ms56khn7 bq6c9xl4 eohcrkr5 akh3l2rg\"><img loading=\"lazy\" decoding=\"async\" src=\"https:\/\/static.xx.fbcdn.net\/images\/emoji.php\/v9\/t56\/1.5\/16\/1f64c.png\" alt=\"&#x1f64c;\" width=\"16\" height=\"16\" \/><\/span><\/div>\n","protected":false},"excerpt":{"rendered":"<div class=\"x11i5rnm xat24cr x1mh8g0r x1vvkbs xtlvy1s\">\n<div>\n<div>\n<p><span style=\"font-weight: 400;\"><strong>&#x1f4da; <\/strong>Depuis sa cr\u00e9ation, seules 10 femmes ont \u00e9t\u00e9 r\u00e9compens\u00e9es par la prestigieux prix Goncourt. Cela refl\u00e8te l&#8217;invisibilit\u00e9 des femmes dans la litt\u00e9rature. Pour son 11eme Bookclub, Sist&#8217;Her re\u00e7oit 3 autrices de romans f\u00e9ministes pour nous parler de leur processus d&#8217;\u00e9criture et des r\u00f4les f\u00e9ministes qu&#8217;elles ont donn\u00e9 \u00e0 leur personnages.<\/span><\/p>\n<p>Camille Islert est agr\u00e9g\u00e9e de lettres modernes et docteure en litt\u00e9rature, et viendra parler de son \u00a0premier roman, Un chat \u00e0 trois pattes, aux \u00e9ditions Grasset. Elle sera accompagn\u00e9e par 2 autres autrices.<\/p>\n<p>Apr\u00e8s une \u00e9cole de th\u00e9\u00e2tre et des \u00e9tudes de droit, C\u00e9cile Guidot est devenue notaire avant de se consacrer \u00e0 l\u2019\u00e9criture. Elle a \u00e9crit une trilogie remarqu\u00e9e : Les actes, Les volont\u00e9s, Les vanit\u00e9s. N\u00e9e en 1992, Marie Testu est une \u00e9crivaine de langue fran\u00e7aise, agr\u00e9g\u00e9e de philosophie. Marie-Lou-Le-Monde est son premier roman<\/p>\n<\/div>\n<div><span class=\"fxk3tzhb b2rh1bv3 gh55jysx m8h3af8h ewco64xe kjdc1dyq ms56khn7 bq6c9xl4 eohcrkr5 akh3l2rg\"><img decoding=\"async\" src=\"https:\/\/static.xx.fbcdn.net\/images\/emoji.php\/v9\/te4\/1.5\/16\/26a1.png\" alt=\"&#x26a1;&#xfe0f;\" width=\"16\" height=\"16\" \/><\/span><span class=\"fxk3tzhb b2rh1bv3 gh55jysx m8h3af8h ewco64xe kjdc1dyq ms56khn7 bq6c9xl4 eohcrkr5 akh3l2rg\"><img decoding=\"async\" src=\"https:\/\/static.xx.fbcdn.net\/images\/emoji.php\/v9\/te4\/1.5\/16\/26a1.png\" alt=\"&#x26a1;&#xfe0f;\" width=\"16\" height=\"16\" \/><\/span><span class=\"fxk3tzhb b2rh1bv3 gh55jysx m8h3af8h ewco64xe kjdc1dyq ms56khn7 bq6c9xl4 eohcrkr5 akh3l2rg\"><img decoding=\"async\" src=\"https:\/\/static.xx.fbcdn.net\/images\/emoji.php\/v9\/te4\/1.5\/16\/26a1.png\" alt=\"&#x26a1;&#xfe0f;\" width=\"16\" height=\"16\" \/><\/span><\/div>\n<\/div>\n<div><\/div>\n<div class=\"l7ghb35v kjdc1dyq kmwttqpk gh25dzvf jikcssrz\"><strong>Infos pratiques<\/strong><br \/>\n<span class=\"fxk3tzhb b2rh1bv3 gh55jysx m8h3af8h ewco64xe kjdc1dyq ms56khn7 bq6c9xl4 eohcrkr5 akh3l2rg\"><img decoding=\"async\" src=\"https:\/\/static.xx.fbcdn.net\/images\/emoji.php\/v9\/td7\/1.5\/16\/1f4c5.png\" alt=\"&#x1f4c5;\" width=\"16\" height=\"16\" \/><\/span> L\u2019\u00e9v\u00e9nement se d\u00e9roulera le mercredi 7 juin de 18H45 \u00e0 20H45<br \/>\n<span class=\"fxk3tzhb b2rh1bv3 gh55jysx m8h3af8h ewco64xe kjdc1dyq ms56khn7 bq6c9xl4 eohcrkr5 akh3l2rg\"><img decoding=\"async\" src=\"https:\/\/static.xx.fbcdn.net\/images\/emoji.php\/v9\/t8b\/1.5\/16\/1f516.png\" alt=\"&#x1f516;\" width=\"16\" height=\"16\" \/><\/span> R\u00e9servation gratuite obligatoire<br \/>\n<span class=\"fxk3tzhb b2rh1bv3 gh55jysx m8h3af8h ewco64xe kjdc1dyq ms56khn7 bq6c9xl4 eohcrkr5 akh3l2rg\"><img loading=\"lazy\" decoding=\"async\" src=\"https:\/\/static.xx.fbcdn.net\/images\/emoji.php\/v9\/t86\/1.5\/16\/1f4cd.png\" alt=\"&#x1f4cd;\" width=\"16\" height=\"16\" \/><\/span> Sist\u2019Her : 82 rue du Faubourg Saint-Martin 75010 Paris<\/div>\n<div><\/div>\n<div class=\"l7ghb35v kjdc1dyq kmwttqpk gh25dzvf jikcssrz\">Ouvert en mars 2021, Sist\u2019Her est le premier tiers-lieu sorore, d\u00e9di\u00e9 aux entrepreneuses et \u00e0 l&#8217;impact en \u00cele-de-France. Port\u00e9 par l\u2019association Empow\u2019Her, c\u2019est un lieu de formations et de rencontres inclusif et collaboratif. Ouvert \u00e0 tou\u00b7te\u00b7s o\u00f9 il est possible de se former, s\u2019inspirer, s\u2019engager et se rencontrer.<\/div>\n<div><\/div>\n<div class=\"l7ghb35v kjdc1dyq kmwttqpk gh25dzvf jikcssrz\">A tr\u00e8s vite ! <span class=\"fxk3tzhb b2rh1bv3 gh55jysx m8h3af8h ewco64xe kjdc1dyq ms56khn7 bq6c9xl4 eohcrkr5 akh3l2rg\"><img loading=\"lazy\" decoding=\"async\" src=\"https:\/\/static.xx.fbcdn.net\/images\/emoji.php\/v9\/t56\/1.5\/16\/1f64c.png\" alt=\"&#x1f64c;\" width=\"16\" height=\"16\" \/><\/span><\/div>\n<\/div>\n","protected":false},"featured_media":166147,"template":"","format":"standard","meta":{"_acf_changed":false,"om_disable_all_campaigns":false,"_uf_show_specific_survey":0,"_uf_disable_surveys":false},"product_brand":[],"product_cat":[119],"product_tag":[],"lieu":[127],"thematiques":[],"class_list":{"0":"post-166146","1":"product","2":"type-product","3":"status-publish","4":"format-standard","5":"has-post-thumbnail","7":"product_cat-evenement-sisther","8":"lieu-hub-empowher","10":"first","11":"instock","12":"virtual","13":"purchasable","14":"product-type-appointment"},"exclude_global_add_ons":[],"addons":[],"acf":[],"yoast_head":"<!-- This site is optimized with the Yoast SEO plugin v24.8 - https:\/\/yoast.com\/wordpress\/plugins\/seo\/ -->\n<title>Bookclub#11 : Les romans f\u00e9ministes<\/title>\n<meta name=\"description\" content=\"Rejoins-nous chez Sist&#039;Her Paris le mercredi 7 juin \u00e0 partir de 18H45 pour le Bookclub #11 qui portera sur les romans f\u00e9ministes !\" \/>\n<meta name=\"robots\" content=\"index, follow, max-snippet:-1, max-image-preview:large, max-video-preview:-1\" \/>\n<link rel=\"canonical\" href=\"https:\/\/empow-her.com\/produit\/bookclub-11-les-romans-feministes\/\" \/>\n<meta property=\"og:locale\" content=\"en_US\" \/>\n<meta property=\"og:type\" content=\"article\" \/>\n<meta property=\"og:title\" content=\"Bookclub#11 : Les romans f\u00e9ministes\" \/>\n<meta property=\"og:description\" content=\"Rejoins-nous chez Sist&#039;Her Paris le mercredi 7 juin \u00e0 partir de 18H45 pour le Bookclub #11 qui portera sur les romans f\u00e9ministes !\" \/>\n<meta property=\"og:url\" content=\"https:\/\/empow-her.com\/produit\/bookclub-11-les-romans-feministes\/\" \/>\n<meta property=\"og:site_name\" content=\"Empow&#039;Her\" \/>\n<meta property=\"article:modified_time\" content=\"2023-06-01T10:19:20+00:00\" \/>\n<meta property=\"og:image\" content=\"https:\/\/empow-her.com\/wp-content\/uploads\/2023\/05\/bookclub-9.png\" \/>\n\t<meta property=\"og:image:width\" content=\"1080\" \/>\n\t<meta property=\"og:image:height\" content=\"1080\" \/>\n\t<meta property=\"og:image:type\" content=\"image\/png\" \/>\n<meta name=\"twitter:card\" content=\"summary_large_image\" \/>\n<meta name=\"twitter:label1\" content=\"Est. reading time\" \/>\n\t<meta name=\"twitter:data1\" content=\"3 minutes\" \/>\n<script type=\"application\/ld+json\" class=\"yoast-schema-graph\">{\"@context\":\"https:\/\/schema.org\",\"@graph\":[{\"@type\":\"WebPage\",\"@id\":\"https:\/\/empow-her.com\/produit\/bookclub-11-les-romans-feministes\/\",\"url\":\"https:\/\/empow-her.com\/produit\/bookclub-11-les-romans-feministes\/\",\"name\":\"Bookclub#11 : Les romans f\u00e9ministes\",\"isPartOf\":{\"@id\":\"https:\/\/empow-her.com\/#website\"},\"primaryImageOfPage\":{\"@id\":\"https:\/\/empow-her.com\/produit\/bookclub-11-les-romans-feministes\/#primaryimage\"},\"image\":{\"@id\":\"https:\/\/empow-her.com\/produit\/bookclub-11-les-romans-feministes\/#primaryimage\"},\"thumbnailUrl\":\"https:\/\/empow-her.com\/wp-content\/uploads\/2023\/05\/bookclub-9.png\",\"datePublished\":\"2023-05-15T15:28:45+00:00\",\"dateModified\":\"2023-06-01T10:19:20+00:00\",\"description\":\"Rejoins-nous chez Sist'Her Paris le mercredi 7 juin \u00e0 partir de 18H45 pour le Bookclub #11 qui portera sur les romans f\u00e9ministes !\",\"breadcrumb\":{\"@id\":\"https:\/\/empow-her.com\/produit\/bookclub-11-les-romans-feministes\/#breadcrumb\"},\"inLanguage\":\"en-US\",\"potentialAction\":[{\"@type\":\"ReadAction\",\"target\":[\"https:\/\/empow-her.com\/produit\/bookclub-11-les-romans-feministes\/\"]}]},{\"@type\":\"ImageObject\",\"inLanguage\":\"en-US\",\"@id\":\"https:\/\/empow-her.com\/produit\/bookclub-11-les-romans-feministes\/#primaryimage\",\"url\":\"https:\/\/empow-her.com\/wp-content\/uploads\/2023\/05\/bookclub-9.png\",\"contentUrl\":\"https:\/\/empow-her.com\/wp-content\/uploads\/2023\/05\/bookclub-9.png\",\"width\":1080,\"height\":1080},{\"@type\":\"BreadcrumbList\",\"@id\":\"https:\/\/empow-her.com\/produit\/bookclub-11-les-romans-feministes\/#breadcrumb\",\"itemListElement\":[{\"@type\":\"ListItem\",\"position\":1,\"name\":\"Accueil\",\"item\":\"https:\/\/empow-her.com\/en\/landing-page\/\"},{\"@type\":\"ListItem\",\"position\":2,\"name\":\"LA BOUTIQUE\",\"item\":\"https:\/\/empow-her.com\/boutique\/\"},{\"@type\":\"ListItem\",\"position\":3,\"name\":\"Bookclub #11 &#8211; Les romans f\u00e9ministes\"}]},{\"@type\":\"WebSite\",\"@id\":\"https:\/\/empow-her.com\/#website\",\"url\":\"https:\/\/empow-her.com\/\",\"name\":\"Empow&#039;Her\",\"description\":\"Women Development\",\"potentialAction\":[{\"@type\":\"SearchAction\",\"target\":{\"@type\":\"EntryPoint\",\"urlTemplate\":\"https:\/\/empow-her.com\/?s={search_term_string}\"},\"query-input\":{\"@type\":\"PropertyValueSpecification\",\"valueRequired\":true,\"valueName\":\"search_term_string\"}}],\"inLanguage\":\"en-US\"}]}<\/script>\n<!-- \/ Yoast SEO plugin. -->","yoast_head_json":{"title":"Bookclub#11 : Les romans f\u00e9ministes","description":"Rejoins-nous chez Sist'Her Paris le mercredi 7 juin \u00e0 partir de 18H45 pour le Bookclub #11 qui portera sur les romans f\u00e9ministes !","robots":{"index":"index","follow":"follow","max-snippet":"max-snippet:-1","max-image-preview":"max-image-preview:large","max-video-preview":"max-video-preview:-1"},"canonical":"https:\/\/empow-her.com\/produit\/bookclub-11-les-romans-feministes\/","og_locale":"en_US","og_type":"article","og_title":"Bookclub#11 : Les romans f\u00e9ministes","og_description":"Rejoins-nous chez Sist'Her Paris le mercredi 7 juin \u00e0 partir de 18H45 pour le Bookclub #11 qui portera sur les romans f\u00e9ministes !","og_url":"https:\/\/empow-her.com\/produit\/bookclub-11-les-romans-feministes\/","og_site_name":"Empow&#039;Her","article_modified_time":"2023-06-01T10:19:20+00:00","og_image":[{"width":1080,"height":1080,"url":"https:\/\/empow-her.com\/wp-content\/uploads\/2023\/05\/bookclub-9.png","type":"image\/png"}],"twitter_card":"summary_large_image","twitter_misc":{"Est. reading time":"3 minutes"},"schema":{"@context":"https:\/\/schema.org","@graph":[{"@type":"WebPage","@id":"https:\/\/empow-her.com\/produit\/bookclub-11-les-romans-feministes\/","url":"https:\/\/empow-her.com\/produit\/bookclub-11-les-romans-feministes\/","name":"Bookclub#11 : Les romans f\u00e9ministes","isPartOf":{"@id":"https:\/\/empow-her.com\/#website"},"primaryImageOfPage":{"@id":"https:\/\/empow-her.com\/produit\/bookclub-11-les-romans-feministes\/#primaryimage"},"image":{"@id":"https:\/\/empow-her.com\/produit\/bookclub-11-les-romans-feministes\/#primaryimage"},"thumbnailUrl":"https:\/\/empow-her.com\/wp-content\/uploads\/2023\/05\/bookclub-9.png","datePublished":"2023-05-15T15:28:45+00:00","dateModified":"2023-06-01T10:19:20+00:00","description":"Rejoins-nous chez Sist'Her Paris le mercredi 7 juin \u00e0 partir de 18H45 pour le Bookclub #11 qui portera sur les romans f\u00e9ministes !","breadcrumb":{"@id":"https:\/\/empow-her.com\/produit\/bookclub-11-les-romans-feministes\/#breadcrumb"},"inLanguage":"en-US","potentialAction":[{"@type":"ReadAction","target":["https:\/\/empow-her.com\/produit\/bookclub-11-les-romans-feministes\/"]}]},{"@type":"ImageObject","inLanguage":"en-US","@id":"https:\/\/empow-her.com\/produit\/bookclub-11-les-romans-feministes\/#primaryimage","url":"https:\/\/empow-her.com\/wp-content\/uploads\/2023\/05\/bookclub-9.png","contentUrl":"https:\/\/empow-her.com\/wp-content\/uploads\/2023\/05\/bookclub-9.png","width":1080,"height":1080},{"@type":"BreadcrumbList","@id":"https:\/\/empow-her.com\/produit\/bookclub-11-les-romans-feministes\/#breadcrumb","itemListElement":[{"@type":"ListItem","position":1,"name":"Accueil","item":"https:\/\/empow-her.com\/en\/landing-page\/"},{"@type":"ListItem","position":2,"name":"LA BOUTIQUE","item":"https:\/\/empow-her.com\/boutique\/"},{"@type":"ListItem","position":3,"name":"Bookclub #11 &#8211; Les romans f\u00e9ministes"}]},{"@type":"WebSite","@id":"https:\/\/empow-her.com\/#website","url":"https:\/\/empow-her.com\/","name":"Empow&#039;Her","description":"Women Development","potentialAction":[{"@type":"SearchAction","target":{"@type":"EntryPoint","urlTemplate":"https:\/\/empow-her.com\/?s={search_term_string}"},"query-input":{"@type":"PropertyValueSpecification","valueRequired":true,"valueName":"search_term_string"}}],"inLanguage":"en-US"}]}},"_links":{"self":[{"href":"https:\/\/empow-her.com\/en\/wp-json\/wp\/v2\/product\/166146","targetHints":{"allow":["GET"]}}],"collection":[{"href":"https:\/\/empow-her.com\/en\/wp-json\/wp\/v2\/product"}],"about":[{"href":"https:\/\/empow-her.com\/en\/wp-json\/wp\/v2\/types\/product"}],"wp:featuredmedia":[{"embeddable":true,"href":"https:\/\/empow-her.com\/en\/wp-json\/wp\/v2\/media\/166147"}],"wp:attachment":[{"href":"https:\/\/empow-her.com\/en\/wp-json\/wp\/v2\/media?parent=166146"}],"wp:term":[{"taxonomy":"product_brand","embeddable":true,"href":"https:\/\/empow-her.com\/en\/wp-json\/wp\/v2\/product_brand?post=166146"},{"taxonomy":"product_cat","embeddable":true,"href":"https:\/\/empow-her.com\/en\/wp-json\/wp\/v2\/product_cat?post=166146"},{"taxonomy":"product_tag","embeddable":true,"href":"https:\/\/empow-her.com\/en\/wp-json\/wp\/v2\/product_tag?post=166146"},{"taxonomy":"lieu","embeddable":true,"href":"https:\/\/empow-her.com\/en\/wp-json\/wp\/v2\/lieu?post=166146"},{"taxonomy":"thematiques","embeddable":true,"href":"https:\/\/empow-her.com\/en\/wp-json\/wp\/v2\/thematiques?post=166146"}],"curies":[{"name":"wp","href":"https:\/\/api.w.org\/{rel}","templated":true}]}}