{"id":166127,"date":"2023-05-15T16:18:36","date_gmt":"2023-05-15T14:18:36","guid":{"rendered":"https:\/\/empow-her.com\/?post_type=product&#038;p=166127"},"modified":"2023-05-15T16:54:52","modified_gmt":"2023-05-15T14:54:52","slug":"open-talk-grossophobie-estime-de-soi-et-insertion-professionnelle-quand-les-grosses-reprennent-le-pouvoir","status":"publish","type":"product","link":"https:\/\/empow-her.com\/en\/produit\/open-talk-grossophobie-estime-de-soi-et-insertion-professionnelle-quand-les-grosses-reprennent-le-pouvoir\/","title":{"rendered":"Open Talk Grossophobie, Estime de soi et Insertion professionnelle, &#8220;Quand les grosses (re)prennent le pouvoir&#8221;"},"content":{"rendered":"<p><span style=\"font-weight: 400;\">&#x1f4aa; <\/span>Les clefs pour reprendre confiance en soi pour lutter contre les pr\u00e9jug\u00e9s li\u00e9s au surpoids en milieu professionnel.<br \/>\nUn temps d&#8217;\u00e9change avec nos diff\u00e9rents intervenants, des t\u00e9moignages, des tips pour (re)prendre confiance quand on est victime de grossophobie en milieu professionnel.<br \/>\nComment l&#8217;identifier, comment r\u00e9agir, que faire pour am\u00e9liorer son estime de soi&#8230; ensemble nous allons tenter de r\u00e9pondre \u00e0 ces questions et trouver des pistes d&#8217;am\u00e9lioration.<br \/>\n<span style=\"font-weight: 400;\">&#x1f4f8; <\/span>En partenariat avec &#8220;Au creux du masque&#8221;, la photographe Juliette Lancel vous expliquera comment la photographie peut vous aider \u00e0 reprendre confiance en vous.<br \/>\nDurant la soir\u00e9e, trois participantes, tir\u00e9es au sort, auront la chance de remporter une s\u00e9ance photos professionnelles de 20 min ; l&#8217;occasion d&#8217;\u00eatre face \u00e0 l&#8217;objectif. La livraison de 3 photos sera faite sous 2 semaines.<\/p>\n<p>La table ronde d\u00e9butera \u00e0 18h30. La soir\u00e9e est organis\u00e9e par M.E.T.I.I.S, une jeune organisation qui a pour objectif de &#8220;Faire \u00e9merger le meilleur&#8230;&#8221; de chaque personne, de chaque entreprise, de chaque produit, de chaque talent, de chaque culture, en faisant se rencontrer des personnes de tous les horizons.<br \/>\nLeur action repose sur 3 convictions :<br \/>\n&#8211; Diversit\u00e9, source de richesse<br \/>\n&#8211; Ensemble, cr\u00e9ons de la valeur<br \/>\n&#8211; A la rencontre de soi, \u00e0 la rencontre de l&#8217;autre<\/p>\n<p>Infos pratiques :<br \/>\n&#x1f4c5; Jeudi 8 juin de 18h30 \u00e0 20h30<br \/>\n<img decoding=\"async\" src=\"https:\/\/static.xx.fbcdn.net\/images\/emoji.php\/v9\/t8b\/1.5\/16\/1f516.png\" alt=\"&#x1f516;\" width=\"16\" height=\"16\" \/>\u00a0R\u00e9servation gratuite obligatoire<\/p>\n<p>&#x1f4cd; Sist\u2019Her : 82 rue du Faubourg Saint-Martin 75010 Paris<br \/>\nOuvert en mars 2021, Sist\u2019Her est le premier tiers-lieu sorore, d\u00e9di\u00e9 aux entrepreneuses et \u00e0 l\u2019impact en \u00cele-de-France. Port\u00e9 par l\u2019association Empow\u2019Her, c\u2019est un lieu de formations et de rencontres inclusif et collaboratif, ouvert \u00e0 tou\u00b7te\u00b7s o\u00f9 il est possible de se former, s\u2019inspirer, s\u2019engager et se rencontrer.\u201d<\/p>\n<p>A tr\u00e8s vite !<\/p>\n","protected":false},"excerpt":{"rendered":"<p><span style=\"font-weight: 400;\">&#x1f4aa; <\/span>Les clefs pour reprendre confiance en soi pour lutter contre les pr\u00e9jug\u00e9s li\u00e9s au surpoids en milieu professionnel.<br \/>\nUn temps d&#8217;\u00e9change avec nos diff\u00e9rents intervenants, des t\u00e9moignages, des tips pour (re)prendre confiance quand on est victime de grossophobie en milieu professionnel.<br \/>\nComment l&#8217;identifier, comment r\u00e9agir, que faire pour am\u00e9liorer son estime de soi&#8230; ensemble nous allons tenter de r\u00e9pondre \u00e0 ces questions et trouver des pistes d&#8217;am\u00e9lioration.<br \/>\n<span style=\"font-weight: 400;\">&#x1f4f8; <\/span>En partenariat avec &#8220;Au creux du masque&#8221;, la photographe Juliette Lancel vous expliquera comment la photographie peut vous aider \u00e0 reprendre confiance en vous.<br \/>\nDurant la soir\u00e9e, trois participantes, tir\u00e9es au sort, auront la chance de remporter une s\u00e9ance photos professionnelles de 20 min ; l&#8217;occasion d&#8217;\u00eatre face \u00e0 l&#8217;objectif. La livraison de 3 photos sera faite sous 2 semaines.<\/p>\n<p>La table ronde d\u00e9butera \u00e0 18h30. La soir\u00e9e est organis\u00e9e par M.E.T.I.I.S, une jeune organisation qui a pour objectif de &#8220;Faire \u00e9merger le meilleur&#8230;&#8221; de chaque personne, de chaque entreprise, de chaque produit, de chaque talent, de chaque culture, en faisant se rencontrer des personnes de tous les horizons.<br \/>\nLeur action repose sur 3 convictions :<br \/>\n&#8211; Diversit\u00e9, source de richesse<br \/>\n&#8211; Ensemble, cr\u00e9ons de la valeur<br \/>\n&#8211; A la rencontre de soi, \u00e0 la rencontre de l&#8217;autre<\/p>\n<p>Infos pratiques :<br \/>\n&#x1f4c5; Jeudi 8 juin de 18h30 \u00e0 20h30<br \/>\n<img decoding=\"async\" src=\"https:\/\/static.xx.fbcdn.net\/images\/emoji.php\/v9\/t8b\/1.5\/16\/1f516.png\" alt=\"&#x1f516;\" width=\"16\" height=\"16\" \/>\u00a0R\u00e9servation gratuite obligatoire<\/p>\n<p>&#x1f4cd; Sist\u2019Her : 82 rue du Faubourg Saint-Martin 75010 Paris<br \/>\nOuvert en mars 2021, Sist\u2019Her est le premier tiers-lieu sorore, d\u00e9di\u00e9 aux entrepreneuses et \u00e0 l\u2019impact en \u00cele-de-France. Port\u00e9 par l\u2019association Empow\u2019Her, c\u2019est un lieu de formations et de rencontres inclusif et collaboratif, ouvert \u00e0 tou\u00b7te\u00b7s o\u00f9 il est possible de se former, s\u2019inspirer, s\u2019engager et se rencontrer.\u201d<\/p>\n<p>A tr\u00e8s vite !<\/p>\n","protected":false},"featured_media":166130,"template":"","format":"standard","meta":{"_acf_changed":false,"om_disable_all_campaigns":false,"_uf_show_specific_survey":0,"_uf_disable_surveys":false},"product_brand":[],"product_cat":[119],"product_tag":[],"lieu":[127],"thematiques":[],"class_list":{"0":"post-166127","1":"product","2":"type-product","3":"status-publish","4":"format-standard","5":"has-post-thumbnail","7":"product_cat-evenement-sisther","8":"lieu-hub-empowher","10":"first","11":"instock","12":"virtual","13":"purchasable","14":"product-type-appointment"},"exclude_global_add_ons":[],"addons":[],"acf":[],"yoast_head":"<!-- This site is optimized with the Yoast SEO plugin v24.8 - https:\/\/yoast.com\/wordpress\/plugins\/seo\/ -->\n<title>Open Talk Grossophobie, Estime de soi et Insertion professionnelle<\/title>\n<meta name=\"description\" content=\"Viens \u00e9changer avec les diff\u00e9rents intervenants sur la grossophobie en milieu professionnel chez Sist&#039;Her le 8 juin \u00e0 18h30.\" \/>\n<meta name=\"robots\" content=\"index, follow, max-snippet:-1, max-image-preview:large, max-video-preview:-1\" \/>\n<link rel=\"canonical\" href=\"https:\/\/empow-her.com\/produit\/open-talk-grossophobie-estime-de-soi-et-insertion-professionnelle-quand-les-grosses-reprennent-le-pouvoir\/\" \/>\n<meta property=\"og:locale\" content=\"en_US\" \/>\n<meta property=\"og:type\" content=\"article\" \/>\n<meta property=\"og:title\" content=\"Open Talk Grossophobie, Estime de soi et Insertion professionnelle\" \/>\n<meta property=\"og:description\" content=\"Viens \u00e9changer avec les diff\u00e9rents intervenants sur la grossophobie en milieu professionnel chez Sist&#039;Her le 8 juin \u00e0 18h30.\" \/>\n<meta property=\"og:url\" content=\"https:\/\/empow-her.com\/produit\/open-talk-grossophobie-estime-de-soi-et-insertion-professionnelle-quand-les-grosses-reprennent-le-pouvoir\/\" \/>\n<meta property=\"og:site_name\" content=\"Empow&#039;Her\" \/>\n<meta property=\"article:modified_time\" content=\"2023-05-15T14:54:52+00:00\" \/>\n<meta property=\"og:image\" content=\"https:\/\/empow-her.com\/wp-content\/uploads\/2023\/05\/metiis.png\" \/>\n\t<meta property=\"og:image:width\" content=\"1080\" \/>\n\t<meta property=\"og:image:height\" content=\"1080\" \/>\n\t<meta property=\"og:image:type\" content=\"image\/png\" \/>\n<meta name=\"twitter:card\" content=\"summary_large_image\" \/>\n<meta name=\"twitter:label1\" content=\"Est. reading time\" \/>\n\t<meta name=\"twitter:data1\" content=\"2 minutes\" \/>\n<script type=\"application\/ld+json\" class=\"yoast-schema-graph\">{\"@context\":\"https:\/\/schema.org\",\"@graph\":[{\"@type\":\"WebPage\",\"@id\":\"https:\/\/empow-her.com\/produit\/open-talk-grossophobie-estime-de-soi-et-insertion-professionnelle-quand-les-grosses-reprennent-le-pouvoir\/\",\"url\":\"https:\/\/empow-her.com\/produit\/open-talk-grossophobie-estime-de-soi-et-insertion-professionnelle-quand-les-grosses-reprennent-le-pouvoir\/\",\"name\":\"Open Talk Grossophobie, Estime de soi et Insertion professionnelle\",\"isPartOf\":{\"@id\":\"https:\/\/empow-her.com\/#website\"},\"primaryImageOfPage\":{\"@id\":\"https:\/\/empow-her.com\/produit\/open-talk-grossophobie-estime-de-soi-et-insertion-professionnelle-quand-les-grosses-reprennent-le-pouvoir\/#primaryimage\"},\"image\":{\"@id\":\"https:\/\/empow-her.com\/produit\/open-talk-grossophobie-estime-de-soi-et-insertion-professionnelle-quand-les-grosses-reprennent-le-pouvoir\/#primaryimage\"},\"thumbnailUrl\":\"https:\/\/empow-her.com\/wp-content\/uploads\/2023\/05\/metiis.png\",\"datePublished\":\"2023-05-15T14:18:36+00:00\",\"dateModified\":\"2023-05-15T14:54:52+00:00\",\"description\":\"Viens \u00e9changer avec les diff\u00e9rents intervenants sur la grossophobie en milieu professionnel chez Sist'Her le 8 juin \u00e0 18h30.\",\"breadcrumb\":{\"@id\":\"https:\/\/empow-her.com\/produit\/open-talk-grossophobie-estime-de-soi-et-insertion-professionnelle-quand-les-grosses-reprennent-le-pouvoir\/#breadcrumb\"},\"inLanguage\":\"en-US\",\"potentialAction\":[{\"@type\":\"ReadAction\",\"target\":[\"https:\/\/empow-her.com\/produit\/open-talk-grossophobie-estime-de-soi-et-insertion-professionnelle-quand-les-grosses-reprennent-le-pouvoir\/\"]}]},{\"@type\":\"ImageObject\",\"inLanguage\":\"en-US\",\"@id\":\"https:\/\/empow-her.com\/produit\/open-talk-grossophobie-estime-de-soi-et-insertion-professionnelle-quand-les-grosses-reprennent-le-pouvoir\/#primaryimage\",\"url\":\"https:\/\/empow-her.com\/wp-content\/uploads\/2023\/05\/metiis.png\",\"contentUrl\":\"https:\/\/empow-her.com\/wp-content\/uploads\/2023\/05\/metiis.png\",\"width\":1080,\"height\":1080},{\"@type\":\"BreadcrumbList\",\"@id\":\"https:\/\/empow-her.com\/produit\/open-talk-grossophobie-estime-de-soi-et-insertion-professionnelle-quand-les-grosses-reprennent-le-pouvoir\/#breadcrumb\",\"itemListElement\":[{\"@type\":\"ListItem\",\"position\":1,\"name\":\"Accueil\",\"item\":\"https:\/\/empow-her.com\/en\/landing-page\/\"},{\"@type\":\"ListItem\",\"position\":2,\"name\":\"LA BOUTIQUE\",\"item\":\"https:\/\/empow-her.com\/boutique\/\"},{\"@type\":\"ListItem\",\"position\":3,\"name\":\"Open Talk Grossophobie, Estime de soi et Insertion professionnelle, &#8220;Quand les grosses (re)prennent le pouvoir&#8221;\"}]},{\"@type\":\"WebSite\",\"@id\":\"https:\/\/empow-her.com\/#website\",\"url\":\"https:\/\/empow-her.com\/\",\"name\":\"Empow&#039;Her\",\"description\":\"Women Development\",\"potentialAction\":[{\"@type\":\"SearchAction\",\"target\":{\"@type\":\"EntryPoint\",\"urlTemplate\":\"https:\/\/empow-her.com\/?s={search_term_string}\"},\"query-input\":{\"@type\":\"PropertyValueSpecification\",\"valueRequired\":true,\"valueName\":\"search_term_string\"}}],\"inLanguage\":\"en-US\"}]}<\/script>\n<!-- \/ Yoast SEO plugin. -->","yoast_head_json":{"title":"Open Talk Grossophobie, Estime de soi et Insertion professionnelle","description":"Viens \u00e9changer avec les diff\u00e9rents intervenants sur la grossophobie en milieu professionnel chez Sist'Her le 8 juin \u00e0 18h30.","robots":{"index":"index","follow":"follow","max-snippet":"max-snippet:-1","max-image-preview":"max-image-preview:large","max-video-preview":"max-video-preview:-1"},"canonical":"https:\/\/empow-her.com\/produit\/open-talk-grossophobie-estime-de-soi-et-insertion-professionnelle-quand-les-grosses-reprennent-le-pouvoir\/","og_locale":"en_US","og_type":"article","og_title":"Open Talk Grossophobie, Estime de soi et Insertion professionnelle","og_description":"Viens \u00e9changer avec les diff\u00e9rents intervenants sur la grossophobie en milieu professionnel chez Sist'Her le 8 juin \u00e0 18h30.","og_url":"https:\/\/empow-her.com\/produit\/open-talk-grossophobie-estime-de-soi-et-insertion-professionnelle-quand-les-grosses-reprennent-le-pouvoir\/","og_site_name":"Empow&#039;Her","article_modified_time":"2023-05-15T14:54:52+00:00","og_image":[{"width":1080,"height":1080,"url":"https:\/\/empow-her.com\/wp-content\/uploads\/2023\/05\/metiis.png","type":"image\/png"}],"twitter_card":"summary_large_image","twitter_misc":{"Est. reading time":"2 minutes"},"schema":{"@context":"https:\/\/schema.org","@graph":[{"@type":"WebPage","@id":"https:\/\/empow-her.com\/produit\/open-talk-grossophobie-estime-de-soi-et-insertion-professionnelle-quand-les-grosses-reprennent-le-pouvoir\/","url":"https:\/\/empow-her.com\/produit\/open-talk-grossophobie-estime-de-soi-et-insertion-professionnelle-quand-les-grosses-reprennent-le-pouvoir\/","name":"Open Talk Grossophobie, Estime de soi et Insertion professionnelle","isPartOf":{"@id":"https:\/\/empow-her.com\/#website"},"primaryImageOfPage":{"@id":"https:\/\/empow-her.com\/produit\/open-talk-grossophobie-estime-de-soi-et-insertion-professionnelle-quand-les-grosses-reprennent-le-pouvoir\/#primaryimage"},"image":{"@id":"https:\/\/empow-her.com\/produit\/open-talk-grossophobie-estime-de-soi-et-insertion-professionnelle-quand-les-grosses-reprennent-le-pouvoir\/#primaryimage"},"thumbnailUrl":"https:\/\/empow-her.com\/wp-content\/uploads\/2023\/05\/metiis.png","datePublished":"2023-05-15T14:18:36+00:00","dateModified":"2023-05-15T14:54:52+00:00","description":"Viens \u00e9changer avec les diff\u00e9rents intervenants sur la grossophobie en milieu professionnel chez Sist'Her le 8 juin \u00e0 18h30.","breadcrumb":{"@id":"https:\/\/empow-her.com\/produit\/open-talk-grossophobie-estime-de-soi-et-insertion-professionnelle-quand-les-grosses-reprennent-le-pouvoir\/#breadcrumb"},"inLanguage":"en-US","potentialAction":[{"@type":"ReadAction","target":["https:\/\/empow-her.com\/produit\/open-talk-grossophobie-estime-de-soi-et-insertion-professionnelle-quand-les-grosses-reprennent-le-pouvoir\/"]}]},{"@type":"ImageObject","inLanguage":"en-US","@id":"https:\/\/empow-her.com\/produit\/open-talk-grossophobie-estime-de-soi-et-insertion-professionnelle-quand-les-grosses-reprennent-le-pouvoir\/#primaryimage","url":"https:\/\/empow-her.com\/wp-content\/uploads\/2023\/05\/metiis.png","contentUrl":"https:\/\/empow-her.com\/wp-content\/uploads\/2023\/05\/metiis.png","width":1080,"height":1080},{"@type":"BreadcrumbList","@id":"https:\/\/empow-her.com\/produit\/open-talk-grossophobie-estime-de-soi-et-insertion-professionnelle-quand-les-grosses-reprennent-le-pouvoir\/#breadcrumb","itemListElement":[{"@type":"ListItem","position":1,"name":"Accueil","item":"https:\/\/empow-her.com\/en\/landing-page\/"},{"@type":"ListItem","position":2,"name":"LA BOUTIQUE","item":"https:\/\/empow-her.com\/boutique\/"},{"@type":"ListItem","position":3,"name":"Open Talk Grossophobie, Estime de soi et Insertion professionnelle, &#8220;Quand les grosses (re)prennent le pouvoir&#8221;"}]},{"@type":"WebSite","@id":"https:\/\/empow-her.com\/#website","url":"https:\/\/empow-her.com\/","name":"Empow&#039;Her","description":"Women Development","potentialAction":[{"@type":"SearchAction","target":{"@type":"EntryPoint","urlTemplate":"https:\/\/empow-her.com\/?s={search_term_string}"},"query-input":{"@type":"PropertyValueSpecification","valueRequired":true,"valueName":"search_term_string"}}],"inLanguage":"en-US"}]}},"_links":{"self":[{"href":"https:\/\/empow-her.com\/en\/wp-json\/wp\/v2\/product\/166127","targetHints":{"allow":["GET"]}}],"collection":[{"href":"https:\/\/empow-her.com\/en\/wp-json\/wp\/v2\/product"}],"about":[{"href":"https:\/\/empow-her.com\/en\/wp-json\/wp\/v2\/types\/product"}],"wp:featuredmedia":[{"embeddable":true,"href":"https:\/\/empow-her.com\/en\/wp-json\/wp\/v2\/media\/166130"}],"wp:attachment":[{"href":"https:\/\/empow-her.com\/en\/wp-json\/wp\/v2\/media?parent=166127"}],"wp:term":[{"taxonomy":"product_brand","embeddable":true,"href":"https:\/\/empow-her.com\/en\/wp-json\/wp\/v2\/product_brand?post=166127"},{"taxonomy":"product_cat","embeddable":true,"href":"https:\/\/empow-her.com\/en\/wp-json\/wp\/v2\/product_cat?post=166127"},{"taxonomy":"product_tag","embeddable":true,"href":"https:\/\/empow-her.com\/en\/wp-json\/wp\/v2\/product_tag?post=166127"},{"taxonomy":"lieu","embeddable":true,"href":"https:\/\/empow-her.com\/en\/wp-json\/wp\/v2\/lieu?post=166127"},{"taxonomy":"thematiques","embeddable":true,"href":"https:\/\/empow-her.com\/en\/wp-json\/wp\/v2\/thematiques?post=166127"}],"curies":[{"name":"wp","href":"https:\/\/api.w.org\/{rel}","templated":true}]}}