{"id":164455,"date":"2023-05-09T16:35:09","date_gmt":"2023-05-09T14:35:09","guid":{"rendered":"https:\/\/empow-her.com\/?post_type=product&#038;p=164455"},"modified":"2023-05-09T16:39:55","modified_gmt":"2023-05-09T14:39:55","slug":"new-atelier-mieux-vivre-lascenseur-emotionnel-de-lentrepreneuriat","status":"publish","type":"product","link":"https:\/\/empow-her.com\/en\/produit\/new-atelier-mieux-vivre-lascenseur-emotionnel-de-lentrepreneuriat\/","title":{"rendered":"NEW &#8211; Atelier Mieux vivre l&#8217;ascenseur \u00e9motionnel de l&#8217;entrepreneuriat"},"content":{"rendered":"","protected":false},"excerpt":{"rendered":"<p><strong>Description<\/strong> :<\/p>\n<p><strong>Besoin<\/strong> : \u00ab J\u2019aimerais mieux vivre cet ascenseur \u00e9motionnel qu&#8217;est l&#8217;entrepreneuriat. Parfois je me sens pleine d&#8217;\u00e9nergie, boost\u00e9e \u00e0 bloc, pr\u00eate \u00e0 d\u00e9placer desmontagnes et parfois jeme sens \u00e0 plat, avecmoins d&#8217;entrain ou bloqu\u00e9e par des craintes&#8230; \u00bb<\/p>\n<p><strong> Objectif :<\/strong> Si cette phrase r\u00e9sonne alors cet atelier pourra vous donner des cl\u00e9s pour mieux identifier, comprendre, accueillir, r\u00e9guler ou \u00ab utiliser \u00bb vos \u00e9motions \u00e0 bon escient. L&#8217;aventure entrepreneuriale est un v\u00e9ritable ascenseur \u00e9motionnel. L&#8217;\u00e9nergie fluctue et cela peut \u00eatre v\u00e9ritablement \u00e9prouvant. Ceci-dit, nos \u00e9motions sont une v\u00e9ritable source d&#8217;information, de r\u00e9flexion et d&#8217;actions. Le v\u00e9ritable enjeu est d&#8217;apprendre \u00e0 les d\u00e9crypter pour avancer avec sens et lucidit\u00e9.<\/p>\n<p>Cet atelier est un espace-temps en collectif pour d\u00e9velopper les comp\u00e9tences suivantes :<\/p>\n<p>\u2022 Identifier vos \u00e9motions du moment en \u00e9largissant votre vocabulaire \u00e9motionnel<\/p>\n<p>\u2022 Mieux comprendre leurs messages et leurs fonctions cl\u00e9s<\/p>\n<p>\u2022 Les r\u00e9guler si n\u00e9cessaire gr\u00e2ce \u00e0 l&#8217;approche SERT\u00a9<\/p>\n<p>\u2022 Clarifier les actions concr\u00e8tes adapt\u00e9es pour avancer avec lucidit\u00e9<\/p>\n<p><strong>Intervenant.e.s : C\u00e9cile Petit de l&#8217;agence Bulles<\/strong><\/p>\n<p>J&#8217;ai cette intime conviction : une vie professionnelle \u00e9panouissante s&#8217;appuie sur la qualit\u00e9 de notre relation \u00e0 nous-m\u00eames, aux autres et \u00e0 notre environnement et sur la qualit\u00e9 de notre pr\u00e9sence ici et maintenant. Psychologue du travail, coach professionnelle et m\u00e9diatrice, j&#8217;ai co-fond\u00e9 l\u2019Agence Bulles avec ma s\u0153ur-associ\u00e9e Sophie.<\/p>\n<p><strong>Son super pouvoir<\/strong> : Co-d\u00e9tective priv\u00e9e aupr\u00e8s de mes accompagn\u00e9.e.s. gr\u00e2ce \u00e0 l&#8217;art du dialogue<\/p>\n<p><strong>Son petit mot<\/strong> : L&#8217;aventure entrepreneuriale est une v\u00e9ritable exp\u00e9rience \u00e9motionnelle. Alors appuyons-nous du mieux possible sur ce qui nous met en joie. Cela nous encourage \u00e0 mettre du c\u0153ur \u00e0 l&#8217;ouvrage et \u00e0 \u0153uvrer avec c\u0153ur au sein de notre \u00e9cosyst\u00e8me !<\/p>\n<p><strong> Lieu<\/strong> : Sist&#8217;Her Paris, 82 rue du Faubourg Saint-Martin<\/p>\n<p><strong>Attention !<\/strong> Veuillez vous pr\u00e9senter \u00e0 l&#8217;heure pour que l&#8217;activit\u00e9 puisse commencer \u00e0 temps. Si vous avez du retard veuillez pr\u00e9venir l&#8217;intervenant.e. Si vous avez plus de 15 min de retard l&#8217;intervenant.e se r\u00e9serve le droit de ne plus vous accepter pour le coaching ou l&#8217;atelier.<\/p>\n","protected":false},"featured_media":164456,"template":"","format":"standard","meta":{"_acf_changed":false,"om_disable_all_campaigns":false,"_uf_show_specific_survey":0,"_uf_disable_surveys":false},"product_brand":[],"product_cat":[118],"product_tag":[],"lieu":[127],"thematiques":[],"class_list":{"0":"post-164455","1":"product","2":"type-product","3":"status-publish","4":"format-standard","5":"has-post-thumbnail","7":"product_cat-atelier-collectif","8":"lieu-hub-empowher","10":"first","11":"instock","12":"virtual","13":"purchasable","14":"product-type-appointment"},"exclude_global_add_ons":[],"addons":[],"acf":[],"yoast_head":"<!-- This site is optimized with the Yoast SEO plugin v24.8 - https:\/\/yoast.com\/wordpress\/plugins\/seo\/ -->\n<title>NEW - Atelier Mieux vivre l&#039;ascenseur \u00e9motionnel de l&#039;entrepreneuriat - Empow&#039;Her<\/title>\n<meta name=\"robots\" content=\"index, follow, max-snippet:-1, max-image-preview:large, max-video-preview:-1\" \/>\n<link rel=\"canonical\" href=\"https:\/\/empow-her.com\/produit\/new-atelier-mieux-vivre-lascenseur-emotionnel-de-lentrepreneuriat\/\" \/>\n<meta property=\"og:locale\" content=\"en_US\" \/>\n<meta property=\"og:type\" content=\"article\" \/>\n<meta property=\"og:title\" content=\"NEW - Atelier Mieux vivre l&#039;ascenseur \u00e9motionnel de l&#039;entrepreneuriat - Empow&#039;Her\" \/>\n<meta property=\"og:description\" content=\"Description :  Besoin : \u00ab J\u2019aimerais mieux vivre cet ascenseur \u00e9motionnel qu&#039;est l&#039;entrepreneuriat. Parfois je me sens pleine d&#039;\u00e9nergie, boost\u00e9e \u00e0 bloc, pr\u00eate \u00e0 d\u00e9placer desmontagnes et parfois jeme sens \u00e0 plat, avecmoins d&#039;entrain ou bloqu\u00e9e par des craintes... \u00bb   Objectif : Si cette phrase r\u00e9sonne alors cet atelier pourra vous donner des cl\u00e9s pour mieux identifier, comprendre, accueillir, r\u00e9guler ou \u00ab utiliser \u00bb vos \u00e9motions \u00e0 bon escient. L&#039;aventure entrepreneuriale est un v\u00e9ritable ascenseur \u00e9motionnel. L&#039;\u00e9nergie fluctue et cela peut \u00eatre v\u00e9ritablement \u00e9prouvant. Ceci-dit, nos \u00e9motions sont une v\u00e9ritable source d&#039;information, de r\u00e9flexion et d&#039;actions. Le v\u00e9ritable enjeu est d&#039;apprendre \u00e0 les d\u00e9crypter pour avancer avec sens et lucidit\u00e9.  Cet atelier est un espace-temps en collectif pour d\u00e9velopper les comp\u00e9tences suivantes :  \u2022 Identifier vos \u00e9motions du moment en \u00e9largissant votre vocabulaire \u00e9motionnel  \u2022 Mieux comprendre leurs messages et leurs fonctions cl\u00e9s  \u2022 Les r\u00e9guler si n\u00e9cessaire gr\u00e2ce \u00e0 l&#039;approche SERT\u00a9  \u2022 Clarifier les actions concr\u00e8tes adapt\u00e9es pour avancer avec lucidit\u00e9  Intervenant.e.s : C\u00e9cile Petit de l&#039;agence Bulles  J&#039;ai cette intime conviction : une vie professionnelle \u00e9panouissante s&#039;appuie sur la qualit\u00e9 de notre relation \u00e0 nous-m\u00eames, aux autres et \u00e0 notre environnement et sur la qualit\u00e9 de notre pr\u00e9sence ici et maintenant. Psychologue du travail, coach professionnelle et m\u00e9diatrice, j&#039;ai co-fond\u00e9 l\u2019Agence Bulles avec ma s\u0153ur-associ\u00e9e Sophie.  Son super pouvoir : Co-d\u00e9tective priv\u00e9e aupr\u00e8s de mes accompagn\u00e9.e.s. gr\u00e2ce \u00e0 l&#039;art du dialogue  Son petit mot : L&#039;aventure entrepreneuriale est une v\u00e9ritable exp\u00e9rience \u00e9motionnelle. Alors appuyons-nous du mieux possible sur ce qui nous met en joie. Cela nous encourage \u00e0 mettre du c\u0153ur \u00e0 l&#039;ouvrage et \u00e0 \u0153uvrer avec c\u0153ur au sein de notre \u00e9cosyst\u00e8me !   Lieu : Sist&#039;Her Paris, 82 rue du Faubourg Saint-Martin  Attention ! Veuillez vous pr\u00e9senter \u00e0 l&#039;heure pour que l&#039;activit\u00e9 puisse commencer \u00e0 temps. Si vous avez du retard veuillez pr\u00e9venir l&#039;intervenant.e. Si vous avez plus de 15 min de retard l&#039;intervenant.e se r\u00e9serve le droit de ne plus vous accepter pour le coaching ou l&#039;atelier.\" \/>\n<meta property=\"og:url\" content=\"https:\/\/empow-her.com\/produit\/new-atelier-mieux-vivre-lascenseur-emotionnel-de-lentrepreneuriat\/\" \/>\n<meta property=\"og:site_name\" content=\"Empow&#039;Her\" \/>\n<meta property=\"article:modified_time\" content=\"2023-05-09T14:39:55+00:00\" \/>\n<meta property=\"og:image\" content=\"https:\/\/empow-her.com\/wp-content\/uploads\/2023\/05\/Women-Dare-templates-events-2023-05-09T163125.037.png\" \/>\n\t<meta property=\"og:image:width\" content=\"1080\" \/>\n\t<meta property=\"og:image:height\" content=\"1080\" \/>\n\t<meta property=\"og:image:type\" content=\"image\/png\" \/>\n<meta name=\"twitter:card\" content=\"summary_large_image\" \/>\n<script type=\"application\/ld+json\" class=\"yoast-schema-graph\">{\"@context\":\"https:\/\/schema.org\",\"@graph\":[{\"@type\":\"WebPage\",\"@id\":\"https:\/\/empow-her.com\/produit\/new-atelier-mieux-vivre-lascenseur-emotionnel-de-lentrepreneuriat\/\",\"url\":\"https:\/\/empow-her.com\/produit\/new-atelier-mieux-vivre-lascenseur-emotionnel-de-lentrepreneuriat\/\",\"name\":\"NEW - Atelier Mieux vivre l'ascenseur \u00e9motionnel de l'entrepreneuriat - Empow&#039;Her\",\"isPartOf\":{\"@id\":\"https:\/\/empow-her.com\/#website\"},\"primaryImageOfPage\":{\"@id\":\"https:\/\/empow-her.com\/produit\/new-atelier-mieux-vivre-lascenseur-emotionnel-de-lentrepreneuriat\/#primaryimage\"},\"image\":{\"@id\":\"https:\/\/empow-her.com\/produit\/new-atelier-mieux-vivre-lascenseur-emotionnel-de-lentrepreneuriat\/#primaryimage\"},\"thumbnailUrl\":\"https:\/\/empow-her.com\/wp-content\/uploads\/2023\/05\/Women-Dare-templates-events-2023-05-09T163125.037.png\",\"datePublished\":\"2023-05-09T14:35:09+00:00\",\"dateModified\":\"2023-05-09T14:39:55+00:00\",\"breadcrumb\":{\"@id\":\"https:\/\/empow-her.com\/produit\/new-atelier-mieux-vivre-lascenseur-emotionnel-de-lentrepreneuriat\/#breadcrumb\"},\"inLanguage\":\"en-US\",\"potentialAction\":[{\"@type\":\"ReadAction\",\"target\":[\"https:\/\/empow-her.com\/produit\/new-atelier-mieux-vivre-lascenseur-emotionnel-de-lentrepreneuriat\/\"]}]},{\"@type\":\"ImageObject\",\"inLanguage\":\"en-US\",\"@id\":\"https:\/\/empow-her.com\/produit\/new-atelier-mieux-vivre-lascenseur-emotionnel-de-lentrepreneuriat\/#primaryimage\",\"url\":\"https:\/\/empow-her.com\/wp-content\/uploads\/2023\/05\/Women-Dare-templates-events-2023-05-09T163125.037.png\",\"contentUrl\":\"https:\/\/empow-her.com\/wp-content\/uploads\/2023\/05\/Women-Dare-templates-events-2023-05-09T163125.037.png\",\"width\":1080,\"height\":1080},{\"@type\":\"BreadcrumbList\",\"@id\":\"https:\/\/empow-her.com\/produit\/new-atelier-mieux-vivre-lascenseur-emotionnel-de-lentrepreneuriat\/#breadcrumb\",\"itemListElement\":[{\"@type\":\"ListItem\",\"position\":1,\"name\":\"Accueil\",\"item\":\"https:\/\/empow-her.com\/en\/landing-page\/\"},{\"@type\":\"ListItem\",\"position\":2,\"name\":\"LA BOUTIQUE\",\"item\":\"https:\/\/empow-her.com\/boutique\/\"},{\"@type\":\"ListItem\",\"position\":3,\"name\":\"NEW &#8211; Atelier Mieux vivre l&#8217;ascenseur \u00e9motionnel de l&#8217;entrepreneuriat\"}]},{\"@type\":\"WebSite\",\"@id\":\"https:\/\/empow-her.com\/#website\",\"url\":\"https:\/\/empow-her.com\/\",\"name\":\"Empow&#039;Her\",\"description\":\"Women Development\",\"potentialAction\":[{\"@type\":\"SearchAction\",\"target\":{\"@type\":\"EntryPoint\",\"urlTemplate\":\"https:\/\/empow-her.com\/?s={search_term_string}\"},\"query-input\":{\"@type\":\"PropertyValueSpecification\",\"valueRequired\":true,\"valueName\":\"search_term_string\"}}],\"inLanguage\":\"en-US\"}]}<\/script>\n<!-- \/ Yoast SEO plugin. -->","yoast_head_json":{"title":"NEW - Atelier Mieux vivre l'ascenseur \u00e9motionnel de l'entrepreneuriat - Empow&#039;Her","robots":{"index":"index","follow":"follow","max-snippet":"max-snippet:-1","max-image-preview":"max-image-preview:large","max-video-preview":"max-video-preview:-1"},"canonical":"https:\/\/empow-her.com\/produit\/new-atelier-mieux-vivre-lascenseur-emotionnel-de-lentrepreneuriat\/","og_locale":"en_US","og_type":"article","og_title":"NEW - Atelier Mieux vivre l'ascenseur \u00e9motionnel de l'entrepreneuriat - Empow&#039;Her","og_description":"Description :  Besoin : \u00ab J\u2019aimerais mieux vivre cet ascenseur \u00e9motionnel qu'est l'entrepreneuriat. Parfois je me sens pleine d'\u00e9nergie, boost\u00e9e \u00e0 bloc, pr\u00eate \u00e0 d\u00e9placer desmontagnes et parfois jeme sens \u00e0 plat, avecmoins d'entrain ou bloqu\u00e9e par des craintes... \u00bb   Objectif : Si cette phrase r\u00e9sonne alors cet atelier pourra vous donner des cl\u00e9s pour mieux identifier, comprendre, accueillir, r\u00e9guler ou \u00ab utiliser \u00bb vos \u00e9motions \u00e0 bon escient. L'aventure entrepreneuriale est un v\u00e9ritable ascenseur \u00e9motionnel. L'\u00e9nergie fluctue et cela peut \u00eatre v\u00e9ritablement \u00e9prouvant. Ceci-dit, nos \u00e9motions sont une v\u00e9ritable source d'information, de r\u00e9flexion et d'actions. Le v\u00e9ritable enjeu est d'apprendre \u00e0 les d\u00e9crypter pour avancer avec sens et lucidit\u00e9.  Cet atelier est un espace-temps en collectif pour d\u00e9velopper les comp\u00e9tences suivantes :  \u2022 Identifier vos \u00e9motions du moment en \u00e9largissant votre vocabulaire \u00e9motionnel  \u2022 Mieux comprendre leurs messages et leurs fonctions cl\u00e9s  \u2022 Les r\u00e9guler si n\u00e9cessaire gr\u00e2ce \u00e0 l'approche SERT\u00a9  \u2022 Clarifier les actions concr\u00e8tes adapt\u00e9es pour avancer avec lucidit\u00e9  Intervenant.e.s : C\u00e9cile Petit de l'agence Bulles  J'ai cette intime conviction : une vie professionnelle \u00e9panouissante s'appuie sur la qualit\u00e9 de notre relation \u00e0 nous-m\u00eames, aux autres et \u00e0 notre environnement et sur la qualit\u00e9 de notre pr\u00e9sence ici et maintenant. Psychologue du travail, coach professionnelle et m\u00e9diatrice, j'ai co-fond\u00e9 l\u2019Agence Bulles avec ma s\u0153ur-associ\u00e9e Sophie.  Son super pouvoir : Co-d\u00e9tective priv\u00e9e aupr\u00e8s de mes accompagn\u00e9.e.s. gr\u00e2ce \u00e0 l'art du dialogue  Son petit mot : L'aventure entrepreneuriale est une v\u00e9ritable exp\u00e9rience \u00e9motionnelle. Alors appuyons-nous du mieux possible sur ce qui nous met en joie. Cela nous encourage \u00e0 mettre du c\u0153ur \u00e0 l'ouvrage et \u00e0 \u0153uvrer avec c\u0153ur au sein de notre \u00e9cosyst\u00e8me !   Lieu : Sist'Her Paris, 82 rue du Faubourg Saint-Martin  Attention ! Veuillez vous pr\u00e9senter \u00e0 l'heure pour que l'activit\u00e9 puisse commencer \u00e0 temps. Si vous avez du retard veuillez pr\u00e9venir l'intervenant.e. Si vous avez plus de 15 min de retard l'intervenant.e se r\u00e9serve le droit de ne plus vous accepter pour le coaching ou l'atelier.","og_url":"https:\/\/empow-her.com\/produit\/new-atelier-mieux-vivre-lascenseur-emotionnel-de-lentrepreneuriat\/","og_site_name":"Empow&#039;Her","article_modified_time":"2023-05-09T14:39:55+00:00","og_image":[{"width":1080,"height":1080,"url":"https:\/\/empow-her.com\/wp-content\/uploads\/2023\/05\/Women-Dare-templates-events-2023-05-09T163125.037.png","type":"image\/png"}],"twitter_card":"summary_large_image","schema":{"@context":"https:\/\/schema.org","@graph":[{"@type":"WebPage","@id":"https:\/\/empow-her.com\/produit\/new-atelier-mieux-vivre-lascenseur-emotionnel-de-lentrepreneuriat\/","url":"https:\/\/empow-her.com\/produit\/new-atelier-mieux-vivre-lascenseur-emotionnel-de-lentrepreneuriat\/","name":"NEW - Atelier Mieux vivre l'ascenseur \u00e9motionnel de l'entrepreneuriat - Empow&#039;Her","isPartOf":{"@id":"https:\/\/empow-her.com\/#website"},"primaryImageOfPage":{"@id":"https:\/\/empow-her.com\/produit\/new-atelier-mieux-vivre-lascenseur-emotionnel-de-lentrepreneuriat\/#primaryimage"},"image":{"@id":"https:\/\/empow-her.com\/produit\/new-atelier-mieux-vivre-lascenseur-emotionnel-de-lentrepreneuriat\/#primaryimage"},"thumbnailUrl":"https:\/\/empow-her.com\/wp-content\/uploads\/2023\/05\/Women-Dare-templates-events-2023-05-09T163125.037.png","datePublished":"2023-05-09T14:35:09+00:00","dateModified":"2023-05-09T14:39:55+00:00","breadcrumb":{"@id":"https:\/\/empow-her.com\/produit\/new-atelier-mieux-vivre-lascenseur-emotionnel-de-lentrepreneuriat\/#breadcrumb"},"inLanguage":"en-US","potentialAction":[{"@type":"ReadAction","target":["https:\/\/empow-her.com\/produit\/new-atelier-mieux-vivre-lascenseur-emotionnel-de-lentrepreneuriat\/"]}]},{"@type":"ImageObject","inLanguage":"en-US","@id":"https:\/\/empow-her.com\/produit\/new-atelier-mieux-vivre-lascenseur-emotionnel-de-lentrepreneuriat\/#primaryimage","url":"https:\/\/empow-her.com\/wp-content\/uploads\/2023\/05\/Women-Dare-templates-events-2023-05-09T163125.037.png","contentUrl":"https:\/\/empow-her.com\/wp-content\/uploads\/2023\/05\/Women-Dare-templates-events-2023-05-09T163125.037.png","width":1080,"height":1080},{"@type":"BreadcrumbList","@id":"https:\/\/empow-her.com\/produit\/new-atelier-mieux-vivre-lascenseur-emotionnel-de-lentrepreneuriat\/#breadcrumb","itemListElement":[{"@type":"ListItem","position":1,"name":"Accueil","item":"https:\/\/empow-her.com\/en\/landing-page\/"},{"@type":"ListItem","position":2,"name":"LA BOUTIQUE","item":"https:\/\/empow-her.com\/boutique\/"},{"@type":"ListItem","position":3,"name":"NEW &#8211; Atelier Mieux vivre l&#8217;ascenseur \u00e9motionnel de l&#8217;entrepreneuriat"}]},{"@type":"WebSite","@id":"https:\/\/empow-her.com\/#website","url":"https:\/\/empow-her.com\/","name":"Empow&#039;Her","description":"Women Development","potentialAction":[{"@type":"SearchAction","target":{"@type":"EntryPoint","urlTemplate":"https:\/\/empow-her.com\/?s={search_term_string}"},"query-input":{"@type":"PropertyValueSpecification","valueRequired":true,"valueName":"search_term_string"}}],"inLanguage":"en-US"}]}},"_links":{"self":[{"href":"https:\/\/empow-her.com\/en\/wp-json\/wp\/v2\/product\/164455","targetHints":{"allow":["GET"]}}],"collection":[{"href":"https:\/\/empow-her.com\/en\/wp-json\/wp\/v2\/product"}],"about":[{"href":"https:\/\/empow-her.com\/en\/wp-json\/wp\/v2\/types\/product"}],"wp:featuredmedia":[{"embeddable":true,"href":"https:\/\/empow-her.com\/en\/wp-json\/wp\/v2\/media\/164456"}],"wp:attachment":[{"href":"https:\/\/empow-her.com\/en\/wp-json\/wp\/v2\/media?parent=164455"}],"wp:term":[{"taxonomy":"product_brand","embeddable":true,"href":"https:\/\/empow-her.com\/en\/wp-json\/wp\/v2\/product_brand?post=164455"},{"taxonomy":"product_cat","embeddable":true,"href":"https:\/\/empow-her.com\/en\/wp-json\/wp\/v2\/product_cat?post=164455"},{"taxonomy":"product_tag","embeddable":true,"href":"https:\/\/empow-her.com\/en\/wp-json\/wp\/v2\/product_tag?post=164455"},{"taxonomy":"lieu","embeddable":true,"href":"https:\/\/empow-her.com\/en\/wp-json\/wp\/v2\/lieu?post=164455"},{"taxonomy":"thematiques","embeddable":true,"href":"https:\/\/empow-her.com\/en\/wp-json\/wp\/v2\/thematiques?post=164455"}],"curies":[{"name":"wp","href":"https:\/\/api.w.org\/{rel}","templated":true}]}}