{"id":164443,"date":"2023-05-09T15:52:09","date_gmt":"2023-05-09T13:52:09","guid":{"rendered":"https:\/\/empow-her.com\/?post_type=product&#038;p=164443"},"modified":"2023-05-30T09:52:28","modified_gmt":"2023-05-30T07:52:28","slug":"co-developpement-2","status":"publish","type":"product","link":"https:\/\/empow-her.com\/en\/produit\/co-developpement-2\/","title":{"rendered":"Co-d\u00e9veloppement"},"content":{"rendered":"<p><span style=\"font-family: georgia, serif;\">Quand on se lance, on a souvent mille challenges et d\u00e9fis \u00e0 r\u00e9soudre, et peu de temps pour trouver des solutions \u00e0 tout.\u00a0<\/span><\/p>\n<div><span style=\"font-family: georgia, serif;\"><br \/>\n<\/span><\/p>\n<div><span style=\"font-family: georgia, serif;\">Alors pourquoi ne pas utiliser la force du collectif pour r\u00e9pondre \u00e0 ses questions ? <span class=\"x1xsqp64 xiy17q3 x1o6pynw x19co3pv xdj266r xcwd3tp xat24cr x39eecv x2b8uid\" data-testid=\"emoji\"><span class=\"xexx8yu xn5pp95 x18d9i69 x2fxd7x x1yqt14a x1bhl96m\">&#x2728;<\/span><\/span><\/span><\/div>\n<div><span style=\"font-family: georgia, serif;\">Avec Women Dare, vous pouvez participer \u00e0 un cycle de co-d\u00e9veloppement en formant un petit groupe de porteuses de projet. <\/span><span style=\"font-family: georgia, serif;\">Envie de cr\u00e9er des liens et de partager des conseils ?\u00a0<\/span><\/div>\n<div><\/div>\n<\/div>\n<div>\n<ul>\n<li><span style=\"font-family: georgia, serif;\">Une m\u00e9thode d&#8217;intelligence collective pour r\u00e9soudre des probl\u00e9matiques et partager des bonnes pratiques ! <span class=\"x1xsqp64 xiy17q3 x1o6pynw x19co3pv xdj266r xcwd3tp xat24cr x39eecv x2b8uid\" data-testid=\"emoji\"><span class=\"xexx8yu xn5pp95 x18d9i69 x2fxd7x x1yqt14a x1bhl96m\">&#x2705;<\/span><\/span><\/span><\/li>\n<li><span style=\"font-family: georgia, serif;\">Une session de 2h avec le m\u00eame groupe, pour cr\u00e9er du lien et ressortir boost\u00e9e avec plein d&#8217;id\u00e9es ! <span class=\"x1xsqp64 xiy17q3 x1o6pynw x19co3pv xdj266r xcwd3tp xat24cr x39eecv x2b8uid\" data-testid=\"emoji\"><span class=\"xexx8yu xn5pp95 x18d9i69 x2fxd7x x1yqt14a x1bhl96m\">&#x1f680;<\/span><\/span><\/span><\/li>\n<li><span style=\"font-family: georgia, serif;\">Un moment pour s&#8217;ouvrir aux autres projets, et d\u00e9couvrir d&#8217;autres fa\u00e7ons de faire ! <span class=\"x1xsqp64 xiy17q3 x1o6pynw x19co3pv xdj266r xcwd3tp xat24cr x39eecv x2b8uid\" data-testid=\"emoji\"><span class=\"xexx8yu xn5pp95 x18d9i69 x2fxd7x x1yqt14a x1bhl96m\">&#x1f4a1;<\/span><\/span><\/span><\/li>\n<\/ul>\n<\/div>\n<p><strong>Intervenant.e.s : <\/strong>Fiore et Eline d&#8217;<span data-sheets-value=\"{&quot;1&quot;:2,&quot;2&quot;:&quot;Le cycle de co-d\u00e9veloppement est facilit\u00e9 par les \u00e9quipes Empow'Her, gardiennes du temps et de la m\u00e9thodologie pour un cycle de co-d\u00e9v r\u00e9ussi !&quot;}\" data-sheets-userformat=\"{&quot;2&quot;:5053,&quot;3&quot;:{&quot;1&quot;:0},&quot;5&quot;:{&quot;1&quot;:[{&quot;1&quot;:2,&quot;2&quot;:0,&quot;5&quot;:{&quot;1&quot;:2,&quot;2&quot;:0}},{&quot;1&quot;:0,&quot;2&quot;:0,&quot;3&quot;:3},{&quot;1&quot;:1,&quot;2&quot;:0,&quot;4&quot;:1}]},&quot;6&quot;:{&quot;1&quot;:[{&quot;1&quot;:2,&quot;2&quot;:0,&quot;5&quot;:{&quot;1&quot;:2,&quot;2&quot;:0}},{&quot;1&quot;:0,&quot;2&quot;:0,&quot;3&quot;:3},{&quot;1&quot;:1,&quot;2&quot;:0,&quot;4&quot;:1}]},&quot;7&quot;:{&quot;1&quot;:[{&quot;1&quot;:2,&quot;2&quot;:0,&quot;5&quot;:{&quot;1&quot;:2,&quot;2&quot;:0}},{&quot;1&quot;:0,&quot;2&quot;:0,&quot;3&quot;:3},{&quot;1&quot;:1,&quot;2&quot;:0,&quot;4&quot;:1}]},&quot;8&quot;:{&quot;1&quot;:[{&quot;1&quot;:2,&quot;2&quot;:0,&quot;5&quot;:{&quot;1&quot;:2,&quot;2&quot;:0}},{&quot;1&quot;:0,&quot;2&quot;:0,&quot;3&quot;:3},{&quot;1&quot;:1,&quot;2&quot;:0,&quot;4&quot;:1}]},&quot;10&quot;:1,&quot;11&quot;:4,&quot;12&quot;:0,&quot;15&quot;:&quot;Calibri&quot;}\">Empow&#8217;Her\u00a0<\/span><\/p>\n<p><strong>Dur\u00e9e<\/strong> : 2h<span data-sheets-value=\"{&quot;1&quot;:2,&quot;2&quot;:&quot;2h par session de co-dev&quot;}\" data-sheets-userformat=\"{&quot;2&quot;:7167,&quot;3&quot;:{&quot;1&quot;:0},&quot;4&quot;:{&quot;1&quot;:2,&quot;2&quot;:16777215},&quot;5&quot;:{&quot;1&quot;:[{&quot;1&quot;:2,&quot;2&quot;:0,&quot;5&quot;:{&quot;1&quot;:2,&quot;2&quot;:0}},{&quot;1&quot;:0,&quot;2&quot;:0,&quot;3&quot;:3},{&quot;1&quot;:1,&quot;2&quot;:0,&quot;4&quot;:1}]},&quot;6&quot;:{&quot;1&quot;:[{&quot;1&quot;:2,&quot;2&quot;:0,&quot;5&quot;:{&quot;1&quot;:2,&quot;2&quot;:0}},{&quot;1&quot;:0,&quot;2&quot;:0,&quot;3&quot;:3},{&quot;1&quot;:1,&quot;2&quot;:0,&quot;4&quot;:1}]},&quot;7&quot;:{&quot;1&quot;:[{&quot;1&quot;:2,&quot;2&quot;:0,&quot;5&quot;:{&quot;1&quot;:2,&quot;2&quot;:0}},{&quot;1&quot;:0,&quot;2&quot;:0,&quot;3&quot;:3},{&quot;1&quot;:1,&quot;2&quot;:0,&quot;4&quot;:1}]},&quot;8&quot;:{&quot;1&quot;:[{&quot;1&quot;:2,&quot;2&quot;:0,&quot;5&quot;:{&quot;1&quot;:2,&quot;2&quot;:0}},{&quot;1&quot;:0,&quot;2&quot;:0,&quot;3&quot;:3},{&quot;1&quot;:1,&quot;2&quot;:0,&quot;4&quot;:1}]},&quot;9&quot;:1,&quot;10&quot;:1,&quot;11&quot;:4,&quot;12&quot;:0,&quot;14&quot;:{&quot;1&quot;:2,&quot;2&quot;:0},&quot;15&quot;:&quot;Calibri&quot;}\">\u00a0par session de co-d\u00e9veloppement<\/span><\/p>\n<p><strong>Lieu :<\/strong> Sist&#8217;Her Paris<\/p>\n<p><strong>N.B :\u00a0<\/strong>En participant \u00e0 un cycle de co-d\u00e9veloppement les participantes s&#8217;engagent pour la session de 2h.<\/p>\n<p><b>Attention !\u00a0<\/b> Veuillez vous pr\u00e9senter \u00e0 l\u2019heure pour que l\u2019activit\u00e9 puisse commencer \u00e0 temps. Si vous avez du retard veuillez pr\u00e9venir l\u2019intervenant.e. Si vous avez plus de 15 min de retard l\u2019intervenant.e se r\u00e9serve le droit de plus vous accepter pour la session de co-d\u00e9veloppement.<\/p>\n","protected":false},"excerpt":{"rendered":"<p><span style=\"font-family: georgia, serif;\">Quand on se lance, on a souvent mille challenges et d\u00e9fis \u00e0 r\u00e9soudre, et peu de temps pour trouver des solutions \u00e0 tout.\u00a0<\/span><\/p>\n<div><span style=\"font-family: georgia, serif;\"><br \/>\n<\/span><\/p>\n<div><span style=\"font-family: georgia, serif;\">Alors pourquoi ne pas utiliser la force du collectif pour r\u00e9pondre \u00e0 ses questions ? <span class=\"x1xsqp64 xiy17q3 x1o6pynw x19co3pv xdj266r xcwd3tp xat24cr x39eecv x2b8uid\" data-testid=\"emoji\"><span class=\"xexx8yu xn5pp95 x18d9i69 x2fxd7x x1yqt14a x1bhl96m\">&#x2728;<\/span><\/span><\/span><\/div>\n<div><span style=\"font-family: georgia, serif;\">Avec Women Dare, vous pouvez participer \u00e0 un cycle de co-d\u00e9veloppement en formant un petit groupe de porteuses de projet. <\/span><span style=\"font-family: georgia, serif;\">Envie de cr\u00e9er des liens et de partager des conseils ?\u00a0<\/span><\/div>\n<div><\/div>\n<\/div>\n<div>\n<ul>\n<li><span style=\"font-family: georgia, serif;\">Une m\u00e9thode d&#8217;intelligence collective pour r\u00e9soudre des probl\u00e9matiques et partager des bonnes pratiques ! <span class=\"x1xsqp64 xiy17q3 x1o6pynw x19co3pv xdj266r xcwd3tp xat24cr x39eecv x2b8uid\" data-testid=\"emoji\"><span class=\"xexx8yu xn5pp95 x18d9i69 x2fxd7x x1yqt14a x1bhl96m\">&#x2705;<\/span><\/span><\/span><\/li>\n<li><span style=\"font-family: georgia, serif;\">Une session de 2h avec le m\u00eame groupe, pour cr\u00e9er du lien et ressortir boost\u00e9e avec plein d&#8217;id\u00e9es ! <span class=\"x1xsqp64 xiy17q3 x1o6pynw x19co3pv xdj266r xcwd3tp xat24cr x39eecv x2b8uid\" data-testid=\"emoji\"><span class=\"xexx8yu xn5pp95 x18d9i69 x2fxd7x x1yqt14a x1bhl96m\">&#x1f680;<\/span><\/span><\/span><\/li>\n<li><span style=\"font-family: georgia, serif;\">Un moment pour s&#8217;ouvrir aux autres projets, et d\u00e9couvrir d&#8217;autres fa\u00e7ons de faire ! <span class=\"x1xsqp64 xiy17q3 x1o6pynw x19co3pv xdj266r xcwd3tp xat24cr x39eecv x2b8uid\" data-testid=\"emoji\"><span class=\"xexx8yu xn5pp95 x18d9i69 x2fxd7x x1yqt14a x1bhl96m\">&#x1f4a1;<\/span><\/span><\/span><\/li>\n<\/ul>\n<\/div>\n<p><strong>Intervenant.e.s : <\/strong>Fiore et Eline d&#8217;<span data-sheets-value=\"{&quot;1&quot;:2,&quot;2&quot;:&quot;Le cycle de co-d\u00e9veloppement est facilit\u00e9 par les \u00e9quipes Empow'Her, gardiennes du temps et de la m\u00e9thodologie pour un cycle de co-d\u00e9v r\u00e9ussi !&quot;}\" data-sheets-userformat=\"{&quot;2&quot;:5053,&quot;3&quot;:{&quot;1&quot;:0},&quot;5&quot;:{&quot;1&quot;:[{&quot;1&quot;:2,&quot;2&quot;:0,&quot;5&quot;:{&quot;1&quot;:2,&quot;2&quot;:0}},{&quot;1&quot;:0,&quot;2&quot;:0,&quot;3&quot;:3},{&quot;1&quot;:1,&quot;2&quot;:0,&quot;4&quot;:1}]},&quot;6&quot;:{&quot;1&quot;:[{&quot;1&quot;:2,&quot;2&quot;:0,&quot;5&quot;:{&quot;1&quot;:2,&quot;2&quot;:0}},{&quot;1&quot;:0,&quot;2&quot;:0,&quot;3&quot;:3},{&quot;1&quot;:1,&quot;2&quot;:0,&quot;4&quot;:1}]},&quot;7&quot;:{&quot;1&quot;:[{&quot;1&quot;:2,&quot;2&quot;:0,&quot;5&quot;:{&quot;1&quot;:2,&quot;2&quot;:0}},{&quot;1&quot;:0,&quot;2&quot;:0,&quot;3&quot;:3},{&quot;1&quot;:1,&quot;2&quot;:0,&quot;4&quot;:1}]},&quot;8&quot;:{&quot;1&quot;:[{&quot;1&quot;:2,&quot;2&quot;:0,&quot;5&quot;:{&quot;1&quot;:2,&quot;2&quot;:0}},{&quot;1&quot;:0,&quot;2&quot;:0,&quot;3&quot;:3},{&quot;1&quot;:1,&quot;2&quot;:0,&quot;4&quot;:1}]},&quot;10&quot;:1,&quot;11&quot;:4,&quot;12&quot;:0,&quot;15&quot;:&quot;Calibri&quot;}\">Empow&#8217;Her\u00a0<\/span><\/p>\n<p><strong>Dur\u00e9e<\/strong> : 2h<span data-sheets-value=\"{&quot;1&quot;:2,&quot;2&quot;:&quot;2h par session de co-dev&quot;}\" data-sheets-userformat=\"{&quot;2&quot;:7167,&quot;3&quot;:{&quot;1&quot;:0},&quot;4&quot;:{&quot;1&quot;:2,&quot;2&quot;:16777215},&quot;5&quot;:{&quot;1&quot;:[{&quot;1&quot;:2,&quot;2&quot;:0,&quot;5&quot;:{&quot;1&quot;:2,&quot;2&quot;:0}},{&quot;1&quot;:0,&quot;2&quot;:0,&quot;3&quot;:3},{&quot;1&quot;:1,&quot;2&quot;:0,&quot;4&quot;:1}]},&quot;6&quot;:{&quot;1&quot;:[{&quot;1&quot;:2,&quot;2&quot;:0,&quot;5&quot;:{&quot;1&quot;:2,&quot;2&quot;:0}},{&quot;1&quot;:0,&quot;2&quot;:0,&quot;3&quot;:3},{&quot;1&quot;:1,&quot;2&quot;:0,&quot;4&quot;:1}]},&quot;7&quot;:{&quot;1&quot;:[{&quot;1&quot;:2,&quot;2&quot;:0,&quot;5&quot;:{&quot;1&quot;:2,&quot;2&quot;:0}},{&quot;1&quot;:0,&quot;2&quot;:0,&quot;3&quot;:3},{&quot;1&quot;:1,&quot;2&quot;:0,&quot;4&quot;:1}]},&quot;8&quot;:{&quot;1&quot;:[{&quot;1&quot;:2,&quot;2&quot;:0,&quot;5&quot;:{&quot;1&quot;:2,&quot;2&quot;:0}},{&quot;1&quot;:0,&quot;2&quot;:0,&quot;3&quot;:3},{&quot;1&quot;:1,&quot;2&quot;:0,&quot;4&quot;:1}]},&quot;9&quot;:1,&quot;10&quot;:1,&quot;11&quot;:4,&quot;12&quot;:0,&quot;14&quot;:{&quot;1&quot;:2,&quot;2&quot;:0},&quot;15&quot;:&quot;Calibri&quot;}\">\u00a0par session de co-d\u00e9veloppement<\/span><\/p>\n<p><strong>Lieu :<\/strong> Sist&#8217;Her Paris<\/p>\n<p><strong>N.B :\u00a0<\/strong>En participant \u00e0 un cycle de co-d\u00e9veloppement les participantes s&#8217;engagent pour la session de 2h.<\/p>\n<p><b>Attention !\u00a0<\/b> Veuillez vous pr\u00e9senter \u00e0 l\u2019heure pour que l\u2019activit\u00e9 puisse commencer \u00e0 temps. Si vous avez du retard veuillez pr\u00e9venir l\u2019intervenant.e. Si vous avez plus de 15 min de retard l\u2019intervenant.e se r\u00e9serve le droit de plus vous accepter pour la session de co-d\u00e9veloppement.<\/p>\n","protected":false},"featured_media":164444,"template":"","format":"standard","meta":{"_acf_changed":false,"om_disable_all_campaigns":false,"_uf_show_specific_survey":0,"_uf_disable_surveys":false},"product_brand":[],"product_cat":[118],"product_tag":[132],"lieu":[127],"thematiques":[],"class_list":{"0":"post-164443","1":"product","2":"type-product","3":"status-publish","4":"format-standard","5":"has-post-thumbnail","7":"product_cat-atelier-collectif","8":"product_tag-sisther","9":"lieu-hub-empowher","11":"first","12":"instock","13":"virtual","14":"purchasable","15":"product-type-appointment"},"exclude_global_add_ons":[],"addons":[],"acf":[],"yoast_head":"<!-- This site is optimized with the Yoast SEO plugin v24.8 - https:\/\/yoast.com\/wordpress\/plugins\/seo\/ -->\n<title>Co-d\u00e9veloppement - Empow&#039;Her<\/title>\n<meta name=\"robots\" content=\"index, follow, max-snippet:-1, max-image-preview:large, max-video-preview:-1\" \/>\n<link rel=\"canonical\" href=\"https:\/\/empow-her.com\/produit\/co-developpement-2\/\" \/>\n<meta property=\"og:locale\" content=\"en_US\" \/>\n<meta property=\"og:type\" content=\"article\" \/>\n<meta property=\"og:title\" content=\"Co-d\u00e9veloppement - Empow&#039;Her\" \/>\n<meta property=\"og:description\" content=\"Quand on se lance, on a souvent mille challenges et d\u00e9fis \u00e0 r\u00e9soudre, et peu de temps pour trouver des solutions \u00e0 tout.\u00a0   Alors pourquoi ne pas utiliser la force du collectif pour r\u00e9pondre \u00e0 ses questions ? &#x2728; Avec Women Dare, vous pouvez participer \u00e0 un cycle de co-d\u00e9veloppement en formant un petit groupe de porteuses de projet. Envie de cr\u00e9er des liens et de partager des conseils ?\u00a0      Une m\u00e9thode d&#039;intelligence collective pour r\u00e9soudre des probl\u00e9matiques et partager des bonnes pratiques ! &#x2705;  Une session de 2h avec le m\u00eame groupe, pour cr\u00e9er du lien et ressortir boost\u00e9e avec plein d&#039;id\u00e9es ! &#x1f680;  Un moment pour s&#039;ouvrir aux autres projets, et d\u00e9couvrir d&#039;autres fa\u00e7ons de faire ! &#x1f4a1;   Intervenant.e.s : Fiore et Eline d&#039;Empow&#039;Her\u00a0  Dur\u00e9e : 2h\u00a0par session de co-d\u00e9veloppement  Lieu : Sist&#039;Her Paris  N.B :\u00a0En participant \u00e0 un cycle de co-d\u00e9veloppement les participantes s&#039;engagent pour la session de 2h.  Attention !\u00a0 Veuillez vous pr\u00e9senter \u00e0 l\u2019heure pour que l\u2019activit\u00e9 puisse commencer \u00e0 temps. Si vous avez du retard veuillez pr\u00e9venir l\u2019intervenant.e. Si vous avez plus de 15 min de retard l\u2019intervenant.e se r\u00e9serve le droit de plus vous accepter pour la session de co-d\u00e9veloppement.\" \/>\n<meta property=\"og:url\" content=\"https:\/\/empow-her.com\/produit\/co-developpement-2\/\" \/>\n<meta property=\"og:site_name\" content=\"Empow&#039;Her\" \/>\n<meta property=\"article:modified_time\" content=\"2023-05-30T07:52:28+00:00\" \/>\n<meta property=\"og:image\" content=\"https:\/\/empow-her.com\/wp-content\/uploads\/2023\/05\/Women-Dare-templates-events-2023-05-09T155132.106.png\" \/>\n\t<meta property=\"og:image:width\" content=\"1080\" \/>\n\t<meta property=\"og:image:height\" content=\"1080\" \/>\n\t<meta property=\"og:image:type\" content=\"image\/png\" \/>\n<meta name=\"twitter:card\" content=\"summary_large_image\" \/>\n<meta name=\"twitter:label1\" content=\"Est. reading time\" \/>\n\t<meta name=\"twitter:data1\" content=\"1 minute\" \/>\n<script type=\"application\/ld+json\" class=\"yoast-schema-graph\">{\"@context\":\"https:\/\/schema.org\",\"@graph\":[{\"@type\":\"WebPage\",\"@id\":\"https:\/\/empow-her.com\/produit\/co-developpement-2\/\",\"url\":\"https:\/\/empow-her.com\/produit\/co-developpement-2\/\",\"name\":\"Co-d\u00e9veloppement - Empow&#039;Her\",\"isPartOf\":{\"@id\":\"https:\/\/empow-her.com\/#website\"},\"primaryImageOfPage\":{\"@id\":\"https:\/\/empow-her.com\/produit\/co-developpement-2\/#primaryimage\"},\"image\":{\"@id\":\"https:\/\/empow-her.com\/produit\/co-developpement-2\/#primaryimage\"},\"thumbnailUrl\":\"https:\/\/empow-her.com\/wp-content\/uploads\/2023\/05\/Women-Dare-templates-events-2023-05-09T155132.106.png\",\"datePublished\":\"2023-05-09T13:52:09+00:00\",\"dateModified\":\"2023-05-30T07:52:28+00:00\",\"breadcrumb\":{\"@id\":\"https:\/\/empow-her.com\/produit\/co-developpement-2\/#breadcrumb\"},\"inLanguage\":\"en-US\",\"potentialAction\":[{\"@type\":\"ReadAction\",\"target\":[\"https:\/\/empow-her.com\/produit\/co-developpement-2\/\"]}]},{\"@type\":\"ImageObject\",\"inLanguage\":\"en-US\",\"@id\":\"https:\/\/empow-her.com\/produit\/co-developpement-2\/#primaryimage\",\"url\":\"https:\/\/empow-her.com\/wp-content\/uploads\/2023\/05\/Women-Dare-templates-events-2023-05-09T155132.106.png\",\"contentUrl\":\"https:\/\/empow-her.com\/wp-content\/uploads\/2023\/05\/Women-Dare-templates-events-2023-05-09T155132.106.png\",\"width\":1080,\"height\":1080},{\"@type\":\"BreadcrumbList\",\"@id\":\"https:\/\/empow-her.com\/produit\/co-developpement-2\/#breadcrumb\",\"itemListElement\":[{\"@type\":\"ListItem\",\"position\":1,\"name\":\"Accueil\",\"item\":\"https:\/\/empow-her.com\/en\/landing-page\/\"},{\"@type\":\"ListItem\",\"position\":2,\"name\":\"LA BOUTIQUE\",\"item\":\"https:\/\/empow-her.com\/boutique\/\"},{\"@type\":\"ListItem\",\"position\":3,\"name\":\"Co-d\u00e9veloppement\"}]},{\"@type\":\"WebSite\",\"@id\":\"https:\/\/empow-her.com\/#website\",\"url\":\"https:\/\/empow-her.com\/\",\"name\":\"Empow&#039;Her\",\"description\":\"Women Development\",\"potentialAction\":[{\"@type\":\"SearchAction\",\"target\":{\"@type\":\"EntryPoint\",\"urlTemplate\":\"https:\/\/empow-her.com\/?s={search_term_string}\"},\"query-input\":{\"@type\":\"PropertyValueSpecification\",\"valueRequired\":true,\"valueName\":\"search_term_string\"}}],\"inLanguage\":\"en-US\"}]}<\/script>\n<!-- \/ Yoast SEO plugin. -->","yoast_head_json":{"title":"Co-d\u00e9veloppement - Empow&#039;Her","robots":{"index":"index","follow":"follow","max-snippet":"max-snippet:-1","max-image-preview":"max-image-preview:large","max-video-preview":"max-video-preview:-1"},"canonical":"https:\/\/empow-her.com\/produit\/co-developpement-2\/","og_locale":"en_US","og_type":"article","og_title":"Co-d\u00e9veloppement - Empow&#039;Her","og_description":"Quand on se lance, on a souvent mille challenges et d\u00e9fis \u00e0 r\u00e9soudre, et peu de temps pour trouver des solutions \u00e0 tout.\u00a0   Alors pourquoi ne pas utiliser la force du collectif pour r\u00e9pondre \u00e0 ses questions ? &#x2728; Avec Women Dare, vous pouvez participer \u00e0 un cycle de co-d\u00e9veloppement en formant un petit groupe de porteuses de projet. Envie de cr\u00e9er des liens et de partager des conseils ?\u00a0      Une m\u00e9thode d'intelligence collective pour r\u00e9soudre des probl\u00e9matiques et partager des bonnes pratiques ! &#x2705;  Une session de 2h avec le m\u00eame groupe, pour cr\u00e9er du lien et ressortir boost\u00e9e avec plein d'id\u00e9es ! &#x1f680;  Un moment pour s'ouvrir aux autres projets, et d\u00e9couvrir d'autres fa\u00e7ons de faire ! &#x1f4a1;   Intervenant.e.s : Fiore et Eline d'Empow'Her\u00a0  Dur\u00e9e : 2h\u00a0par session de co-d\u00e9veloppement  Lieu : Sist'Her Paris  N.B :\u00a0En participant \u00e0 un cycle de co-d\u00e9veloppement les participantes s'engagent pour la session de 2h.  Attention !\u00a0 Veuillez vous pr\u00e9senter \u00e0 l\u2019heure pour que l\u2019activit\u00e9 puisse commencer \u00e0 temps. Si vous avez du retard veuillez pr\u00e9venir l\u2019intervenant.e. Si vous avez plus de 15 min de retard l\u2019intervenant.e se r\u00e9serve le droit de plus vous accepter pour la session de co-d\u00e9veloppement.","og_url":"https:\/\/empow-her.com\/produit\/co-developpement-2\/","og_site_name":"Empow&#039;Her","article_modified_time":"2023-05-30T07:52:28+00:00","og_image":[{"width":1080,"height":1080,"url":"https:\/\/empow-her.com\/wp-content\/uploads\/2023\/05\/Women-Dare-templates-events-2023-05-09T155132.106.png","type":"image\/png"}],"twitter_card":"summary_large_image","twitter_misc":{"Est. reading time":"1 minute"},"schema":{"@context":"https:\/\/schema.org","@graph":[{"@type":"WebPage","@id":"https:\/\/empow-her.com\/produit\/co-developpement-2\/","url":"https:\/\/empow-her.com\/produit\/co-developpement-2\/","name":"Co-d\u00e9veloppement - Empow&#039;Her","isPartOf":{"@id":"https:\/\/empow-her.com\/#website"},"primaryImageOfPage":{"@id":"https:\/\/empow-her.com\/produit\/co-developpement-2\/#primaryimage"},"image":{"@id":"https:\/\/empow-her.com\/produit\/co-developpement-2\/#primaryimage"},"thumbnailUrl":"https:\/\/empow-her.com\/wp-content\/uploads\/2023\/05\/Women-Dare-templates-events-2023-05-09T155132.106.png","datePublished":"2023-05-09T13:52:09+00:00","dateModified":"2023-05-30T07:52:28+00:00","breadcrumb":{"@id":"https:\/\/empow-her.com\/produit\/co-developpement-2\/#breadcrumb"},"inLanguage":"en-US","potentialAction":[{"@type":"ReadAction","target":["https:\/\/empow-her.com\/produit\/co-developpement-2\/"]}]},{"@type":"ImageObject","inLanguage":"en-US","@id":"https:\/\/empow-her.com\/produit\/co-developpement-2\/#primaryimage","url":"https:\/\/empow-her.com\/wp-content\/uploads\/2023\/05\/Women-Dare-templates-events-2023-05-09T155132.106.png","contentUrl":"https:\/\/empow-her.com\/wp-content\/uploads\/2023\/05\/Women-Dare-templates-events-2023-05-09T155132.106.png","width":1080,"height":1080},{"@type":"BreadcrumbList","@id":"https:\/\/empow-her.com\/produit\/co-developpement-2\/#breadcrumb","itemListElement":[{"@type":"ListItem","position":1,"name":"Accueil","item":"https:\/\/empow-her.com\/en\/landing-page\/"},{"@type":"ListItem","position":2,"name":"LA BOUTIQUE","item":"https:\/\/empow-her.com\/boutique\/"},{"@type":"ListItem","position":3,"name":"Co-d\u00e9veloppement"}]},{"@type":"WebSite","@id":"https:\/\/empow-her.com\/#website","url":"https:\/\/empow-her.com\/","name":"Empow&#039;Her","description":"Women Development","potentialAction":[{"@type":"SearchAction","target":{"@type":"EntryPoint","urlTemplate":"https:\/\/empow-her.com\/?s={search_term_string}"},"query-input":{"@type":"PropertyValueSpecification","valueRequired":true,"valueName":"search_term_string"}}],"inLanguage":"en-US"}]}},"_links":{"self":[{"href":"https:\/\/empow-her.com\/en\/wp-json\/wp\/v2\/product\/164443","targetHints":{"allow":["GET"]}}],"collection":[{"href":"https:\/\/empow-her.com\/en\/wp-json\/wp\/v2\/product"}],"about":[{"href":"https:\/\/empow-her.com\/en\/wp-json\/wp\/v2\/types\/product"}],"wp:featuredmedia":[{"embeddable":true,"href":"https:\/\/empow-her.com\/en\/wp-json\/wp\/v2\/media\/164444"}],"wp:attachment":[{"href":"https:\/\/empow-her.com\/en\/wp-json\/wp\/v2\/media?parent=164443"}],"wp:term":[{"taxonomy":"product_brand","embeddable":true,"href":"https:\/\/empow-her.com\/en\/wp-json\/wp\/v2\/product_brand?post=164443"},{"taxonomy":"product_cat","embeddable":true,"href":"https:\/\/empow-her.com\/en\/wp-json\/wp\/v2\/product_cat?post=164443"},{"taxonomy":"product_tag","embeddable":true,"href":"https:\/\/empow-her.com\/en\/wp-json\/wp\/v2\/product_tag?post=164443"},{"taxonomy":"lieu","embeddable":true,"href":"https:\/\/empow-her.com\/en\/wp-json\/wp\/v2\/lieu?post=164443"},{"taxonomy":"thematiques","embeddable":true,"href":"https:\/\/empow-her.com\/en\/wp-json\/wp\/v2\/thematiques?post=164443"}],"curies":[{"name":"wp","href":"https:\/\/api.w.org\/{rel}","templated":true}]}}