{"id":164433,"date":"2023-05-09T15:29:51","date_gmt":"2023-05-09T13:29:51","guid":{"rendered":"https:\/\/empow-her.com\/?post_type=product&#038;p=164433"},"modified":"2023-05-09T15:33:02","modified_gmt":"2023-05-09T13:33:02","slug":"new-coaching-mieux-gerer-mon-temps-et-prioriser-3","status":"publish","type":"product","link":"https:\/\/empow-her.com\/en\/produit\/new-coaching-mieux-gerer-mon-temps-et-prioriser-3\/","title":{"rendered":"NEW &#8211; Coaching &#8211; Mieux g\u00e9rer mon temps et prioriser"},"content":{"rendered":"","protected":false},"excerpt":{"rendered":"<p><strong>Besoin :<\/strong> \u00ab j\u2019aimerais trouver un meilleur \u00e9quilibre dans la gestion de mon temps, mieux prioriser, me recentrer ou \u00e9viter de m\u2019\u00e9parpiller. \u00bb<\/p>\n<p><strong>Objectif<\/strong> : si cette phrase r\u00e9sonne alors cette permanence pourra vous donner des cl\u00e9s pour (re)trouver ou mettre en place un \u00e9quilibre au c\u0153ur de votre aventure entrepreneuriale. D\u00e9terminer ce qui est important et\/ou urgent \u00e0 la fois pour soi et son projet. Appr\u00e9hender son temps, c\u2019est avant tout se recentrer sur ses essentiels en phase avec ses envies et ses rythmes personnels.<\/p>\n<p>Cette permanence vous donne un espace-temps sur mesure pour :<\/p>\n<p>\u2022 Prendre du recul sur ce qui rel\u00e8ve de l\u2019important et\/ou de l&#8217;urgent<\/p>\n<p>\u2022 D\u00e9terminer ce qui est essentiel dans votre \u00e9quilibre de vie (horaires, routines, rituels\u2026)<\/p>\n<p>\u2022 Identifier des actions prioritaires et des choix potentiels pour(re)trouver du temps de qualit\u00e9<\/p>\n<p><strong>Pr\u00e9-requis<\/strong>\u00a0: Aucun<\/p>\n<p><strong>Intervenant.e<\/strong>\u00a0<strong>: Sophie Petit\u00a0<\/strong><\/p>\n<p>Engag\u00e9e dans l\u2019art de l\u2019\u00e9coute et passionn\u00e9e par l\u2019\u00e9criture : les mots pour se relier \u00e0 nos humanit\u00e9s.<\/p>\n<p>Coach professionnelle, j\u2019ai co-fond\u00e9 l\u2019Agence Bulles avec ma s\u0153ur-associ\u00e9e C\u00e9cile. Je m\u2019y investis avec joie pour accompagner artiste, entrepreneur\u00b7e et dirigeant\u00b7e \u00e0 se (re)connecter \u00e0 leurs essentiels et oser s\u2019exprimer, rencontrer et agir.<\/p>\n<p>Chez Bulles, nous sommes convaincues qu&#8217;il est essentiel de s\u2019accorder de l\u2019espace et du temps afin d\u2019apprendre \u00e0 mieux s\u2019\u00e9couter, se conna\u00eetre et se comprendre. Nous cr\u00e9ons des espaces-temps sur mesure \u2013 en individuel et en collectif \u2013 pour accompagner \u00e0 mieux \u00eatre, interagir et agir dans sa vie professionnelle. Des \u00ab bulles \u00bb d\u2019\u00e9coute, de dialogue et d\u2019expression de soi pour prendre confiance, se mettre en action avec coh\u00e9rence et se d\u00e9ployer avec audace dans ses projets porteurs de sens.<\/p>\n<p><span data-sheets-value=\"{&quot;1&quot;:2,&quot;2&quot;:&quot;Description : nnPr\u00e9-requis : nnIntervenant.e : nnSon super pouvoir : nnSon petit mot : &quot;}\" data-sheets-userformat=\"{&quot;2&quot;:641,&quot;3&quot;:{&quot;1&quot;:0},&quot;10&quot;:1,&quot;12&quot;:0}\"><strong>Son super pouvoir :<\/strong> L&#8217;audace des mots !<\/span><\/p>\n<p><strong>Son petit mot :<\/strong> Entreprendre, c\u2019est prendre le risque des joies possibles. Dans cette aventure entrepreneuriale, je suis heureuse d\u2019\u0153uvrer \u00e0 vos c\u00f4t\u00e9s pour vous accompagner \u00e0 d\u00e9ployer toutes vos couleurs !<\/p>\n<p><strong>Dur\u00e9e<\/strong>\u00a0: U<span data-sheets-value=\"{&quot;1&quot;:2,&quot;2&quot;:&quot;Permanence de 4h avec un cr\u00e9neau de 1h par participante (+ 15 minutes entre chaque)&quot;}\" data-sheets-userformat=\"{&quot;2&quot;:7167,&quot;3&quot;:{&quot;1&quot;:0},&quot;4&quot;:{&quot;1&quot;:2,&quot;2&quot;:16777215},&quot;5&quot;:{&quot;1&quot;:[{&quot;1&quot;:2,&quot;2&quot;:0,&quot;5&quot;:{&quot;1&quot;:2,&quot;2&quot;:0}},{&quot;1&quot;:0,&quot;2&quot;:0,&quot;3&quot;:3},{&quot;1&quot;:1,&quot;2&quot;:0,&quot;4&quot;:1}]},&quot;6&quot;:{&quot;1&quot;:[{&quot;1&quot;:2,&quot;2&quot;:0,&quot;5&quot;:{&quot;1&quot;:2,&quot;2&quot;:0}},{&quot;1&quot;:0,&quot;2&quot;:0,&quot;3&quot;:3},{&quot;1&quot;:1,&quot;2&quot;:0,&quot;4&quot;:1}]},&quot;7&quot;:{&quot;1&quot;:[{&quot;1&quot;:2,&quot;2&quot;:0,&quot;5&quot;:{&quot;1&quot;:2,&quot;2&quot;:0}},{&quot;1&quot;:0,&quot;2&quot;:0,&quot;3&quot;:3},{&quot;1&quot;:1,&quot;2&quot;:0,&quot;4&quot;:1}]},&quot;8&quot;:{&quot;1&quot;:[{&quot;1&quot;:2,&quot;2&quot;:0,&quot;5&quot;:{&quot;1&quot;:2,&quot;2&quot;:0}},{&quot;1&quot;:0,&quot;2&quot;:0,&quot;3&quot;:3},{&quot;1&quot;:1,&quot;2&quot;:0,&quot;4&quot;:1}]},&quot;9&quot;:0,&quot;10&quot;:1,&quot;11&quot;:4,&quot;12&quot;:0,&quot;14&quot;:{&quot;1&quot;:2,&quot;2&quot;:0},&quot;15&quot;:&quot;Calibri&quot;}\">n cr\u00e9neau de 1h en individuel<\/span><\/p>\n<p><span data-sheets-value=\"{&quot;1&quot;:2,&quot;2&quot;:&quot;Attention ! \u00a0Veuillez vous pr\u00e9sentez \u00e0 l'heure pour que l'activit\u00e9 puisse commencer \u00e0 temps. Si vous avez du retard veuillez pr\u00e9venir l'intervenant.e. Si vous avez plus de 15 min de retard l'intervenant.e se r\u00e9serve le droit de plus vous accepter pour le coaching ou l'atelier.\u00a0&quot;}\" data-sheets-userformat=\"{&quot;2&quot;:641,&quot;3&quot;:{&quot;1&quot;:0},&quot;10&quot;:1,&quot;12&quot;:0}\"><strong>Attention !<\/strong> \u00a0Veuillez vous pr\u00e9senter \u00e0 l\u2019heure pour que l\u2019activit\u00e9 puisse commencer \u00e0 temps. Si vous avez du retard veuillez pr\u00e9venir l\u2019intervenant.e. Si vous avez plus de 15 min de retard l\u2019intervenant.e se r\u00e9serve le droit de ne plus vous accepter pour le coaching ou l\u2019atelier.\u00a0<\/span><\/p>\n","protected":false},"featured_media":164434,"template":"","format":"standard","meta":{"_acf_changed":false,"om_disable_all_campaigns":false,"_uf_show_specific_survey":0,"_uf_disable_surveys":false},"product_brand":[],"product_cat":[121],"product_tag":[],"lieu":[125],"thematiques":[],"class_list":{"0":"post-164433","1":"product","2":"type-product","3":"status-publish","4":"format-standard","5":"has-post-thumbnail","7":"product_cat-coaching","8":"lieu-en-ligne","10":"first","11":"instock","12":"virtual","13":"purchasable","14":"product-type-appointment"},"exclude_global_add_ons":[],"addons":[],"acf":[],"yoast_head":"<!-- This site is optimized with the Yoast SEO plugin v24.8 - https:\/\/yoast.com\/wordpress\/plugins\/seo\/ -->\n<title>NEW - Coaching - Mieux g\u00e9rer mon temps et prioriser - Empow&#039;Her<\/title>\n<meta name=\"robots\" content=\"index, follow, max-snippet:-1, max-image-preview:large, max-video-preview:-1\" \/>\n<link rel=\"canonical\" href=\"https:\/\/empow-her.com\/produit\/new-coaching-mieux-gerer-mon-temps-et-prioriser-3\/\" \/>\n<meta property=\"og:locale\" content=\"en_US\" \/>\n<meta property=\"og:type\" content=\"article\" \/>\n<meta property=\"og:title\" content=\"NEW - Coaching - Mieux g\u00e9rer mon temps et prioriser - Empow&#039;Her\" \/>\n<meta property=\"og:description\" content=\"Besoin : \u00ab j\u2019aimerais trouver un meilleur \u00e9quilibre dans la gestion de mon temps, mieux prioriser, me recentrer ou \u00e9viter de m\u2019\u00e9parpiller. \u00bb  Objectif : si cette phrase r\u00e9sonne alors cette permanence pourra vous donner des cl\u00e9s pour (re)trouver ou mettre en place un \u00e9quilibre au c\u0153ur de votre aventure entrepreneuriale. D\u00e9terminer ce qui est important et\/ou urgent \u00e0 la fois pour soi et son projet. Appr\u00e9hender son temps, c\u2019est avant tout se recentrer sur ses essentiels en phase avec ses envies et ses rythmes personnels.  Cette permanence vous donne un espace-temps sur mesure pour :  \u2022 Prendre du recul sur ce qui rel\u00e8ve de l\u2019important et\/ou de l&#039;urgent  \u2022 D\u00e9terminer ce qui est essentiel dans votre \u00e9quilibre de vie (horaires, routines, rituels\u2026)  \u2022 Identifier des actions prioritaires et des choix potentiels pour(re)trouver du temps de qualit\u00e9  Pr\u00e9-requis\u00a0: Aucun  Intervenant.e\u00a0: Sophie Petit\u00a0  Engag\u00e9e dans l\u2019art de l\u2019\u00e9coute et passionn\u00e9e par l\u2019\u00e9criture : les mots pour se relier \u00e0 nos humanit\u00e9s.  Coach professionnelle, j\u2019ai co-fond\u00e9 l\u2019Agence Bulles avec ma s\u0153ur-associ\u00e9e C\u00e9cile. Je m\u2019y investis avec joie pour accompagner artiste, entrepreneur\u00b7e et dirigeant\u00b7e \u00e0 se (re)connecter \u00e0 leurs essentiels et oser s\u2019exprimer, rencontrer et agir.  Chez Bulles, nous sommes convaincues qu&#039;il est essentiel de s\u2019accorder de l\u2019espace et du temps afin d\u2019apprendre \u00e0 mieux s\u2019\u00e9couter, se conna\u00eetre et se comprendre. Nous cr\u00e9ons des espaces-temps sur mesure \u2013 en individuel et en collectif \u2013 pour accompagner \u00e0 mieux \u00eatre, interagir et agir dans sa vie professionnelle. Des \u00ab bulles \u00bb d\u2019\u00e9coute, de dialogue et d\u2019expression de soi pour prendre confiance, se mettre en action avec coh\u00e9rence et se d\u00e9ployer avec audace dans ses projets porteurs de sens.  Son super pouvoir : L&#039;audace des mots !  Son petit mot : Entreprendre, c\u2019est prendre le risque des joies possibles. Dans cette aventure entrepreneuriale, je suis heureuse d\u2019\u0153uvrer \u00e0 vos c\u00f4t\u00e9s pour vous accompagner \u00e0 d\u00e9ployer toutes vos couleurs !  Dur\u00e9e\u00a0: Un cr\u00e9neau de 1h en individuel  Attention ! \u00a0Veuillez vous pr\u00e9senter \u00e0 l\u2019heure pour que l\u2019activit\u00e9 puisse commencer \u00e0 temps. Si vous avez du retard veuillez pr\u00e9venir l\u2019intervenant.e. Si vous avez plus de 15 min de retard l\u2019intervenant.e se r\u00e9serve le droit de ne plus vous accepter pour le coaching ou l\u2019atelier.\u00a0\" \/>\n<meta property=\"og:url\" content=\"https:\/\/empow-her.com\/produit\/new-coaching-mieux-gerer-mon-temps-et-prioriser-3\/\" \/>\n<meta property=\"og:site_name\" content=\"Empow&#039;Her\" \/>\n<meta property=\"article:modified_time\" content=\"2023-05-09T13:33:02+00:00\" \/>\n<meta property=\"og:image\" content=\"https:\/\/empow-her.com\/wp-content\/uploads\/2023\/05\/Women-Dare-templates-events-2023-05-09T152845.937.png\" \/>\n\t<meta property=\"og:image:width\" content=\"1080\" \/>\n\t<meta property=\"og:image:height\" content=\"1080\" \/>\n\t<meta property=\"og:image:type\" content=\"image\/png\" \/>\n<meta name=\"twitter:card\" content=\"summary_large_image\" \/>\n<script type=\"application\/ld+json\" class=\"yoast-schema-graph\">{\"@context\":\"https:\/\/schema.org\",\"@graph\":[{\"@type\":\"WebPage\",\"@id\":\"https:\/\/empow-her.com\/produit\/new-coaching-mieux-gerer-mon-temps-et-prioriser-3\/\",\"url\":\"https:\/\/empow-her.com\/produit\/new-coaching-mieux-gerer-mon-temps-et-prioriser-3\/\",\"name\":\"NEW - Coaching - Mieux g\u00e9rer mon temps et prioriser - Empow&#039;Her\",\"isPartOf\":{\"@id\":\"https:\/\/empow-her.com\/#website\"},\"primaryImageOfPage\":{\"@id\":\"https:\/\/empow-her.com\/produit\/new-coaching-mieux-gerer-mon-temps-et-prioriser-3\/#primaryimage\"},\"image\":{\"@id\":\"https:\/\/empow-her.com\/produit\/new-coaching-mieux-gerer-mon-temps-et-prioriser-3\/#primaryimage\"},\"thumbnailUrl\":\"https:\/\/empow-her.com\/wp-content\/uploads\/2023\/05\/Women-Dare-templates-events-2023-05-09T152845.937.png\",\"datePublished\":\"2023-05-09T13:29:51+00:00\",\"dateModified\":\"2023-05-09T13:33:02+00:00\",\"breadcrumb\":{\"@id\":\"https:\/\/empow-her.com\/produit\/new-coaching-mieux-gerer-mon-temps-et-prioriser-3\/#breadcrumb\"},\"inLanguage\":\"en-US\",\"potentialAction\":[{\"@type\":\"ReadAction\",\"target\":[\"https:\/\/empow-her.com\/produit\/new-coaching-mieux-gerer-mon-temps-et-prioriser-3\/\"]}]},{\"@type\":\"ImageObject\",\"inLanguage\":\"en-US\",\"@id\":\"https:\/\/empow-her.com\/produit\/new-coaching-mieux-gerer-mon-temps-et-prioriser-3\/#primaryimage\",\"url\":\"https:\/\/empow-her.com\/wp-content\/uploads\/2023\/05\/Women-Dare-templates-events-2023-05-09T152845.937.png\",\"contentUrl\":\"https:\/\/empow-her.com\/wp-content\/uploads\/2023\/05\/Women-Dare-templates-events-2023-05-09T152845.937.png\",\"width\":1080,\"height\":1080},{\"@type\":\"BreadcrumbList\",\"@id\":\"https:\/\/empow-her.com\/produit\/new-coaching-mieux-gerer-mon-temps-et-prioriser-3\/#breadcrumb\",\"itemListElement\":[{\"@type\":\"ListItem\",\"position\":1,\"name\":\"Accueil\",\"item\":\"https:\/\/empow-her.com\/en\/landing-page\/\"},{\"@type\":\"ListItem\",\"position\":2,\"name\":\"LA BOUTIQUE\",\"item\":\"https:\/\/empow-her.com\/boutique\/\"},{\"@type\":\"ListItem\",\"position\":3,\"name\":\"NEW &#8211; Coaching &#8211; Mieux g\u00e9rer mon temps et prioriser\"}]},{\"@type\":\"WebSite\",\"@id\":\"https:\/\/empow-her.com\/#website\",\"url\":\"https:\/\/empow-her.com\/\",\"name\":\"Empow&#039;Her\",\"description\":\"Women Development\",\"potentialAction\":[{\"@type\":\"SearchAction\",\"target\":{\"@type\":\"EntryPoint\",\"urlTemplate\":\"https:\/\/empow-her.com\/?s={search_term_string}\"},\"query-input\":{\"@type\":\"PropertyValueSpecification\",\"valueRequired\":true,\"valueName\":\"search_term_string\"}}],\"inLanguage\":\"en-US\"}]}<\/script>\n<!-- \/ Yoast SEO plugin. -->","yoast_head_json":{"title":"NEW - Coaching - Mieux g\u00e9rer mon temps et prioriser - Empow&#039;Her","robots":{"index":"index","follow":"follow","max-snippet":"max-snippet:-1","max-image-preview":"max-image-preview:large","max-video-preview":"max-video-preview:-1"},"canonical":"https:\/\/empow-her.com\/produit\/new-coaching-mieux-gerer-mon-temps-et-prioriser-3\/","og_locale":"en_US","og_type":"article","og_title":"NEW - Coaching - Mieux g\u00e9rer mon temps et prioriser - Empow&#039;Her","og_description":"Besoin : \u00ab j\u2019aimerais trouver un meilleur \u00e9quilibre dans la gestion de mon temps, mieux prioriser, me recentrer ou \u00e9viter de m\u2019\u00e9parpiller. \u00bb  Objectif : si cette phrase r\u00e9sonne alors cette permanence pourra vous donner des cl\u00e9s pour (re)trouver ou mettre en place un \u00e9quilibre au c\u0153ur de votre aventure entrepreneuriale. D\u00e9terminer ce qui est important et\/ou urgent \u00e0 la fois pour soi et son projet. Appr\u00e9hender son temps, c\u2019est avant tout se recentrer sur ses essentiels en phase avec ses envies et ses rythmes personnels.  Cette permanence vous donne un espace-temps sur mesure pour :  \u2022 Prendre du recul sur ce qui rel\u00e8ve de l\u2019important et\/ou de l'urgent  \u2022 D\u00e9terminer ce qui est essentiel dans votre \u00e9quilibre de vie (horaires, routines, rituels\u2026)  \u2022 Identifier des actions prioritaires et des choix potentiels pour(re)trouver du temps de qualit\u00e9  Pr\u00e9-requis\u00a0: Aucun  Intervenant.e\u00a0: Sophie Petit\u00a0  Engag\u00e9e dans l\u2019art de l\u2019\u00e9coute et passionn\u00e9e par l\u2019\u00e9criture : les mots pour se relier \u00e0 nos humanit\u00e9s.  Coach professionnelle, j\u2019ai co-fond\u00e9 l\u2019Agence Bulles avec ma s\u0153ur-associ\u00e9e C\u00e9cile. Je m\u2019y investis avec joie pour accompagner artiste, entrepreneur\u00b7e et dirigeant\u00b7e \u00e0 se (re)connecter \u00e0 leurs essentiels et oser s\u2019exprimer, rencontrer et agir.  Chez Bulles, nous sommes convaincues qu'il est essentiel de s\u2019accorder de l\u2019espace et du temps afin d\u2019apprendre \u00e0 mieux s\u2019\u00e9couter, se conna\u00eetre et se comprendre. Nous cr\u00e9ons des espaces-temps sur mesure \u2013 en individuel et en collectif \u2013 pour accompagner \u00e0 mieux \u00eatre, interagir et agir dans sa vie professionnelle. Des \u00ab bulles \u00bb d\u2019\u00e9coute, de dialogue et d\u2019expression de soi pour prendre confiance, se mettre en action avec coh\u00e9rence et se d\u00e9ployer avec audace dans ses projets porteurs de sens.  Son super pouvoir : L'audace des mots !  Son petit mot : Entreprendre, c\u2019est prendre le risque des joies possibles. Dans cette aventure entrepreneuriale, je suis heureuse d\u2019\u0153uvrer \u00e0 vos c\u00f4t\u00e9s pour vous accompagner \u00e0 d\u00e9ployer toutes vos couleurs !  Dur\u00e9e\u00a0: Un cr\u00e9neau de 1h en individuel  Attention ! \u00a0Veuillez vous pr\u00e9senter \u00e0 l\u2019heure pour que l\u2019activit\u00e9 puisse commencer \u00e0 temps. Si vous avez du retard veuillez pr\u00e9venir l\u2019intervenant.e. Si vous avez plus de 15 min de retard l\u2019intervenant.e se r\u00e9serve le droit de ne plus vous accepter pour le coaching ou l\u2019atelier.\u00a0","og_url":"https:\/\/empow-her.com\/produit\/new-coaching-mieux-gerer-mon-temps-et-prioriser-3\/","og_site_name":"Empow&#039;Her","article_modified_time":"2023-05-09T13:33:02+00:00","og_image":[{"width":1080,"height":1080,"url":"https:\/\/empow-her.com\/wp-content\/uploads\/2023\/05\/Women-Dare-templates-events-2023-05-09T152845.937.png","type":"image\/png"}],"twitter_card":"summary_large_image","schema":{"@context":"https:\/\/schema.org","@graph":[{"@type":"WebPage","@id":"https:\/\/empow-her.com\/produit\/new-coaching-mieux-gerer-mon-temps-et-prioriser-3\/","url":"https:\/\/empow-her.com\/produit\/new-coaching-mieux-gerer-mon-temps-et-prioriser-3\/","name":"NEW - Coaching - Mieux g\u00e9rer mon temps et prioriser - Empow&#039;Her","isPartOf":{"@id":"https:\/\/empow-her.com\/#website"},"primaryImageOfPage":{"@id":"https:\/\/empow-her.com\/produit\/new-coaching-mieux-gerer-mon-temps-et-prioriser-3\/#primaryimage"},"image":{"@id":"https:\/\/empow-her.com\/produit\/new-coaching-mieux-gerer-mon-temps-et-prioriser-3\/#primaryimage"},"thumbnailUrl":"https:\/\/empow-her.com\/wp-content\/uploads\/2023\/05\/Women-Dare-templates-events-2023-05-09T152845.937.png","datePublished":"2023-05-09T13:29:51+00:00","dateModified":"2023-05-09T13:33:02+00:00","breadcrumb":{"@id":"https:\/\/empow-her.com\/produit\/new-coaching-mieux-gerer-mon-temps-et-prioriser-3\/#breadcrumb"},"inLanguage":"en-US","potentialAction":[{"@type":"ReadAction","target":["https:\/\/empow-her.com\/produit\/new-coaching-mieux-gerer-mon-temps-et-prioriser-3\/"]}]},{"@type":"ImageObject","inLanguage":"en-US","@id":"https:\/\/empow-her.com\/produit\/new-coaching-mieux-gerer-mon-temps-et-prioriser-3\/#primaryimage","url":"https:\/\/empow-her.com\/wp-content\/uploads\/2023\/05\/Women-Dare-templates-events-2023-05-09T152845.937.png","contentUrl":"https:\/\/empow-her.com\/wp-content\/uploads\/2023\/05\/Women-Dare-templates-events-2023-05-09T152845.937.png","width":1080,"height":1080},{"@type":"BreadcrumbList","@id":"https:\/\/empow-her.com\/produit\/new-coaching-mieux-gerer-mon-temps-et-prioriser-3\/#breadcrumb","itemListElement":[{"@type":"ListItem","position":1,"name":"Accueil","item":"https:\/\/empow-her.com\/en\/landing-page\/"},{"@type":"ListItem","position":2,"name":"LA BOUTIQUE","item":"https:\/\/empow-her.com\/boutique\/"},{"@type":"ListItem","position":3,"name":"NEW &#8211; Coaching &#8211; Mieux g\u00e9rer mon temps et prioriser"}]},{"@type":"WebSite","@id":"https:\/\/empow-her.com\/#website","url":"https:\/\/empow-her.com\/","name":"Empow&#039;Her","description":"Women Development","potentialAction":[{"@type":"SearchAction","target":{"@type":"EntryPoint","urlTemplate":"https:\/\/empow-her.com\/?s={search_term_string}"},"query-input":{"@type":"PropertyValueSpecification","valueRequired":true,"valueName":"search_term_string"}}],"inLanguage":"en-US"}]}},"_links":{"self":[{"href":"https:\/\/empow-her.com\/en\/wp-json\/wp\/v2\/product\/164433","targetHints":{"allow":["GET"]}}],"collection":[{"href":"https:\/\/empow-her.com\/en\/wp-json\/wp\/v2\/product"}],"about":[{"href":"https:\/\/empow-her.com\/en\/wp-json\/wp\/v2\/types\/product"}],"wp:featuredmedia":[{"embeddable":true,"href":"https:\/\/empow-her.com\/en\/wp-json\/wp\/v2\/media\/164434"}],"wp:attachment":[{"href":"https:\/\/empow-her.com\/en\/wp-json\/wp\/v2\/media?parent=164433"}],"wp:term":[{"taxonomy":"product_brand","embeddable":true,"href":"https:\/\/empow-her.com\/en\/wp-json\/wp\/v2\/product_brand?post=164433"},{"taxonomy":"product_cat","embeddable":true,"href":"https:\/\/empow-her.com\/en\/wp-json\/wp\/v2\/product_cat?post=164433"},{"taxonomy":"product_tag","embeddable":true,"href":"https:\/\/empow-her.com\/en\/wp-json\/wp\/v2\/product_tag?post=164433"},{"taxonomy":"lieu","embeddable":true,"href":"https:\/\/empow-her.com\/en\/wp-json\/wp\/v2\/lieu?post=164433"},{"taxonomy":"thematiques","embeddable":true,"href":"https:\/\/empow-her.com\/en\/wp-json\/wp\/v2\/thematiques?post=164433"}],"curies":[{"name":"wp","href":"https:\/\/api.w.org\/{rel}","templated":true}]}}