{"id":161393,"date":"2023-04-28T12:37:27","date_gmt":"2023-04-28T10:37:27","guid":{"rendered":"https:\/\/empow-her.com\/?post_type=product&#038;p=161393"},"modified":"2023-04-28T12:39:49","modified_gmt":"2023-04-28T10:39:49","slug":"atelier-journee-modele-economique-et-viabilite-2","status":"publish","type":"product","link":"https:\/\/empow-her.com\/en\/produit\/atelier-journee-modele-economique-et-viabilite-2\/","title":{"rendered":"Atelier &#8211; Journ\u00e9e Mod\u00e8le \u00e9conomique et Viabilit\u00e9"},"content":{"rendered":"","protected":false},"excerpt":{"rendered":"<p><strong>Besoins<\/strong> : Vous avez imagin\u00e9 une premi\u00e8re offre et identifi\u00e9 vos premier\u00b7es client\u00b7es et b\u00e9n\u00e9ficiaires, mais vous avez du mal \u00e0 travailler sur la viabilit\u00e9.<\/p>\n<p><strong>Description : <\/strong>Quels seront les co\u00fbts principaux du projet, comment le structurer ? Vous vous demandez quel est le &#8220;bon&#8221; prix pour vous r\u00e9mun\u00e9rer et couvrir vos frais ? Pendant cette journ\u00e9e, nous parcourerons ensemble plusieurs th\u00e9matiques :<\/p>\n<p>&#8211; D\u00e9mystifier le mod\u00e8le \u00e9conomique et les canevas traditionnels<\/p>\n<p>&#8211; Lier les questions strat\u00e9giques aux contraintes \u00e9conomiques<\/p>\n<p>&#8211; Comprendre les notions-cl\u00e9s li\u00e9es \u00e0 la viabilit\u00e9 \u00e9conomique<\/p>\n<p>&#8211; Structurer les co\u00fbts et les revenus<\/p>\n<p>&#8211; Fixer le prix et calculer le seuil de rentabilit\u00e9<\/p>\n<p>&#8211; V\u00e9rifier l&#8217;\u00e9quilibre \u00e9conomique de son projet.<\/p>\n<p>La journ\u00e9e alternera temps de pr\u00e9sentation, temps d&#8217;exercices individuels et \u00e9changes en petits groupes. A la fin de la journ\u00e9e, vous aurez d\u00e9fini un premier mod\u00e8le \u00e9conomique et rempli l&#8217;outil d&#8217;analyse de la viabilit\u00e9 \u00e9conomique de +1, gr\u00e2ce auquel vous pourrez piloter votre \u00e9quilibre \u00e9conomique !<\/p>\n<p><strong>Intervenant.es : Alexandre Lourzac-Lami et Sophie Pottier de +1<\/strong><\/p>\n<p>Fondateur de +1, Alexandre accompagne les entrepreneur\u00b7e\u00b7s et dirigeant\u00b7e\u00b7s fran\u00e7ais et belges, notamment dans le secteur de l\u2019ESS, sur leur mod\u00e8le \u00e9conomique. L&#8217;objectif : rendre le monde plus solidaire et durable par l&#8217;entrepreneuriat.<\/p>\n<p>Sophie est consultante en transition \u00e9cologique, avec un accent particulier sur les mod\u00e8les \u00e9conomiques (nouveaux \/ alternatifs), l&#8217;\u00e9conomie circulaire et la d\u00e9finition de la raison d&#8217;\u00eatre \/ vision \/ mission des projets<\/p>\n<p><strong>Pr\u00e9-requis<\/strong> :\u00a0Ramener son ordinateur !<\/p>\n<p>Avoir list\u00e9 \/ avoir une bonne connaissance des diff\u00e9rents co\u00fbts inh\u00e9rents \u00e0 votre organisation. La liste n&#8217;a pas besoin d&#8217;\u00eatre d\u00e9finitive. Avoir \u00e9bauch\u00e9 une premi\u00e8re offre<\/p>\n<p><strong>Attention !<\/strong> Veuillez vous pr\u00e9senter \u00e0 l&#8217;heure pour que l&#8217;activit\u00e9 puisse commencer \u00e0 temps. Si vous avez du retard veuillez pr\u00e9venir l&#8217;intervenant.e. Si vous avez plus de 15 min de retard l&#8217;intervenant.e se r\u00e9serve le droit de ne plus vous accepter pour le coaching ou l&#8217;atelier.<\/p>\n","protected":false},"featured_media":161394,"template":"","format":"standard","meta":{"_acf_changed":false,"om_disable_all_campaigns":false,"_uf_show_specific_survey":0,"_uf_disable_surveys":false},"product_brand":[],"product_cat":[118],"product_tag":[],"lieu":[127],"thematiques":[],"class_list":{"0":"post-161393","1":"product","2":"type-product","3":"status-publish","4":"format-standard","5":"has-post-thumbnail","7":"product_cat-atelier-collectif","8":"lieu-hub-empowher","10":"first","11":"instock","12":"virtual","13":"purchasable","14":"product-type-appointment"},"exclude_global_add_ons":[],"addons":[],"acf":[],"yoast_head":"<!-- This site is optimized with the Yoast SEO plugin v24.8 - https:\/\/yoast.com\/wordpress\/plugins\/seo\/ -->\n<title>Atelier - Journ\u00e9e Mod\u00e8le \u00e9conomique et Viabilit\u00e9 - Empow&#039;Her<\/title>\n<meta name=\"robots\" content=\"index, follow, max-snippet:-1, max-image-preview:large, max-video-preview:-1\" \/>\n<link rel=\"canonical\" href=\"https:\/\/empow-her.com\/produit\/atelier-journee-modele-economique-et-viabilite-2\/\" \/>\n<meta property=\"og:locale\" content=\"en_US\" \/>\n<meta property=\"og:type\" content=\"article\" \/>\n<meta property=\"og:title\" content=\"Atelier - Journ\u00e9e Mod\u00e8le \u00e9conomique et Viabilit\u00e9 - Empow&#039;Her\" \/>\n<meta property=\"og:description\" content=\"Besoins : Vous avez imagin\u00e9 une premi\u00e8re offre et identifi\u00e9 vos premier\u00b7es client\u00b7es et b\u00e9n\u00e9ficiaires, mais vous avez du mal \u00e0 travailler sur la viabilit\u00e9.  Description : Quels seront les co\u00fbts principaux du projet, comment le structurer ? Vous vous demandez quel est le &quot;bon&quot; prix pour vous r\u00e9mun\u00e9rer et couvrir vos frais ? Pendant cette journ\u00e9e, nous parcourerons ensemble plusieurs th\u00e9matiques :  - D\u00e9mystifier le mod\u00e8le \u00e9conomique et les canevas traditionnels  - Lier les questions strat\u00e9giques aux contraintes \u00e9conomiques  - Comprendre les notions-cl\u00e9s li\u00e9es \u00e0 la viabilit\u00e9 \u00e9conomique  - Structurer les co\u00fbts et les revenus  - Fixer le prix et calculer le seuil de rentabilit\u00e9  - V\u00e9rifier l&#039;\u00e9quilibre \u00e9conomique de son projet.  La journ\u00e9e alternera temps de pr\u00e9sentation, temps d&#039;exercices individuels et \u00e9changes en petits groupes. A la fin de la journ\u00e9e, vous aurez d\u00e9fini un premier mod\u00e8le \u00e9conomique et rempli l&#039;outil d&#039;analyse de la viabilit\u00e9 \u00e9conomique de +1, gr\u00e2ce auquel vous pourrez piloter votre \u00e9quilibre \u00e9conomique !  Intervenant.es : Alexandre Lourzac-Lami et Sophie Pottier de +1  Fondateur de +1, Alexandre accompagne les entrepreneur\u00b7e\u00b7s et dirigeant\u00b7e\u00b7s fran\u00e7ais et belges, notamment dans le secteur de l\u2019ESS, sur leur mod\u00e8le \u00e9conomique. L&#039;objectif : rendre le monde plus solidaire et durable par l&#039;entrepreneuriat.  Sophie est consultante en transition \u00e9cologique, avec un accent particulier sur les mod\u00e8les \u00e9conomiques (nouveaux \/ alternatifs), l&#039;\u00e9conomie circulaire et la d\u00e9finition de la raison d&#039;\u00eatre \/ vision \/ mission des projets  Pr\u00e9-requis :\u00a0Ramener son ordinateur !  Avoir list\u00e9 \/ avoir une bonne connaissance des diff\u00e9rents co\u00fbts inh\u00e9rents \u00e0 votre organisation. La liste n&#039;a pas besoin d&#039;\u00eatre d\u00e9finitive. Avoir \u00e9bauch\u00e9 une premi\u00e8re offre  Attention ! Veuillez vous pr\u00e9senter \u00e0 l&#039;heure pour que l&#039;activit\u00e9 puisse commencer \u00e0 temps. Si vous avez du retard veuillez pr\u00e9venir l&#039;intervenant.e. Si vous avez plus de 15 min de retard l&#039;intervenant.e se r\u00e9serve le droit de ne plus vous accepter pour le coaching ou l&#039;atelier.\" \/>\n<meta property=\"og:url\" content=\"https:\/\/empow-her.com\/produit\/atelier-journee-modele-economique-et-viabilite-2\/\" \/>\n<meta property=\"og:site_name\" content=\"Empow&#039;Her\" \/>\n<meta property=\"article:modified_time\" content=\"2023-04-28T10:39:49+00:00\" \/>\n<meta property=\"og:image\" content=\"https:\/\/empow-her.com\/wp-content\/uploads\/2023\/04\/Women-Dare-templates-events-2023-04-28T123601.304.png\" \/>\n\t<meta property=\"og:image:width\" content=\"1080\" \/>\n\t<meta property=\"og:image:height\" content=\"1080\" \/>\n\t<meta property=\"og:image:type\" content=\"image\/png\" \/>\n<meta name=\"twitter:card\" content=\"summary_large_image\" \/>\n<script type=\"application\/ld+json\" class=\"yoast-schema-graph\">{\"@context\":\"https:\/\/schema.org\",\"@graph\":[{\"@type\":\"WebPage\",\"@id\":\"https:\/\/empow-her.com\/produit\/atelier-journee-modele-economique-et-viabilite-2\/\",\"url\":\"https:\/\/empow-her.com\/produit\/atelier-journee-modele-economique-et-viabilite-2\/\",\"name\":\"Atelier - Journ\u00e9e Mod\u00e8le \u00e9conomique et Viabilit\u00e9 - Empow&#039;Her\",\"isPartOf\":{\"@id\":\"https:\/\/empow-her.com\/#website\"},\"primaryImageOfPage\":{\"@id\":\"https:\/\/empow-her.com\/produit\/atelier-journee-modele-economique-et-viabilite-2\/#primaryimage\"},\"image\":{\"@id\":\"https:\/\/empow-her.com\/produit\/atelier-journee-modele-economique-et-viabilite-2\/#primaryimage\"},\"thumbnailUrl\":\"https:\/\/empow-her.com\/wp-content\/uploads\/2023\/04\/Women-Dare-templates-events-2023-04-28T123601.304.png\",\"datePublished\":\"2023-04-28T10:37:27+00:00\",\"dateModified\":\"2023-04-28T10:39:49+00:00\",\"breadcrumb\":{\"@id\":\"https:\/\/empow-her.com\/produit\/atelier-journee-modele-economique-et-viabilite-2\/#breadcrumb\"},\"inLanguage\":\"en-US\",\"potentialAction\":[{\"@type\":\"ReadAction\",\"target\":[\"https:\/\/empow-her.com\/produit\/atelier-journee-modele-economique-et-viabilite-2\/\"]}]},{\"@type\":\"ImageObject\",\"inLanguage\":\"en-US\",\"@id\":\"https:\/\/empow-her.com\/produit\/atelier-journee-modele-economique-et-viabilite-2\/#primaryimage\",\"url\":\"https:\/\/empow-her.com\/wp-content\/uploads\/2023\/04\/Women-Dare-templates-events-2023-04-28T123601.304.png\",\"contentUrl\":\"https:\/\/empow-her.com\/wp-content\/uploads\/2023\/04\/Women-Dare-templates-events-2023-04-28T123601.304.png\",\"width\":1080,\"height\":1080},{\"@type\":\"BreadcrumbList\",\"@id\":\"https:\/\/empow-her.com\/produit\/atelier-journee-modele-economique-et-viabilite-2\/#breadcrumb\",\"itemListElement\":[{\"@type\":\"ListItem\",\"position\":1,\"name\":\"Accueil\",\"item\":\"https:\/\/empow-her.com\/en\/landing-page\/\"},{\"@type\":\"ListItem\",\"position\":2,\"name\":\"LA BOUTIQUE\",\"item\":\"https:\/\/empow-her.com\/boutique\/\"},{\"@type\":\"ListItem\",\"position\":3,\"name\":\"Atelier &#8211; Journ\u00e9e Mod\u00e8le \u00e9conomique et Viabilit\u00e9\"}]},{\"@type\":\"WebSite\",\"@id\":\"https:\/\/empow-her.com\/#website\",\"url\":\"https:\/\/empow-her.com\/\",\"name\":\"Empow&#039;Her\",\"description\":\"Women Development\",\"potentialAction\":[{\"@type\":\"SearchAction\",\"target\":{\"@type\":\"EntryPoint\",\"urlTemplate\":\"https:\/\/empow-her.com\/?s={search_term_string}\"},\"query-input\":{\"@type\":\"PropertyValueSpecification\",\"valueRequired\":true,\"valueName\":\"search_term_string\"}}],\"inLanguage\":\"en-US\"}]}<\/script>\n<!-- \/ Yoast SEO plugin. -->","yoast_head_json":{"title":"Atelier - Journ\u00e9e Mod\u00e8le \u00e9conomique et Viabilit\u00e9 - Empow&#039;Her","robots":{"index":"index","follow":"follow","max-snippet":"max-snippet:-1","max-image-preview":"max-image-preview:large","max-video-preview":"max-video-preview:-1"},"canonical":"https:\/\/empow-her.com\/produit\/atelier-journee-modele-economique-et-viabilite-2\/","og_locale":"en_US","og_type":"article","og_title":"Atelier - Journ\u00e9e Mod\u00e8le \u00e9conomique et Viabilit\u00e9 - Empow&#039;Her","og_description":"Besoins : Vous avez imagin\u00e9 une premi\u00e8re offre et identifi\u00e9 vos premier\u00b7es client\u00b7es et b\u00e9n\u00e9ficiaires, mais vous avez du mal \u00e0 travailler sur la viabilit\u00e9.  Description : Quels seront les co\u00fbts principaux du projet, comment le structurer ? Vous vous demandez quel est le \"bon\" prix pour vous r\u00e9mun\u00e9rer et couvrir vos frais ? Pendant cette journ\u00e9e, nous parcourerons ensemble plusieurs th\u00e9matiques :  - D\u00e9mystifier le mod\u00e8le \u00e9conomique et les canevas traditionnels  - Lier les questions strat\u00e9giques aux contraintes \u00e9conomiques  - Comprendre les notions-cl\u00e9s li\u00e9es \u00e0 la viabilit\u00e9 \u00e9conomique  - Structurer les co\u00fbts et les revenus  - Fixer le prix et calculer le seuil de rentabilit\u00e9  - V\u00e9rifier l'\u00e9quilibre \u00e9conomique de son projet.  La journ\u00e9e alternera temps de pr\u00e9sentation, temps d'exercices individuels et \u00e9changes en petits groupes. A la fin de la journ\u00e9e, vous aurez d\u00e9fini un premier mod\u00e8le \u00e9conomique et rempli l'outil d'analyse de la viabilit\u00e9 \u00e9conomique de +1, gr\u00e2ce auquel vous pourrez piloter votre \u00e9quilibre \u00e9conomique !  Intervenant.es : Alexandre Lourzac-Lami et Sophie Pottier de +1  Fondateur de +1, Alexandre accompagne les entrepreneur\u00b7e\u00b7s et dirigeant\u00b7e\u00b7s fran\u00e7ais et belges, notamment dans le secteur de l\u2019ESS, sur leur mod\u00e8le \u00e9conomique. L'objectif : rendre le monde plus solidaire et durable par l'entrepreneuriat.  Sophie est consultante en transition \u00e9cologique, avec un accent particulier sur les mod\u00e8les \u00e9conomiques (nouveaux \/ alternatifs), l'\u00e9conomie circulaire et la d\u00e9finition de la raison d'\u00eatre \/ vision \/ mission des projets  Pr\u00e9-requis :\u00a0Ramener son ordinateur !  Avoir list\u00e9 \/ avoir une bonne connaissance des diff\u00e9rents co\u00fbts inh\u00e9rents \u00e0 votre organisation. La liste n'a pas besoin d'\u00eatre d\u00e9finitive. Avoir \u00e9bauch\u00e9 une premi\u00e8re offre  Attention ! Veuillez vous pr\u00e9senter \u00e0 l'heure pour que l'activit\u00e9 puisse commencer \u00e0 temps. Si vous avez du retard veuillez pr\u00e9venir l'intervenant.e. Si vous avez plus de 15 min de retard l'intervenant.e se r\u00e9serve le droit de ne plus vous accepter pour le coaching ou l'atelier.","og_url":"https:\/\/empow-her.com\/produit\/atelier-journee-modele-economique-et-viabilite-2\/","og_site_name":"Empow&#039;Her","article_modified_time":"2023-04-28T10:39:49+00:00","og_image":[{"width":1080,"height":1080,"url":"https:\/\/empow-her.com\/wp-content\/uploads\/2023\/04\/Women-Dare-templates-events-2023-04-28T123601.304.png","type":"image\/png"}],"twitter_card":"summary_large_image","schema":{"@context":"https:\/\/schema.org","@graph":[{"@type":"WebPage","@id":"https:\/\/empow-her.com\/produit\/atelier-journee-modele-economique-et-viabilite-2\/","url":"https:\/\/empow-her.com\/produit\/atelier-journee-modele-economique-et-viabilite-2\/","name":"Atelier - Journ\u00e9e Mod\u00e8le \u00e9conomique et Viabilit\u00e9 - Empow&#039;Her","isPartOf":{"@id":"https:\/\/empow-her.com\/#website"},"primaryImageOfPage":{"@id":"https:\/\/empow-her.com\/produit\/atelier-journee-modele-economique-et-viabilite-2\/#primaryimage"},"image":{"@id":"https:\/\/empow-her.com\/produit\/atelier-journee-modele-economique-et-viabilite-2\/#primaryimage"},"thumbnailUrl":"https:\/\/empow-her.com\/wp-content\/uploads\/2023\/04\/Women-Dare-templates-events-2023-04-28T123601.304.png","datePublished":"2023-04-28T10:37:27+00:00","dateModified":"2023-04-28T10:39:49+00:00","breadcrumb":{"@id":"https:\/\/empow-her.com\/produit\/atelier-journee-modele-economique-et-viabilite-2\/#breadcrumb"},"inLanguage":"en-US","potentialAction":[{"@type":"ReadAction","target":["https:\/\/empow-her.com\/produit\/atelier-journee-modele-economique-et-viabilite-2\/"]}]},{"@type":"ImageObject","inLanguage":"en-US","@id":"https:\/\/empow-her.com\/produit\/atelier-journee-modele-economique-et-viabilite-2\/#primaryimage","url":"https:\/\/empow-her.com\/wp-content\/uploads\/2023\/04\/Women-Dare-templates-events-2023-04-28T123601.304.png","contentUrl":"https:\/\/empow-her.com\/wp-content\/uploads\/2023\/04\/Women-Dare-templates-events-2023-04-28T123601.304.png","width":1080,"height":1080},{"@type":"BreadcrumbList","@id":"https:\/\/empow-her.com\/produit\/atelier-journee-modele-economique-et-viabilite-2\/#breadcrumb","itemListElement":[{"@type":"ListItem","position":1,"name":"Accueil","item":"https:\/\/empow-her.com\/en\/landing-page\/"},{"@type":"ListItem","position":2,"name":"LA BOUTIQUE","item":"https:\/\/empow-her.com\/boutique\/"},{"@type":"ListItem","position":3,"name":"Atelier &#8211; Journ\u00e9e Mod\u00e8le \u00e9conomique et Viabilit\u00e9"}]},{"@type":"WebSite","@id":"https:\/\/empow-her.com\/#website","url":"https:\/\/empow-her.com\/","name":"Empow&#039;Her","description":"Women Development","potentialAction":[{"@type":"SearchAction","target":{"@type":"EntryPoint","urlTemplate":"https:\/\/empow-her.com\/?s={search_term_string}"},"query-input":{"@type":"PropertyValueSpecification","valueRequired":true,"valueName":"search_term_string"}}],"inLanguage":"en-US"}]}},"_links":{"self":[{"href":"https:\/\/empow-her.com\/en\/wp-json\/wp\/v2\/product\/161393","targetHints":{"allow":["GET"]}}],"collection":[{"href":"https:\/\/empow-her.com\/en\/wp-json\/wp\/v2\/product"}],"about":[{"href":"https:\/\/empow-her.com\/en\/wp-json\/wp\/v2\/types\/product"}],"wp:featuredmedia":[{"embeddable":true,"href":"https:\/\/empow-her.com\/en\/wp-json\/wp\/v2\/media\/161394"}],"wp:attachment":[{"href":"https:\/\/empow-her.com\/en\/wp-json\/wp\/v2\/media?parent=161393"}],"wp:term":[{"taxonomy":"product_brand","embeddable":true,"href":"https:\/\/empow-her.com\/en\/wp-json\/wp\/v2\/product_brand?post=161393"},{"taxonomy":"product_cat","embeddable":true,"href":"https:\/\/empow-her.com\/en\/wp-json\/wp\/v2\/product_cat?post=161393"},{"taxonomy":"product_tag","embeddable":true,"href":"https:\/\/empow-her.com\/en\/wp-json\/wp\/v2\/product_tag?post=161393"},{"taxonomy":"lieu","embeddable":true,"href":"https:\/\/empow-her.com\/en\/wp-json\/wp\/v2\/lieu?post=161393"},{"taxonomy":"thematiques","embeddable":true,"href":"https:\/\/empow-her.com\/en\/wp-json\/wp\/v2\/thematiques?post=161393"}],"curies":[{"name":"wp","href":"https:\/\/api.w.org\/{rel}","templated":true}]}}