{"id":16128,"date":"2021-08-19T18:18:32","date_gmt":"2021-08-19T16:18:32","guid":{"rendered":"https:\/\/empow-her.com\/?post_type=product&#038;p=16128"},"modified":"2021-08-20T12:02:13","modified_gmt":"2021-08-20T10:02:13","slug":"journee-ceci-nest-pas-un-consentement-by-handsaway","status":"publish","type":"product","link":"https:\/\/empow-her.com\/en\/produit\/journee-ceci-nest-pas-un-consentement-by-handsaway\/","title":{"rendered":"Table ronde &#8220;Ceci n&#8217;est pas un consentement&#8221; by Handsaway"},"content":{"rendered":"<p>&#8220;42% des Fran\u00e7ais-es estiment que si la victime a eu une attitude provocante en public cela att\u00e9nue la responsabilit\u00e9 du violeur&#8221;*. Ce chiffre effarant montre bien que la culpabilisation des victimes et la mise en cause de leurs attitudes et tenues sont toujours tr\u00e8s pr\u00e9sentes.<br \/>\nPour d\u00e9construire et d\u00e9noncer ces st\u00e9r\u00e9otypes sexistes et dangereux, l&#8217;association @HandsAway a sorti en 2019 <strong>sa campagne\u00a0#CecinestPasunConsentement<\/strong>, en collaboration avec l&#8217;agence <a href=\"https:\/\/www.tbwa-groupe.com\/\">TBWA<\/a>.<\/p>\n<p>Aujourd&#8217;hui, HandsAway a enfin l&#8217;opportunit\u00e9 d&#8217;accompagner cette campagne digitale par une exposition des photos, gr\u00e2ce \u00e0 la formidable association Empow&#8217;her qui accueille l&#8217;exposition dans leur tiers-lieux f\u00e9ministe, Sist&#8217;her.<\/p>\n<p>Elle vous convie Samedi 2 octobre de 14h \u00e0 19h \u00e0 une journ\u00e9e autour de son exposition Ceci n\u2019est pas un consentement &#x1f5e3;&#xfe0f;<br \/>\nVous pourrez librement visiter l&#8217;exposition qui sera ouverte toute l\u2019apr\u00e8s-midi, dans la limite de la jauge de l&#8217;espace<br \/>\nCe billet vous permettra par ailleurs d&#8217;assister \u00e0 une table ronde sur le consentement \u00e0 15h, en partenariat avec les associations @Consentis et @Sexe et Consentement<\/p>\n<p>&nbsp;<\/p>\n<p>On a h\u00e2te de vous retrouver nombreux-ses pour cet \u00e9v\u00e9nement !<\/p>\n<p>&nbsp;<\/p>\n<p>&#x1f516; <strong>R\u00e9servation gratuite obligatoire <\/strong><\/p>\n<p>&nbsp;<\/p>\n<p>&#x1f50e; Zoom sur <a href=\"https:\/\/www.handsaway.fr\/\">HandsAway<\/a> : Association qui lutte contre le sexisme et les violences sexuelles \u00e0 travers trois grands axes :<br \/>\n&#8211; une application mobile de lutte contre le harc\u00e8lement de rue<br \/>\n&#8211; des ateliers de sensibilisation aux violences sexistes et sexuelles dans les entreprises, l&#8217;Enseignement Sup\u00e9rieur, aupr\u00e8s du grand public et dans les coll\u00e8ges<br \/>\n&#8211; des outils p\u00e9dagogiques\u00a0pour d\u00e9construire les st\u00e9r\u00e9otypes et interpeller sur ces questions primordiales<\/p>\n<p>&nbsp;<\/p>\n<p>&#x1f4cd; <strong>Sist&#8217;her Paris<\/strong>, 82 rue du Faubourg St Martin<br \/>\nOuvert en mars 2021, Sist\u2019Her est le premier tiers-lieu d\u00e9di\u00e9 \u00e0 toutes celles qui souhaitent fa\u00e7onner le monde &#x1f30e;. Port\u00e9 par l\u2019association Empow\u2019Her, c\u2019est un lieu de vie bienveillant et joyeux, ouvert \u00e0 tou\u00b7te\u00b7s o\u00f9 il est possible de se former, cr\u00e9er et se rencontrer. &#x1f3e1;<\/p>\n<p>&nbsp;<\/p>\n<p>Ce projet est co-financ\u00e9 par le Fonds Social Europ\u00e9en.<\/p>\n<p><img decoding=\"async\" class=\"\" src=\"https:\/\/www.sep-asso.fr\/wp-content\/uploads\/2018\/02\/logo-union-europeenne.png\" alt=\"logo union europeenne \u2013 SEP\" width=\"87\" height=\"72\" \/>\u00a0\u00a0<img decoding=\"async\" class=\"alignnone wp-image-15218\" src=\"https:\/\/empow-her.com\/wp-content\/uploads\/2021\/06\/logo_fonds_social_europeen-300x187.png\" alt=\"\" width=\"104\" height=\"65\" srcset=\"https:\/\/empow-her.com\/wp-content\/uploads\/2021\/06\/logo_fonds_social_europeen-300x187.png 300w, https:\/\/empow-her.com\/wp-content\/uploads\/2021\/06\/logo_fonds_social_europeen-600x375.png 600w, https:\/\/empow-her.com\/wp-content\/uploads\/2021\/06\/logo_fonds_social_europeen-24x15.png 24w, https:\/\/empow-her.com\/wp-content\/uploads\/2021\/06\/logo_fonds_social_europeen-36x22.png 36w, https:\/\/empow-her.com\/wp-content\/uploads\/2021\/06\/logo_fonds_social_europeen-48x30.png 48w, https:\/\/empow-her.com\/wp-content\/uploads\/2021\/06\/logo_fonds_social_europeen.png 666w\" sizes=\"(max-width: 104px) 100vw, 104px\" \/> <img decoding=\"async\" class=\"\" src=\"https:\/\/franceactive-idf.org\/wp-content\/uploads\/2020\/02\/logo-region-ile-de-france.png\" alt=\"Logo Region Ile De France - France Active \u00cele-de-France\" width=\"126\" height=\"29\" \/><\/p>\n","protected":false},"excerpt":{"rendered":"<p>&#8220;42% des Fran\u00e7ais-es estiment que si la victime a eu une attitude provocante en public cela att\u00e9nue la responsabilit\u00e9 du violeur&#8221;*. Ce chiffre effarant montre bien que la culpabilisation des victimes et la mise en cause de leurs attitudes et tenues sont toujours tr\u00e8s pr\u00e9sentes.<br \/>\nPour d\u00e9construire et d\u00e9noncer ces st\u00e9r\u00e9otypes sexistes et dangereux, l&#8217;association @HandsAway a sorti en 2019 <strong>sa campagne\u00a0#CecinestPasunConsentement<\/strong>, en collaboration avec l&#8217;agence <a href=\"https:\/\/www.tbwa-groupe.com\/\">TBWA<\/a>.<\/p>\n<p>Aujourd&#8217;hui, HandsAway a enfin l&#8217;opportunit\u00e9 d&#8217;accompagner cette campagne digitale par une exposition des photos, gr\u00e2ce \u00e0 la formidable association Empow&#8217;her qui accueille l&#8217;exposition dans leur tiers-lieux f\u00e9ministe, Sist&#8217;her.<\/p>\n<p>Elle vous convie Samedi 2 octobre de 14h \u00e0 19h \u00e0 une journ\u00e9e autour de son exposition Ceci n\u2019est pas un consentement &#x1f5e3;&#xfe0f;<br \/>\nVous pourrez librement visiter l&#8217;exposition qui sera ouverte toute l\u2019apr\u00e8s-midi, dans la limite de la jauge de l&#8217;espace<br \/>\nCe billet vous permettra par ailleurs d&#8217;assister \u00e0 une table ronde sur le consentement \u00e0 15h, en partenariat avec les associations @Consentis et @Sexe et Consentement<\/p>\n<p>&nbsp;<\/p>\n<p>On a h\u00e2te de vous retrouver nombreux-ses pour cet \u00e9v\u00e9nement !<\/p>\n<p>&nbsp;<\/p>\n<p>&#x1f516; <strong>R\u00e9servation gratuite obligatoire <\/strong><\/p>\n<p>&nbsp;<\/p>\n<p>&#x1f50e; Zoom sur <a href=\"https:\/\/www.handsaway.fr\/\">HandsAway<\/a> : Association qui lutte contre le sexisme et les violences sexuelles \u00e0 travers trois grands axes :<br \/>\n&#8211; une application mobile de lutte contre le harc\u00e8lement de rue<br \/>\n&#8211; des ateliers de sensibilisation aux violences sexistes et sexuelles dans les entreprises, l&#8217;Enseignement Sup\u00e9rieur, aupr\u00e8s du grand public et dans les coll\u00e8ges<br \/>\n&#8211; des outils p\u00e9dagogiques\u00a0pour d\u00e9construire les st\u00e9r\u00e9otypes et interpeller sur ces questions primordiales<\/p>\n<p>&nbsp;<\/p>\n<p>&#x1f4cd; <strong>Sist&#8217;her Paris<\/strong>, 82 rue du Faubourg St Martin<br \/>\nOuvert en mars 2021, Sist\u2019Her est le premier tiers-lieu d\u00e9di\u00e9 \u00e0 toutes celles qui souhaitent fa\u00e7onner le monde &#x1f30e;. Port\u00e9 par l\u2019association Empow\u2019Her, c\u2019est un lieu de vie bienveillant et joyeux, ouvert \u00e0 tou\u00b7te\u00b7s o\u00f9 il est possible de se former, cr\u00e9er et se rencontrer. &#x1f3e1;<\/p>\n<p>&nbsp;<\/p>\n<p>Ce projet est co-financ\u00e9 par le Fonds Social Europ\u00e9en.<\/p>\n<p><img decoding=\"async\" class=\"\" src=\"https:\/\/www.sep-asso.fr\/wp-content\/uploads\/2018\/02\/logo-union-europeenne.png\" alt=\"logo union europeenne \u2013 SEP\" width=\"87\" height=\"72\" \/>\u00a0\u00a0<img decoding=\"async\" class=\"alignnone wp-image-15218\" src=\"https:\/\/empow-her.com\/wp-content\/uploads\/2021\/06\/logo_fonds_social_europeen-300x187.png\" alt=\"\" width=\"104\" height=\"65\" srcset=\"https:\/\/empow-her.com\/wp-content\/uploads\/2021\/06\/logo_fonds_social_europeen-300x187.png 300w, https:\/\/empow-her.com\/wp-content\/uploads\/2021\/06\/logo_fonds_social_europeen-600x375.png 600w, https:\/\/empow-her.com\/wp-content\/uploads\/2021\/06\/logo_fonds_social_europeen-24x15.png 24w, https:\/\/empow-her.com\/wp-content\/uploads\/2021\/06\/logo_fonds_social_europeen-36x22.png 36w, https:\/\/empow-her.com\/wp-content\/uploads\/2021\/06\/logo_fonds_social_europeen-48x30.png 48w, https:\/\/empow-her.com\/wp-content\/uploads\/2021\/06\/logo_fonds_social_europeen.png 666w\" sizes=\"(max-width: 104px) 100vw, 104px\" \/> <img decoding=\"async\" class=\"\" src=\"https:\/\/franceactive-idf.org\/wp-content\/uploads\/2020\/02\/logo-region-ile-de-france.png\" alt=\"Logo Region Ile De France - France Active \u00cele-de-France\" width=\"126\" height=\"29\" \/><\/p>\n","protected":false},"featured_media":0,"template":"","format":"standard","meta":{"_acf_changed":false,"om_disable_all_campaigns":false,"_uf_show_specific_survey":0,"_uf_disable_surveys":false},"product_brand":[],"product_cat":[119],"product_tag":[],"lieu":[127],"thematiques":[],"class_list":{"0":"post-16128","1":"product","2":"type-product","3":"status-publish","4":"format-standard","6":"product_cat-evenement-sisther","7":"lieu-hub-empowher","9":"first","10":"instock","11":"virtual","12":"purchasable","13":"product-type-appointment"},"exclude_global_add_ons":[],"addons":[],"acf":[],"yoast_head":"<!-- This site is optimized with the Yoast SEO plugin v24.8 - https:\/\/yoast.com\/wordpress\/plugins\/seo\/ -->\n<title>Table ronde &quot;Ceci n&#039;est pas un consentement&quot; by Handsaway - Empow&#039;Her<\/title>\n<meta name=\"robots\" content=\"index, follow, max-snippet:-1, max-image-preview:large, max-video-preview:-1\" \/>\n<link rel=\"canonical\" href=\"https:\/\/empow-her.com\/es\/produit\/journee-ceci-nest-pas-un-consentement-by-handsaway\/\" \/>\n<meta property=\"og:locale\" content=\"en_US\" \/>\n<meta property=\"og:type\" content=\"article\" \/>\n<meta property=\"og:title\" content=\"Table ronde &quot;Ceci n&#039;est pas un consentement&quot; by Handsaway - Empow&#039;Her\" \/>\n<meta property=\"og:description\" content=\"&quot;42% des Fran\u00e7ais-es estiment que si la victime a eu une attitude provocante en public cela att\u00e9nue la responsabilit\u00e9 du violeur&quot;*. Ce chiffre effarant montre bien que la culpabilisation des victimes et la mise en cause de leurs attitudes et tenues sont toujours tr\u00e8s pr\u00e9sentes. Pour d\u00e9construire et d\u00e9noncer ces st\u00e9r\u00e9otypes sexistes et dangereux, l&#039;association @HandsAway a sorti en 2019 sa campagne\u00a0#CecinestPasunConsentement, en collaboration avec l&#039;agence TBWA.  Aujourd&#039;hui, HandsAway a enfin l&#039;opportunit\u00e9 d&#039;accompagner cette campagne digitale par une exposition des photos, gr\u00e2ce \u00e0 la formidable association Empow&#039;her qui accueille l&#039;exposition dans leur tiers-lieux f\u00e9ministe, Sist&#039;her.  Elle vous convie Samedi 2 octobre de 14h \u00e0 19h \u00e0 une journ\u00e9e autour de son exposition Ceci n\u2019est pas un consentement &#x1f5e3;&#xfe0f; Vous pourrez librement visiter l&#039;exposition qui sera ouverte toute l\u2019apr\u00e8s-midi, dans la limite de la jauge de l&#039;espace Ce billet vous permettra par ailleurs d&#039;assister \u00e0 une table ronde sur le consentement \u00e0 15h, en partenariat avec les associations @Consentis et @Sexe et Consentement  &nbsp;  On a h\u00e2te de vous retrouver nombreux-ses pour cet \u00e9v\u00e9nement !  &nbsp;  &#x1f516; R\u00e9servation gratuite obligatoire   &nbsp;  &#x1f50e; Zoom sur HandsAway : Association qui lutte contre le sexisme et les violences sexuelles \u00e0 travers trois grands axes : - une application mobile de lutte contre le harc\u00e8lement de rue - des ateliers de sensibilisation aux violences sexistes et sexuelles dans les entreprises, l&#039;Enseignement Sup\u00e9rieur, aupr\u00e8s du grand public et dans les coll\u00e8ges - des outils p\u00e9dagogiques\u00a0pour d\u00e9construire les st\u00e9r\u00e9otypes et interpeller sur ces questions primordiales  &nbsp;  &#x1f4cd; Sist&#039;her Paris, 82 rue du Faubourg St Martin Ouvert en mars 2021, Sist\u2019Her est le premier tiers-lieu d\u00e9di\u00e9 \u00e0 toutes celles qui souhaitent fa\u00e7onner le monde &#x1f30e;. Port\u00e9 par l\u2019association Empow\u2019Her, c\u2019est un lieu de vie bienveillant et joyeux, ouvert \u00e0 tou\u00b7te\u00b7s o\u00f9 il est possible de se former, cr\u00e9er et se rencontrer. &#x1f3e1;  &nbsp;  Ce projet est co-financ\u00e9 par le Fonds Social Europ\u00e9en.  \u00a0\u00a0\" \/>\n<meta property=\"og:url\" content=\"https:\/\/empow-her.com\/es\/produit\/journee-ceci-nest-pas-un-consentement-by-handsaway\/\" \/>\n<meta property=\"og:site_name\" content=\"Empow&#039;Her\" \/>\n<meta property=\"article:modified_time\" content=\"2021-08-20T10:02:13+00:00\" \/>\n<meta property=\"og:image\" content=\"https:\/\/www.sep-asso.fr\/wp-content\/uploads\/2018\/02\/logo-union-europeenne.png\" \/>\n<meta name=\"twitter:card\" content=\"summary_large_image\" \/>\n<meta name=\"twitter:label1\" content=\"Est. reading time\" \/>\n\t<meta name=\"twitter:data1\" content=\"2 minutes\" \/>\n<script type=\"application\/ld+json\" class=\"yoast-schema-graph\">{\"@context\":\"https:\/\/schema.org\",\"@graph\":[{\"@type\":\"WebPage\",\"@id\":\"https:\/\/empow-her.com\/es\/produit\/journee-ceci-nest-pas-un-consentement-by-handsaway\/\",\"url\":\"https:\/\/empow-her.com\/es\/produit\/journee-ceci-nest-pas-un-consentement-by-handsaway\/\",\"name\":\"Table ronde \\\"Ceci n'est pas un consentement\\\" by Handsaway - Empow&#039;Her\",\"isPartOf\":{\"@id\":\"https:\/\/empow-her.com\/#website\"},\"primaryImageOfPage\":{\"@id\":\"https:\/\/empow-her.com\/es\/produit\/journee-ceci-nest-pas-un-consentement-by-handsaway\/#primaryimage\"},\"image\":{\"@id\":\"https:\/\/empow-her.com\/es\/produit\/journee-ceci-nest-pas-un-consentement-by-handsaway\/#primaryimage\"},\"thumbnailUrl\":\"https:\/\/www.sep-asso.fr\/wp-content\/uploads\/2018\/02\/logo-union-europeenne.png\",\"datePublished\":\"2021-08-19T16:18:32+00:00\",\"dateModified\":\"2021-08-20T10:02:13+00:00\",\"breadcrumb\":{\"@id\":\"https:\/\/empow-her.com\/es\/produit\/journee-ceci-nest-pas-un-consentement-by-handsaway\/#breadcrumb\"},\"inLanguage\":\"en-US\",\"potentialAction\":[{\"@type\":\"ReadAction\",\"target\":[\"https:\/\/empow-her.com\/es\/produit\/journee-ceci-nest-pas-un-consentement-by-handsaway\/\"]}]},{\"@type\":\"ImageObject\",\"inLanguage\":\"en-US\",\"@id\":\"https:\/\/empow-her.com\/es\/produit\/journee-ceci-nest-pas-un-consentement-by-handsaway\/#primaryimage\",\"url\":\"https:\/\/www.sep-asso.fr\/wp-content\/uploads\/2018\/02\/logo-union-europeenne.png\",\"contentUrl\":\"https:\/\/www.sep-asso.fr\/wp-content\/uploads\/2018\/02\/logo-union-europeenne.png\"},{\"@type\":\"BreadcrumbList\",\"@id\":\"https:\/\/empow-her.com\/es\/produit\/journee-ceci-nest-pas-un-consentement-by-handsaway\/#breadcrumb\",\"itemListElement\":[{\"@type\":\"ListItem\",\"position\":1,\"name\":\"Accueil\",\"item\":\"https:\/\/empow-her.com\/en\/landing-page\/\"},{\"@type\":\"ListItem\",\"position\":2,\"name\":\"LA BOUTIQUE\",\"item\":\"https:\/\/empow-her.com\/boutique\/\"},{\"@type\":\"ListItem\",\"position\":3,\"name\":\"Table ronde &#8220;Ceci n&#8217;est pas un consentement&#8221; by Handsaway\"}]},{\"@type\":\"WebSite\",\"@id\":\"https:\/\/empow-her.com\/#website\",\"url\":\"https:\/\/empow-her.com\/\",\"name\":\"Empow&#039;Her\",\"description\":\"Women Development\",\"potentialAction\":[{\"@type\":\"SearchAction\",\"target\":{\"@type\":\"EntryPoint\",\"urlTemplate\":\"https:\/\/empow-her.com\/?s={search_term_string}\"},\"query-input\":{\"@type\":\"PropertyValueSpecification\",\"valueRequired\":true,\"valueName\":\"search_term_string\"}}],\"inLanguage\":\"en-US\"}]}<\/script>\n<!-- \/ Yoast SEO plugin. -->","yoast_head_json":{"title":"Table ronde \"Ceci n'est pas un consentement\" by Handsaway - Empow&#039;Her","robots":{"index":"index","follow":"follow","max-snippet":"max-snippet:-1","max-image-preview":"max-image-preview:large","max-video-preview":"max-video-preview:-1"},"canonical":"https:\/\/empow-her.com\/es\/produit\/journee-ceci-nest-pas-un-consentement-by-handsaway\/","og_locale":"en_US","og_type":"article","og_title":"Table ronde \"Ceci n'est pas un consentement\" by Handsaway - Empow&#039;Her","og_description":"\"42% des Fran\u00e7ais-es estiment que si la victime a eu une attitude provocante en public cela att\u00e9nue la responsabilit\u00e9 du violeur\"*. Ce chiffre effarant montre bien que la culpabilisation des victimes et la mise en cause de leurs attitudes et tenues sont toujours tr\u00e8s pr\u00e9sentes. Pour d\u00e9construire et d\u00e9noncer ces st\u00e9r\u00e9otypes sexistes et dangereux, l'association @HandsAway a sorti en 2019 sa campagne\u00a0#CecinestPasunConsentement, en collaboration avec l'agence TBWA.  Aujourd'hui, HandsAway a enfin l'opportunit\u00e9 d'accompagner cette campagne digitale par une exposition des photos, gr\u00e2ce \u00e0 la formidable association Empow'her qui accueille l'exposition dans leur tiers-lieux f\u00e9ministe, Sist'her.  Elle vous convie Samedi 2 octobre de 14h \u00e0 19h \u00e0 une journ\u00e9e autour de son exposition Ceci n\u2019est pas un consentement &#x1f5e3;&#xfe0f; Vous pourrez librement visiter l'exposition qui sera ouverte toute l\u2019apr\u00e8s-midi, dans la limite de la jauge de l'espace Ce billet vous permettra par ailleurs d'assister \u00e0 une table ronde sur le consentement \u00e0 15h, en partenariat avec les associations @Consentis et @Sexe et Consentement  &nbsp;  On a h\u00e2te de vous retrouver nombreux-ses pour cet \u00e9v\u00e9nement !  &nbsp;  &#x1f516; R\u00e9servation gratuite obligatoire   &nbsp;  &#x1f50e; Zoom sur HandsAway : Association qui lutte contre le sexisme et les violences sexuelles \u00e0 travers trois grands axes : - une application mobile de lutte contre le harc\u00e8lement de rue - des ateliers de sensibilisation aux violences sexistes et sexuelles dans les entreprises, l'Enseignement Sup\u00e9rieur, aupr\u00e8s du grand public et dans les coll\u00e8ges - des outils p\u00e9dagogiques\u00a0pour d\u00e9construire les st\u00e9r\u00e9otypes et interpeller sur ces questions primordiales  &nbsp;  &#x1f4cd; Sist'her Paris, 82 rue du Faubourg St Martin Ouvert en mars 2021, Sist\u2019Her est le premier tiers-lieu d\u00e9di\u00e9 \u00e0 toutes celles qui souhaitent fa\u00e7onner le monde &#x1f30e;. Port\u00e9 par l\u2019association Empow\u2019Her, c\u2019est un lieu de vie bienveillant et joyeux, ouvert \u00e0 tou\u00b7te\u00b7s o\u00f9 il est possible de se former, cr\u00e9er et se rencontrer. &#x1f3e1;  &nbsp;  Ce projet est co-financ\u00e9 par le Fonds Social Europ\u00e9en.  \u00a0\u00a0","og_url":"https:\/\/empow-her.com\/es\/produit\/journee-ceci-nest-pas-un-consentement-by-handsaway\/","og_site_name":"Empow&#039;Her","article_modified_time":"2021-08-20T10:02:13+00:00","og_image":[{"url":"https:\/\/www.sep-asso.fr\/wp-content\/uploads\/2018\/02\/logo-union-europeenne.png","type":"","width":"","height":""}],"twitter_card":"summary_large_image","twitter_misc":{"Est. reading time":"2 minutes"},"schema":{"@context":"https:\/\/schema.org","@graph":[{"@type":"WebPage","@id":"https:\/\/empow-her.com\/es\/produit\/journee-ceci-nest-pas-un-consentement-by-handsaway\/","url":"https:\/\/empow-her.com\/es\/produit\/journee-ceci-nest-pas-un-consentement-by-handsaway\/","name":"Table ronde \"Ceci n'est pas un consentement\" by Handsaway - Empow&#039;Her","isPartOf":{"@id":"https:\/\/empow-her.com\/#website"},"primaryImageOfPage":{"@id":"https:\/\/empow-her.com\/es\/produit\/journee-ceci-nest-pas-un-consentement-by-handsaway\/#primaryimage"},"image":{"@id":"https:\/\/empow-her.com\/es\/produit\/journee-ceci-nest-pas-un-consentement-by-handsaway\/#primaryimage"},"thumbnailUrl":"https:\/\/www.sep-asso.fr\/wp-content\/uploads\/2018\/02\/logo-union-europeenne.png","datePublished":"2021-08-19T16:18:32+00:00","dateModified":"2021-08-20T10:02:13+00:00","breadcrumb":{"@id":"https:\/\/empow-her.com\/es\/produit\/journee-ceci-nest-pas-un-consentement-by-handsaway\/#breadcrumb"},"inLanguage":"en-US","potentialAction":[{"@type":"ReadAction","target":["https:\/\/empow-her.com\/es\/produit\/journee-ceci-nest-pas-un-consentement-by-handsaway\/"]}]},{"@type":"ImageObject","inLanguage":"en-US","@id":"https:\/\/empow-her.com\/es\/produit\/journee-ceci-nest-pas-un-consentement-by-handsaway\/#primaryimage","url":"https:\/\/www.sep-asso.fr\/wp-content\/uploads\/2018\/02\/logo-union-europeenne.png","contentUrl":"https:\/\/www.sep-asso.fr\/wp-content\/uploads\/2018\/02\/logo-union-europeenne.png"},{"@type":"BreadcrumbList","@id":"https:\/\/empow-her.com\/es\/produit\/journee-ceci-nest-pas-un-consentement-by-handsaway\/#breadcrumb","itemListElement":[{"@type":"ListItem","position":1,"name":"Accueil","item":"https:\/\/empow-her.com\/en\/landing-page\/"},{"@type":"ListItem","position":2,"name":"LA BOUTIQUE","item":"https:\/\/empow-her.com\/boutique\/"},{"@type":"ListItem","position":3,"name":"Table ronde &#8220;Ceci n&#8217;est pas un consentement&#8221; by Handsaway"}]},{"@type":"WebSite","@id":"https:\/\/empow-her.com\/#website","url":"https:\/\/empow-her.com\/","name":"Empow&#039;Her","description":"Women Development","potentialAction":[{"@type":"SearchAction","target":{"@type":"EntryPoint","urlTemplate":"https:\/\/empow-her.com\/?s={search_term_string}"},"query-input":{"@type":"PropertyValueSpecification","valueRequired":true,"valueName":"search_term_string"}}],"inLanguage":"en-US"}]}},"_links":{"self":[{"href":"https:\/\/empow-her.com\/en\/wp-json\/wp\/v2\/product\/16128","targetHints":{"allow":["GET"]}}],"collection":[{"href":"https:\/\/empow-her.com\/en\/wp-json\/wp\/v2\/product"}],"about":[{"href":"https:\/\/empow-her.com\/en\/wp-json\/wp\/v2\/types\/product"}],"wp:attachment":[{"href":"https:\/\/empow-her.com\/en\/wp-json\/wp\/v2\/media?parent=16128"}],"wp:term":[{"taxonomy":"product_brand","embeddable":true,"href":"https:\/\/empow-her.com\/en\/wp-json\/wp\/v2\/product_brand?post=16128"},{"taxonomy":"product_cat","embeddable":true,"href":"https:\/\/empow-her.com\/en\/wp-json\/wp\/v2\/product_cat?post=16128"},{"taxonomy":"product_tag","embeddable":true,"href":"https:\/\/empow-her.com\/en\/wp-json\/wp\/v2\/product_tag?post=16128"},{"taxonomy":"lieu","embeddable":true,"href":"https:\/\/empow-her.com\/en\/wp-json\/wp\/v2\/lieu?post=16128"},{"taxonomy":"thematiques","embeddable":true,"href":"https:\/\/empow-her.com\/en\/wp-json\/wp\/v2\/thematiques?post=16128"}],"curies":[{"name":"wp","href":"https:\/\/api.w.org\/{rel}","templated":true}]}}