{"id":16043,"date":"2021-08-09T12:00:14","date_gmt":"2021-08-09T10:00:14","guid":{"rendered":"https:\/\/empow-her.com\/?post_type=product&#038;p=16043"},"modified":"2021-09-06T12:16:04","modified_gmt":"2021-09-06T10:16:04","slug":"mini-atelier-focus-business-plan-2-heures","status":"publish","type":"product","link":"https:\/\/empow-her.com\/en\/produit\/mini-atelier-focus-business-plan-2-heures\/","title":{"rendered":"Mini Atelier Focus : Business Plan (2 heures)"},"content":{"rendered":"","protected":false},"excerpt":{"rendered":"<p>Rendez-vous pour un<strong>\u00a0format in\u00e9di<\/strong>t : b\u00e9n\u00e9ficiez de\u00a0<strong>deux heures <\/strong>en petits groupes de 3 entrepreneures pour revenir en profondeur sur une notion cl\u00e9 avec nos expertes. Cette <strong>session est comptabilis\u00e9e comme 1h de coaching individuel<\/strong>\u00a0(sur vos 10h disponibles) \u2013\u00a0<strong>deux fois plus de temps pour vous permettre de faire d\u00e9coller vos projets !<\/strong><\/p>\n<p style=\"text-align: left;\">Avec un petit groupe de porteuses projet, b\u00e9n\u00e9ficiez d&#8217;<strong>un atelier &#8220;acc\u00e9l\u00e9r\u00e9&#8221;<\/strong> anim\u00e9 par une experte en financement et gestion d&#8217;entreprise, pour apprendre \u00e0 <strong>structurer et r\u00e9diger votre business plan<\/strong>, comprendre comment l&#8217;utiliser et quelles informations cl\u00e9s y int\u00e9grer ! Le business plan est aussi bien un outil pour l&#8217;entrepreneur\u00b7e, qu&#8217;un support de communication pour de potentiels partenaires ou financeurs.<\/p>\n<p style=\"text-align: left;\">Envie de voir en grand ? D\u00e9couvrez comment r\u00e9diger un business plan de rockstar !<\/p>\n<p><b>Par : O2C Expertise &amp; Conseil<\/b><\/p>\n<p><span data-sheets-value=\"{&quot;1&quot;:2,&quot;2&quot;:&quot;Alexandre Sourzac-Lami est co-fondateur de Comit, une structure sp\u00e9cialis\u00e9e qui con\u00e7oit et adapte des outils et m\u00e9thodes pour donner aux entrepreneur.e.s la capacit\u00e9 de d\u00e9velopper des mod\u00e8les \u00e9conomiques p\u00e9rennes.&quot;}\" data-sheets-userformat=\"{&quot;2&quot;:1055743,&quot;3&quot;:{&quot;1&quot;:0},&quot;4&quot;:{&quot;1&quot;:2,&quot;2&quot;:16777215},&quot;5&quot;:{&quot;1&quot;:[{&quot;1&quot;:2,&quot;2&quot;:0,&quot;5&quot;:{&quot;1&quot;:2,&quot;2&quot;:0}},{&quot;1&quot;:0,&quot;2&quot;:0,&quot;3&quot;:3},{&quot;1&quot;:1,&quot;2&quot;:0,&quot;4&quot;:1}]},&quot;6&quot;:{&quot;1&quot;:[{&quot;1&quot;:2,&quot;2&quot;:0,&quot;5&quot;:{&quot;1&quot;:2,&quot;2&quot;:0}},{&quot;1&quot;:0,&quot;2&quot;:0,&quot;3&quot;:3},{&quot;1&quot;:1,&quot;2&quot;:0,&quot;4&quot;:1}]},&quot;7&quot;:{&quot;1&quot;:[{&quot;1&quot;:2,&quot;2&quot;:0,&quot;5&quot;:{&quot;1&quot;:2,&quot;2&quot;:0}},{&quot;1&quot;:0,&quot;2&quot;:0,&quot;3&quot;:3},{&quot;1&quot;:1,&quot;2&quot;:0,&quot;4&quot;:1}]},&quot;8&quot;:{&quot;1&quot;:[{&quot;1&quot;:2,&quot;2&quot;:0,&quot;5&quot;:{&quot;1&quot;:2,&quot;2&quot;:0}},{&quot;1&quot;:0,&quot;2&quot;:0,&quot;3&quot;:3},{&quot;1&quot;:1,&quot;2&quot;:0,&quot;4&quot;:1}]},&quot;9&quot;:0,&quot;10&quot;:1,&quot;11&quot;:4,&quot;12&quot;:0,&quot;14&quot;:{&quot;1&quot;:2,&quot;2&quot;:0},&quot;15&quot;:&quot;Calibri&quot;,&quot;23&quot;:1}\" data-sheets-textstyleruns=\"{&quot;1&quot;:0}\uee10{&quot;1&quot;:43,&quot;2&quot;:{&quot;2&quot;:{&quot;1&quot;:2,&quot;2&quot;:1136076},&quot;9&quot;:1}}\uee10{&quot;1&quot;:48}\" data-sheets-hyperlinkruns=\"{&quot;1&quot;:43,&quot;2&quot;:&quot;https:\/\/www.comit.berlin\/&quot;}\uee10{&quot;1&quot;:48}\"><strong>Intervenante : Orianne Champon<\/strong><\/span><\/p>\n<p>Experte sur les th\u00e9matiques de financements, business plan, comptabilit\u00e9,\u00a0 Orianne accompagne les cr\u00e9ateurs\u00b7rices d\u2019entreprise, les TPME\/PME \u00e0 penser une entreprise responsable, en d\u00e9veloppant de nouvelles fa\u00e7ons de consommer\/exploiter les ressources.<\/p>\n<p>&nbsp;<\/p>\n<p><strong>Dur\u00e9e<\/strong> : 2h<\/p>\n<p>&nbsp;<\/p>\n<p>Ce projet est co-financ\u00e9 par le Fonds Social Europ\u00e9en.<\/p>\n<p><img decoding=\"async\" class=\"\" src=\"https:\/\/www.sep-asso.fr\/wp-content\/uploads\/2018\/02\/logo-union-europeenne.png\" alt=\"logo union europeenne \u2013 SEP\" width=\"87\" height=\"72\" \/> <img decoding=\"async\" class=\"alignnone wp-image-15218\" src=\"https:\/\/empow-her.com\/wp-content\/uploads\/2021\/06\/logo_fonds_social_europeen-300x187.png\" alt=\"\" width=\"104\" height=\"65\" srcset=\"https:\/\/empow-her.com\/wp-content\/uploads\/2021\/06\/logo_fonds_social_europeen-300x187.png 300w, https:\/\/empow-her.com\/wp-content\/uploads\/2021\/06\/logo_fonds_social_europeen-600x375.png 600w, https:\/\/empow-her.com\/wp-content\/uploads\/2021\/06\/logo_fonds_social_europeen-24x15.png 24w, https:\/\/empow-her.com\/wp-content\/uploads\/2021\/06\/logo_fonds_social_europeen-36x22.png 36w, https:\/\/empow-her.com\/wp-content\/uploads\/2021\/06\/logo_fonds_social_europeen-48x30.png 48w, https:\/\/empow-her.com\/wp-content\/uploads\/2021\/06\/logo_fonds_social_europeen.png 666w\" sizes=\"(max-width: 104px) 100vw, 104px\" \/>\u00a0 <img decoding=\"async\" class=\"\" src=\"https:\/\/franceactive-idf.org\/wp-content\/uploads\/2020\/02\/logo-region-ile-de-france.png\" alt=\"Logo Region Ile De France - France Active \u00cele-de-France\" width=\"126\" height=\"29\" \/><\/p>\n","protected":false},"featured_media":0,"template":"","format":"standard","meta":{"_acf_changed":false,"om_disable_all_campaigns":false,"_uf_show_specific_survey":0,"_uf_disable_surveys":false},"product_brand":[],"product_cat":[121],"product_tag":[],"lieu":[125],"thematiques":[],"class_list":{"0":"post-16043","1":"product","2":"type-product","3":"status-publish","4":"format-standard","6":"product_cat-coaching","7":"lieu-en-ligne","9":"first","10":"instock","11":"virtual","12":"purchasable","13":"product-type-appointment"},"exclude_global_add_ons":[],"addons":[],"acf":[],"yoast_head":"<!-- This site is optimized with the Yoast SEO plugin v24.8 - https:\/\/yoast.com\/wordpress\/plugins\/seo\/ -->\n<title>Mini Atelier Focus : Business Plan (2 heures) - Empow&#039;Her<\/title>\n<meta name=\"robots\" content=\"index, follow, max-snippet:-1, max-image-preview:large, max-video-preview:-1\" \/>\n<link rel=\"canonical\" href=\"https:\/\/empow-her.com\/es\/produit\/mini-atelier-focus-business-plan-2-heures\/\" \/>\n<meta property=\"og:locale\" content=\"en_US\" \/>\n<meta property=\"og:type\" content=\"article\" \/>\n<meta property=\"og:title\" content=\"Mini Atelier Focus : Business Plan (2 heures) - Empow&#039;Her\" \/>\n<meta property=\"og:description\" content=\"Rendez-vous pour un\u00a0format in\u00e9dit : b\u00e9n\u00e9ficiez de\u00a0deux heures en petits groupes de 3 entrepreneures pour revenir en profondeur sur une notion cl\u00e9 avec nos expertes. Cette session est comptabilis\u00e9e comme 1h de coaching individuel\u00a0(sur vos 10h disponibles) \u2013\u00a0deux fois plus de temps pour vous permettre de faire d\u00e9coller vos projets ! Avec un petit groupe de porteuses projet, b\u00e9n\u00e9ficiez d&#039;un atelier &quot;acc\u00e9l\u00e9r\u00e9&quot; anim\u00e9 par une experte en financement et gestion d&#039;entreprise, pour apprendre \u00e0 structurer et r\u00e9diger votre business plan, comprendre comment l&#039;utiliser et quelles informations cl\u00e9s y int\u00e9grer ! Le business plan est aussi bien un outil pour l&#039;entrepreneur\u00b7e, qu&#039;un support de communication pour de potentiels partenaires ou financeurs. Envie de voir en grand ? D\u00e9couvrez comment r\u00e9diger un business plan de rockstar ! Par : O2C Expertise &amp; Conseil  Intervenante : Orianne Champon  Experte sur les th\u00e9matiques de financements, business plan, comptabilit\u00e9,\u00a0 Orianne accompagne les cr\u00e9ateurs\u00b7rices d\u2019entreprise, les TPME\/PME \u00e0 penser une entreprise responsable, en d\u00e9veloppant de nouvelles fa\u00e7ons de consommer\/exploiter les ressources.  &nbsp;  Dur\u00e9e : 2h  &nbsp;  Ce projet est co-financ\u00e9 par le Fonds Social Europ\u00e9en.   \u00a0\" \/>\n<meta property=\"og:url\" content=\"https:\/\/empow-her.com\/es\/produit\/mini-atelier-focus-business-plan-2-heures\/\" \/>\n<meta property=\"og:site_name\" content=\"Empow&#039;Her\" \/>\n<meta property=\"article:modified_time\" content=\"2021-09-06T10:16:04+00:00\" \/>\n<meta name=\"twitter:card\" content=\"summary_large_image\" \/>\n<script type=\"application\/ld+json\" class=\"yoast-schema-graph\">{\"@context\":\"https:\/\/schema.org\",\"@graph\":[{\"@type\":\"WebPage\",\"@id\":\"https:\/\/empow-her.com\/es\/produit\/mini-atelier-focus-business-plan-2-heures\/\",\"url\":\"https:\/\/empow-her.com\/es\/produit\/mini-atelier-focus-business-plan-2-heures\/\",\"name\":\"Mini Atelier Focus : Business Plan (2 heures) - Empow&#039;Her\",\"isPartOf\":{\"@id\":\"https:\/\/empow-her.com\/#website\"},\"datePublished\":\"2021-08-09T10:00:14+00:00\",\"dateModified\":\"2021-09-06T10:16:04+00:00\",\"breadcrumb\":{\"@id\":\"https:\/\/empow-her.com\/es\/produit\/mini-atelier-focus-business-plan-2-heures\/#breadcrumb\"},\"inLanguage\":\"en-US\",\"potentialAction\":[{\"@type\":\"ReadAction\",\"target\":[\"https:\/\/empow-her.com\/es\/produit\/mini-atelier-focus-business-plan-2-heures\/\"]}]},{\"@type\":\"BreadcrumbList\",\"@id\":\"https:\/\/empow-her.com\/es\/produit\/mini-atelier-focus-business-plan-2-heures\/#breadcrumb\",\"itemListElement\":[{\"@type\":\"ListItem\",\"position\":1,\"name\":\"Accueil\",\"item\":\"https:\/\/empow-her.com\/en\/landing-page\/\"},{\"@type\":\"ListItem\",\"position\":2,\"name\":\"LA BOUTIQUE\",\"item\":\"https:\/\/empow-her.com\/boutique\/\"},{\"@type\":\"ListItem\",\"position\":3,\"name\":\"Mini Atelier Focus : Business Plan (2 heures)\"}]},{\"@type\":\"WebSite\",\"@id\":\"https:\/\/empow-her.com\/#website\",\"url\":\"https:\/\/empow-her.com\/\",\"name\":\"Empow&#039;Her\",\"description\":\"Women Development\",\"potentialAction\":[{\"@type\":\"SearchAction\",\"target\":{\"@type\":\"EntryPoint\",\"urlTemplate\":\"https:\/\/empow-her.com\/?s={search_term_string}\"},\"query-input\":{\"@type\":\"PropertyValueSpecification\",\"valueRequired\":true,\"valueName\":\"search_term_string\"}}],\"inLanguage\":\"en-US\"}]}<\/script>\n<!-- \/ Yoast SEO plugin. -->","yoast_head_json":{"title":"Mini Atelier Focus : Business Plan (2 heures) - Empow&#039;Her","robots":{"index":"index","follow":"follow","max-snippet":"max-snippet:-1","max-image-preview":"max-image-preview:large","max-video-preview":"max-video-preview:-1"},"canonical":"https:\/\/empow-her.com\/es\/produit\/mini-atelier-focus-business-plan-2-heures\/","og_locale":"en_US","og_type":"article","og_title":"Mini Atelier Focus : Business Plan (2 heures) - Empow&#039;Her","og_description":"Rendez-vous pour un\u00a0format in\u00e9dit : b\u00e9n\u00e9ficiez de\u00a0deux heures en petits groupes de 3 entrepreneures pour revenir en profondeur sur une notion cl\u00e9 avec nos expertes. Cette session est comptabilis\u00e9e comme 1h de coaching individuel\u00a0(sur vos 10h disponibles) \u2013\u00a0deux fois plus de temps pour vous permettre de faire d\u00e9coller vos projets ! Avec un petit groupe de porteuses projet, b\u00e9n\u00e9ficiez d'un atelier \"acc\u00e9l\u00e9r\u00e9\" anim\u00e9 par une experte en financement et gestion d'entreprise, pour apprendre \u00e0 structurer et r\u00e9diger votre business plan, comprendre comment l'utiliser et quelles informations cl\u00e9s y int\u00e9grer ! Le business plan est aussi bien un outil pour l'entrepreneur\u00b7e, qu'un support de communication pour de potentiels partenaires ou financeurs. Envie de voir en grand ? D\u00e9couvrez comment r\u00e9diger un business plan de rockstar ! Par : O2C Expertise &amp; Conseil  Intervenante : Orianne Champon  Experte sur les th\u00e9matiques de financements, business plan, comptabilit\u00e9,\u00a0 Orianne accompagne les cr\u00e9ateurs\u00b7rices d\u2019entreprise, les TPME\/PME \u00e0 penser une entreprise responsable, en d\u00e9veloppant de nouvelles fa\u00e7ons de consommer\/exploiter les ressources.  &nbsp;  Dur\u00e9e : 2h  &nbsp;  Ce projet est co-financ\u00e9 par le Fonds Social Europ\u00e9en.   \u00a0","og_url":"https:\/\/empow-her.com\/es\/produit\/mini-atelier-focus-business-plan-2-heures\/","og_site_name":"Empow&#039;Her","article_modified_time":"2021-09-06T10:16:04+00:00","twitter_card":"summary_large_image","schema":{"@context":"https:\/\/schema.org","@graph":[{"@type":"WebPage","@id":"https:\/\/empow-her.com\/es\/produit\/mini-atelier-focus-business-plan-2-heures\/","url":"https:\/\/empow-her.com\/es\/produit\/mini-atelier-focus-business-plan-2-heures\/","name":"Mini Atelier Focus : Business Plan (2 heures) - Empow&#039;Her","isPartOf":{"@id":"https:\/\/empow-her.com\/#website"},"datePublished":"2021-08-09T10:00:14+00:00","dateModified":"2021-09-06T10:16:04+00:00","breadcrumb":{"@id":"https:\/\/empow-her.com\/es\/produit\/mini-atelier-focus-business-plan-2-heures\/#breadcrumb"},"inLanguage":"en-US","potentialAction":[{"@type":"ReadAction","target":["https:\/\/empow-her.com\/es\/produit\/mini-atelier-focus-business-plan-2-heures\/"]}]},{"@type":"BreadcrumbList","@id":"https:\/\/empow-her.com\/es\/produit\/mini-atelier-focus-business-plan-2-heures\/#breadcrumb","itemListElement":[{"@type":"ListItem","position":1,"name":"Accueil","item":"https:\/\/empow-her.com\/en\/landing-page\/"},{"@type":"ListItem","position":2,"name":"LA BOUTIQUE","item":"https:\/\/empow-her.com\/boutique\/"},{"@type":"ListItem","position":3,"name":"Mini Atelier Focus : Business Plan (2 heures)"}]},{"@type":"WebSite","@id":"https:\/\/empow-her.com\/#website","url":"https:\/\/empow-her.com\/","name":"Empow&#039;Her","description":"Women Development","potentialAction":[{"@type":"SearchAction","target":{"@type":"EntryPoint","urlTemplate":"https:\/\/empow-her.com\/?s={search_term_string}"},"query-input":{"@type":"PropertyValueSpecification","valueRequired":true,"valueName":"search_term_string"}}],"inLanguage":"en-US"}]}},"_links":{"self":[{"href":"https:\/\/empow-her.com\/en\/wp-json\/wp\/v2\/product\/16043","targetHints":{"allow":["GET"]}}],"collection":[{"href":"https:\/\/empow-her.com\/en\/wp-json\/wp\/v2\/product"}],"about":[{"href":"https:\/\/empow-her.com\/en\/wp-json\/wp\/v2\/types\/product"}],"wp:attachment":[{"href":"https:\/\/empow-her.com\/en\/wp-json\/wp\/v2\/media?parent=16043"}],"wp:term":[{"taxonomy":"product_brand","embeddable":true,"href":"https:\/\/empow-her.com\/en\/wp-json\/wp\/v2\/product_brand?post=16043"},{"taxonomy":"product_cat","embeddable":true,"href":"https:\/\/empow-her.com\/en\/wp-json\/wp\/v2\/product_cat?post=16043"},{"taxonomy":"product_tag","embeddable":true,"href":"https:\/\/empow-her.com\/en\/wp-json\/wp\/v2\/product_tag?post=16043"},{"taxonomy":"lieu","embeddable":true,"href":"https:\/\/empow-her.com\/en\/wp-json\/wp\/v2\/lieu?post=16043"},{"taxonomy":"thematiques","embeddable":true,"href":"https:\/\/empow-her.com\/en\/wp-json\/wp\/v2\/thematiques?post=16043"}],"curies":[{"name":"wp","href":"https:\/\/api.w.org\/{rel}","templated":true}]}}