{"id":15993,"date":"2021-08-03T17:14:46","date_gmt":"2021-08-03T15:14:46","guid":{"rendered":"https:\/\/empow-her.com\/?post_type=product&#038;p=15993"},"modified":"2021-08-03T17:24:22","modified_gmt":"2021-08-03T15:24:22","slug":"atelier-lentretien-en-empathie-pour-collecter-les-besoins-de-vos-clients-utilisateurs","status":"publish","type":"product","link":"https:\/\/empow-her.com\/en\/produit\/atelier-lentretien-en-empathie-pour-collecter-les-besoins-de-vos-clients-utilisateurs\/","title":{"rendered":"Atelier &#8211; L&#8217;entretien en empathie pour collecter les besoins de vos clients &#038; utilisateurs"},"content":{"rendered":"","protected":false},"excerpt":{"rendered":"<div>\n<div>\n<p>Retrouvez les entrepreneures du programme pour un atelier collectif autour de la posture empathique ! Dans cet atelier, la coach Anouchka Colin revient sur ce qu&#8217;est l&#8217;empathie, comment l&#8217;utiliser dans votre d\u00e9marche entrepreneuriale et comment construire son guide d&#8217;entretien en empathie pour collecter des informations pr\u00e9cieuses sur les besoins et les attentes de vos utilisateurs cibles en mettant en oeuvre les pratiques d&#8217;\u00e9coute active.<\/p>\n<\/div>\n<p>&nbsp;<\/p>\n<p><span data-sheets-value=\"{&quot;1&quot;:2,&quot;2&quot;:&quot;Alexandre Sourzac-Lami est co-fondateur de Comit, une structure sp\u00e9cialis\u00e9e qui con\u00e7oit et adapte des outils et m\u00e9thodes pour donner aux entrepreneur.e.s la capacit\u00e9 de d\u00e9velopper des mod\u00e8les \u00e9conomiques p\u00e9rennes.&quot;}\" data-sheets-userformat=\"{&quot;2&quot;:1055743,&quot;3&quot;:{&quot;1&quot;:0},&quot;4&quot;:{&quot;1&quot;:2,&quot;2&quot;:16777215},&quot;5&quot;:{&quot;1&quot;:[{&quot;1&quot;:2,&quot;2&quot;:0,&quot;5&quot;:{&quot;1&quot;:2,&quot;2&quot;:0}},{&quot;1&quot;:0,&quot;2&quot;:0,&quot;3&quot;:3},{&quot;1&quot;:1,&quot;2&quot;:0,&quot;4&quot;:1}]},&quot;6&quot;:{&quot;1&quot;:[{&quot;1&quot;:2,&quot;2&quot;:0,&quot;5&quot;:{&quot;1&quot;:2,&quot;2&quot;:0}},{&quot;1&quot;:0,&quot;2&quot;:0,&quot;3&quot;:3},{&quot;1&quot;:1,&quot;2&quot;:0,&quot;4&quot;:1}]},&quot;7&quot;:{&quot;1&quot;:[{&quot;1&quot;:2,&quot;2&quot;:0,&quot;5&quot;:{&quot;1&quot;:2,&quot;2&quot;:0}},{&quot;1&quot;:0,&quot;2&quot;:0,&quot;3&quot;:3},{&quot;1&quot;:1,&quot;2&quot;:0,&quot;4&quot;:1}]},&quot;8&quot;:{&quot;1&quot;:[{&quot;1&quot;:2,&quot;2&quot;:0,&quot;5&quot;:{&quot;1&quot;:2,&quot;2&quot;:0}},{&quot;1&quot;:0,&quot;2&quot;:0,&quot;3&quot;:3},{&quot;1&quot;:1,&quot;2&quot;:0,&quot;4&quot;:1}]},&quot;9&quot;:0,&quot;10&quot;:1,&quot;11&quot;:4,&quot;12&quot;:0,&quot;14&quot;:{&quot;1&quot;:2,&quot;2&quot;:0},&quot;15&quot;:&quot;Calibri&quot;,&quot;23&quot;:1}\" data-sheets-textstyleruns=\"{&quot;1&quot;:0}\uee10{&quot;1&quot;:43,&quot;2&quot;:{&quot;2&quot;:{&quot;1&quot;:2,&quot;2&quot;:1136076},&quot;9&quot;:1}}\uee10{&quot;1&quot;:48}\" data-sheets-hyperlinkruns=\"{&quot;1&quot;:43,&quot;2&quot;:&quot;https:\/\/www.comit.berlin\/&quot;}\uee10{&quot;1&quot;:48}\"><strong>Intervenant.e.s :\u00a0<\/strong>Anouchka Colin de <a href=\"https:\/\/bulles.ooo\/\">Bulles<\/a><\/span><\/p>\n<p>Anouchka a travaill\u00e9 12 ans dans des multinationales sur les probl\u00e9matiques d\u2019\u00e9tudes marketing et d\u2019\u00e9coute des consommateurs. Son r\u00f4le \u00e9tait alors de porter leur voix en interne. Elle a finalement d\u00e9cid\u00e9 de quitter ce monde professionnel pour trouver plus de sens en suivant un programme de transition de carri\u00e8re vers l\u2019\u00e9conomie sociale et solidaire, et s\u2019est rendue compte que la probl\u00e9matique de l\u2019\u00e9coute des b\u00e9n\u00e9ficiaires \u00e9tait cl\u00e9 l\u00e0 aussi. Ecouter mais surtout comprendre les besoins des b\u00e9n\u00e9ficiaires, mais aussi des financeurs, des membres de son r\u00e9seau, des potentiels partenaires, c\u2019est d\u00e9velopper de meilleures relations gagnant-gagnant et prendre du recul sur son projet.<\/p>\n<p>&nbsp;<\/p>\n<p><strong>Son super pouvoir ?<\/strong>\u00a0Cr\u00e9atrice d\u2019\u00e9coute mutuelle !<\/p>\n<p>&nbsp;<\/p>\n<p><strong>Son petit mot<\/strong>\u00a0:\u00a0<em>L\u2019empathie est une qualit\u00e9 essentielle \u00e0 d\u00e9velopper, pour son projet mais aussi dans sa vie personnelle : elle \u00e9vite bien des d\u00e9convenues et des d\u00e9bats st\u00e9riles. Je crois profond\u00e9ment que c\u2019est ce dont le monde a besoin : des entrepreneures r\u00e9ellement empathiques !<\/em><\/p>\n<\/div>\n<p>&nbsp;<\/p>\n<p><img decoding=\"async\" class=\"\" src=\"https:\/\/www.sep-asso.fr\/wp-content\/uploads\/2018\/02\/logo-union-europeenne.png\" alt=\"logo union europeenne \u2013 SEP\" width=\"87\" height=\"72\" \/> <img decoding=\"async\" class=\"alignnone wp-image-15218\" src=\"https:\/\/empow-her.com\/wp-content\/uploads\/2021\/06\/logo_fonds_social_europeen-300x187.png\" alt=\"\" width=\"104\" height=\"65\" srcset=\"https:\/\/empow-her.com\/wp-content\/uploads\/2021\/06\/logo_fonds_social_europeen-300x187.png 300w, https:\/\/empow-her.com\/wp-content\/uploads\/2021\/06\/logo_fonds_social_europeen-600x375.png 600w, https:\/\/empow-her.com\/wp-content\/uploads\/2021\/06\/logo_fonds_social_europeen-24x15.png 24w, https:\/\/empow-her.com\/wp-content\/uploads\/2021\/06\/logo_fonds_social_europeen-36x22.png 36w, https:\/\/empow-her.com\/wp-content\/uploads\/2021\/06\/logo_fonds_social_europeen-48x30.png 48w, https:\/\/empow-her.com\/wp-content\/uploads\/2021\/06\/logo_fonds_social_europeen.png 666w\" sizes=\"(max-width: 104px) 100vw, 104px\" \/>\u00a0 <img decoding=\"async\" class=\"\" src=\"https:\/\/franceactive-idf.org\/wp-content\/uploads\/2020\/02\/logo-region-ile-de-france.png\" alt=\"Logo Region Ile De France - France Active \u00cele-de-France\" width=\"126\" height=\"29\" \/> Ce projet est co-financ\u00e9 par le Fonds Social Europ\u00e9en<\/p>\n","protected":false},"featured_media":0,"template":"","format":"standard","meta":{"_acf_changed":false,"om_disable_all_campaigns":false,"_uf_show_specific_survey":0,"_uf_disable_surveys":false},"product_brand":[],"product_cat":[118],"product_tag":[],"lieu":[],"thematiques":[],"class_list":{"0":"post-15993","1":"product","2":"type-product","3":"status-publish","4":"format-standard","6":"product_cat-atelier-collectif","8":"first","9":"instock","10":"virtual","11":"purchasable","12":"product-type-appointment"},"exclude_global_add_ons":[],"addons":[],"acf":[],"yoast_head":"<!-- This site is optimized with the Yoast SEO plugin v24.8 - https:\/\/yoast.com\/wordpress\/plugins\/seo\/ -->\n<title>Atelier - L&#039;entretien en empathie pour collecter les besoins de vos clients &amp; utilisateurs - Empow&#039;Her<\/title>\n<meta name=\"robots\" content=\"index, follow, max-snippet:-1, max-image-preview:large, max-video-preview:-1\" \/>\n<link rel=\"canonical\" href=\"https:\/\/empow-her.com\/es\/produit\/atelier-lentretien-en-empathie-pour-collecter-les-besoins-de-vos-clients-utilisateurs\/\" \/>\n<meta property=\"og:locale\" content=\"en_US\" \/>\n<meta property=\"og:type\" content=\"article\" \/>\n<meta property=\"og:title\" content=\"Atelier - L&#039;entretien en empathie pour collecter les besoins de vos clients &amp; utilisateurs - Empow&#039;Her\" \/>\n<meta property=\"og:description\" content=\"Retrouvez les entrepreneures du programme pour un atelier collectif autour de la posture empathique ! Dans cet atelier, la coach Anouchka Colin revient sur ce qu&#039;est l&#039;empathie, comment l&#039;utiliser dans votre d\u00e9marche entrepreneuriale et comment construire son guide d&#039;entretien en empathie pour collecter des informations pr\u00e9cieuses sur les besoins et les attentes de vos utilisateurs cibles en mettant en oeuvre les pratiques d&#039;\u00e9coute active.   &nbsp;  Intervenant.e.s :\u00a0Anouchka Colin de Bulles  Anouchka a travaill\u00e9 12 ans dans des multinationales sur les probl\u00e9matiques d\u2019\u00e9tudes marketing et d\u2019\u00e9coute des consommateurs. Son r\u00f4le \u00e9tait alors de porter leur voix en interne. Elle a finalement d\u00e9cid\u00e9 de quitter ce monde professionnel pour trouver plus de sens en suivant un programme de transition de carri\u00e8re vers l\u2019\u00e9conomie sociale et solidaire, et s\u2019est rendue compte que la probl\u00e9matique de l\u2019\u00e9coute des b\u00e9n\u00e9ficiaires \u00e9tait cl\u00e9 l\u00e0 aussi. Ecouter mais surtout comprendre les besoins des b\u00e9n\u00e9ficiaires, mais aussi des financeurs, des membres de son r\u00e9seau, des potentiels partenaires, c\u2019est d\u00e9velopper de meilleures relations gagnant-gagnant et prendre du recul sur son projet.  &nbsp;  Son super pouvoir ?\u00a0Cr\u00e9atrice d\u2019\u00e9coute mutuelle !  &nbsp;  Son petit mot\u00a0:\u00a0L\u2019empathie est une qualit\u00e9 essentielle \u00e0 d\u00e9velopper, pour son projet mais aussi dans sa vie personnelle : elle \u00e9vite bien des d\u00e9convenues et des d\u00e9bats st\u00e9riles. Je crois profond\u00e9ment que c\u2019est ce dont le monde a besoin : des entrepreneures r\u00e9ellement empathiques !   &nbsp;   \u00a0 Ce projet est co-financ\u00e9 par le Fonds Social Europ\u00e9en\" \/>\n<meta property=\"og:url\" content=\"https:\/\/empow-her.com\/es\/produit\/atelier-lentretien-en-empathie-pour-collecter-les-besoins-de-vos-clients-utilisateurs\/\" \/>\n<meta property=\"og:site_name\" content=\"Empow&#039;Her\" \/>\n<meta property=\"article:modified_time\" content=\"2021-08-03T15:24:22+00:00\" \/>\n<meta name=\"twitter:card\" content=\"summary_large_image\" \/>\n<script type=\"application\/ld+json\" class=\"yoast-schema-graph\">{\"@context\":\"https:\/\/schema.org\",\"@graph\":[{\"@type\":\"WebPage\",\"@id\":\"https:\/\/empow-her.com\/es\/produit\/atelier-lentretien-en-empathie-pour-collecter-les-besoins-de-vos-clients-utilisateurs\/\",\"url\":\"https:\/\/empow-her.com\/es\/produit\/atelier-lentretien-en-empathie-pour-collecter-les-besoins-de-vos-clients-utilisateurs\/\",\"name\":\"Atelier - L'entretien en empathie pour collecter les besoins de vos clients & utilisateurs - Empow&#039;Her\",\"isPartOf\":{\"@id\":\"https:\/\/empow-her.com\/#website\"},\"datePublished\":\"2021-08-03T15:14:46+00:00\",\"dateModified\":\"2021-08-03T15:24:22+00:00\",\"breadcrumb\":{\"@id\":\"https:\/\/empow-her.com\/es\/produit\/atelier-lentretien-en-empathie-pour-collecter-les-besoins-de-vos-clients-utilisateurs\/#breadcrumb\"},\"inLanguage\":\"en-US\",\"potentialAction\":[{\"@type\":\"ReadAction\",\"target\":[\"https:\/\/empow-her.com\/es\/produit\/atelier-lentretien-en-empathie-pour-collecter-les-besoins-de-vos-clients-utilisateurs\/\"]}]},{\"@type\":\"BreadcrumbList\",\"@id\":\"https:\/\/empow-her.com\/es\/produit\/atelier-lentretien-en-empathie-pour-collecter-les-besoins-de-vos-clients-utilisateurs\/#breadcrumb\",\"itemListElement\":[{\"@type\":\"ListItem\",\"position\":1,\"name\":\"Accueil\",\"item\":\"https:\/\/empow-her.com\/en\/landing-page\/\"},{\"@type\":\"ListItem\",\"position\":2,\"name\":\"LA BOUTIQUE\",\"item\":\"https:\/\/empow-her.com\/boutique\/\"},{\"@type\":\"ListItem\",\"position\":3,\"name\":\"Atelier &#8211; L&#8217;entretien en empathie pour collecter les besoins de vos clients &#038; utilisateurs\"}]},{\"@type\":\"WebSite\",\"@id\":\"https:\/\/empow-her.com\/#website\",\"url\":\"https:\/\/empow-her.com\/\",\"name\":\"Empow&#039;Her\",\"description\":\"Women Development\",\"potentialAction\":[{\"@type\":\"SearchAction\",\"target\":{\"@type\":\"EntryPoint\",\"urlTemplate\":\"https:\/\/empow-her.com\/?s={search_term_string}\"},\"query-input\":{\"@type\":\"PropertyValueSpecification\",\"valueRequired\":true,\"valueName\":\"search_term_string\"}}],\"inLanguage\":\"en-US\"}]}<\/script>\n<!-- \/ Yoast SEO plugin. -->","yoast_head_json":{"title":"Atelier - L'entretien en empathie pour collecter les besoins de vos clients & utilisateurs - Empow&#039;Her","robots":{"index":"index","follow":"follow","max-snippet":"max-snippet:-1","max-image-preview":"max-image-preview:large","max-video-preview":"max-video-preview:-1"},"canonical":"https:\/\/empow-her.com\/es\/produit\/atelier-lentretien-en-empathie-pour-collecter-les-besoins-de-vos-clients-utilisateurs\/","og_locale":"en_US","og_type":"article","og_title":"Atelier - L'entretien en empathie pour collecter les besoins de vos clients & utilisateurs - Empow&#039;Her","og_description":"Retrouvez les entrepreneures du programme pour un atelier collectif autour de la posture empathique ! Dans cet atelier, la coach Anouchka Colin revient sur ce qu'est l'empathie, comment l'utiliser dans votre d\u00e9marche entrepreneuriale et comment construire son guide d'entretien en empathie pour collecter des informations pr\u00e9cieuses sur les besoins et les attentes de vos utilisateurs cibles en mettant en oeuvre les pratiques d'\u00e9coute active.   &nbsp;  Intervenant.e.s :\u00a0Anouchka Colin de Bulles  Anouchka a travaill\u00e9 12 ans dans des multinationales sur les probl\u00e9matiques d\u2019\u00e9tudes marketing et d\u2019\u00e9coute des consommateurs. Son r\u00f4le \u00e9tait alors de porter leur voix en interne. Elle a finalement d\u00e9cid\u00e9 de quitter ce monde professionnel pour trouver plus de sens en suivant un programme de transition de carri\u00e8re vers l\u2019\u00e9conomie sociale et solidaire, et s\u2019est rendue compte que la probl\u00e9matique de l\u2019\u00e9coute des b\u00e9n\u00e9ficiaires \u00e9tait cl\u00e9 l\u00e0 aussi. Ecouter mais surtout comprendre les besoins des b\u00e9n\u00e9ficiaires, mais aussi des financeurs, des membres de son r\u00e9seau, des potentiels partenaires, c\u2019est d\u00e9velopper de meilleures relations gagnant-gagnant et prendre du recul sur son projet.  &nbsp;  Son super pouvoir ?\u00a0Cr\u00e9atrice d\u2019\u00e9coute mutuelle !  &nbsp;  Son petit mot\u00a0:\u00a0L\u2019empathie est une qualit\u00e9 essentielle \u00e0 d\u00e9velopper, pour son projet mais aussi dans sa vie personnelle : elle \u00e9vite bien des d\u00e9convenues et des d\u00e9bats st\u00e9riles. Je crois profond\u00e9ment que c\u2019est ce dont le monde a besoin : des entrepreneures r\u00e9ellement empathiques !   &nbsp;   \u00a0 Ce projet est co-financ\u00e9 par le Fonds Social Europ\u00e9en","og_url":"https:\/\/empow-her.com\/es\/produit\/atelier-lentretien-en-empathie-pour-collecter-les-besoins-de-vos-clients-utilisateurs\/","og_site_name":"Empow&#039;Her","article_modified_time":"2021-08-03T15:24:22+00:00","twitter_card":"summary_large_image","schema":{"@context":"https:\/\/schema.org","@graph":[{"@type":"WebPage","@id":"https:\/\/empow-her.com\/es\/produit\/atelier-lentretien-en-empathie-pour-collecter-les-besoins-de-vos-clients-utilisateurs\/","url":"https:\/\/empow-her.com\/es\/produit\/atelier-lentretien-en-empathie-pour-collecter-les-besoins-de-vos-clients-utilisateurs\/","name":"Atelier - L'entretien en empathie pour collecter les besoins de vos clients & utilisateurs - Empow&#039;Her","isPartOf":{"@id":"https:\/\/empow-her.com\/#website"},"datePublished":"2021-08-03T15:14:46+00:00","dateModified":"2021-08-03T15:24:22+00:00","breadcrumb":{"@id":"https:\/\/empow-her.com\/es\/produit\/atelier-lentretien-en-empathie-pour-collecter-les-besoins-de-vos-clients-utilisateurs\/#breadcrumb"},"inLanguage":"en-US","potentialAction":[{"@type":"ReadAction","target":["https:\/\/empow-her.com\/es\/produit\/atelier-lentretien-en-empathie-pour-collecter-les-besoins-de-vos-clients-utilisateurs\/"]}]},{"@type":"BreadcrumbList","@id":"https:\/\/empow-her.com\/es\/produit\/atelier-lentretien-en-empathie-pour-collecter-les-besoins-de-vos-clients-utilisateurs\/#breadcrumb","itemListElement":[{"@type":"ListItem","position":1,"name":"Accueil","item":"https:\/\/empow-her.com\/en\/landing-page\/"},{"@type":"ListItem","position":2,"name":"LA BOUTIQUE","item":"https:\/\/empow-her.com\/boutique\/"},{"@type":"ListItem","position":3,"name":"Atelier &#8211; L&#8217;entretien en empathie pour collecter les besoins de vos clients &#038; utilisateurs"}]},{"@type":"WebSite","@id":"https:\/\/empow-her.com\/#website","url":"https:\/\/empow-her.com\/","name":"Empow&#039;Her","description":"Women Development","potentialAction":[{"@type":"SearchAction","target":{"@type":"EntryPoint","urlTemplate":"https:\/\/empow-her.com\/?s={search_term_string}"},"query-input":{"@type":"PropertyValueSpecification","valueRequired":true,"valueName":"search_term_string"}}],"inLanguage":"en-US"}]}},"_links":{"self":[{"href":"https:\/\/empow-her.com\/en\/wp-json\/wp\/v2\/product\/15993","targetHints":{"allow":["GET"]}}],"collection":[{"href":"https:\/\/empow-her.com\/en\/wp-json\/wp\/v2\/product"}],"about":[{"href":"https:\/\/empow-her.com\/en\/wp-json\/wp\/v2\/types\/product"}],"wp:attachment":[{"href":"https:\/\/empow-her.com\/en\/wp-json\/wp\/v2\/media?parent=15993"}],"wp:term":[{"taxonomy":"product_brand","embeddable":true,"href":"https:\/\/empow-her.com\/en\/wp-json\/wp\/v2\/product_brand?post=15993"},{"taxonomy":"product_cat","embeddable":true,"href":"https:\/\/empow-her.com\/en\/wp-json\/wp\/v2\/product_cat?post=15993"},{"taxonomy":"product_tag","embeddable":true,"href":"https:\/\/empow-her.com\/en\/wp-json\/wp\/v2\/product_tag?post=15993"},{"taxonomy":"lieu","embeddable":true,"href":"https:\/\/empow-her.com\/en\/wp-json\/wp\/v2\/lieu?post=15993"},{"taxonomy":"thematiques","embeddable":true,"href":"https:\/\/empow-her.com\/en\/wp-json\/wp\/v2\/thematiques?post=15993"}],"curies":[{"name":"wp","href":"https:\/\/api.w.org\/{rel}","templated":true}]}}