{"id":15954,"date":"2021-07-30T14:11:27","date_gmt":"2021-07-30T12:11:27","guid":{"rendered":"https:\/\/empow-her.com\/?post_type=product&#038;p=15954"},"modified":"2021-10-15T18:29:43","modified_gmt":"2021-10-15T16:29:43","slug":"atelier-de-la-strategie-commerciale-au-plan-daction-3","status":"publish","type":"product","link":"https:\/\/empow-her.com\/en\/produit\/atelier-de-la-strategie-commerciale-au-plan-daction-3\/","title":{"rendered":"Atelier &#8211; De la strat\u00e9gie commerciale au plan d&#8217;action"},"content":{"rendered":"","protected":false},"excerpt":{"rendered":"<div>\n<div>\n<p>Vous avez d\u00e9j\u00e0 identifi\u00e9 une ou plusieurs propositions de valeur ? Vous souhaitez conna\u00eetre vos concurrents et savoir comment analyser votre march\u00e9 ? Qui sont vos cibles et comment les identifier ? M\u00e9lanie et Laurence de B.Between vous donnent toutes les cl\u00e9s pour \u00e9tablir une strat\u00e9gie commerciale pertinente et ses objectifs !<\/p>\n<\/div>\n<p>&nbsp;<\/p>\n<p><strong>Par<\/strong><b> : <\/b><a href=\"https:\/\/www.bbetween.fr\/\">B.Between<\/a><\/p>\n<\/div>\n<p><strong>Les intervenantes<\/strong> :<\/p>\n<p>Directrice commerciale passionn\u00e9e (depuis plus de 10 ans), M\u00e9lanie Blandin aide, avec B.Between, les TPE et PME \u00e0 se d\u00e9velopper commercialement. Leur mission : votre r\u00e9ussite commerciale !<\/p>\n<p>Laurence Real est passionn\u00e9e de vente. Apr\u00e8s de multiples exp\u00e9riences sur diff\u00e9rents secteurs, du public au priv\u00e9, de la formation au conseil, elle a souhait\u00e9 rejoindre une aventure stimulante pour aider les cr\u00e9ateurs d&#8217;entreprise \u00e0 booster leur entreprise.<\/p>\n<p>&nbsp;<\/p>\n<p><strong>Leur petit mot<\/strong> : <em>Faites-vous confiance ! Rencontrez, \u00e9changez, apprenez encore et toujours. <\/em><em>Pas apr\u00e8s pas, vous allez construire votre projet !<\/em><\/p>\n<p>&nbsp;<\/p>\n<p>&nbsp;<\/p>\n<p><img decoding=\"async\" class=\"\" src=\"https:\/\/www.sep-asso.fr\/wp-content\/uploads\/2018\/02\/logo-union-europeenne.png\" alt=\"logo union europeenne \u2013 SEP\" width=\"87\" height=\"72\" \/> <img decoding=\"async\" class=\"alignnone wp-image-15218\" src=\"https:\/\/empow-her.com\/wp-content\/uploads\/2021\/06\/logo_fonds_social_europeen-300x187.png\" alt=\"\" width=\"104\" height=\"65\" srcset=\"https:\/\/empow-her.com\/wp-content\/uploads\/2021\/06\/logo_fonds_social_europeen-300x187.png 300w, https:\/\/empow-her.com\/wp-content\/uploads\/2021\/06\/logo_fonds_social_europeen-600x375.png 600w, https:\/\/empow-her.com\/wp-content\/uploads\/2021\/06\/logo_fonds_social_europeen-24x15.png 24w, https:\/\/empow-her.com\/wp-content\/uploads\/2021\/06\/logo_fonds_social_europeen-36x22.png 36w, https:\/\/empow-her.com\/wp-content\/uploads\/2021\/06\/logo_fonds_social_europeen-48x30.png 48w, https:\/\/empow-her.com\/wp-content\/uploads\/2021\/06\/logo_fonds_social_europeen.png 666w\" sizes=\"(max-width: 104px) 100vw, 104px\" \/>\u00a0 <img decoding=\"async\" class=\"\" src=\"https:\/\/franceactive-idf.org\/wp-content\/uploads\/2020\/02\/logo-region-ile-de-france.png\" alt=\"Logo Region Ile De France - France Active \u00cele-de-France\" width=\"126\" height=\"29\" \/> Ce projet est co-financ\u00e9 par le Fonds Social Europ\u00e9en<\/p>\n","protected":false},"featured_media":0,"template":"","format":"standard","meta":{"_acf_changed":false,"om_disable_all_campaigns":false,"_uf_show_specific_survey":0,"_uf_disable_surveys":false},"product_brand":[],"product_cat":[118],"product_tag":[],"lieu":[127],"thematiques":[],"class_list":{"0":"post-15954","1":"product","2":"type-product","3":"status-publish","4":"format-standard","6":"product_cat-atelier-collectif","7":"lieu-hub-empowher","9":"first","10":"instock","11":"virtual","12":"purchasable","13":"product-type-appointment"},"exclude_global_add_ons":[],"addons":[],"acf":[],"yoast_head":"<!-- This site is optimized with the Yoast SEO plugin v24.8 - https:\/\/yoast.com\/wordpress\/plugins\/seo\/ -->\n<title>Atelier - De la strat\u00e9gie commerciale au plan d&#039;action - Empow&#039;Her<\/title>\n<meta name=\"robots\" content=\"index, follow, max-snippet:-1, max-image-preview:large, max-video-preview:-1\" \/>\n<link rel=\"canonical\" href=\"https:\/\/empow-her.com\/produit\/atelier-de-la-strategie-commerciale-au-plan-daction-3\/\" \/>\n<meta property=\"og:locale\" content=\"en_US\" \/>\n<meta property=\"og:type\" content=\"article\" \/>\n<meta property=\"og:title\" content=\"Atelier - De la strat\u00e9gie commerciale au plan d&#039;action - Empow&#039;Her\" \/>\n<meta property=\"og:description\" content=\"Vous avez d\u00e9j\u00e0 identifi\u00e9 une ou plusieurs propositions de valeur ? Vous souhaitez conna\u00eetre vos concurrents et savoir comment analyser votre march\u00e9 ? Qui sont vos cibles et comment les identifier ? M\u00e9lanie et Laurence de B.Between vous donnent toutes les cl\u00e9s pour \u00e9tablir une strat\u00e9gie commerciale pertinente et ses objectifs !   &nbsp;  Par : B.Between   Les intervenantes :  Directrice commerciale passionn\u00e9e (depuis plus de 10 ans), M\u00e9lanie Blandin aide, avec B.Between, les TPE et PME \u00e0 se d\u00e9velopper commercialement. Leur mission : votre r\u00e9ussite commerciale !  Laurence Real est passionn\u00e9e de vente. Apr\u00e8s de multiples exp\u00e9riences sur diff\u00e9rents secteurs, du public au priv\u00e9, de la formation au conseil, elle a souhait\u00e9 rejoindre une aventure stimulante pour aider les cr\u00e9ateurs d&#039;entreprise \u00e0 booster leur entreprise.  &nbsp;  Leur petit mot : Faites-vous confiance ! Rencontrez, \u00e9changez, apprenez encore et toujours. Pas apr\u00e8s pas, vous allez construire votre projet !  &nbsp;  &nbsp;   \u00a0 Ce projet est co-financ\u00e9 par le Fonds Social Europ\u00e9en\" \/>\n<meta property=\"og:url\" content=\"https:\/\/empow-her.com\/produit\/atelier-de-la-strategie-commerciale-au-plan-daction-3\/\" \/>\n<meta property=\"og:site_name\" content=\"Empow&#039;Her\" \/>\n<meta property=\"article:modified_time\" content=\"2021-10-15T16:29:43+00:00\" \/>\n<meta name=\"twitter:card\" content=\"summary_large_image\" \/>\n<script type=\"application\/ld+json\" class=\"yoast-schema-graph\">{\"@context\":\"https:\/\/schema.org\",\"@graph\":[{\"@type\":\"WebPage\",\"@id\":\"https:\/\/empow-her.com\/produit\/atelier-de-la-strategie-commerciale-au-plan-daction-3\/\",\"url\":\"https:\/\/empow-her.com\/produit\/atelier-de-la-strategie-commerciale-au-plan-daction-3\/\",\"name\":\"Atelier - De la strat\u00e9gie commerciale au plan d'action - Empow&#039;Her\",\"isPartOf\":{\"@id\":\"https:\/\/empow-her.com\/#website\"},\"datePublished\":\"2021-07-30T12:11:27+00:00\",\"dateModified\":\"2021-10-15T16:29:43+00:00\",\"breadcrumb\":{\"@id\":\"https:\/\/empow-her.com\/produit\/atelier-de-la-strategie-commerciale-au-plan-daction-3\/#breadcrumb\"},\"inLanguage\":\"en-US\",\"potentialAction\":[{\"@type\":\"ReadAction\",\"target\":[\"https:\/\/empow-her.com\/produit\/atelier-de-la-strategie-commerciale-au-plan-daction-3\/\"]}]},{\"@type\":\"BreadcrumbList\",\"@id\":\"https:\/\/empow-her.com\/produit\/atelier-de-la-strategie-commerciale-au-plan-daction-3\/#breadcrumb\",\"itemListElement\":[{\"@type\":\"ListItem\",\"position\":1,\"name\":\"Accueil\",\"item\":\"https:\/\/empow-her.com\/en\/landing-page\/\"},{\"@type\":\"ListItem\",\"position\":2,\"name\":\"LA BOUTIQUE\",\"item\":\"https:\/\/empow-her.com\/boutique\/\"},{\"@type\":\"ListItem\",\"position\":3,\"name\":\"Atelier &#8211; De la strat\u00e9gie commerciale au plan d&#8217;action\"}]},{\"@type\":\"WebSite\",\"@id\":\"https:\/\/empow-her.com\/#website\",\"url\":\"https:\/\/empow-her.com\/\",\"name\":\"Empow&#039;Her\",\"description\":\"Women Development\",\"potentialAction\":[{\"@type\":\"SearchAction\",\"target\":{\"@type\":\"EntryPoint\",\"urlTemplate\":\"https:\/\/empow-her.com\/?s={search_term_string}\"},\"query-input\":{\"@type\":\"PropertyValueSpecification\",\"valueRequired\":true,\"valueName\":\"search_term_string\"}}],\"inLanguage\":\"en-US\"}]}<\/script>\n<!-- \/ Yoast SEO plugin. -->","yoast_head_json":{"title":"Atelier - De la strat\u00e9gie commerciale au plan d'action - Empow&#039;Her","robots":{"index":"index","follow":"follow","max-snippet":"max-snippet:-1","max-image-preview":"max-image-preview:large","max-video-preview":"max-video-preview:-1"},"canonical":"https:\/\/empow-her.com\/produit\/atelier-de-la-strategie-commerciale-au-plan-daction-3\/","og_locale":"en_US","og_type":"article","og_title":"Atelier - De la strat\u00e9gie commerciale au plan d'action - Empow&#039;Her","og_description":"Vous avez d\u00e9j\u00e0 identifi\u00e9 une ou plusieurs propositions de valeur ? Vous souhaitez conna\u00eetre vos concurrents et savoir comment analyser votre march\u00e9 ? Qui sont vos cibles et comment les identifier ? M\u00e9lanie et Laurence de B.Between vous donnent toutes les cl\u00e9s pour \u00e9tablir une strat\u00e9gie commerciale pertinente et ses objectifs !   &nbsp;  Par : B.Between   Les intervenantes :  Directrice commerciale passionn\u00e9e (depuis plus de 10 ans), M\u00e9lanie Blandin aide, avec B.Between, les TPE et PME \u00e0 se d\u00e9velopper commercialement. Leur mission : votre r\u00e9ussite commerciale !  Laurence Real est passionn\u00e9e de vente. Apr\u00e8s de multiples exp\u00e9riences sur diff\u00e9rents secteurs, du public au priv\u00e9, de la formation au conseil, elle a souhait\u00e9 rejoindre une aventure stimulante pour aider les cr\u00e9ateurs d'entreprise \u00e0 booster leur entreprise.  &nbsp;  Leur petit mot : Faites-vous confiance ! Rencontrez, \u00e9changez, apprenez encore et toujours. Pas apr\u00e8s pas, vous allez construire votre projet !  &nbsp;  &nbsp;   \u00a0 Ce projet est co-financ\u00e9 par le Fonds Social Europ\u00e9en","og_url":"https:\/\/empow-her.com\/produit\/atelier-de-la-strategie-commerciale-au-plan-daction-3\/","og_site_name":"Empow&#039;Her","article_modified_time":"2021-10-15T16:29:43+00:00","twitter_card":"summary_large_image","schema":{"@context":"https:\/\/schema.org","@graph":[{"@type":"WebPage","@id":"https:\/\/empow-her.com\/produit\/atelier-de-la-strategie-commerciale-au-plan-daction-3\/","url":"https:\/\/empow-her.com\/produit\/atelier-de-la-strategie-commerciale-au-plan-daction-3\/","name":"Atelier - De la strat\u00e9gie commerciale au plan d'action - Empow&#039;Her","isPartOf":{"@id":"https:\/\/empow-her.com\/#website"},"datePublished":"2021-07-30T12:11:27+00:00","dateModified":"2021-10-15T16:29:43+00:00","breadcrumb":{"@id":"https:\/\/empow-her.com\/produit\/atelier-de-la-strategie-commerciale-au-plan-daction-3\/#breadcrumb"},"inLanguage":"en-US","potentialAction":[{"@type":"ReadAction","target":["https:\/\/empow-her.com\/produit\/atelier-de-la-strategie-commerciale-au-plan-daction-3\/"]}]},{"@type":"BreadcrumbList","@id":"https:\/\/empow-her.com\/produit\/atelier-de-la-strategie-commerciale-au-plan-daction-3\/#breadcrumb","itemListElement":[{"@type":"ListItem","position":1,"name":"Accueil","item":"https:\/\/empow-her.com\/en\/landing-page\/"},{"@type":"ListItem","position":2,"name":"LA BOUTIQUE","item":"https:\/\/empow-her.com\/boutique\/"},{"@type":"ListItem","position":3,"name":"Atelier &#8211; De la strat\u00e9gie commerciale au plan d&#8217;action"}]},{"@type":"WebSite","@id":"https:\/\/empow-her.com\/#website","url":"https:\/\/empow-her.com\/","name":"Empow&#039;Her","description":"Women Development","potentialAction":[{"@type":"SearchAction","target":{"@type":"EntryPoint","urlTemplate":"https:\/\/empow-her.com\/?s={search_term_string}"},"query-input":{"@type":"PropertyValueSpecification","valueRequired":true,"valueName":"search_term_string"}}],"inLanguage":"en-US"}]}},"_links":{"self":[{"href":"https:\/\/empow-her.com\/en\/wp-json\/wp\/v2\/product\/15954","targetHints":{"allow":["GET"]}}],"collection":[{"href":"https:\/\/empow-her.com\/en\/wp-json\/wp\/v2\/product"}],"about":[{"href":"https:\/\/empow-her.com\/en\/wp-json\/wp\/v2\/types\/product"}],"wp:attachment":[{"href":"https:\/\/empow-her.com\/en\/wp-json\/wp\/v2\/media?parent=15954"}],"wp:term":[{"taxonomy":"product_brand","embeddable":true,"href":"https:\/\/empow-her.com\/en\/wp-json\/wp\/v2\/product_brand?post=15954"},{"taxonomy":"product_cat","embeddable":true,"href":"https:\/\/empow-her.com\/en\/wp-json\/wp\/v2\/product_cat?post=15954"},{"taxonomy":"product_tag","embeddable":true,"href":"https:\/\/empow-her.com\/en\/wp-json\/wp\/v2\/product_tag?post=15954"},{"taxonomy":"lieu","embeddable":true,"href":"https:\/\/empow-her.com\/en\/wp-json\/wp\/v2\/lieu?post=15954"},{"taxonomy":"thematiques","embeddable":true,"href":"https:\/\/empow-her.com\/en\/wp-json\/wp\/v2\/thematiques?post=15954"}],"curies":[{"name":"wp","href":"https:\/\/api.w.org\/{rel}","templated":true}]}}