{"id":158105,"date":"2023-04-17T16:07:02","date_gmt":"2023-04-17T14:07:02","guid":{"rendered":"https:\/\/empow-her.com\/?post_type=product&#038;p=158105"},"modified":"2023-05-30T10:56:02","modified_gmt":"2023-05-30T08:56:02","slug":"feministes-et-une-soiree-pour-relier-les-oppressions","status":"publish","type":"product","link":"https:\/\/empow-her.com\/en\/produit\/feministes-et-une-soiree-pour-relier-les-oppressions\/","title":{"rendered":"F\u00e9ministes et&#8230; | Une soir\u00e9e pour relier les oppressions"},"content":{"rendered":"<p><strong><img decoding=\"async\" src=\"https:\/\/static.xx.fbcdn.net\/images\/emoji.php\/v9\/t3c\/1\/16\/26d3.png\" alt=\"&#x26d3;\" width=\"16\" height=\"16\" \/>\u00a0Quels liens peut-on faire entre sexisme et racisme, grossophobie, validisme ou encore capitalisme et tout les trucs en -isme ? Pourquoi, en tant que personne sexis\u00e9e*, se mobiliser contre la loi immigration, lutter contre la domination adulte ou sortir les casseroles de la cuisine pour faire la f\u00eate aux ministres ? On vous invite \u00e0 explorer le concept d&#8217;intersectionnalit\u00e9 et \u00e0 tisser des liens entre les oppressions et entre les luttes au cours d\u2019une soir\u00e9e engag\u00e9e !<\/strong><\/p>\n<p><img decoding=\"async\" src=\"https:\/\/static.xx.fbcdn.net\/images\/emoji.php\/v9\/tca\/1\/16\/2795.png\" alt=\"&#x2795;\" width=\"16\" height=\"16\" \/>\u00a0On se retrouve \u00e0 18h30 pour\u00a0<strong>\u201ccroiser les regards\u201d<\/strong>\u00a0durant la pl\u00e9ni\u00e8re d\u2019introduction : une table ronde rassemblant des membres de diff\u00e9rents collectifs qui viendront partager et questionner leurs approches des luttes intersectionnelles.<\/p>\n<p><img decoding=\"async\" src=\"https:\/\/static.xx.fbcdn.net\/images\/emoji.php\/v9\/tfb\/1\/16\/1f5e3.png\" alt=\"&#x1f5e3;\" width=\"16\" height=\"16\" \/>\u00a0On encha\u00eenera ensuite avec des\u00a0<strong>ateliers en petits comit\u00e9s<\/strong>\u00a0pour approfondir une th\u00e9matique : en partant du portrait d\u2019une personne sexis\u00e9e se trouvant \u00e0 l\u2019intersection de plusieurs discriminations syst\u00e9miques, nous \u00e9changerons, questionnerons, et retrousserons nos manches.<\/p>\n<p><strong>\u25ac Ateliers et intervenant\u00b7es :<\/strong><\/p>\n<p>\u25d6<strong>Collectif enfantiste<\/strong><\/p>\n<p>Le collectif enfantiste a \u00e9t\u00e9 cr\u00e9\u00e9 dans le but de lutter contre les violences faites aux enfants et de valoriser le respect de l\u2019enfant en tant qu\u2019\u00eatre humain \u00e0 part enti\u00e8re. Il tient ses bases du f\u00e9minisme d\u00e9non\u00e7ant en partie la cause des violences faites aux enfants par un syst\u00e8me ancr\u00e9 de domination, l\u2019adultisme \u00e9tant consid\u00e9r\u00e9 comme la domination racine. L&#8217;atelier propos\u00e9 par le collectif voudra \u00e0 la fois permettre de visibiliser les liens entre patriarcat et domination adulte, et renforcer les connexions entre les luttes qui en d\u00e9coulent, mais aussi d&#8217;aborder ce sujet encore peu pris en compte comme domination sp\u00e9cifique.<\/p>\n<p>\u25d6<strong>Awal<\/strong><\/p>\n<p>Awal cr\u00e9e des espaces de discussion et d&#8217;exploration sur les questions de justice sociale dans une d\u00e9marche engag\u00e9e et inclusive. Les mots et la litt\u00e9rature sont des outils pr\u00e9cieux pour repenser et panser le monde. A travers des ateliers d&#8217;\u00e9criture, lecture et partage de la parole, Awal permet de tisser nos propres r\u00e9cits et d&#8217;entrer en action pour d\u00e9fendre les causes urgentes de ce monde. Archcena, praticienne en Ayurv\u00e9da\/activiste et Inesse, militante f\u00e9ministe et fondatrice d&#8217;Awal, proposeront un atelier de cr\u00e9ation collective d&#8217;un manifeste autour des oppressions sexistes, racistes et de la domination du vivant. Les th\u00e8mes de l&#8217;\u00e9cof\u00e9minisme et de l&#8217;invisibilisation des luttes seront abord\u00e9s.<\/p>\n<div class=\"x11i5rnm xat24cr x1mh8g0r x1vvkbs xtlvy1s\"><strong>\u25d6Chlo\u00e9 Moser<\/strong><\/div>\n<div class=\"x11i5rnm xat24cr x1mh8g0r x1vvkbs xtlvy1s\">Chlo\u00e9 est une militante grosse, f\u00e9ministe et intersectionnelle. Elle s&#8217;attache \u00e0 pousser chacun.e au rep\u00e9rage puis \u00e0 la d\u00e9construction de nos id\u00e9es re\u00e7ues et tr\u00e8s int\u00e9rioris\u00e9es sur la grosseur et les gros.ses. Chlo\u00e9 proposera un atelier pour relier les oppressions sexistes et la grossophobie, pour souligner l&#8217;importance de la compl\u00e9mentarit\u00e9 entre les combats qui s&#8217;attaquent \u00e0 d\u00e9construire ces oppressions\u00a0<span class=\"x3nfvp2 x1j61x8r x1fcty0u xdj266r xhhsvwb xat24cr xgzva0m xxymvpz xlup9mm x1kky2od\"><img loading=\"lazy\" decoding=\"async\" src=\"https:\/\/static.xx.fbcdn.net\/images\/emoji.php\/v9\/t64\/1\/16\/1f91d.png\" alt=\"&#x1f91d;\" width=\"16\" height=\"16\" \/><\/span><\/div>\n<div><\/div>\n<div class=\"x11i5rnm xat24cr x1mh8g0r x1vvkbs xtlvy1s\"><strong>\u25d6Marianne Delvert<\/strong><\/div>\n<div class=\"x11i5rnm xat24cr x1mh8g0r x1vvkbs xtlvy1s\">Dipl\u00f4m\u00e9e d\u2019un Master de Sciences Sociales et passionn\u00e9e de sociologie du handicap, Marianne a cr\u00e9\u00e9 son compte Instagram &#8220;Les chroniques de Marianne&#8221; pour vulgariser des \u00e9l\u00e9ments de sociologie du handicap, produire des \u00e9crits litt\u00e9raires relatant sa perception de son handicap et militer contre le validisme.<br \/>\nElle est \u00e9galement membre du collectif handif\u00e9ministe Les D\u00e9valideuses.<\/div>\n<p>On vous attend nombreuses et nombreux pour cette soir\u00e9e magmagique\u00a0<img loading=\"lazy\" decoding=\"async\" src=\"https:\/\/static.xx.fbcdn.net\/images\/emoji.php\/v9\/t57\/1\/16\/1f609.png\" alt=\"&#x1f609;\" width=\"16\" height=\"16\" \/><\/p>\n<p><em>*Une personne sexis\u00e9e est une personne qui subit le sexisme et le patriarcat : les femmes cisgenre, les femmes trans, les personnes non-binaires, les gays et les lesbiennes, et de mani\u00e8re g\u00e9n\u00e9rale toutes les personnes LGBTQIA+.<\/em><\/p>\n<p>\u2022\u2022\u2022\u2022\u2022<\/p>\n<p>&#x1f49e; Dans une perspective de soin collectif, masques et gel seront mis \u00e0 disposition et nous invitons chaque personne \u00e0 se responsabiliser en cas de sympt\u00f4mes pouvant se r\u00e9percuter sur des participant\u00b7es fragilis\u00e9\u00b7es (porter un masque voire annuler sa venue).<\/p>\n<p>&nbsp;<\/p>\n<p>Infos pratiques :<br \/>\n&#x1f4c5; Mardi 30 mai de 18h30 \u00e0 20h30<br \/>\n<img loading=\"lazy\" decoding=\"async\" src=\"https:\/\/static.xx.fbcdn.net\/images\/emoji.php\/v9\/t8b\/1.5\/16\/1f516.png\" alt=\"&#x1f516;\" width=\"16\" height=\"16\" \/>\u00a0R\u00e9servation gratuite obligatoire<\/p>\n<p>&#x1f4cd; Sist\u2019Her : 82 rue du Faubourg Saint-Martin 75010 Paris<br \/>\nOuvert en mars 2021, Sist\u2019Her est le premier tiers-lieu sorore, d\u00e9di\u00e9 aux entrepreneuses et \u00e0 l\u2019impact en \u00cele-de-France. Port\u00e9 par l\u2019association Empow\u2019Her, c\u2019est un lieu de formations et de rencontres inclusif et collaboratif, ouvert \u00e0 tou\u00b7te\u00b7s o\u00f9 il est possible de se former, s\u2019inspirer, s\u2019engager et se rencontrer.\u201d<\/p>\n<p>A tr\u00e8s vite !<\/p>\n","protected":false},"excerpt":{"rendered":"<p><strong><img decoding=\"async\" src=\"https:\/\/static.xx.fbcdn.net\/images\/emoji.php\/v9\/t3c\/1\/16\/26d3.png\" alt=\"&#x26d3;\" width=\"16\" height=\"16\" \/>\u00a0Quels liens peut-on faire entre sexisme et racisme, grossophobie, validisme ou encore capitalisme et tout les trucs en -isme ? Pourquoi, en tant que personne sexis\u00e9e*, se mobiliser contre la loi immigration, lutter contre la domination adulte ou sortir les casseroles de la cuisine pour faire la f\u00eate aux ministres ? On vous invite \u00e0 explorer le concept d&#8217;intersectionnalit\u00e9 et \u00e0 tisser des liens entre les oppressions et entre les luttes au cours d\u2019une soir\u00e9e engag\u00e9e !<\/strong><\/p>\n<p><img decoding=\"async\" src=\"https:\/\/static.xx.fbcdn.net\/images\/emoji.php\/v9\/tca\/1\/16\/2795.png\" alt=\"&#x2795;\" width=\"16\" height=\"16\" \/>\u00a0On se retrouve \u00e0 18h30 pour\u00a0<strong>\u201ccroiser les regards\u201d<\/strong>\u00a0durant la pl\u00e9ni\u00e8re d\u2019introduction : une table ronde rassemblant des membres de diff\u00e9rents collectifs qui viendront partager et questionner leurs approches des luttes intersectionnelles.<\/p>\n<p><img decoding=\"async\" src=\"https:\/\/static.xx.fbcdn.net\/images\/emoji.php\/v9\/tfb\/1\/16\/1f5e3.png\" alt=\"&#x1f5e3;\" width=\"16\" height=\"16\" \/>\u00a0On encha\u00eenera ensuite avec des\u00a0<strong>ateliers en petits comit\u00e9s<\/strong>\u00a0pour approfondir une th\u00e9matique : en partant du portrait d\u2019une personne sexis\u00e9e se trouvant \u00e0 l\u2019intersection de plusieurs discriminations syst\u00e9miques, nous \u00e9changerons, questionnerons, et retrousserons nos manches.<\/p>\n<p><strong>\u25ac Ateliers et intervenant\u00b7es :<\/strong><\/p>\n<p>\u25d6<strong>Collectif enfantiste<\/strong><\/p>\n<p>Le collectif enfantiste a \u00e9t\u00e9 cr\u00e9\u00e9 dans le but de lutter contre les violences faites aux enfants et de valoriser le respect de l\u2019enfant en tant qu\u2019\u00eatre humain \u00e0 part enti\u00e8re. Il tient ses bases du f\u00e9minisme d\u00e9non\u00e7ant en partie la cause des violences faites aux enfants par un syst\u00e8me ancr\u00e9 de domination, l\u2019adultisme \u00e9tant consid\u00e9r\u00e9 comme la domination racine. L&#8217;atelier propos\u00e9 par le collectif voudra \u00e0 la fois permettre de visibiliser les liens entre patriarcat et domination adulte, et renforcer les connexions entre les luttes qui en d\u00e9coulent, mais aussi d&#8217;aborder ce sujet encore peu pris en compte comme domination sp\u00e9cifique.<\/p>\n<p>\u25d6<strong>Awal<\/strong><\/p>\n<p>Awal cr\u00e9e des espaces de discussion et d&#8217;exploration sur les questions de justice sociale dans une d\u00e9marche engag\u00e9e et inclusive. Les mots et la litt\u00e9rature sont des outils pr\u00e9cieux pour repenser et panser le monde. A travers des ateliers d&#8217;\u00e9criture, lecture et partage de la parole, Awal permet de tisser nos propres r\u00e9cits et d&#8217;entrer en action pour d\u00e9fendre les causes urgentes de ce monde. Archcena, praticienne en Ayurv\u00e9da\/activiste et Inesse, militante f\u00e9ministe et fondatrice d&#8217;Awal, proposeront un atelier de cr\u00e9ation collective d&#8217;un manifeste autour des oppressions sexistes, racistes et de la domination du vivant. Les th\u00e8mes de l&#8217;\u00e9cof\u00e9minisme et de l&#8217;invisibilisation des luttes seront abord\u00e9s.<\/p>\n<div class=\"x11i5rnm xat24cr x1mh8g0r x1vvkbs xtlvy1s\"><strong>\u25d6Chlo\u00e9 Moser<\/strong><\/div>\n<div class=\"x11i5rnm xat24cr x1mh8g0r x1vvkbs xtlvy1s\">Chlo\u00e9 est une militante grosse, f\u00e9ministe et intersectionnelle. Elle s&#8217;attache \u00e0 pousser chacun.e au rep\u00e9rage puis \u00e0 la d\u00e9construction de nos id\u00e9es re\u00e7ues et tr\u00e8s int\u00e9rioris\u00e9es sur la grosseur et les gros.ses. Chlo\u00e9 proposera un atelier pour relier les oppressions sexistes et la grossophobie, pour souligner l&#8217;importance de la compl\u00e9mentarit\u00e9 entre les combats qui s&#8217;attaquent \u00e0 d\u00e9construire ces oppressions\u00a0<span class=\"x3nfvp2 x1j61x8r x1fcty0u xdj266r xhhsvwb xat24cr xgzva0m xxymvpz xlup9mm x1kky2od\"><img loading=\"lazy\" decoding=\"async\" src=\"https:\/\/static.xx.fbcdn.net\/images\/emoji.php\/v9\/t64\/1\/16\/1f91d.png\" alt=\"&#x1f91d;\" width=\"16\" height=\"16\" \/><\/span><\/div>\n<div><\/div>\n<div class=\"x11i5rnm xat24cr x1mh8g0r x1vvkbs xtlvy1s\"><strong>\u25d6Marianne Delvert<\/strong><\/div>\n<div class=\"x11i5rnm xat24cr x1mh8g0r x1vvkbs xtlvy1s\">Dipl\u00f4m\u00e9e d\u2019un Master de Sciences Sociales et passionn\u00e9e de sociologie du handicap, Marianne a cr\u00e9\u00e9 son compte Instagram &#8220;Les chroniques de Marianne&#8221; pour vulgariser des \u00e9l\u00e9ments de sociologie du handicap, produire des \u00e9crits litt\u00e9raires relatant sa perception de son handicap et militer contre le validisme.<br \/>\nElle est \u00e9galement membre du collectif handif\u00e9ministe Les D\u00e9valideuses.<\/div>\n<p>On vous attend nombreuses et nombreux pour cette soir\u00e9e magmagique\u00a0<img loading=\"lazy\" decoding=\"async\" src=\"https:\/\/static.xx.fbcdn.net\/images\/emoji.php\/v9\/t57\/1\/16\/1f609.png\" alt=\"&#x1f609;\" width=\"16\" height=\"16\" \/><\/p>\n<p><em>*Une personne sexis\u00e9e est une personne qui subit le sexisme et le patriarcat : les femmes cisgenre, les femmes trans, les personnes non-binaires, les gays et les lesbiennes, et de mani\u00e8re g\u00e9n\u00e9rale toutes les personnes LGBTQIA+.<\/em><\/p>\n<p>\u2022\u2022\u2022\u2022\u2022<\/p>\n<p>&#x1f49e; Dans une perspective de soin collectif, masques et gel seront mis \u00e0 disposition et nous invitons chaque personne \u00e0 se responsabiliser en cas de sympt\u00f4mes pouvant se r\u00e9percuter sur des participant\u00b7es fragilis\u00e9\u00b7es (porter un masque voire annuler sa venue).<\/p>\n<p>&nbsp;<\/p>\n<p>Infos pratiques :<br \/>\n&#x1f4c5; Mardi 30 mai de 18h30 \u00e0 20h30<br \/>\n<img loading=\"lazy\" decoding=\"async\" src=\"https:\/\/static.xx.fbcdn.net\/images\/emoji.php\/v9\/t8b\/1.5\/16\/1f516.png\" alt=\"&#x1f516;\" width=\"16\" height=\"16\" \/>\u00a0R\u00e9servation gratuite obligatoire<\/p>\n<p>&#x1f4cd; Sist\u2019Her : 82 rue du Faubourg Saint-Martin 75010 Paris<br \/>\nOuvert en mars 2021, Sist\u2019Her est le premier tiers-lieu sorore, d\u00e9di\u00e9 aux entrepreneuses et \u00e0 l\u2019impact en \u00cele-de-France. Port\u00e9 par l\u2019association Empow\u2019Her, c\u2019est un lieu de formations et de rencontres inclusif et collaboratif, ouvert \u00e0 tou\u00b7te\u00b7s o\u00f9 il est possible de se former, s\u2019inspirer, s\u2019engager et se rencontrer.\u201d<\/p>\n<p>A tr\u00e8s vite !<\/p>\n","protected":false},"featured_media":162482,"template":"","format":"standard","meta":{"_acf_changed":false,"om_disable_all_campaigns":false,"_uf_show_specific_survey":0,"_uf_disable_surveys":false},"product_brand":[],"product_cat":[119],"product_tag":[],"lieu":[127],"thematiques":[],"class_list":{"0":"post-158105","1":"product","2":"type-product","3":"status-publish","4":"format-standard","5":"has-post-thumbnail","7":"product_cat-evenement-sisther","8":"lieu-hub-empowher","10":"first","11":"instock","12":"virtual","13":"purchasable","14":"product-type-appointment"},"exclude_global_add_ons":[],"addons":[],"acf":[],"yoast_head":"<!-- This site is optimized with the Yoast SEO plugin v24.8 - https:\/\/yoast.com\/wordpress\/plugins\/seo\/ -->\n<title>F\u00e9ministes et... | Une soir\u00e9e pour relier les oppressions<\/title>\n<meta name=\"description\" content=\"Quels liens peut-on faire entre sexisme et racisme, grossophobie, validisme ou encore capitalisme ? Rendez-vous le 30 mai \u00e0 18h30 chez Sist&#039;Her\" \/>\n<meta name=\"robots\" content=\"index, follow, max-snippet:-1, max-image-preview:large, max-video-preview:-1\" \/>\n<link rel=\"canonical\" href=\"https:\/\/empow-her.com\/produit\/feministes-et-une-soiree-pour-relier-les-oppressions\/\" \/>\n<meta property=\"og:locale\" content=\"en_US\" \/>\n<meta property=\"og:type\" content=\"article\" \/>\n<meta property=\"og:title\" content=\"F\u00e9ministes et... | Une soir\u00e9e pour relier les oppressions\" \/>\n<meta property=\"og:description\" content=\"Quels liens peut-on faire entre sexisme et racisme, grossophobie, validisme ou encore capitalisme ? Rendez-vous le 30 mai \u00e0 18h30 chez Sist&#039;Her\" \/>\n<meta property=\"og:url\" content=\"https:\/\/empow-her.com\/produit\/feministes-et-une-soiree-pour-relier-les-oppressions\/\" \/>\n<meta property=\"og:site_name\" content=\"Empow&#039;Her\" \/>\n<meta property=\"article:modified_time\" content=\"2023-05-30T08:56:02+00:00\" \/>\n<meta property=\"og:image\" content=\"https:\/\/empow-her.com\/wp-content\/uploads\/2023\/04\/magma-2.png\" \/>\n\t<meta property=\"og:image:width\" content=\"1080\" \/>\n\t<meta property=\"og:image:height\" content=\"1080\" \/>\n\t<meta property=\"og:image:type\" content=\"image\/png\" \/>\n<meta name=\"twitter:card\" content=\"summary_large_image\" \/>\n<meta name=\"twitter:label1\" content=\"Est. reading time\" \/>\n\t<meta name=\"twitter:data1\" content=\"5 minutes\" \/>\n<script type=\"application\/ld+json\" class=\"yoast-schema-graph\">{\"@context\":\"https:\/\/schema.org\",\"@graph\":[{\"@type\":\"WebPage\",\"@id\":\"https:\/\/empow-her.com\/produit\/feministes-et-une-soiree-pour-relier-les-oppressions\/\",\"url\":\"https:\/\/empow-her.com\/produit\/feministes-et-une-soiree-pour-relier-les-oppressions\/\",\"name\":\"F\u00e9ministes et... | Une soir\u00e9e pour relier les oppressions\",\"isPartOf\":{\"@id\":\"https:\/\/empow-her.com\/#website\"},\"primaryImageOfPage\":{\"@id\":\"https:\/\/empow-her.com\/produit\/feministes-et-une-soiree-pour-relier-les-oppressions\/#primaryimage\"},\"image\":{\"@id\":\"https:\/\/empow-her.com\/produit\/feministes-et-une-soiree-pour-relier-les-oppressions\/#primaryimage\"},\"thumbnailUrl\":\"https:\/\/empow-her.com\/wp-content\/uploads\/2023\/04\/magma-2.png\",\"datePublished\":\"2023-04-17T14:07:02+00:00\",\"dateModified\":\"2023-05-30T08:56:02+00:00\",\"description\":\"Quels liens peut-on faire entre sexisme et racisme, grossophobie, validisme ou encore capitalisme ? Rendez-vous le 30 mai \u00e0 18h30 chez Sist'Her\",\"breadcrumb\":{\"@id\":\"https:\/\/empow-her.com\/produit\/feministes-et-une-soiree-pour-relier-les-oppressions\/#breadcrumb\"},\"inLanguage\":\"en-US\",\"potentialAction\":[{\"@type\":\"ReadAction\",\"target\":[\"https:\/\/empow-her.com\/produit\/feministes-et-une-soiree-pour-relier-les-oppressions\/\"]}]},{\"@type\":\"ImageObject\",\"inLanguage\":\"en-US\",\"@id\":\"https:\/\/empow-her.com\/produit\/feministes-et-une-soiree-pour-relier-les-oppressions\/#primaryimage\",\"url\":\"https:\/\/empow-her.com\/wp-content\/uploads\/2023\/04\/magma-2.png\",\"contentUrl\":\"https:\/\/empow-her.com\/wp-content\/uploads\/2023\/04\/magma-2.png\",\"width\":1080,\"height\":1080},{\"@type\":\"BreadcrumbList\",\"@id\":\"https:\/\/empow-her.com\/produit\/feministes-et-une-soiree-pour-relier-les-oppressions\/#breadcrumb\",\"itemListElement\":[{\"@type\":\"ListItem\",\"position\":1,\"name\":\"Accueil\",\"item\":\"https:\/\/empow-her.com\/en\/landing-page\/\"},{\"@type\":\"ListItem\",\"position\":2,\"name\":\"LA BOUTIQUE\",\"item\":\"https:\/\/empow-her.com\/boutique\/\"},{\"@type\":\"ListItem\",\"position\":3,\"name\":\"F\u00e9ministes et&#8230; | Une soir\u00e9e pour relier les oppressions\"}]},{\"@type\":\"WebSite\",\"@id\":\"https:\/\/empow-her.com\/#website\",\"url\":\"https:\/\/empow-her.com\/\",\"name\":\"Empow&#039;Her\",\"description\":\"Women Development\",\"potentialAction\":[{\"@type\":\"SearchAction\",\"target\":{\"@type\":\"EntryPoint\",\"urlTemplate\":\"https:\/\/empow-her.com\/?s={search_term_string}\"},\"query-input\":{\"@type\":\"PropertyValueSpecification\",\"valueRequired\":true,\"valueName\":\"search_term_string\"}}],\"inLanguage\":\"en-US\"}]}<\/script>\n<!-- \/ Yoast SEO plugin. -->","yoast_head_json":{"title":"F\u00e9ministes et... | Une soir\u00e9e pour relier les oppressions","description":"Quels liens peut-on faire entre sexisme et racisme, grossophobie, validisme ou encore capitalisme ? Rendez-vous le 30 mai \u00e0 18h30 chez Sist'Her","robots":{"index":"index","follow":"follow","max-snippet":"max-snippet:-1","max-image-preview":"max-image-preview:large","max-video-preview":"max-video-preview:-1"},"canonical":"https:\/\/empow-her.com\/produit\/feministes-et-une-soiree-pour-relier-les-oppressions\/","og_locale":"en_US","og_type":"article","og_title":"F\u00e9ministes et... | Une soir\u00e9e pour relier les oppressions","og_description":"Quels liens peut-on faire entre sexisme et racisme, grossophobie, validisme ou encore capitalisme ? Rendez-vous le 30 mai \u00e0 18h30 chez Sist'Her","og_url":"https:\/\/empow-her.com\/produit\/feministes-et-une-soiree-pour-relier-les-oppressions\/","og_site_name":"Empow&#039;Her","article_modified_time":"2023-05-30T08:56:02+00:00","og_image":[{"width":1080,"height":1080,"url":"https:\/\/empow-her.com\/wp-content\/uploads\/2023\/04\/magma-2.png","type":"image\/png"}],"twitter_card":"summary_large_image","twitter_misc":{"Est. reading time":"5 minutes"},"schema":{"@context":"https:\/\/schema.org","@graph":[{"@type":"WebPage","@id":"https:\/\/empow-her.com\/produit\/feministes-et-une-soiree-pour-relier-les-oppressions\/","url":"https:\/\/empow-her.com\/produit\/feministes-et-une-soiree-pour-relier-les-oppressions\/","name":"F\u00e9ministes et... | Une soir\u00e9e pour relier les oppressions","isPartOf":{"@id":"https:\/\/empow-her.com\/#website"},"primaryImageOfPage":{"@id":"https:\/\/empow-her.com\/produit\/feministes-et-une-soiree-pour-relier-les-oppressions\/#primaryimage"},"image":{"@id":"https:\/\/empow-her.com\/produit\/feministes-et-une-soiree-pour-relier-les-oppressions\/#primaryimage"},"thumbnailUrl":"https:\/\/empow-her.com\/wp-content\/uploads\/2023\/04\/magma-2.png","datePublished":"2023-04-17T14:07:02+00:00","dateModified":"2023-05-30T08:56:02+00:00","description":"Quels liens peut-on faire entre sexisme et racisme, grossophobie, validisme ou encore capitalisme ? Rendez-vous le 30 mai \u00e0 18h30 chez Sist'Her","breadcrumb":{"@id":"https:\/\/empow-her.com\/produit\/feministes-et-une-soiree-pour-relier-les-oppressions\/#breadcrumb"},"inLanguage":"en-US","potentialAction":[{"@type":"ReadAction","target":["https:\/\/empow-her.com\/produit\/feministes-et-une-soiree-pour-relier-les-oppressions\/"]}]},{"@type":"ImageObject","inLanguage":"en-US","@id":"https:\/\/empow-her.com\/produit\/feministes-et-une-soiree-pour-relier-les-oppressions\/#primaryimage","url":"https:\/\/empow-her.com\/wp-content\/uploads\/2023\/04\/magma-2.png","contentUrl":"https:\/\/empow-her.com\/wp-content\/uploads\/2023\/04\/magma-2.png","width":1080,"height":1080},{"@type":"BreadcrumbList","@id":"https:\/\/empow-her.com\/produit\/feministes-et-une-soiree-pour-relier-les-oppressions\/#breadcrumb","itemListElement":[{"@type":"ListItem","position":1,"name":"Accueil","item":"https:\/\/empow-her.com\/en\/landing-page\/"},{"@type":"ListItem","position":2,"name":"LA BOUTIQUE","item":"https:\/\/empow-her.com\/boutique\/"},{"@type":"ListItem","position":3,"name":"F\u00e9ministes et&#8230; | Une soir\u00e9e pour relier les oppressions"}]},{"@type":"WebSite","@id":"https:\/\/empow-her.com\/#website","url":"https:\/\/empow-her.com\/","name":"Empow&#039;Her","description":"Women Development","potentialAction":[{"@type":"SearchAction","target":{"@type":"EntryPoint","urlTemplate":"https:\/\/empow-her.com\/?s={search_term_string}"},"query-input":{"@type":"PropertyValueSpecification","valueRequired":true,"valueName":"search_term_string"}}],"inLanguage":"en-US"}]}},"_links":{"self":[{"href":"https:\/\/empow-her.com\/en\/wp-json\/wp\/v2\/product\/158105","targetHints":{"allow":["GET"]}}],"collection":[{"href":"https:\/\/empow-her.com\/en\/wp-json\/wp\/v2\/product"}],"about":[{"href":"https:\/\/empow-her.com\/en\/wp-json\/wp\/v2\/types\/product"}],"wp:featuredmedia":[{"embeddable":true,"href":"https:\/\/empow-her.com\/en\/wp-json\/wp\/v2\/media\/162482"}],"wp:attachment":[{"href":"https:\/\/empow-her.com\/en\/wp-json\/wp\/v2\/media?parent=158105"}],"wp:term":[{"taxonomy":"product_brand","embeddable":true,"href":"https:\/\/empow-her.com\/en\/wp-json\/wp\/v2\/product_brand?post=158105"},{"taxonomy":"product_cat","embeddable":true,"href":"https:\/\/empow-her.com\/en\/wp-json\/wp\/v2\/product_cat?post=158105"},{"taxonomy":"product_tag","embeddable":true,"href":"https:\/\/empow-her.com\/en\/wp-json\/wp\/v2\/product_tag?post=158105"},{"taxonomy":"lieu","embeddable":true,"href":"https:\/\/empow-her.com\/en\/wp-json\/wp\/v2\/lieu?post=158105"},{"taxonomy":"thematiques","embeddable":true,"href":"https:\/\/empow-her.com\/en\/wp-json\/wp\/v2\/thematiques?post=158105"}],"curies":[{"name":"wp","href":"https:\/\/api.w.org\/{rel}","templated":true}]}}