{"id":158096,"date":"2023-04-17T15:17:41","date_gmt":"2023-04-17T13:17:41","guid":{"rendered":"https:\/\/empow-her.com\/?post_type=product&#038;p=158096"},"modified":"2023-04-17T15:46:51","modified_gmt":"2023-04-17T13:46:51","slug":"atelier-powher-connaitre-et-reconnaitre-les-modes-de-communication","status":"publish","type":"product","link":"https:\/\/empow-her.com\/en\/produit\/atelier-powher-connaitre-et-reconnaitre-les-modes-de-communication\/","title":{"rendered":"Atelier Pow&#8217;her &#8211; Conna\u00eetre et reconna\u00eetre les modes de communication"},"content":{"rendered":"<div>\n<div>\n<p>D\u00e9couvrez votre mode de communication lors d&#8217;un atelier exclusif chez Sist&#8217;her anim\u00e9 par Emmanuelle Vernon.<\/p>\n<div><span style=\"font-weight: 400;\">&#x1f3a8; <\/span>Que vous soyez rouge, jaune, bleu, ou vert nous avons toutes un mode de communication pr\u00e9f\u00e9r\u00e9 qui va se renforcer en p\u00e9riode de stress ou d&#8217;apprentissage. Conna\u00eetre son propre mode de communication et savoir identifier celui de vos interlocuteurs vous permettra d&#8217;optimiser vos chances de faire passer vos id\u00e9es et d&#8217;\u00e9tablir un lien de confiance. Avec atelier de 1h30, compos\u00e9 de jeux et d&#8217;apports th\u00e9oriques, vous repartirez avec toutes les clefs pour mieux communiquer.<\/div>\n<div><\/div>\n<div><span style=\"font-weight: 400;\">&#x1f4aa;<\/span>La mission d&#8217;Emmanuelle Vernon est d&#8217;aider les femmes \u00e0 s&#8217;accomplir dans leur authenticit\u00e9 en leur donnant des outils simples pour muscler leur estime d&#8217;elle, notamment avec la psychologie des couleurs.<\/div>\n<div><\/div>\n<\/div>\n<div><span class=\"fxk3tzhb b2rh1bv3 gh55jysx m8h3af8h ewco64xe kjdc1dyq ms56khn7 bq6c9xl4 eohcrkr5 akh3l2rg\"><img decoding=\"async\" src=\"https:\/\/static.xx.fbcdn.net\/images\/emoji.php\/v9\/te4\/1.5\/16\/26a1.png\" alt=\"&#x26a1;&#xfe0f;\" width=\"16\" height=\"16\" \/><\/span><span class=\"fxk3tzhb b2rh1bv3 gh55jysx m8h3af8h ewco64xe kjdc1dyq ms56khn7 bq6c9xl4 eohcrkr5 akh3l2rg\"><img decoding=\"async\" src=\"https:\/\/static.xx.fbcdn.net\/images\/emoji.php\/v9\/te4\/1.5\/16\/26a1.png\" alt=\"&#x26a1;&#xfe0f;\" width=\"16\" height=\"16\" \/><\/span><span class=\"fxk3tzhb b2rh1bv3 gh55jysx m8h3af8h ewco64xe kjdc1dyq ms56khn7 bq6c9xl4 eohcrkr5 akh3l2rg\"><img decoding=\"async\" src=\"https:\/\/static.xx.fbcdn.net\/images\/emoji.php\/v9\/te4\/1.5\/16\/26a1.png\" alt=\"&#x26a1;&#xfe0f;\" width=\"16\" height=\"16\" \/><\/span><\/div>\n<\/div>\n<div><\/div>\n<div class=\"l7ghb35v kjdc1dyq kmwttqpk gh25dzvf jikcssrz\"><strong>Infos pratiques<\/strong><br \/>\n<span class=\"fxk3tzhb b2rh1bv3 gh55jysx m8h3af8h ewco64xe kjdc1dyq ms56khn7 bq6c9xl4 eohcrkr5 akh3l2rg\"><img decoding=\"async\" src=\"https:\/\/static.xx.fbcdn.net\/images\/emoji.php\/v9\/td7\/1.5\/16\/1f4c5.png\" alt=\"&#x1f4c5;\" width=\"16\" height=\"16\" \/><\/span> L\u2019\u00e9v\u00e9nement se d\u00e9roulera le mardi 2 mai de 19h \u00e0 21h<br \/>\n<span class=\"fxk3tzhb b2rh1bv3 gh55jysx m8h3af8h ewco64xe kjdc1dyq ms56khn7 bq6c9xl4 eohcrkr5 akh3l2rg\"><img decoding=\"async\" src=\"https:\/\/static.xx.fbcdn.net\/images\/emoji.php\/v9\/t8b\/1.5\/16\/1f516.png\" alt=\"&#x1f516;\" width=\"16\" height=\"16\" \/><\/span> R\u00e9servation gratuite obligatoire<br \/>\n<span class=\"fxk3tzhb b2rh1bv3 gh55jysx m8h3af8h ewco64xe kjdc1dyq ms56khn7 bq6c9xl4 eohcrkr5 akh3l2rg\"><img loading=\"lazy\" decoding=\"async\" src=\"https:\/\/static.xx.fbcdn.net\/images\/emoji.php\/v9\/t86\/1.5\/16\/1f4cd.png\" alt=\"&#x1f4cd;\" width=\"16\" height=\"16\" \/><\/span> Sist\u2019Her : 82 rue du Faubourg Saint-Martin 75010 Paris<\/div>\n<div><\/div>\n<div class=\"l7ghb35v kjdc1dyq kmwttqpk gh25dzvf jikcssrz\">Ouvert en mars 2021, Sist\u2019Her est le premier tiers-lieu sorore, d\u00e9di\u00e9 aux entrepreneuses et \u00e0 l&#8217;impact en \u00cele-de-France. Port\u00e9 par l\u2019association Empow\u2019Her, c\u2019est un lieu de formations et de rencontres inclusif et collaboratif. Ouvert \u00e0 tou\u00b7te\u00b7s o\u00f9 il est possible de se former, s\u2019inspirer, s\u2019engager et se rencontrer.<\/div>\n<div><\/div>\n<div class=\"l7ghb35v kjdc1dyq kmwttqpk gh25dzvf jikcssrz\">A tr\u00e8s vite ! <span class=\"fxk3tzhb b2rh1bv3 gh55jysx m8h3af8h ewco64xe kjdc1dyq ms56khn7 bq6c9xl4 eohcrkr5 akh3l2rg\"><img loading=\"lazy\" decoding=\"async\" src=\"https:\/\/static.xx.fbcdn.net\/images\/emoji.php\/v9\/t56\/1.5\/16\/1f64c.png\" alt=\"&#x1f64c;\" width=\"16\" height=\"16\" \/><\/span><\/div>\n","protected":false},"excerpt":{"rendered":"<div class=\"x11i5rnm xat24cr x1mh8g0r x1vvkbs xtlvy1s\">\n<div>\n<div>\n<p>D\u00e9couvrez votre mode de communication lors d&#8217;un atelier exclusif chez Sist&#8217;her anim\u00e9 par Emmanuelle Vernon.<\/p>\n<div><span style=\"font-weight: 400;\">&#x1f3a8; <\/span>Que vous soyez rouge, jaune, bleu, ou vert nous avons toutes un mode de communication pr\u00e9f\u00e9r\u00e9 qui va se renforcer en p\u00e9riode de stress ou d&#8217;apprentissage. Conna\u00eetre son propre mode de communication et savoir identifier celui de vos interlocuteurs vous permettra d&#8217;optimiser vos chances de faire passer vos id\u00e9es et d&#8217;\u00e9tablir un lien de confiance. Avec atelier de 1h30, compos\u00e9 de jeux et d&#8217;apports th\u00e9oriques, vous repartirez avec toutes les clefs pour mieux communiquer.<\/div>\n<div><\/div>\n<div><span style=\"font-weight: 400;\">&#x1f4aa;<\/span>La mission d&#8217;Emmanuelle Vernon est d&#8217;aider les femmes \u00e0 s&#8217;accomplir dans leur authenticit\u00e9 en leur donnant des outils simples pour muscler leur estime d&#8217;elle, notamment avec la psychologie des couleurs.<\/div>\n<div><\/div>\n<\/div>\n<div><span class=\"fxk3tzhb b2rh1bv3 gh55jysx m8h3af8h ewco64xe kjdc1dyq ms56khn7 bq6c9xl4 eohcrkr5 akh3l2rg\"><img decoding=\"async\" src=\"https:\/\/static.xx.fbcdn.net\/images\/emoji.php\/v9\/te4\/1.5\/16\/26a1.png\" alt=\"&#x26a1;&#xfe0f;\" width=\"16\" height=\"16\" \/><\/span><span class=\"fxk3tzhb b2rh1bv3 gh55jysx m8h3af8h ewco64xe kjdc1dyq ms56khn7 bq6c9xl4 eohcrkr5 akh3l2rg\"><img decoding=\"async\" src=\"https:\/\/static.xx.fbcdn.net\/images\/emoji.php\/v9\/te4\/1.5\/16\/26a1.png\" alt=\"&#x26a1;&#xfe0f;\" width=\"16\" height=\"16\" \/><\/span><span class=\"fxk3tzhb b2rh1bv3 gh55jysx m8h3af8h ewco64xe kjdc1dyq ms56khn7 bq6c9xl4 eohcrkr5 akh3l2rg\"><img decoding=\"async\" src=\"https:\/\/static.xx.fbcdn.net\/images\/emoji.php\/v9\/te4\/1.5\/16\/26a1.png\" alt=\"&#x26a1;&#xfe0f;\" width=\"16\" height=\"16\" \/><\/span><\/div>\n<\/div>\n<div><\/div>\n<div class=\"l7ghb35v kjdc1dyq kmwttqpk gh25dzvf jikcssrz\"><strong>Infos pratiques<\/strong><br \/>\n<span class=\"fxk3tzhb b2rh1bv3 gh55jysx m8h3af8h ewco64xe kjdc1dyq ms56khn7 bq6c9xl4 eohcrkr5 akh3l2rg\"><img decoding=\"async\" src=\"https:\/\/static.xx.fbcdn.net\/images\/emoji.php\/v9\/td7\/1.5\/16\/1f4c5.png\" alt=\"&#x1f4c5;\" width=\"16\" height=\"16\" \/><\/span> L\u2019\u00e9v\u00e9nement se d\u00e9roulera le mardi 2 mai de 19h \u00e0 21h<br \/>\n<span class=\"fxk3tzhb b2rh1bv3 gh55jysx m8h3af8h ewco64xe kjdc1dyq ms56khn7 bq6c9xl4 eohcrkr5 akh3l2rg\"><img decoding=\"async\" src=\"https:\/\/static.xx.fbcdn.net\/images\/emoji.php\/v9\/t8b\/1.5\/16\/1f516.png\" alt=\"&#x1f516;\" width=\"16\" height=\"16\" \/><\/span> R\u00e9servation gratuite obligatoire<br \/>\n<span class=\"fxk3tzhb b2rh1bv3 gh55jysx m8h3af8h ewco64xe kjdc1dyq ms56khn7 bq6c9xl4 eohcrkr5 akh3l2rg\"><img loading=\"lazy\" decoding=\"async\" src=\"https:\/\/static.xx.fbcdn.net\/images\/emoji.php\/v9\/t86\/1.5\/16\/1f4cd.png\" alt=\"&#x1f4cd;\" width=\"16\" height=\"16\" \/><\/span> Sist\u2019Her : 82 rue du Faubourg Saint-Martin 75010 Paris<\/div>\n<div><\/div>\n<div class=\"l7ghb35v kjdc1dyq kmwttqpk gh25dzvf jikcssrz\">Ouvert en mars 2021, Sist\u2019Her est le premier tiers-lieu sorore, d\u00e9di\u00e9 aux entrepreneuses et \u00e0 l&#8217;impact en \u00cele-de-France. Port\u00e9 par l\u2019association Empow\u2019Her, c\u2019est un lieu de formations et de rencontres inclusif et collaboratif. Ouvert \u00e0 tou\u00b7te\u00b7s o\u00f9 il est possible de se former, s\u2019inspirer, s\u2019engager et se rencontrer.<\/div>\n<div><\/div>\n<div class=\"l7ghb35v kjdc1dyq kmwttqpk gh25dzvf jikcssrz\">A tr\u00e8s vite ! <span class=\"fxk3tzhb b2rh1bv3 gh55jysx m8h3af8h ewco64xe kjdc1dyq ms56khn7 bq6c9xl4 eohcrkr5 akh3l2rg\"><img loading=\"lazy\" decoding=\"async\" src=\"https:\/\/static.xx.fbcdn.net\/images\/emoji.php\/v9\/t56\/1.5\/16\/1f64c.png\" alt=\"&#x1f64c;\" width=\"16\" height=\"16\" \/><\/span><\/div>\n<\/div>\n","protected":false},"featured_media":158099,"template":"","format":"standard","meta":{"_acf_changed":false,"om_disable_all_campaigns":false,"_uf_show_specific_survey":0,"_uf_disable_surveys":false},"product_brand":[],"product_cat":[119],"product_tag":[],"lieu":[127],"thematiques":[],"class_list":{"0":"post-158096","1":"product","2":"type-product","3":"status-publish","4":"format-standard","5":"has-post-thumbnail","7":"product_cat-evenement-sisther","8":"lieu-hub-empowher","10":"first","11":"instock","12":"virtual","13":"purchasable","14":"product-type-appointment"},"exclude_global_add_ons":[],"addons":[],"acf":[],"yoast_head":"<!-- This site is optimized with the Yoast SEO plugin v24.8 - https:\/\/yoast.com\/wordpress\/plugins\/seo\/ -->\n<title>Atelier Pow&#039;her - Les modes de communication<\/title>\n<meta name=\"description\" content=\"D\u00e9couvrez votre mode de communication lors d&#039;un atelier exclusif anim\u00e9 par Emmanuelle Vernon. ! Rendez-vous mardi 2 mai d\u00e8s 19h chez Sist&#039;Her Paris.\u00a0\" \/>\n<meta name=\"robots\" content=\"index, follow, max-snippet:-1, max-image-preview:large, max-video-preview:-1\" \/>\n<link rel=\"canonical\" href=\"https:\/\/empow-her.com\/produit\/atelier-powher-connaitre-et-reconnaitre-les-modes-de-communication\/\" \/>\n<meta property=\"og:locale\" content=\"en_US\" \/>\n<meta property=\"og:type\" content=\"article\" \/>\n<meta property=\"og:title\" content=\"Atelier Pow&#039;her - Les modes de communication\" \/>\n<meta property=\"og:description\" content=\"D\u00e9couvrez votre mode de communication lors d&#039;un atelier exclusif anim\u00e9 par Emmanuelle Vernon. ! Rendez-vous mardi 2 mai d\u00e8s 19h chez Sist&#039;Her Paris.\u00a0\" \/>\n<meta property=\"og:url\" content=\"https:\/\/empow-her.com\/produit\/atelier-powher-connaitre-et-reconnaitre-les-modes-de-communication\/\" \/>\n<meta property=\"og:site_name\" content=\"Empow&#039;Her\" \/>\n<meta property=\"article:modified_time\" content=\"2023-04-17T13:46:51+00:00\" \/>\n<meta property=\"og:image\" content=\"https:\/\/empow-her.com\/wp-content\/uploads\/2023\/04\/PowHer-3.png\" \/>\n\t<meta property=\"og:image:width\" content=\"1080\" \/>\n\t<meta property=\"og:image:height\" content=\"1080\" \/>\n\t<meta property=\"og:image:type\" content=\"image\/png\" \/>\n<meta name=\"twitter:card\" content=\"summary_large_image\" \/>\n<meta name=\"twitter:label1\" content=\"Est. reading time\" \/>\n\t<meta name=\"twitter:data1\" content=\"3 minutes\" \/>\n<script type=\"application\/ld+json\" class=\"yoast-schema-graph\">{\"@context\":\"https:\/\/schema.org\",\"@graph\":[{\"@type\":\"WebPage\",\"@id\":\"https:\/\/empow-her.com\/produit\/atelier-powher-connaitre-et-reconnaitre-les-modes-de-communication\/\",\"url\":\"https:\/\/empow-her.com\/produit\/atelier-powher-connaitre-et-reconnaitre-les-modes-de-communication\/\",\"name\":\"Atelier Pow'her - Les modes de communication\",\"isPartOf\":{\"@id\":\"https:\/\/empow-her.com\/#website\"},\"primaryImageOfPage\":{\"@id\":\"https:\/\/empow-her.com\/produit\/atelier-powher-connaitre-et-reconnaitre-les-modes-de-communication\/#primaryimage\"},\"image\":{\"@id\":\"https:\/\/empow-her.com\/produit\/atelier-powher-connaitre-et-reconnaitre-les-modes-de-communication\/#primaryimage\"},\"thumbnailUrl\":\"https:\/\/empow-her.com\/wp-content\/uploads\/2023\/04\/PowHer-3.png\",\"datePublished\":\"2023-04-17T13:17:41+00:00\",\"dateModified\":\"2023-04-17T13:46:51+00:00\",\"description\":\"D\u00e9couvrez votre mode de communication lors d'un atelier exclusif anim\u00e9 par Emmanuelle Vernon. ! Rendez-vous mardi 2 mai d\u00e8s 19h chez Sist'Her Paris.\u00a0\",\"breadcrumb\":{\"@id\":\"https:\/\/empow-her.com\/produit\/atelier-powher-connaitre-et-reconnaitre-les-modes-de-communication\/#breadcrumb\"},\"inLanguage\":\"en-US\",\"potentialAction\":[{\"@type\":\"ReadAction\",\"target\":[\"https:\/\/empow-her.com\/produit\/atelier-powher-connaitre-et-reconnaitre-les-modes-de-communication\/\"]}]},{\"@type\":\"ImageObject\",\"inLanguage\":\"en-US\",\"@id\":\"https:\/\/empow-her.com\/produit\/atelier-powher-connaitre-et-reconnaitre-les-modes-de-communication\/#primaryimage\",\"url\":\"https:\/\/empow-her.com\/wp-content\/uploads\/2023\/04\/PowHer-3.png\",\"contentUrl\":\"https:\/\/empow-her.com\/wp-content\/uploads\/2023\/04\/PowHer-3.png\",\"width\":1080,\"height\":1080},{\"@type\":\"BreadcrumbList\",\"@id\":\"https:\/\/empow-her.com\/produit\/atelier-powher-connaitre-et-reconnaitre-les-modes-de-communication\/#breadcrumb\",\"itemListElement\":[{\"@type\":\"ListItem\",\"position\":1,\"name\":\"Accueil\",\"item\":\"https:\/\/empow-her.com\/en\/landing-page\/\"},{\"@type\":\"ListItem\",\"position\":2,\"name\":\"LA BOUTIQUE\",\"item\":\"https:\/\/empow-her.com\/boutique\/\"},{\"@type\":\"ListItem\",\"position\":3,\"name\":\"Atelier Pow&#8217;her &#8211; Conna\u00eetre et reconna\u00eetre les modes de communication\"}]},{\"@type\":\"WebSite\",\"@id\":\"https:\/\/empow-her.com\/#website\",\"url\":\"https:\/\/empow-her.com\/\",\"name\":\"Empow&#039;Her\",\"description\":\"Women Development\",\"potentialAction\":[{\"@type\":\"SearchAction\",\"target\":{\"@type\":\"EntryPoint\",\"urlTemplate\":\"https:\/\/empow-her.com\/?s={search_term_string}\"},\"query-input\":{\"@type\":\"PropertyValueSpecification\",\"valueRequired\":true,\"valueName\":\"search_term_string\"}}],\"inLanguage\":\"en-US\"}]}<\/script>\n<!-- \/ Yoast SEO plugin. -->","yoast_head_json":{"title":"Atelier Pow'her - Les modes de communication","description":"D\u00e9couvrez votre mode de communication lors d'un atelier exclusif anim\u00e9 par Emmanuelle Vernon. ! Rendez-vous mardi 2 mai d\u00e8s 19h chez Sist'Her Paris.\u00a0","robots":{"index":"index","follow":"follow","max-snippet":"max-snippet:-1","max-image-preview":"max-image-preview:large","max-video-preview":"max-video-preview:-1"},"canonical":"https:\/\/empow-her.com\/produit\/atelier-powher-connaitre-et-reconnaitre-les-modes-de-communication\/","og_locale":"en_US","og_type":"article","og_title":"Atelier Pow'her - Les modes de communication","og_description":"D\u00e9couvrez votre mode de communication lors d'un atelier exclusif anim\u00e9 par Emmanuelle Vernon. ! Rendez-vous mardi 2 mai d\u00e8s 19h chez Sist'Her Paris.\u00a0","og_url":"https:\/\/empow-her.com\/produit\/atelier-powher-connaitre-et-reconnaitre-les-modes-de-communication\/","og_site_name":"Empow&#039;Her","article_modified_time":"2023-04-17T13:46:51+00:00","og_image":[{"width":1080,"height":1080,"url":"https:\/\/empow-her.com\/wp-content\/uploads\/2023\/04\/PowHer-3.png","type":"image\/png"}],"twitter_card":"summary_large_image","twitter_misc":{"Est. reading time":"3 minutes"},"schema":{"@context":"https:\/\/schema.org","@graph":[{"@type":"WebPage","@id":"https:\/\/empow-her.com\/produit\/atelier-powher-connaitre-et-reconnaitre-les-modes-de-communication\/","url":"https:\/\/empow-her.com\/produit\/atelier-powher-connaitre-et-reconnaitre-les-modes-de-communication\/","name":"Atelier Pow'her - Les modes de communication","isPartOf":{"@id":"https:\/\/empow-her.com\/#website"},"primaryImageOfPage":{"@id":"https:\/\/empow-her.com\/produit\/atelier-powher-connaitre-et-reconnaitre-les-modes-de-communication\/#primaryimage"},"image":{"@id":"https:\/\/empow-her.com\/produit\/atelier-powher-connaitre-et-reconnaitre-les-modes-de-communication\/#primaryimage"},"thumbnailUrl":"https:\/\/empow-her.com\/wp-content\/uploads\/2023\/04\/PowHer-3.png","datePublished":"2023-04-17T13:17:41+00:00","dateModified":"2023-04-17T13:46:51+00:00","description":"D\u00e9couvrez votre mode de communication lors d'un atelier exclusif anim\u00e9 par Emmanuelle Vernon. ! Rendez-vous mardi 2 mai d\u00e8s 19h chez Sist'Her Paris.\u00a0","breadcrumb":{"@id":"https:\/\/empow-her.com\/produit\/atelier-powher-connaitre-et-reconnaitre-les-modes-de-communication\/#breadcrumb"},"inLanguage":"en-US","potentialAction":[{"@type":"ReadAction","target":["https:\/\/empow-her.com\/produit\/atelier-powher-connaitre-et-reconnaitre-les-modes-de-communication\/"]}]},{"@type":"ImageObject","inLanguage":"en-US","@id":"https:\/\/empow-her.com\/produit\/atelier-powher-connaitre-et-reconnaitre-les-modes-de-communication\/#primaryimage","url":"https:\/\/empow-her.com\/wp-content\/uploads\/2023\/04\/PowHer-3.png","contentUrl":"https:\/\/empow-her.com\/wp-content\/uploads\/2023\/04\/PowHer-3.png","width":1080,"height":1080},{"@type":"BreadcrumbList","@id":"https:\/\/empow-her.com\/produit\/atelier-powher-connaitre-et-reconnaitre-les-modes-de-communication\/#breadcrumb","itemListElement":[{"@type":"ListItem","position":1,"name":"Accueil","item":"https:\/\/empow-her.com\/en\/landing-page\/"},{"@type":"ListItem","position":2,"name":"LA BOUTIQUE","item":"https:\/\/empow-her.com\/boutique\/"},{"@type":"ListItem","position":3,"name":"Atelier Pow&#8217;her &#8211; Conna\u00eetre et reconna\u00eetre les modes de communication"}]},{"@type":"WebSite","@id":"https:\/\/empow-her.com\/#website","url":"https:\/\/empow-her.com\/","name":"Empow&#039;Her","description":"Women Development","potentialAction":[{"@type":"SearchAction","target":{"@type":"EntryPoint","urlTemplate":"https:\/\/empow-her.com\/?s={search_term_string}"},"query-input":{"@type":"PropertyValueSpecification","valueRequired":true,"valueName":"search_term_string"}}],"inLanguage":"en-US"}]}},"_links":{"self":[{"href":"https:\/\/empow-her.com\/en\/wp-json\/wp\/v2\/product\/158096","targetHints":{"allow":["GET"]}}],"collection":[{"href":"https:\/\/empow-her.com\/en\/wp-json\/wp\/v2\/product"}],"about":[{"href":"https:\/\/empow-her.com\/en\/wp-json\/wp\/v2\/types\/product"}],"wp:featuredmedia":[{"embeddable":true,"href":"https:\/\/empow-her.com\/en\/wp-json\/wp\/v2\/media\/158099"}],"wp:attachment":[{"href":"https:\/\/empow-her.com\/en\/wp-json\/wp\/v2\/media?parent=158096"}],"wp:term":[{"taxonomy":"product_brand","embeddable":true,"href":"https:\/\/empow-her.com\/en\/wp-json\/wp\/v2\/product_brand?post=158096"},{"taxonomy":"product_cat","embeddable":true,"href":"https:\/\/empow-her.com\/en\/wp-json\/wp\/v2\/product_cat?post=158096"},{"taxonomy":"product_tag","embeddable":true,"href":"https:\/\/empow-her.com\/en\/wp-json\/wp\/v2\/product_tag?post=158096"},{"taxonomy":"lieu","embeddable":true,"href":"https:\/\/empow-her.com\/en\/wp-json\/wp\/v2\/lieu?post=158096"},{"taxonomy":"thematiques","embeddable":true,"href":"https:\/\/empow-her.com\/en\/wp-json\/wp\/v2\/thematiques?post=158096"}],"curies":[{"name":"wp","href":"https:\/\/api.w.org\/{rel}","templated":true}]}}