{"id":15745,"date":"2021-07-13T10:10:34","date_gmt":"2021-07-13T08:10:34","guid":{"rendered":"https:\/\/empow-her.com\/?post_type=product&#038;p=15745"},"modified":"2021-10-22T18:33:31","modified_gmt":"2021-10-22T16:33:31","slug":"coaching-tester-son-offre-avec-lapproche-mvp","status":"publish","type":"product","link":"https:\/\/empow-her.com\/en\/produit\/coaching-tester-son-offre-avec-lapproche-mvp\/","title":{"rendered":"Coaching &#8211; Tester son offre avec l&#8217;approche MVP"},"content":{"rendered":"","protected":false},"excerpt":{"rendered":"<p>Vous avez d\u00e9fini votre vision, formul\u00e9 une premi\u00e8re proposition de valeur (ou plusieurs ?), votre mod\u00e8le \u00e9conomique commence \u00e0 \u00eatre au point ? Vous souhaitez en savoir plus sur la m\u00e9thode agile pour tester et affiner vos hypoth\u00e8ses \u00e9conomiques et op\u00e9rationnelles ? Ou encore tout savoir pour construire un MVP ? Lors de cette session de coaching, Alexandre vous conseillera sur toutes ses questions pour votre projet et vous apprendra aussi \u00e0 ma\u00eetriser l\u2019organisation d\u2019une phase de test aupr\u00e8s de vos futurs b\u00e9n\u00e9ficiaires ! Il pourra aussi revenir avec vous sur votre mod\u00e8le \u00e9conomique ou vous donner les cl\u00e9s pour bien comprendre votre \u00e9cosyst\u00e8me et vos b\u00e9n\u00e9ficiaires si besoin, \u00e9l\u00e9ments indispensables pour bien structurer son projet !<\/p>\n<p><b>Par : <\/b><a href=\"https:\/\/comit.berlin\/\">Comit<\/a><\/p>\n<p>&nbsp;<\/p>\n<p><span data-sheets-value=\"{&quot;1&quot;:2,&quot;2&quot;:&quot;Alexandre Sourzac-Lami est co-fondateur de Comit, une structure sp\u00e9cialis\u00e9e qui con\u00e7oit et adapte des outils et m\u00e9thodes pour donner aux entrepreneur.e.s la capacit\u00e9 de d\u00e9velopper des mod\u00e8les \u00e9conomiques p\u00e9rennes.&quot;}\" data-sheets-userformat=\"{&quot;2&quot;:1055743,&quot;3&quot;:{&quot;1&quot;:0},&quot;4&quot;:{&quot;1&quot;:2,&quot;2&quot;:16777215},&quot;5&quot;:{&quot;1&quot;:[{&quot;1&quot;:2,&quot;2&quot;:0,&quot;5&quot;:{&quot;1&quot;:2,&quot;2&quot;:0}},{&quot;1&quot;:0,&quot;2&quot;:0,&quot;3&quot;:3},{&quot;1&quot;:1,&quot;2&quot;:0,&quot;4&quot;:1}]},&quot;6&quot;:{&quot;1&quot;:[{&quot;1&quot;:2,&quot;2&quot;:0,&quot;5&quot;:{&quot;1&quot;:2,&quot;2&quot;:0}},{&quot;1&quot;:0,&quot;2&quot;:0,&quot;3&quot;:3},{&quot;1&quot;:1,&quot;2&quot;:0,&quot;4&quot;:1}]},&quot;7&quot;:{&quot;1&quot;:[{&quot;1&quot;:2,&quot;2&quot;:0,&quot;5&quot;:{&quot;1&quot;:2,&quot;2&quot;:0}},{&quot;1&quot;:0,&quot;2&quot;:0,&quot;3&quot;:3},{&quot;1&quot;:1,&quot;2&quot;:0,&quot;4&quot;:1}]},&quot;8&quot;:{&quot;1&quot;:[{&quot;1&quot;:2,&quot;2&quot;:0,&quot;5&quot;:{&quot;1&quot;:2,&quot;2&quot;:0}},{&quot;1&quot;:0,&quot;2&quot;:0,&quot;3&quot;:3},{&quot;1&quot;:1,&quot;2&quot;:0,&quot;4&quot;:1}]},&quot;9&quot;:0,&quot;10&quot;:1,&quot;11&quot;:4,&quot;12&quot;:0,&quot;14&quot;:{&quot;1&quot;:2,&quot;2&quot;:0},&quot;15&quot;:&quot;Calibri&quot;,&quot;23&quot;:1}\" data-sheets-textstyleruns=\"{&quot;1&quot;:0}\uee10{&quot;1&quot;:43,&quot;2&quot;:{&quot;2&quot;:{&quot;1&quot;:2,&quot;2&quot;:1136076},&quot;9&quot;:1}}\uee10{&quot;1&quot;:48}\" data-sheets-hyperlinkruns=\"{&quot;1&quot;:43,&quot;2&quot;:&quot;https:\/\/www.comit.berlin\/&quot;}\uee10{&quot;1&quot;:48}\"><strong>Intervenant :<\/strong> Alexandre Sourzac-Lami est co-fondateur de Comit, une structure sp\u00e9cialis\u00e9e qui con\u00e7oit et adapte des outils et m\u00e9thodes pour donner aux entrepreneur.e.s la capacit\u00e9 de d\u00e9velopper des mod\u00e8les \u00e9conomiques p\u00e9rennes.<\/span><\/p>\n<p>&nbsp;<\/p>\n<p><strong>Son super pouvoir ?<\/strong> Constructeur de mod\u00e8les \u00e9conomiques p\u00e9rennes !<\/p>\n<p><strong>Son petit mot<\/strong> : <em>Vos projets sont l&#8217;avenir de l&#8217;\u00e9conomie sociale et solidaire : vous lancer, c&#8217;est un petit pas pour la femme mais un grand pas pour l&#8217;entrepreneuriat f\u00e9minin!<\/em><\/p>\n<p>&nbsp;<\/p>\n<p><strong>Dur\u00e9e<\/strong> : <span data-sheets-value=\"{&quot;1&quot;:2,&quot;2&quot;:&quot;Permanence de 4h avec un cr\u00e9neau de 1h par participante (+ 15 minutes entre chaque)&quot;}\" data-sheets-userformat=\"{&quot;2&quot;:7167,&quot;3&quot;:{&quot;1&quot;:0},&quot;4&quot;:{&quot;1&quot;:2,&quot;2&quot;:16777215},&quot;5&quot;:{&quot;1&quot;:[{&quot;1&quot;:2,&quot;2&quot;:0,&quot;5&quot;:{&quot;1&quot;:2,&quot;2&quot;:0}},{&quot;1&quot;:0,&quot;2&quot;:0,&quot;3&quot;:3},{&quot;1&quot;:1,&quot;2&quot;:0,&quot;4&quot;:1}]},&quot;6&quot;:{&quot;1&quot;:[{&quot;1&quot;:2,&quot;2&quot;:0,&quot;5&quot;:{&quot;1&quot;:2,&quot;2&quot;:0}},{&quot;1&quot;:0,&quot;2&quot;:0,&quot;3&quot;:3},{&quot;1&quot;:1,&quot;2&quot;:0,&quot;4&quot;:1}]},&quot;7&quot;:{&quot;1&quot;:[{&quot;1&quot;:2,&quot;2&quot;:0,&quot;5&quot;:{&quot;1&quot;:2,&quot;2&quot;:0}},{&quot;1&quot;:0,&quot;2&quot;:0,&quot;3&quot;:3},{&quot;1&quot;:1,&quot;2&quot;:0,&quot;4&quot;:1}]},&quot;8&quot;:{&quot;1&quot;:[{&quot;1&quot;:2,&quot;2&quot;:0,&quot;5&quot;:{&quot;1&quot;:2,&quot;2&quot;:0}},{&quot;1&quot;:0,&quot;2&quot;:0,&quot;3&quot;:3},{&quot;1&quot;:1,&quot;2&quot;:0,&quot;4&quot;:1}]},&quot;9&quot;:0,&quot;10&quot;:1,&quot;11&quot;:4,&quot;12&quot;:0,&quot;14&quot;:{&quot;1&quot;:2,&quot;2&quot;:0},&quot;15&quot;:&quot;Calibri&quot;}\">Permanence de 4h avec un cr\u00e9neau de 1h par participante<\/span><\/p>\n<p>&nbsp;<\/p>\n<p>Ce projet est co-financ\u00e9 par le Fonds Social Europ\u00e9en.<\/p>\n<p><img decoding=\"async\" class=\"alignnone size-medium wp-image-15794\" src=\"https:\/\/empow-her.com\/wp-content\/uploads\/2021\/07\/fse-logos-1-300x54.png\" alt=\"\" width=\"300\" height=\"54\" srcset=\"https:\/\/empow-her.com\/wp-content\/uploads\/2021\/07\/fse-logos-1-300x54.png 300w, https:\/\/empow-her.com\/wp-content\/uploads\/2021\/07\/fse-logos-1-600x108.png 600w, https:\/\/empow-her.com\/wp-content\/uploads\/2021\/07\/fse-logos-1-1024x184.png 1024w, https:\/\/empow-her.com\/wp-content\/uploads\/2021\/07\/fse-logos-1-768x138.png 768w, https:\/\/empow-her.com\/wp-content\/uploads\/2021\/07\/fse-logos-1-1536x275.png 1536w, https:\/\/empow-her.com\/wp-content\/uploads\/2021\/07\/fse-logos-1-2048x367.png 2048w, https:\/\/empow-her.com\/wp-content\/uploads\/2021\/07\/fse-logos-1-24x4.png 24w, https:\/\/empow-her.com\/wp-content\/uploads\/2021\/07\/fse-logos-1-36x6.png 36w, https:\/\/empow-her.com\/wp-content\/uploads\/2021\/07\/fse-logos-1-48x9.png 48w\" sizes=\"(max-width: 300px) 100vw, 300px\" \/><\/p>\n<p>&nbsp;<\/p>\n","protected":false},"featured_media":0,"template":"","format":"standard","meta":{"_acf_changed":false,"om_disable_all_campaigns":false,"_uf_show_specific_survey":0,"_uf_disable_surveys":false},"product_brand":[],"product_cat":[121],"product_tag":[],"lieu":[125],"thematiques":[],"class_list":{"0":"post-15745","1":"product","2":"type-product","3":"status-publish","4":"format-standard","6":"product_cat-coaching","7":"lieu-en-ligne","9":"first","10":"instock","11":"virtual","12":"purchasable","13":"product-type-appointment"},"exclude_global_add_ons":[],"addons":[],"acf":[],"yoast_head":"<!-- This site is optimized with the Yoast SEO plugin v24.8 - https:\/\/yoast.com\/wordpress\/plugins\/seo\/ -->\n<title>Coaching - Tester son offre avec l&#039;approche MVP - Empow&#039;Her<\/title>\n<meta name=\"robots\" content=\"index, follow, max-snippet:-1, max-image-preview:large, max-video-preview:-1\" \/>\n<link rel=\"canonical\" href=\"https:\/\/empow-her.com\/produit\/coaching-tester-son-offre-avec-lapproche-mvp\/\" \/>\n<meta property=\"og:locale\" content=\"en_US\" \/>\n<meta property=\"og:type\" content=\"article\" \/>\n<meta property=\"og:title\" content=\"Coaching - Tester son offre avec l&#039;approche MVP - Empow&#039;Her\" \/>\n<meta property=\"og:description\" content=\"Vous avez d\u00e9fini votre vision, formul\u00e9 une premi\u00e8re proposition de valeur (ou plusieurs ?), votre mod\u00e8le \u00e9conomique commence \u00e0 \u00eatre au point ? Vous souhaitez en savoir plus sur la m\u00e9thode agile pour tester et affiner vos hypoth\u00e8ses \u00e9conomiques et op\u00e9rationnelles ? Ou encore tout savoir pour construire un MVP ? Lors de cette session de coaching, Alexandre vous conseillera sur toutes ses questions pour votre projet et vous apprendra aussi \u00e0 ma\u00eetriser l\u2019organisation d\u2019une phase de test aupr\u00e8s de vos futurs b\u00e9n\u00e9ficiaires ! Il pourra aussi revenir avec vous sur votre mod\u00e8le \u00e9conomique ou vous donner les cl\u00e9s pour bien comprendre votre \u00e9cosyst\u00e8me et vos b\u00e9n\u00e9ficiaires si besoin, \u00e9l\u00e9ments indispensables pour bien structurer son projet !  Par : Comit  &nbsp;  Intervenant : Alexandre Sourzac-Lami est co-fondateur de Comit, une structure sp\u00e9cialis\u00e9e qui con\u00e7oit et adapte des outils et m\u00e9thodes pour donner aux entrepreneur.e.s la capacit\u00e9 de d\u00e9velopper des mod\u00e8les \u00e9conomiques p\u00e9rennes.  &nbsp;  Son super pouvoir ? Constructeur de mod\u00e8les \u00e9conomiques p\u00e9rennes !  Son petit mot : Vos projets sont l&#039;avenir de l&#039;\u00e9conomie sociale et solidaire : vous lancer, c&#039;est un petit pas pour la femme mais un grand pas pour l&#039;entrepreneuriat f\u00e9minin!  &nbsp;  Dur\u00e9e : Permanence de 4h avec un cr\u00e9neau de 1h par participante  &nbsp;  Ce projet est co-financ\u00e9 par le Fonds Social Europ\u00e9en.    &nbsp;\" \/>\n<meta property=\"og:url\" content=\"https:\/\/empow-her.com\/produit\/coaching-tester-son-offre-avec-lapproche-mvp\/\" \/>\n<meta property=\"og:site_name\" content=\"Empow&#039;Her\" \/>\n<meta property=\"article:modified_time\" content=\"2021-10-22T16:33:31+00:00\" \/>\n<meta name=\"twitter:card\" content=\"summary_large_image\" \/>\n<script type=\"application\/ld+json\" class=\"yoast-schema-graph\">{\"@context\":\"https:\/\/schema.org\",\"@graph\":[{\"@type\":\"WebPage\",\"@id\":\"https:\/\/empow-her.com\/produit\/coaching-tester-son-offre-avec-lapproche-mvp\/\",\"url\":\"https:\/\/empow-her.com\/produit\/coaching-tester-son-offre-avec-lapproche-mvp\/\",\"name\":\"Coaching - Tester son offre avec l'approche MVP - Empow&#039;Her\",\"isPartOf\":{\"@id\":\"https:\/\/empow-her.com\/#website\"},\"datePublished\":\"2021-07-13T08:10:34+00:00\",\"dateModified\":\"2021-10-22T16:33:31+00:00\",\"breadcrumb\":{\"@id\":\"https:\/\/empow-her.com\/produit\/coaching-tester-son-offre-avec-lapproche-mvp\/#breadcrumb\"},\"inLanguage\":\"en-US\",\"potentialAction\":[{\"@type\":\"ReadAction\",\"target\":[\"https:\/\/empow-her.com\/produit\/coaching-tester-son-offre-avec-lapproche-mvp\/\"]}]},{\"@type\":\"BreadcrumbList\",\"@id\":\"https:\/\/empow-her.com\/produit\/coaching-tester-son-offre-avec-lapproche-mvp\/#breadcrumb\",\"itemListElement\":[{\"@type\":\"ListItem\",\"position\":1,\"name\":\"Accueil\",\"item\":\"https:\/\/empow-her.com\/en\/landing-page\/\"},{\"@type\":\"ListItem\",\"position\":2,\"name\":\"LA BOUTIQUE\",\"item\":\"https:\/\/empow-her.com\/boutique\/\"},{\"@type\":\"ListItem\",\"position\":3,\"name\":\"Coaching &#8211; Tester son offre avec l&#8217;approche MVP\"}]},{\"@type\":\"WebSite\",\"@id\":\"https:\/\/empow-her.com\/#website\",\"url\":\"https:\/\/empow-her.com\/\",\"name\":\"Empow&#039;Her\",\"description\":\"Women Development\",\"potentialAction\":[{\"@type\":\"SearchAction\",\"target\":{\"@type\":\"EntryPoint\",\"urlTemplate\":\"https:\/\/empow-her.com\/?s={search_term_string}\"},\"query-input\":{\"@type\":\"PropertyValueSpecification\",\"valueRequired\":true,\"valueName\":\"search_term_string\"}}],\"inLanguage\":\"en-US\"}]}<\/script>\n<!-- \/ Yoast SEO plugin. -->","yoast_head_json":{"title":"Coaching - Tester son offre avec l'approche MVP - Empow&#039;Her","robots":{"index":"index","follow":"follow","max-snippet":"max-snippet:-1","max-image-preview":"max-image-preview:large","max-video-preview":"max-video-preview:-1"},"canonical":"https:\/\/empow-her.com\/produit\/coaching-tester-son-offre-avec-lapproche-mvp\/","og_locale":"en_US","og_type":"article","og_title":"Coaching - Tester son offre avec l'approche MVP - Empow&#039;Her","og_description":"Vous avez d\u00e9fini votre vision, formul\u00e9 une premi\u00e8re proposition de valeur (ou plusieurs ?), votre mod\u00e8le \u00e9conomique commence \u00e0 \u00eatre au point ? Vous souhaitez en savoir plus sur la m\u00e9thode agile pour tester et affiner vos hypoth\u00e8ses \u00e9conomiques et op\u00e9rationnelles ? Ou encore tout savoir pour construire un MVP ? Lors de cette session de coaching, Alexandre vous conseillera sur toutes ses questions pour votre projet et vous apprendra aussi \u00e0 ma\u00eetriser l\u2019organisation d\u2019une phase de test aupr\u00e8s de vos futurs b\u00e9n\u00e9ficiaires ! Il pourra aussi revenir avec vous sur votre mod\u00e8le \u00e9conomique ou vous donner les cl\u00e9s pour bien comprendre votre \u00e9cosyst\u00e8me et vos b\u00e9n\u00e9ficiaires si besoin, \u00e9l\u00e9ments indispensables pour bien structurer son projet !  Par : Comit  &nbsp;  Intervenant : Alexandre Sourzac-Lami est co-fondateur de Comit, une structure sp\u00e9cialis\u00e9e qui con\u00e7oit et adapte des outils et m\u00e9thodes pour donner aux entrepreneur.e.s la capacit\u00e9 de d\u00e9velopper des mod\u00e8les \u00e9conomiques p\u00e9rennes.  &nbsp;  Son super pouvoir ? Constructeur de mod\u00e8les \u00e9conomiques p\u00e9rennes !  Son petit mot : Vos projets sont l'avenir de l'\u00e9conomie sociale et solidaire : vous lancer, c'est un petit pas pour la femme mais un grand pas pour l'entrepreneuriat f\u00e9minin!  &nbsp;  Dur\u00e9e : Permanence de 4h avec un cr\u00e9neau de 1h par participante  &nbsp;  Ce projet est co-financ\u00e9 par le Fonds Social Europ\u00e9en.    &nbsp;","og_url":"https:\/\/empow-her.com\/produit\/coaching-tester-son-offre-avec-lapproche-mvp\/","og_site_name":"Empow&#039;Her","article_modified_time":"2021-10-22T16:33:31+00:00","twitter_card":"summary_large_image","schema":{"@context":"https:\/\/schema.org","@graph":[{"@type":"WebPage","@id":"https:\/\/empow-her.com\/produit\/coaching-tester-son-offre-avec-lapproche-mvp\/","url":"https:\/\/empow-her.com\/produit\/coaching-tester-son-offre-avec-lapproche-mvp\/","name":"Coaching - Tester son offre avec l'approche MVP - Empow&#039;Her","isPartOf":{"@id":"https:\/\/empow-her.com\/#website"},"datePublished":"2021-07-13T08:10:34+00:00","dateModified":"2021-10-22T16:33:31+00:00","breadcrumb":{"@id":"https:\/\/empow-her.com\/produit\/coaching-tester-son-offre-avec-lapproche-mvp\/#breadcrumb"},"inLanguage":"en-US","potentialAction":[{"@type":"ReadAction","target":["https:\/\/empow-her.com\/produit\/coaching-tester-son-offre-avec-lapproche-mvp\/"]}]},{"@type":"BreadcrumbList","@id":"https:\/\/empow-her.com\/produit\/coaching-tester-son-offre-avec-lapproche-mvp\/#breadcrumb","itemListElement":[{"@type":"ListItem","position":1,"name":"Accueil","item":"https:\/\/empow-her.com\/en\/landing-page\/"},{"@type":"ListItem","position":2,"name":"LA BOUTIQUE","item":"https:\/\/empow-her.com\/boutique\/"},{"@type":"ListItem","position":3,"name":"Coaching &#8211; Tester son offre avec l&#8217;approche MVP"}]},{"@type":"WebSite","@id":"https:\/\/empow-her.com\/#website","url":"https:\/\/empow-her.com\/","name":"Empow&#039;Her","description":"Women Development","potentialAction":[{"@type":"SearchAction","target":{"@type":"EntryPoint","urlTemplate":"https:\/\/empow-her.com\/?s={search_term_string}"},"query-input":{"@type":"PropertyValueSpecification","valueRequired":true,"valueName":"search_term_string"}}],"inLanguage":"en-US"}]}},"_links":{"self":[{"href":"https:\/\/empow-her.com\/en\/wp-json\/wp\/v2\/product\/15745","targetHints":{"allow":["GET"]}}],"collection":[{"href":"https:\/\/empow-her.com\/en\/wp-json\/wp\/v2\/product"}],"about":[{"href":"https:\/\/empow-her.com\/en\/wp-json\/wp\/v2\/types\/product"}],"wp:attachment":[{"href":"https:\/\/empow-her.com\/en\/wp-json\/wp\/v2\/media?parent=15745"}],"wp:term":[{"taxonomy":"product_brand","embeddable":true,"href":"https:\/\/empow-her.com\/en\/wp-json\/wp\/v2\/product_brand?post=15745"},{"taxonomy":"product_cat","embeddable":true,"href":"https:\/\/empow-her.com\/en\/wp-json\/wp\/v2\/product_cat?post=15745"},{"taxonomy":"product_tag","embeddable":true,"href":"https:\/\/empow-her.com\/en\/wp-json\/wp\/v2\/product_tag?post=15745"},{"taxonomy":"lieu","embeddable":true,"href":"https:\/\/empow-her.com\/en\/wp-json\/wp\/v2\/lieu?post=15745"},{"taxonomy":"thematiques","embeddable":true,"href":"https:\/\/empow-her.com\/en\/wp-json\/wp\/v2\/thematiques?post=15745"}],"curies":[{"name":"wp","href":"https:\/\/api.w.org\/{rel}","templated":true}]}}