{"id":157284,"date":"2023-04-14T10:45:02","date_gmt":"2023-04-14T08:45:02","guid":{"rendered":"https:\/\/empow-her.com\/?post_type=product&#038;p=157284"},"modified":"2023-04-14T10:52:01","modified_gmt":"2023-04-14T08:52:01","slug":"new-la-strategie-de-communication-cibles-contenus-canaux","status":"publish","type":"product","link":"https:\/\/empow-her.com\/en\/produit\/new-la-strategie-de-communication-cibles-contenus-canaux\/","title":{"rendered":"NEW &#8211; La strat\u00e9gie de communication : cibles, contenus, canaux"},"content":{"rendered":"<p><strong>Description<\/strong> : Au cours de cet atelier, nous &#8220;d\u00e9roulerons&#8221; les \u00e9tapes structurantes de la mise en place d&#8217;une strat\u00e9gie de communication : notions, exemples, outils et mise en pratique pour votre projet \u00e0 partir de ces derniers seront les s\u00e9quences que nous suivrons.<\/p>\n<p>Les notions abord\u00e9es sont :<\/p>\n<p>(1) les objectifs de communication : notori\u00e9t\u00e9, assise de postionnement, accompagnement de lancement&#8230;..<\/p>\n<p>(2) les publics : insights, personna, segmentation et priorisation<\/p>\n<p>(3) les messages cl\u00e9s : discours socle et fils directeurs<\/p>\n<p>(4) activation : mise en oeuvre via un calendrier \u00e9ditorial omni-canal<\/p>\n<p>(5) mesure d&#8217;impact : quels crit\u00e8res, pour quelles finalit\u00e9s.<\/p>\n<p><strong>Pr\u00e9-requis<\/strong> : Aucun<\/p>\n<p><strong>Intervenante<\/strong> : Anne-Sophie Cambay-Carozzi de l&#8217;agence LesLieuxdits<\/p>\n<p>Anne-Sophie est d\u00e9veloppeuse! Elle a travaill\u00e9 durant plus de 20 ans au d\u00e9veloppement de march\u00e9s en France et \u00e0 l&#8217;international en trouvant les points de diff\u00e9renciations des produits ou services dont elle avait la responsabilit\u00e9 et en identifiant les cibles pour lesquelles ces points de diff\u00e9rentiations repr\u00e9sentent une valeur. Anne-Sophie accompagne depuis 6 ans les entrepreneur.es et les dirigeants dans leur strat\u00e9gie de d\u00e9veloppement &#8211; plus particuli\u00e8rement \u00e0 partir de la marque et de son expression.<\/p>\n<p><strong>Son super pouvoir : <\/strong>Simplifier le complexe. Accompagner le changement. Rationnelle tout en restant intuitive.<\/p>\n<p><strong>Son petit mot : <\/strong>Never give up &#8211; you owe it to yourself!<\/p>\n<p><strong>Pr\u00e9-requis<\/strong> : Aucun<\/p>\n<p><strong>Lieu<\/strong>\u00a0: Sist\u2019Her Paris, 82 rue du Faubourg Saint-Martin<\/p>\n<p><strong>Attention !<\/strong>\u00a0Veuillez vous pr\u00e9senter \u00e0 l\u2019heure pour que l\u2019activit\u00e9 puisse commencer \u00e0 temps. Si vous avez du retard veuillez pr\u00e9venir l\u2019intervenant.e. Si vous avez plus de 15 min de retard l\u2019intervenant.e se r\u00e9serve le droit de ne plus vous accepter pour le coaching ou l\u2019atelier.<\/p>\n","protected":false},"excerpt":{"rendered":"<p><strong>Description<\/strong> : Au cours de cet atelier, nous &#8220;d\u00e9roulerons&#8221; les \u00e9tapes structurantes de la mise en place d&#8217;une strat\u00e9gie de communication : notions, exemples, outils et mise en pratique pour votre projet \u00e0 partir de ces derniers seront les s\u00e9quences que nous suivrons.<\/p>\n<p>Les notions abord\u00e9es sont :<\/p>\n<p>(1) les objectifs de communication : notori\u00e9t\u00e9, assise de postionnement, accompagnement de lancement&#8230;..<\/p>\n<p>(2) les publics : insights, personna, segmentation et priorisation<\/p>\n<p>(3) les messages cl\u00e9s : discours socle et fils directeurs<\/p>\n<p>(4) activation : mise en oeuvre via un calendrier \u00e9ditorial omni-canal<\/p>\n<p>(5) mesure d&#8217;impact : quels crit\u00e8res, pour quelles finalit\u00e9s.<\/p>\n<p><strong>Pr\u00e9-requis<\/strong> : Aucun<\/p>\n<p><strong>Intervenante<\/strong> : Anne-Sophie Cambay-Carozzi de l&#8217;agence LesLieuxdits<\/p>\n<p>Anne-Sophie est d\u00e9veloppeuse! Elle a travaill\u00e9 durant plus de 20 ans au d\u00e9veloppement de march\u00e9s en France et \u00e0 l&#8217;international en trouvant les points de diff\u00e9renciations des produits ou services dont elle avait la responsabilit\u00e9 et en identifiant les cibles pour lesquelles ces points de diff\u00e9rentiations repr\u00e9sentent une valeur. Anne-Sophie accompagne depuis 6 ans les entrepreneur.es et les dirigeants dans leur strat\u00e9gie de d\u00e9veloppement &#8211; plus particuli\u00e8rement \u00e0 partir de la marque et de son expression.<\/p>\n<p><strong>Son super pouvoir : <\/strong>Simplifier le complexe. Accompagner le changement. Rationnelle tout en restant intuitive.<\/p>\n<p><strong>Son petit mot : <\/strong>Never give up &#8211; you owe it to yourself!<\/p>\n<p><strong>Pr\u00e9-requis<\/strong> : Aucun<\/p>\n<p><strong>Lieu<\/strong>\u00a0: Sist\u2019Her Paris, 82 rue du Faubourg Saint-Martin<\/p>\n<p><strong>Attention !<\/strong>\u00a0Veuillez vous pr\u00e9senter \u00e0 l\u2019heure pour que l\u2019activit\u00e9 puisse commencer \u00e0 temps. Si vous avez du retard veuillez pr\u00e9venir l\u2019intervenant.e. Si vous avez plus de 15 min de retard l\u2019intervenant.e se r\u00e9serve le droit de ne plus vous accepter pour le coaching ou l\u2019atelier.<\/p>\n","protected":false},"featured_media":157286,"template":"","format":"standard","meta":{"_acf_changed":false,"om_disable_all_campaigns":false,"_uf_show_specific_survey":0,"_uf_disable_surveys":false},"product_brand":[],"product_cat":[118],"product_tag":[],"lieu":[127],"thematiques":[],"class_list":{"0":"post-157284","1":"product","2":"type-product","3":"status-publish","4":"format-standard","5":"has-post-thumbnail","7":"product_cat-atelier-collectif","8":"lieu-hub-empowher","10":"first","11":"instock","12":"virtual","13":"purchasable","14":"product-type-appointment"},"exclude_global_add_ons":[],"addons":[],"acf":[],"yoast_head":"<!-- This site is optimized with the Yoast SEO plugin v24.8 - https:\/\/yoast.com\/wordpress\/plugins\/seo\/ -->\n<title>NEW - La strat\u00e9gie de communication : cibles, contenus, canaux - Empow&#039;Her<\/title>\n<meta name=\"robots\" content=\"index, follow, max-snippet:-1, max-image-preview:large, max-video-preview:-1\" \/>\n<link rel=\"canonical\" href=\"https:\/\/empow-her.com\/produit\/new-la-strategie-de-communication-cibles-contenus-canaux\/\" \/>\n<meta property=\"og:locale\" content=\"en_US\" \/>\n<meta property=\"og:type\" content=\"article\" \/>\n<meta property=\"og:title\" content=\"NEW - La strat\u00e9gie de communication : cibles, contenus, canaux - Empow&#039;Her\" \/>\n<meta property=\"og:description\" content=\"Description : Au cours de cet atelier, nous &quot;d\u00e9roulerons&quot; les \u00e9tapes structurantes de la mise en place d&#039;une strat\u00e9gie de communication : notions, exemples, outils et mise en pratique pour votre projet \u00e0 partir de ces derniers seront les s\u00e9quences que nous suivrons.  Les notions abord\u00e9es sont :  (1) les objectifs de communication : notori\u00e9t\u00e9, assise de postionnement, accompagnement de lancement.....  (2) les publics : insights, personna, segmentation et priorisation  (3) les messages cl\u00e9s : discours socle et fils directeurs  (4) activation : mise en oeuvre via un calendrier \u00e9ditorial omni-canal  (5) mesure d&#039;impact : quels crit\u00e8res, pour quelles finalit\u00e9s.  Pr\u00e9-requis : Aucun  Intervenante : Anne-Sophie Cambay-Carozzi de l&#039;agence LesLieuxdits  Anne-Sophie est d\u00e9veloppeuse! Elle a travaill\u00e9 durant plus de 20 ans au d\u00e9veloppement de march\u00e9s en France et \u00e0 l&#039;international en trouvant les points de diff\u00e9renciations des produits ou services dont elle avait la responsabilit\u00e9 et en identifiant les cibles pour lesquelles ces points de diff\u00e9rentiations repr\u00e9sentent une valeur. Anne-Sophie accompagne depuis 6 ans les entrepreneur.es et les dirigeants dans leur strat\u00e9gie de d\u00e9veloppement - plus particuli\u00e8rement \u00e0 partir de la marque et de son expression.  Son super pouvoir : Simplifier le complexe. Accompagner le changement. Rationnelle tout en restant intuitive.  Son petit mot : Never give up - you owe it to yourself!  Pr\u00e9-requis : Aucun  Lieu\u00a0: Sist\u2019Her Paris, 82 rue du Faubourg Saint-Martin  Attention !\u00a0Veuillez vous pr\u00e9senter \u00e0 l\u2019heure pour que l\u2019activit\u00e9 puisse commencer \u00e0 temps. Si vous avez du retard veuillez pr\u00e9venir l\u2019intervenant.e. Si vous avez plus de 15 min de retard l\u2019intervenant.e se r\u00e9serve le droit de ne plus vous accepter pour le coaching ou l\u2019atelier.\" \/>\n<meta property=\"og:url\" content=\"https:\/\/empow-her.com\/produit\/new-la-strategie-de-communication-cibles-contenus-canaux\/\" \/>\n<meta property=\"og:site_name\" content=\"Empow&#039;Her\" \/>\n<meta property=\"article:modified_time\" content=\"2023-04-14T08:52:01+00:00\" \/>\n<meta property=\"og:image\" content=\"https:\/\/empow-her.com\/wp-content\/uploads\/2023\/04\/Women-Dare-templates-events-2023-04-14T104419.643.png\" \/>\n\t<meta property=\"og:image:width\" content=\"1080\" \/>\n\t<meta property=\"og:image:height\" content=\"1080\" \/>\n\t<meta property=\"og:image:type\" content=\"image\/png\" \/>\n<meta name=\"twitter:card\" content=\"summary_large_image\" \/>\n<meta name=\"twitter:label1\" content=\"Est. reading time\" \/>\n\t<meta name=\"twitter:data1\" content=\"2 minutes\" \/>\n<script type=\"application\/ld+json\" class=\"yoast-schema-graph\">{\"@context\":\"https:\/\/schema.org\",\"@graph\":[{\"@type\":\"WebPage\",\"@id\":\"https:\/\/empow-her.com\/produit\/new-la-strategie-de-communication-cibles-contenus-canaux\/\",\"url\":\"https:\/\/empow-her.com\/produit\/new-la-strategie-de-communication-cibles-contenus-canaux\/\",\"name\":\"NEW - La strat\u00e9gie de communication : cibles, contenus, canaux - Empow&#039;Her\",\"isPartOf\":{\"@id\":\"https:\/\/empow-her.com\/#website\"},\"primaryImageOfPage\":{\"@id\":\"https:\/\/empow-her.com\/produit\/new-la-strategie-de-communication-cibles-contenus-canaux\/#primaryimage\"},\"image\":{\"@id\":\"https:\/\/empow-her.com\/produit\/new-la-strategie-de-communication-cibles-contenus-canaux\/#primaryimage\"},\"thumbnailUrl\":\"https:\/\/empow-her.com\/wp-content\/uploads\/2023\/04\/Women-Dare-templates-events-2023-04-14T104419.643.png\",\"datePublished\":\"2023-04-14T08:45:02+00:00\",\"dateModified\":\"2023-04-14T08:52:01+00:00\",\"breadcrumb\":{\"@id\":\"https:\/\/empow-her.com\/produit\/new-la-strategie-de-communication-cibles-contenus-canaux\/#breadcrumb\"},\"inLanguage\":\"en-US\",\"potentialAction\":[{\"@type\":\"ReadAction\",\"target\":[\"https:\/\/empow-her.com\/produit\/new-la-strategie-de-communication-cibles-contenus-canaux\/\"]}]},{\"@type\":\"ImageObject\",\"inLanguage\":\"en-US\",\"@id\":\"https:\/\/empow-her.com\/produit\/new-la-strategie-de-communication-cibles-contenus-canaux\/#primaryimage\",\"url\":\"https:\/\/empow-her.com\/wp-content\/uploads\/2023\/04\/Women-Dare-templates-events-2023-04-14T104419.643.png\",\"contentUrl\":\"https:\/\/empow-her.com\/wp-content\/uploads\/2023\/04\/Women-Dare-templates-events-2023-04-14T104419.643.png\",\"width\":1080,\"height\":1080},{\"@type\":\"BreadcrumbList\",\"@id\":\"https:\/\/empow-her.com\/produit\/new-la-strategie-de-communication-cibles-contenus-canaux\/#breadcrumb\",\"itemListElement\":[{\"@type\":\"ListItem\",\"position\":1,\"name\":\"Accueil\",\"item\":\"https:\/\/empow-her.com\/en\/landing-page\/\"},{\"@type\":\"ListItem\",\"position\":2,\"name\":\"LA BOUTIQUE\",\"item\":\"https:\/\/empow-her.com\/boutique\/\"},{\"@type\":\"ListItem\",\"position\":3,\"name\":\"NEW &#8211; La strat\u00e9gie de communication : cibles, contenus, canaux\"}]},{\"@type\":\"WebSite\",\"@id\":\"https:\/\/empow-her.com\/#website\",\"url\":\"https:\/\/empow-her.com\/\",\"name\":\"Empow&#039;Her\",\"description\":\"Women Development\",\"potentialAction\":[{\"@type\":\"SearchAction\",\"target\":{\"@type\":\"EntryPoint\",\"urlTemplate\":\"https:\/\/empow-her.com\/?s={search_term_string}\"},\"query-input\":{\"@type\":\"PropertyValueSpecification\",\"valueRequired\":true,\"valueName\":\"search_term_string\"}}],\"inLanguage\":\"en-US\"}]}<\/script>\n<!-- \/ Yoast SEO plugin. -->","yoast_head_json":{"title":"NEW - La strat\u00e9gie de communication : cibles, contenus, canaux - Empow&#039;Her","robots":{"index":"index","follow":"follow","max-snippet":"max-snippet:-1","max-image-preview":"max-image-preview:large","max-video-preview":"max-video-preview:-1"},"canonical":"https:\/\/empow-her.com\/produit\/new-la-strategie-de-communication-cibles-contenus-canaux\/","og_locale":"en_US","og_type":"article","og_title":"NEW - La strat\u00e9gie de communication : cibles, contenus, canaux - Empow&#039;Her","og_description":"Description : Au cours de cet atelier, nous \"d\u00e9roulerons\" les \u00e9tapes structurantes de la mise en place d'une strat\u00e9gie de communication : notions, exemples, outils et mise en pratique pour votre projet \u00e0 partir de ces derniers seront les s\u00e9quences que nous suivrons.  Les notions abord\u00e9es sont :  (1) les objectifs de communication : notori\u00e9t\u00e9, assise de postionnement, accompagnement de lancement.....  (2) les publics : insights, personna, segmentation et priorisation  (3) les messages cl\u00e9s : discours socle et fils directeurs  (4) activation : mise en oeuvre via un calendrier \u00e9ditorial omni-canal  (5) mesure d'impact : quels crit\u00e8res, pour quelles finalit\u00e9s.  Pr\u00e9-requis : Aucun  Intervenante : Anne-Sophie Cambay-Carozzi de l'agence LesLieuxdits  Anne-Sophie est d\u00e9veloppeuse! Elle a travaill\u00e9 durant plus de 20 ans au d\u00e9veloppement de march\u00e9s en France et \u00e0 l'international en trouvant les points de diff\u00e9renciations des produits ou services dont elle avait la responsabilit\u00e9 et en identifiant les cibles pour lesquelles ces points de diff\u00e9rentiations repr\u00e9sentent une valeur. Anne-Sophie accompagne depuis 6 ans les entrepreneur.es et les dirigeants dans leur strat\u00e9gie de d\u00e9veloppement - plus particuli\u00e8rement \u00e0 partir de la marque et de son expression.  Son super pouvoir : Simplifier le complexe. Accompagner le changement. Rationnelle tout en restant intuitive.  Son petit mot : Never give up - you owe it to yourself!  Pr\u00e9-requis : Aucun  Lieu\u00a0: Sist\u2019Her Paris, 82 rue du Faubourg Saint-Martin  Attention !\u00a0Veuillez vous pr\u00e9senter \u00e0 l\u2019heure pour que l\u2019activit\u00e9 puisse commencer \u00e0 temps. Si vous avez du retard veuillez pr\u00e9venir l\u2019intervenant.e. Si vous avez plus de 15 min de retard l\u2019intervenant.e se r\u00e9serve le droit de ne plus vous accepter pour le coaching ou l\u2019atelier.","og_url":"https:\/\/empow-her.com\/produit\/new-la-strategie-de-communication-cibles-contenus-canaux\/","og_site_name":"Empow&#039;Her","article_modified_time":"2023-04-14T08:52:01+00:00","og_image":[{"width":1080,"height":1080,"url":"https:\/\/empow-her.com\/wp-content\/uploads\/2023\/04\/Women-Dare-templates-events-2023-04-14T104419.643.png","type":"image\/png"}],"twitter_card":"summary_large_image","twitter_misc":{"Est. reading time":"2 minutes"},"schema":{"@context":"https:\/\/schema.org","@graph":[{"@type":"WebPage","@id":"https:\/\/empow-her.com\/produit\/new-la-strategie-de-communication-cibles-contenus-canaux\/","url":"https:\/\/empow-her.com\/produit\/new-la-strategie-de-communication-cibles-contenus-canaux\/","name":"NEW - La strat\u00e9gie de communication : cibles, contenus, canaux - Empow&#039;Her","isPartOf":{"@id":"https:\/\/empow-her.com\/#website"},"primaryImageOfPage":{"@id":"https:\/\/empow-her.com\/produit\/new-la-strategie-de-communication-cibles-contenus-canaux\/#primaryimage"},"image":{"@id":"https:\/\/empow-her.com\/produit\/new-la-strategie-de-communication-cibles-contenus-canaux\/#primaryimage"},"thumbnailUrl":"https:\/\/empow-her.com\/wp-content\/uploads\/2023\/04\/Women-Dare-templates-events-2023-04-14T104419.643.png","datePublished":"2023-04-14T08:45:02+00:00","dateModified":"2023-04-14T08:52:01+00:00","breadcrumb":{"@id":"https:\/\/empow-her.com\/produit\/new-la-strategie-de-communication-cibles-contenus-canaux\/#breadcrumb"},"inLanguage":"en-US","potentialAction":[{"@type":"ReadAction","target":["https:\/\/empow-her.com\/produit\/new-la-strategie-de-communication-cibles-contenus-canaux\/"]}]},{"@type":"ImageObject","inLanguage":"en-US","@id":"https:\/\/empow-her.com\/produit\/new-la-strategie-de-communication-cibles-contenus-canaux\/#primaryimage","url":"https:\/\/empow-her.com\/wp-content\/uploads\/2023\/04\/Women-Dare-templates-events-2023-04-14T104419.643.png","contentUrl":"https:\/\/empow-her.com\/wp-content\/uploads\/2023\/04\/Women-Dare-templates-events-2023-04-14T104419.643.png","width":1080,"height":1080},{"@type":"BreadcrumbList","@id":"https:\/\/empow-her.com\/produit\/new-la-strategie-de-communication-cibles-contenus-canaux\/#breadcrumb","itemListElement":[{"@type":"ListItem","position":1,"name":"Accueil","item":"https:\/\/empow-her.com\/en\/landing-page\/"},{"@type":"ListItem","position":2,"name":"LA BOUTIQUE","item":"https:\/\/empow-her.com\/boutique\/"},{"@type":"ListItem","position":3,"name":"NEW &#8211; La strat\u00e9gie de communication : cibles, contenus, canaux"}]},{"@type":"WebSite","@id":"https:\/\/empow-her.com\/#website","url":"https:\/\/empow-her.com\/","name":"Empow&#039;Her","description":"Women Development","potentialAction":[{"@type":"SearchAction","target":{"@type":"EntryPoint","urlTemplate":"https:\/\/empow-her.com\/?s={search_term_string}"},"query-input":{"@type":"PropertyValueSpecification","valueRequired":true,"valueName":"search_term_string"}}],"inLanguage":"en-US"}]}},"_links":{"self":[{"href":"https:\/\/empow-her.com\/en\/wp-json\/wp\/v2\/product\/157284","targetHints":{"allow":["GET"]}}],"collection":[{"href":"https:\/\/empow-her.com\/en\/wp-json\/wp\/v2\/product"}],"about":[{"href":"https:\/\/empow-her.com\/en\/wp-json\/wp\/v2\/types\/product"}],"wp:featuredmedia":[{"embeddable":true,"href":"https:\/\/empow-her.com\/en\/wp-json\/wp\/v2\/media\/157286"}],"wp:attachment":[{"href":"https:\/\/empow-her.com\/en\/wp-json\/wp\/v2\/media?parent=157284"}],"wp:term":[{"taxonomy":"product_brand","embeddable":true,"href":"https:\/\/empow-her.com\/en\/wp-json\/wp\/v2\/product_brand?post=157284"},{"taxonomy":"product_cat","embeddable":true,"href":"https:\/\/empow-her.com\/en\/wp-json\/wp\/v2\/product_cat?post=157284"},{"taxonomy":"product_tag","embeddable":true,"href":"https:\/\/empow-her.com\/en\/wp-json\/wp\/v2\/product_tag?post=157284"},{"taxonomy":"lieu","embeddable":true,"href":"https:\/\/empow-her.com\/en\/wp-json\/wp\/v2\/lieu?post=157284"},{"taxonomy":"thematiques","embeddable":true,"href":"https:\/\/empow-her.com\/en\/wp-json\/wp\/v2\/thematiques?post=157284"}],"curies":[{"name":"wp","href":"https:\/\/api.w.org\/{rel}","templated":true}]}}