{"id":15720,"date":"2021-07-12T16:28:40","date_gmt":"2021-07-12T14:28:40","guid":{"rendered":"https:\/\/empow-her.com\/?post_type=product&#038;p=15720"},"modified":"2021-09-13T09:41:34","modified_gmt":"2021-09-13T07:41:34","slug":"atelier-construire-une-strategie-de-communication-efficace-et-un-plan-de-comm-operationnel","status":"publish","type":"product","link":"https:\/\/empow-her.com\/en\/produit\/atelier-construire-une-strategie-de-communication-efficace-et-un-plan-de-comm-operationnel\/","title":{"rendered":"Atelier &#8211; Construire une strat\u00e9gie de communication efficace et un plan de comm&#8217; op\u00e9rationnel"},"content":{"rendered":"","protected":false},"excerpt":{"rendered":"<p><strong>L&#8217;atelier se d\u00e9roulera EN LIGNE sur Zoom<\/strong><\/p>\n<p style=\"text-align: left;\"><span data-sheets-value=\"{&quot;1&quot;:2,&quot;2&quot;:&quot;Comment cr\u00e9er une plateforme de marque et une identit\u00e9 visuelle impactante ? Quels sont les \u00e9l\u00e9ments \u00e0 mettre en avant pour d\u00e9finir mon pitch et construire mon storytelling ? \u00c0 qui parler de mon projet, et comment ? Coralie de YesForComm vous donne les cl\u00e9s pour construire une strat\u00e9gie de communication efficace !&quot;}\" data-sheets-userformat=\"{&quot;2&quot;:5053,&quot;3&quot;:{&quot;1&quot;:0},&quot;5&quot;:{&quot;1&quot;:[{&quot;1&quot;:2,&quot;2&quot;:0,&quot;5&quot;:{&quot;1&quot;:2,&quot;2&quot;:0}},{&quot;1&quot;:0,&quot;2&quot;:0,&quot;3&quot;:3},{&quot;1&quot;:1,&quot;2&quot;:0,&quot;4&quot;:1}]},&quot;6&quot;:{&quot;1&quot;:[{&quot;1&quot;:2,&quot;2&quot;:0,&quot;5&quot;:{&quot;1&quot;:2,&quot;2&quot;:0}},{&quot;1&quot;:0,&quot;2&quot;:0,&quot;3&quot;:3},{&quot;1&quot;:1,&quot;2&quot;:0,&quot;4&quot;:1}]},&quot;7&quot;:{&quot;1&quot;:[{&quot;1&quot;:2,&quot;2&quot;:0,&quot;5&quot;:{&quot;1&quot;:2,&quot;2&quot;:0}},{&quot;1&quot;:0,&quot;2&quot;:0,&quot;3&quot;:3},{&quot;1&quot;:1,&quot;2&quot;:0,&quot;4&quot;:1}]},&quot;8&quot;:{&quot;1&quot;:[{&quot;1&quot;:2,&quot;2&quot;:0,&quot;5&quot;:{&quot;1&quot;:2,&quot;2&quot;:0}},{&quot;1&quot;:0,&quot;2&quot;:0,&quot;3&quot;:3},{&quot;1&quot;:1,&quot;2&quot;:0,&quot;4&quot;:1}]},&quot;10&quot;:1,&quot;11&quot;:4,&quot;12&quot;:0,&quot;15&quot;:&quot;Calibri&quot;}\">Comment cr\u00e9er une plateforme de marque et une identit\u00e9 visuelle impactante ? Quels sont les \u00e9l\u00e9ments \u00e0 mettre en avant pour d\u00e9finir mon pitch et construire mon storytelling ? \u00c0 qui parler de mon projet, et comment ? Vous souhaitez savoir comment construire un plan de communication efficace ? Ou encore exploiter le potentiel de la newsletter pour construire votre marque ? Mieux structurer votre communication pour votre lancement et pr\u00e9parer une campagne de crowdfunding en b\u00e9ton ? Coralie Diebold vous donne les cl\u00e9s pour construire une strat\u00e9gie de communication efficace et vous explique toutes les \u00e9tapes pour un plan de com&#8217; op\u00e9rationnel r\u00e9ussi ! <\/span><\/p>\n<p>&nbsp;<\/p>\n<p style=\"text-align: left;\"><strong>Par<\/strong> : YesForComm<\/p>\n<p style=\"text-align: left;\"><strong>Intervenant.e.s<\/strong> : <span data-sheets-value=\"{&quot;1&quot;:2,&quot;2&quot;:&quot;Coralie est entrepreneure et fondatrice de l'agence de communication Yes for Comm. Elle accompagne les entrepreneurs et porteurs de projet sur leur strat\u00e9gie globale de communication et sa mise en \u0153uvre op\u00e9rationnelle. Son expertise se concentre sur l'augmentation de la visibilit\u00e9 et de la notori\u00e9t\u00e9 des marques \u00e0 impact. Coralie a \u00e0 c\u0153ur d'encourager les initiatives qui ont du sens et de renforcer la confiance des femmes entrepreneures !&quot;}\" data-sheets-userformat=\"{&quot;2&quot;:1053629,&quot;3&quot;:{&quot;1&quot;:0},&quot;5&quot;:{&quot;1&quot;:[{&quot;1&quot;:2,&quot;2&quot;:0,&quot;5&quot;:{&quot;1&quot;:2,&quot;2&quot;:0}},{&quot;1&quot;:0,&quot;2&quot;:0,&quot;3&quot;:3},{&quot;1&quot;:1,&quot;2&quot;:0,&quot;4&quot;:1}]},&quot;6&quot;:{&quot;1&quot;:[{&quot;1&quot;:2,&quot;2&quot;:0,&quot;5&quot;:{&quot;1&quot;:2,&quot;2&quot;:0}},{&quot;1&quot;:0,&quot;2&quot;:0,&quot;3&quot;:3},{&quot;1&quot;:1,&quot;2&quot;:0,&quot;4&quot;:1}]},&quot;7&quot;:{&quot;1&quot;:[{&quot;1&quot;:2,&quot;2&quot;:0,&quot;5&quot;:{&quot;1&quot;:2,&quot;2&quot;:0}},{&quot;1&quot;:0,&quot;2&quot;:0,&quot;3&quot;:3},{&quot;1&quot;:1,&quot;2&quot;:0,&quot;4&quot;:1}]},&quot;8&quot;:{&quot;1&quot;:[{&quot;1&quot;:2,&quot;2&quot;:0,&quot;5&quot;:{&quot;1&quot;:2,&quot;2&quot;:0}},{&quot;1&quot;:0,&quot;2&quot;:0,&quot;3&quot;:3},{&quot;1&quot;:1,&quot;2&quot;:0,&quot;4&quot;:1}]},&quot;10&quot;:1,&quot;11&quot;:4,&quot;12&quot;:0,&quot;15&quot;:&quot;Calibri&quot;,&quot;23&quot;:1}\" data-sheets-textstyleruns=\"{&quot;1&quot;:0}\uee10{&quot;1&quot;:69,&quot;2&quot;:{&quot;2&quot;:{&quot;1&quot;:2,&quot;2&quot;:1136076},&quot;9&quot;:1}}\uee10{&quot;1&quot;:81}\" data-sheets-hyperlinkruns=\"{&quot;1&quot;:69,&quot;2&quot;:&quot;https:\/\/yesforcomm.com\/&quot;}\uee10{&quot;1&quot;:81}\">Coralie est entrepreneure et fondatrice de l&#8217;agence de communication <a class=\"in-cell-link\" href=\"https:\/\/yesforcomm.com\/\" target=\"_blank\" rel=\"noopener noreferrer\">Yes for Comm<\/a>. Elle accompagne les entrepreneurs et porteurs de projet sur leur strat\u00e9gie globale de communication et sa mise en \u0153uvre op\u00e9rationnelle. Son expertise se concentre sur l&#8217;augmentation de la visibilit\u00e9 et de la notori\u00e9t\u00e9 des marques \u00e0 impact. Coralie a \u00e0 c\u0153ur d&#8217;encourager les initiatives qui ont du sens et de renforcer la confiance des femmes entrepreneures !<\/span><\/p>\n<p style=\"text-align: left;\"><strong>Dur\u00e9e<\/strong> : 3h<\/p>\n<p>&nbsp;<\/p>\n<p>Ce projet est cofinanc\u00e9 par le Fonds Social Europ\u00e9en<\/p>\n<p><img decoding=\"async\" class=\"alignnone size-medium wp-image-15794\" src=\"https:\/\/empow-her.com\/wp-content\/uploads\/2021\/07\/fse-logos-1-300x54.png\" alt=\"\" width=\"300\" height=\"54\" srcset=\"https:\/\/empow-her.com\/wp-content\/uploads\/2021\/07\/fse-logos-1-300x54.png 300w, https:\/\/empow-her.com\/wp-content\/uploads\/2021\/07\/fse-logos-1-600x108.png 600w, https:\/\/empow-her.com\/wp-content\/uploads\/2021\/07\/fse-logos-1-1024x184.png 1024w, https:\/\/empow-her.com\/wp-content\/uploads\/2021\/07\/fse-logos-1-768x138.png 768w, https:\/\/empow-her.com\/wp-content\/uploads\/2021\/07\/fse-logos-1-1536x275.png 1536w, https:\/\/empow-her.com\/wp-content\/uploads\/2021\/07\/fse-logos-1-2048x367.png 2048w, https:\/\/empow-her.com\/wp-content\/uploads\/2021\/07\/fse-logos-1-24x4.png 24w, https:\/\/empow-her.com\/wp-content\/uploads\/2021\/07\/fse-logos-1-36x6.png 36w, https:\/\/empow-her.com\/wp-content\/uploads\/2021\/07\/fse-logos-1-48x9.png 48w\" sizes=\"(max-width: 300px) 100vw, 300px\" \/><\/p>\n","protected":false},"featured_media":17269,"template":"","format":"standard","meta":{"_acf_changed":false,"om_disable_all_campaigns":false,"_uf_show_specific_survey":0,"_uf_disable_surveys":false},"product_brand":[],"product_cat":[118],"product_tag":[],"lieu":[125],"thematiques":[],"class_list":{"0":"post-15720","1":"product","2":"type-product","3":"status-publish","4":"format-standard","5":"has-post-thumbnail","7":"product_cat-atelier-collectif","8":"lieu-en-ligne","10":"first","11":"instock","12":"virtual","13":"purchasable","14":"product-type-appointment"},"exclude_global_add_ons":[],"addons":[],"acf":[],"yoast_head":"<!-- This site is optimized with the Yoast SEO plugin v24.8 - https:\/\/yoast.com\/wordpress\/plugins\/seo\/ -->\n<title>Atelier - Construire une strat\u00e9gie de communication efficace et un plan de comm&#039; op\u00e9rationnel - Empow&#039;Her<\/title>\n<meta name=\"robots\" content=\"index, follow, max-snippet:-1, max-image-preview:large, max-video-preview:-1\" \/>\n<link rel=\"canonical\" href=\"https:\/\/empow-her.com\/produit\/atelier-construire-une-strategie-de-communication-efficace-et-un-plan-de-comm-operationnel\/\" \/>\n<meta property=\"og:locale\" content=\"en_US\" \/>\n<meta property=\"og:type\" content=\"article\" \/>\n<meta property=\"og:title\" content=\"Atelier - Construire une strat\u00e9gie de communication efficace et un plan de comm&#039; op\u00e9rationnel - Empow&#039;Her\" \/>\n<meta property=\"og:description\" content=\"L&#039;atelier se d\u00e9roulera EN LIGNE sur Zoom Comment cr\u00e9er une plateforme de marque et une identit\u00e9 visuelle impactante ? Quels sont les \u00e9l\u00e9ments \u00e0 mettre en avant pour d\u00e9finir mon pitch et construire mon storytelling ? \u00c0 qui parler de mon projet, et comment ? Vous souhaitez savoir comment construire un plan de communication efficace ? Ou encore exploiter le potentiel de la newsletter pour construire votre marque ? Mieux structurer votre communication pour votre lancement et pr\u00e9parer une campagne de crowdfunding en b\u00e9ton ? Coralie Diebold vous donne les cl\u00e9s pour construire une strat\u00e9gie de communication efficace et vous explique toutes les \u00e9tapes pour un plan de com&#039; op\u00e9rationnel r\u00e9ussi !  &nbsp; Par : YesForComm Intervenant.e.s : Coralie est entrepreneure et fondatrice de l&#039;agence de communication Yes for Comm. Elle accompagne les entrepreneurs et porteurs de projet sur leur strat\u00e9gie globale de communication et sa mise en \u0153uvre op\u00e9rationnelle. Son expertise se concentre sur l&#039;augmentation de la visibilit\u00e9 et de la notori\u00e9t\u00e9 des marques \u00e0 impact. Coralie a \u00e0 c\u0153ur d&#039;encourager les initiatives qui ont du sens et de renforcer la confiance des femmes entrepreneures ! Dur\u00e9e : 3h &nbsp;  Ce projet est cofinanc\u00e9 par le Fonds Social Europ\u00e9en\" \/>\n<meta property=\"og:url\" content=\"https:\/\/empow-her.com\/produit\/atelier-construire-une-strategie-de-communication-efficace-et-un-plan-de-comm-operationnel\/\" \/>\n<meta property=\"og:site_name\" content=\"Empow&#039;Her\" \/>\n<meta property=\"article:modified_time\" content=\"2021-09-13T07:41:34+00:00\" \/>\n<meta property=\"og:image\" content=\"https:\/\/empow-her.com\/wp-content\/uploads\/2021\/07\/TEMPLATE-EVENTS-WOMEN-DARE-12.png\" \/>\n\t<meta property=\"og:image:width\" content=\"1080\" \/>\n\t<meta property=\"og:image:height\" content=\"1080\" \/>\n\t<meta property=\"og:image:type\" content=\"image\/png\" \/>\n<meta name=\"twitter:card\" content=\"summary_large_image\" \/>\n<script type=\"application\/ld+json\" class=\"yoast-schema-graph\">{\"@context\":\"https:\/\/schema.org\",\"@graph\":[{\"@type\":\"WebPage\",\"@id\":\"https:\/\/empow-her.com\/produit\/atelier-construire-une-strategie-de-communication-efficace-et-un-plan-de-comm-operationnel\/\",\"url\":\"https:\/\/empow-her.com\/produit\/atelier-construire-une-strategie-de-communication-efficace-et-un-plan-de-comm-operationnel\/\",\"name\":\"Atelier - Construire une strat\u00e9gie de communication efficace et un plan de comm' op\u00e9rationnel - Empow&#039;Her\",\"isPartOf\":{\"@id\":\"https:\/\/empow-her.com\/#website\"},\"primaryImageOfPage\":{\"@id\":\"https:\/\/empow-her.com\/produit\/atelier-construire-une-strategie-de-communication-efficace-et-un-plan-de-comm-operationnel\/#primaryimage\"},\"image\":{\"@id\":\"https:\/\/empow-her.com\/produit\/atelier-construire-une-strategie-de-communication-efficace-et-un-plan-de-comm-operationnel\/#primaryimage\"},\"thumbnailUrl\":\"https:\/\/empow-her.com\/wp-content\/uploads\/2021\/07\/TEMPLATE-EVENTS-WOMEN-DARE-12.png\",\"datePublished\":\"2021-07-12T14:28:40+00:00\",\"dateModified\":\"2021-09-13T07:41:34+00:00\",\"breadcrumb\":{\"@id\":\"https:\/\/empow-her.com\/produit\/atelier-construire-une-strategie-de-communication-efficace-et-un-plan-de-comm-operationnel\/#breadcrumb\"},\"inLanguage\":\"en-US\",\"potentialAction\":[{\"@type\":\"ReadAction\",\"target\":[\"https:\/\/empow-her.com\/produit\/atelier-construire-une-strategie-de-communication-efficace-et-un-plan-de-comm-operationnel\/\"]}]},{\"@type\":\"ImageObject\",\"inLanguage\":\"en-US\",\"@id\":\"https:\/\/empow-her.com\/produit\/atelier-construire-une-strategie-de-communication-efficace-et-un-plan-de-comm-operationnel\/#primaryimage\",\"url\":\"https:\/\/empow-her.com\/wp-content\/uploads\/2021\/07\/TEMPLATE-EVENTS-WOMEN-DARE-12.png\",\"contentUrl\":\"https:\/\/empow-her.com\/wp-content\/uploads\/2021\/07\/TEMPLATE-EVENTS-WOMEN-DARE-12.png\",\"width\":1080,\"height\":1080},{\"@type\":\"BreadcrumbList\",\"@id\":\"https:\/\/empow-her.com\/produit\/atelier-construire-une-strategie-de-communication-efficace-et-un-plan-de-comm-operationnel\/#breadcrumb\",\"itemListElement\":[{\"@type\":\"ListItem\",\"position\":1,\"name\":\"Accueil\",\"item\":\"https:\/\/empow-her.com\/en\/landing-page\/\"},{\"@type\":\"ListItem\",\"position\":2,\"name\":\"LA BOUTIQUE\",\"item\":\"https:\/\/empow-her.com\/boutique\/\"},{\"@type\":\"ListItem\",\"position\":3,\"name\":\"Atelier &#8211; Construire une strat\u00e9gie de communication efficace et un plan de comm&#8217; op\u00e9rationnel\"}]},{\"@type\":\"WebSite\",\"@id\":\"https:\/\/empow-her.com\/#website\",\"url\":\"https:\/\/empow-her.com\/\",\"name\":\"Empow&#039;Her\",\"description\":\"Women Development\",\"potentialAction\":[{\"@type\":\"SearchAction\",\"target\":{\"@type\":\"EntryPoint\",\"urlTemplate\":\"https:\/\/empow-her.com\/?s={search_term_string}\"},\"query-input\":{\"@type\":\"PropertyValueSpecification\",\"valueRequired\":true,\"valueName\":\"search_term_string\"}}],\"inLanguage\":\"en-US\"}]}<\/script>\n<!-- \/ Yoast SEO plugin. -->","yoast_head_json":{"title":"Atelier - Construire une strat\u00e9gie de communication efficace et un plan de comm' op\u00e9rationnel - Empow&#039;Her","robots":{"index":"index","follow":"follow","max-snippet":"max-snippet:-1","max-image-preview":"max-image-preview:large","max-video-preview":"max-video-preview:-1"},"canonical":"https:\/\/empow-her.com\/produit\/atelier-construire-une-strategie-de-communication-efficace-et-un-plan-de-comm-operationnel\/","og_locale":"en_US","og_type":"article","og_title":"Atelier - Construire une strat\u00e9gie de communication efficace et un plan de comm' op\u00e9rationnel - Empow&#039;Her","og_description":"L'atelier se d\u00e9roulera EN LIGNE sur Zoom Comment cr\u00e9er une plateforme de marque et une identit\u00e9 visuelle impactante ? Quels sont les \u00e9l\u00e9ments \u00e0 mettre en avant pour d\u00e9finir mon pitch et construire mon storytelling ? \u00c0 qui parler de mon projet, et comment ? Vous souhaitez savoir comment construire un plan de communication efficace ? Ou encore exploiter le potentiel de la newsletter pour construire votre marque ? Mieux structurer votre communication pour votre lancement et pr\u00e9parer une campagne de crowdfunding en b\u00e9ton ? Coralie Diebold vous donne les cl\u00e9s pour construire une strat\u00e9gie de communication efficace et vous explique toutes les \u00e9tapes pour un plan de com' op\u00e9rationnel r\u00e9ussi !  &nbsp; Par : YesForComm Intervenant.e.s : Coralie est entrepreneure et fondatrice de l'agence de communication Yes for Comm. Elle accompagne les entrepreneurs et porteurs de projet sur leur strat\u00e9gie globale de communication et sa mise en \u0153uvre op\u00e9rationnelle. Son expertise se concentre sur l'augmentation de la visibilit\u00e9 et de la notori\u00e9t\u00e9 des marques \u00e0 impact. Coralie a \u00e0 c\u0153ur d'encourager les initiatives qui ont du sens et de renforcer la confiance des femmes entrepreneures ! Dur\u00e9e : 3h &nbsp;  Ce projet est cofinanc\u00e9 par le Fonds Social Europ\u00e9en","og_url":"https:\/\/empow-her.com\/produit\/atelier-construire-une-strategie-de-communication-efficace-et-un-plan-de-comm-operationnel\/","og_site_name":"Empow&#039;Her","article_modified_time":"2021-09-13T07:41:34+00:00","og_image":[{"width":1080,"height":1080,"url":"https:\/\/empow-her.com\/wp-content\/uploads\/2021\/07\/TEMPLATE-EVENTS-WOMEN-DARE-12.png","type":"image\/png"}],"twitter_card":"summary_large_image","schema":{"@context":"https:\/\/schema.org","@graph":[{"@type":"WebPage","@id":"https:\/\/empow-her.com\/produit\/atelier-construire-une-strategie-de-communication-efficace-et-un-plan-de-comm-operationnel\/","url":"https:\/\/empow-her.com\/produit\/atelier-construire-une-strategie-de-communication-efficace-et-un-plan-de-comm-operationnel\/","name":"Atelier - Construire une strat\u00e9gie de communication efficace et un plan de comm' op\u00e9rationnel - Empow&#039;Her","isPartOf":{"@id":"https:\/\/empow-her.com\/#website"},"primaryImageOfPage":{"@id":"https:\/\/empow-her.com\/produit\/atelier-construire-une-strategie-de-communication-efficace-et-un-plan-de-comm-operationnel\/#primaryimage"},"image":{"@id":"https:\/\/empow-her.com\/produit\/atelier-construire-une-strategie-de-communication-efficace-et-un-plan-de-comm-operationnel\/#primaryimage"},"thumbnailUrl":"https:\/\/empow-her.com\/wp-content\/uploads\/2021\/07\/TEMPLATE-EVENTS-WOMEN-DARE-12.png","datePublished":"2021-07-12T14:28:40+00:00","dateModified":"2021-09-13T07:41:34+00:00","breadcrumb":{"@id":"https:\/\/empow-her.com\/produit\/atelier-construire-une-strategie-de-communication-efficace-et-un-plan-de-comm-operationnel\/#breadcrumb"},"inLanguage":"en-US","potentialAction":[{"@type":"ReadAction","target":["https:\/\/empow-her.com\/produit\/atelier-construire-une-strategie-de-communication-efficace-et-un-plan-de-comm-operationnel\/"]}]},{"@type":"ImageObject","inLanguage":"en-US","@id":"https:\/\/empow-her.com\/produit\/atelier-construire-une-strategie-de-communication-efficace-et-un-plan-de-comm-operationnel\/#primaryimage","url":"https:\/\/empow-her.com\/wp-content\/uploads\/2021\/07\/TEMPLATE-EVENTS-WOMEN-DARE-12.png","contentUrl":"https:\/\/empow-her.com\/wp-content\/uploads\/2021\/07\/TEMPLATE-EVENTS-WOMEN-DARE-12.png","width":1080,"height":1080},{"@type":"BreadcrumbList","@id":"https:\/\/empow-her.com\/produit\/atelier-construire-une-strategie-de-communication-efficace-et-un-plan-de-comm-operationnel\/#breadcrumb","itemListElement":[{"@type":"ListItem","position":1,"name":"Accueil","item":"https:\/\/empow-her.com\/en\/landing-page\/"},{"@type":"ListItem","position":2,"name":"LA BOUTIQUE","item":"https:\/\/empow-her.com\/boutique\/"},{"@type":"ListItem","position":3,"name":"Atelier &#8211; Construire une strat\u00e9gie de communication efficace et un plan de comm&#8217; op\u00e9rationnel"}]},{"@type":"WebSite","@id":"https:\/\/empow-her.com\/#website","url":"https:\/\/empow-her.com\/","name":"Empow&#039;Her","description":"Women Development","potentialAction":[{"@type":"SearchAction","target":{"@type":"EntryPoint","urlTemplate":"https:\/\/empow-her.com\/?s={search_term_string}"},"query-input":{"@type":"PropertyValueSpecification","valueRequired":true,"valueName":"search_term_string"}}],"inLanguage":"en-US"}]}},"_links":{"self":[{"href":"https:\/\/empow-her.com\/en\/wp-json\/wp\/v2\/product\/15720","targetHints":{"allow":["GET"]}}],"collection":[{"href":"https:\/\/empow-her.com\/en\/wp-json\/wp\/v2\/product"}],"about":[{"href":"https:\/\/empow-her.com\/en\/wp-json\/wp\/v2\/types\/product"}],"wp:featuredmedia":[{"embeddable":true,"href":"https:\/\/empow-her.com\/en\/wp-json\/wp\/v2\/media\/17269"}],"wp:attachment":[{"href":"https:\/\/empow-her.com\/en\/wp-json\/wp\/v2\/media?parent=15720"}],"wp:term":[{"taxonomy":"product_brand","embeddable":true,"href":"https:\/\/empow-her.com\/en\/wp-json\/wp\/v2\/product_brand?post=15720"},{"taxonomy":"product_cat","embeddable":true,"href":"https:\/\/empow-her.com\/en\/wp-json\/wp\/v2\/product_cat?post=15720"},{"taxonomy":"product_tag","embeddable":true,"href":"https:\/\/empow-her.com\/en\/wp-json\/wp\/v2\/product_tag?post=15720"},{"taxonomy":"lieu","embeddable":true,"href":"https:\/\/empow-her.com\/en\/wp-json\/wp\/v2\/lieu?post=15720"},{"taxonomy":"thematiques","embeddable":true,"href":"https:\/\/empow-her.com\/en\/wp-json\/wp\/v2\/thematiques?post=15720"}],"curies":[{"name":"wp","href":"https:\/\/api.w.org\/{rel}","templated":true}]}}