{"id":156261,"date":"2023-04-11T17:02:46","date_gmt":"2023-04-11T15:02:46","guid":{"rendered":"https:\/\/empow-her.com\/?post_type=product&#038;p=156261"},"modified":"2023-04-11T17:13:05","modified_gmt":"2023-04-11T15:13:05","slug":"shetalks-faire-de-son-handicap-une-force-pour-entreprendre","status":"publish","type":"product","link":"https:\/\/empow-her.com\/en\/produit\/shetalks-faire-de-son-handicap-une-force-pour-entreprendre\/","title":{"rendered":"SheTalks : Faire de son handicap, une force pour entreprendre"},"content":{"rendered":"<p><span style=\"font-weight: 400;\">&#x267f; <\/span>Aujourd&#8217;hui, 12 millions de Fran\u00e7ais sont en situation de handicap : 80% avec un handicap invisible survenu \u00e0 l&#8217;\u00e2ge adulte ou jeune adulte.<br \/>\nL&#8217;entrepreneuriat a un r\u00f4le \u00e0 jouer pour cr\u00e9er une soci\u00e9t\u00e9 plus inclusive et\u00a0 b\u00e9n\u00e9ficier des savoir-faires et comp\u00e9tences de tous.tes.<\/p>\n<p>Rencontre inspirante avec Alice Dev\u00e8s, co-fondatrice de Petite Mu, premier m\u00e9dia qui sensibilise aux handicaps invisibles et qui viendra parler de son parcours entrepreneurial intimement li\u00e9 \u00e0 son handicap et des solutions pour rendre l&#8217;entrepreneuriat plus inclusif. Cette interview sera suivie d&#8217;une r\u00e9flexion participative en petits groupes pour repartir avec toutes les clefs !<\/p>\n<p>Infos pratiques :<br \/>\n&#x1f4c5; Jeudi 4 mai de 8h45 \u00e0 10h.<br \/>\n<img decoding=\"async\" src=\"https:\/\/static.xx.fbcdn.net\/images\/emoji.php\/v9\/t8b\/1.5\/16\/1f516.png\" alt=\"&#x1f516;\" width=\"16\" height=\"16\" \/> R\u00e9servation gratuite obligatoire<\/p>\n<p>&#x1f4cd; Sist\u2019Her : 82 rue du Faubourg Saint-Martin 75010 Paris<br \/>\nOuvert en mars 2021, Sist\u2019Her est le premier tiers-lieu sorore, d\u00e9di\u00e9 aux entrepreneuses et \u00e0 l\u2019impact en \u00cele-de-France. Port\u00e9 par l\u2019association Empow\u2019Her, c\u2019est un lieu de formations et de rencontres inclusif et collaboratif, ouvert \u00e0 tou\u00b7te\u00b7s o\u00f9 il est possible de se former, s\u2019inspirer, s\u2019engager et se rencontrer.&#8221;<\/p>\n<p>A tr\u00e8s vite !<\/p>\n","protected":false},"excerpt":{"rendered":"<p><span style=\"font-weight: 400;\">&#x267f; <\/span>Aujourd&#8217;hui, 12 millions de Fran\u00e7ais sont en situation de handicap : 80% avec un handicap invisible survenu \u00e0 l&#8217;\u00e2ge adulte ou jeune adulte.<br \/>\nL&#8217;entrepreneuriat a un r\u00f4le \u00e0 jouer pour cr\u00e9er une soci\u00e9t\u00e9 plus inclusive et\u00a0 b\u00e9n\u00e9ficier des savoir-faires et comp\u00e9tences de tous.tes.<\/p>\n<p>Rencontre inspirante avec Alice Dev\u00e8s, co-fondatrice de Petite Mu, premier m\u00e9dia qui sensibilise aux handicaps invisibles et qui viendra parler de son parcours entrepreneurial intimement li\u00e9 \u00e0 son handicap et des solutions pour rendre l&#8217;entrepreneuriat plus inclusif. Cette interview sera suivie d&#8217;une r\u00e9flexion participative en petits groupes pour repartir avec toutes les clefs !<\/p>\n<p>Infos pratiques :<br \/>\n&#x1f4c5; Jeudi 4 mai de 8h45 \u00e0 10h.<br \/>\n<img decoding=\"async\" src=\"https:\/\/static.xx.fbcdn.net\/images\/emoji.php\/v9\/t8b\/1.5\/16\/1f516.png\" alt=\"&#x1f516;\" width=\"16\" height=\"16\" \/> R\u00e9servation gratuite obligatoire<\/p>\n<p>&#x1f4cd; Sist\u2019Her : 82 rue du Faubourg Saint-Martin 75010 Paris<br \/>\nOuvert en mars 2021, Sist\u2019Her est le premier tiers-lieu sorore, d\u00e9di\u00e9 aux entrepreneuses et \u00e0 l\u2019impact en \u00cele-de-France. Port\u00e9 par l\u2019association Empow\u2019Her, c\u2019est un lieu de formations et de rencontres inclusif et collaboratif, ouvert \u00e0 tou\u00b7te\u00b7s o\u00f9 il est possible de se former, s\u2019inspirer, s\u2019engager et se rencontrer.&#8221;<\/p>\n<p>A tr\u00e8s vite !<\/p>\n","protected":false},"featured_media":156264,"template":"","format":"standard","meta":{"_acf_changed":false,"om_disable_all_campaigns":false,"_uf_show_specific_survey":0,"_uf_disable_surveys":false},"product_brand":[],"product_cat":[119],"product_tag":[],"lieu":[127],"thematiques":[],"class_list":{"0":"post-156261","1":"product","2":"type-product","3":"status-publish","4":"format-standard","5":"has-post-thumbnail","7":"product_cat-evenement-sisther","8":"lieu-hub-empowher","10":"first","11":"instock","12":"virtual","13":"purchasable","14":"product-type-appointment"},"exclude_global_add_ons":[],"addons":[],"acf":[],"yoast_head":"<!-- This site is optimized with the Yoast SEO plugin v24.8 - https:\/\/yoast.com\/wordpress\/plugins\/seo\/ -->\n<title>SheTalks : Faire de son handicap, une force pour entreprendre<\/title>\n<meta name=\"description\" content=\"Comment rendre l&#039;entrepreneuriat plus inclusif ? Rencontre Alice Dev\u00e8s qui fait de son handicap, une force pour entreprendre ! Le 4 mai de 8h45 \u00e0 10h.\" \/>\n<meta name=\"robots\" content=\"index, follow, max-snippet:-1, max-image-preview:large, max-video-preview:-1\" \/>\n<link rel=\"canonical\" href=\"https:\/\/empow-her.com\/produit\/shetalks-faire-de-son-handicap-une-force-pour-entreprendre\/\" \/>\n<meta property=\"og:locale\" content=\"en_US\" \/>\n<meta property=\"og:type\" content=\"article\" \/>\n<meta property=\"og:title\" content=\"SheTalks : Faire de son handicap, une force pour entreprendre\" \/>\n<meta property=\"og:description\" content=\"Comment rendre l&#039;entrepreneuriat plus inclusif ? Rencontre Alice Dev\u00e8s qui fait de son handicap, une force pour entreprendre ! Le 4 mai de 8h45 \u00e0 10h.\" \/>\n<meta property=\"og:url\" content=\"https:\/\/empow-her.com\/produit\/shetalks-faire-de-son-handicap-une-force-pour-entreprendre\/\" \/>\n<meta property=\"og:site_name\" content=\"Empow&#039;Her\" \/>\n<meta property=\"article:modified_time\" content=\"2023-04-11T15:13:05+00:00\" \/>\n<meta property=\"og:image\" content=\"https:\/\/empow-her.com\/wp-content\/uploads\/2023\/04\/shetalks-economie-circulaire-2.png\" \/>\n\t<meta property=\"og:image:width\" content=\"1080\" \/>\n\t<meta property=\"og:image:height\" content=\"1080\" \/>\n\t<meta property=\"og:image:type\" content=\"image\/png\" \/>\n<meta name=\"twitter:card\" content=\"summary_large_image\" \/>\n<meta name=\"twitter:label1\" content=\"Est. reading time\" \/>\n\t<meta name=\"twitter:data1\" content=\"2 minutes\" \/>\n<script type=\"application\/ld+json\" class=\"yoast-schema-graph\">{\"@context\":\"https:\/\/schema.org\",\"@graph\":[{\"@type\":\"WebPage\",\"@id\":\"https:\/\/empow-her.com\/produit\/shetalks-faire-de-son-handicap-une-force-pour-entreprendre\/\",\"url\":\"https:\/\/empow-her.com\/produit\/shetalks-faire-de-son-handicap-une-force-pour-entreprendre\/\",\"name\":\"SheTalks : Faire de son handicap, une force pour entreprendre\",\"isPartOf\":{\"@id\":\"https:\/\/empow-her.com\/#website\"},\"primaryImageOfPage\":{\"@id\":\"https:\/\/empow-her.com\/produit\/shetalks-faire-de-son-handicap-une-force-pour-entreprendre\/#primaryimage\"},\"image\":{\"@id\":\"https:\/\/empow-her.com\/produit\/shetalks-faire-de-son-handicap-une-force-pour-entreprendre\/#primaryimage\"},\"thumbnailUrl\":\"https:\/\/empow-her.com\/wp-content\/uploads\/2023\/04\/shetalks-economie-circulaire-2.png\",\"datePublished\":\"2023-04-11T15:02:46+00:00\",\"dateModified\":\"2023-04-11T15:13:05+00:00\",\"description\":\"Comment rendre l'entrepreneuriat plus inclusif ? Rencontre Alice Dev\u00e8s qui fait de son handicap, une force pour entreprendre ! Le 4 mai de 8h45 \u00e0 10h.\",\"breadcrumb\":{\"@id\":\"https:\/\/empow-her.com\/produit\/shetalks-faire-de-son-handicap-une-force-pour-entreprendre\/#breadcrumb\"},\"inLanguage\":\"en-US\",\"potentialAction\":[{\"@type\":\"ReadAction\",\"target\":[\"https:\/\/empow-her.com\/produit\/shetalks-faire-de-son-handicap-une-force-pour-entreprendre\/\"]}]},{\"@type\":\"ImageObject\",\"inLanguage\":\"en-US\",\"@id\":\"https:\/\/empow-her.com\/produit\/shetalks-faire-de-son-handicap-une-force-pour-entreprendre\/#primaryimage\",\"url\":\"https:\/\/empow-her.com\/wp-content\/uploads\/2023\/04\/shetalks-economie-circulaire-2.png\",\"contentUrl\":\"https:\/\/empow-her.com\/wp-content\/uploads\/2023\/04\/shetalks-economie-circulaire-2.png\",\"width\":1080,\"height\":1080},{\"@type\":\"BreadcrumbList\",\"@id\":\"https:\/\/empow-her.com\/produit\/shetalks-faire-de-son-handicap-une-force-pour-entreprendre\/#breadcrumb\",\"itemListElement\":[{\"@type\":\"ListItem\",\"position\":1,\"name\":\"Accueil\",\"item\":\"https:\/\/empow-her.com\/en\/landing-page\/\"},{\"@type\":\"ListItem\",\"position\":2,\"name\":\"LA BOUTIQUE\",\"item\":\"https:\/\/empow-her.com\/boutique\/\"},{\"@type\":\"ListItem\",\"position\":3,\"name\":\"SheTalks : Faire de son handicap, une force pour entreprendre\"}]},{\"@type\":\"WebSite\",\"@id\":\"https:\/\/empow-her.com\/#website\",\"url\":\"https:\/\/empow-her.com\/\",\"name\":\"Empow&#039;Her\",\"description\":\"Women Development\",\"potentialAction\":[{\"@type\":\"SearchAction\",\"target\":{\"@type\":\"EntryPoint\",\"urlTemplate\":\"https:\/\/empow-her.com\/?s={search_term_string}\"},\"query-input\":{\"@type\":\"PropertyValueSpecification\",\"valueRequired\":true,\"valueName\":\"search_term_string\"}}],\"inLanguage\":\"en-US\"}]}<\/script>\n<!-- \/ Yoast SEO plugin. -->","yoast_head_json":{"title":"SheTalks : Faire de son handicap, une force pour entreprendre","description":"Comment rendre l'entrepreneuriat plus inclusif ? Rencontre Alice Dev\u00e8s qui fait de son handicap, une force pour entreprendre ! Le 4 mai de 8h45 \u00e0 10h.","robots":{"index":"index","follow":"follow","max-snippet":"max-snippet:-1","max-image-preview":"max-image-preview:large","max-video-preview":"max-video-preview:-1"},"canonical":"https:\/\/empow-her.com\/produit\/shetalks-faire-de-son-handicap-une-force-pour-entreprendre\/","og_locale":"en_US","og_type":"article","og_title":"SheTalks : Faire de son handicap, une force pour entreprendre","og_description":"Comment rendre l'entrepreneuriat plus inclusif ? Rencontre Alice Dev\u00e8s qui fait de son handicap, une force pour entreprendre ! Le 4 mai de 8h45 \u00e0 10h.","og_url":"https:\/\/empow-her.com\/produit\/shetalks-faire-de-son-handicap-une-force-pour-entreprendre\/","og_site_name":"Empow&#039;Her","article_modified_time":"2023-04-11T15:13:05+00:00","og_image":[{"width":1080,"height":1080,"url":"https:\/\/empow-her.com\/wp-content\/uploads\/2023\/04\/shetalks-economie-circulaire-2.png","type":"image\/png"}],"twitter_card":"summary_large_image","twitter_misc":{"Est. reading time":"2 minutes"},"schema":{"@context":"https:\/\/schema.org","@graph":[{"@type":"WebPage","@id":"https:\/\/empow-her.com\/produit\/shetalks-faire-de-son-handicap-une-force-pour-entreprendre\/","url":"https:\/\/empow-her.com\/produit\/shetalks-faire-de-son-handicap-une-force-pour-entreprendre\/","name":"SheTalks : Faire de son handicap, une force pour entreprendre","isPartOf":{"@id":"https:\/\/empow-her.com\/#website"},"primaryImageOfPage":{"@id":"https:\/\/empow-her.com\/produit\/shetalks-faire-de-son-handicap-une-force-pour-entreprendre\/#primaryimage"},"image":{"@id":"https:\/\/empow-her.com\/produit\/shetalks-faire-de-son-handicap-une-force-pour-entreprendre\/#primaryimage"},"thumbnailUrl":"https:\/\/empow-her.com\/wp-content\/uploads\/2023\/04\/shetalks-economie-circulaire-2.png","datePublished":"2023-04-11T15:02:46+00:00","dateModified":"2023-04-11T15:13:05+00:00","description":"Comment rendre l'entrepreneuriat plus inclusif ? Rencontre Alice Dev\u00e8s qui fait de son handicap, une force pour entreprendre ! Le 4 mai de 8h45 \u00e0 10h.","breadcrumb":{"@id":"https:\/\/empow-her.com\/produit\/shetalks-faire-de-son-handicap-une-force-pour-entreprendre\/#breadcrumb"},"inLanguage":"en-US","potentialAction":[{"@type":"ReadAction","target":["https:\/\/empow-her.com\/produit\/shetalks-faire-de-son-handicap-une-force-pour-entreprendre\/"]}]},{"@type":"ImageObject","inLanguage":"en-US","@id":"https:\/\/empow-her.com\/produit\/shetalks-faire-de-son-handicap-une-force-pour-entreprendre\/#primaryimage","url":"https:\/\/empow-her.com\/wp-content\/uploads\/2023\/04\/shetalks-economie-circulaire-2.png","contentUrl":"https:\/\/empow-her.com\/wp-content\/uploads\/2023\/04\/shetalks-economie-circulaire-2.png","width":1080,"height":1080},{"@type":"BreadcrumbList","@id":"https:\/\/empow-her.com\/produit\/shetalks-faire-de-son-handicap-une-force-pour-entreprendre\/#breadcrumb","itemListElement":[{"@type":"ListItem","position":1,"name":"Accueil","item":"https:\/\/empow-her.com\/en\/landing-page\/"},{"@type":"ListItem","position":2,"name":"LA BOUTIQUE","item":"https:\/\/empow-her.com\/boutique\/"},{"@type":"ListItem","position":3,"name":"SheTalks : Faire de son handicap, une force pour entreprendre"}]},{"@type":"WebSite","@id":"https:\/\/empow-her.com\/#website","url":"https:\/\/empow-her.com\/","name":"Empow&#039;Her","description":"Women Development","potentialAction":[{"@type":"SearchAction","target":{"@type":"EntryPoint","urlTemplate":"https:\/\/empow-her.com\/?s={search_term_string}"},"query-input":{"@type":"PropertyValueSpecification","valueRequired":true,"valueName":"search_term_string"}}],"inLanguage":"en-US"}]}},"_links":{"self":[{"href":"https:\/\/empow-her.com\/en\/wp-json\/wp\/v2\/product\/156261","targetHints":{"allow":["GET"]}}],"collection":[{"href":"https:\/\/empow-her.com\/en\/wp-json\/wp\/v2\/product"}],"about":[{"href":"https:\/\/empow-her.com\/en\/wp-json\/wp\/v2\/types\/product"}],"wp:featuredmedia":[{"embeddable":true,"href":"https:\/\/empow-her.com\/en\/wp-json\/wp\/v2\/media\/156264"}],"wp:attachment":[{"href":"https:\/\/empow-her.com\/en\/wp-json\/wp\/v2\/media?parent=156261"}],"wp:term":[{"taxonomy":"product_brand","embeddable":true,"href":"https:\/\/empow-her.com\/en\/wp-json\/wp\/v2\/product_brand?post=156261"},{"taxonomy":"product_cat","embeddable":true,"href":"https:\/\/empow-her.com\/en\/wp-json\/wp\/v2\/product_cat?post=156261"},{"taxonomy":"product_tag","embeddable":true,"href":"https:\/\/empow-her.com\/en\/wp-json\/wp\/v2\/product_tag?post=156261"},{"taxonomy":"lieu","embeddable":true,"href":"https:\/\/empow-her.com\/en\/wp-json\/wp\/v2\/lieu?post=156261"},{"taxonomy":"thematiques","embeddable":true,"href":"https:\/\/empow-her.com\/en\/wp-json\/wp\/v2\/thematiques?post=156261"}],"curies":[{"name":"wp","href":"https:\/\/api.w.org\/{rel}","templated":true}]}}