{"id":15514,"date":"2021-06-25T19:21:19","date_gmt":"2021-06-25T17:21:19","guid":{"rendered":"https:\/\/empow-her.com\/?post_type=product&#038;p=15514"},"modified":"2021-07-06T11:40:53","modified_gmt":"2021-07-06T09:40:53","slug":"le-marche-empowher-upcycle-ton-ete","status":"publish","type":"product","link":"https:\/\/empow-her.com\/en\/produit\/le-marche-empowher-upcycle-ton-ete\/","title":{"rendered":"Le March\u00e9 Empow&#8217;her : Upcycle ton \u00e9t\u00e9 !"},"content":{"rendered":"<p>&#x1f4e3; Empow&#8217;her organise son premier march\u00e9 de cr\u00e9atrices chez Sist&#8217;her Paris ! Un march\u00e9 plac\u00e9 sous le signe de l&#8217;upcycling pour passer un \u00e9t\u00e9 styl\u00e9 sans \u00e9mettre de d\u00e9chets ! <span class=\"c-emoji c-emoji__medium c-emoji--inline\" data-qa=\"emoji\" data-sk=\"tooltip_parent\"><img decoding=\"async\" src=\"https:\/\/a.slack-edge.com\/production-standard-emoji-assets\/13.0\/apple-medium\/1f5d1-fe0f.png\" alt=\":corbeille:\" aria-label=\"\u00c9moji corbeille\" data-stringify-type=\"emoji\" data-stringify-emoji=\":wastebasket:\" \/><\/span><\/p>\n<p>Viens d\u00e9couvrir des cr\u00e9atrices ancr\u00e9es dans l&#8217;\u00e9conomie circulaire et upcycle ton \u00e9t\u00e9 ! Petites robes\u00a0<span class=\"c-emoji c-emoji__medium c-emoji--inline\" data-qa=\"emoji\" data-sk=\"tooltip_parent\"><img decoding=\"async\" src=\"https:\/\/a.slack-edge.com\/production-standard-emoji-assets\/13.0\/apple-medium\/1f457.png\" alt=\":robe:\" aria-label=\"\u00c9moji robe\" data-stringify-type=\"emoji\" data-stringify-emoji=\":dress:\" \/><\/span>\u00a0cr\u00e9\u00e9es \u00e0 partir de chutes de tissus, broderies, mobilier pimp\u00e9\u00a0<span class=\"c-emoji c-emoji__medium c-emoji--inline\" data-qa=\"emoji\" data-sk=\"tooltip_parent\"><img decoding=\"async\" src=\"https:\/\/a.slack-edge.com\/production-standard-emoji-assets\/13.0\/apple-medium\/1fa91.png\" alt=\":chaise:\" aria-label=\"\u00c9moji chaise\" data-stringify-type=\"emoji\" data-stringify-emoji=\":chair:\" \/><\/span>\u00a0et accessoires transform\u00e9s, tu trouveras ton bonheur pour embellir ton int\u00e9rieur et ton dressing sans culpabiliser sur ton impact !<\/p>\n<p>Tu pourras aussi participer tout au long de la journ\u00e9e \u00e0 des ateliers <span class=\"c-emoji c-emoji__medium c-emoji--inline\" data-qa=\"emoji\" data-sk=\"tooltip_parent\"><img decoding=\"async\" src=\"https:\/\/a.slack-edge.com\/production-standard-emoji-assets\/13.0\/apple-medium\/1faa1.png\" alt=\":aiguille_\u00e0_coudre:\" aria-label=\"\u00c9moji aiguille \u00e0 coudre\" data-stringify-type=\"emoji\" data-stringify-emoji=\":sewing_needle:\" \/><\/span> pour redonner un coup de neuf \u00e0 tes vieux v\u00eatements ou r\u00e9utiliser tes chaussettes orphelines. Planning et r\u00e9servation pour les ateliers \u00e0 venir !<\/p>\n<p>Exposantes :<br \/>\n&#8211; <a href=\"http:\/\/www.homonoia-paris.com\">Homono\u00efa<\/a> : Cr\u00e9\u00e9 par Audrey et Etienne, 2 amis d&#8217;enfance, Homono\u00efa propose des v\u00eatements et accessoires issus d&#8217;une production upcycling et con\u00e7us en r\u00e9gion parisienne en atelier d&#8217;insertion. Ils souhaitent redonner de la valeur aux v\u00eatements ainsi qu&#8217;\u00e0 toutes les personnes qui participent \u00e0 la fabrication de leurs produits est pour nous primordial.<br \/>\n&#8211; <a href=\"https:\/\/www.etsy.com\/fr\/shop\/AnaTeshop\">Ana T<\/a> : Cr\u00e9atrice parisienne d&#8217;adoption, Ana T brode vos messages et motifs personnalis\u00e9s sur t-shirts, casquettes et accessoires en tout genre ! Elle consid\u00e8re la broderie comme un moyen de donner une nouvelle vie \u00e0 nos v\u00eatements. Elle animera un atelier pour vous le prouver !<br \/>\n&#8211; D&#8217;autres merveilleuses cr\u00e9atrices \u00e0 venir !<\/p>\n<p>&#x1f516; <strong>Attention places limit\u00e9es, il faudra bien penser \u00e0 r\u00e9server vos places<\/strong><\/p>\n<p><span class=\"c-emoji c-emoji__medium c-emoji--inline\" data-qa=\"emoji\" data-sk=\"tooltip_parent\"><img decoding=\"async\" src=\"https:\/\/a.slack-edge.com\/production-standard-emoji-assets\/13.0\/apple-medium\/1f4cd.png\" alt=\":\u00e9pingle2:\" aria-label=\"\u00c9moji \u00e9pingle2\" data-stringify-type=\"emoji\" data-stringify-emoji=\":round_pushpin:\" \/><\/span>\u00a0<strong>Sist&#8217;her Paris<\/strong>, 82 rue du Faubourg St Martin<br \/>\nOuvert en mars 2021, Sist\u2019Her est le premier tiers-lieu d\u00e9di\u00e9 \u00e0 toutes celles qui souhaitent fa\u00e7onner le monde\u00a0<span class=\"c-emoji c-emoji__medium c-emoji--inline\" data-qa=\"emoji\" data-sk=\"tooltip_parent\"><img decoding=\"async\" src=\"https:\/\/a.slack-edge.com\/production-standard-emoji-assets\/13.0\/apple-medium\/1f30e.png\" alt=\":am\u00e9riques:\" aria-label=\"\u00c9moji am\u00e9riques\" data-stringify-type=\"emoji\" data-stringify-emoji=\":earth_americas:\" \/><\/span>. Port\u00e9 par l\u2019association Empow\u2019Her, c\u2019est un lieu de vie bienveillant et joyeux, ouvert \u00e0 tou\u00b7te\u00b7s o\u00f9 il est possible de se former, cr\u00e9er et se rencontrer.\u00a0<span class=\"c-emoji c-emoji__medium c-emoji--inline\" data-qa=\"emoji\" data-sk=\"tooltip_parent\"><img decoding=\"async\" src=\"https:\/\/a.slack-edge.com\/production-standard-emoji-assets\/13.0\/apple-medium\/1f3e1.png\" alt=\":maison_avec_jardin:\" aria-label=\"\u00c9moji maison avec jardin\" data-stringify-type=\"emoji\" data-stringify-emoji=\":house_with_garden:\" \/><\/span><br \/>\nCe projet est co-financ\u00e9 par le Fonds Social Europ\u00e9en<\/p>\n<p>Ce projet est co-financ\u00e9 par le Fonds Social Europ\u00e9en.<\/p>\n<p><img decoding=\"async\" class=\"\" src=\"https:\/\/www.sep-asso.fr\/wp-content\/uploads\/2018\/02\/logo-union-europeenne.png\" alt=\"logo union europeenne \u2013 SEP\" width=\"87\" height=\"72\" \/>\u00a0\u00a0<img decoding=\"async\" class=\"alignnone wp-image-15218\" src=\"https:\/\/empow-her.com\/wp-content\/uploads\/2021\/06\/logo_fonds_social_europeen-300x187.png\" alt=\"\" width=\"104\" height=\"65\" srcset=\"https:\/\/empow-her.com\/wp-content\/uploads\/2021\/06\/logo_fonds_social_europeen-300x187.png 300w, https:\/\/empow-her.com\/wp-content\/uploads\/2021\/06\/logo_fonds_social_europeen-600x375.png 600w, https:\/\/empow-her.com\/wp-content\/uploads\/2021\/06\/logo_fonds_social_europeen-24x15.png 24w, https:\/\/empow-her.com\/wp-content\/uploads\/2021\/06\/logo_fonds_social_europeen-36x22.png 36w, https:\/\/empow-her.com\/wp-content\/uploads\/2021\/06\/logo_fonds_social_europeen-48x30.png 48w, https:\/\/empow-her.com\/wp-content\/uploads\/2021\/06\/logo_fonds_social_europeen.png 666w\" sizes=\"(max-width: 104px) 100vw, 104px\" \/> <img decoding=\"async\" class=\"\" src=\"https:\/\/franceactive-idf.org\/wp-content\/uploads\/2020\/02\/logo-region-ile-de-france.png\" alt=\"Logo Region Ile De France - France Active \u00cele-de-France\" width=\"126\" height=\"29\" \/><\/p>\n","protected":false},"excerpt":{"rendered":"<p>&#x1f4e3; Empow&#8217;her organise son premier march\u00e9 de cr\u00e9atrices chez Sist&#8217;her Paris ! Un march\u00e9 plac\u00e9 sous le signe de l&#8217;upcycling pour passer un \u00e9t\u00e9 styl\u00e9 sans \u00e9mettre de d\u00e9chets ! <span class=\"c-emoji c-emoji__medium c-emoji--inline\" data-qa=\"emoji\" data-sk=\"tooltip_parent\"><img decoding=\"async\" src=\"https:\/\/a.slack-edge.com\/production-standard-emoji-assets\/13.0\/apple-medium\/1f5d1-fe0f.png\" alt=\":corbeille:\" aria-label=\"\u00c9moji corbeille\" data-stringify-type=\"emoji\" data-stringify-emoji=\":wastebasket:\" \/><\/span><\/p>\n<p>Viens d\u00e9couvrir des cr\u00e9atrices ancr\u00e9es dans l&#8217;\u00e9conomie circulaire et upcycle ton \u00e9t\u00e9 ! Petites robes\u00a0<span class=\"c-emoji c-emoji__medium c-emoji--inline\" data-qa=\"emoji\" data-sk=\"tooltip_parent\"><img decoding=\"async\" src=\"https:\/\/a.slack-edge.com\/production-standard-emoji-assets\/13.0\/apple-medium\/1f457.png\" alt=\":robe:\" aria-label=\"\u00c9moji robe\" data-stringify-type=\"emoji\" data-stringify-emoji=\":dress:\" \/><\/span>\u00a0cr\u00e9\u00e9es \u00e0 partir de chutes de tissus, broderies, mobilier pimp\u00e9\u00a0<span class=\"c-emoji c-emoji__medium c-emoji--inline\" data-qa=\"emoji\" data-sk=\"tooltip_parent\"><img decoding=\"async\" src=\"https:\/\/a.slack-edge.com\/production-standard-emoji-assets\/13.0\/apple-medium\/1fa91.png\" alt=\":chaise:\" aria-label=\"\u00c9moji chaise\" data-stringify-type=\"emoji\" data-stringify-emoji=\":chair:\" \/><\/span>\u00a0et accessoires transform\u00e9s, tu trouveras ton bonheur pour embellir ton int\u00e9rieur et ton dressing sans culpabiliser sur ton impact !<\/p>\n<p>Tu pourras aussi participer tout au long de la journ\u00e9e \u00e0 des ateliers <span class=\"c-emoji c-emoji__medium c-emoji--inline\" data-qa=\"emoji\" data-sk=\"tooltip_parent\"><img decoding=\"async\" src=\"https:\/\/a.slack-edge.com\/production-standard-emoji-assets\/13.0\/apple-medium\/1faa1.png\" alt=\":aiguille_\u00e0_coudre:\" aria-label=\"\u00c9moji aiguille \u00e0 coudre\" data-stringify-type=\"emoji\" data-stringify-emoji=\":sewing_needle:\" \/><\/span> pour redonner un coup de neuf \u00e0 tes vieux v\u00eatements ou r\u00e9utiliser tes chaussettes orphelines. Planning et r\u00e9servation pour les ateliers \u00e0 venir !<\/p>\n<p>Exposantes :<br \/>\n&#8211; <a href=\"http:\/\/www.homonoia-paris.com\">Homono\u00efa<\/a> : Cr\u00e9\u00e9 par Audrey et Etienne, 2 amis d&#8217;enfance, Homono\u00efa propose des v\u00eatements et accessoires issus d&#8217;une production upcycling et con\u00e7us en r\u00e9gion parisienne en atelier d&#8217;insertion. Ils souhaitent redonner de la valeur aux v\u00eatements ainsi qu&#8217;\u00e0 toutes les personnes qui participent \u00e0 la fabrication de leurs produits est pour nous primordial.<br \/>\n&#8211; <a href=\"https:\/\/www.etsy.com\/fr\/shop\/AnaTeshop\">Ana T<\/a> : Cr\u00e9atrice parisienne d&#8217;adoption, Ana T brode vos messages et motifs personnalis\u00e9s sur t-shirts, casquettes et accessoires en tout genre ! Elle consid\u00e8re la broderie comme un moyen de donner une nouvelle vie \u00e0 nos v\u00eatements. Elle animera un atelier pour vous le prouver !<br \/>\n&#8211; D&#8217;autres merveilleuses cr\u00e9atrices \u00e0 venir !<\/p>\n<p>&#x1f516; <strong>Attention places limit\u00e9es, il faudra bien penser \u00e0 r\u00e9server vos places<\/strong><\/p>\n<p><span class=\"c-emoji c-emoji__medium c-emoji--inline\" data-qa=\"emoji\" data-sk=\"tooltip_parent\"><img decoding=\"async\" src=\"https:\/\/a.slack-edge.com\/production-standard-emoji-assets\/13.0\/apple-medium\/1f4cd.png\" alt=\":\u00e9pingle2:\" aria-label=\"\u00c9moji \u00e9pingle2\" data-stringify-type=\"emoji\" data-stringify-emoji=\":round_pushpin:\" \/><\/span>\u00a0<strong>Sist&#8217;her Paris<\/strong>, 82 rue du Faubourg St Martin<br \/>\nOuvert en mars 2021, Sist\u2019Her est le premier tiers-lieu d\u00e9di\u00e9 \u00e0 toutes celles qui souhaitent fa\u00e7onner le monde\u00a0<span class=\"c-emoji c-emoji__medium c-emoji--inline\" data-qa=\"emoji\" data-sk=\"tooltip_parent\"><img decoding=\"async\" src=\"https:\/\/a.slack-edge.com\/production-standard-emoji-assets\/13.0\/apple-medium\/1f30e.png\" alt=\":am\u00e9riques:\" aria-label=\"\u00c9moji am\u00e9riques\" data-stringify-type=\"emoji\" data-stringify-emoji=\":earth_americas:\" \/><\/span>. Port\u00e9 par l\u2019association Empow\u2019Her, c\u2019est un lieu de vie bienveillant et joyeux, ouvert \u00e0 tou\u00b7te\u00b7s o\u00f9 il est possible de se former, cr\u00e9er et se rencontrer.\u00a0<span class=\"c-emoji c-emoji__medium c-emoji--inline\" data-qa=\"emoji\" data-sk=\"tooltip_parent\"><img decoding=\"async\" src=\"https:\/\/a.slack-edge.com\/production-standard-emoji-assets\/13.0\/apple-medium\/1f3e1.png\" alt=\":maison_avec_jardin:\" aria-label=\"\u00c9moji maison avec jardin\" data-stringify-type=\"emoji\" data-stringify-emoji=\":house_with_garden:\" \/><\/span><br \/>\nCe projet est co-financ\u00e9 par le Fonds Social Europ\u00e9en<\/p>\n<p>Ce projet est co-financ\u00e9 par le Fonds Social Europ\u00e9en.<\/p>\n<p><img decoding=\"async\" class=\"\" src=\"https:\/\/www.sep-asso.fr\/wp-content\/uploads\/2018\/02\/logo-union-europeenne.png\" alt=\"logo union europeenne \u2013 SEP\" width=\"87\" height=\"72\" \/>\u00a0\u00a0<img decoding=\"async\" class=\"alignnone wp-image-15218\" src=\"https:\/\/empow-her.com\/wp-content\/uploads\/2021\/06\/logo_fonds_social_europeen-300x187.png\" alt=\"\" width=\"104\" height=\"65\" srcset=\"https:\/\/empow-her.com\/wp-content\/uploads\/2021\/06\/logo_fonds_social_europeen-300x187.png 300w, https:\/\/empow-her.com\/wp-content\/uploads\/2021\/06\/logo_fonds_social_europeen-600x375.png 600w, https:\/\/empow-her.com\/wp-content\/uploads\/2021\/06\/logo_fonds_social_europeen-24x15.png 24w, https:\/\/empow-her.com\/wp-content\/uploads\/2021\/06\/logo_fonds_social_europeen-36x22.png 36w, https:\/\/empow-her.com\/wp-content\/uploads\/2021\/06\/logo_fonds_social_europeen-48x30.png 48w, https:\/\/empow-her.com\/wp-content\/uploads\/2021\/06\/logo_fonds_social_europeen.png 666w\" sizes=\"(max-width: 104px) 100vw, 104px\" \/> <img decoding=\"async\" class=\"\" src=\"https:\/\/franceactive-idf.org\/wp-content\/uploads\/2020\/02\/logo-region-ile-de-france.png\" alt=\"Logo Region Ile De France - France Active \u00cele-de-France\" width=\"126\" height=\"29\" \/><\/p>\n","protected":false},"featured_media":0,"template":"","format":"standard","meta":{"_acf_changed":false,"om_disable_all_campaigns":false,"_uf_show_specific_survey":0,"_uf_disable_surveys":false},"product_brand":[],"product_cat":[119],"product_tag":[],"lieu":[127],"thematiques":[],"class_list":{"0":"post-15514","1":"product","2":"type-product","3":"status-publish","4":"format-standard","6":"product_cat-evenement-sisther","7":"lieu-hub-empowher","9":"first","10":"instock","11":"virtual","12":"purchasable","13":"product-type-appointment"},"exclude_global_add_ons":[],"addons":[],"acf":[],"yoast_head":"<!-- This site is optimized with the Yoast SEO plugin v24.8 - https:\/\/yoast.com\/wordpress\/plugins\/seo\/ -->\n<title>Le March\u00e9 Empow&#039;her : Upcycle ton \u00e9t\u00e9 ! - Empow&#039;Her<\/title>\n<meta name=\"robots\" content=\"index, follow, max-snippet:-1, max-image-preview:large, max-video-preview:-1\" \/>\n<link rel=\"canonical\" href=\"https:\/\/empow-her.com\/es\/produit\/le-marche-empowher-upcycle-ton-ete\/\" \/>\n<meta property=\"og:locale\" content=\"en_US\" \/>\n<meta property=\"og:type\" content=\"article\" \/>\n<meta property=\"og:title\" content=\"Le March\u00e9 Empow&#039;her : Upcycle ton \u00e9t\u00e9 ! - Empow&#039;Her\" \/>\n<meta property=\"og:description\" content=\"&#x1f4e3; Empow&#039;her organise son premier march\u00e9 de cr\u00e9atrices chez Sist&#039;her Paris ! Un march\u00e9 plac\u00e9 sous le signe de l&#039;upcycling pour passer un \u00e9t\u00e9 styl\u00e9 sans \u00e9mettre de d\u00e9chets !   Viens d\u00e9couvrir des cr\u00e9atrices ancr\u00e9es dans l&#039;\u00e9conomie circulaire et upcycle ton \u00e9t\u00e9 ! Petites robes\u00a0\u00a0cr\u00e9\u00e9es \u00e0 partir de chutes de tissus, broderies, mobilier pimp\u00e9\u00a0\u00a0et accessoires transform\u00e9s, tu trouveras ton bonheur pour embellir ton int\u00e9rieur et ton dressing sans culpabiliser sur ton impact !  Tu pourras aussi participer tout au long de la journ\u00e9e \u00e0 des ateliers pour redonner un coup de neuf \u00e0 tes vieux v\u00eatements ou r\u00e9utiliser tes chaussettes orphelines. Planning et r\u00e9servation pour les ateliers \u00e0 venir !  Exposantes : - Homono\u00efa : Cr\u00e9\u00e9 par Audrey et Etienne, 2 amis d&#039;enfance, Homono\u00efa propose des v\u00eatements et accessoires issus d&#039;une production upcycling et con\u00e7us en r\u00e9gion parisienne en atelier d&#039;insertion. Ils souhaitent redonner de la valeur aux v\u00eatements ainsi qu&#039;\u00e0 toutes les personnes qui participent \u00e0 la fabrication de leurs produits est pour nous primordial. - Ana T : Cr\u00e9atrice parisienne d&#039;adoption, Ana T brode vos messages et motifs personnalis\u00e9s sur t-shirts, casquettes et accessoires en tout genre ! Elle consid\u00e8re la broderie comme un moyen de donner une nouvelle vie \u00e0 nos v\u00eatements. Elle animera un atelier pour vous le prouver ! - D&#039;autres merveilleuses cr\u00e9atrices \u00e0 venir !  &#x1f516; Attention places limit\u00e9es, il faudra bien penser \u00e0 r\u00e9server vos places  \u00a0Sist&#039;her Paris, 82 rue du Faubourg St Martin Ouvert en mars 2021, Sist\u2019Her est le premier tiers-lieu d\u00e9di\u00e9 \u00e0 toutes celles qui souhaitent fa\u00e7onner le monde\u00a0. Port\u00e9 par l\u2019association Empow\u2019Her, c\u2019est un lieu de vie bienveillant et joyeux, ouvert \u00e0 tou\u00b7te\u00b7s o\u00f9 il est possible de se former, cr\u00e9er et se rencontrer.\u00a0 Ce projet est co-financ\u00e9 par le Fonds Social Europ\u00e9en  Ce projet est co-financ\u00e9 par le Fonds Social Europ\u00e9en.  \u00a0\u00a0\" \/>\n<meta property=\"og:url\" content=\"https:\/\/empow-her.com\/es\/produit\/le-marche-empowher-upcycle-ton-ete\/\" \/>\n<meta property=\"og:site_name\" content=\"Empow&#039;Her\" \/>\n<meta property=\"article:modified_time\" content=\"2021-07-06T09:40:53+00:00\" \/>\n<meta property=\"og:image\" content=\"https:\/\/a.slack-edge.com\/production-standard-emoji-assets\/13.0\/apple-medium\/1f5d1-fe0f.png\" \/>\n<meta name=\"twitter:card\" content=\"summary_large_image\" \/>\n<meta name=\"twitter:label1\" content=\"Est. reading time\" \/>\n\t<meta name=\"twitter:data1\" content=\"4 minutes\" \/>\n<script type=\"application\/ld+json\" class=\"yoast-schema-graph\">{\"@context\":\"https:\/\/schema.org\",\"@graph\":[{\"@type\":\"WebPage\",\"@id\":\"https:\/\/empow-her.com\/es\/produit\/le-marche-empowher-upcycle-ton-ete\/\",\"url\":\"https:\/\/empow-her.com\/es\/produit\/le-marche-empowher-upcycle-ton-ete\/\",\"name\":\"Le March\u00e9 Empow'her : Upcycle ton \u00e9t\u00e9 ! - Empow&#039;Her\",\"isPartOf\":{\"@id\":\"https:\/\/empow-her.com\/#website\"},\"primaryImageOfPage\":{\"@id\":\"https:\/\/empow-her.com\/es\/produit\/le-marche-empowher-upcycle-ton-ete\/#primaryimage\"},\"image\":{\"@id\":\"https:\/\/empow-her.com\/es\/produit\/le-marche-empowher-upcycle-ton-ete\/#primaryimage\"},\"thumbnailUrl\":\"https:\/\/a.slack-edge.com\/production-standard-emoji-assets\/13.0\/apple-medium\/1f5d1-fe0f.png\",\"datePublished\":\"2021-06-25T17:21:19+00:00\",\"dateModified\":\"2021-07-06T09:40:53+00:00\",\"breadcrumb\":{\"@id\":\"https:\/\/empow-her.com\/es\/produit\/le-marche-empowher-upcycle-ton-ete\/#breadcrumb\"},\"inLanguage\":\"en-US\",\"potentialAction\":[{\"@type\":\"ReadAction\",\"target\":[\"https:\/\/empow-her.com\/es\/produit\/le-marche-empowher-upcycle-ton-ete\/\"]}]},{\"@type\":\"ImageObject\",\"inLanguage\":\"en-US\",\"@id\":\"https:\/\/empow-her.com\/es\/produit\/le-marche-empowher-upcycle-ton-ete\/#primaryimage\",\"url\":\"https:\/\/a.slack-edge.com\/production-standard-emoji-assets\/13.0\/apple-medium\/1f5d1-fe0f.png\",\"contentUrl\":\"https:\/\/a.slack-edge.com\/production-standard-emoji-assets\/13.0\/apple-medium\/1f5d1-fe0f.png\"},{\"@type\":\"BreadcrumbList\",\"@id\":\"https:\/\/empow-her.com\/es\/produit\/le-marche-empowher-upcycle-ton-ete\/#breadcrumb\",\"itemListElement\":[{\"@type\":\"ListItem\",\"position\":1,\"name\":\"Accueil\",\"item\":\"https:\/\/empow-her.com\/en\/landing-page\/\"},{\"@type\":\"ListItem\",\"position\":2,\"name\":\"LA BOUTIQUE\",\"item\":\"https:\/\/empow-her.com\/boutique\/\"},{\"@type\":\"ListItem\",\"position\":3,\"name\":\"Le March\u00e9 Empow&#8217;her : Upcycle ton \u00e9t\u00e9 !\"}]},{\"@type\":\"WebSite\",\"@id\":\"https:\/\/empow-her.com\/#website\",\"url\":\"https:\/\/empow-her.com\/\",\"name\":\"Empow&#039;Her\",\"description\":\"Women Development\",\"potentialAction\":[{\"@type\":\"SearchAction\",\"target\":{\"@type\":\"EntryPoint\",\"urlTemplate\":\"https:\/\/empow-her.com\/?s={search_term_string}\"},\"query-input\":{\"@type\":\"PropertyValueSpecification\",\"valueRequired\":true,\"valueName\":\"search_term_string\"}}],\"inLanguage\":\"en-US\"}]}<\/script>\n<!-- \/ Yoast SEO plugin. -->","yoast_head_json":{"title":"Le March\u00e9 Empow'her : Upcycle ton \u00e9t\u00e9 ! - Empow&#039;Her","robots":{"index":"index","follow":"follow","max-snippet":"max-snippet:-1","max-image-preview":"max-image-preview:large","max-video-preview":"max-video-preview:-1"},"canonical":"https:\/\/empow-her.com\/es\/produit\/le-marche-empowher-upcycle-ton-ete\/","og_locale":"en_US","og_type":"article","og_title":"Le March\u00e9 Empow'her : Upcycle ton \u00e9t\u00e9 ! - Empow&#039;Her","og_description":"&#x1f4e3; Empow'her organise son premier march\u00e9 de cr\u00e9atrices chez Sist'her Paris ! Un march\u00e9 plac\u00e9 sous le signe de l'upcycling pour passer un \u00e9t\u00e9 styl\u00e9 sans \u00e9mettre de d\u00e9chets !   Viens d\u00e9couvrir des cr\u00e9atrices ancr\u00e9es dans l'\u00e9conomie circulaire et upcycle ton \u00e9t\u00e9 ! Petites robes\u00a0\u00a0cr\u00e9\u00e9es \u00e0 partir de chutes de tissus, broderies, mobilier pimp\u00e9\u00a0\u00a0et accessoires transform\u00e9s, tu trouveras ton bonheur pour embellir ton int\u00e9rieur et ton dressing sans culpabiliser sur ton impact !  Tu pourras aussi participer tout au long de la journ\u00e9e \u00e0 des ateliers pour redonner un coup de neuf \u00e0 tes vieux v\u00eatements ou r\u00e9utiliser tes chaussettes orphelines. Planning et r\u00e9servation pour les ateliers \u00e0 venir !  Exposantes : - Homono\u00efa : Cr\u00e9\u00e9 par Audrey et Etienne, 2 amis d'enfance, Homono\u00efa propose des v\u00eatements et accessoires issus d'une production upcycling et con\u00e7us en r\u00e9gion parisienne en atelier d'insertion. Ils souhaitent redonner de la valeur aux v\u00eatements ainsi qu'\u00e0 toutes les personnes qui participent \u00e0 la fabrication de leurs produits est pour nous primordial. - Ana T : Cr\u00e9atrice parisienne d'adoption, Ana T brode vos messages et motifs personnalis\u00e9s sur t-shirts, casquettes et accessoires en tout genre ! Elle consid\u00e8re la broderie comme un moyen de donner une nouvelle vie \u00e0 nos v\u00eatements. Elle animera un atelier pour vous le prouver ! - D'autres merveilleuses cr\u00e9atrices \u00e0 venir !  &#x1f516; Attention places limit\u00e9es, il faudra bien penser \u00e0 r\u00e9server vos places  \u00a0Sist'her Paris, 82 rue du Faubourg St Martin Ouvert en mars 2021, Sist\u2019Her est le premier tiers-lieu d\u00e9di\u00e9 \u00e0 toutes celles qui souhaitent fa\u00e7onner le monde\u00a0. Port\u00e9 par l\u2019association Empow\u2019Her, c\u2019est un lieu de vie bienveillant et joyeux, ouvert \u00e0 tou\u00b7te\u00b7s o\u00f9 il est possible de se former, cr\u00e9er et se rencontrer.\u00a0 Ce projet est co-financ\u00e9 par le Fonds Social Europ\u00e9en  Ce projet est co-financ\u00e9 par le Fonds Social Europ\u00e9en.  \u00a0\u00a0","og_url":"https:\/\/empow-her.com\/es\/produit\/le-marche-empowher-upcycle-ton-ete\/","og_site_name":"Empow&#039;Her","article_modified_time":"2021-07-06T09:40:53+00:00","og_image":[{"url":"https:\/\/a.slack-edge.com\/production-standard-emoji-assets\/13.0\/apple-medium\/1f5d1-fe0f.png","type":"","width":"","height":""}],"twitter_card":"summary_large_image","twitter_misc":{"Est. reading time":"4 minutes"},"schema":{"@context":"https:\/\/schema.org","@graph":[{"@type":"WebPage","@id":"https:\/\/empow-her.com\/es\/produit\/le-marche-empowher-upcycle-ton-ete\/","url":"https:\/\/empow-her.com\/es\/produit\/le-marche-empowher-upcycle-ton-ete\/","name":"Le March\u00e9 Empow'her : Upcycle ton \u00e9t\u00e9 ! - Empow&#039;Her","isPartOf":{"@id":"https:\/\/empow-her.com\/#website"},"primaryImageOfPage":{"@id":"https:\/\/empow-her.com\/es\/produit\/le-marche-empowher-upcycle-ton-ete\/#primaryimage"},"image":{"@id":"https:\/\/empow-her.com\/es\/produit\/le-marche-empowher-upcycle-ton-ete\/#primaryimage"},"thumbnailUrl":"https:\/\/a.slack-edge.com\/production-standard-emoji-assets\/13.0\/apple-medium\/1f5d1-fe0f.png","datePublished":"2021-06-25T17:21:19+00:00","dateModified":"2021-07-06T09:40:53+00:00","breadcrumb":{"@id":"https:\/\/empow-her.com\/es\/produit\/le-marche-empowher-upcycle-ton-ete\/#breadcrumb"},"inLanguage":"en-US","potentialAction":[{"@type":"ReadAction","target":["https:\/\/empow-her.com\/es\/produit\/le-marche-empowher-upcycle-ton-ete\/"]}]},{"@type":"ImageObject","inLanguage":"en-US","@id":"https:\/\/empow-her.com\/es\/produit\/le-marche-empowher-upcycle-ton-ete\/#primaryimage","url":"https:\/\/a.slack-edge.com\/production-standard-emoji-assets\/13.0\/apple-medium\/1f5d1-fe0f.png","contentUrl":"https:\/\/a.slack-edge.com\/production-standard-emoji-assets\/13.0\/apple-medium\/1f5d1-fe0f.png"},{"@type":"BreadcrumbList","@id":"https:\/\/empow-her.com\/es\/produit\/le-marche-empowher-upcycle-ton-ete\/#breadcrumb","itemListElement":[{"@type":"ListItem","position":1,"name":"Accueil","item":"https:\/\/empow-her.com\/en\/landing-page\/"},{"@type":"ListItem","position":2,"name":"LA BOUTIQUE","item":"https:\/\/empow-her.com\/boutique\/"},{"@type":"ListItem","position":3,"name":"Le March\u00e9 Empow&#8217;her : Upcycle ton \u00e9t\u00e9 !"}]},{"@type":"WebSite","@id":"https:\/\/empow-her.com\/#website","url":"https:\/\/empow-her.com\/","name":"Empow&#039;Her","description":"Women Development","potentialAction":[{"@type":"SearchAction","target":{"@type":"EntryPoint","urlTemplate":"https:\/\/empow-her.com\/?s={search_term_string}"},"query-input":{"@type":"PropertyValueSpecification","valueRequired":true,"valueName":"search_term_string"}}],"inLanguage":"en-US"}]}},"_links":{"self":[{"href":"https:\/\/empow-her.com\/en\/wp-json\/wp\/v2\/product\/15514","targetHints":{"allow":["GET"]}}],"collection":[{"href":"https:\/\/empow-her.com\/en\/wp-json\/wp\/v2\/product"}],"about":[{"href":"https:\/\/empow-her.com\/en\/wp-json\/wp\/v2\/types\/product"}],"wp:attachment":[{"href":"https:\/\/empow-her.com\/en\/wp-json\/wp\/v2\/media?parent=15514"}],"wp:term":[{"taxonomy":"product_brand","embeddable":true,"href":"https:\/\/empow-her.com\/en\/wp-json\/wp\/v2\/product_brand?post=15514"},{"taxonomy":"product_cat","embeddable":true,"href":"https:\/\/empow-her.com\/en\/wp-json\/wp\/v2\/product_cat?post=15514"},{"taxonomy":"product_tag","embeddable":true,"href":"https:\/\/empow-her.com\/en\/wp-json\/wp\/v2\/product_tag?post=15514"},{"taxonomy":"lieu","embeddable":true,"href":"https:\/\/empow-her.com\/en\/wp-json\/wp\/v2\/lieu?post=15514"},{"taxonomy":"thematiques","embeddable":true,"href":"https:\/\/empow-her.com\/en\/wp-json\/wp\/v2\/thematiques?post=15514"}],"curies":[{"name":"wp","href":"https:\/\/api.w.org\/{rel}","templated":true}]}}