{"id":154362,"date":"2023-04-05T15:23:30","date_gmt":"2023-04-05T13:23:30","guid":{"rendered":"https:\/\/empow-her.com\/?post_type=product&#038;p=154362"},"modified":"2023-04-07T11:54:33","modified_gmt":"2023-04-07T09:54:33","slug":"formation-au-sorority-show","status":"publish","type":"product","link":"https:\/\/empow-her.com\/en\/produit\/formation-au-sorority-show\/","title":{"rendered":"Formation au Sorority Show"},"content":{"rendered":"<div>Apprends \u00e0 animer ta communaut\u00e9 d&#8217;entrepreneures avec le Sorority Show !<\/div>\n<div><\/div>\n<div>Le Sorority Show K\u00e9sako ?<\/div>\n<div>&#x2728; C&#8217;est un outil cr\u00e9\u00e9 par et pour les entrepreneures qui\u00a0s\u2019adresse \u00e0 aux porteuses de projets et entrepreneures de tout stade d&#8217;avancement, tout secteur, sans pr\u00e9-requis. Il s\u2019adresse \u00e0 celles qui n\u2019ont pas l\u2019impression d\u2019\u00eatre \u00e0 leur place \u00e0 un \u00e9v\u00e8nement de networking entre entrepreneures, \u00e0 celles qui se sont d\u00e9j\u00e0 sentie mal \u00e0 l\u2019aise en parlant de leur projet face \u00e0 un jury, banquier ou \u00e0 un.e proche.<\/div>\n<div><\/div>\n<div>&#x1f929; Naviguer dans le secteur entrepreneurial n\u2019est pas chose facile pourtant vous \u00eates toujours plus nombreuses \u00e0 vous lancer alors bousculons les codes et cr\u00e9ons un secteur qui nous ressemble.<\/div>\n<div>\n<p>L&#8217;objectif de la session est de faciliter l&#8217;entraide, en cr\u00e9ant (vraiment !) un espace bienveillant et en donnant des outils aux participantes pour se challenger et progresser ensemble.&#xfe0f; . \u00c0 chaque session, 2 \u00e0 4 porteuses de projets se font challenger par leurs paires pour b\u00e9n\u00e9ficier de retours utiles et concrets. Nous croyons au pouvoir de l&#8217;intelligence collective et souhaitons permettre \u00e0 chacune de trouver sa place dans l&#8217;aventure entrepreneuriale. &#x1f91d;<\/p>\n<p>&#x1f44b; Rejoignez nous, <strong>le jeudi 27 avril de 11H30 \u00e0 13H en ligne<\/strong> pour apprendre \u00e0 utiliser cet outil et cr\u00e9er une communaut\u00e9 d&#8217;entraide et de bienveillance autour de toi.<\/p>\n<\/div>\n<div class=\"l7ghb35v kjdc1dyq kmwttqpk gh25dzvf jikcssrz\"><strong>Infos pratiques<\/strong><br \/>\n<span class=\"fxk3tzhb b2rh1bv3 gh55jysx m8h3af8h ewco64xe kjdc1dyq ms56khn7 bq6c9xl4 eohcrkr5 akh3l2rg\"><img decoding=\"async\" src=\"https:\/\/static.xx.fbcdn.net\/images\/emoji.php\/v9\/td7\/1.5\/16\/1f4c5.png\" alt=\"&#x1f4c5;\" width=\"16\" height=\"16\" \/><\/span> L\u2019\u00e9v\u00e9nement se d\u00e9roulera le jeudi 27 avril de 11h30 \u00e0 13h.<br \/>\n<span class=\"fxk3tzhb b2rh1bv3 gh55jysx m8h3af8h ewco64xe kjdc1dyq ms56khn7 bq6c9xl4 eohcrkr5 akh3l2rg\"><img decoding=\"async\" src=\"https:\/\/static.xx.fbcdn.net\/images\/emoji.php\/v9\/t8b\/1.5\/16\/1f516.png\" alt=\"&#x1f516;\" width=\"16\" height=\"16\" \/><\/span> R\u00e9servation gratuite obligatoire<br \/>\n<span class=\"fxk3tzhb b2rh1bv3 gh55jysx m8h3af8h ewco64xe kjdc1dyq ms56khn7 bq6c9xl4 eohcrkr5 akh3l2rg\"><img decoding=\"async\" src=\"https:\/\/static.xx.fbcdn.net\/images\/emoji.php\/v9\/t86\/1.5\/16\/1f4cd.png\" alt=\"&#x1f4cd;\" width=\"16\" height=\"16\" \/><\/span> En ligne<\/div>\n<div><\/div>\n<div class=\"l7ghb35v kjdc1dyq kmwttqpk gh25dzvf jikcssrz\">Ouvert en mars 2021, Sist\u2019Her est le premier tiers-lieu sorore, d\u00e9di\u00e9 aux entrepreneuses et \u00e0 l&#8217;impact en \u00cele-de-France. Port\u00e9 par l\u2019association Empow\u2019Her, c\u2019est un lieu de formations et de rencontres inclusif et collaboratif. Ouvert \u00e0 tou\u00b7te\u00b7s o\u00f9 il est possible de se former, s\u2019inspirer, s\u2019engager et se rencontrer.<\/div>\n<div><\/div>\n<div class=\"l7ghb35v kjdc1dyq kmwttqpk gh25dzvf jikcssrz\">A tr\u00e8s vite ! <span class=\"fxk3tzhb b2rh1bv3 gh55jysx m8h3af8h ewco64xe kjdc1dyq ms56khn7 bq6c9xl4 eohcrkr5 akh3l2rg\"><img loading=\"lazy\" decoding=\"async\" src=\"https:\/\/static.xx.fbcdn.net\/images\/emoji.php\/v9\/t56\/1.5\/16\/1f64c.png\" alt=\"&#x1f64c;\" width=\"16\" height=\"16\" \/><\/span><\/div>\n","protected":false},"excerpt":{"rendered":"<div class=\"x11i5rnm xat24cr x1mh8g0r x1vvkbs xtlvy1s\">\n<div>Apprends \u00e0 animer ta communaut\u00e9 d&#8217;entrepreneures avec le Sorority Show !<\/div>\n<div><\/div>\n<div>Le Sorority Show K\u00e9sako ?<\/div>\n<div>&#x2728; C&#8217;est un outil cr\u00e9\u00e9 par et pour les entrepreneures qui\u00a0s\u2019adresse \u00e0 aux porteuses de projets et entrepreneures de tout stade d&#8217;avancement, tout secteur, sans pr\u00e9-requis. Il s\u2019adresse \u00e0 celles qui n\u2019ont pas l\u2019impression d\u2019\u00eatre \u00e0 leur place \u00e0 un \u00e9v\u00e8nement de networking entre entrepreneures, \u00e0 celles qui se sont d\u00e9j\u00e0 sentie mal \u00e0 l\u2019aise en parlant de leur projet face \u00e0 un jury, banquier ou \u00e0 un.e proche.<\/div>\n<div><\/div>\n<div>&#x1f929; Naviguer dans le secteur entrepreneurial n\u2019est pas chose facile pourtant vous \u00eates toujours plus nombreuses \u00e0 vous lancer alors bousculons les codes et cr\u00e9ons un secteur qui nous ressemble.<\/div>\n<div>\n<p>L&#8217;objectif de la session est de faciliter l&#8217;entraide, en cr\u00e9ant (vraiment !) un espace bienveillant et en donnant des outils aux participantes pour se challenger et progresser ensemble.&#xfe0f; . \u00c0 chaque session, 2 \u00e0 4 porteuses de projets se font challenger par leurs paires pour b\u00e9n\u00e9ficier de retours utiles et concrets. Nous croyons au pouvoir de l&#8217;intelligence collective et souhaitons permettre \u00e0 chacune de trouver sa place dans l&#8217;aventure entrepreneuriale. &#x1f91d;<\/p>\n<p>&#x1f44b; Rejoignez nous, <strong>le jeudi 27 avril de 11H30 \u00e0 13H en ligne<\/strong> pour apprendre \u00e0 utiliser cet outil et cr\u00e9er une communaut\u00e9 d&#8217;entraide et de bienveillance autour de toi.<\/p>\n<\/div>\n<div class=\"l7ghb35v kjdc1dyq kmwttqpk gh25dzvf jikcssrz\"><strong>Infos pratiques<\/strong><br \/>\n<span class=\"fxk3tzhb b2rh1bv3 gh55jysx m8h3af8h ewco64xe kjdc1dyq ms56khn7 bq6c9xl4 eohcrkr5 akh3l2rg\"><img decoding=\"async\" src=\"https:\/\/static.xx.fbcdn.net\/images\/emoji.php\/v9\/td7\/1.5\/16\/1f4c5.png\" alt=\"&#x1f4c5;\" width=\"16\" height=\"16\" \/><\/span> L\u2019\u00e9v\u00e9nement se d\u00e9roulera le jeudi 27 avril de 11h30 \u00e0 13h.<br \/>\n<span class=\"fxk3tzhb b2rh1bv3 gh55jysx m8h3af8h ewco64xe kjdc1dyq ms56khn7 bq6c9xl4 eohcrkr5 akh3l2rg\"><img decoding=\"async\" src=\"https:\/\/static.xx.fbcdn.net\/images\/emoji.php\/v9\/t8b\/1.5\/16\/1f516.png\" alt=\"&#x1f516;\" width=\"16\" height=\"16\" \/><\/span> R\u00e9servation gratuite obligatoire<br \/>\n<span class=\"fxk3tzhb b2rh1bv3 gh55jysx m8h3af8h ewco64xe kjdc1dyq ms56khn7 bq6c9xl4 eohcrkr5 akh3l2rg\"><img decoding=\"async\" src=\"https:\/\/static.xx.fbcdn.net\/images\/emoji.php\/v9\/t86\/1.5\/16\/1f4cd.png\" alt=\"&#x1f4cd;\" width=\"16\" height=\"16\" \/><\/span> En ligne<\/div>\n<div><\/div>\n<div class=\"l7ghb35v kjdc1dyq kmwttqpk gh25dzvf jikcssrz\">Ouvert en mars 2021, Sist\u2019Her est le premier tiers-lieu sorore, d\u00e9di\u00e9 aux entrepreneuses et \u00e0 l&#8217;impact en \u00cele-de-France. Port\u00e9 par l\u2019association Empow\u2019Her, c\u2019est un lieu de formations et de rencontres inclusif et collaboratif. Ouvert \u00e0 tou\u00b7te\u00b7s o\u00f9 il est possible de se former, s\u2019inspirer, s\u2019engager et se rencontrer.<\/div>\n<div><\/div>\n<div class=\"l7ghb35v kjdc1dyq kmwttqpk gh25dzvf jikcssrz\">A tr\u00e8s vite ! <span class=\"fxk3tzhb b2rh1bv3 gh55jysx m8h3af8h ewco64xe kjdc1dyq ms56khn7 bq6c9xl4 eohcrkr5 akh3l2rg\"><img loading=\"lazy\" decoding=\"async\" src=\"https:\/\/static.xx.fbcdn.net\/images\/emoji.php\/v9\/t56\/1.5\/16\/1f64c.png\" alt=\"&#x1f64c;\" width=\"16\" height=\"16\" \/><\/span><\/div>\n<\/div>\n","protected":false},"featured_media":155019,"template":"","format":"standard","meta":{"_acf_changed":false,"om_disable_all_campaigns":false,"_uf_show_specific_survey":0,"_uf_disable_surveys":false},"product_brand":[],"product_cat":[119],"product_tag":[],"lieu":[127],"thematiques":[],"class_list":{"0":"post-154362","1":"product","2":"type-product","3":"status-publish","4":"format-standard","5":"has-post-thumbnail","7":"product_cat-evenement-sisther","8":"lieu-hub-empowher","10":"first","11":"instock","12":"virtual","13":"purchasable","14":"product-type-appointment"},"exclude_global_add_ons":[],"addons":[],"acf":[],"yoast_head":"<!-- This site is optimized with the Yoast SEO plugin v24.8 - https:\/\/yoast.com\/wordpress\/plugins\/seo\/ -->\n<title>Formation au Sorority Show<\/title>\n<meta name=\"description\" content=\"Participe \u00e0 la formation au Sorority Show et apprends \u00e0 animer ta communaut\u00e9 d&#039;entrepreneures, le jeudi 27 avril de 11H30 \u00e0 13H en ligne.\" \/>\n<meta name=\"robots\" content=\"index, follow, max-snippet:-1, max-image-preview:large, max-video-preview:-1\" \/>\n<link rel=\"canonical\" href=\"https:\/\/empow-her.com\/produit\/formation-au-sorority-show\/\" \/>\n<meta property=\"og:locale\" content=\"en_US\" \/>\n<meta property=\"og:type\" content=\"article\" \/>\n<meta property=\"og:title\" content=\"Formation au Sorority Show\" \/>\n<meta property=\"og:description\" content=\"Participe \u00e0 la formation au Sorority Show et apprends \u00e0 animer ta communaut\u00e9 d&#039;entrepreneures, le jeudi 27 avril de 11H30 \u00e0 13H en ligne.\" \/>\n<meta property=\"og:url\" content=\"https:\/\/empow-her.com\/produit\/formation-au-sorority-show\/\" \/>\n<meta property=\"og:site_name\" content=\"Empow&#039;Her\" \/>\n<meta property=\"article:modified_time\" content=\"2023-04-07T09:54:33+00:00\" \/>\n<meta property=\"og:image\" content=\"https:\/\/empow-her.com\/wp-content\/uploads\/2023\/04\/VIGNETTES-SITE-INTERNET-5.png\" \/>\n\t<meta property=\"og:image:width\" content=\"1080\" \/>\n\t<meta property=\"og:image:height\" content=\"1080\" \/>\n\t<meta property=\"og:image:type\" content=\"image\/png\" \/>\n<meta name=\"twitter:card\" content=\"summary_large_image\" \/>\n<meta name=\"twitter:label1\" content=\"Est. reading time\" \/>\n\t<meta name=\"twitter:data1\" content=\"3 minutes\" \/>\n<script type=\"application\/ld+json\" class=\"yoast-schema-graph\">{\"@context\":\"https:\/\/schema.org\",\"@graph\":[{\"@type\":\"WebPage\",\"@id\":\"https:\/\/empow-her.com\/produit\/formation-au-sorority-show\/\",\"url\":\"https:\/\/empow-her.com\/produit\/formation-au-sorority-show\/\",\"name\":\"Formation au Sorority Show\",\"isPartOf\":{\"@id\":\"https:\/\/empow-her.com\/#website\"},\"primaryImageOfPage\":{\"@id\":\"https:\/\/empow-her.com\/produit\/formation-au-sorority-show\/#primaryimage\"},\"image\":{\"@id\":\"https:\/\/empow-her.com\/produit\/formation-au-sorority-show\/#primaryimage\"},\"thumbnailUrl\":\"https:\/\/empow-her.com\/wp-content\/uploads\/2023\/04\/VIGNETTES-SITE-INTERNET-5.png\",\"datePublished\":\"2023-04-05T13:23:30+00:00\",\"dateModified\":\"2023-04-07T09:54:33+00:00\",\"description\":\"Participe \u00e0 la formation au Sorority Show et apprends \u00e0 animer ta communaut\u00e9 d'entrepreneures, le jeudi 27 avril de 11H30 \u00e0 13H en ligne.\",\"breadcrumb\":{\"@id\":\"https:\/\/empow-her.com\/produit\/formation-au-sorority-show\/#breadcrumb\"},\"inLanguage\":\"en-US\",\"potentialAction\":[{\"@type\":\"ReadAction\",\"target\":[\"https:\/\/empow-her.com\/produit\/formation-au-sorority-show\/\"]}]},{\"@type\":\"ImageObject\",\"inLanguage\":\"en-US\",\"@id\":\"https:\/\/empow-her.com\/produit\/formation-au-sorority-show\/#primaryimage\",\"url\":\"https:\/\/empow-her.com\/wp-content\/uploads\/2023\/04\/VIGNETTES-SITE-INTERNET-5.png\",\"contentUrl\":\"https:\/\/empow-her.com\/wp-content\/uploads\/2023\/04\/VIGNETTES-SITE-INTERNET-5.png\",\"width\":1080,\"height\":1080},{\"@type\":\"BreadcrumbList\",\"@id\":\"https:\/\/empow-her.com\/produit\/formation-au-sorority-show\/#breadcrumb\",\"itemListElement\":[{\"@type\":\"ListItem\",\"position\":1,\"name\":\"Accueil\",\"item\":\"https:\/\/empow-her.com\/en\/landing-page\/\"},{\"@type\":\"ListItem\",\"position\":2,\"name\":\"LA BOUTIQUE\",\"item\":\"https:\/\/empow-her.com\/boutique\/\"},{\"@type\":\"ListItem\",\"position\":3,\"name\":\"Formation au Sorority Show\"}]},{\"@type\":\"WebSite\",\"@id\":\"https:\/\/empow-her.com\/#website\",\"url\":\"https:\/\/empow-her.com\/\",\"name\":\"Empow&#039;Her\",\"description\":\"Women Development\",\"potentialAction\":[{\"@type\":\"SearchAction\",\"target\":{\"@type\":\"EntryPoint\",\"urlTemplate\":\"https:\/\/empow-her.com\/?s={search_term_string}\"},\"query-input\":{\"@type\":\"PropertyValueSpecification\",\"valueRequired\":true,\"valueName\":\"search_term_string\"}}],\"inLanguage\":\"en-US\"}]}<\/script>\n<!-- \/ Yoast SEO plugin. -->","yoast_head_json":{"title":"Formation au Sorority Show","description":"Participe \u00e0 la formation au Sorority Show et apprends \u00e0 animer ta communaut\u00e9 d'entrepreneures, le jeudi 27 avril de 11H30 \u00e0 13H en ligne.","robots":{"index":"index","follow":"follow","max-snippet":"max-snippet:-1","max-image-preview":"max-image-preview:large","max-video-preview":"max-video-preview:-1"},"canonical":"https:\/\/empow-her.com\/produit\/formation-au-sorority-show\/","og_locale":"en_US","og_type":"article","og_title":"Formation au Sorority Show","og_description":"Participe \u00e0 la formation au Sorority Show et apprends \u00e0 animer ta communaut\u00e9 d'entrepreneures, le jeudi 27 avril de 11H30 \u00e0 13H en ligne.","og_url":"https:\/\/empow-her.com\/produit\/formation-au-sorority-show\/","og_site_name":"Empow&#039;Her","article_modified_time":"2023-04-07T09:54:33+00:00","og_image":[{"width":1080,"height":1080,"url":"https:\/\/empow-her.com\/wp-content\/uploads\/2023\/04\/VIGNETTES-SITE-INTERNET-5.png","type":"image\/png"}],"twitter_card":"summary_large_image","twitter_misc":{"Est. reading time":"3 minutes"},"schema":{"@context":"https:\/\/schema.org","@graph":[{"@type":"WebPage","@id":"https:\/\/empow-her.com\/produit\/formation-au-sorority-show\/","url":"https:\/\/empow-her.com\/produit\/formation-au-sorority-show\/","name":"Formation au Sorority Show","isPartOf":{"@id":"https:\/\/empow-her.com\/#website"},"primaryImageOfPage":{"@id":"https:\/\/empow-her.com\/produit\/formation-au-sorority-show\/#primaryimage"},"image":{"@id":"https:\/\/empow-her.com\/produit\/formation-au-sorority-show\/#primaryimage"},"thumbnailUrl":"https:\/\/empow-her.com\/wp-content\/uploads\/2023\/04\/VIGNETTES-SITE-INTERNET-5.png","datePublished":"2023-04-05T13:23:30+00:00","dateModified":"2023-04-07T09:54:33+00:00","description":"Participe \u00e0 la formation au Sorority Show et apprends \u00e0 animer ta communaut\u00e9 d'entrepreneures, le jeudi 27 avril de 11H30 \u00e0 13H en ligne.","breadcrumb":{"@id":"https:\/\/empow-her.com\/produit\/formation-au-sorority-show\/#breadcrumb"},"inLanguage":"en-US","potentialAction":[{"@type":"ReadAction","target":["https:\/\/empow-her.com\/produit\/formation-au-sorority-show\/"]}]},{"@type":"ImageObject","inLanguage":"en-US","@id":"https:\/\/empow-her.com\/produit\/formation-au-sorority-show\/#primaryimage","url":"https:\/\/empow-her.com\/wp-content\/uploads\/2023\/04\/VIGNETTES-SITE-INTERNET-5.png","contentUrl":"https:\/\/empow-her.com\/wp-content\/uploads\/2023\/04\/VIGNETTES-SITE-INTERNET-5.png","width":1080,"height":1080},{"@type":"BreadcrumbList","@id":"https:\/\/empow-her.com\/produit\/formation-au-sorority-show\/#breadcrumb","itemListElement":[{"@type":"ListItem","position":1,"name":"Accueil","item":"https:\/\/empow-her.com\/en\/landing-page\/"},{"@type":"ListItem","position":2,"name":"LA BOUTIQUE","item":"https:\/\/empow-her.com\/boutique\/"},{"@type":"ListItem","position":3,"name":"Formation au Sorority Show"}]},{"@type":"WebSite","@id":"https:\/\/empow-her.com\/#website","url":"https:\/\/empow-her.com\/","name":"Empow&#039;Her","description":"Women Development","potentialAction":[{"@type":"SearchAction","target":{"@type":"EntryPoint","urlTemplate":"https:\/\/empow-her.com\/?s={search_term_string}"},"query-input":{"@type":"PropertyValueSpecification","valueRequired":true,"valueName":"search_term_string"}}],"inLanguage":"en-US"}]}},"_links":{"self":[{"href":"https:\/\/empow-her.com\/en\/wp-json\/wp\/v2\/product\/154362","targetHints":{"allow":["GET"]}}],"collection":[{"href":"https:\/\/empow-her.com\/en\/wp-json\/wp\/v2\/product"}],"about":[{"href":"https:\/\/empow-her.com\/en\/wp-json\/wp\/v2\/types\/product"}],"wp:featuredmedia":[{"embeddable":true,"href":"https:\/\/empow-her.com\/en\/wp-json\/wp\/v2\/media\/155019"}],"wp:attachment":[{"href":"https:\/\/empow-her.com\/en\/wp-json\/wp\/v2\/media?parent=154362"}],"wp:term":[{"taxonomy":"product_brand","embeddable":true,"href":"https:\/\/empow-her.com\/en\/wp-json\/wp\/v2\/product_brand?post=154362"},{"taxonomy":"product_cat","embeddable":true,"href":"https:\/\/empow-her.com\/en\/wp-json\/wp\/v2\/product_cat?post=154362"},{"taxonomy":"product_tag","embeddable":true,"href":"https:\/\/empow-her.com\/en\/wp-json\/wp\/v2\/product_tag?post=154362"},{"taxonomy":"lieu","embeddable":true,"href":"https:\/\/empow-her.com\/en\/wp-json\/wp\/v2\/lieu?post=154362"},{"taxonomy":"thematiques","embeddable":true,"href":"https:\/\/empow-her.com\/en\/wp-json\/wp\/v2\/thematiques?post=154362"}],"curies":[{"name":"wp","href":"https:\/\/api.w.org\/{rel}","templated":true}]}}