{"id":15375,"date":"2021-06-23T20:20:38","date_gmt":"2021-06-23T18:20:38","guid":{"rendered":"https:\/\/empow-her.com\/?post_type=product&#038;p=15375"},"modified":"2021-06-23T20:27:31","modified_gmt":"2021-06-23T18:27:31","slug":"special-event-showroom-art4design","status":"publish","type":"product","link":"https:\/\/empow-her.com\/en\/produit\/special-event-showroom-art4design\/","title":{"rendered":"Special Event : Showroom Art4Design"},"content":{"rendered":"<p>Art4Design organise, gr\u00e2ce \u00e0 Sist&#8217;Her, son premier showroom o\u00f9 seront expos\u00e9s nos meubles issus de l&#8217;\u00e9conomie circulaire personnalis\u00e9s par nos artistes, actuellement vendus sur art4design.fr.<br \/>\nLors de l&#8217;\u00e9v\u00e9nement de 16h \u00e0 21h30, les clients pourront voir les meubles en grand.<br \/>\nChez Art4Design, chaque meuble a une histoire et aujourd&#8217;hui une nouvelle vie imagin\u00e9e par nos artistes.<br \/>\nNous vous invitons \u00e0 venir la d\u00e9couvrir ainsi que celles de leurs cr\u00e9ateurs.<br \/>\nVous verrez qu&#8217;ici l&#8217;imaginaire n&#8217;a plus de limite et que le champs des possibles est infini.<\/p>\n<p>&#x1f516; <strong>R\u00e9servation gratuite obligatoire <\/strong><\/p>\n<p>&#x1f50e; Zoom sur <a href=\"https:\/\/www.art4design.fr\/\">Art4Design<\/a> : Art4Design permet aux particuliers, h\u00f4tels, bars et entreprises de recycler leur propre mobilier en lui donnant une valeur ajout\u00e9e gr\u00e2ce \u00e0 l&#8217;oeuvre d&#8217;un artiste. Les clients r\u00e9duisent leurs d\u00e9chets d&#8217;ameublement et font de leur int\u00e9rieur un lieu unique qui a du sens.<br \/>\nLes clients peuvent \u00e9galement acheter sur art4design.fr du mobilier issu de l&#8217;\u00e9conomie circulaire d\u00e9j\u00e0 personnalis\u00e9s. Art4Design r\u00e9unit pour cela une s\u00e9lection d&#8217;artistes plasticiens, photographes, street-artists.<\/p>\n<p>&#x1f4cd; Sist&#8217;her Paris, 82 rue du Faubourg St Martin<br \/>\nOuvert en mars 2021, Sist\u2019Her est le premier tiers-lieu d\u00e9di\u00e9 \u00e0 toutes celles qui souhaitent fa\u00e7onner le monde &#x1f30e;. Port\u00e9 par l\u2019association Empow\u2019Her, c\u2019est un lieu de vie bienveillant et joyeux, ouvert \u00e0 tou\u00b7te\u00b7s o\u00f9 il est possible de se former, cr\u00e9er et se rencontrer. &#x1f3e1;<\/p>\n<p>Ce projet est co-financ\u00e9 par le Fonds Social Europ\u00e9en.<\/p>\n<p><img decoding=\"async\" class=\"\" src=\"https:\/\/www.sep-asso.fr\/wp-content\/uploads\/2018\/02\/logo-union-europeenne.png\" alt=\"logo union europeenne \u2013 SEP\" width=\"87\" height=\"72\" \/>\u00a0\u00a0<img decoding=\"async\" class=\"alignnone wp-image-15218\" src=\"https:\/\/empow-her.com\/wp-content\/uploads\/2021\/06\/logo_fonds_social_europeen-300x187.png\" alt=\"\" width=\"104\" height=\"65\" srcset=\"https:\/\/empow-her.com\/wp-content\/uploads\/2021\/06\/logo_fonds_social_europeen-300x187.png 300w, https:\/\/empow-her.com\/wp-content\/uploads\/2021\/06\/logo_fonds_social_europeen-600x375.png 600w, https:\/\/empow-her.com\/wp-content\/uploads\/2021\/06\/logo_fonds_social_europeen-24x15.png 24w, https:\/\/empow-her.com\/wp-content\/uploads\/2021\/06\/logo_fonds_social_europeen-36x22.png 36w, https:\/\/empow-her.com\/wp-content\/uploads\/2021\/06\/logo_fonds_social_europeen-48x30.png 48w, https:\/\/empow-her.com\/wp-content\/uploads\/2021\/06\/logo_fonds_social_europeen.png 666w\" sizes=\"(max-width: 104px) 100vw, 104px\" \/> <img decoding=\"async\" class=\"\" src=\"https:\/\/franceactive-idf.org\/wp-content\/uploads\/2020\/02\/logo-region-ile-de-france.png\" alt=\"Logo Region Ile De France - France Active \u00cele-de-France\" width=\"126\" height=\"29\" \/><\/p>\n","protected":false},"excerpt":{"rendered":"<p>Art4Design organise, gr\u00e2ce \u00e0 Sist&#8217;Her, son premier showroom o\u00f9 seront expos\u00e9s nos meubles issus de l&#8217;\u00e9conomie circulaire personnalis\u00e9s par nos artistes, actuellement vendus sur art4design.fr.<br \/>\nLors de l&#8217;\u00e9v\u00e9nement de 16h \u00e0 21h30, les clients pourront voir les meubles en grand.<br \/>\nChez Art4Design, chaque meuble a une histoire et aujourd&#8217;hui une nouvelle vie imagin\u00e9e par nos artistes.<br \/>\nNous vous invitons \u00e0 venir la d\u00e9couvrir ainsi que celles de leurs cr\u00e9ateurs.<br \/>\nVous verrez qu&#8217;ici l&#8217;imaginaire n&#8217;a plus de limite et que le champs des possibles est infini.<\/p>\n<p>&#x1f516; <strong>R\u00e9servation gratuite obligatoire <\/strong><\/p>\n<p>&#x1f50e; Zoom sur <a href=\"https:\/\/www.art4design.fr\/\">Art4Design<\/a> : Art4Design permet aux particuliers, h\u00f4tels, bars et entreprises de recycler leur propre mobilier en lui donnant une valeur ajout\u00e9e gr\u00e2ce \u00e0 l&#8217;oeuvre d&#8217;un artiste. Les clients r\u00e9duisent leurs d\u00e9chets d&#8217;ameublement et font de leur int\u00e9rieur un lieu unique qui a du sens.<br \/>\nLes clients peuvent \u00e9galement acheter sur art4design.fr du mobilier issu de l&#8217;\u00e9conomie circulaire d\u00e9j\u00e0 personnalis\u00e9s. Art4Design r\u00e9unit pour cela une s\u00e9lection d&#8217;artistes plasticiens, photographes, street-artists.<\/p>\n<p>&#x1f4cd; Sist&#8217;her Paris, 82 rue du Faubourg St Martin<br \/>\nOuvert en mars 2021, Sist\u2019Her est le premier tiers-lieu d\u00e9di\u00e9 \u00e0 toutes celles qui souhaitent fa\u00e7onner le monde &#x1f30e;. Port\u00e9 par l\u2019association Empow\u2019Her, c\u2019est un lieu de vie bienveillant et joyeux, ouvert \u00e0 tou\u00b7te\u00b7s o\u00f9 il est possible de se former, cr\u00e9er et se rencontrer. &#x1f3e1;<\/p>\n<p>Ce projet est co-financ\u00e9 par le Fonds Social Europ\u00e9en.<\/p>\n<p><img decoding=\"async\" class=\"\" src=\"https:\/\/www.sep-asso.fr\/wp-content\/uploads\/2018\/02\/logo-union-europeenne.png\" alt=\"logo union europeenne \u2013 SEP\" width=\"87\" height=\"72\" \/>\u00a0\u00a0<img decoding=\"async\" class=\"alignnone wp-image-15218\" src=\"https:\/\/empow-her.com\/wp-content\/uploads\/2021\/06\/logo_fonds_social_europeen-300x187.png\" alt=\"\" width=\"104\" height=\"65\" srcset=\"https:\/\/empow-her.com\/wp-content\/uploads\/2021\/06\/logo_fonds_social_europeen-300x187.png 300w, https:\/\/empow-her.com\/wp-content\/uploads\/2021\/06\/logo_fonds_social_europeen-600x375.png 600w, https:\/\/empow-her.com\/wp-content\/uploads\/2021\/06\/logo_fonds_social_europeen-24x15.png 24w, https:\/\/empow-her.com\/wp-content\/uploads\/2021\/06\/logo_fonds_social_europeen-36x22.png 36w, https:\/\/empow-her.com\/wp-content\/uploads\/2021\/06\/logo_fonds_social_europeen-48x30.png 48w, https:\/\/empow-her.com\/wp-content\/uploads\/2021\/06\/logo_fonds_social_europeen.png 666w\" sizes=\"(max-width: 104px) 100vw, 104px\" \/> <img decoding=\"async\" class=\"\" src=\"https:\/\/franceactive-idf.org\/wp-content\/uploads\/2020\/02\/logo-region-ile-de-france.png\" alt=\"Logo Region Ile De France - France Active \u00cele-de-France\" width=\"126\" height=\"29\" \/><\/p>\n","protected":false},"featured_media":0,"template":"","format":"standard","meta":{"_acf_changed":false,"om_disable_all_campaigns":false,"_uf_show_specific_survey":0,"_uf_disable_surveys":false},"product_brand":[],"product_cat":[119],"product_tag":[],"lieu":[127],"thematiques":[],"class_list":{"0":"post-15375","1":"product","2":"type-product","3":"status-publish","4":"format-standard","6":"product_cat-evenement-sisther","7":"lieu-hub-empowher","9":"first","10":"instock","11":"virtual","12":"purchasable","13":"product-type-appointment"},"exclude_global_add_ons":[],"addons":[],"acf":[],"yoast_head":"<!-- This site is optimized with the Yoast SEO plugin v24.8 - https:\/\/yoast.com\/wordpress\/plugins\/seo\/ -->\n<title>Special Event : Showroom Art4Design - Empow&#039;Her<\/title>\n<meta name=\"robots\" content=\"index, follow, max-snippet:-1, max-image-preview:large, max-video-preview:-1\" \/>\n<link rel=\"canonical\" href=\"https:\/\/empow-her.com\/es\/produit\/special-event-showroom-art4design\/\" \/>\n<meta property=\"og:locale\" content=\"en_US\" \/>\n<meta property=\"og:type\" content=\"article\" \/>\n<meta property=\"og:title\" content=\"Special Event : Showroom Art4Design - Empow&#039;Her\" \/>\n<meta property=\"og:description\" content=\"Art4Design organise, gr\u00e2ce \u00e0 Sist&#039;Her, son premier showroom o\u00f9 seront expos\u00e9s nos meubles issus de l&#039;\u00e9conomie circulaire personnalis\u00e9s par nos artistes, actuellement vendus sur art4design.fr. Lors de l&#039;\u00e9v\u00e9nement de 16h \u00e0 21h30, les clients pourront voir les meubles en grand. Chez Art4Design, chaque meuble a une histoire et aujourd&#039;hui une nouvelle vie imagin\u00e9e par nos artistes. Nous vous invitons \u00e0 venir la d\u00e9couvrir ainsi que celles de leurs cr\u00e9ateurs. Vous verrez qu&#039;ici l&#039;imaginaire n&#039;a plus de limite et que le champs des possibles est infini.  &#x1f516; R\u00e9servation gratuite obligatoire   &#x1f50e; Zoom sur Art4Design : Art4Design permet aux particuliers, h\u00f4tels, bars et entreprises de recycler leur propre mobilier en lui donnant une valeur ajout\u00e9e gr\u00e2ce \u00e0 l&#039;oeuvre d&#039;un artiste. Les clients r\u00e9duisent leurs d\u00e9chets d&#039;ameublement et font de leur int\u00e9rieur un lieu unique qui a du sens. Les clients peuvent \u00e9galement acheter sur art4design.fr du mobilier issu de l&#039;\u00e9conomie circulaire d\u00e9j\u00e0 personnalis\u00e9s. Art4Design r\u00e9unit pour cela une s\u00e9lection d&#039;artistes plasticiens, photographes, street-artists.  &#x1f4cd; Sist&#039;her Paris, 82 rue du Faubourg St Martin Ouvert en mars 2021, Sist\u2019Her est le premier tiers-lieu d\u00e9di\u00e9 \u00e0 toutes celles qui souhaitent fa\u00e7onner le monde &#x1f30e;. Port\u00e9 par l\u2019association Empow\u2019Her, c\u2019est un lieu de vie bienveillant et joyeux, ouvert \u00e0 tou\u00b7te\u00b7s o\u00f9 il est possible de se former, cr\u00e9er et se rencontrer. &#x1f3e1;  Ce projet est co-financ\u00e9 par le Fonds Social Europ\u00e9en.  \u00a0\u00a0\" \/>\n<meta property=\"og:url\" content=\"https:\/\/empow-her.com\/es\/produit\/special-event-showroom-art4design\/\" \/>\n<meta property=\"og:site_name\" content=\"Empow&#039;Her\" \/>\n<meta property=\"article:modified_time\" content=\"2021-06-23T18:27:31+00:00\" \/>\n<meta property=\"og:image\" content=\"https:\/\/www.sep-asso.fr\/wp-content\/uploads\/2018\/02\/logo-union-europeenne.png\" \/>\n<meta name=\"twitter:card\" content=\"summary_large_image\" \/>\n<meta name=\"twitter:label1\" content=\"Est. reading time\" \/>\n\t<meta name=\"twitter:data1\" content=\"2 minutes\" \/>\n<script type=\"application\/ld+json\" class=\"yoast-schema-graph\">{\"@context\":\"https:\/\/schema.org\",\"@graph\":[{\"@type\":\"WebPage\",\"@id\":\"https:\/\/empow-her.com\/es\/produit\/special-event-showroom-art4design\/\",\"url\":\"https:\/\/empow-her.com\/es\/produit\/special-event-showroom-art4design\/\",\"name\":\"Special Event : Showroom Art4Design - Empow&#039;Her\",\"isPartOf\":{\"@id\":\"https:\/\/empow-her.com\/#website\"},\"primaryImageOfPage\":{\"@id\":\"https:\/\/empow-her.com\/es\/produit\/special-event-showroom-art4design\/#primaryimage\"},\"image\":{\"@id\":\"https:\/\/empow-her.com\/es\/produit\/special-event-showroom-art4design\/#primaryimage\"},\"thumbnailUrl\":\"https:\/\/www.sep-asso.fr\/wp-content\/uploads\/2018\/02\/logo-union-europeenne.png\",\"datePublished\":\"2021-06-23T18:20:38+00:00\",\"dateModified\":\"2021-06-23T18:27:31+00:00\",\"breadcrumb\":{\"@id\":\"https:\/\/empow-her.com\/es\/produit\/special-event-showroom-art4design\/#breadcrumb\"},\"inLanguage\":\"en-US\",\"potentialAction\":[{\"@type\":\"ReadAction\",\"target\":[\"https:\/\/empow-her.com\/es\/produit\/special-event-showroom-art4design\/\"]}]},{\"@type\":\"ImageObject\",\"inLanguage\":\"en-US\",\"@id\":\"https:\/\/empow-her.com\/es\/produit\/special-event-showroom-art4design\/#primaryimage\",\"url\":\"https:\/\/www.sep-asso.fr\/wp-content\/uploads\/2018\/02\/logo-union-europeenne.png\",\"contentUrl\":\"https:\/\/www.sep-asso.fr\/wp-content\/uploads\/2018\/02\/logo-union-europeenne.png\"},{\"@type\":\"BreadcrumbList\",\"@id\":\"https:\/\/empow-her.com\/es\/produit\/special-event-showroom-art4design\/#breadcrumb\",\"itemListElement\":[{\"@type\":\"ListItem\",\"position\":1,\"name\":\"Accueil\",\"item\":\"https:\/\/empow-her.com\/en\/landing-page\/\"},{\"@type\":\"ListItem\",\"position\":2,\"name\":\"LA BOUTIQUE\",\"item\":\"https:\/\/empow-her.com\/boutique\/\"},{\"@type\":\"ListItem\",\"position\":3,\"name\":\"Special Event : Showroom Art4Design\"}]},{\"@type\":\"WebSite\",\"@id\":\"https:\/\/empow-her.com\/#website\",\"url\":\"https:\/\/empow-her.com\/\",\"name\":\"Empow&#039;Her\",\"description\":\"Women Development\",\"potentialAction\":[{\"@type\":\"SearchAction\",\"target\":{\"@type\":\"EntryPoint\",\"urlTemplate\":\"https:\/\/empow-her.com\/?s={search_term_string}\"},\"query-input\":{\"@type\":\"PropertyValueSpecification\",\"valueRequired\":true,\"valueName\":\"search_term_string\"}}],\"inLanguage\":\"en-US\"}]}<\/script>\n<!-- \/ Yoast SEO plugin. -->","yoast_head_json":{"title":"Special Event : Showroom Art4Design - Empow&#039;Her","robots":{"index":"index","follow":"follow","max-snippet":"max-snippet:-1","max-image-preview":"max-image-preview:large","max-video-preview":"max-video-preview:-1"},"canonical":"https:\/\/empow-her.com\/es\/produit\/special-event-showroom-art4design\/","og_locale":"en_US","og_type":"article","og_title":"Special Event : Showroom Art4Design - Empow&#039;Her","og_description":"Art4Design organise, gr\u00e2ce \u00e0 Sist'Her, son premier showroom o\u00f9 seront expos\u00e9s nos meubles issus de l'\u00e9conomie circulaire personnalis\u00e9s par nos artistes, actuellement vendus sur art4design.fr. Lors de l'\u00e9v\u00e9nement de 16h \u00e0 21h30, les clients pourront voir les meubles en grand. Chez Art4Design, chaque meuble a une histoire et aujourd'hui une nouvelle vie imagin\u00e9e par nos artistes. Nous vous invitons \u00e0 venir la d\u00e9couvrir ainsi que celles de leurs cr\u00e9ateurs. Vous verrez qu'ici l'imaginaire n'a plus de limite et que le champs des possibles est infini.  &#x1f516; R\u00e9servation gratuite obligatoire   &#x1f50e; Zoom sur Art4Design : Art4Design permet aux particuliers, h\u00f4tels, bars et entreprises de recycler leur propre mobilier en lui donnant une valeur ajout\u00e9e gr\u00e2ce \u00e0 l'oeuvre d'un artiste. Les clients r\u00e9duisent leurs d\u00e9chets d'ameublement et font de leur int\u00e9rieur un lieu unique qui a du sens. Les clients peuvent \u00e9galement acheter sur art4design.fr du mobilier issu de l'\u00e9conomie circulaire d\u00e9j\u00e0 personnalis\u00e9s. Art4Design r\u00e9unit pour cela une s\u00e9lection d'artistes plasticiens, photographes, street-artists.  &#x1f4cd; Sist'her Paris, 82 rue du Faubourg St Martin Ouvert en mars 2021, Sist\u2019Her est le premier tiers-lieu d\u00e9di\u00e9 \u00e0 toutes celles qui souhaitent fa\u00e7onner le monde &#x1f30e;. Port\u00e9 par l\u2019association Empow\u2019Her, c\u2019est un lieu de vie bienveillant et joyeux, ouvert \u00e0 tou\u00b7te\u00b7s o\u00f9 il est possible de se former, cr\u00e9er et se rencontrer. &#x1f3e1;  Ce projet est co-financ\u00e9 par le Fonds Social Europ\u00e9en.  \u00a0\u00a0","og_url":"https:\/\/empow-her.com\/es\/produit\/special-event-showroom-art4design\/","og_site_name":"Empow&#039;Her","article_modified_time":"2021-06-23T18:27:31+00:00","og_image":[{"url":"https:\/\/www.sep-asso.fr\/wp-content\/uploads\/2018\/02\/logo-union-europeenne.png","type":"","width":"","height":""}],"twitter_card":"summary_large_image","twitter_misc":{"Est. reading time":"2 minutes"},"schema":{"@context":"https:\/\/schema.org","@graph":[{"@type":"WebPage","@id":"https:\/\/empow-her.com\/es\/produit\/special-event-showroom-art4design\/","url":"https:\/\/empow-her.com\/es\/produit\/special-event-showroom-art4design\/","name":"Special Event : Showroom Art4Design - Empow&#039;Her","isPartOf":{"@id":"https:\/\/empow-her.com\/#website"},"primaryImageOfPage":{"@id":"https:\/\/empow-her.com\/es\/produit\/special-event-showroom-art4design\/#primaryimage"},"image":{"@id":"https:\/\/empow-her.com\/es\/produit\/special-event-showroom-art4design\/#primaryimage"},"thumbnailUrl":"https:\/\/www.sep-asso.fr\/wp-content\/uploads\/2018\/02\/logo-union-europeenne.png","datePublished":"2021-06-23T18:20:38+00:00","dateModified":"2021-06-23T18:27:31+00:00","breadcrumb":{"@id":"https:\/\/empow-her.com\/es\/produit\/special-event-showroom-art4design\/#breadcrumb"},"inLanguage":"en-US","potentialAction":[{"@type":"ReadAction","target":["https:\/\/empow-her.com\/es\/produit\/special-event-showroom-art4design\/"]}]},{"@type":"ImageObject","inLanguage":"en-US","@id":"https:\/\/empow-her.com\/es\/produit\/special-event-showroom-art4design\/#primaryimage","url":"https:\/\/www.sep-asso.fr\/wp-content\/uploads\/2018\/02\/logo-union-europeenne.png","contentUrl":"https:\/\/www.sep-asso.fr\/wp-content\/uploads\/2018\/02\/logo-union-europeenne.png"},{"@type":"BreadcrumbList","@id":"https:\/\/empow-her.com\/es\/produit\/special-event-showroom-art4design\/#breadcrumb","itemListElement":[{"@type":"ListItem","position":1,"name":"Accueil","item":"https:\/\/empow-her.com\/en\/landing-page\/"},{"@type":"ListItem","position":2,"name":"LA BOUTIQUE","item":"https:\/\/empow-her.com\/boutique\/"},{"@type":"ListItem","position":3,"name":"Special Event : Showroom Art4Design"}]},{"@type":"WebSite","@id":"https:\/\/empow-her.com\/#website","url":"https:\/\/empow-her.com\/","name":"Empow&#039;Her","description":"Women Development","potentialAction":[{"@type":"SearchAction","target":{"@type":"EntryPoint","urlTemplate":"https:\/\/empow-her.com\/?s={search_term_string}"},"query-input":{"@type":"PropertyValueSpecification","valueRequired":true,"valueName":"search_term_string"}}],"inLanguage":"en-US"}]}},"_links":{"self":[{"href":"https:\/\/empow-her.com\/en\/wp-json\/wp\/v2\/product\/15375","targetHints":{"allow":["GET"]}}],"collection":[{"href":"https:\/\/empow-her.com\/en\/wp-json\/wp\/v2\/product"}],"about":[{"href":"https:\/\/empow-her.com\/en\/wp-json\/wp\/v2\/types\/product"}],"wp:attachment":[{"href":"https:\/\/empow-her.com\/en\/wp-json\/wp\/v2\/media?parent=15375"}],"wp:term":[{"taxonomy":"product_brand","embeddable":true,"href":"https:\/\/empow-her.com\/en\/wp-json\/wp\/v2\/product_brand?post=15375"},{"taxonomy":"product_cat","embeddable":true,"href":"https:\/\/empow-her.com\/en\/wp-json\/wp\/v2\/product_cat?post=15375"},{"taxonomy":"product_tag","embeddable":true,"href":"https:\/\/empow-her.com\/en\/wp-json\/wp\/v2\/product_tag?post=15375"},{"taxonomy":"lieu","embeddable":true,"href":"https:\/\/empow-her.com\/en\/wp-json\/wp\/v2\/lieu?post=15375"},{"taxonomy":"thematiques","embeddable":true,"href":"https:\/\/empow-her.com\/en\/wp-json\/wp\/v2\/thematiques?post=15375"}],"curies":[{"name":"wp","href":"https:\/\/api.w.org\/{rel}","templated":true}]}}