{"id":15182,"date":"2021-06-16T16:41:37","date_gmt":"2021-06-16T14:41:37","guid":{"rendered":"https:\/\/empow-her.com\/?post_type=product&#038;p=15182"},"modified":"2021-06-17T17:44:43","modified_gmt":"2021-06-17T15:44:43","slug":"special-event-la-journee-du-miva-par-indigo","status":"publish","type":"product","link":"https:\/\/empow-her.com\/en\/produit\/special-event-la-journee-du-miva-par-indigo\/","title":{"rendered":"Special Event : La journ\u00e9e du MIVA par Indigo"},"content":{"rendered":"<p>&#x1f4c5; Ce mercredi 23 juin, nous vous invitons \u00e0 participer \u00e0 la journ\u00e9e du MIVA qui a pour but de rassembler autour de la Journ\u00e9e mondiale du r\u00e9fugi\u00e9.<\/p>\n<p><strong>Au programme : 10h-19h<\/strong><br \/>\n&#8211; <strong>10h :<\/strong> Bienvenue et point d&#8217;avancement sur le projet europ\u00e9en MIVA<br \/>\n&#8211; <strong>11h :<\/strong> Atelier de sensibilisation interculturelle, men\u00e9 par l&#8217;association SINGA<br \/>\n&#8211; <strong>13h :<\/strong> Buffet multiculturel pr\u00e9par\u00e9 par les Cuistots Migrateurs<br \/>\n&#8211; <strong>14h30 :<\/strong> Initiation \u00e0 l\u2019application Indigo et ses valeurs \u00e0 14h30<br \/>\n&#8211; <strong>15h30 :<\/strong> Pr\u00e9sentation d&#8217;autres initiatives comme le projet Pari(s) \u00e0 2 de Initiatives et Changement<br \/>\n<strong>et pleins d\u2019autres activit\u00e9s gratuites et ouvertes \u00e0 tous jusqu&#8217;\u00e0 19h<\/strong><\/p>\n<p>Venez \u00e9changer avec nos associations partenaires et d\u00e9couvrir leurs ambitions et les actions qu\u2019elles m\u00e8nent pour une soci\u00e9t\u00e9 plus \u00e9galitaire.<br \/>\nIndigo laissera \u00e0 votre disposition des dons \u00e0 r\u00e9cup\u00e9rer pour que vous puissiez repartir avec non seulement la t\u00eate, le ventre, mais aussi les bras bien remplis !<\/p>\n<p>Rendez-vous de 10h \u00e0 19h chez SistHer Paris, 82 rue du faubourg Saint Martin dans le 10\u00e8me arrondissement de Paris, o\u00f9 EmpowHer nous accueillera pour une journ\u00e9e conviviale et enrichissante.<\/p>\n<p>Les jauges \u00e9tant limit\u00e9es, vous pouvez garantir votre place en vous inscrivant d\u00e8s aujourd\u2019hui ! Nous avons h\u00e2te de vous y retrouver \ud83d\ude42<\/p>\n<p>&#x1f50e; Zoom sur <a href=\"https:\/\/indigo.world\/fr\/\">Indigo<\/a> : Indigo est une entreprise sociale, au service de l&#8217;int\u00e9r\u00eat g\u00e9n\u00e9ral. C&#8217;est une application de dons et d\u2019entraide qui vous permet de donner des objets et services gratuits \u00e0 la communaut\u00e9, et de vous engager aupr\u00e8s d&#8217;associations qui agissent pour une soci\u00e9t\u00e9 plus \u00e9cologique et solidaire.<br \/>\nDepuis d\u00e9cembre 2018, elle m\u00e8ne en France le projet MIVA (Migrants Integration through Volunteering Activities) financ\u00e9 par la Commission Europ\u00e9enne. Gr\u00e2ce \u00e0 ce financement, nous travaillons pour la promotion de l\u2019inclusion sociale des r\u00e9fugi\u00e9s, en proposant de nombreuses activit\u00e9s comme des tournois sportifs, des cours de cuisine ou bien des visites culturelles, afin de retisser du lien social entre les franciliens et les r\u00e9fugi\u00e9s.<br \/>\nLa Journ\u00e9e du MIVA est l&#8217;occasion de faire un point d&#8217;avancement sur le projet qui touche \u00e0 sa fin, d&#8217;informer et de rassembler la communaut\u00e9 locale engag\u00e9e autour d&#8217;un \u00e9v\u00e9nement festif et f\u00e9d\u00e9rateur.<\/p>\n<p>&#x1f4cd; Sist&#8217;her Paris, 82 rue du Faubourg St Martin<br \/>\nOuvert en mars 2021, Sist\u2019Her est le premier tiers-lieu d\u00e9di\u00e9 \u00e0 toutes celles qui souhaitent fa\u00e7onner le monde &#x1f30e;. Port\u00e9 par l\u2019association Empow\u2019Her, c\u2019est un lieu de vie bienveillant et joyeux, ouvert \u00e0 tou\u00b7te\u00b7s o\u00f9 il est possible de se former, cr\u00e9er et se rencontrer. &#x1f3e1; Sist&#8217;her Paris est un projet co-financ\u00e9 par le Fonds Social Europ\u00e9en.<\/p>\n<p>Ce projet est co-financ\u00e9 par le Fonds Social Europ\u00e9en.<\/p>\n<p><img decoding=\"async\" class=\"\" src=\"https:\/\/www.sep-asso.fr\/wp-content\/uploads\/2018\/02\/logo-union-europeenne.png\" alt=\"logo union europeenne \u2013 SEP\" width=\"87\" height=\"72\" \/>\u00a0\u00a0<img decoding=\"async\" class=\"alignnone wp-image-15218\" src=\"https:\/\/empow-her.com\/wp-content\/uploads\/2021\/06\/logo_fonds_social_europeen-300x187.png\" alt=\"\" width=\"104\" height=\"65\" srcset=\"https:\/\/empow-her.com\/wp-content\/uploads\/2021\/06\/logo_fonds_social_europeen-300x187.png 300w, https:\/\/empow-her.com\/wp-content\/uploads\/2021\/06\/logo_fonds_social_europeen-600x375.png 600w, https:\/\/empow-her.com\/wp-content\/uploads\/2021\/06\/logo_fonds_social_europeen-24x15.png 24w, https:\/\/empow-her.com\/wp-content\/uploads\/2021\/06\/logo_fonds_social_europeen-36x22.png 36w, https:\/\/empow-her.com\/wp-content\/uploads\/2021\/06\/logo_fonds_social_europeen-48x30.png 48w, https:\/\/empow-her.com\/wp-content\/uploads\/2021\/06\/logo_fonds_social_europeen.png 666w\" sizes=\"(max-width: 104px) 100vw, 104px\" \/> <img decoding=\"async\" class=\"\" src=\"https:\/\/franceactive-idf.org\/wp-content\/uploads\/2020\/02\/logo-region-ile-de-france.png\" alt=\"Logo Region Ile De France - France Active \u00cele-de-France\" width=\"126\" height=\"29\" \/><\/p>\n","protected":false},"excerpt":{"rendered":"<p>&#x1f4c5; Ce mercredi 23 juin, nous vous invitons \u00e0 participer \u00e0 la journ\u00e9e du MIVA qui a pour but de rassembler autour de la Journ\u00e9e mondiale du r\u00e9fugi\u00e9.<\/p>\n<p><strong>Au programme : 10h-19h<\/strong><br \/>\n&#8211; <strong>10h :<\/strong> Bienvenue et point d&#8217;avancement sur le projet europ\u00e9en MIVA<br \/>\n&#8211; <strong>11h :<\/strong> Atelier de sensibilisation interculturelle, men\u00e9 par l&#8217;association SINGA<br \/>\n&#8211; <strong>13h :<\/strong> Buffet multiculturel pr\u00e9par\u00e9 par les Cuistots Migrateurs<br \/>\n&#8211; <strong>14h30 :<\/strong> Initiation \u00e0 l\u2019application Indigo et ses valeurs \u00e0 14h30<br \/>\n&#8211; <strong>15h30 :<\/strong> Pr\u00e9sentation d&#8217;autres initiatives comme le projet Pari(s) \u00e0 2 de Initiatives et Changement<br \/>\n<strong>et pleins d\u2019autres activit\u00e9s gratuites et ouvertes \u00e0 tous jusqu&#8217;\u00e0 19h<\/strong><\/p>\n<p>Venez \u00e9changer avec nos associations partenaires et d\u00e9couvrir leurs ambitions et les actions qu\u2019elles m\u00e8nent pour une soci\u00e9t\u00e9 plus \u00e9galitaire.<br \/>\nIndigo laissera \u00e0 votre disposition des dons \u00e0 r\u00e9cup\u00e9rer pour que vous puissiez repartir avec non seulement la t\u00eate, le ventre, mais aussi les bras bien remplis !<\/p>\n<p>Rendez-vous de 10h \u00e0 19h chez SistHer Paris, 82 rue du faubourg Saint Martin dans le 10\u00e8me arrondissement de Paris, o\u00f9 EmpowHer nous accueillera pour une journ\u00e9e conviviale et enrichissante.<\/p>\n<p>Les jauges \u00e9tant limit\u00e9es, vous pouvez garantir votre place en vous inscrivant d\u00e8s aujourd\u2019hui ! Nous avons h\u00e2te de vous y retrouver \ud83d\ude42<\/p>\n<p>&#x1f50e; Zoom sur <a href=\"https:\/\/indigo.world\/fr\/\">Indigo<\/a> : Indigo est une entreprise sociale, au service de l&#8217;int\u00e9r\u00eat g\u00e9n\u00e9ral. C&#8217;est une application de dons et d\u2019entraide qui vous permet de donner des objets et services gratuits \u00e0 la communaut\u00e9, et de vous engager aupr\u00e8s d&#8217;associations qui agissent pour une soci\u00e9t\u00e9 plus \u00e9cologique et solidaire.<br \/>\nDepuis d\u00e9cembre 2018, elle m\u00e8ne en France le projet MIVA (Migrants Integration through Volunteering Activities) financ\u00e9 par la Commission Europ\u00e9enne. Gr\u00e2ce \u00e0 ce financement, nous travaillons pour la promotion de l\u2019inclusion sociale des r\u00e9fugi\u00e9s, en proposant de nombreuses activit\u00e9s comme des tournois sportifs, des cours de cuisine ou bien des visites culturelles, afin de retisser du lien social entre les franciliens et les r\u00e9fugi\u00e9s.<br \/>\nLa Journ\u00e9e du MIVA est l&#8217;occasion de faire un point d&#8217;avancement sur le projet qui touche \u00e0 sa fin, d&#8217;informer et de rassembler la communaut\u00e9 locale engag\u00e9e autour d&#8217;un \u00e9v\u00e9nement festif et f\u00e9d\u00e9rateur.<\/p>\n<p>&#x1f4cd; Sist&#8217;her Paris, 82 rue du Faubourg St Martin<br \/>\nOuvert en mars 2021, Sist\u2019Her est le premier tiers-lieu d\u00e9di\u00e9 \u00e0 toutes celles qui souhaitent fa\u00e7onner le monde &#x1f30e;. Port\u00e9 par l\u2019association Empow\u2019Her, c\u2019est un lieu de vie bienveillant et joyeux, ouvert \u00e0 tou\u00b7te\u00b7s o\u00f9 il est possible de se former, cr\u00e9er et se rencontrer. &#x1f3e1; Sist&#8217;her Paris est un projet co-financ\u00e9 par le Fonds Social Europ\u00e9en.<\/p>\n<p>&nbsp;<\/p>\n<p>Ce projet est co-financ\u00e9 par le Fonds Social Europ\u00e9en.<\/p>\n<p><img decoding=\"async\" class=\"\" src=\"https:\/\/www.sep-asso.fr\/wp-content\/uploads\/2018\/02\/logo-union-europeenne.png\" alt=\"logo union europeenne \u2013 SEP\" width=\"87\" height=\"72\" \/>\u00a0\u00a0<img decoding=\"async\" class=\"alignnone wp-image-15218\" src=\"https:\/\/empow-her.com\/wp-content\/uploads\/2021\/06\/logo_fonds_social_europeen-300x187.png\" alt=\"\" width=\"104\" height=\"65\" srcset=\"https:\/\/empow-her.com\/wp-content\/uploads\/2021\/06\/logo_fonds_social_europeen-300x187.png 300w, https:\/\/empow-her.com\/wp-content\/uploads\/2021\/06\/logo_fonds_social_europeen-600x375.png 600w, https:\/\/empow-her.com\/wp-content\/uploads\/2021\/06\/logo_fonds_social_europeen-24x15.png 24w, https:\/\/empow-her.com\/wp-content\/uploads\/2021\/06\/logo_fonds_social_europeen-36x22.png 36w, https:\/\/empow-her.com\/wp-content\/uploads\/2021\/06\/logo_fonds_social_europeen-48x30.png 48w, https:\/\/empow-her.com\/wp-content\/uploads\/2021\/06\/logo_fonds_social_europeen.png 666w\" sizes=\"(max-width: 104px) 100vw, 104px\" \/> <img decoding=\"async\" class=\"\" src=\"https:\/\/franceactive-idf.org\/wp-content\/uploads\/2020\/02\/logo-region-ile-de-france.png\" alt=\"Logo Region Ile De France - France Active \u00cele-de-France\" width=\"126\" height=\"29\" \/><\/p>\n","protected":false},"featured_media":0,"template":"","format":"standard","meta":{"_acf_changed":false,"om_disable_all_campaigns":false,"_uf_show_specific_survey":0,"_uf_disable_surveys":false},"product_brand":[],"product_cat":[119],"product_tag":[],"lieu":[127],"thematiques":[],"class_list":{"0":"post-15182","1":"product","2":"type-product","3":"status-publish","4":"format-standard","6":"product_cat-evenement-sisther","7":"lieu-hub-empowher","9":"first","10":"instock","11":"virtual","12":"purchasable","13":"product-type-appointment"},"exclude_global_add_ons":[],"addons":[],"acf":[],"yoast_head":"<!-- This site is optimized with the Yoast SEO plugin v24.8 - https:\/\/yoast.com\/wordpress\/plugins\/seo\/ -->\n<title>Special Event : La journ\u00e9e du MIVA par Indigo - Empow&#039;Her<\/title>\n<meta name=\"robots\" content=\"index, follow, max-snippet:-1, max-image-preview:large, max-video-preview:-1\" \/>\n<link rel=\"canonical\" href=\"https:\/\/empow-her.com\/es\/produit\/special-event-la-journee-du-miva-par-indigo\/\" \/>\n<meta property=\"og:locale\" content=\"en_US\" \/>\n<meta property=\"og:type\" content=\"article\" \/>\n<meta property=\"og:title\" content=\"Special Event : La journ\u00e9e du MIVA par Indigo - Empow&#039;Her\" \/>\n<meta property=\"og:description\" content=\"&#x1f4c5; Ce mercredi 23 juin, nous vous invitons \u00e0 participer \u00e0 la journ\u00e9e du MIVA qui a pour but de rassembler autour de la Journ\u00e9e mondiale du r\u00e9fugi\u00e9.  Au programme : 10h-19h - 10h : Bienvenue et point d&#039;avancement sur le projet europ\u00e9en MIVA - 11h : Atelier de sensibilisation interculturelle, men\u00e9 par l&#039;association SINGA - 13h : Buffet multiculturel pr\u00e9par\u00e9 par les Cuistots Migrateurs - 14h30 : Initiation \u00e0 l\u2019application Indigo et ses valeurs \u00e0 14h30 - 15h30 : Pr\u00e9sentation d&#039;autres initiatives comme le projet Pari(s) \u00e0 2 de Initiatives et Changement et pleins d\u2019autres activit\u00e9s gratuites et ouvertes \u00e0 tous jusqu&#039;\u00e0 19h  Venez \u00e9changer avec nos associations partenaires et d\u00e9couvrir leurs ambitions et les actions qu\u2019elles m\u00e8nent pour une soci\u00e9t\u00e9 plus \u00e9galitaire. Indigo laissera \u00e0 votre disposition des dons \u00e0 r\u00e9cup\u00e9rer pour que vous puissiez repartir avec non seulement la t\u00eate, le ventre, mais aussi les bras bien remplis !  Rendez-vous de 10h \u00e0 19h chez SistHer Paris, 82 rue du faubourg Saint Martin dans le 10\u00e8me arrondissement de Paris, o\u00f9 EmpowHer nous accueillera pour une journ\u00e9e conviviale et enrichissante.  Les jauges \u00e9tant limit\u00e9es, vous pouvez garantir votre place en vous inscrivant d\u00e8s aujourd\u2019hui ! Nous avons h\u00e2te de vous y retrouver :)  &#x1f50e; Zoom sur Indigo : Indigo est une entreprise sociale, au service de l&#039;int\u00e9r\u00eat g\u00e9n\u00e9ral. C&#039;est une application de dons et d\u2019entraide qui vous permet de donner des objets et services gratuits \u00e0 la communaut\u00e9, et de vous engager aupr\u00e8s d&#039;associations qui agissent pour une soci\u00e9t\u00e9 plus \u00e9cologique et solidaire. Depuis d\u00e9cembre 2018, elle m\u00e8ne en France le projet MIVA (Migrants Integration through Volunteering Activities) financ\u00e9 par la Commission Europ\u00e9enne. Gr\u00e2ce \u00e0 ce financement, nous travaillons pour la promotion de l\u2019inclusion sociale des r\u00e9fugi\u00e9s, en proposant de nombreuses activit\u00e9s comme des tournois sportifs, des cours de cuisine ou bien des visites culturelles, afin de retisser du lien social entre les franciliens et les r\u00e9fugi\u00e9s. La Journ\u00e9e du MIVA est l&#039;occasion de faire un point d&#039;avancement sur le projet qui touche \u00e0 sa fin, d&#039;informer et de rassembler la communaut\u00e9 locale engag\u00e9e autour d&#039;un \u00e9v\u00e9nement festif et f\u00e9d\u00e9rateur.  &#x1f4cd; Sist&#039;her Paris, 82 rue du Faubourg St Martin Ouvert en mars 2021, Sist\u2019Her est le premier tiers-lieu d\u00e9di\u00e9 \u00e0 toutes celles qui souhaitent fa\u00e7onner le monde &#x1f30e;. Port\u00e9 par l\u2019association Empow\u2019Her, c\u2019est un lieu de vie bienveillant et joyeux, ouvert \u00e0 tou\u00b7te\u00b7s o\u00f9 il est possible de se former, cr\u00e9er et se rencontrer. &#x1f3e1; Sist&#039;her Paris est un projet co-financ\u00e9 par le Fonds Social Europ\u00e9en.  &nbsp;  Ce projet est co-financ\u00e9 par le Fonds Social Europ\u00e9en.  \u00a0\u00a0\" \/>\n<meta property=\"og:url\" content=\"https:\/\/empow-her.com\/es\/produit\/special-event-la-journee-du-miva-par-indigo\/\" \/>\n<meta property=\"og:site_name\" content=\"Empow&#039;Her\" \/>\n<meta property=\"article:modified_time\" content=\"2021-06-17T15:44:43+00:00\" \/>\n<meta property=\"og:image\" content=\"https:\/\/www.sep-asso.fr\/wp-content\/uploads\/2018\/02\/logo-union-europeenne.png\" \/>\n<meta name=\"twitter:card\" content=\"summary_large_image\" \/>\n<meta name=\"twitter:label1\" content=\"Est. reading time\" \/>\n\t<meta name=\"twitter:data1\" content=\"3 minutes\" \/>\n<script type=\"application\/ld+json\" class=\"yoast-schema-graph\">{\"@context\":\"https:\/\/schema.org\",\"@graph\":[{\"@type\":\"WebPage\",\"@id\":\"https:\/\/empow-her.com\/es\/produit\/special-event-la-journee-du-miva-par-indigo\/\",\"url\":\"https:\/\/empow-her.com\/es\/produit\/special-event-la-journee-du-miva-par-indigo\/\",\"name\":\"Special Event : La journ\u00e9e du MIVA par Indigo - Empow&#039;Her\",\"isPartOf\":{\"@id\":\"https:\/\/empow-her.com\/#website\"},\"primaryImageOfPage\":{\"@id\":\"https:\/\/empow-her.com\/es\/produit\/special-event-la-journee-du-miva-par-indigo\/#primaryimage\"},\"image\":{\"@id\":\"https:\/\/empow-her.com\/es\/produit\/special-event-la-journee-du-miva-par-indigo\/#primaryimage\"},\"thumbnailUrl\":\"https:\/\/www.sep-asso.fr\/wp-content\/uploads\/2018\/02\/logo-union-europeenne.png\",\"datePublished\":\"2021-06-16T14:41:37+00:00\",\"dateModified\":\"2021-06-17T15:44:43+00:00\",\"breadcrumb\":{\"@id\":\"https:\/\/empow-her.com\/es\/produit\/special-event-la-journee-du-miva-par-indigo\/#breadcrumb\"},\"inLanguage\":\"en-US\",\"potentialAction\":[{\"@type\":\"ReadAction\",\"target\":[\"https:\/\/empow-her.com\/es\/produit\/special-event-la-journee-du-miva-par-indigo\/\"]}]},{\"@type\":\"ImageObject\",\"inLanguage\":\"en-US\",\"@id\":\"https:\/\/empow-her.com\/es\/produit\/special-event-la-journee-du-miva-par-indigo\/#primaryimage\",\"url\":\"https:\/\/www.sep-asso.fr\/wp-content\/uploads\/2018\/02\/logo-union-europeenne.png\",\"contentUrl\":\"https:\/\/www.sep-asso.fr\/wp-content\/uploads\/2018\/02\/logo-union-europeenne.png\"},{\"@type\":\"BreadcrumbList\",\"@id\":\"https:\/\/empow-her.com\/es\/produit\/special-event-la-journee-du-miva-par-indigo\/#breadcrumb\",\"itemListElement\":[{\"@type\":\"ListItem\",\"position\":1,\"name\":\"Accueil\",\"item\":\"https:\/\/empow-her.com\/en\/landing-page\/\"},{\"@type\":\"ListItem\",\"position\":2,\"name\":\"LA BOUTIQUE\",\"item\":\"https:\/\/empow-her.com\/boutique\/\"},{\"@type\":\"ListItem\",\"position\":3,\"name\":\"Special Event : La journ\u00e9e du MIVA par Indigo\"}]},{\"@type\":\"WebSite\",\"@id\":\"https:\/\/empow-her.com\/#website\",\"url\":\"https:\/\/empow-her.com\/\",\"name\":\"Empow&#039;Her\",\"description\":\"Women Development\",\"potentialAction\":[{\"@type\":\"SearchAction\",\"target\":{\"@type\":\"EntryPoint\",\"urlTemplate\":\"https:\/\/empow-her.com\/?s={search_term_string}\"},\"query-input\":{\"@type\":\"PropertyValueSpecification\",\"valueRequired\":true,\"valueName\":\"search_term_string\"}}],\"inLanguage\":\"en-US\"}]}<\/script>\n<!-- \/ Yoast SEO plugin. -->","yoast_head_json":{"title":"Special Event : La journ\u00e9e du MIVA par Indigo - Empow&#039;Her","robots":{"index":"index","follow":"follow","max-snippet":"max-snippet:-1","max-image-preview":"max-image-preview:large","max-video-preview":"max-video-preview:-1"},"canonical":"https:\/\/empow-her.com\/es\/produit\/special-event-la-journee-du-miva-par-indigo\/","og_locale":"en_US","og_type":"article","og_title":"Special Event : La journ\u00e9e du MIVA par Indigo - Empow&#039;Her","og_description":"&#x1f4c5; Ce mercredi 23 juin, nous vous invitons \u00e0 participer \u00e0 la journ\u00e9e du MIVA qui a pour but de rassembler autour de la Journ\u00e9e mondiale du r\u00e9fugi\u00e9.  Au programme : 10h-19h - 10h : Bienvenue et point d'avancement sur le projet europ\u00e9en MIVA - 11h : Atelier de sensibilisation interculturelle, men\u00e9 par l'association SINGA - 13h : Buffet multiculturel pr\u00e9par\u00e9 par les Cuistots Migrateurs - 14h30 : Initiation \u00e0 l\u2019application Indigo et ses valeurs \u00e0 14h30 - 15h30 : Pr\u00e9sentation d'autres initiatives comme le projet Pari(s) \u00e0 2 de Initiatives et Changement et pleins d\u2019autres activit\u00e9s gratuites et ouvertes \u00e0 tous jusqu'\u00e0 19h  Venez \u00e9changer avec nos associations partenaires et d\u00e9couvrir leurs ambitions et les actions qu\u2019elles m\u00e8nent pour une soci\u00e9t\u00e9 plus \u00e9galitaire. Indigo laissera \u00e0 votre disposition des dons \u00e0 r\u00e9cup\u00e9rer pour que vous puissiez repartir avec non seulement la t\u00eate, le ventre, mais aussi les bras bien remplis !  Rendez-vous de 10h \u00e0 19h chez SistHer Paris, 82 rue du faubourg Saint Martin dans le 10\u00e8me arrondissement de Paris, o\u00f9 EmpowHer nous accueillera pour une journ\u00e9e conviviale et enrichissante.  Les jauges \u00e9tant limit\u00e9es, vous pouvez garantir votre place en vous inscrivant d\u00e8s aujourd\u2019hui ! Nous avons h\u00e2te de vous y retrouver :)  &#x1f50e; Zoom sur Indigo : Indigo est une entreprise sociale, au service de l'int\u00e9r\u00eat g\u00e9n\u00e9ral. C'est une application de dons et d\u2019entraide qui vous permet de donner des objets et services gratuits \u00e0 la communaut\u00e9, et de vous engager aupr\u00e8s d'associations qui agissent pour une soci\u00e9t\u00e9 plus \u00e9cologique et solidaire. Depuis d\u00e9cembre 2018, elle m\u00e8ne en France le projet MIVA (Migrants Integration through Volunteering Activities) financ\u00e9 par la Commission Europ\u00e9enne. Gr\u00e2ce \u00e0 ce financement, nous travaillons pour la promotion de l\u2019inclusion sociale des r\u00e9fugi\u00e9s, en proposant de nombreuses activit\u00e9s comme des tournois sportifs, des cours de cuisine ou bien des visites culturelles, afin de retisser du lien social entre les franciliens et les r\u00e9fugi\u00e9s. La Journ\u00e9e du MIVA est l'occasion de faire un point d'avancement sur le projet qui touche \u00e0 sa fin, d'informer et de rassembler la communaut\u00e9 locale engag\u00e9e autour d'un \u00e9v\u00e9nement festif et f\u00e9d\u00e9rateur.  &#x1f4cd; Sist'her Paris, 82 rue du Faubourg St Martin Ouvert en mars 2021, Sist\u2019Her est le premier tiers-lieu d\u00e9di\u00e9 \u00e0 toutes celles qui souhaitent fa\u00e7onner le monde &#x1f30e;. Port\u00e9 par l\u2019association Empow\u2019Her, c\u2019est un lieu de vie bienveillant et joyeux, ouvert \u00e0 tou\u00b7te\u00b7s o\u00f9 il est possible de se former, cr\u00e9er et se rencontrer. &#x1f3e1; Sist'her Paris est un projet co-financ\u00e9 par le Fonds Social Europ\u00e9en.  &nbsp;  Ce projet est co-financ\u00e9 par le Fonds Social Europ\u00e9en.  \u00a0\u00a0","og_url":"https:\/\/empow-her.com\/es\/produit\/special-event-la-journee-du-miva-par-indigo\/","og_site_name":"Empow&#039;Her","article_modified_time":"2021-06-17T15:44:43+00:00","og_image":[{"url":"https:\/\/www.sep-asso.fr\/wp-content\/uploads\/2018\/02\/logo-union-europeenne.png","type":"","width":"","height":""}],"twitter_card":"summary_large_image","twitter_misc":{"Est. reading time":"3 minutes"},"schema":{"@context":"https:\/\/schema.org","@graph":[{"@type":"WebPage","@id":"https:\/\/empow-her.com\/es\/produit\/special-event-la-journee-du-miva-par-indigo\/","url":"https:\/\/empow-her.com\/es\/produit\/special-event-la-journee-du-miva-par-indigo\/","name":"Special Event : La journ\u00e9e du MIVA par Indigo - Empow&#039;Her","isPartOf":{"@id":"https:\/\/empow-her.com\/#website"},"primaryImageOfPage":{"@id":"https:\/\/empow-her.com\/es\/produit\/special-event-la-journee-du-miva-par-indigo\/#primaryimage"},"image":{"@id":"https:\/\/empow-her.com\/es\/produit\/special-event-la-journee-du-miva-par-indigo\/#primaryimage"},"thumbnailUrl":"https:\/\/www.sep-asso.fr\/wp-content\/uploads\/2018\/02\/logo-union-europeenne.png","datePublished":"2021-06-16T14:41:37+00:00","dateModified":"2021-06-17T15:44:43+00:00","breadcrumb":{"@id":"https:\/\/empow-her.com\/es\/produit\/special-event-la-journee-du-miva-par-indigo\/#breadcrumb"},"inLanguage":"en-US","potentialAction":[{"@type":"ReadAction","target":["https:\/\/empow-her.com\/es\/produit\/special-event-la-journee-du-miva-par-indigo\/"]}]},{"@type":"ImageObject","inLanguage":"en-US","@id":"https:\/\/empow-her.com\/es\/produit\/special-event-la-journee-du-miva-par-indigo\/#primaryimage","url":"https:\/\/www.sep-asso.fr\/wp-content\/uploads\/2018\/02\/logo-union-europeenne.png","contentUrl":"https:\/\/www.sep-asso.fr\/wp-content\/uploads\/2018\/02\/logo-union-europeenne.png"},{"@type":"BreadcrumbList","@id":"https:\/\/empow-her.com\/es\/produit\/special-event-la-journee-du-miva-par-indigo\/#breadcrumb","itemListElement":[{"@type":"ListItem","position":1,"name":"Accueil","item":"https:\/\/empow-her.com\/en\/landing-page\/"},{"@type":"ListItem","position":2,"name":"LA BOUTIQUE","item":"https:\/\/empow-her.com\/boutique\/"},{"@type":"ListItem","position":3,"name":"Special Event : La journ\u00e9e du MIVA par Indigo"}]},{"@type":"WebSite","@id":"https:\/\/empow-her.com\/#website","url":"https:\/\/empow-her.com\/","name":"Empow&#039;Her","description":"Women Development","potentialAction":[{"@type":"SearchAction","target":{"@type":"EntryPoint","urlTemplate":"https:\/\/empow-her.com\/?s={search_term_string}"},"query-input":{"@type":"PropertyValueSpecification","valueRequired":true,"valueName":"search_term_string"}}],"inLanguage":"en-US"}]}},"_links":{"self":[{"href":"https:\/\/empow-her.com\/en\/wp-json\/wp\/v2\/product\/15182","targetHints":{"allow":["GET"]}}],"collection":[{"href":"https:\/\/empow-her.com\/en\/wp-json\/wp\/v2\/product"}],"about":[{"href":"https:\/\/empow-her.com\/en\/wp-json\/wp\/v2\/types\/product"}],"wp:attachment":[{"href":"https:\/\/empow-her.com\/en\/wp-json\/wp\/v2\/media?parent=15182"}],"wp:term":[{"taxonomy":"product_brand","embeddable":true,"href":"https:\/\/empow-her.com\/en\/wp-json\/wp\/v2\/product_brand?post=15182"},{"taxonomy":"product_cat","embeddable":true,"href":"https:\/\/empow-her.com\/en\/wp-json\/wp\/v2\/product_cat?post=15182"},{"taxonomy":"product_tag","embeddable":true,"href":"https:\/\/empow-her.com\/en\/wp-json\/wp\/v2\/product_tag?post=15182"},{"taxonomy":"lieu","embeddable":true,"href":"https:\/\/empow-her.com\/en\/wp-json\/wp\/v2\/lieu?post=15182"},{"taxonomy":"thematiques","embeddable":true,"href":"https:\/\/empow-her.com\/en\/wp-json\/wp\/v2\/thematiques?post=15182"}],"curies":[{"name":"wp","href":"https:\/\/api.w.org\/{rel}","templated":true}]}}