{"id":14615,"date":"2021-06-04T10:53:17","date_gmt":"2021-06-04T08:53:17","guid":{"rendered":"https:\/\/empow-her.com\/?post_type=product&#038;p=14615"},"modified":"2021-06-17T17:31:38","modified_gmt":"2021-06-17T15:31:38","slug":"special-event-lancement-a-corps-et-a-cris-par-aboutevie-avec-louisadonna","status":"publish","type":"product","link":"https:\/\/empow-her.com\/en\/produit\/special-event-lancement-a-corps-et-a-cris-par-aboutevie-avec-louisadonna\/","title":{"rendered":"Special Event : Lancement A corps et \u00e0 cris par Aboutevie avec Louisadonna"},"content":{"rendered":"<p>&#x1f4c5; <strong>Vendredi 11 Juin<\/strong>, on a le plaisir d\u2019accueillir non pas une, mais deux femmes super talentueuses !<br \/>\nC\u2019est l\u2019histoire de deux amies, Eve et Louise qui se rendent compte qu\u2019elles font leur lancement le m\u00eame jour\u2026alors elles d\u00e9cident de le faire ensemble\u2026 &#x1f4ab; Un bel exemple de sororit\u00e9 qu\u2019on est ravies de mettre en avant chez Sist\u2019her Paris. &#x1f917;<\/p>\n<p><a href=\"https:\/\/empow-her.com\/\">Empow\u2019her<\/a>, <a href=\"https:\/\/www.instagram.com\/aboutevie\/\">Aboutevie<\/a> et <a href=\"https:\/\/www.instagram.com\/louisadonnaaa\/\">Louisadonna<\/a> vous donnent rendez-vous chez <a href=\"https:\/\/www.facebook.com\/SistHer.Paris\">Sist\u2019her Paris<\/a> Vendredi 11 Juin pour le lancement de la BD <a href=\"https:\/\/www.albin-michel.fr\/ouvrages\/a-corps-et-a-cris-9782226463425\">\u00ab\u00a0A corps et \u00e0 cris\u00a0\u00bb<\/a> d\u2019Aboutevie et le premier EP-livre de Louisadonna <a href=\"https:\/\/bmgmusic.store\/collections\/a-paraitre\/products\/louisadonna-fatigue-ep-livre-cd-dedicace-precommande-a-paraitre-le-9-juillet-2021\">\u00ab\u00a0Fatigue\u00a0\u00bb<\/a>.<\/p>\n<p><strong>Programme :<\/strong><\/p>\n<ul>\n<li><strong>19h-19h45 :<\/strong> Rencontre autour du livre \u00ab A corps et \u00e0 cris \u00bb d\u2019Aboutevie<\/li>\n<li><strong>19h45-20h :<\/strong> Tombola avec Eve<\/li>\n<li><strong> 20h-20h30 :<\/strong> Concert de Louisadonna organis\u00e9 par <a href=\"https:\/\/www.caramba.fr\/qui-sommes-nous\/\">Caramba Culture Live<\/a><\/li>\n<\/ul>\n<p>&nbsp;<\/p>\n<p>&#x1f516; <strong>R\u00e9servation gratuite obligatoire <\/strong><\/p>\n<p>&nbsp;<\/p>\n<p>&#x1f50e; Zoom sur <a href=\"http:\/\/instagram.com\/aboutevie\">Aboutevie<\/a> : Eve Cambreleng, alias About Evie, 22 ans, est illustratrice, autrice de bande-dessin\u00e9e et f\u00e9ministe. Elle sort son premier livre \u00ab\u00a0\u00c0 corps et \u00e0 cris\u00a0\u00bb chez Albin Michel dans lequel elle analyse et d\u00e9construit les injonctions faites aux corps des femmes et minorit\u00e9s de genre, et nous invite \u00e0 d\u00e9sapprendre ce que l\u2019on nous a appris pour mieux faire la r\u00e9volution f\u00e9ministe de l\u2019intime.<\/p>\n<p>&#x1f50e; Zoom sur <a href=\"https:\/\/www.instagram.com\/louisadonnaaa\/\">Louisadonna<\/a> : Chanteuse pop, psychologue et activiste f\u00e9ministe. Louisadonna, 27 ans, est tout \u00e7a \u00e0 la fois. La toplineuse de talent a l\u2019art et la mani\u00e8re de faire passer des messages essentiels sur des m\u00e9lodies captivantes aux refrains irr\u00e9sistiblement accrocheurs, entre Charli XCX et Lana Del Rey. Son premier EP-livre, Fatigue, est le reflet attachant de ses convictions f\u00e9ministes, parfait t\u00e9moignage, criant de v\u00e9rit\u00e9, d\u2019une nouvelle g\u00e9n\u00e9ration pleinement engag\u00e9 dans le monde d\u2019apr\u00e8s.<\/p>\n<p>&#x1f4cd; Sist&#8217;her Paris, 82 rue du Faubourg St Martin<br \/>\nOuvert en mars 2021, Sist\u2019Her est le premier tiers-lieu d\u00e9di\u00e9 \u00e0 toutes celles qui souhaitent fa\u00e7onner le monde &#x1f30e;. Port\u00e9 par l\u2019association Empow\u2019Her, c\u2019est un lieu de vie bienveillant et joyeux, ouvert \u00e0 tou\u00b7te\u00b7s o\u00f9 il est possible de se former, cr\u00e9er et se rencontrer. &#x1f3e1;<\/p>\n<p>&nbsp;<\/p>\n<p>Ce projet est co-financ\u00e9 par le Fonds Social Europ\u00e9en.<\/p>\n<p><img decoding=\"async\" class=\"\" src=\"https:\/\/www.sep-asso.fr\/wp-content\/uploads\/2018\/02\/logo-union-europeenne.png\" alt=\"logo union europeenne \u2013 SEP\" width=\"87\" height=\"72\" \/>\u00a0\u00a0<img decoding=\"async\" class=\"alignnone wp-image-15218\" src=\"https:\/\/empow-her.com\/wp-content\/uploads\/2021\/06\/logo_fonds_social_europeen-300x187.png\" alt=\"\" width=\"104\" height=\"65\" srcset=\"https:\/\/empow-her.com\/wp-content\/uploads\/2021\/06\/logo_fonds_social_europeen-300x187.png 300w, https:\/\/empow-her.com\/wp-content\/uploads\/2021\/06\/logo_fonds_social_europeen-600x375.png 600w, https:\/\/empow-her.com\/wp-content\/uploads\/2021\/06\/logo_fonds_social_europeen-24x15.png 24w, https:\/\/empow-her.com\/wp-content\/uploads\/2021\/06\/logo_fonds_social_europeen-36x22.png 36w, https:\/\/empow-her.com\/wp-content\/uploads\/2021\/06\/logo_fonds_social_europeen-48x30.png 48w, https:\/\/empow-her.com\/wp-content\/uploads\/2021\/06\/logo_fonds_social_europeen.png 666w\" sizes=\"(max-width: 104px) 100vw, 104px\" \/> <img decoding=\"async\" class=\"\" src=\"https:\/\/franceactive-idf.org\/wp-content\/uploads\/2020\/02\/logo-region-ile-de-france.png\" alt=\"Logo Region Ile De France - France Active \u00cele-de-France\" width=\"126\" height=\"29\" \/><\/p>\n","protected":false},"excerpt":{"rendered":"<p>&#x1f4c5; <strong>Vendredi 11 Juin<\/strong>, on a le plaisir d\u2019accueillir non pas une, mais deux femmes super talentueuses !<br \/>\nC\u2019est l\u2019histoire de deux amies, Eve et Louise qui se rendent compte qu\u2019elles font leur lancement le m\u00eame jour\u2026alors elles d\u00e9cident de le faire ensemble\u2026 &#x1f4ab; Un bel exemple de sororit\u00e9 qu\u2019on est ravies de mettre en avant chez Sist\u2019her Paris. &#x1f917;<\/p>\n<p><a href=\"https:\/\/empow-her.com\/\">Empow\u2019her<\/a>, <a href=\"https:\/\/www.instagram.com\/aboutevie\/\">Aboutevie<\/a> et <a href=\"https:\/\/www.instagram.com\/louisadonnaaa\/\">Louisadonna<\/a> vous donnent rendez-vous chez <a href=\"https:\/\/www.facebook.com\/SistHer.Paris\">Sist\u2019her Paris<\/a> Vendredi 11 Juin pour le lancement de la BD <a href=\"https:\/\/www.albin-michel.fr\/ouvrages\/a-corps-et-a-cris-9782226463425\">\u00ab\u00a0A corps et \u00e0 cris\u00a0\u00bb<\/a> d\u2019Aboutevie et le premier EP-livre de Louisadonna <a href=\"https:\/\/bmgmusic.store\/collections\/a-paraitre\/products\/louisadonna-fatigue-ep-livre-cd-dedicace-precommande-a-paraitre-le-9-juillet-2021\">\u00ab\u00a0Fatigue\u00a0\u00bb<\/a>.<\/p>\n<p><strong>Programme :<\/strong><\/p>\n<ul>\n<li><strong>19h-19h45 :<\/strong> Rencontre autour du livre \u00ab A corps et \u00e0 cris \u00bb d\u2019Aboutevie<\/li>\n<li><strong>19h45-20h :<\/strong> Tombola avec Eve<\/li>\n<li><strong> 20h-20h30 :<\/strong> Concert de Louisadonna organis\u00e9 par <a href=\"https:\/\/www.caramba.fr\/qui-sommes-nous\/\">Caramba Culture Live<\/a><\/li>\n<\/ul>\n<p>&nbsp;<\/p>\n<p>&#x1f516; <strong>R\u00e9servation gratuite obligatoire (Une fois votre billet s\u00e9lectionn\u00e9, rendez-vous dans le panier)<br \/>\n<\/strong><\/p>\n<p>&nbsp;<\/p>\n<p>&#x1f50e; Zoom sur <a href=\"http:\/\/instagram.com\/aboutevie\">Aboutevie<\/a> : Eve Cambreleng, alias About Evie, 22 ans, est illustratrice, autrice de bande-dessin\u00e9e et f\u00e9ministe. Elle sort son premier livre \u00ab\u00a0\u00c0 corps et \u00e0 cris\u00a0\u00bb chez Albin Michel dans lequel elle analyse et d\u00e9construit les injonctions faites aux corps des femmes et minorit\u00e9s de genre, et nous invite \u00e0 d\u00e9sapprendre ce que l\u2019on nous a appris pour mieux faire la r\u00e9volution f\u00e9ministe de l\u2019intime.<\/p>\n<p>&#x1f50e; Zoom sur <a href=\"https:\/\/www.instagram.com\/louisadonnaaa\/\">Louisadonna<\/a> : Chanteuse pop, psychologue et activiste f\u00e9ministe. Louisadonna, 27 ans, est tout \u00e7a \u00e0 la fois. La toplineuse de talent a l\u2019art et la mani\u00e8re de faire passer des messages essentiels sur des m\u00e9lodies captivantes aux refrains irr\u00e9sistiblement accrocheurs, entre Charli XCX et Lana Del Rey. Son premier EP-livre, Fatigue, est le reflet attachant de ses convictions f\u00e9ministes, parfait t\u00e9moignage, criant de v\u00e9rit\u00e9, d\u2019une nouvelle g\u00e9n\u00e9ration pleinement engag\u00e9 dans le monde d\u2019apr\u00e8s.<\/p>\n<p>&#x1f4cd; Sist&#8217;her Paris, 82 rue du Faubourg St Martin<br \/>\nOuvert en mars 2021, Sist\u2019Her est le premier tiers-lieu d\u00e9di\u00e9 \u00e0 toutes celles qui souhaitent fa\u00e7onner le monde &#x1f30e;. Port\u00e9 par l\u2019association Empow\u2019Her, c\u2019est un lieu de vie bienveillant et joyeux, ouvert \u00e0 tou\u00b7te\u00b7s o\u00f9 il est possible de se former, cr\u00e9er et se rencontrer. &#x1f3e1;<\/p>\n","protected":false},"featured_media":0,"template":"","format":"standard","meta":{"_acf_changed":false,"om_disable_all_campaigns":false,"_uf_show_specific_survey":0,"_uf_disable_surveys":false},"product_brand":[],"product_cat":[119],"product_tag":[],"lieu":[127],"thematiques":[],"class_list":{"0":"post-14615","1":"product","2":"type-product","3":"status-publish","4":"format-standard","6":"product_cat-evenement-sisther","7":"lieu-hub-empowher","9":"first","10":"instock","11":"virtual","12":"purchasable","13":"product-type-appointment"},"exclude_global_add_ons":[],"addons":[],"acf":[],"yoast_head":"<!-- This site is optimized with the Yoast SEO plugin v24.8 - https:\/\/yoast.com\/wordpress\/plugins\/seo\/ -->\n<title>Special Event : Lancement A corps et \u00e0 cris par Aboutevie avec Louisadonna - Empow&#039;Her<\/title>\n<meta name=\"robots\" content=\"index, follow, max-snippet:-1, max-image-preview:large, max-video-preview:-1\" \/>\n<link rel=\"canonical\" href=\"https:\/\/empow-her.com\/es\/produit\/special-event-lancement-a-corps-et-a-cris-par-aboutevie-avec-louisadonna\/\" \/>\n<meta property=\"og:locale\" content=\"en_US\" \/>\n<meta property=\"og:type\" content=\"article\" \/>\n<meta property=\"og:title\" content=\"Special Event : Lancement A corps et \u00e0 cris par Aboutevie avec Louisadonna - Empow&#039;Her\" \/>\n<meta property=\"og:description\" content=\"&#x1f4c5; Vendredi 11 Juin, on a le plaisir d\u2019accueillir non pas une, mais deux femmes super talentueuses ! C\u2019est l\u2019histoire de deux amies, Eve et Louise qui se rendent compte qu\u2019elles font leur lancement le m\u00eame jour\u2026alors elles d\u00e9cident de le faire ensemble\u2026 &#x1f4ab; Un bel exemple de sororit\u00e9 qu\u2019on est ravies de mettre en avant chez Sist\u2019her Paris. &#x1f917;  Empow\u2019her, Aboutevie et Louisadonna vous donnent rendez-vous chez Sist\u2019her Paris Vendredi 11 Juin pour le lancement de la BD \u00ab\u00a0A corps et \u00e0 cris\u00a0\u00bb d\u2019Aboutevie et le premier EP-livre de Louisadonna \u00ab\u00a0Fatigue\u00a0\u00bb.  Programme :   19h-19h45 : Rencontre autour du livre \u00ab A corps et \u00e0 cris \u00bb d\u2019Aboutevie  19h45-20h : Tombola avec Eve   20h-20h30 : Concert de Louisadonna organis\u00e9 par Caramba Culture Live  &nbsp;  &#x1f516; R\u00e9servation gratuite obligatoire (Une fois votre billet s\u00e9lectionn\u00e9, rendez-vous dans le panier)   &nbsp;  &#x1f50e; Zoom sur Aboutevie : Eve Cambreleng, alias About Evie, 22 ans, est illustratrice, autrice de bande-dessin\u00e9e et f\u00e9ministe. Elle sort son premier livre \u00ab\u00a0\u00c0 corps et \u00e0 cris\u00a0\u00bb chez Albin Michel dans lequel elle analyse et d\u00e9construit les injonctions faites aux corps des femmes et minorit\u00e9s de genre, et nous invite \u00e0 d\u00e9sapprendre ce que l\u2019on nous a appris pour mieux faire la r\u00e9volution f\u00e9ministe de l\u2019intime.  &#x1f50e; Zoom sur Louisadonna : Chanteuse pop, psychologue et activiste f\u00e9ministe. Louisadonna, 27 ans, est tout \u00e7a \u00e0 la fois. La toplineuse de talent a l\u2019art et la mani\u00e8re de faire passer des messages essentiels sur des m\u00e9lodies captivantes aux refrains irr\u00e9sistiblement accrocheurs, entre Charli XCX et Lana Del Rey. Son premier EP-livre, Fatigue, est le reflet attachant de ses convictions f\u00e9ministes, parfait t\u00e9moignage, criant de v\u00e9rit\u00e9, d\u2019une nouvelle g\u00e9n\u00e9ration pleinement engag\u00e9 dans le monde d\u2019apr\u00e8s.  &#x1f4cd; Sist&#039;her Paris, 82 rue du Faubourg St Martin Ouvert en mars 2021, Sist\u2019Her est le premier tiers-lieu d\u00e9di\u00e9 \u00e0 toutes celles qui souhaitent fa\u00e7onner le monde &#x1f30e;. Port\u00e9 par l\u2019association Empow\u2019Her, c\u2019est un lieu de vie bienveillant et joyeux, ouvert \u00e0 tou\u00b7te\u00b7s o\u00f9 il est possible de se former, cr\u00e9er et se rencontrer. &#x1f3e1;\" \/>\n<meta property=\"og:url\" content=\"https:\/\/empow-her.com\/es\/produit\/special-event-lancement-a-corps-et-a-cris-par-aboutevie-avec-louisadonna\/\" \/>\n<meta property=\"og:site_name\" content=\"Empow&#039;Her\" \/>\n<meta property=\"article:modified_time\" content=\"2021-06-17T15:31:38+00:00\" \/>\n<meta property=\"og:image\" content=\"https:\/\/www.sep-asso.fr\/wp-content\/uploads\/2018\/02\/logo-union-europeenne.png\" \/>\n<meta name=\"twitter:card\" content=\"summary_large_image\" \/>\n<meta name=\"twitter:label1\" content=\"Est. reading time\" \/>\n\t<meta name=\"twitter:data1\" content=\"3 minutes\" \/>\n<script type=\"application\/ld+json\" class=\"yoast-schema-graph\">{\"@context\":\"https:\/\/schema.org\",\"@graph\":[{\"@type\":\"WebPage\",\"@id\":\"https:\/\/empow-her.com\/es\/produit\/special-event-lancement-a-corps-et-a-cris-par-aboutevie-avec-louisadonna\/\",\"url\":\"https:\/\/empow-her.com\/es\/produit\/special-event-lancement-a-corps-et-a-cris-par-aboutevie-avec-louisadonna\/\",\"name\":\"Special Event : Lancement A corps et \u00e0 cris par Aboutevie avec Louisadonna - Empow&#039;Her\",\"isPartOf\":{\"@id\":\"https:\/\/empow-her.com\/#website\"},\"primaryImageOfPage\":{\"@id\":\"https:\/\/empow-her.com\/es\/produit\/special-event-lancement-a-corps-et-a-cris-par-aboutevie-avec-louisadonna\/#primaryimage\"},\"image\":{\"@id\":\"https:\/\/empow-her.com\/es\/produit\/special-event-lancement-a-corps-et-a-cris-par-aboutevie-avec-louisadonna\/#primaryimage\"},\"thumbnailUrl\":\"https:\/\/www.sep-asso.fr\/wp-content\/uploads\/2018\/02\/logo-union-europeenne.png\",\"datePublished\":\"2021-06-04T08:53:17+00:00\",\"dateModified\":\"2021-06-17T15:31:38+00:00\",\"breadcrumb\":{\"@id\":\"https:\/\/empow-her.com\/es\/produit\/special-event-lancement-a-corps-et-a-cris-par-aboutevie-avec-louisadonna\/#breadcrumb\"},\"inLanguage\":\"en-US\",\"potentialAction\":[{\"@type\":\"ReadAction\",\"target\":[\"https:\/\/empow-her.com\/es\/produit\/special-event-lancement-a-corps-et-a-cris-par-aboutevie-avec-louisadonna\/\"]}]},{\"@type\":\"ImageObject\",\"inLanguage\":\"en-US\",\"@id\":\"https:\/\/empow-her.com\/es\/produit\/special-event-lancement-a-corps-et-a-cris-par-aboutevie-avec-louisadonna\/#primaryimage\",\"url\":\"https:\/\/www.sep-asso.fr\/wp-content\/uploads\/2018\/02\/logo-union-europeenne.png\",\"contentUrl\":\"https:\/\/www.sep-asso.fr\/wp-content\/uploads\/2018\/02\/logo-union-europeenne.png\"},{\"@type\":\"BreadcrumbList\",\"@id\":\"https:\/\/empow-her.com\/es\/produit\/special-event-lancement-a-corps-et-a-cris-par-aboutevie-avec-louisadonna\/#breadcrumb\",\"itemListElement\":[{\"@type\":\"ListItem\",\"position\":1,\"name\":\"Accueil\",\"item\":\"https:\/\/empow-her.com\/en\/landing-page\/\"},{\"@type\":\"ListItem\",\"position\":2,\"name\":\"LA BOUTIQUE\",\"item\":\"https:\/\/empow-her.com\/boutique\/\"},{\"@type\":\"ListItem\",\"position\":3,\"name\":\"Special Event : Lancement A corps et \u00e0 cris par Aboutevie avec Louisadonna\"}]},{\"@type\":\"WebSite\",\"@id\":\"https:\/\/empow-her.com\/#website\",\"url\":\"https:\/\/empow-her.com\/\",\"name\":\"Empow&#039;Her\",\"description\":\"Women Development\",\"potentialAction\":[{\"@type\":\"SearchAction\",\"target\":{\"@type\":\"EntryPoint\",\"urlTemplate\":\"https:\/\/empow-her.com\/?s={search_term_string}\"},\"query-input\":{\"@type\":\"PropertyValueSpecification\",\"valueRequired\":true,\"valueName\":\"search_term_string\"}}],\"inLanguage\":\"en-US\"}]}<\/script>\n<!-- \/ Yoast SEO plugin. -->","yoast_head_json":{"title":"Special Event : Lancement A corps et \u00e0 cris par Aboutevie avec Louisadonna - Empow&#039;Her","robots":{"index":"index","follow":"follow","max-snippet":"max-snippet:-1","max-image-preview":"max-image-preview:large","max-video-preview":"max-video-preview:-1"},"canonical":"https:\/\/empow-her.com\/es\/produit\/special-event-lancement-a-corps-et-a-cris-par-aboutevie-avec-louisadonna\/","og_locale":"en_US","og_type":"article","og_title":"Special Event : Lancement A corps et \u00e0 cris par Aboutevie avec Louisadonna - Empow&#039;Her","og_description":"&#x1f4c5; Vendredi 11 Juin, on a le plaisir d\u2019accueillir non pas une, mais deux femmes super talentueuses ! C\u2019est l\u2019histoire de deux amies, Eve et Louise qui se rendent compte qu\u2019elles font leur lancement le m\u00eame jour\u2026alors elles d\u00e9cident de le faire ensemble\u2026 &#x1f4ab; Un bel exemple de sororit\u00e9 qu\u2019on est ravies de mettre en avant chez Sist\u2019her Paris. &#x1f917;  Empow\u2019her, Aboutevie et Louisadonna vous donnent rendez-vous chez Sist\u2019her Paris Vendredi 11 Juin pour le lancement de la BD \u00ab\u00a0A corps et \u00e0 cris\u00a0\u00bb d\u2019Aboutevie et le premier EP-livre de Louisadonna \u00ab\u00a0Fatigue\u00a0\u00bb.  Programme :   19h-19h45 : Rencontre autour du livre \u00ab A corps et \u00e0 cris \u00bb d\u2019Aboutevie  19h45-20h : Tombola avec Eve   20h-20h30 : Concert de Louisadonna organis\u00e9 par Caramba Culture Live  &nbsp;  &#x1f516; R\u00e9servation gratuite obligatoire (Une fois votre billet s\u00e9lectionn\u00e9, rendez-vous dans le panier)   &nbsp;  &#x1f50e; Zoom sur Aboutevie : Eve Cambreleng, alias About Evie, 22 ans, est illustratrice, autrice de bande-dessin\u00e9e et f\u00e9ministe. Elle sort son premier livre \u00ab\u00a0\u00c0 corps et \u00e0 cris\u00a0\u00bb chez Albin Michel dans lequel elle analyse et d\u00e9construit les injonctions faites aux corps des femmes et minorit\u00e9s de genre, et nous invite \u00e0 d\u00e9sapprendre ce que l\u2019on nous a appris pour mieux faire la r\u00e9volution f\u00e9ministe de l\u2019intime.  &#x1f50e; Zoom sur Louisadonna : Chanteuse pop, psychologue et activiste f\u00e9ministe. Louisadonna, 27 ans, est tout \u00e7a \u00e0 la fois. La toplineuse de talent a l\u2019art et la mani\u00e8re de faire passer des messages essentiels sur des m\u00e9lodies captivantes aux refrains irr\u00e9sistiblement accrocheurs, entre Charli XCX et Lana Del Rey. Son premier EP-livre, Fatigue, est le reflet attachant de ses convictions f\u00e9ministes, parfait t\u00e9moignage, criant de v\u00e9rit\u00e9, d\u2019une nouvelle g\u00e9n\u00e9ration pleinement engag\u00e9 dans le monde d\u2019apr\u00e8s.  &#x1f4cd; Sist'her Paris, 82 rue du Faubourg St Martin Ouvert en mars 2021, Sist\u2019Her est le premier tiers-lieu d\u00e9di\u00e9 \u00e0 toutes celles qui souhaitent fa\u00e7onner le monde &#x1f30e;. Port\u00e9 par l\u2019association Empow\u2019Her, c\u2019est un lieu de vie bienveillant et joyeux, ouvert \u00e0 tou\u00b7te\u00b7s o\u00f9 il est possible de se former, cr\u00e9er et se rencontrer. &#x1f3e1;","og_url":"https:\/\/empow-her.com\/es\/produit\/special-event-lancement-a-corps-et-a-cris-par-aboutevie-avec-louisadonna\/","og_site_name":"Empow&#039;Her","article_modified_time":"2021-06-17T15:31:38+00:00","og_image":[{"url":"https:\/\/www.sep-asso.fr\/wp-content\/uploads\/2018\/02\/logo-union-europeenne.png","type":"","width":"","height":""}],"twitter_card":"summary_large_image","twitter_misc":{"Est. reading time":"3 minutes"},"schema":{"@context":"https:\/\/schema.org","@graph":[{"@type":"WebPage","@id":"https:\/\/empow-her.com\/es\/produit\/special-event-lancement-a-corps-et-a-cris-par-aboutevie-avec-louisadonna\/","url":"https:\/\/empow-her.com\/es\/produit\/special-event-lancement-a-corps-et-a-cris-par-aboutevie-avec-louisadonna\/","name":"Special Event : Lancement A corps et \u00e0 cris par Aboutevie avec Louisadonna - Empow&#039;Her","isPartOf":{"@id":"https:\/\/empow-her.com\/#website"},"primaryImageOfPage":{"@id":"https:\/\/empow-her.com\/es\/produit\/special-event-lancement-a-corps-et-a-cris-par-aboutevie-avec-louisadonna\/#primaryimage"},"image":{"@id":"https:\/\/empow-her.com\/es\/produit\/special-event-lancement-a-corps-et-a-cris-par-aboutevie-avec-louisadonna\/#primaryimage"},"thumbnailUrl":"https:\/\/www.sep-asso.fr\/wp-content\/uploads\/2018\/02\/logo-union-europeenne.png","datePublished":"2021-06-04T08:53:17+00:00","dateModified":"2021-06-17T15:31:38+00:00","breadcrumb":{"@id":"https:\/\/empow-her.com\/es\/produit\/special-event-lancement-a-corps-et-a-cris-par-aboutevie-avec-louisadonna\/#breadcrumb"},"inLanguage":"en-US","potentialAction":[{"@type":"ReadAction","target":["https:\/\/empow-her.com\/es\/produit\/special-event-lancement-a-corps-et-a-cris-par-aboutevie-avec-louisadonna\/"]}]},{"@type":"ImageObject","inLanguage":"en-US","@id":"https:\/\/empow-her.com\/es\/produit\/special-event-lancement-a-corps-et-a-cris-par-aboutevie-avec-louisadonna\/#primaryimage","url":"https:\/\/www.sep-asso.fr\/wp-content\/uploads\/2018\/02\/logo-union-europeenne.png","contentUrl":"https:\/\/www.sep-asso.fr\/wp-content\/uploads\/2018\/02\/logo-union-europeenne.png"},{"@type":"BreadcrumbList","@id":"https:\/\/empow-her.com\/es\/produit\/special-event-lancement-a-corps-et-a-cris-par-aboutevie-avec-louisadonna\/#breadcrumb","itemListElement":[{"@type":"ListItem","position":1,"name":"Accueil","item":"https:\/\/empow-her.com\/en\/landing-page\/"},{"@type":"ListItem","position":2,"name":"LA BOUTIQUE","item":"https:\/\/empow-her.com\/boutique\/"},{"@type":"ListItem","position":3,"name":"Special Event : Lancement A corps et \u00e0 cris par Aboutevie avec Louisadonna"}]},{"@type":"WebSite","@id":"https:\/\/empow-her.com\/#website","url":"https:\/\/empow-her.com\/","name":"Empow&#039;Her","description":"Women Development","potentialAction":[{"@type":"SearchAction","target":{"@type":"EntryPoint","urlTemplate":"https:\/\/empow-her.com\/?s={search_term_string}"},"query-input":{"@type":"PropertyValueSpecification","valueRequired":true,"valueName":"search_term_string"}}],"inLanguage":"en-US"}]}},"_links":{"self":[{"href":"https:\/\/empow-her.com\/en\/wp-json\/wp\/v2\/product\/14615","targetHints":{"allow":["GET"]}}],"collection":[{"href":"https:\/\/empow-her.com\/en\/wp-json\/wp\/v2\/product"}],"about":[{"href":"https:\/\/empow-her.com\/en\/wp-json\/wp\/v2\/types\/product"}],"wp:attachment":[{"href":"https:\/\/empow-her.com\/en\/wp-json\/wp\/v2\/media?parent=14615"}],"wp:term":[{"taxonomy":"product_brand","embeddable":true,"href":"https:\/\/empow-her.com\/en\/wp-json\/wp\/v2\/product_brand?post=14615"},{"taxonomy":"product_cat","embeddable":true,"href":"https:\/\/empow-her.com\/en\/wp-json\/wp\/v2\/product_cat?post=14615"},{"taxonomy":"product_tag","embeddable":true,"href":"https:\/\/empow-her.com\/en\/wp-json\/wp\/v2\/product_tag?post=14615"},{"taxonomy":"lieu","embeddable":true,"href":"https:\/\/empow-her.com\/en\/wp-json\/wp\/v2\/lieu?post=14615"},{"taxonomy":"thematiques","embeddable":true,"href":"https:\/\/empow-her.com\/en\/wp-json\/wp\/v2\/thematiques?post=14615"}],"curies":[{"name":"wp","href":"https:\/\/api.w.org\/{rel}","templated":true}]}}