{"id":14516,"date":"2021-06-01T18:06:49","date_gmt":"2021-06-01T16:06:49","guid":{"rendered":"https:\/\/empow-her.com\/?post_type=product&#038;p=14516"},"modified":"2021-06-17T17:26:13","modified_gmt":"2021-06-17T15:26:13","slug":"atelier-co-dev-rencontre-reseau-empowher-x-groupement-de-createurs-seine-saint-denis","status":"publish","type":"product","link":"https:\/\/empow-her.com\/en\/produit\/atelier-co-dev-rencontre-reseau-empowher-x-groupement-de-createurs-seine-saint-denis\/","title":{"rendered":"Atelier Co-dev &#8211; Rencontre R\u00e9seau, Empow&#8217;Her x Groupement de Cr\u00e9ateurs Seine Saint-Denis"},"content":{"rendered":"","protected":false},"excerpt":{"rendered":"<p>Vous souhaitez rencontrer d&#8217;autres porteuses de projet, \u00e9changer sur les grands d\u00e9fis de la cr\u00e9ation d&#8217;entreprise et trouver des solutions gr\u00e2ce \u00e0 l&#8217;intelligence collective ?<\/p>\n<p>Participez \u00e0 la rencontre de co-d\u00e9veloppement avec la communaut\u00e9 d&#8217;entrepreneures <a href=\"https:\/\/groupement-de-createurs.fr\/\">Groupement de cr\u00e9ateurs<\/a> Seine Saint-Denis. Ces entrepreneures qui se sont lanc\u00e9es ou sont en train de se lancer viennent partager leurs conseils et retours d&#8217;exp\u00e9rience avec vous !<\/p>\n<p>Cette rencontre se composera de temps d&#8217;\u00e9change et de s\u00e9quences de co-d\u00e9veloppement pour r\u00e9soudre vos d\u00e9fis collectivement dans un cadre bienveillant et d&#8217;<wbr \/>entraide.<\/p>\n<p><strong>Pr\u00eates \u00e0 r\u00e9seauter ?<\/strong><\/p>\n<p>&nbsp;<\/p>\n<p>Les <a href=\"https:\/\/groupement-de-createurs.fr\/\">Groupements de cr\u00e9ateurs<\/a> accompagnent depuis des ann\u00e9es des personnes qui souhaitent entreprendre et cr\u00e9er leur entreprise !<\/p>\n<p>&nbsp;<\/p>\n<p>Ce projet est co-financ\u00e9 par le Fonds Social Europ\u00e9en.<\/p>\n<p><img decoding=\"async\" class=\"\" src=\"https:\/\/www.sep-asso.fr\/wp-content\/uploads\/2018\/02\/logo-union-europeenne.png\" alt=\"logo union europeenne \u2013 SEP\" width=\"87\" height=\"72\" \/> <img decoding=\"async\" class=\"alignnone  wp-image-15218\" src=\"https:\/\/empow-her.com\/wp-content\/uploads\/2021\/06\/logo_fonds_social_europeen-300x187.png\" alt=\"\" width=\"104\" height=\"65\" srcset=\"https:\/\/empow-her.com\/wp-content\/uploads\/2021\/06\/logo_fonds_social_europeen-300x187.png 300w, https:\/\/empow-her.com\/wp-content\/uploads\/2021\/06\/logo_fonds_social_europeen-600x375.png 600w, https:\/\/empow-her.com\/wp-content\/uploads\/2021\/06\/logo_fonds_social_europeen-24x15.png 24w, https:\/\/empow-her.com\/wp-content\/uploads\/2021\/06\/logo_fonds_social_europeen-36x22.png 36w, https:\/\/empow-her.com\/wp-content\/uploads\/2021\/06\/logo_fonds_social_europeen-48x30.png 48w, https:\/\/empow-her.com\/wp-content\/uploads\/2021\/06\/logo_fonds_social_europeen.png 666w\" sizes=\"(max-width: 104px) 100vw, 104px\" \/>\u00a0 <img decoding=\"async\" class=\"\" src=\"https:\/\/franceactive-idf.org\/wp-content\/uploads\/2020\/02\/logo-region-ile-de-france.png\" alt=\"Logo Region Ile De France - France Active \u00cele-de-France\" width=\"126\" height=\"29\" \/><\/p>\n","protected":false},"featured_media":0,"template":"","format":"standard","meta":{"_acf_changed":false,"om_disable_all_campaigns":false,"_uf_show_specific_survey":0,"_uf_disable_surveys":false},"product_brand":[],"product_cat":[118],"product_tag":[],"lieu":[127],"thematiques":[],"class_list":{"0":"post-14516","1":"product","2":"type-product","3":"status-publish","4":"format-standard","6":"product_cat-atelier-collectif","7":"lieu-hub-empowher","9":"first","10":"instock","11":"virtual","12":"purchasable","13":"product-type-appointment"},"exclude_global_add_ons":[],"addons":[],"acf":[],"yoast_head":"<!-- This site is optimized with the Yoast SEO plugin v24.8 - https:\/\/yoast.com\/wordpress\/plugins\/seo\/ -->\n<title>Atelier Co-dev - Rencontre R\u00e9seau, Empow&#039;Her x Groupement de Cr\u00e9ateurs Seine Saint-Denis - Empow&#039;Her<\/title>\n<meta name=\"robots\" content=\"index, follow, max-snippet:-1, max-image-preview:large, max-video-preview:-1\" \/>\n<link rel=\"canonical\" href=\"https:\/\/empow-her.com\/es\/produit\/atelier-co-dev-rencontre-reseau-empowher-x-groupement-de-createurs-seine-saint-denis\/\" \/>\n<meta property=\"og:locale\" content=\"en_US\" \/>\n<meta property=\"og:type\" content=\"article\" \/>\n<meta property=\"og:title\" content=\"Atelier Co-dev - Rencontre R\u00e9seau, Empow&#039;Her x Groupement de Cr\u00e9ateurs Seine Saint-Denis - Empow&#039;Her\" \/>\n<meta property=\"og:description\" content=\"Vous souhaitez rencontrer d&#039;autres porteuses de projet, \u00e9changer sur les grands d\u00e9fis de la cr\u00e9ation d&#039;entreprise et trouver des solutions gr\u00e2ce \u00e0 l&#039;intelligence collective ?  Participez \u00e0 la rencontre de co-d\u00e9veloppement avec la communaut\u00e9 d&#039;entrepreneures Groupement de cr\u00e9ateurs Seine Saint-Denis. Ces entrepreneures qui se sont lanc\u00e9es ou sont en train de se lancer viennent partager leurs conseils et retours d&#039;exp\u00e9rience avec vous !  Cette rencontre se composera de temps d&#039;\u00e9change et de s\u00e9quences de co-d\u00e9veloppement pour r\u00e9soudre vos d\u00e9fis collectivement dans un cadre bienveillant et d&#039;entraide.  Pr\u00eates \u00e0 r\u00e9seauter ?  &nbsp;  Les Groupements de cr\u00e9ateurs accompagnent depuis des ann\u00e9es des personnes qui souhaitent entreprendre et cr\u00e9er leur entreprise !  &nbsp;  Ce projet est co-financ\u00e9 par le Fonds Social Europ\u00e9en.   \u00a0\" \/>\n<meta property=\"og:url\" content=\"https:\/\/empow-her.com\/es\/produit\/atelier-co-dev-rencontre-reseau-empowher-x-groupement-de-createurs-seine-saint-denis\/\" \/>\n<meta property=\"og:site_name\" content=\"Empow&#039;Her\" \/>\n<meta property=\"article:modified_time\" content=\"2021-06-17T15:26:13+00:00\" \/>\n<meta name=\"twitter:card\" content=\"summary_large_image\" \/>\n<script type=\"application\/ld+json\" class=\"yoast-schema-graph\">{\"@context\":\"https:\/\/schema.org\",\"@graph\":[{\"@type\":\"WebPage\",\"@id\":\"https:\/\/empow-her.com\/es\/produit\/atelier-co-dev-rencontre-reseau-empowher-x-groupement-de-createurs-seine-saint-denis\/\",\"url\":\"https:\/\/empow-her.com\/es\/produit\/atelier-co-dev-rencontre-reseau-empowher-x-groupement-de-createurs-seine-saint-denis\/\",\"name\":\"Atelier Co-dev - Rencontre R\u00e9seau, Empow'Her x Groupement de Cr\u00e9ateurs Seine Saint-Denis - Empow&#039;Her\",\"isPartOf\":{\"@id\":\"https:\/\/empow-her.com\/#website\"},\"datePublished\":\"2021-06-01T16:06:49+00:00\",\"dateModified\":\"2021-06-17T15:26:13+00:00\",\"breadcrumb\":{\"@id\":\"https:\/\/empow-her.com\/es\/produit\/atelier-co-dev-rencontre-reseau-empowher-x-groupement-de-createurs-seine-saint-denis\/#breadcrumb\"},\"inLanguage\":\"en-US\",\"potentialAction\":[{\"@type\":\"ReadAction\",\"target\":[\"https:\/\/empow-her.com\/es\/produit\/atelier-co-dev-rencontre-reseau-empowher-x-groupement-de-createurs-seine-saint-denis\/\"]}]},{\"@type\":\"BreadcrumbList\",\"@id\":\"https:\/\/empow-her.com\/es\/produit\/atelier-co-dev-rencontre-reseau-empowher-x-groupement-de-createurs-seine-saint-denis\/#breadcrumb\",\"itemListElement\":[{\"@type\":\"ListItem\",\"position\":1,\"name\":\"Accueil\",\"item\":\"https:\/\/empow-her.com\/en\/landing-page\/\"},{\"@type\":\"ListItem\",\"position\":2,\"name\":\"LA BOUTIQUE\",\"item\":\"https:\/\/empow-her.com\/boutique\/\"},{\"@type\":\"ListItem\",\"position\":3,\"name\":\"Atelier Co-dev &#8211; Rencontre R\u00e9seau, Empow&#8217;Her x Groupement de Cr\u00e9ateurs Seine Saint-Denis\"}]},{\"@type\":\"WebSite\",\"@id\":\"https:\/\/empow-her.com\/#website\",\"url\":\"https:\/\/empow-her.com\/\",\"name\":\"Empow&#039;Her\",\"description\":\"Women Development\",\"potentialAction\":[{\"@type\":\"SearchAction\",\"target\":{\"@type\":\"EntryPoint\",\"urlTemplate\":\"https:\/\/empow-her.com\/?s={search_term_string}\"},\"query-input\":{\"@type\":\"PropertyValueSpecification\",\"valueRequired\":true,\"valueName\":\"search_term_string\"}}],\"inLanguage\":\"en-US\"}]}<\/script>\n<!-- \/ Yoast SEO plugin. -->","yoast_head_json":{"title":"Atelier Co-dev - Rencontre R\u00e9seau, Empow'Her x Groupement de Cr\u00e9ateurs Seine Saint-Denis - Empow&#039;Her","robots":{"index":"index","follow":"follow","max-snippet":"max-snippet:-1","max-image-preview":"max-image-preview:large","max-video-preview":"max-video-preview:-1"},"canonical":"https:\/\/empow-her.com\/es\/produit\/atelier-co-dev-rencontre-reseau-empowher-x-groupement-de-createurs-seine-saint-denis\/","og_locale":"en_US","og_type":"article","og_title":"Atelier Co-dev - Rencontre R\u00e9seau, Empow'Her x Groupement de Cr\u00e9ateurs Seine Saint-Denis - Empow&#039;Her","og_description":"Vous souhaitez rencontrer d'autres porteuses de projet, \u00e9changer sur les grands d\u00e9fis de la cr\u00e9ation d'entreprise et trouver des solutions gr\u00e2ce \u00e0 l'intelligence collective ?  Participez \u00e0 la rencontre de co-d\u00e9veloppement avec la communaut\u00e9 d'entrepreneures Groupement de cr\u00e9ateurs Seine Saint-Denis. Ces entrepreneures qui se sont lanc\u00e9es ou sont en train de se lancer viennent partager leurs conseils et retours d'exp\u00e9rience avec vous !  Cette rencontre se composera de temps d'\u00e9change et de s\u00e9quences de co-d\u00e9veloppement pour r\u00e9soudre vos d\u00e9fis collectivement dans un cadre bienveillant et d'entraide.  Pr\u00eates \u00e0 r\u00e9seauter ?  &nbsp;  Les Groupements de cr\u00e9ateurs accompagnent depuis des ann\u00e9es des personnes qui souhaitent entreprendre et cr\u00e9er leur entreprise !  &nbsp;  Ce projet est co-financ\u00e9 par le Fonds Social Europ\u00e9en.   \u00a0","og_url":"https:\/\/empow-her.com\/es\/produit\/atelier-co-dev-rencontre-reseau-empowher-x-groupement-de-createurs-seine-saint-denis\/","og_site_name":"Empow&#039;Her","article_modified_time":"2021-06-17T15:26:13+00:00","twitter_card":"summary_large_image","schema":{"@context":"https:\/\/schema.org","@graph":[{"@type":"WebPage","@id":"https:\/\/empow-her.com\/es\/produit\/atelier-co-dev-rencontre-reseau-empowher-x-groupement-de-createurs-seine-saint-denis\/","url":"https:\/\/empow-her.com\/es\/produit\/atelier-co-dev-rencontre-reseau-empowher-x-groupement-de-createurs-seine-saint-denis\/","name":"Atelier Co-dev - Rencontre R\u00e9seau, Empow'Her x Groupement de Cr\u00e9ateurs Seine Saint-Denis - Empow&#039;Her","isPartOf":{"@id":"https:\/\/empow-her.com\/#website"},"datePublished":"2021-06-01T16:06:49+00:00","dateModified":"2021-06-17T15:26:13+00:00","breadcrumb":{"@id":"https:\/\/empow-her.com\/es\/produit\/atelier-co-dev-rencontre-reseau-empowher-x-groupement-de-createurs-seine-saint-denis\/#breadcrumb"},"inLanguage":"en-US","potentialAction":[{"@type":"ReadAction","target":["https:\/\/empow-her.com\/es\/produit\/atelier-co-dev-rencontre-reseau-empowher-x-groupement-de-createurs-seine-saint-denis\/"]}]},{"@type":"BreadcrumbList","@id":"https:\/\/empow-her.com\/es\/produit\/atelier-co-dev-rencontre-reseau-empowher-x-groupement-de-createurs-seine-saint-denis\/#breadcrumb","itemListElement":[{"@type":"ListItem","position":1,"name":"Accueil","item":"https:\/\/empow-her.com\/en\/landing-page\/"},{"@type":"ListItem","position":2,"name":"LA BOUTIQUE","item":"https:\/\/empow-her.com\/boutique\/"},{"@type":"ListItem","position":3,"name":"Atelier Co-dev &#8211; Rencontre R\u00e9seau, Empow&#8217;Her x Groupement de Cr\u00e9ateurs Seine Saint-Denis"}]},{"@type":"WebSite","@id":"https:\/\/empow-her.com\/#website","url":"https:\/\/empow-her.com\/","name":"Empow&#039;Her","description":"Women Development","potentialAction":[{"@type":"SearchAction","target":{"@type":"EntryPoint","urlTemplate":"https:\/\/empow-her.com\/?s={search_term_string}"},"query-input":{"@type":"PropertyValueSpecification","valueRequired":true,"valueName":"search_term_string"}}],"inLanguage":"en-US"}]}},"_links":{"self":[{"href":"https:\/\/empow-her.com\/en\/wp-json\/wp\/v2\/product\/14516","targetHints":{"allow":["GET"]}}],"collection":[{"href":"https:\/\/empow-her.com\/en\/wp-json\/wp\/v2\/product"}],"about":[{"href":"https:\/\/empow-her.com\/en\/wp-json\/wp\/v2\/types\/product"}],"wp:attachment":[{"href":"https:\/\/empow-her.com\/en\/wp-json\/wp\/v2\/media?parent=14516"}],"wp:term":[{"taxonomy":"product_brand","embeddable":true,"href":"https:\/\/empow-her.com\/en\/wp-json\/wp\/v2\/product_brand?post=14516"},{"taxonomy":"product_cat","embeddable":true,"href":"https:\/\/empow-her.com\/en\/wp-json\/wp\/v2\/product_cat?post=14516"},{"taxonomy":"product_tag","embeddable":true,"href":"https:\/\/empow-her.com\/en\/wp-json\/wp\/v2\/product_tag?post=14516"},{"taxonomy":"lieu","embeddable":true,"href":"https:\/\/empow-her.com\/en\/wp-json\/wp\/v2\/lieu?post=14516"},{"taxonomy":"thematiques","embeddable":true,"href":"https:\/\/empow-her.com\/en\/wp-json\/wp\/v2\/thematiques?post=14516"}],"curies":[{"name":"wp","href":"https:\/\/api.w.org\/{rel}","templated":true}]}}