{"id":14421,"date":"2021-05-27T11:31:35","date_gmt":"2021-05-27T09:31:35","guid":{"rendered":"https:\/\/empow-her.com\/?post_type=product&#038;p=14421"},"modified":"2021-06-17T17:51:17","modified_gmt":"2021-06-17T15:51:17","slug":"happyher-decouverte-de-pop-mate","status":"publish","type":"product","link":"https:\/\/empow-her.com\/en\/produit\/happyher-decouverte-de-pop-mate\/","title":{"rendered":"Happy&#8217;Her : D\u00e9couverte de Pop Mat\u00e9"},"content":{"rendered":"<p>Empow&#8217;her vous donne rendez-vous chez Sist&#8217;her Paris pour\u00a0 son premier Happy&#8217;Her de la communaut\u00e9 ! &#x1f64c;<\/p>\n<p>&#x1f914; C&#8217;est quoi les Happy&#8217;Her ? Les ap\u00e9ros de la communaut\u00e9 d&#8217;Empow&#8217;her pour que vous vous rencontriez toutes. Entre partage d&#8217;exp\u00e9riences, entraide, sororit\u00e9 et simples moments de joie et de rires, les Happy&#8217;Her d&#8217;Empow&#8217;her, c&#8217;est LA rencontre des entrepreneuses d&#8217;Ile-de-France &#x1f37b;<\/p>\n<p>Pour cette premi\u00e8re \u00e9dition, on vous pr\u00e9par\u00e9 un programme aux petits oignons avec une rencontre d&#8217;Apolline et Andr\u00e9a, les fondatrices de <a href=\"http:\/\/popmate.fr\">POP Mat\u00e9<\/a>, leur infusion p\u00e9tillante de mat\u00e9 bio &#x1f9c9; (test\u00e9e et approuv\u00e9e par la team Empow&#8217;her). Elles viennent de finir leur premi\u00e8re campagne de crowdfunding et s&#8217;appr\u00eatent \u00e0 faire la tourn\u00e9e des festivals cet \u00e9t\u00e9 &#x1f389;<\/p>\n<p>Venez discuter du projet autour d&#8217;un verre de POP Mat\u00e9, et d\u00e9couvrir leur univers aux sons des Toutes&amp;Chaos, leur collectif de DJettes &#x1f3a7; &#x1f3b6;! Et pourquoi pas acheter quelques bouteilles pour vos ap\u00e9ros ensoleill\u00e9s ?&#x1f37b;<\/p>\n<p>Cet \u00e9v\u00e9nement sera aussi l&#8217;occasion pour les contributeur.rice.s de leur campagne Ulule de r\u00e9cup\u00e9rer leurs contreparties.<\/p>\n<p><span class=\"pq6dq46d tbxw36s4 knj5qynh kvgmc6g5 ditlmg2l oygrvhab nvdbi5me sf5mxxl7 gl3lb2sf hhz5lgdu\"><img decoding=\"async\" src=\"https:\/\/static.xx.fbcdn.net\/images\/emoji.php\/v9\/t42\/1\/16\/1f50e.png\" alt=\"&#x1f50e;\" width=\"16\" height=\"16\" \/><\/span><strong> Zo<\/strong><strong>om sur<\/strong> <strong>POP Mat\u00e9 : <\/strong>Besoin d&#8217;un petit coup de boost ? POP Mat\u00e9 c&#8217;est une infusion p\u00e9tillante de mat\u00e9 bio, concoct\u00e9e \u00e0 deux pas de Paris. Gr\u00e2ce \u00e0 la caf\u00e9ine naturellement pr\u00e9sente dans le mat\u00e9, POP Mat\u00e9 vous apporte le petit coup de boost dont vous avez parfois besoin, en journ\u00e9e comme en soir\u00e9e. L&#8217;id\u00e9e : vous proposer une alternative saine, cool et rafra\u00eechissante au caf\u00e9, aux energy drinks industriels et \u00e0 l&#8217;alcool.<\/p>\n<p><span class=\"pq6dq46d tbxw36s4 knj5qynh kvgmc6g5 ditlmg2l oygrvhab nvdbi5me sf5mxxl7 gl3lb2sf hhz5lgdu\"><img decoding=\"async\" src=\"https:\/\/static.xx.fbcdn.net\/images\/emoji.php\/v9\/t2d\/1\/16\/1f4cd.png\" alt=\"&#x1f4cd;\" width=\"16\" height=\"16\" \/><\/span><strong>Sist&#8217;her Paris<\/strong>, 82 rue du Fabourg St Martin<br \/>\nOuvert en mars 2021, Sist\u2019Her est le premier tiers-lieu d\u00e9di\u00e9 \u00e0 toutes celles qui souhaitent fa\u00e7onner le monde <span class=\"pq6dq46d tbxw36s4 knj5qynh kvgmc6g5 ditlmg2l oygrvhab nvdbi5me sf5mxxl7 gl3lb2sf hhz5lgdu\"><img decoding=\"async\" src=\"https:\/\/static.xx.fbcdn.net\/images\/emoji.php\/v9\/t3f\/1\/16\/1f30d.png\" alt=\"&#x1f30d;\" width=\"16\" height=\"16\" \/><\/span>. Port\u00e9 par l\u2019association Empow\u2019Her, c\u2019est un lieu de vie bienveillant et joyeux, ouvert \u00e0 tou\u00b7te\u00b7s o\u00f9 il est possible de se former, cr\u00e9er et se rencontrer. <span class=\"pq6dq46d tbxw36s4 knj5qynh kvgmc6g5 ditlmg2l oygrvhab nvdbi5me sf5mxxl7 gl3lb2sf hhz5lgdu\"><img loading=\"lazy\" decoding=\"async\" src=\"https:\/\/static.xx.fbcdn.net\/images\/emoji.php\/v9\/t77\/1\/16\/1f3e1.png\" alt=\"&#x1f3e1;\" width=\"16\" height=\"16\" \/><\/span><\/p>\n<p>&nbsp;<\/p>\n<p>Ce projet est co-financ\u00e9 par le Fonds Social Europ\u00e9en.<\/p>\n<p><img loading=\"lazy\" decoding=\"async\" class=\"\" src=\"https:\/\/www.sep-asso.fr\/wp-content\/uploads\/2018\/02\/logo-union-europeenne.png\" alt=\"logo union europeenne \u2013 SEP\" width=\"87\" height=\"72\" \/>\u00a0\u00a0<img loading=\"lazy\" decoding=\"async\" class=\"alignnone wp-image-15218\" src=\"https:\/\/empow-her.com\/wp-content\/uploads\/2021\/06\/logo_fonds_social_europeen-300x187.png\" alt=\"\" width=\"104\" height=\"65\" srcset=\"https:\/\/empow-her.com\/wp-content\/uploads\/2021\/06\/logo_fonds_social_europeen-300x187.png 300w, https:\/\/empow-her.com\/wp-content\/uploads\/2021\/06\/logo_fonds_social_europeen-600x375.png 600w, https:\/\/empow-her.com\/wp-content\/uploads\/2021\/06\/logo_fonds_social_europeen-24x15.png 24w, https:\/\/empow-her.com\/wp-content\/uploads\/2021\/06\/logo_fonds_social_europeen-36x22.png 36w, https:\/\/empow-her.com\/wp-content\/uploads\/2021\/06\/logo_fonds_social_europeen-48x30.png 48w, https:\/\/empow-her.com\/wp-content\/uploads\/2021\/06\/logo_fonds_social_europeen.png 666w\" sizes=\"(max-width: 104px) 100vw, 104px\" \/> <img loading=\"lazy\" decoding=\"async\" class=\"\" src=\"https:\/\/franceactive-idf.org\/wp-content\/uploads\/2020\/02\/logo-region-ile-de-france.png\" alt=\"Logo Region Ile De France - France Active \u00cele-de-France\" width=\"126\" height=\"29\" \/><\/p>\n","protected":false},"excerpt":{"rendered":"<p>Empow&#8217;her vous donne rendez-vous chez Sist&#8217;her Paris pour\u00a0 son premier Happy&#8217;Her de la communaut\u00e9 ! &#x1f64c;<\/p>\n<p>&#x1f914; C&#8217;est quoi les Happy&#8217;Her ? Les ap\u00e9ros de la communaut\u00e9 d&#8217;Empow&#8217;her pour que vous vous rencontriez toutes. Entre partage d&#8217;exp\u00e9riences, entraide, sororit\u00e9 et simples moments de joie et de rires, les Happy&#8217;Her d&#8217;Empow&#8217;her, c&#8217;est LA rencontre des entrepreneuses d&#8217;Ile-de-France &#x1f37b;<\/p>\n<p>Pour cette premi\u00e8re \u00e9dition, on vous pr\u00e9par\u00e9 un programme aux petits oignons avec une rencontre d&#8217;Apolline et Andr\u00e9a, les fondatrices de <a href=\"http:\/\/popmate.fr\">POP Mat\u00e9<\/a>, leur infusion p\u00e9tillante de mat\u00e9 bio &#x1f9c9; (test\u00e9e et approuv\u00e9e par la team Empow&#8217;her). Elles viennent de finir leur premi\u00e8re campagne de crowdfunding et s&#8217;appr\u00eatent \u00e0 faire la tourn\u00e9e des festivals cet \u00e9t\u00e9 &#x1f389;<\/p>\n<p>Venez discuter du projet autour d&#8217;un verre de POP Mat\u00e9, et d\u00e9couvrir leur univers aux sons des Toutes&amp;Chaos, leur collectif de DJettes &#x1f3a7; &#x1f3b6;! Et pourquoi pas acheter quelques bouteilles pour vos ap\u00e9ros ensoleill\u00e9s ?&#x1f37b;<\/p>\n<p>Cet \u00e9v\u00e9nement sera aussi l&#8217;occasion pour les contributeur.rice.s de leur campagne Ulule de r\u00e9cup\u00e9rer leurs contreparties.<\/p>\n<p><span class=\"pq6dq46d tbxw36s4 knj5qynh kvgmc6g5 ditlmg2l oygrvhab nvdbi5me sf5mxxl7 gl3lb2sf hhz5lgdu\"><img decoding=\"async\" src=\"https:\/\/static.xx.fbcdn.net\/images\/emoji.php\/v9\/t42\/1\/16\/1f50e.png\" alt=\"&#x1f50e;\" width=\"16\" height=\"16\" \/><\/span><strong> Zo<\/strong><strong>om sur<\/strong> <strong>POP Mat\u00e9 : <\/strong>Besoin d&#8217;un petit coup de boost ? POP Mat\u00e9 c&#8217;est une infusion p\u00e9tillante de mat\u00e9 bio, concoct\u00e9e \u00e0 deux pas de Paris. Gr\u00e2ce \u00e0 la caf\u00e9ine naturellement pr\u00e9sente dans le mat\u00e9, POP Mat\u00e9 vous apporte le petit coup de boost dont vous avez parfois besoin, en journ\u00e9e comme en soir\u00e9e. L&#8217;id\u00e9e : vous proposer une alternative saine, cool et rafra\u00eechissante au caf\u00e9, aux energy drinks industriels et \u00e0 l&#8217;alcool.<\/p>\n<p><span class=\"pq6dq46d tbxw36s4 knj5qynh kvgmc6g5 ditlmg2l oygrvhab nvdbi5me sf5mxxl7 gl3lb2sf hhz5lgdu\"><img decoding=\"async\" src=\"https:\/\/static.xx.fbcdn.net\/images\/emoji.php\/v9\/t2d\/1\/16\/1f4cd.png\" alt=\"&#x1f4cd;\" width=\"16\" height=\"16\" \/><\/span><strong>Sist&#8217;her Paris<\/strong>, 82 rue du Fabourg St Martin<br \/>\nOuvert en mars 2021, Sist\u2019Her est le premier tiers-lieu d\u00e9di\u00e9 \u00e0 toutes celles qui souhaitent fa\u00e7onner le monde <span class=\"pq6dq46d tbxw36s4 knj5qynh kvgmc6g5 ditlmg2l oygrvhab nvdbi5me sf5mxxl7 gl3lb2sf hhz5lgdu\"><img decoding=\"async\" src=\"https:\/\/static.xx.fbcdn.net\/images\/emoji.php\/v9\/t3f\/1\/16\/1f30d.png\" alt=\"&#x1f30d;\" width=\"16\" height=\"16\" \/><\/span>. Port\u00e9 par l\u2019association Empow\u2019Her, c\u2019est un lieu de vie bienveillant et joyeux, ouvert \u00e0 tou\u00b7te\u00b7s o\u00f9 il est possible de se former, cr\u00e9er et se rencontrer. <span class=\"pq6dq46d tbxw36s4 knj5qynh kvgmc6g5 ditlmg2l oygrvhab nvdbi5me sf5mxxl7 gl3lb2sf hhz5lgdu\"><img loading=\"lazy\" decoding=\"async\" src=\"https:\/\/static.xx.fbcdn.net\/images\/emoji.php\/v9\/t77\/1\/16\/1f3e1.png\" alt=\"&#x1f3e1;\" width=\"16\" height=\"16\" \/><\/span><\/p>\n<p>Ce projet est co-financ\u00e9 par le Fonds Social Europ\u00e9en.<\/p>\n<p><img loading=\"lazy\" decoding=\"async\" class=\"\" src=\"https:\/\/www.sep-asso.fr\/wp-content\/uploads\/2018\/02\/logo-union-europeenne.png\" alt=\"logo union europeenne \u2013 SEP\" width=\"87\" height=\"72\" \/>\u00a0\u00a0<img loading=\"lazy\" decoding=\"async\" class=\"alignnone wp-image-15218\" src=\"https:\/\/empow-her.com\/wp-content\/uploads\/2021\/06\/logo_fonds_social_europeen-300x187.png\" alt=\"\" width=\"104\" height=\"65\" srcset=\"https:\/\/empow-her.com\/wp-content\/uploads\/2021\/06\/logo_fonds_social_europeen-300x187.png 300w, https:\/\/empow-her.com\/wp-content\/uploads\/2021\/06\/logo_fonds_social_europeen-600x375.png 600w, https:\/\/empow-her.com\/wp-content\/uploads\/2021\/06\/logo_fonds_social_europeen-24x15.png 24w, https:\/\/empow-her.com\/wp-content\/uploads\/2021\/06\/logo_fonds_social_europeen-36x22.png 36w, https:\/\/empow-her.com\/wp-content\/uploads\/2021\/06\/logo_fonds_social_europeen-48x30.png 48w, https:\/\/empow-her.com\/wp-content\/uploads\/2021\/06\/logo_fonds_social_europeen.png 666w\" sizes=\"(max-width: 104px) 100vw, 104px\" \/> <img loading=\"lazy\" decoding=\"async\" class=\"\" src=\"https:\/\/franceactive-idf.org\/wp-content\/uploads\/2020\/02\/logo-region-ile-de-france.png\" alt=\"Logo Region Ile De France - France Active \u00cele-de-France\" width=\"126\" height=\"29\" \/><\/p>\n","protected":false},"featured_media":0,"template":"","format":"standard","meta":{"_acf_changed":false,"om_disable_all_campaigns":false,"_uf_show_specific_survey":0,"_uf_disable_surveys":false},"product_brand":[],"product_cat":[119],"product_tag":[],"lieu":[127],"thematiques":[],"class_list":{"0":"post-14421","1":"product","2":"type-product","3":"status-publish","4":"format-standard","6":"product_cat-evenement-sisther","7":"lieu-hub-empowher","9":"first","10":"instock","11":"virtual","12":"purchasable","13":"product-type-appointment"},"exclude_global_add_ons":[],"addons":[],"acf":[],"yoast_head":"<!-- This site is optimized with the Yoast SEO plugin v24.8 - https:\/\/yoast.com\/wordpress\/plugins\/seo\/ -->\n<title>Happy&#039;Her : D\u00e9couverte de Pop Mat\u00e9 - Empow&#039;Her<\/title>\n<meta name=\"robots\" content=\"index, follow, max-snippet:-1, max-image-preview:large, max-video-preview:-1\" \/>\n<link rel=\"canonical\" href=\"https:\/\/empow-her.com\/es\/produit\/happyher-decouverte-de-pop-mate\/\" \/>\n<meta property=\"og:locale\" content=\"en_US\" \/>\n<meta property=\"og:type\" content=\"article\" \/>\n<meta property=\"og:title\" content=\"Happy&#039;Her : D\u00e9couverte de Pop Mat\u00e9 - Empow&#039;Her\" \/>\n<meta property=\"og:description\" content=\"Empow&#039;her vous donne rendez-vous chez Sist&#039;her Paris pour\u00a0 son premier Happy&#039;Her de la communaut\u00e9 ! &#x1f64c;  &#x1f914; C&#039;est quoi les Happy&#039;Her ? Les ap\u00e9ros de la communaut\u00e9 d&#039;Empow&#039;her pour que vous vous rencontriez toutes. Entre partage d&#039;exp\u00e9riences, entraide, sororit\u00e9 et simples moments de joie et de rires, les Happy&#039;Her d&#039;Empow&#039;her, c&#039;est LA rencontre des entrepreneuses d&#039;Ile-de-France &#x1f37b;  Pour cette premi\u00e8re \u00e9dition, on vous pr\u00e9par\u00e9 un programme aux petits oignons avec une rencontre d&#039;Apolline et Andr\u00e9a, les fondatrices de POP Mat\u00e9, leur infusion p\u00e9tillante de mat\u00e9 bio &#x1f9c9; (test\u00e9e et approuv\u00e9e par la team Empow&#039;her). Elles viennent de finir leur premi\u00e8re campagne de crowdfunding et s&#039;appr\u00eatent \u00e0 faire la tourn\u00e9e des festivals cet \u00e9t\u00e9 &#x1f389;  Venez discuter du projet autour d&#039;un verre de POP Mat\u00e9, et d\u00e9couvrir leur univers aux sons des Toutes&amp;Chaos, leur collectif de DJettes &#x1f3a7; &#x1f3b6;! Et pourquoi pas acheter quelques bouteilles pour vos ap\u00e9ros ensoleill\u00e9s ?&#x1f37b;  Cet \u00e9v\u00e9nement sera aussi l&#039;occasion pour les contributeur.rice.s de leur campagne Ulule de r\u00e9cup\u00e9rer leurs contreparties.   Zoom sur POP Mat\u00e9 : Besoin d&#039;un petit coup de boost ? POP Mat\u00e9 c&#039;est une infusion p\u00e9tillante de mat\u00e9 bio, concoct\u00e9e \u00e0 deux pas de Paris. Gr\u00e2ce \u00e0 la caf\u00e9ine naturellement pr\u00e9sente dans le mat\u00e9, POP Mat\u00e9 vous apporte le petit coup de boost dont vous avez parfois besoin, en journ\u00e9e comme en soir\u00e9e. L&#039;id\u00e9e : vous proposer une alternative saine, cool et rafra\u00eechissante au caf\u00e9, aux energy drinks industriels et \u00e0 l&#039;alcool.  Sist&#039;her Paris, 82 rue du Fabourg St Martin Ouvert en mars 2021, Sist\u2019Her est le premier tiers-lieu d\u00e9di\u00e9 \u00e0 toutes celles qui souhaitent fa\u00e7onner le monde . Port\u00e9 par l\u2019association Empow\u2019Her, c\u2019est un lieu de vie bienveillant et joyeux, ouvert \u00e0 tou\u00b7te\u00b7s o\u00f9 il est possible de se former, cr\u00e9er et se rencontrer.   Ce projet est co-financ\u00e9 par le Fonds Social Europ\u00e9en.  \u00a0\u00a0\" \/>\n<meta property=\"og:url\" content=\"https:\/\/empow-her.com\/es\/produit\/happyher-decouverte-de-pop-mate\/\" \/>\n<meta property=\"og:site_name\" content=\"Empow&#039;Her\" \/>\n<meta property=\"article:modified_time\" content=\"2021-06-17T15:51:17+00:00\" \/>\n<meta property=\"og:image\" content=\"https:\/\/static.xx.fbcdn.net\/images\/emoji.php\/v9\/t42\/1\/16\/1f50e.png\" \/>\n<meta name=\"twitter:card\" content=\"summary_large_image\" \/>\n<meta name=\"twitter:label1\" content=\"Est. reading time\" \/>\n\t<meta name=\"twitter:data1\" content=\"3 minutes\" \/>\n<script type=\"application\/ld+json\" class=\"yoast-schema-graph\">{\"@context\":\"https:\/\/schema.org\",\"@graph\":[{\"@type\":\"WebPage\",\"@id\":\"https:\/\/empow-her.com\/es\/produit\/happyher-decouverte-de-pop-mate\/\",\"url\":\"https:\/\/empow-her.com\/es\/produit\/happyher-decouverte-de-pop-mate\/\",\"name\":\"Happy'Her : D\u00e9couverte de Pop Mat\u00e9 - Empow&#039;Her\",\"isPartOf\":{\"@id\":\"https:\/\/empow-her.com\/#website\"},\"primaryImageOfPage\":{\"@id\":\"https:\/\/empow-her.com\/es\/produit\/happyher-decouverte-de-pop-mate\/#primaryimage\"},\"image\":{\"@id\":\"https:\/\/empow-her.com\/es\/produit\/happyher-decouverte-de-pop-mate\/#primaryimage\"},\"thumbnailUrl\":\"https:\/\/static.xx.fbcdn.net\/images\/emoji.php\/v9\/t42\/1\/16\/1f50e.png\",\"datePublished\":\"2021-05-27T09:31:35+00:00\",\"dateModified\":\"2021-06-17T15:51:17+00:00\",\"breadcrumb\":{\"@id\":\"https:\/\/empow-her.com\/es\/produit\/happyher-decouverte-de-pop-mate\/#breadcrumb\"},\"inLanguage\":\"en-US\",\"potentialAction\":[{\"@type\":\"ReadAction\",\"target\":[\"https:\/\/empow-her.com\/es\/produit\/happyher-decouverte-de-pop-mate\/\"]}]},{\"@type\":\"ImageObject\",\"inLanguage\":\"en-US\",\"@id\":\"https:\/\/empow-her.com\/es\/produit\/happyher-decouverte-de-pop-mate\/#primaryimage\",\"url\":\"https:\/\/static.xx.fbcdn.net\/images\/emoji.php\/v9\/t42\/1\/16\/1f50e.png\",\"contentUrl\":\"https:\/\/static.xx.fbcdn.net\/images\/emoji.php\/v9\/t42\/1\/16\/1f50e.png\"},{\"@type\":\"BreadcrumbList\",\"@id\":\"https:\/\/empow-her.com\/es\/produit\/happyher-decouverte-de-pop-mate\/#breadcrumb\",\"itemListElement\":[{\"@type\":\"ListItem\",\"position\":1,\"name\":\"Accueil\",\"item\":\"https:\/\/empow-her.com\/en\/landing-page\/\"},{\"@type\":\"ListItem\",\"position\":2,\"name\":\"LA BOUTIQUE\",\"item\":\"https:\/\/empow-her.com\/boutique\/\"},{\"@type\":\"ListItem\",\"position\":3,\"name\":\"Happy&#8217;Her : D\u00e9couverte de Pop Mat\u00e9\"}]},{\"@type\":\"WebSite\",\"@id\":\"https:\/\/empow-her.com\/#website\",\"url\":\"https:\/\/empow-her.com\/\",\"name\":\"Empow&#039;Her\",\"description\":\"Women Development\",\"potentialAction\":[{\"@type\":\"SearchAction\",\"target\":{\"@type\":\"EntryPoint\",\"urlTemplate\":\"https:\/\/empow-her.com\/?s={search_term_string}\"},\"query-input\":{\"@type\":\"PropertyValueSpecification\",\"valueRequired\":true,\"valueName\":\"search_term_string\"}}],\"inLanguage\":\"en-US\"}]}<\/script>\n<!-- \/ Yoast SEO plugin. -->","yoast_head_json":{"title":"Happy'Her : D\u00e9couverte de Pop Mat\u00e9 - Empow&#039;Her","robots":{"index":"index","follow":"follow","max-snippet":"max-snippet:-1","max-image-preview":"max-image-preview:large","max-video-preview":"max-video-preview:-1"},"canonical":"https:\/\/empow-her.com\/es\/produit\/happyher-decouverte-de-pop-mate\/","og_locale":"en_US","og_type":"article","og_title":"Happy'Her : D\u00e9couverte de Pop Mat\u00e9 - Empow&#039;Her","og_description":"Empow'her vous donne rendez-vous chez Sist'her Paris pour\u00a0 son premier Happy'Her de la communaut\u00e9 ! &#x1f64c;  &#x1f914; C'est quoi les Happy'Her ? Les ap\u00e9ros de la communaut\u00e9 d'Empow'her pour que vous vous rencontriez toutes. Entre partage d'exp\u00e9riences, entraide, sororit\u00e9 et simples moments de joie et de rires, les Happy'Her d'Empow'her, c'est LA rencontre des entrepreneuses d'Ile-de-France &#x1f37b;  Pour cette premi\u00e8re \u00e9dition, on vous pr\u00e9par\u00e9 un programme aux petits oignons avec une rencontre d'Apolline et Andr\u00e9a, les fondatrices de POP Mat\u00e9, leur infusion p\u00e9tillante de mat\u00e9 bio &#x1f9c9; (test\u00e9e et approuv\u00e9e par la team Empow'her). Elles viennent de finir leur premi\u00e8re campagne de crowdfunding et s'appr\u00eatent \u00e0 faire la tourn\u00e9e des festivals cet \u00e9t\u00e9 &#x1f389;  Venez discuter du projet autour d'un verre de POP Mat\u00e9, et d\u00e9couvrir leur univers aux sons des Toutes&amp;Chaos, leur collectif de DJettes &#x1f3a7; &#x1f3b6;! Et pourquoi pas acheter quelques bouteilles pour vos ap\u00e9ros ensoleill\u00e9s ?&#x1f37b;  Cet \u00e9v\u00e9nement sera aussi l'occasion pour les contributeur.rice.s de leur campagne Ulule de r\u00e9cup\u00e9rer leurs contreparties.   Zoom sur POP Mat\u00e9 : Besoin d'un petit coup de boost ? POP Mat\u00e9 c'est une infusion p\u00e9tillante de mat\u00e9 bio, concoct\u00e9e \u00e0 deux pas de Paris. Gr\u00e2ce \u00e0 la caf\u00e9ine naturellement pr\u00e9sente dans le mat\u00e9, POP Mat\u00e9 vous apporte le petit coup de boost dont vous avez parfois besoin, en journ\u00e9e comme en soir\u00e9e. L'id\u00e9e : vous proposer une alternative saine, cool et rafra\u00eechissante au caf\u00e9, aux energy drinks industriels et \u00e0 l'alcool.  Sist'her Paris, 82 rue du Fabourg St Martin Ouvert en mars 2021, Sist\u2019Her est le premier tiers-lieu d\u00e9di\u00e9 \u00e0 toutes celles qui souhaitent fa\u00e7onner le monde . Port\u00e9 par l\u2019association Empow\u2019Her, c\u2019est un lieu de vie bienveillant et joyeux, ouvert \u00e0 tou\u00b7te\u00b7s o\u00f9 il est possible de se former, cr\u00e9er et se rencontrer.   Ce projet est co-financ\u00e9 par le Fonds Social Europ\u00e9en.  \u00a0\u00a0","og_url":"https:\/\/empow-her.com\/es\/produit\/happyher-decouverte-de-pop-mate\/","og_site_name":"Empow&#039;Her","article_modified_time":"2021-06-17T15:51:17+00:00","og_image":[{"url":"https:\/\/static.xx.fbcdn.net\/images\/emoji.php\/v9\/t42\/1\/16\/1f50e.png","type":"","width":"","height":""}],"twitter_card":"summary_large_image","twitter_misc":{"Est. reading time":"3 minutes"},"schema":{"@context":"https:\/\/schema.org","@graph":[{"@type":"WebPage","@id":"https:\/\/empow-her.com\/es\/produit\/happyher-decouverte-de-pop-mate\/","url":"https:\/\/empow-her.com\/es\/produit\/happyher-decouverte-de-pop-mate\/","name":"Happy'Her : D\u00e9couverte de Pop Mat\u00e9 - Empow&#039;Her","isPartOf":{"@id":"https:\/\/empow-her.com\/#website"},"primaryImageOfPage":{"@id":"https:\/\/empow-her.com\/es\/produit\/happyher-decouverte-de-pop-mate\/#primaryimage"},"image":{"@id":"https:\/\/empow-her.com\/es\/produit\/happyher-decouverte-de-pop-mate\/#primaryimage"},"thumbnailUrl":"https:\/\/static.xx.fbcdn.net\/images\/emoji.php\/v9\/t42\/1\/16\/1f50e.png","datePublished":"2021-05-27T09:31:35+00:00","dateModified":"2021-06-17T15:51:17+00:00","breadcrumb":{"@id":"https:\/\/empow-her.com\/es\/produit\/happyher-decouverte-de-pop-mate\/#breadcrumb"},"inLanguage":"en-US","potentialAction":[{"@type":"ReadAction","target":["https:\/\/empow-her.com\/es\/produit\/happyher-decouverte-de-pop-mate\/"]}]},{"@type":"ImageObject","inLanguage":"en-US","@id":"https:\/\/empow-her.com\/es\/produit\/happyher-decouverte-de-pop-mate\/#primaryimage","url":"https:\/\/static.xx.fbcdn.net\/images\/emoji.php\/v9\/t42\/1\/16\/1f50e.png","contentUrl":"https:\/\/static.xx.fbcdn.net\/images\/emoji.php\/v9\/t42\/1\/16\/1f50e.png"},{"@type":"BreadcrumbList","@id":"https:\/\/empow-her.com\/es\/produit\/happyher-decouverte-de-pop-mate\/#breadcrumb","itemListElement":[{"@type":"ListItem","position":1,"name":"Accueil","item":"https:\/\/empow-her.com\/en\/landing-page\/"},{"@type":"ListItem","position":2,"name":"LA BOUTIQUE","item":"https:\/\/empow-her.com\/boutique\/"},{"@type":"ListItem","position":3,"name":"Happy&#8217;Her : D\u00e9couverte de Pop Mat\u00e9"}]},{"@type":"WebSite","@id":"https:\/\/empow-her.com\/#website","url":"https:\/\/empow-her.com\/","name":"Empow&#039;Her","description":"Women Development","potentialAction":[{"@type":"SearchAction","target":{"@type":"EntryPoint","urlTemplate":"https:\/\/empow-her.com\/?s={search_term_string}"},"query-input":{"@type":"PropertyValueSpecification","valueRequired":true,"valueName":"search_term_string"}}],"inLanguage":"en-US"}]}},"_links":{"self":[{"href":"https:\/\/empow-her.com\/en\/wp-json\/wp\/v2\/product\/14421","targetHints":{"allow":["GET"]}}],"collection":[{"href":"https:\/\/empow-her.com\/en\/wp-json\/wp\/v2\/product"}],"about":[{"href":"https:\/\/empow-her.com\/en\/wp-json\/wp\/v2\/types\/product"}],"wp:attachment":[{"href":"https:\/\/empow-her.com\/en\/wp-json\/wp\/v2\/media?parent=14421"}],"wp:term":[{"taxonomy":"product_brand","embeddable":true,"href":"https:\/\/empow-her.com\/en\/wp-json\/wp\/v2\/product_brand?post=14421"},{"taxonomy":"product_cat","embeddable":true,"href":"https:\/\/empow-her.com\/en\/wp-json\/wp\/v2\/product_cat?post=14421"},{"taxonomy":"product_tag","embeddable":true,"href":"https:\/\/empow-her.com\/en\/wp-json\/wp\/v2\/product_tag?post=14421"},{"taxonomy":"lieu","embeddable":true,"href":"https:\/\/empow-her.com\/en\/wp-json\/wp\/v2\/lieu?post=14421"},{"taxonomy":"thematiques","embeddable":true,"href":"https:\/\/empow-her.com\/en\/wp-json\/wp\/v2\/thematiques?post=14421"}],"curies":[{"name":"wp","href":"https:\/\/api.w.org\/{rel}","templated":true}]}}