{"id":14264,"date":"2021-05-21T18:00:28","date_gmt":"2021-05-21T16:00:28","guid":{"rendered":"https:\/\/empow-her.com\/?post_type=product&#038;p=14264"},"modified":"2021-06-17T17:54:45","modified_gmt":"2021-06-17T15:54:45","slug":"atelier-powher-bosse-ton-autopromotion","status":"publish","type":"product","link":"https:\/\/empow-her.com\/en\/produit\/atelier-powher-bosse-ton-autopromotion\/","title":{"rendered":"Atelier Pow&#8217;her : Bosse ton autopromotion !"},"content":{"rendered":"<p>Gagnantes de notre appel \u00e0 projet, Cl\u00e9mence et Chlo\u00e9 Repoux de <a href=\"http:\/\/www.synapselle.com\">Synapselle<\/a> animeront <strong>un atelier Pow&#8217;her pour bosser sur son autopromotion<\/strong>. Habituellement payant, elles ont accept\u00e9 de rendre cet atelier gratuit afin de permettre son acc\u00e8s \u00e0 toutes et tous <span class=\"pq6dq46d tbxw36s4 knj5qynh kvgmc6g5 ditlmg2l oygrvhab nvdbi5me sf5mxxl7 gl3lb2sf hhz5lgdu\"><img decoding=\"async\" src=\"https:\/\/static.xx.fbcdn.net\/images\/emoji.php\/v9\/tfd\/1\/16\/1f64c.png\" alt=\"&#x1f64c;\" width=\"16\" height=\"16\" \/><\/span><\/p>\n<p>Lors de cet atelier, elles aborderont les m\u00e9canismes qui peuvent favoriser ou enfreindre l&#8217;auto promotion. Elles vous proposeront des exercices qui permettront via l&#8217;introspection puis le partage de vous faire progresser sur ces sujets et ainsi vous aider \u00e0 : Trouver des clients, des financements, pitcher aupr\u00e8s d&#8217;un incubateur, entretenir son r\u00e9seau, trouver des partenaires, autant de sujets qui touchent directement les porteurs.euses. de projets etc.<\/p>\n<div class=\"o9v6fnle cxmmr5t8 oygrvhab hcukyx3x c1et5uql\"><span class=\"pq6dq46d tbxw36s4 knj5qynh kvgmc6g5 ditlmg2l oygrvhab nvdbi5me sf5mxxl7 gl3lb2sf hhz5lgdu\"><img decoding=\"async\" src=\"https:\/\/static.xx.fbcdn.net\/images\/emoji.php\/v9\/t42\/1\/16\/1f50e.png\" alt=\"&#x1f50e;\" width=\"16\" height=\"16\" \/><\/span> <strong>Zoom sur <a href=\"http:\/\/www.synapselle.com\/\">Synapselle<\/a> :<\/strong> Une aventure familiale qui s&#8217;est construite \u00e0 travers les parcours personnels et professionnels de deux soeurs, ses fondatrices. Sa mission est d&#8217;accompagner les entreprises dans leur d\u00e9marche RSE (Responsabilit\u00e9 Sociale des Entreprises) et de les soutenir dans leurs projets de r\u00e9duction des in\u00e9galit\u00e9s \u00e0 travers le coaching individuel ou d&#8217;\u00e9quipe.<\/div>\n<div><\/div>\n<div>\n<div class=\"o9v6fnle cxmmr5t8 oygrvhab hcukyx3x c1et5uql\"><span class=\"pq6dq46d tbxw36s4 knj5qynh kvgmc6g5 ditlmg2l oygrvhab nvdbi5me sf5mxxl7 gl3lb2sf hhz5lgdu\"><img decoding=\"async\" src=\"https:\/\/static.xx.fbcdn.net\/images\/emoji.php\/v9\/t34\/1\/16\/1f914.png\" alt=\"&#x1f914;\" width=\"16\" height=\"16\" \/><\/span> <strong>C&#8217;est quoi les ateliers Pow&#8217;her ?<\/strong> Des formats d&#8217;ateliers pour booster ses soft skills, sa confiance en soi et se former<\/div>\n<div><\/div>\n<div class=\"o9v6fnle cxmmr5t8 oygrvhab hcukyx3x c1et5uql\"><span class=\"pq6dq46d tbxw36s4 knj5qynh kvgmc6g5 ditlmg2l oygrvhab nvdbi5me sf5mxxl7 gl3lb2sf hhz5lgdu\"><img loading=\"lazy\" decoding=\"async\" src=\"https:\/\/static.xx.fbcdn.net\/images\/emoji.php\/v9\/t2d\/1\/16\/1f4cd.png\" alt=\"&#x1f4cd;\" width=\"16\" height=\"16\" \/><\/span><strong>Sist&#8217;her Paris<\/strong>, 82 rue du Fabourg St Martin<br \/>\nOuvert en mars 2021, Sist\u2019Her est le premier tiers-lieu d\u00e9di\u00e9 \u00e0 toutes celles qui souhaitent fa\u00e7onner le monde <span class=\"pq6dq46d tbxw36s4 knj5qynh kvgmc6g5 ditlmg2l oygrvhab nvdbi5me sf5mxxl7 gl3lb2sf hhz5lgdu\"><img loading=\"lazy\" decoding=\"async\" src=\"https:\/\/static.xx.fbcdn.net\/images\/emoji.php\/v9\/t3f\/1\/16\/1f30d.png\" alt=\"&#x1f30d;\" width=\"16\" height=\"16\" \/><\/span>. Port\u00e9 par l\u2019association Empow\u2019Her, c\u2019est un lieu de vie bienveillant et joyeux, ouvert \u00e0 tou\u00b7te\u00b7s o\u00f9 il est possible de se former, cr\u00e9er et se rencontrer. <span class=\"pq6dq46d tbxw36s4 knj5qynh kvgmc6g5 ditlmg2l oygrvhab nvdbi5me sf5mxxl7 gl3lb2sf hhz5lgdu\"><img loading=\"lazy\" decoding=\"async\" src=\"https:\/\/static.xx.fbcdn.net\/images\/emoji.php\/v9\/t77\/1\/16\/1f3e1.png\" alt=\"&#x1f3e1;\" width=\"16\" height=\"16\" \/><\/span><\/div>\n<\/div>\n<div>\n<p>Ce projet est co-financ\u00e9 par le Fonds Social Europ\u00e9en.<\/p>\n<p><img loading=\"lazy\" decoding=\"async\" class=\"\" src=\"https:\/\/www.sep-asso.fr\/wp-content\/uploads\/2018\/02\/logo-union-europeenne.png\" alt=\"logo union europeenne \u2013 SEP\" width=\"87\" height=\"72\" \/>\u00a0\u00a0<img loading=\"lazy\" decoding=\"async\" class=\"alignnone wp-image-15218\" src=\"https:\/\/empow-her.com\/wp-content\/uploads\/2021\/06\/logo_fonds_social_europeen-300x187.png\" alt=\"\" width=\"104\" height=\"65\" srcset=\"https:\/\/empow-her.com\/wp-content\/uploads\/2021\/06\/logo_fonds_social_europeen-300x187.png 300w, https:\/\/empow-her.com\/wp-content\/uploads\/2021\/06\/logo_fonds_social_europeen-600x375.png 600w, https:\/\/empow-her.com\/wp-content\/uploads\/2021\/06\/logo_fonds_social_europeen-24x15.png 24w, https:\/\/empow-her.com\/wp-content\/uploads\/2021\/06\/logo_fonds_social_europeen-36x22.png 36w, https:\/\/empow-her.com\/wp-content\/uploads\/2021\/06\/logo_fonds_social_europeen-48x30.png 48w, https:\/\/empow-her.com\/wp-content\/uploads\/2021\/06\/logo_fonds_social_europeen.png 666w\" sizes=\"(max-width: 104px) 100vw, 104px\" \/> <img loading=\"lazy\" decoding=\"async\" class=\"\" src=\"https:\/\/franceactive-idf.org\/wp-content\/uploads\/2020\/02\/logo-region-ile-de-france.png\" alt=\"Logo Region Ile De France - France Active \u00cele-de-France\" width=\"126\" height=\"29\" \/><\/p>\n<\/div>\n","protected":false},"excerpt":{"rendered":"<p>Gagnantes de notre appel \u00e0 projet, Cl\u00e9mence et Chlo\u00e9 Repoux de <a href=\"http:\/\/www.synapselle.com\">Synapselle<\/a> animeront <strong>un atelier Pow&#8217;her pour bosser sur son autopromotion<\/strong>. Habituellement payant, elles ont accept\u00e9 de rendre cet atelier gratuit afin de permettre son acc\u00e8s \u00e0 toutes et tous <span class=\"pq6dq46d tbxw36s4 knj5qynh kvgmc6g5 ditlmg2l oygrvhab nvdbi5me sf5mxxl7 gl3lb2sf hhz5lgdu\"><img decoding=\"async\" src=\"https:\/\/static.xx.fbcdn.net\/images\/emoji.php\/v9\/tfd\/1\/16\/1f64c.png\" alt=\"&#x1f64c;\" width=\"16\" height=\"16\" \/><\/span><\/p>\n<p>Lors de cet atelier, elles aborderont les m\u00e9canismes qui peuvent favoriser ou enfreindre l&#8217;auto promotion. Elles vous proposeront des exercices qui permettront via l&#8217;introspection puis le partage de vous faire progresser sur ces sujets et ainsi vous aider \u00e0 : Trouver des clients, des financements, pitcher aupr\u00e8s d&#8217;un incubateur, entretenir son r\u00e9seau, trouver des partenaires, autant de sujets qui touchent directement les porteurs.euses. de projets etc.<\/p>\n<div class=\"o9v6fnle cxmmr5t8 oygrvhab hcukyx3x c1et5uql\"><span class=\"pq6dq46d tbxw36s4 knj5qynh kvgmc6g5 ditlmg2l oygrvhab nvdbi5me sf5mxxl7 gl3lb2sf hhz5lgdu\"><img decoding=\"async\" src=\"https:\/\/static.xx.fbcdn.net\/images\/emoji.php\/v9\/t42\/1\/16\/1f50e.png\" alt=\"&#x1f50e;\" width=\"16\" height=\"16\" \/><\/span> <strong>Zoom sur <a href=\"http:\/\/www.synapselle.com\/\">Synapselle<\/a> :<\/strong> Une aventure familiale qui s&#8217;est construite \u00e0 travers les parcours personnels et professionnels de deux soeurs, ses fondatrices. Sa mission est d&#8217;accompagner les entreprises dans leur d\u00e9marche RSE (Responsabilit\u00e9 Sociale des Entreprises) et de les soutenir dans leurs projets de r\u00e9duction des in\u00e9galit\u00e9s \u00e0 travers le coaching individuel ou d&#8217;\u00e9quipe.<\/div>\n<div><\/div>\n<div>\n<div class=\"o9v6fnle cxmmr5t8 oygrvhab hcukyx3x c1et5uql\"><span class=\"pq6dq46d tbxw36s4 knj5qynh kvgmc6g5 ditlmg2l oygrvhab nvdbi5me sf5mxxl7 gl3lb2sf hhz5lgdu\"><img decoding=\"async\" src=\"https:\/\/static.xx.fbcdn.net\/images\/emoji.php\/v9\/t34\/1\/16\/1f914.png\" alt=\"&#x1f914;\" width=\"16\" height=\"16\" \/><\/span> <strong>C&#8217;est quoi les ateliers Pow&#8217;her ?<\/strong> Des formats d&#8217;ateliers pour booster ses soft skills, sa confiance en soi et se former<\/div>\n<div><\/div>\n<div class=\"o9v6fnle cxmmr5t8 oygrvhab hcukyx3x c1et5uql\"><span class=\"pq6dq46d tbxw36s4 knj5qynh kvgmc6g5 ditlmg2l oygrvhab nvdbi5me sf5mxxl7 gl3lb2sf hhz5lgdu\"><img loading=\"lazy\" decoding=\"async\" src=\"https:\/\/static.xx.fbcdn.net\/images\/emoji.php\/v9\/t2d\/1\/16\/1f4cd.png\" alt=\"&#x1f4cd;\" width=\"16\" height=\"16\" \/><\/span><strong>Sist&#8217;her Paris<\/strong>, 82 rue du Fabourg St Martin<br \/>\nOuvert en mars 2021, Sist\u2019Her est le premier tiers-lieu d\u00e9di\u00e9 \u00e0 toutes celles qui souhaitent fa\u00e7onner le monde <span class=\"pq6dq46d tbxw36s4 knj5qynh kvgmc6g5 ditlmg2l oygrvhab nvdbi5me sf5mxxl7 gl3lb2sf hhz5lgdu\"><img loading=\"lazy\" decoding=\"async\" src=\"https:\/\/static.xx.fbcdn.net\/images\/emoji.php\/v9\/t3f\/1\/16\/1f30d.png\" alt=\"&#x1f30d;\" width=\"16\" height=\"16\" \/><\/span>. Port\u00e9 par l\u2019association Empow\u2019Her, c\u2019est un lieu de vie bienveillant et joyeux, ouvert \u00e0 tou\u00b7te\u00b7s o\u00f9 il est possible de se former, cr\u00e9er et se rencontrer. <span class=\"pq6dq46d tbxw36s4 knj5qynh kvgmc6g5 ditlmg2l oygrvhab nvdbi5me sf5mxxl7 gl3lb2sf hhz5lgdu\"><img loading=\"lazy\" decoding=\"async\" src=\"https:\/\/static.xx.fbcdn.net\/images\/emoji.php\/v9\/t77\/1\/16\/1f3e1.png\" alt=\"&#x1f3e1;\" width=\"16\" height=\"16\" \/><\/span><\/div>\n<\/div>\n<div><\/div>\n<div>\n<p>Ce projet est co-financ\u00e9 par le Fonds Social Europ\u00e9en.<\/p>\n<p><img loading=\"lazy\" decoding=\"async\" class=\"\" src=\"https:\/\/www.sep-asso.fr\/wp-content\/uploads\/2018\/02\/logo-union-europeenne.png\" alt=\"logo union europeenne \u2013 SEP\" width=\"87\" height=\"72\" \/>\u00a0\u00a0<img loading=\"lazy\" decoding=\"async\" class=\"alignnone wp-image-15218\" src=\"https:\/\/empow-her.com\/wp-content\/uploads\/2021\/06\/logo_fonds_social_europeen-300x187.png\" alt=\"\" width=\"104\" height=\"65\" srcset=\"https:\/\/empow-her.com\/wp-content\/uploads\/2021\/06\/logo_fonds_social_europeen-300x187.png 300w, https:\/\/empow-her.com\/wp-content\/uploads\/2021\/06\/logo_fonds_social_europeen-600x375.png 600w, https:\/\/empow-her.com\/wp-content\/uploads\/2021\/06\/logo_fonds_social_europeen-24x15.png 24w, https:\/\/empow-her.com\/wp-content\/uploads\/2021\/06\/logo_fonds_social_europeen-36x22.png 36w, https:\/\/empow-her.com\/wp-content\/uploads\/2021\/06\/logo_fonds_social_europeen-48x30.png 48w, https:\/\/empow-her.com\/wp-content\/uploads\/2021\/06\/logo_fonds_social_europeen.png 666w\" sizes=\"(max-width: 104px) 100vw, 104px\" \/> <img loading=\"lazy\" decoding=\"async\" class=\"\" src=\"https:\/\/franceactive-idf.org\/wp-content\/uploads\/2020\/02\/logo-region-ile-de-france.png\" alt=\"Logo Region Ile De France - France Active \u00cele-de-France\" width=\"126\" height=\"29\" \/><\/p>\n<\/div>\n","protected":false},"featured_media":0,"template":"","format":"standard","meta":{"_acf_changed":false,"om_disable_all_campaigns":false,"_uf_show_specific_survey":0,"_uf_disable_surveys":false},"product_brand":[],"product_cat":[119],"product_tag":[],"lieu":[127],"thematiques":[],"class_list":{"0":"post-14264","1":"product","2":"type-product","3":"status-publish","4":"format-standard","6":"product_cat-evenement-sisther","7":"lieu-hub-empowher","9":"first","10":"instock","11":"virtual","12":"purchasable","13":"product-type-appointment"},"exclude_global_add_ons":[],"addons":[],"acf":[],"yoast_head":"<!-- This site is optimized with the Yoast SEO plugin v24.8 - https:\/\/yoast.com\/wordpress\/plugins\/seo\/ -->\n<title>Atelier Pow&#039;her : Bosse ton autopromotion ! - Empow&#039;Her<\/title>\n<meta name=\"robots\" content=\"index, follow, max-snippet:-1, max-image-preview:large, max-video-preview:-1\" \/>\n<link rel=\"canonical\" href=\"https:\/\/empow-her.com\/en\/produit\/atelier-powher-bosse-ton-autopromotion\/\" \/>\n<meta property=\"og:locale\" content=\"en_US\" \/>\n<meta property=\"og:type\" content=\"article\" \/>\n<meta property=\"og:title\" content=\"Atelier Pow&#039;her : Bosse ton autopromotion ! - Empow&#039;Her\" \/>\n<meta property=\"og:description\" content=\"Gagnantes de notre appel \u00e0 projet, Cl\u00e9mence et Chlo\u00e9 Repoux de Synapselle animeront un atelier Pow&#039;her pour bosser sur son autopromotion. Habituellement payant, elles ont accept\u00e9 de rendre cet atelier gratuit afin de permettre son acc\u00e8s \u00e0 toutes et tous   Lors de cet atelier, elles aborderont les m\u00e9canismes qui peuvent favoriser ou enfreindre l&#039;auto promotion. Elles vous proposeront des exercices qui permettront via l&#039;introspection puis le partage de vous faire progresser sur ces sujets et ainsi vous aider \u00e0 : Trouver des clients, des financements, pitcher aupr\u00e8s d&#039;un incubateur, entretenir son r\u00e9seau, trouver des partenaires, autant de sujets qui touchent directement les porteurs.euses. de projets etc.  Zoom sur Synapselle : Une aventure familiale qui s&#039;est construite \u00e0 travers les parcours personnels et professionnels de deux soeurs, ses fondatrices. Sa mission est d&#039;accompagner les entreprises dans leur d\u00e9marche RSE (Responsabilit\u00e9 Sociale des Entreprises) et de les soutenir dans leurs projets de r\u00e9duction des in\u00e9galit\u00e9s \u00e0 travers le coaching individuel ou d&#039;\u00e9quipe.    C&#039;est quoi les ateliers Pow&#039;her ? Des formats d&#039;ateliers pour booster ses soft skills, sa confiance en soi et se former  Sist&#039;her Paris, 82 rue du Fabourg St Martin Ouvert en mars 2021, Sist\u2019Her est le premier tiers-lieu d\u00e9di\u00e9 \u00e0 toutes celles qui souhaitent fa\u00e7onner le monde . Port\u00e9 par l\u2019association Empow\u2019Her, c\u2019est un lieu de vie bienveillant et joyeux, ouvert \u00e0 tou\u00b7te\u00b7s o\u00f9 il est possible de se former, cr\u00e9er et se rencontrer.      Ce projet est co-financ\u00e9 par le Fonds Social Europ\u00e9en.  \u00a0\u00a0\" \/>\n<meta property=\"og:url\" content=\"https:\/\/empow-her.com\/en\/produit\/atelier-powher-bosse-ton-autopromotion\/\" \/>\n<meta property=\"og:site_name\" content=\"Empow&#039;Her\" \/>\n<meta property=\"article:modified_time\" content=\"2021-06-17T15:54:45+00:00\" \/>\n<meta property=\"og:image\" content=\"https:\/\/static.xx.fbcdn.net\/images\/emoji.php\/v9\/tfd\/1\/16\/1f64c.png\" \/>\n<meta name=\"twitter:card\" content=\"summary_large_image\" \/>\n<meta name=\"twitter:label1\" content=\"Est. reading time\" \/>\n\t<meta name=\"twitter:data1\" content=\"3 minutes\" \/>\n<script type=\"application\/ld+json\" class=\"yoast-schema-graph\">{\"@context\":\"https:\/\/schema.org\",\"@graph\":[{\"@type\":\"WebPage\",\"@id\":\"https:\/\/empow-her.com\/en\/produit\/atelier-powher-bosse-ton-autopromotion\/\",\"url\":\"https:\/\/empow-her.com\/en\/produit\/atelier-powher-bosse-ton-autopromotion\/\",\"name\":\"Atelier Pow'her : Bosse ton autopromotion ! - Empow&#039;Her\",\"isPartOf\":{\"@id\":\"https:\/\/empow-her.com\/#website\"},\"primaryImageOfPage\":{\"@id\":\"https:\/\/empow-her.com\/en\/produit\/atelier-powher-bosse-ton-autopromotion\/#primaryimage\"},\"image\":{\"@id\":\"https:\/\/empow-her.com\/en\/produit\/atelier-powher-bosse-ton-autopromotion\/#primaryimage\"},\"thumbnailUrl\":\"https:\/\/static.xx.fbcdn.net\/images\/emoji.php\/v9\/tfd\/1\/16\/1f64c.png\",\"datePublished\":\"2021-05-21T16:00:28+00:00\",\"dateModified\":\"2021-06-17T15:54:45+00:00\",\"breadcrumb\":{\"@id\":\"https:\/\/empow-her.com\/en\/produit\/atelier-powher-bosse-ton-autopromotion\/#breadcrumb\"},\"inLanguage\":\"en-US\",\"potentialAction\":[{\"@type\":\"ReadAction\",\"target\":[\"https:\/\/empow-her.com\/en\/produit\/atelier-powher-bosse-ton-autopromotion\/\"]}]},{\"@type\":\"ImageObject\",\"inLanguage\":\"en-US\",\"@id\":\"https:\/\/empow-her.com\/en\/produit\/atelier-powher-bosse-ton-autopromotion\/#primaryimage\",\"url\":\"https:\/\/static.xx.fbcdn.net\/images\/emoji.php\/v9\/tfd\/1\/16\/1f64c.png\",\"contentUrl\":\"https:\/\/static.xx.fbcdn.net\/images\/emoji.php\/v9\/tfd\/1\/16\/1f64c.png\"},{\"@type\":\"BreadcrumbList\",\"@id\":\"https:\/\/empow-her.com\/en\/produit\/atelier-powher-bosse-ton-autopromotion\/#breadcrumb\",\"itemListElement\":[{\"@type\":\"ListItem\",\"position\":1,\"name\":\"Accueil\",\"item\":\"https:\/\/empow-her.com\/en\/landing-page\/\"},{\"@type\":\"ListItem\",\"position\":2,\"name\":\"LA BOUTIQUE\",\"item\":\"https:\/\/empow-her.com\/boutique\/\"},{\"@type\":\"ListItem\",\"position\":3,\"name\":\"Atelier Pow&#8217;her : Bosse ton autopromotion !\"}]},{\"@type\":\"WebSite\",\"@id\":\"https:\/\/empow-her.com\/#website\",\"url\":\"https:\/\/empow-her.com\/\",\"name\":\"Empow&#039;Her\",\"description\":\"Women Development\",\"potentialAction\":[{\"@type\":\"SearchAction\",\"target\":{\"@type\":\"EntryPoint\",\"urlTemplate\":\"https:\/\/empow-her.com\/?s={search_term_string}\"},\"query-input\":{\"@type\":\"PropertyValueSpecification\",\"valueRequired\":true,\"valueName\":\"search_term_string\"}}],\"inLanguage\":\"en-US\"}]}<\/script>\n<!-- \/ Yoast SEO plugin. -->","yoast_head_json":{"title":"Atelier Pow'her : Bosse ton autopromotion ! - Empow&#039;Her","robots":{"index":"index","follow":"follow","max-snippet":"max-snippet:-1","max-image-preview":"max-image-preview:large","max-video-preview":"max-video-preview:-1"},"canonical":"https:\/\/empow-her.com\/en\/produit\/atelier-powher-bosse-ton-autopromotion\/","og_locale":"en_US","og_type":"article","og_title":"Atelier Pow'her : Bosse ton autopromotion ! - Empow&#039;Her","og_description":"Gagnantes de notre appel \u00e0 projet, Cl\u00e9mence et Chlo\u00e9 Repoux de Synapselle animeront un atelier Pow'her pour bosser sur son autopromotion. Habituellement payant, elles ont accept\u00e9 de rendre cet atelier gratuit afin de permettre son acc\u00e8s \u00e0 toutes et tous   Lors de cet atelier, elles aborderont les m\u00e9canismes qui peuvent favoriser ou enfreindre l'auto promotion. Elles vous proposeront des exercices qui permettront via l'introspection puis le partage de vous faire progresser sur ces sujets et ainsi vous aider \u00e0 : Trouver des clients, des financements, pitcher aupr\u00e8s d'un incubateur, entretenir son r\u00e9seau, trouver des partenaires, autant de sujets qui touchent directement les porteurs.euses. de projets etc.  Zoom sur Synapselle : Une aventure familiale qui s'est construite \u00e0 travers les parcours personnels et professionnels de deux soeurs, ses fondatrices. Sa mission est d'accompagner les entreprises dans leur d\u00e9marche RSE (Responsabilit\u00e9 Sociale des Entreprises) et de les soutenir dans leurs projets de r\u00e9duction des in\u00e9galit\u00e9s \u00e0 travers le coaching individuel ou d'\u00e9quipe.    C'est quoi les ateliers Pow'her ? Des formats d'ateliers pour booster ses soft skills, sa confiance en soi et se former  Sist'her Paris, 82 rue du Fabourg St Martin Ouvert en mars 2021, Sist\u2019Her est le premier tiers-lieu d\u00e9di\u00e9 \u00e0 toutes celles qui souhaitent fa\u00e7onner le monde . Port\u00e9 par l\u2019association Empow\u2019Her, c\u2019est un lieu de vie bienveillant et joyeux, ouvert \u00e0 tou\u00b7te\u00b7s o\u00f9 il est possible de se former, cr\u00e9er et se rencontrer.      Ce projet est co-financ\u00e9 par le Fonds Social Europ\u00e9en.  \u00a0\u00a0","og_url":"https:\/\/empow-her.com\/en\/produit\/atelier-powher-bosse-ton-autopromotion\/","og_site_name":"Empow&#039;Her","article_modified_time":"2021-06-17T15:54:45+00:00","og_image":[{"url":"https:\/\/static.xx.fbcdn.net\/images\/emoji.php\/v9\/tfd\/1\/16\/1f64c.png","type":"","width":"","height":""}],"twitter_card":"summary_large_image","twitter_misc":{"Est. reading time":"3 minutes"},"schema":{"@context":"https:\/\/schema.org","@graph":[{"@type":"WebPage","@id":"https:\/\/empow-her.com\/en\/produit\/atelier-powher-bosse-ton-autopromotion\/","url":"https:\/\/empow-her.com\/en\/produit\/atelier-powher-bosse-ton-autopromotion\/","name":"Atelier Pow'her : Bosse ton autopromotion ! - Empow&#039;Her","isPartOf":{"@id":"https:\/\/empow-her.com\/#website"},"primaryImageOfPage":{"@id":"https:\/\/empow-her.com\/en\/produit\/atelier-powher-bosse-ton-autopromotion\/#primaryimage"},"image":{"@id":"https:\/\/empow-her.com\/en\/produit\/atelier-powher-bosse-ton-autopromotion\/#primaryimage"},"thumbnailUrl":"https:\/\/static.xx.fbcdn.net\/images\/emoji.php\/v9\/tfd\/1\/16\/1f64c.png","datePublished":"2021-05-21T16:00:28+00:00","dateModified":"2021-06-17T15:54:45+00:00","breadcrumb":{"@id":"https:\/\/empow-her.com\/en\/produit\/atelier-powher-bosse-ton-autopromotion\/#breadcrumb"},"inLanguage":"en-US","potentialAction":[{"@type":"ReadAction","target":["https:\/\/empow-her.com\/en\/produit\/atelier-powher-bosse-ton-autopromotion\/"]}]},{"@type":"ImageObject","inLanguage":"en-US","@id":"https:\/\/empow-her.com\/en\/produit\/atelier-powher-bosse-ton-autopromotion\/#primaryimage","url":"https:\/\/static.xx.fbcdn.net\/images\/emoji.php\/v9\/tfd\/1\/16\/1f64c.png","contentUrl":"https:\/\/static.xx.fbcdn.net\/images\/emoji.php\/v9\/tfd\/1\/16\/1f64c.png"},{"@type":"BreadcrumbList","@id":"https:\/\/empow-her.com\/en\/produit\/atelier-powher-bosse-ton-autopromotion\/#breadcrumb","itemListElement":[{"@type":"ListItem","position":1,"name":"Accueil","item":"https:\/\/empow-her.com\/en\/landing-page\/"},{"@type":"ListItem","position":2,"name":"LA BOUTIQUE","item":"https:\/\/empow-her.com\/boutique\/"},{"@type":"ListItem","position":3,"name":"Atelier Pow&#8217;her : Bosse ton autopromotion !"}]},{"@type":"WebSite","@id":"https:\/\/empow-her.com\/#website","url":"https:\/\/empow-her.com\/","name":"Empow&#039;Her","description":"Women Development","potentialAction":[{"@type":"SearchAction","target":{"@type":"EntryPoint","urlTemplate":"https:\/\/empow-her.com\/?s={search_term_string}"},"query-input":{"@type":"PropertyValueSpecification","valueRequired":true,"valueName":"search_term_string"}}],"inLanguage":"en-US"}]}},"_links":{"self":[{"href":"https:\/\/empow-her.com\/en\/wp-json\/wp\/v2\/product\/14264","targetHints":{"allow":["GET"]}}],"collection":[{"href":"https:\/\/empow-her.com\/en\/wp-json\/wp\/v2\/product"}],"about":[{"href":"https:\/\/empow-her.com\/en\/wp-json\/wp\/v2\/types\/product"}],"wp:attachment":[{"href":"https:\/\/empow-her.com\/en\/wp-json\/wp\/v2\/media?parent=14264"}],"wp:term":[{"taxonomy":"product_brand","embeddable":true,"href":"https:\/\/empow-her.com\/en\/wp-json\/wp\/v2\/product_brand?post=14264"},{"taxonomy":"product_cat","embeddable":true,"href":"https:\/\/empow-her.com\/en\/wp-json\/wp\/v2\/product_cat?post=14264"},{"taxonomy":"product_tag","embeddable":true,"href":"https:\/\/empow-her.com\/en\/wp-json\/wp\/v2\/product_tag?post=14264"},{"taxonomy":"lieu","embeddable":true,"href":"https:\/\/empow-her.com\/en\/wp-json\/wp\/v2\/lieu?post=14264"},{"taxonomy":"thematiques","embeddable":true,"href":"https:\/\/empow-her.com\/en\/wp-json\/wp\/v2\/thematiques?post=14264"}],"curies":[{"name":"wp","href":"https:\/\/api.w.org\/{rel}","templated":true}]}}