{"id":14167,"date":"2021-05-20T13:23:23","date_gmt":"2021-05-20T11:23:23","guid":{"rendered":"https:\/\/empow-her.com\/?post_type=product&#038;p=14167"},"modified":"2021-06-17T17:56:10","modified_gmt":"2021-06-17T15:56:10","slug":"atelier-powher-improvisation-theatrale-booster-votre-creativite","status":"publish","type":"product","link":"https:\/\/empow-her.com\/en\/produit\/atelier-powher-improvisation-theatrale-booster-votre-creativite\/","title":{"rendered":"Atelier Pow&#8217;her &#8211; Improvisation th\u00e9\u00e2trale : Booster votre cr\u00e9ativit\u00e9"},"content":{"rendered":"<p>Gagnante de notre appel \u00e0 projet, St\u00e9phanie Paviet de <a href=\"https:\/\/www.place-eleven.com\/\">Place Eleven<\/a> animera un atelier Pow&#8217;her d&#8217;improvisation th\u00e9\u00e2tre pour booster sa cr\u00e9ativit\u00e9.<\/p>\n<p>Partagez, osez et lib\u00e9rez votre cr\u00e9ativit\u00e9 !<\/p>\n<p>Une initiation \u00e0 l\u2019improvisation th\u00e9\u00e2trale pour booster la cr\u00e9ativit\u00e9 et l\u2019intelligence collective :<br \/>\n&#8211; D\u00e9velopper la confiance en soi<br \/>\n&#8211; Prendre du plaisir \u00e0 co-construire<br \/>\n&#8211; Transformer l&#8217;impr\u00e9vu en opportunit\u00e9<br \/>\n&#8211; Gagner en agilit\u00e9<\/p>\n<p>Ce projet est co-financ\u00e9 par le Fonds Social Europ\u00e9en.<\/p>\n<p><img decoding=\"async\" class=\"\" src=\"https:\/\/www.sep-asso.fr\/wp-content\/uploads\/2018\/02\/logo-union-europeenne.png\" alt=\"logo union europeenne \u2013 SEP\" width=\"87\" height=\"72\" \/>\u00a0\u00a0<img decoding=\"async\" class=\"alignnone wp-image-15218\" src=\"https:\/\/empow-her.com\/wp-content\/uploads\/2021\/06\/logo_fonds_social_europeen-300x187.png\" alt=\"\" width=\"104\" height=\"65\" srcset=\"https:\/\/empow-her.com\/wp-content\/uploads\/2021\/06\/logo_fonds_social_europeen-300x187.png 300w, https:\/\/empow-her.com\/wp-content\/uploads\/2021\/06\/logo_fonds_social_europeen-600x375.png 600w, https:\/\/empow-her.com\/wp-content\/uploads\/2021\/06\/logo_fonds_social_europeen-24x15.png 24w, https:\/\/empow-her.com\/wp-content\/uploads\/2021\/06\/logo_fonds_social_europeen-36x22.png 36w, https:\/\/empow-her.com\/wp-content\/uploads\/2021\/06\/logo_fonds_social_europeen-48x30.png 48w, https:\/\/empow-her.com\/wp-content\/uploads\/2021\/06\/logo_fonds_social_europeen.png 666w\" sizes=\"(max-width: 104px) 100vw, 104px\" \/> <img decoding=\"async\" class=\"\" src=\"https:\/\/franceactive-idf.org\/wp-content\/uploads\/2020\/02\/logo-region-ile-de-france.png\" alt=\"Logo Region Ile De France - France Active \u00cele-de-France\" width=\"126\" height=\"29\" \/><\/p>\n","protected":false},"excerpt":{"rendered":"<p>Partagez, osez et lib\u00e9rez votre cr\u00e9ativit\u00e9 !<\/p>\n<p>Une initiation \u00e0 l\u2019improvisation th\u00e9\u00e2trale pour booster la cr\u00e9ativit\u00e9 et l\u2019intelligence collective :<br \/>\n&#8211; D\u00e9velopper la confiance en soi<br \/>\n&#8211; Prendre du plaisir \u00e0 co-construire<br \/>\n&#8211; Transformer l&#8217;impr\u00e9vu en opportunit\u00e9<br \/>\n&#8211; Gagner en agilit\u00e9<\/p>\n<p>Ce projet est co-financ\u00e9 par le Fonds Social Europ\u00e9en.<\/p>\n<p><img decoding=\"async\" class=\"\" src=\"https:\/\/www.sep-asso.fr\/wp-content\/uploads\/2018\/02\/logo-union-europeenne.png\" alt=\"logo union europeenne \u2013 SEP\" width=\"87\" height=\"72\" \/>\u00a0\u00a0<img decoding=\"async\" class=\"alignnone wp-image-15218\" src=\"https:\/\/empow-her.com\/wp-content\/uploads\/2021\/06\/logo_fonds_social_europeen-300x187.png\" alt=\"\" width=\"104\" height=\"65\" srcset=\"https:\/\/empow-her.com\/wp-content\/uploads\/2021\/06\/logo_fonds_social_europeen-300x187.png 300w, https:\/\/empow-her.com\/wp-content\/uploads\/2021\/06\/logo_fonds_social_europeen-600x375.png 600w, https:\/\/empow-her.com\/wp-content\/uploads\/2021\/06\/logo_fonds_social_europeen-24x15.png 24w, https:\/\/empow-her.com\/wp-content\/uploads\/2021\/06\/logo_fonds_social_europeen-36x22.png 36w, https:\/\/empow-her.com\/wp-content\/uploads\/2021\/06\/logo_fonds_social_europeen-48x30.png 48w, https:\/\/empow-her.com\/wp-content\/uploads\/2021\/06\/logo_fonds_social_europeen.png 666w\" sizes=\"(max-width: 104px) 100vw, 104px\" \/> <img decoding=\"async\" class=\"\" src=\"https:\/\/franceactive-idf.org\/wp-content\/uploads\/2020\/02\/logo-region-ile-de-france.png\" alt=\"Logo Region Ile De France - France Active \u00cele-de-France\" width=\"126\" height=\"29\" \/><\/p>\n","protected":false},"featured_media":0,"template":"","format":"standard","meta":{"_acf_changed":false,"om_disable_all_campaigns":false,"_uf_show_specific_survey":0,"_uf_disable_surveys":false},"product_brand":[],"product_cat":[119],"product_tag":[],"lieu":[127],"thematiques":[],"class_list":{"0":"post-14167","1":"product","2":"type-product","3":"status-publish","4":"format-standard","6":"product_cat-evenement-sisther","7":"lieu-hub-empowher","9":"first","10":"instock","11":"virtual","12":"purchasable","13":"product-type-appointment"},"exclude_global_add_ons":[],"addons":[],"acf":[],"yoast_head":"<!-- This site is optimized with the Yoast SEO plugin v24.8 - https:\/\/yoast.com\/wordpress\/plugins\/seo\/ -->\n<title>Atelier Pow&#039;her - Improvisation th\u00e9\u00e2trale : Booster votre cr\u00e9ativit\u00e9 - Empow&#039;Her<\/title>\n<meta name=\"robots\" content=\"index, follow, max-snippet:-1, max-image-preview:large, max-video-preview:-1\" \/>\n<link rel=\"canonical\" href=\"https:\/\/empow-her.com\/es\/produit\/atelier-powher-improvisation-theatrale-booster-votre-creativite\/\" \/>\n<meta property=\"og:locale\" content=\"en_US\" \/>\n<meta property=\"og:type\" content=\"article\" \/>\n<meta property=\"og:title\" content=\"Atelier Pow&#039;her - Improvisation th\u00e9\u00e2trale : Booster votre cr\u00e9ativit\u00e9 - Empow&#039;Her\" \/>\n<meta property=\"og:description\" content=\"Partagez, osez et lib\u00e9rez votre cr\u00e9ativit\u00e9 !  Une initiation \u00e0 l\u2019improvisation th\u00e9\u00e2trale pour booster la cr\u00e9ativit\u00e9 et l\u2019intelligence collective : - D\u00e9velopper la confiance en soi - Prendre du plaisir \u00e0 co-construire - Transformer l&#039;impr\u00e9vu en opportunit\u00e9 - Gagner en agilit\u00e9  Ce projet est co-financ\u00e9 par le Fonds Social Europ\u00e9en.  \u00a0\u00a0\" \/>\n<meta property=\"og:url\" content=\"https:\/\/empow-her.com\/es\/produit\/atelier-powher-improvisation-theatrale-booster-votre-creativite\/\" \/>\n<meta property=\"og:site_name\" content=\"Empow&#039;Her\" \/>\n<meta property=\"article:modified_time\" content=\"2021-06-17T15:56:10+00:00\" \/>\n<meta property=\"og:image\" content=\"https:\/\/www.sep-asso.fr\/wp-content\/uploads\/2018\/02\/logo-union-europeenne.png\" \/>\n<meta name=\"twitter:card\" content=\"summary_large_image\" \/>\n<meta name=\"twitter:label1\" content=\"Est. reading time\" \/>\n\t<meta name=\"twitter:data1\" content=\"1 minute\" \/>\n<script type=\"application\/ld+json\" class=\"yoast-schema-graph\">{\"@context\":\"https:\/\/schema.org\",\"@graph\":[{\"@type\":\"WebPage\",\"@id\":\"https:\/\/empow-her.com\/es\/produit\/atelier-powher-improvisation-theatrale-booster-votre-creativite\/\",\"url\":\"https:\/\/empow-her.com\/es\/produit\/atelier-powher-improvisation-theatrale-booster-votre-creativite\/\",\"name\":\"Atelier Pow'her - Improvisation th\u00e9\u00e2trale : Booster votre cr\u00e9ativit\u00e9 - Empow&#039;Her\",\"isPartOf\":{\"@id\":\"https:\/\/empow-her.com\/#website\"},\"primaryImageOfPage\":{\"@id\":\"https:\/\/empow-her.com\/es\/produit\/atelier-powher-improvisation-theatrale-booster-votre-creativite\/#primaryimage\"},\"image\":{\"@id\":\"https:\/\/empow-her.com\/es\/produit\/atelier-powher-improvisation-theatrale-booster-votre-creativite\/#primaryimage\"},\"thumbnailUrl\":\"https:\/\/www.sep-asso.fr\/wp-content\/uploads\/2018\/02\/logo-union-europeenne.png\",\"datePublished\":\"2021-05-20T11:23:23+00:00\",\"dateModified\":\"2021-06-17T15:56:10+00:00\",\"breadcrumb\":{\"@id\":\"https:\/\/empow-her.com\/es\/produit\/atelier-powher-improvisation-theatrale-booster-votre-creativite\/#breadcrumb\"},\"inLanguage\":\"en-US\",\"potentialAction\":[{\"@type\":\"ReadAction\",\"target\":[\"https:\/\/empow-her.com\/es\/produit\/atelier-powher-improvisation-theatrale-booster-votre-creativite\/\"]}]},{\"@type\":\"ImageObject\",\"inLanguage\":\"en-US\",\"@id\":\"https:\/\/empow-her.com\/es\/produit\/atelier-powher-improvisation-theatrale-booster-votre-creativite\/#primaryimage\",\"url\":\"https:\/\/www.sep-asso.fr\/wp-content\/uploads\/2018\/02\/logo-union-europeenne.png\",\"contentUrl\":\"https:\/\/www.sep-asso.fr\/wp-content\/uploads\/2018\/02\/logo-union-europeenne.png\"},{\"@type\":\"BreadcrumbList\",\"@id\":\"https:\/\/empow-her.com\/es\/produit\/atelier-powher-improvisation-theatrale-booster-votre-creativite\/#breadcrumb\",\"itemListElement\":[{\"@type\":\"ListItem\",\"position\":1,\"name\":\"Accueil\",\"item\":\"https:\/\/empow-her.com\/en\/landing-page\/\"},{\"@type\":\"ListItem\",\"position\":2,\"name\":\"LA BOUTIQUE\",\"item\":\"https:\/\/empow-her.com\/boutique\/\"},{\"@type\":\"ListItem\",\"position\":3,\"name\":\"Atelier Pow&#8217;her &#8211; Improvisation th\u00e9\u00e2trale : Booster votre cr\u00e9ativit\u00e9\"}]},{\"@type\":\"WebSite\",\"@id\":\"https:\/\/empow-her.com\/#website\",\"url\":\"https:\/\/empow-her.com\/\",\"name\":\"Empow&#039;Her\",\"description\":\"Women Development\",\"potentialAction\":[{\"@type\":\"SearchAction\",\"target\":{\"@type\":\"EntryPoint\",\"urlTemplate\":\"https:\/\/empow-her.com\/?s={search_term_string}\"},\"query-input\":{\"@type\":\"PropertyValueSpecification\",\"valueRequired\":true,\"valueName\":\"search_term_string\"}}],\"inLanguage\":\"en-US\"}]}<\/script>\n<!-- \/ Yoast SEO plugin. -->","yoast_head_json":{"title":"Atelier Pow'her - Improvisation th\u00e9\u00e2trale : Booster votre cr\u00e9ativit\u00e9 - Empow&#039;Her","robots":{"index":"index","follow":"follow","max-snippet":"max-snippet:-1","max-image-preview":"max-image-preview:large","max-video-preview":"max-video-preview:-1"},"canonical":"https:\/\/empow-her.com\/es\/produit\/atelier-powher-improvisation-theatrale-booster-votre-creativite\/","og_locale":"en_US","og_type":"article","og_title":"Atelier Pow'her - Improvisation th\u00e9\u00e2trale : Booster votre cr\u00e9ativit\u00e9 - Empow&#039;Her","og_description":"Partagez, osez et lib\u00e9rez votre cr\u00e9ativit\u00e9 !  Une initiation \u00e0 l\u2019improvisation th\u00e9\u00e2trale pour booster la cr\u00e9ativit\u00e9 et l\u2019intelligence collective : - D\u00e9velopper la confiance en soi - Prendre du plaisir \u00e0 co-construire - Transformer l'impr\u00e9vu en opportunit\u00e9 - Gagner en agilit\u00e9  Ce projet est co-financ\u00e9 par le Fonds Social Europ\u00e9en.  \u00a0\u00a0","og_url":"https:\/\/empow-her.com\/es\/produit\/atelier-powher-improvisation-theatrale-booster-votre-creativite\/","og_site_name":"Empow&#039;Her","article_modified_time":"2021-06-17T15:56:10+00:00","og_image":[{"url":"https:\/\/www.sep-asso.fr\/wp-content\/uploads\/2018\/02\/logo-union-europeenne.png","type":"","width":"","height":""}],"twitter_card":"summary_large_image","twitter_misc":{"Est. reading time":"1 minute"},"schema":{"@context":"https:\/\/schema.org","@graph":[{"@type":"WebPage","@id":"https:\/\/empow-her.com\/es\/produit\/atelier-powher-improvisation-theatrale-booster-votre-creativite\/","url":"https:\/\/empow-her.com\/es\/produit\/atelier-powher-improvisation-theatrale-booster-votre-creativite\/","name":"Atelier Pow'her - Improvisation th\u00e9\u00e2trale : Booster votre cr\u00e9ativit\u00e9 - Empow&#039;Her","isPartOf":{"@id":"https:\/\/empow-her.com\/#website"},"primaryImageOfPage":{"@id":"https:\/\/empow-her.com\/es\/produit\/atelier-powher-improvisation-theatrale-booster-votre-creativite\/#primaryimage"},"image":{"@id":"https:\/\/empow-her.com\/es\/produit\/atelier-powher-improvisation-theatrale-booster-votre-creativite\/#primaryimage"},"thumbnailUrl":"https:\/\/www.sep-asso.fr\/wp-content\/uploads\/2018\/02\/logo-union-europeenne.png","datePublished":"2021-05-20T11:23:23+00:00","dateModified":"2021-06-17T15:56:10+00:00","breadcrumb":{"@id":"https:\/\/empow-her.com\/es\/produit\/atelier-powher-improvisation-theatrale-booster-votre-creativite\/#breadcrumb"},"inLanguage":"en-US","potentialAction":[{"@type":"ReadAction","target":["https:\/\/empow-her.com\/es\/produit\/atelier-powher-improvisation-theatrale-booster-votre-creativite\/"]}]},{"@type":"ImageObject","inLanguage":"en-US","@id":"https:\/\/empow-her.com\/es\/produit\/atelier-powher-improvisation-theatrale-booster-votre-creativite\/#primaryimage","url":"https:\/\/www.sep-asso.fr\/wp-content\/uploads\/2018\/02\/logo-union-europeenne.png","contentUrl":"https:\/\/www.sep-asso.fr\/wp-content\/uploads\/2018\/02\/logo-union-europeenne.png"},{"@type":"BreadcrumbList","@id":"https:\/\/empow-her.com\/es\/produit\/atelier-powher-improvisation-theatrale-booster-votre-creativite\/#breadcrumb","itemListElement":[{"@type":"ListItem","position":1,"name":"Accueil","item":"https:\/\/empow-her.com\/en\/landing-page\/"},{"@type":"ListItem","position":2,"name":"LA BOUTIQUE","item":"https:\/\/empow-her.com\/boutique\/"},{"@type":"ListItem","position":3,"name":"Atelier Pow&#8217;her &#8211; Improvisation th\u00e9\u00e2trale : Booster votre cr\u00e9ativit\u00e9"}]},{"@type":"WebSite","@id":"https:\/\/empow-her.com\/#website","url":"https:\/\/empow-her.com\/","name":"Empow&#039;Her","description":"Women Development","potentialAction":[{"@type":"SearchAction","target":{"@type":"EntryPoint","urlTemplate":"https:\/\/empow-her.com\/?s={search_term_string}"},"query-input":{"@type":"PropertyValueSpecification","valueRequired":true,"valueName":"search_term_string"}}],"inLanguage":"en-US"}]}},"_links":{"self":[{"href":"https:\/\/empow-her.com\/en\/wp-json\/wp\/v2\/product\/14167","targetHints":{"allow":["GET"]}}],"collection":[{"href":"https:\/\/empow-her.com\/en\/wp-json\/wp\/v2\/product"}],"about":[{"href":"https:\/\/empow-her.com\/en\/wp-json\/wp\/v2\/types\/product"}],"wp:attachment":[{"href":"https:\/\/empow-her.com\/en\/wp-json\/wp\/v2\/media?parent=14167"}],"wp:term":[{"taxonomy":"product_brand","embeddable":true,"href":"https:\/\/empow-her.com\/en\/wp-json\/wp\/v2\/product_brand?post=14167"},{"taxonomy":"product_cat","embeddable":true,"href":"https:\/\/empow-her.com\/en\/wp-json\/wp\/v2\/product_cat?post=14167"},{"taxonomy":"product_tag","embeddable":true,"href":"https:\/\/empow-her.com\/en\/wp-json\/wp\/v2\/product_tag?post=14167"},{"taxonomy":"lieu","embeddable":true,"href":"https:\/\/empow-her.com\/en\/wp-json\/wp\/v2\/lieu?post=14167"},{"taxonomy":"thematiques","embeddable":true,"href":"https:\/\/empow-her.com\/en\/wp-json\/wp\/v2\/thematiques?post=14167"}],"curies":[{"name":"wp","href":"https:\/\/api.w.org\/{rel}","templated":true}]}}