{"id":140934,"date":"2023-02-17T11:57:46","date_gmt":"2023-02-17T10:57:46","guid":{"rendered":"https:\/\/empow-her.com\/?post_type=product&#038;p=140934"},"modified":"2023-02-17T11:59:12","modified_gmt":"2023-02-17T10:59:12","slug":"new-coaching-reprendre-confiance-2","status":"publish","type":"product","link":"https:\/\/empow-her.com\/en\/produit\/new-coaching-reprendre-confiance-2\/","title":{"rendered":"NEW &#8211; Coaching &#8211; (Re)prendre confiance"},"content":{"rendered":"<p><strong>Besoin<\/strong> : \u00ab J&#8217;aimerais me sentir plus confiante pour avancer sur mon projet, d\u00e9passer ce maudit syndrome de l&#8217;imposteure ou renforcer ma l\u00e9gitimit\u00e9. \u00bb<\/p>\n<p><strong>Objectif<\/strong> : Si cette phrase r\u00e9sonne alors cette permanence pourra vous donner des cl\u00e9s pour identifier ce qui vous pr\u00e9occupe r\u00e9ellement. Le mythe de l&#8217;entrepreneure surhumaine qui doit \u00eatre forte et s\u00fbre d&#8217;elle-m\u00eame est bien ancr\u00e9 et il est temps de lui faire la peau ! Prendre un temps pour accueillir vos pens\u00e9es et vos \u00e9motions est un pr\u00e9-requis incontournable. Nous pourrons ensemble d\u00e9crypter leurs messages et envisager des leviers d&#8217;action.<\/p>\n<p>Nous pourrons explorer comment vous mettre en mouvement de la fa\u00e7on la plus juste et enthousiasmante pour vous. Car c&#8217;est gr\u00e2ce \u00e0 l&#8217;action concr\u00e8te que nous pouvons v\u00e9ritablement nourrir notre confiance en nous-m\u00eame.<\/p>\n<p>Cette permanence vous donne un espace-temps sur mesure pour :<\/p>\n<p>\u2022 Identifier vos freins et comprendre ce qu&#8217;ils signifient pour vous.<\/p>\n<p>\u2022 Vous appuyer sur ce qui vous anime et vous (re)connecter \u00e0 ce qui vous enthousiasme dans votre projet<\/p>\n<p>\u2022 Clarifier la ou les prochaines actions \u00e0 conduire gr\u00e2ce \u00e0 l&#8217;approche FAR\u00a9 pour d\u00e9velopper votre confiance<\/p>\n<p>\u2022 Identifier les ressources internes et externes \u00e0 mobiliser<\/p>\n<p><strong>Intervenant.e<\/strong>\u00a0<strong>: C\u00e9cile Petit\u00a0<\/strong><\/p>\n<p>J\u2019ai cette intime conviction : une vie professionnelle \u00e9panouissante s\u2019appuie sur la qualit\u00e9 de notre relation \u00e0 nous-m\u00eames, aux autres et \u00e0 notre environnement et sur la qualit\u00e9 de notre pr\u00e9sence ici et maintenant.Psychologue du travail, coach professionnelle et m\u00e9diatrice, j\u2019ai co-fond\u00e9 l\u2019Agence Bulles avec ma s\u0153ur-associ\u00e9e Sophie.<\/p>\n<p><span data-sheets-value=\"{&quot;1&quot;:2,&quot;2&quot;:&quot;Description : nnPr\u00e9-requis : nnIntervenant.e : nnSon super pouvoir : nnSon petit mot : &quot;}\" data-sheets-userformat=\"{&quot;2&quot;:641,&quot;3&quot;:{&quot;1&quot;:0},&quot;10&quot;:1,&quot;12&quot;:0}\"><strong>Son super pouvoir :<\/strong>\u00a0Co-d\u00e9tective priv\u00e9e aupr\u00e8s de mes accompagn\u00e9.e.s gr\u00e2ce \u00e0 l\u2019art du dialogue<\/span><\/p>\n<p><strong>Son petit mot :<\/strong> L\u2019aventure entrepreneuriale est une v\u00e9ritable exp\u00e9rience \u00e9motionnelle. Alors appuyons nous du mieux possible sur ce qui nous met en joie. Cela nous encourage \u00e0 mettre du c\u0153ur \u00e0 l\u2019ouvrage et \u00e0 \u0153uvrer avec c\u0153ur au sein de notre \u00e9cosyst\u00e8me !<\/p>\n<p><strong>Dur\u00e9e<\/strong>\u00a0: U<span data-sheets-value=\"{&quot;1&quot;:2,&quot;2&quot;:&quot;Permanence de 4h avec un cr\u00e9neau de 1h par participante (+ 15 minutes entre chaque)&quot;}\" data-sheets-userformat=\"{&quot;2&quot;:7167,&quot;3&quot;:{&quot;1&quot;:0},&quot;4&quot;:{&quot;1&quot;:2,&quot;2&quot;:16777215},&quot;5&quot;:{&quot;1&quot;:[{&quot;1&quot;:2,&quot;2&quot;:0,&quot;5&quot;:{&quot;1&quot;:2,&quot;2&quot;:0}},{&quot;1&quot;:0,&quot;2&quot;:0,&quot;3&quot;:3},{&quot;1&quot;:1,&quot;2&quot;:0,&quot;4&quot;:1}]},&quot;6&quot;:{&quot;1&quot;:[{&quot;1&quot;:2,&quot;2&quot;:0,&quot;5&quot;:{&quot;1&quot;:2,&quot;2&quot;:0}},{&quot;1&quot;:0,&quot;2&quot;:0,&quot;3&quot;:3},{&quot;1&quot;:1,&quot;2&quot;:0,&quot;4&quot;:1}]},&quot;7&quot;:{&quot;1&quot;:[{&quot;1&quot;:2,&quot;2&quot;:0,&quot;5&quot;:{&quot;1&quot;:2,&quot;2&quot;:0}},{&quot;1&quot;:0,&quot;2&quot;:0,&quot;3&quot;:3},{&quot;1&quot;:1,&quot;2&quot;:0,&quot;4&quot;:1}]},&quot;8&quot;:{&quot;1&quot;:[{&quot;1&quot;:2,&quot;2&quot;:0,&quot;5&quot;:{&quot;1&quot;:2,&quot;2&quot;:0}},{&quot;1&quot;:0,&quot;2&quot;:0,&quot;3&quot;:3},{&quot;1&quot;:1,&quot;2&quot;:0,&quot;4&quot;:1}]},&quot;9&quot;:0,&quot;10&quot;:1,&quot;11&quot;:4,&quot;12&quot;:0,&quot;14&quot;:{&quot;1&quot;:2,&quot;2&quot;:0},&quot;15&quot;:&quot;Calibri&quot;}\">n cr\u00e9neau de 1h en individuel<\/span><\/p>\n<p><strong>Lieu :\u00a0<\/strong>Sist\u2019Her Paris, 82 Rue du Faubourg Saint-Martin<\/p>\n<p><span data-sheets-value=\"{&quot;1&quot;:2,&quot;2&quot;:&quot;Attention ! \u00a0Veuillez vous pr\u00e9sentez \u00e0 l'heure pour que l'activit\u00e9 puisse commencer \u00e0 temps. Si vous avez du retard veuillez pr\u00e9venir l'intervenant.e. Si vous avez plus de 15 min de retard l'intervenant.e se r\u00e9serve le droit de plus vous accepter pour le coaching ou l'atelier.\u00a0&quot;}\" data-sheets-userformat=\"{&quot;2&quot;:641,&quot;3&quot;:{&quot;1&quot;:0},&quot;10&quot;:1,&quot;12&quot;:0}\"><strong>Attention !<\/strong>\u00a0\u00a0Veuillez vous pr\u00e9senter \u00e0 l\u2019heure pour que l\u2019activit\u00e9 puisse commencer \u00e0 temps. Si vous avez du retard veuillez pr\u00e9venir l\u2019intervenant.e. Si vous avez plus de 15 min de retard l\u2019intervenant.e se r\u00e9serve le droit de ne plus vous accepter pour le coaching ou l\u2019atelier.\u00a0<\/span><\/p>\n","protected":false},"excerpt":{"rendered":"<p><strong>Besoin<\/strong> : \u00ab J&#8217;aimerais me sentir plus confiante pour avancer sur mon projet, d\u00e9passer ce maudit syndrome de l&#8217;imposteure ou renforcer ma l\u00e9gitimit\u00e9. \u00bb<\/p>\n<p><strong>Objectif<\/strong> : Si cette phrase r\u00e9sonne alors cette permanence pourra vous donner des cl\u00e9s pour identifier ce qui vous pr\u00e9occupe r\u00e9ellement. Le mythe de l&#8217;entrepreneure surhumaine qui doit \u00eatre forte et s\u00fbre d&#8217;elle-m\u00eame est bien ancr\u00e9 et il est temps de lui faire la peau ! Prendre un temps pour accueillir vos pens\u00e9es et vos \u00e9motions est un pr\u00e9-requis incontournable. Nous pourrons ensemble d\u00e9crypter leurs messages et envisager des leviers d&#8217;action.<\/p>\n<p>Nous pourrons explorer comment vous mettre en mouvement de la fa\u00e7on la plus juste et enthousiasmante pour vous. Car c&#8217;est gr\u00e2ce \u00e0 l&#8217;action concr\u00e8te que nous pouvons v\u00e9ritablement nourrir notre confiance en nous-m\u00eame.<\/p>\n<p>Cette permanence vous donne un espace-temps sur mesure pour :<\/p>\n<p>\u2022 Identifier vos freins et comprendre ce qu&#8217;ils signifient pour vous.<\/p>\n<p>\u2022 Vous appuyer sur ce qui vous anime et vous (re)connecter \u00e0 ce qui vous enthousiasme dans votre projet<\/p>\n<p>\u2022 Clarifier la ou les prochaines actions \u00e0 conduire gr\u00e2ce \u00e0 l&#8217;approche FAR\u00a9 pour d\u00e9velopper votre confiance<\/p>\n<p>\u2022 Identifier les ressources internes et externes \u00e0 mobiliser<\/p>\n<p><strong>Intervenant.e<\/strong>\u00a0<strong>: C\u00e9cile Petit\u00a0<\/strong><\/p>\n<p>J\u2019ai cette intime conviction : une vie professionnelle \u00e9panouissante s\u2019appuie sur la qualit\u00e9 de notre relation \u00e0 nous-m\u00eames, aux autres et \u00e0 notre environnement et sur la qualit\u00e9 de notre pr\u00e9sence ici et maintenant.Psychologue du travail, coach professionnelle et m\u00e9diatrice, j\u2019ai co-fond\u00e9 l\u2019Agence Bulles avec ma s\u0153ur-associ\u00e9e Sophie.<\/p>\n<p><span data-sheets-value=\"{&quot;1&quot;:2,&quot;2&quot;:&quot;Description : nnPr\u00e9-requis : nnIntervenant.e : nnSon super pouvoir : nnSon petit mot : &quot;}\" data-sheets-userformat=\"{&quot;2&quot;:641,&quot;3&quot;:{&quot;1&quot;:0},&quot;10&quot;:1,&quot;12&quot;:0}\"><strong>Son super pouvoir :<\/strong>\u00a0Co-d\u00e9tective priv\u00e9e aupr\u00e8s de mes accompagn\u00e9.e.s gr\u00e2ce \u00e0 l\u2019art du dialogue<\/span><\/p>\n<p><strong>Son petit mot :<\/strong> L\u2019aventure entrepreneuriale est une v\u00e9ritable exp\u00e9rience \u00e9motionnelle. Alors appuyons nous du mieux possible sur ce qui nous met en joie. Cela nous encourage \u00e0 mettre du c\u0153ur \u00e0 l\u2019ouvrage et \u00e0 \u0153uvrer avec c\u0153ur au sein de notre \u00e9cosyst\u00e8me !<\/p>\n<p><strong>Dur\u00e9e<\/strong>\u00a0: U<span data-sheets-value=\"{&quot;1&quot;:2,&quot;2&quot;:&quot;Permanence de 4h avec un cr\u00e9neau de 1h par participante (+ 15 minutes entre chaque)&quot;}\" data-sheets-userformat=\"{&quot;2&quot;:7167,&quot;3&quot;:{&quot;1&quot;:0},&quot;4&quot;:{&quot;1&quot;:2,&quot;2&quot;:16777215},&quot;5&quot;:{&quot;1&quot;:[{&quot;1&quot;:2,&quot;2&quot;:0,&quot;5&quot;:{&quot;1&quot;:2,&quot;2&quot;:0}},{&quot;1&quot;:0,&quot;2&quot;:0,&quot;3&quot;:3},{&quot;1&quot;:1,&quot;2&quot;:0,&quot;4&quot;:1}]},&quot;6&quot;:{&quot;1&quot;:[{&quot;1&quot;:2,&quot;2&quot;:0,&quot;5&quot;:{&quot;1&quot;:2,&quot;2&quot;:0}},{&quot;1&quot;:0,&quot;2&quot;:0,&quot;3&quot;:3},{&quot;1&quot;:1,&quot;2&quot;:0,&quot;4&quot;:1}]},&quot;7&quot;:{&quot;1&quot;:[{&quot;1&quot;:2,&quot;2&quot;:0,&quot;5&quot;:{&quot;1&quot;:2,&quot;2&quot;:0}},{&quot;1&quot;:0,&quot;2&quot;:0,&quot;3&quot;:3},{&quot;1&quot;:1,&quot;2&quot;:0,&quot;4&quot;:1}]},&quot;8&quot;:{&quot;1&quot;:[{&quot;1&quot;:2,&quot;2&quot;:0,&quot;5&quot;:{&quot;1&quot;:2,&quot;2&quot;:0}},{&quot;1&quot;:0,&quot;2&quot;:0,&quot;3&quot;:3},{&quot;1&quot;:1,&quot;2&quot;:0,&quot;4&quot;:1}]},&quot;9&quot;:0,&quot;10&quot;:1,&quot;11&quot;:4,&quot;12&quot;:0,&quot;14&quot;:{&quot;1&quot;:2,&quot;2&quot;:0},&quot;15&quot;:&quot;Calibri&quot;}\">n cr\u00e9neau de 1h en individuel<\/span><\/p>\n<p><strong>Lieu :\u00a0<\/strong>Sist\u2019Her Paris, 82 Rue du Faubourg Saint-Martin<\/p>\n<p><span data-sheets-value=\"{&quot;1&quot;:2,&quot;2&quot;:&quot;Attention ! \u00a0Veuillez vous pr\u00e9sentez \u00e0 l'heure pour que l'activit\u00e9 puisse commencer \u00e0 temps. Si vous avez du retard veuillez pr\u00e9venir l'intervenant.e. Si vous avez plus de 15 min de retard l'intervenant.e se r\u00e9serve le droit de plus vous accepter pour le coaching ou l'atelier.\u00a0&quot;}\" data-sheets-userformat=\"{&quot;2&quot;:641,&quot;3&quot;:{&quot;1&quot;:0},&quot;10&quot;:1,&quot;12&quot;:0}\"><strong>Attention !<\/strong>\u00a0\u00a0Veuillez vous pr\u00e9senter \u00e0 l\u2019heure pour que l\u2019activit\u00e9 puisse commencer \u00e0 temps. Si vous avez du retard veuillez pr\u00e9venir l\u2019intervenant.e. Si vous avez plus de 15 min de retard l\u2019intervenant.e se r\u00e9serve le droit de ne plus vous accepter pour le coaching ou l\u2019atelier.\u00a0<\/span><\/p>\n","protected":false},"featured_media":140935,"template":"","format":"standard","meta":{"_acf_changed":false,"om_disable_all_campaigns":false,"_uf_show_specific_survey":0,"_uf_disable_surveys":false},"product_brand":[],"product_cat":[121],"product_tag":[],"lieu":[127],"thematiques":[],"class_list":{"0":"post-140934","1":"product","2":"type-product","3":"status-publish","4":"format-standard","5":"has-post-thumbnail","7":"product_cat-coaching","8":"lieu-hub-empowher","10":"first","11":"instock","12":"virtual","13":"purchasable","14":"product-type-appointment"},"exclude_global_add_ons":[],"addons":[],"acf":[],"yoast_head":"<!-- This site is optimized with the Yoast SEO plugin v24.8 - https:\/\/yoast.com\/wordpress\/plugins\/seo\/ -->\n<title>NEW - Coaching - (Re)prendre confiance - Empow&#039;Her<\/title>\n<meta name=\"description\" content=\"Coaching (Re)prendre confiance\" \/>\n<meta name=\"robots\" content=\"index, follow, max-snippet:-1, max-image-preview:large, max-video-preview:-1\" \/>\n<link rel=\"canonical\" href=\"https:\/\/empow-her.com\/produit\/new-coaching-reprendre-confiance-2\/\" \/>\n<meta property=\"og:locale\" content=\"en_US\" \/>\n<meta property=\"og:type\" content=\"article\" \/>\n<meta property=\"og:title\" content=\"NEW - Coaching - (Re)prendre confiance - Empow&#039;Her\" \/>\n<meta property=\"og:description\" content=\"Coaching (Re)prendre confiance\" \/>\n<meta property=\"og:url\" content=\"https:\/\/empow-her.com\/produit\/new-coaching-reprendre-confiance-2\/\" \/>\n<meta property=\"og:site_name\" content=\"Empow&#039;Her\" \/>\n<meta property=\"article:modified_time\" content=\"2023-02-17T10:59:12+00:00\" \/>\n<meta property=\"og:image\" content=\"https:\/\/empow-her.com\/wp-content\/uploads\/2023\/02\/Women-Dare-templates-events-2023-02-17T115732.492.png\" \/>\n\t<meta property=\"og:image:width\" content=\"1080\" \/>\n\t<meta property=\"og:image:height\" content=\"1080\" \/>\n\t<meta property=\"og:image:type\" content=\"image\/png\" \/>\n<meta name=\"twitter:card\" content=\"summary_large_image\" \/>\n<meta name=\"twitter:label1\" content=\"Est. reading time\" \/>\n\t<meta name=\"twitter:data1\" content=\"2 minutes\" \/>\n<script type=\"application\/ld+json\" class=\"yoast-schema-graph\">{\"@context\":\"https:\/\/schema.org\",\"@graph\":[{\"@type\":\"WebPage\",\"@id\":\"https:\/\/empow-her.com\/produit\/new-coaching-reprendre-confiance-2\/\",\"url\":\"https:\/\/empow-her.com\/produit\/new-coaching-reprendre-confiance-2\/\",\"name\":\"NEW - Coaching - (Re)prendre confiance - Empow&#039;Her\",\"isPartOf\":{\"@id\":\"https:\/\/empow-her.com\/#website\"},\"primaryImageOfPage\":{\"@id\":\"https:\/\/empow-her.com\/produit\/new-coaching-reprendre-confiance-2\/#primaryimage\"},\"image\":{\"@id\":\"https:\/\/empow-her.com\/produit\/new-coaching-reprendre-confiance-2\/#primaryimage\"},\"thumbnailUrl\":\"https:\/\/empow-her.com\/wp-content\/uploads\/2023\/02\/Women-Dare-templates-events-2023-02-17T115732.492.png\",\"datePublished\":\"2023-02-17T10:57:46+00:00\",\"dateModified\":\"2023-02-17T10:59:12+00:00\",\"description\":\"Coaching (Re)prendre confiance\",\"breadcrumb\":{\"@id\":\"https:\/\/empow-her.com\/produit\/new-coaching-reprendre-confiance-2\/#breadcrumb\"},\"inLanguage\":\"en-US\",\"potentialAction\":[{\"@type\":\"ReadAction\",\"target\":[\"https:\/\/empow-her.com\/produit\/new-coaching-reprendre-confiance-2\/\"]}]},{\"@type\":\"ImageObject\",\"inLanguage\":\"en-US\",\"@id\":\"https:\/\/empow-her.com\/produit\/new-coaching-reprendre-confiance-2\/#primaryimage\",\"url\":\"https:\/\/empow-her.com\/wp-content\/uploads\/2023\/02\/Women-Dare-templates-events-2023-02-17T115732.492.png\",\"contentUrl\":\"https:\/\/empow-her.com\/wp-content\/uploads\/2023\/02\/Women-Dare-templates-events-2023-02-17T115732.492.png\",\"width\":1080,\"height\":1080},{\"@type\":\"BreadcrumbList\",\"@id\":\"https:\/\/empow-her.com\/produit\/new-coaching-reprendre-confiance-2\/#breadcrumb\",\"itemListElement\":[{\"@type\":\"ListItem\",\"position\":1,\"name\":\"Accueil\",\"item\":\"https:\/\/empow-her.com\/en\/landing-page\/\"},{\"@type\":\"ListItem\",\"position\":2,\"name\":\"LA BOUTIQUE\",\"item\":\"https:\/\/empow-her.com\/boutique\/\"},{\"@type\":\"ListItem\",\"position\":3,\"name\":\"NEW &#8211; Coaching &#8211; (Re)prendre confiance\"}]},{\"@type\":\"WebSite\",\"@id\":\"https:\/\/empow-her.com\/#website\",\"url\":\"https:\/\/empow-her.com\/\",\"name\":\"Empow&#039;Her\",\"description\":\"Women Development\",\"potentialAction\":[{\"@type\":\"SearchAction\",\"target\":{\"@type\":\"EntryPoint\",\"urlTemplate\":\"https:\/\/empow-her.com\/?s={search_term_string}\"},\"query-input\":{\"@type\":\"PropertyValueSpecification\",\"valueRequired\":true,\"valueName\":\"search_term_string\"}}],\"inLanguage\":\"en-US\"}]}<\/script>\n<!-- \/ Yoast SEO plugin. -->","yoast_head_json":{"title":"NEW - Coaching - (Re)prendre confiance - Empow&#039;Her","description":"Coaching (Re)prendre confiance","robots":{"index":"index","follow":"follow","max-snippet":"max-snippet:-1","max-image-preview":"max-image-preview:large","max-video-preview":"max-video-preview:-1"},"canonical":"https:\/\/empow-her.com\/produit\/new-coaching-reprendre-confiance-2\/","og_locale":"en_US","og_type":"article","og_title":"NEW - Coaching - (Re)prendre confiance - Empow&#039;Her","og_description":"Coaching (Re)prendre confiance","og_url":"https:\/\/empow-her.com\/produit\/new-coaching-reprendre-confiance-2\/","og_site_name":"Empow&#039;Her","article_modified_time":"2023-02-17T10:59:12+00:00","og_image":[{"width":1080,"height":1080,"url":"https:\/\/empow-her.com\/wp-content\/uploads\/2023\/02\/Women-Dare-templates-events-2023-02-17T115732.492.png","type":"image\/png"}],"twitter_card":"summary_large_image","twitter_misc":{"Est. reading time":"2 minutes"},"schema":{"@context":"https:\/\/schema.org","@graph":[{"@type":"WebPage","@id":"https:\/\/empow-her.com\/produit\/new-coaching-reprendre-confiance-2\/","url":"https:\/\/empow-her.com\/produit\/new-coaching-reprendre-confiance-2\/","name":"NEW - Coaching - (Re)prendre confiance - Empow&#039;Her","isPartOf":{"@id":"https:\/\/empow-her.com\/#website"},"primaryImageOfPage":{"@id":"https:\/\/empow-her.com\/produit\/new-coaching-reprendre-confiance-2\/#primaryimage"},"image":{"@id":"https:\/\/empow-her.com\/produit\/new-coaching-reprendre-confiance-2\/#primaryimage"},"thumbnailUrl":"https:\/\/empow-her.com\/wp-content\/uploads\/2023\/02\/Women-Dare-templates-events-2023-02-17T115732.492.png","datePublished":"2023-02-17T10:57:46+00:00","dateModified":"2023-02-17T10:59:12+00:00","description":"Coaching (Re)prendre confiance","breadcrumb":{"@id":"https:\/\/empow-her.com\/produit\/new-coaching-reprendre-confiance-2\/#breadcrumb"},"inLanguage":"en-US","potentialAction":[{"@type":"ReadAction","target":["https:\/\/empow-her.com\/produit\/new-coaching-reprendre-confiance-2\/"]}]},{"@type":"ImageObject","inLanguage":"en-US","@id":"https:\/\/empow-her.com\/produit\/new-coaching-reprendre-confiance-2\/#primaryimage","url":"https:\/\/empow-her.com\/wp-content\/uploads\/2023\/02\/Women-Dare-templates-events-2023-02-17T115732.492.png","contentUrl":"https:\/\/empow-her.com\/wp-content\/uploads\/2023\/02\/Women-Dare-templates-events-2023-02-17T115732.492.png","width":1080,"height":1080},{"@type":"BreadcrumbList","@id":"https:\/\/empow-her.com\/produit\/new-coaching-reprendre-confiance-2\/#breadcrumb","itemListElement":[{"@type":"ListItem","position":1,"name":"Accueil","item":"https:\/\/empow-her.com\/en\/landing-page\/"},{"@type":"ListItem","position":2,"name":"LA BOUTIQUE","item":"https:\/\/empow-her.com\/boutique\/"},{"@type":"ListItem","position":3,"name":"NEW &#8211; Coaching &#8211; (Re)prendre confiance"}]},{"@type":"WebSite","@id":"https:\/\/empow-her.com\/#website","url":"https:\/\/empow-her.com\/","name":"Empow&#039;Her","description":"Women Development","potentialAction":[{"@type":"SearchAction","target":{"@type":"EntryPoint","urlTemplate":"https:\/\/empow-her.com\/?s={search_term_string}"},"query-input":{"@type":"PropertyValueSpecification","valueRequired":true,"valueName":"search_term_string"}}],"inLanguage":"en-US"}]}},"_links":{"self":[{"href":"https:\/\/empow-her.com\/en\/wp-json\/wp\/v2\/product\/140934","targetHints":{"allow":["GET"]}}],"collection":[{"href":"https:\/\/empow-her.com\/en\/wp-json\/wp\/v2\/product"}],"about":[{"href":"https:\/\/empow-her.com\/en\/wp-json\/wp\/v2\/types\/product"}],"wp:featuredmedia":[{"embeddable":true,"href":"https:\/\/empow-her.com\/en\/wp-json\/wp\/v2\/media\/140935"}],"wp:attachment":[{"href":"https:\/\/empow-her.com\/en\/wp-json\/wp\/v2\/media?parent=140934"}],"wp:term":[{"taxonomy":"product_brand","embeddable":true,"href":"https:\/\/empow-her.com\/en\/wp-json\/wp\/v2\/product_brand?post=140934"},{"taxonomy":"product_cat","embeddable":true,"href":"https:\/\/empow-her.com\/en\/wp-json\/wp\/v2\/product_cat?post=140934"},{"taxonomy":"product_tag","embeddable":true,"href":"https:\/\/empow-her.com\/en\/wp-json\/wp\/v2\/product_tag?post=140934"},{"taxonomy":"lieu","embeddable":true,"href":"https:\/\/empow-her.com\/en\/wp-json\/wp\/v2\/lieu?post=140934"},{"taxonomy":"thematiques","embeddable":true,"href":"https:\/\/empow-her.com\/en\/wp-json\/wp\/v2\/thematiques?post=140934"}],"curies":[{"name":"wp","href":"https:\/\/api.w.org\/{rel}","templated":true}]}}