{"id":14081,"date":"2021-05-18T09:41:38","date_gmt":"2021-05-18T07:41:38","guid":{"rendered":"https:\/\/empow-her.com\/?post_type=product&#038;p=14081"},"modified":"2021-06-15T17:24:50","modified_gmt":"2021-06-15T15:24:50","slug":"brainstorming-les-cles-pour-financer-mon-projet-2","status":"publish","type":"product","link":"https:\/\/empow-her.com\/en\/produit\/brainstorming-les-cles-pour-financer-mon-projet-2\/","title":{"rendered":"Brainstorming : Les cl\u00e9s pour financer mon projet"},"content":{"rendered":"","protected":false},"excerpt":{"rendered":"<div>\n<div class=\"p-rich_text_section\">Au cours de ce brainstorming en petit groupe supervis\u00e9 par Orianne Champon, d\u00e9couvrez la d\u00e9marche et les bonnes pratiques pour construire votre business plan et chercher des financements. L&#8217;occasion pour vous de :<\/div>\n<ul class=\"p-rich_text_list p-rich_text_list__bullet\" data-stringify-type=\"unordered-list\" data-indent=\"0\">\n<li data-stringify-indent=\"0\">vous faire coacher sur les aspects de votre projet li\u00e9s au financement et\/ou au business plan, \u00e9l\u00e9ments indispensables \u00e0 avoir en t\u00eate lorsqu&#8217;on se lance ;<\/li>\n<li data-stringify-indent=\"0\">conna\u00eetre les diff\u00e9rentes sources de financement possibles et identifier les plus pertinentes pour votre projet ;<\/li>\n<li data-stringify-indent=\"0\">vous inspirer des autres porteuses de projet du groupe pour bien comprendre tous les enjeux li\u00e9s \u00e0 ces th\u00e9matiques ;<\/li>\n<li data-stringify-indent=\"0\">b\u00e9n\u00e9ficier pendant 2 heures de l&#8217;expertise th\u00e9orique et pratique d&#8217;une pro de la finance dans un cadre bienveillant et d&#8217;entraide.<\/li>\n<\/ul>\n<\/div>\n<p>&nbsp;<\/p>\n<p><b>Par : <a href=\"https:\/\/www.o2c-conseil.fr\/\">02C Expertise &amp; Conseil<\/a><\/b><\/p>\n<p>&nbsp;<\/p>\n<p><span data-sheets-value=\"{&quot;1&quot;:2,&quot;2&quot;:&quot;Alexandre Sourzac-Lami est co-fondateur de Comit, une structure sp\u00e9cialis\u00e9e qui con\u00e7oit et adapte des outils et m\u00e9thodes pour donner aux entrepreneur.e.s la capacit\u00e9 de d\u00e9velopper des mod\u00e8les \u00e9conomiques p\u00e9rennes.&quot;}\" data-sheets-userformat=\"{&quot;2&quot;:1055743,&quot;3&quot;:{&quot;1&quot;:0},&quot;4&quot;:{&quot;1&quot;:2,&quot;2&quot;:16777215},&quot;5&quot;:{&quot;1&quot;:[{&quot;1&quot;:2,&quot;2&quot;:0,&quot;5&quot;:{&quot;1&quot;:2,&quot;2&quot;:0}},{&quot;1&quot;:0,&quot;2&quot;:0,&quot;3&quot;:3},{&quot;1&quot;:1,&quot;2&quot;:0,&quot;4&quot;:1}]},&quot;6&quot;:{&quot;1&quot;:[{&quot;1&quot;:2,&quot;2&quot;:0,&quot;5&quot;:{&quot;1&quot;:2,&quot;2&quot;:0}},{&quot;1&quot;:0,&quot;2&quot;:0,&quot;3&quot;:3},{&quot;1&quot;:1,&quot;2&quot;:0,&quot;4&quot;:1}]},&quot;7&quot;:{&quot;1&quot;:[{&quot;1&quot;:2,&quot;2&quot;:0,&quot;5&quot;:{&quot;1&quot;:2,&quot;2&quot;:0}},{&quot;1&quot;:0,&quot;2&quot;:0,&quot;3&quot;:3},{&quot;1&quot;:1,&quot;2&quot;:0,&quot;4&quot;:1}]},&quot;8&quot;:{&quot;1&quot;:[{&quot;1&quot;:2,&quot;2&quot;:0,&quot;5&quot;:{&quot;1&quot;:2,&quot;2&quot;:0}},{&quot;1&quot;:0,&quot;2&quot;:0,&quot;3&quot;:3},{&quot;1&quot;:1,&quot;2&quot;:0,&quot;4&quot;:1}]},&quot;9&quot;:0,&quot;10&quot;:1,&quot;11&quot;:4,&quot;12&quot;:0,&quot;14&quot;:{&quot;1&quot;:2,&quot;2&quot;:0},&quot;15&quot;:&quot;Calibri&quot;,&quot;23&quot;:1}\" data-sheets-textstyleruns=\"{&quot;1&quot;:0}\uee10{&quot;1&quot;:43,&quot;2&quot;:{&quot;2&quot;:{&quot;1&quot;:2,&quot;2&quot;:1136076},&quot;9&quot;:1}}\uee10{&quot;1&quot;:48}\" data-sheets-hyperlinkruns=\"{&quot;1&quot;:43,&quot;2&quot;:&quot;https:\/\/www.comit.berlin\/&quot;}\uee10{&quot;1&quot;:48}\"><strong>Intervenant.e.s :<\/strong><\/span><span data-sheets-value=\"{&quot;1&quot;:2,&quot;2&quot;:&quot;Alexandre Sourzac-Lami est co-fondateur de Comit, une structure sp\u00e9cialis\u00e9e qui con\u00e7oit et adapte des outils et m\u00e9thodes pour donner aux entrepreneur.e.s la capacit\u00e9 de d\u00e9velopper des mod\u00e8les \u00e9conomiques p\u00e9rennes.&quot;}\" data-sheets-userformat=\"{&quot;2&quot;:1055743,&quot;3&quot;:{&quot;1&quot;:0},&quot;4&quot;:{&quot;1&quot;:2,&quot;2&quot;:16777215},&quot;5&quot;:{&quot;1&quot;:[{&quot;1&quot;:2,&quot;2&quot;:0,&quot;5&quot;:{&quot;1&quot;:2,&quot;2&quot;:0}},{&quot;1&quot;:0,&quot;2&quot;:0,&quot;3&quot;:3},{&quot;1&quot;:1,&quot;2&quot;:0,&quot;4&quot;:1}]},&quot;6&quot;:{&quot;1&quot;:[{&quot;1&quot;:2,&quot;2&quot;:0,&quot;5&quot;:{&quot;1&quot;:2,&quot;2&quot;:0}},{&quot;1&quot;:0,&quot;2&quot;:0,&quot;3&quot;:3},{&quot;1&quot;:1,&quot;2&quot;:0,&quot;4&quot;:1}]},&quot;7&quot;:{&quot;1&quot;:[{&quot;1&quot;:2,&quot;2&quot;:0,&quot;5&quot;:{&quot;1&quot;:2,&quot;2&quot;:0}},{&quot;1&quot;:0,&quot;2&quot;:0,&quot;3&quot;:3},{&quot;1&quot;:1,&quot;2&quot;:0,&quot;4&quot;:1}]},&quot;8&quot;:{&quot;1&quot;:[{&quot;1&quot;:2,&quot;2&quot;:0,&quot;5&quot;:{&quot;1&quot;:2,&quot;2&quot;:0}},{&quot;1&quot;:0,&quot;2&quot;:0,&quot;3&quot;:3},{&quot;1&quot;:1,&quot;2&quot;:0,&quot;4&quot;:1}]},&quot;9&quot;:0,&quot;10&quot;:1,&quot;11&quot;:4,&quot;12&quot;:0,&quot;14&quot;:{&quot;1&quot;:2,&quot;2&quot;:0},&quot;15&quot;:&quot;Calibri&quot;,&quot;23&quot;:1}\" data-sheets-textstyleruns=\"{&quot;1&quot;:0}\uee10{&quot;1&quot;:43,&quot;2&quot;:{&quot;2&quot;:{&quot;1&quot;:2,&quot;2&quot;:1136076},&quot;9&quot;:1}}\uee10{&quot;1&quot;:48}\" data-sheets-hyperlinkruns=\"{&quot;1&quot;:43,&quot;2&quot;:&quot;https:\/\/www.comit.berlin\/&quot;}\uee10{&quot;1&quot;:48}\"> Orianne Champon<\/span><\/p>\n<p>Experte sur les th\u00e9matiques de financements, business plan, comptabilit\u00e9,\u00a0 Orianne accompagne les cr\u00e9ateurs\u00b7rices d\u2019entreprise, les TPME\/PME \u00e0 penser une entreprise responsable, en d\u00e9veloppant de nouvelles fa\u00e7ons de consommer\/exploiter les ressources.<\/p>\n<p><strong>Dur\u00e9e<\/strong> : 2 heures<\/p>\n<p>&nbsp;<\/p>\n<p>Ce projet est co-financ\u00e9 par le Fonds Social Europ\u00e9en.<\/p>\n<p><img decoding=\"async\" class=\"\" src=\"https:\/\/www.sep-asso.fr\/wp-content\/uploads\/2018\/02\/logo-union-europeenne.png\" alt=\"logo union europeenne \u2013 SEP\" width=\"87\" height=\"72\" \/>\u00a0 \u00a0<img decoding=\"async\" class=\"\" src=\"https:\/\/lh3.googleusercontent.com\/proxy\/MSQMBgi8u0g3K0vMv-DUjEUzuCr0Z5arS-XrYGMij2jj4YZe3vzVYNeD5fSPLXOFdoe5RDBOXJ-ICj7e2cC6yYqnquZrgQ9ewnbEC0Yez7RrcR_ExEh4PiLi-bOCCEhjMy4ir3NW2hphOZmfZPcK96lXlA\" alt=\"logoth\u00e8que fonds europ\u00e9ens structurels et d&amp;#39;investissement | FSE\" width=\"101\" height=\"71\" \/> <img decoding=\"async\" class=\"\" src=\"https:\/\/franceactive-idf.org\/wp-content\/uploads\/2020\/02\/logo-region-ile-de-france.png\" alt=\"Logo Region Ile De France - France Active \u00cele-de-France\" width=\"126\" height=\"29\" \/><\/p>\n","protected":false},"featured_media":0,"template":"","format":"standard","meta":{"_acf_changed":false,"om_disable_all_campaigns":false,"_uf_show_specific_survey":0,"_uf_disable_surveys":false},"product_brand":[],"product_cat":[118],"product_tag":[],"lieu":[125],"thematiques":[],"class_list":{"0":"post-14081","1":"product","2":"type-product","3":"status-publish","4":"format-standard","6":"product_cat-atelier-collectif","7":"lieu-en-ligne","9":"first","10":"instock","11":"virtual","12":"purchasable","13":"product-type-appointment"},"exclude_global_add_ons":[],"addons":[],"acf":[],"yoast_head":"<!-- This site is optimized with the Yoast SEO plugin v24.8 - https:\/\/yoast.com\/wordpress\/plugins\/seo\/ -->\n<title>Brainstorming : Les cl\u00e9s pour financer mon projet - Empow&#039;Her<\/title>\n<meta name=\"robots\" content=\"index, follow, max-snippet:-1, max-image-preview:large, max-video-preview:-1\" \/>\n<link rel=\"canonical\" href=\"https:\/\/empow-her.com\/en\/produit\/brainstorming-les-cles-pour-financer-mon-projet-2\/\" \/>\n<meta property=\"og:locale\" content=\"en_US\" \/>\n<meta property=\"og:type\" content=\"article\" \/>\n<meta property=\"og:title\" content=\"Brainstorming : Les cl\u00e9s pour financer mon projet - Empow&#039;Her\" \/>\n<meta property=\"og:description\" content=\"Au cours de ce brainstorming en petit groupe supervis\u00e9 par Orianne Champon, d\u00e9couvrez la d\u00e9marche et les bonnes pratiques pour construire votre business plan et chercher des financements. L&#039;occasion pour vous de :   vous faire coacher sur les aspects de votre projet li\u00e9s au financement et\/ou au business plan, \u00e9l\u00e9ments indispensables \u00e0 avoir en t\u00eate lorsqu&#039;on se lance ;  conna\u00eetre les diff\u00e9rentes sources de financement possibles et identifier les plus pertinentes pour votre projet ;  vous inspirer des autres porteuses de projet du groupe pour bien comprendre tous les enjeux li\u00e9s \u00e0 ces th\u00e9matiques ;  b\u00e9n\u00e9ficier pendant 2 heures de l&#039;expertise th\u00e9orique et pratique d&#039;une pro de la finance dans un cadre bienveillant et d&#039;entraide.   &nbsp;  Par : 02C Expertise &amp; Conseil  &nbsp;  Intervenant.e.s : Orianne Champon  Experte sur les th\u00e9matiques de financements, business plan, comptabilit\u00e9,\u00a0 Orianne accompagne les cr\u00e9ateurs\u00b7rices d\u2019entreprise, les TPME\/PME \u00e0 penser une entreprise responsable, en d\u00e9veloppant de nouvelles fa\u00e7ons de consommer\/exploiter les ressources.  Dur\u00e9e : 2 heures  &nbsp;  Ce projet est co-financ\u00e9 par le Fonds Social Europ\u00e9en.  \u00a0 \u00a0\" \/>\n<meta property=\"og:url\" content=\"https:\/\/empow-her.com\/en\/produit\/brainstorming-les-cles-pour-financer-mon-projet-2\/\" \/>\n<meta property=\"og:site_name\" content=\"Empow&#039;Her\" \/>\n<meta property=\"article:modified_time\" content=\"2021-06-15T15:24:50+00:00\" \/>\n<meta name=\"twitter:card\" content=\"summary_large_image\" \/>\n<script type=\"application\/ld+json\" class=\"yoast-schema-graph\">{\"@context\":\"https:\/\/schema.org\",\"@graph\":[{\"@type\":\"WebPage\",\"@id\":\"https:\/\/empow-her.com\/en\/produit\/brainstorming-les-cles-pour-financer-mon-projet-2\/\",\"url\":\"https:\/\/empow-her.com\/en\/produit\/brainstorming-les-cles-pour-financer-mon-projet-2\/\",\"name\":\"Brainstorming : Les cl\u00e9s pour financer mon projet - Empow&#039;Her\",\"isPartOf\":{\"@id\":\"https:\/\/empow-her.com\/#website\"},\"datePublished\":\"2021-05-18T07:41:38+00:00\",\"dateModified\":\"2021-06-15T15:24:50+00:00\",\"breadcrumb\":{\"@id\":\"https:\/\/empow-her.com\/en\/produit\/brainstorming-les-cles-pour-financer-mon-projet-2\/#breadcrumb\"},\"inLanguage\":\"en-US\",\"potentialAction\":[{\"@type\":\"ReadAction\",\"target\":[\"https:\/\/empow-her.com\/en\/produit\/brainstorming-les-cles-pour-financer-mon-projet-2\/\"]}]},{\"@type\":\"BreadcrumbList\",\"@id\":\"https:\/\/empow-her.com\/en\/produit\/brainstorming-les-cles-pour-financer-mon-projet-2\/#breadcrumb\",\"itemListElement\":[{\"@type\":\"ListItem\",\"position\":1,\"name\":\"Accueil\",\"item\":\"https:\/\/empow-her.com\/en\/landing-page\/\"},{\"@type\":\"ListItem\",\"position\":2,\"name\":\"LA BOUTIQUE\",\"item\":\"https:\/\/empow-her.com\/boutique\/\"},{\"@type\":\"ListItem\",\"position\":3,\"name\":\"Brainstorming : Les cl\u00e9s pour financer mon projet\"}]},{\"@type\":\"WebSite\",\"@id\":\"https:\/\/empow-her.com\/#website\",\"url\":\"https:\/\/empow-her.com\/\",\"name\":\"Empow&#039;Her\",\"description\":\"Women Development\",\"potentialAction\":[{\"@type\":\"SearchAction\",\"target\":{\"@type\":\"EntryPoint\",\"urlTemplate\":\"https:\/\/empow-her.com\/?s={search_term_string}\"},\"query-input\":{\"@type\":\"PropertyValueSpecification\",\"valueRequired\":true,\"valueName\":\"search_term_string\"}}],\"inLanguage\":\"en-US\"}]}<\/script>\n<!-- \/ Yoast SEO plugin. -->","yoast_head_json":{"title":"Brainstorming : Les cl\u00e9s pour financer mon projet - Empow&#039;Her","robots":{"index":"index","follow":"follow","max-snippet":"max-snippet:-1","max-image-preview":"max-image-preview:large","max-video-preview":"max-video-preview:-1"},"canonical":"https:\/\/empow-her.com\/en\/produit\/brainstorming-les-cles-pour-financer-mon-projet-2\/","og_locale":"en_US","og_type":"article","og_title":"Brainstorming : Les cl\u00e9s pour financer mon projet - Empow&#039;Her","og_description":"Au cours de ce brainstorming en petit groupe supervis\u00e9 par Orianne Champon, d\u00e9couvrez la d\u00e9marche et les bonnes pratiques pour construire votre business plan et chercher des financements. L'occasion pour vous de :   vous faire coacher sur les aspects de votre projet li\u00e9s au financement et\/ou au business plan, \u00e9l\u00e9ments indispensables \u00e0 avoir en t\u00eate lorsqu'on se lance ;  conna\u00eetre les diff\u00e9rentes sources de financement possibles et identifier les plus pertinentes pour votre projet ;  vous inspirer des autres porteuses de projet du groupe pour bien comprendre tous les enjeux li\u00e9s \u00e0 ces th\u00e9matiques ;  b\u00e9n\u00e9ficier pendant 2 heures de l'expertise th\u00e9orique et pratique d'une pro de la finance dans un cadre bienveillant et d'entraide.   &nbsp;  Par : 02C Expertise &amp; Conseil  &nbsp;  Intervenant.e.s : Orianne Champon  Experte sur les th\u00e9matiques de financements, business plan, comptabilit\u00e9,\u00a0 Orianne accompagne les cr\u00e9ateurs\u00b7rices d\u2019entreprise, les TPME\/PME \u00e0 penser une entreprise responsable, en d\u00e9veloppant de nouvelles fa\u00e7ons de consommer\/exploiter les ressources.  Dur\u00e9e : 2 heures  &nbsp;  Ce projet est co-financ\u00e9 par le Fonds Social Europ\u00e9en.  \u00a0 \u00a0","og_url":"https:\/\/empow-her.com\/en\/produit\/brainstorming-les-cles-pour-financer-mon-projet-2\/","og_site_name":"Empow&#039;Her","article_modified_time":"2021-06-15T15:24:50+00:00","twitter_card":"summary_large_image","schema":{"@context":"https:\/\/schema.org","@graph":[{"@type":"WebPage","@id":"https:\/\/empow-her.com\/en\/produit\/brainstorming-les-cles-pour-financer-mon-projet-2\/","url":"https:\/\/empow-her.com\/en\/produit\/brainstorming-les-cles-pour-financer-mon-projet-2\/","name":"Brainstorming : Les cl\u00e9s pour financer mon projet - Empow&#039;Her","isPartOf":{"@id":"https:\/\/empow-her.com\/#website"},"datePublished":"2021-05-18T07:41:38+00:00","dateModified":"2021-06-15T15:24:50+00:00","breadcrumb":{"@id":"https:\/\/empow-her.com\/en\/produit\/brainstorming-les-cles-pour-financer-mon-projet-2\/#breadcrumb"},"inLanguage":"en-US","potentialAction":[{"@type":"ReadAction","target":["https:\/\/empow-her.com\/en\/produit\/brainstorming-les-cles-pour-financer-mon-projet-2\/"]}]},{"@type":"BreadcrumbList","@id":"https:\/\/empow-her.com\/en\/produit\/brainstorming-les-cles-pour-financer-mon-projet-2\/#breadcrumb","itemListElement":[{"@type":"ListItem","position":1,"name":"Accueil","item":"https:\/\/empow-her.com\/en\/landing-page\/"},{"@type":"ListItem","position":2,"name":"LA BOUTIQUE","item":"https:\/\/empow-her.com\/boutique\/"},{"@type":"ListItem","position":3,"name":"Brainstorming : Les cl\u00e9s pour financer mon projet"}]},{"@type":"WebSite","@id":"https:\/\/empow-her.com\/#website","url":"https:\/\/empow-her.com\/","name":"Empow&#039;Her","description":"Women Development","potentialAction":[{"@type":"SearchAction","target":{"@type":"EntryPoint","urlTemplate":"https:\/\/empow-her.com\/?s={search_term_string}"},"query-input":{"@type":"PropertyValueSpecification","valueRequired":true,"valueName":"search_term_string"}}],"inLanguage":"en-US"}]}},"_links":{"self":[{"href":"https:\/\/empow-her.com\/en\/wp-json\/wp\/v2\/product\/14081","targetHints":{"allow":["GET"]}}],"collection":[{"href":"https:\/\/empow-her.com\/en\/wp-json\/wp\/v2\/product"}],"about":[{"href":"https:\/\/empow-her.com\/en\/wp-json\/wp\/v2\/types\/product"}],"wp:attachment":[{"href":"https:\/\/empow-her.com\/en\/wp-json\/wp\/v2\/media?parent=14081"}],"wp:term":[{"taxonomy":"product_brand","embeddable":true,"href":"https:\/\/empow-her.com\/en\/wp-json\/wp\/v2\/product_brand?post=14081"},{"taxonomy":"product_cat","embeddable":true,"href":"https:\/\/empow-her.com\/en\/wp-json\/wp\/v2\/product_cat?post=14081"},{"taxonomy":"product_tag","embeddable":true,"href":"https:\/\/empow-her.com\/en\/wp-json\/wp\/v2\/product_tag?post=14081"},{"taxonomy":"lieu","embeddable":true,"href":"https:\/\/empow-her.com\/en\/wp-json\/wp\/v2\/lieu?post=14081"},{"taxonomy":"thematiques","embeddable":true,"href":"https:\/\/empow-her.com\/en\/wp-json\/wp\/v2\/thematiques?post=14081"}],"curies":[{"name":"wp","href":"https:\/\/api.w.org\/{rel}","templated":true}]}}