{"id":140651,"date":"2023-02-16T11:23:01","date_gmt":"2023-02-16T10:23:01","guid":{"rendered":"https:\/\/empow-her.com\/?post_type=product&#038;p=140651"},"modified":"2023-02-16T12:13:46","modified_gmt":"2023-02-16T11:13:46","slug":"new-coaching-prendre-la-parole-pour-parler-de-mon-projet-2","status":"publish","type":"product","link":"https:\/\/empow-her.com\/en\/produit\/new-coaching-prendre-la-parole-pour-parler-de-mon-projet-2\/","title":{"rendered":"NEW &#8211; Coaching &#8211; Prendre la parole pour parler de mon projet"},"content":{"rendered":"<p><strong>Besoin<\/strong> : \u00ab J\u2019aimerais me sentir plus \u00e0 l\u2019aise dans ma mani\u00e8re de m\u2019exprimer lors de mes interventions \u00e0 l\u2019oral. \u00bb<\/p>\n<p><strong>Objectif<\/strong> : Si cette phrase r\u00e9sonne alors cette permanence pourra vous donner des cl\u00e9s pour travailler votre voix et votre posture corporelle. Etre entrepreneure n\u00e9cessite de parler de son projet, de s\u2019exposer. Cela vous permettra ainsi de gagner en confiance avant et pendant une pr\u00e9sentation orale. Il s\u2019agit de comprendre ce que vous permet votre voix et comment activer votre corps quand vous prenez la parole. Engager votre corps est une v\u00e9ritable source d\u2019\u00e9nergie pour embarquer votre auditoire avec votre contenu.<\/p>\n<p>Cette permanence vous donne un espace-temps sur mesure pour :<\/p>\n<p>\u2022 D\u00e9couvrir les bases de l\u2019anatomie de notre voix<\/p>\n<p>\u2022 Lib\u00e9rer la respiration et ainsi diminuer le trac<\/p>\n<p>\u2022 Mettre en pratique les pistes de travail identifi\u00e9es<\/p>\n<p>\u2022 Vous entra\u00eener \u00e0 parler de votre projet<\/p>\n<p><strong>Intervenante :<\/strong> Lucie Wendremaire de l&#8217;agence Bulles<\/p>\n<p>Coach vocal voix parl\u00e9e et chant\u00e9e, Lucie accompagne des personnes &#8211; entrepreneur\u00b7e qui se lance, professionnel\u00b7le en besoin de confiance ou artiste en devenir &#8211; dans la d\u00e9couverte de leur voix.\u00a0 Sa mission est de donner \u00e0 chacun\u00b7e les clefs pour exploiter son outil vocal afin de gagner en assurance, en pouvoir de conviction tout en d\u00e9ployant son authenticit\u00e9. Lucie \u00e9volue \u00e9galement sur des sc\u00e8nes petites ou grandes en tant que com\u00e9dienne chanteuse et percussionniste.<\/p>\n<p><strong>Son super pouvoir :<\/strong> Exploratrice de voix !<\/p>\n<p><strong>Son petit mot :<\/strong>\u00a0 Vous avez un outil incroyable \u00e0 votre disposition : votre voix. Non seulement pour convaincre un auditoire dans le cadre de votre projet mais pour le faire avec confiance et en accord avec qui vous \u00eates. Etre bien dans sa voix est une qu\u00eate, cherchons ensemble !<\/p>\n<p><strong>Pr\u00e9-requis souhait\u00e9<\/strong> : venir avec le contenu de la pr\u00e9sentation de votre projet.<\/p>\n<p><strong>Dur\u00e9e<\/strong>\u00a0: U<span data-sheets-value=\"{&quot;1&quot;:2,&quot;2&quot;:&quot;Permanence de 4h avec un cr\u00e9neau de 1h par participante (+ 15 minutes entre chaque)&quot;}\" data-sheets-userformat=\"{&quot;2&quot;:7167,&quot;3&quot;:{&quot;1&quot;:0},&quot;4&quot;:{&quot;1&quot;:2,&quot;2&quot;:16777215},&quot;5&quot;:{&quot;1&quot;:[{&quot;1&quot;:2,&quot;2&quot;:0,&quot;5&quot;:{&quot;1&quot;:2,&quot;2&quot;:0}},{&quot;1&quot;:0,&quot;2&quot;:0,&quot;3&quot;:3},{&quot;1&quot;:1,&quot;2&quot;:0,&quot;4&quot;:1}]},&quot;6&quot;:{&quot;1&quot;:[{&quot;1&quot;:2,&quot;2&quot;:0,&quot;5&quot;:{&quot;1&quot;:2,&quot;2&quot;:0}},{&quot;1&quot;:0,&quot;2&quot;:0,&quot;3&quot;:3},{&quot;1&quot;:1,&quot;2&quot;:0,&quot;4&quot;:1}]},&quot;7&quot;:{&quot;1&quot;:[{&quot;1&quot;:2,&quot;2&quot;:0,&quot;5&quot;:{&quot;1&quot;:2,&quot;2&quot;:0}},{&quot;1&quot;:0,&quot;2&quot;:0,&quot;3&quot;:3},{&quot;1&quot;:1,&quot;2&quot;:0,&quot;4&quot;:1}]},&quot;8&quot;:{&quot;1&quot;:[{&quot;1&quot;:2,&quot;2&quot;:0,&quot;5&quot;:{&quot;1&quot;:2,&quot;2&quot;:0}},{&quot;1&quot;:0,&quot;2&quot;:0,&quot;3&quot;:3},{&quot;1&quot;:1,&quot;2&quot;:0,&quot;4&quot;:1}]},&quot;9&quot;:0,&quot;10&quot;:1,&quot;11&quot;:4,&quot;12&quot;:0,&quot;14&quot;:{&quot;1&quot;:2,&quot;2&quot;:0},&quot;15&quot;:&quot;Calibri&quot;}\">n cr\u00e9neau de 1h en individuel<\/span><\/p>\n<p><strong> NB<\/strong> : D\u2019autres permanences peuvent vous aider \u00e0 am\u00e9liorer vos prises de parole : \u00ab Parler de mon projet en mots \u00bb pour travailler sur le contenu et \u00ab Mieux vivremes \u00e9motions \u00bb pour abordera question de la peur de s\u2019exprimer en public.<\/p>\n<p><span data-sheets-value=\"{&quot;1&quot;:2,&quot;2&quot;:&quot;Attention ! \u00a0Veuillez vous pr\u00e9sentez \u00e0 l'heure pour que l'activit\u00e9 puisse commencer \u00e0 temps. Si vous avez du retard veuillez pr\u00e9venir l'intervenant.e. Si vous avez plus de 15 min de retard l'intervenant.e se r\u00e9serve le droit de plus vous accepter pour le coaching ou l'atelier.\u00a0&quot;}\" data-sheets-userformat=\"{&quot;2&quot;:641,&quot;3&quot;:{&quot;1&quot;:0},&quot;10&quot;:1,&quot;12&quot;:0}\"><strong>Attention !<\/strong>\u00a0\u00a0Veuillez vous pr\u00e9senter \u00e0 l\u2019heure pour que l\u2019activit\u00e9 puisse commencer \u00e0 temps. Si vous avez du retard veuillez pr\u00e9venir l\u2019intervenant.e. Si vous avez plus de 15 min de retard l\u2019intervenant.e se r\u00e9serve le droit de ne plus vous accepter pour le coaching ou l\u2019atelier.\u00a0<\/span><\/p>\n","protected":false},"excerpt":{"rendered":"<p><strong>Besoin<\/strong> : \u00ab J\u2019aimerais me sentir plus \u00e0 l\u2019aise dans ma mani\u00e8re de m\u2019exprimer lors de mes interventions \u00e0 l\u2019oral. \u00bb<\/p>\n<p><strong>Objectif<\/strong> : Si cette phrase r\u00e9sonne alors cette permanence pourra vous donner des cl\u00e9s pour travailler votre voix et votre posture corporelle. Etre entrepreneure n\u00e9cessite de parler de son projet, de s\u2019exposer. Cela vous permettra ainsi de gagner en confiance avant et pendant une pr\u00e9sentation orale. Il s\u2019agit de comprendre ce que vous permet votre voix et comment activer votre corps quand vous prenez la parole. Engager votre corps est une v\u00e9ritable source d\u2019\u00e9nergie pour embarquer votre auditoire avec votre contenu.<\/p>\n<p>Cette permanence vous donne un espace-temps sur mesure pour :<\/p>\n<p>\u2022 D\u00e9couvrir les bases de l\u2019anatomie de notre voix<\/p>\n<p>\u2022 Lib\u00e9rer la respiration et ainsi diminuer le trac<\/p>\n<p>\u2022 Mettre en pratique les pistes de travail identifi\u00e9es<\/p>\n<p>\u2022 Vous entra\u00eener \u00e0 parler de votre projet<\/p>\n<p><strong>Intervenante :<\/strong> Lucie Wendremaire de l&#8217;agence Bulles<\/p>\n<p>Coach vocal voix parl\u00e9e et chant\u00e9e, Lucie accompagne des personnes &#8211; entrepreneur\u00b7e qui se lance, professionnel\u00b7le en besoin de confiance ou artiste en devenir &#8211; dans la d\u00e9couverte de leur voix.\u00a0 Sa mission est de donner \u00e0 chacun\u00b7e les clefs pour exploiter son outil vocal afin de gagner en assurance, en pouvoir de conviction tout en d\u00e9ployant son authenticit\u00e9. Lucie \u00e9volue \u00e9galement sur des sc\u00e8nes petites ou grandes en tant que com\u00e9dienne chanteuse et percussionniste.<\/p>\n<p><strong>Son super pouvoir :<\/strong> Exploratrice de voix !<\/p>\n<p><strong>Son petit mot :<\/strong>\u00a0 Vous avez un outil incroyable \u00e0 votre disposition : votre voix. Non seulement pour convaincre un auditoire dans le cadre de votre projet mais pour le faire avec confiance et en accord avec qui vous \u00eates. Etre bien dans sa voix est une qu\u00eate, cherchons ensemble !<\/p>\n<p><strong>Pr\u00e9-requis souhait\u00e9<\/strong> : venir avec le contenu de la pr\u00e9sentation de votre projet.<\/p>\n<p><strong>Dur\u00e9e<\/strong>\u00a0: U<span data-sheets-value=\"{&quot;1&quot;:2,&quot;2&quot;:&quot;Permanence de 4h avec un cr\u00e9neau de 1h par participante (+ 15 minutes entre chaque)&quot;}\" data-sheets-userformat=\"{&quot;2&quot;:7167,&quot;3&quot;:{&quot;1&quot;:0},&quot;4&quot;:{&quot;1&quot;:2,&quot;2&quot;:16777215},&quot;5&quot;:{&quot;1&quot;:[{&quot;1&quot;:2,&quot;2&quot;:0,&quot;5&quot;:{&quot;1&quot;:2,&quot;2&quot;:0}},{&quot;1&quot;:0,&quot;2&quot;:0,&quot;3&quot;:3},{&quot;1&quot;:1,&quot;2&quot;:0,&quot;4&quot;:1}]},&quot;6&quot;:{&quot;1&quot;:[{&quot;1&quot;:2,&quot;2&quot;:0,&quot;5&quot;:{&quot;1&quot;:2,&quot;2&quot;:0}},{&quot;1&quot;:0,&quot;2&quot;:0,&quot;3&quot;:3},{&quot;1&quot;:1,&quot;2&quot;:0,&quot;4&quot;:1}]},&quot;7&quot;:{&quot;1&quot;:[{&quot;1&quot;:2,&quot;2&quot;:0,&quot;5&quot;:{&quot;1&quot;:2,&quot;2&quot;:0}},{&quot;1&quot;:0,&quot;2&quot;:0,&quot;3&quot;:3},{&quot;1&quot;:1,&quot;2&quot;:0,&quot;4&quot;:1}]},&quot;8&quot;:{&quot;1&quot;:[{&quot;1&quot;:2,&quot;2&quot;:0,&quot;5&quot;:{&quot;1&quot;:2,&quot;2&quot;:0}},{&quot;1&quot;:0,&quot;2&quot;:0,&quot;3&quot;:3},{&quot;1&quot;:1,&quot;2&quot;:0,&quot;4&quot;:1}]},&quot;9&quot;:0,&quot;10&quot;:1,&quot;11&quot;:4,&quot;12&quot;:0,&quot;14&quot;:{&quot;1&quot;:2,&quot;2&quot;:0},&quot;15&quot;:&quot;Calibri&quot;}\">n cr\u00e9neau de 1h en individuel<\/span><\/p>\n<p><strong> NB<\/strong> : D\u2019autres permanences peuvent vous aider \u00e0 am\u00e9liorer vos prises de parole : \u00ab Parler de mon projet en mots \u00bb pour travailler sur le contenu et \u00ab Mieux vivremes \u00e9motions \u00bb pour abordera question de la peur de s\u2019exprimer en public.<\/p>\n<p><span data-sheets-value=\"{&quot;1&quot;:2,&quot;2&quot;:&quot;Attention ! \u00a0Veuillez vous pr\u00e9sentez \u00e0 l'heure pour que l'activit\u00e9 puisse commencer \u00e0 temps. Si vous avez du retard veuillez pr\u00e9venir l'intervenant.e. Si vous avez plus de 15 min de retard l'intervenant.e se r\u00e9serve le droit de plus vous accepter pour le coaching ou l'atelier.\u00a0&quot;}\" data-sheets-userformat=\"{&quot;2&quot;:641,&quot;3&quot;:{&quot;1&quot;:0},&quot;10&quot;:1,&quot;12&quot;:0}\"><strong>Attention !<\/strong>\u00a0\u00a0Veuillez vous pr\u00e9senter \u00e0 l\u2019heure pour que l\u2019activit\u00e9 puisse commencer \u00e0 temps. Si vous avez du retard veuillez pr\u00e9venir l\u2019intervenant.e. Si vous avez plus de 15 min de retard l\u2019intervenant.e se r\u00e9serve le droit de ne plus vous accepter pour le coaching ou l\u2019atelier.\u00a0<\/span><\/p>\n","protected":false},"featured_media":140652,"template":"","format":"standard","meta":{"_acf_changed":false,"om_disable_all_campaigns":false,"_uf_show_specific_survey":0,"_uf_disable_surveys":false},"product_brand":[],"product_cat":[121],"product_tag":[],"lieu":[127],"thematiques":[],"class_list":{"0":"post-140651","1":"product","2":"type-product","3":"status-publish","4":"format-standard","5":"has-post-thumbnail","7":"product_cat-coaching","8":"lieu-hub-empowher","10":"first","11":"instock","12":"virtual","13":"purchasable","14":"product-type-appointment"},"exclude_global_add_ons":[],"addons":[],"acf":[],"yoast_head":"<!-- This site is optimized with the Yoast SEO plugin v24.8 - https:\/\/yoast.com\/wordpress\/plugins\/seo\/ -->\n<title>NEW - Coaching - Prendre la parole pour parler de mon projet - Empow&#039;Her<\/title>\n<meta name=\"robots\" content=\"index, follow, max-snippet:-1, max-image-preview:large, max-video-preview:-1\" \/>\n<link rel=\"canonical\" href=\"https:\/\/empow-her.com\/produit\/new-coaching-prendre-la-parole-pour-parler-de-mon-projet-2\/\" \/>\n<meta property=\"og:locale\" content=\"en_US\" \/>\n<meta property=\"og:type\" content=\"article\" \/>\n<meta property=\"og:title\" content=\"NEW - Coaching - Prendre la parole pour parler de mon projet - Empow&#039;Her\" \/>\n<meta property=\"og:description\" content=\"Besoin : \u00ab J\u2019aimerais me sentir plus \u00e0 l\u2019aise dans ma mani\u00e8re de m\u2019exprimer lors de mes interventions \u00e0 l\u2019oral. \u00bb  Objectif : Si cette phrase r\u00e9sonne alors cette permanence pourra vous donner des cl\u00e9s pour travailler votre voix et votre posture corporelle. Etre entrepreneure n\u00e9cessite de parler de son projet, de s\u2019exposer. Cela vous permettra ainsi de gagner en confiance avant et pendant une pr\u00e9sentation orale. Il s\u2019agit de comprendre ce que vous permet votre voix et comment activer votre corps quand vous prenez la parole. Engager votre corps est une v\u00e9ritable source d\u2019\u00e9nergie pour embarquer votre auditoire avec votre contenu.  Cette permanence vous donne un espace-temps sur mesure pour :  \u2022 D\u00e9couvrir les bases de l\u2019anatomie de notre voix  \u2022 Lib\u00e9rer la respiration et ainsi diminuer le trac  \u2022 Mettre en pratique les pistes de travail identifi\u00e9es  \u2022 Vous entra\u00eener \u00e0 parler de votre projet  Intervenante : Lucie Wendremaire de l&#039;agence Bulles  Coach vocal voix parl\u00e9e et chant\u00e9e, Lucie accompagne des personnes - entrepreneur\u00b7e qui se lance, professionnel\u00b7le en besoin de confiance ou artiste en devenir - dans la d\u00e9couverte de leur voix.\u00a0 Sa mission est de donner \u00e0 chacun\u00b7e les clefs pour exploiter son outil vocal afin de gagner en assurance, en pouvoir de conviction tout en d\u00e9ployant son authenticit\u00e9. Lucie \u00e9volue \u00e9galement sur des sc\u00e8nes petites ou grandes en tant que com\u00e9dienne chanteuse et percussionniste.  Son super pouvoir : Exploratrice de voix !  Son petit mot :\u00a0 Vous avez un outil incroyable \u00e0 votre disposition : votre voix. Non seulement pour convaincre un auditoire dans le cadre de votre projet mais pour le faire avec confiance et en accord avec qui vous \u00eates. Etre bien dans sa voix est une qu\u00eate, cherchons ensemble !  Pr\u00e9-requis souhait\u00e9 : venir avec le contenu de la pr\u00e9sentation de votre projet.  Dur\u00e9e\u00a0: Un cr\u00e9neau de 1h en individuel   NB : D\u2019autres permanences peuvent vous aider \u00e0 am\u00e9liorer vos prises de parole : \u00ab Parler de mon projet en mots \u00bb pour travailler sur le contenu et \u00ab Mieux vivremes \u00e9motions \u00bb pour abordera question de la peur de s\u2019exprimer en public.  Attention !\u00a0\u00a0Veuillez vous pr\u00e9senter \u00e0 l\u2019heure pour que l\u2019activit\u00e9 puisse commencer \u00e0 temps. Si vous avez du retard veuillez pr\u00e9venir l\u2019intervenant.e. Si vous avez plus de 15 min de retard l\u2019intervenant.e se r\u00e9serve le droit de ne plus vous accepter pour le coaching ou l\u2019atelier.\u00a0\" \/>\n<meta property=\"og:url\" content=\"https:\/\/empow-her.com\/produit\/new-coaching-prendre-la-parole-pour-parler-de-mon-projet-2\/\" \/>\n<meta property=\"og:site_name\" content=\"Empow&#039;Her\" \/>\n<meta property=\"article:modified_time\" content=\"2023-02-16T11:13:46+00:00\" \/>\n<meta property=\"og:image\" content=\"https:\/\/empow-her.com\/wp-content\/uploads\/2023\/02\/Women-Dare-templates-events-91.png\" \/>\n\t<meta property=\"og:image:width\" content=\"1080\" \/>\n\t<meta property=\"og:image:height\" content=\"1080\" \/>\n\t<meta property=\"og:image:type\" content=\"image\/png\" \/>\n<meta name=\"twitter:card\" content=\"summary_large_image\" \/>\n<meta name=\"twitter:label1\" content=\"Est. reading time\" \/>\n\t<meta name=\"twitter:data1\" content=\"2 minutes\" \/>\n<script type=\"application\/ld+json\" class=\"yoast-schema-graph\">{\"@context\":\"https:\/\/schema.org\",\"@graph\":[{\"@type\":\"WebPage\",\"@id\":\"https:\/\/empow-her.com\/produit\/new-coaching-prendre-la-parole-pour-parler-de-mon-projet-2\/\",\"url\":\"https:\/\/empow-her.com\/produit\/new-coaching-prendre-la-parole-pour-parler-de-mon-projet-2\/\",\"name\":\"NEW - Coaching - Prendre la parole pour parler de mon projet - Empow&#039;Her\",\"isPartOf\":{\"@id\":\"https:\/\/empow-her.com\/#website\"},\"primaryImageOfPage\":{\"@id\":\"https:\/\/empow-her.com\/produit\/new-coaching-prendre-la-parole-pour-parler-de-mon-projet-2\/#primaryimage\"},\"image\":{\"@id\":\"https:\/\/empow-her.com\/produit\/new-coaching-prendre-la-parole-pour-parler-de-mon-projet-2\/#primaryimage\"},\"thumbnailUrl\":\"https:\/\/empow-her.com\/wp-content\/uploads\/2023\/02\/Women-Dare-templates-events-91.png\",\"datePublished\":\"2023-02-16T10:23:01+00:00\",\"dateModified\":\"2023-02-16T11:13:46+00:00\",\"breadcrumb\":{\"@id\":\"https:\/\/empow-her.com\/produit\/new-coaching-prendre-la-parole-pour-parler-de-mon-projet-2\/#breadcrumb\"},\"inLanguage\":\"en-US\",\"potentialAction\":[{\"@type\":\"ReadAction\",\"target\":[\"https:\/\/empow-her.com\/produit\/new-coaching-prendre-la-parole-pour-parler-de-mon-projet-2\/\"]}]},{\"@type\":\"ImageObject\",\"inLanguage\":\"en-US\",\"@id\":\"https:\/\/empow-her.com\/produit\/new-coaching-prendre-la-parole-pour-parler-de-mon-projet-2\/#primaryimage\",\"url\":\"https:\/\/empow-her.com\/wp-content\/uploads\/2023\/02\/Women-Dare-templates-events-91.png\",\"contentUrl\":\"https:\/\/empow-her.com\/wp-content\/uploads\/2023\/02\/Women-Dare-templates-events-91.png\",\"width\":1080,\"height\":1080},{\"@type\":\"BreadcrumbList\",\"@id\":\"https:\/\/empow-her.com\/produit\/new-coaching-prendre-la-parole-pour-parler-de-mon-projet-2\/#breadcrumb\",\"itemListElement\":[{\"@type\":\"ListItem\",\"position\":1,\"name\":\"Accueil\",\"item\":\"https:\/\/empow-her.com\/en\/landing-page\/\"},{\"@type\":\"ListItem\",\"position\":2,\"name\":\"LA BOUTIQUE\",\"item\":\"https:\/\/empow-her.com\/boutique\/\"},{\"@type\":\"ListItem\",\"position\":3,\"name\":\"NEW &#8211; Coaching &#8211; Prendre la parole pour parler de mon projet\"}]},{\"@type\":\"WebSite\",\"@id\":\"https:\/\/empow-her.com\/#website\",\"url\":\"https:\/\/empow-her.com\/\",\"name\":\"Empow&#039;Her\",\"description\":\"Women Development\",\"potentialAction\":[{\"@type\":\"SearchAction\",\"target\":{\"@type\":\"EntryPoint\",\"urlTemplate\":\"https:\/\/empow-her.com\/?s={search_term_string}\"},\"query-input\":{\"@type\":\"PropertyValueSpecification\",\"valueRequired\":true,\"valueName\":\"search_term_string\"}}],\"inLanguage\":\"en-US\"}]}<\/script>\n<!-- \/ Yoast SEO plugin. -->","yoast_head_json":{"title":"NEW - Coaching - Prendre la parole pour parler de mon projet - Empow&#039;Her","robots":{"index":"index","follow":"follow","max-snippet":"max-snippet:-1","max-image-preview":"max-image-preview:large","max-video-preview":"max-video-preview:-1"},"canonical":"https:\/\/empow-her.com\/produit\/new-coaching-prendre-la-parole-pour-parler-de-mon-projet-2\/","og_locale":"en_US","og_type":"article","og_title":"NEW - Coaching - Prendre la parole pour parler de mon projet - Empow&#039;Her","og_description":"Besoin : \u00ab J\u2019aimerais me sentir plus \u00e0 l\u2019aise dans ma mani\u00e8re de m\u2019exprimer lors de mes interventions \u00e0 l\u2019oral. \u00bb  Objectif : Si cette phrase r\u00e9sonne alors cette permanence pourra vous donner des cl\u00e9s pour travailler votre voix et votre posture corporelle. Etre entrepreneure n\u00e9cessite de parler de son projet, de s\u2019exposer. Cela vous permettra ainsi de gagner en confiance avant et pendant une pr\u00e9sentation orale. Il s\u2019agit de comprendre ce que vous permet votre voix et comment activer votre corps quand vous prenez la parole. Engager votre corps est une v\u00e9ritable source d\u2019\u00e9nergie pour embarquer votre auditoire avec votre contenu.  Cette permanence vous donne un espace-temps sur mesure pour :  \u2022 D\u00e9couvrir les bases de l\u2019anatomie de notre voix  \u2022 Lib\u00e9rer la respiration et ainsi diminuer le trac  \u2022 Mettre en pratique les pistes de travail identifi\u00e9es  \u2022 Vous entra\u00eener \u00e0 parler de votre projet  Intervenante : Lucie Wendremaire de l'agence Bulles  Coach vocal voix parl\u00e9e et chant\u00e9e, Lucie accompagne des personnes - entrepreneur\u00b7e qui se lance, professionnel\u00b7le en besoin de confiance ou artiste en devenir - dans la d\u00e9couverte de leur voix.\u00a0 Sa mission est de donner \u00e0 chacun\u00b7e les clefs pour exploiter son outil vocal afin de gagner en assurance, en pouvoir de conviction tout en d\u00e9ployant son authenticit\u00e9. Lucie \u00e9volue \u00e9galement sur des sc\u00e8nes petites ou grandes en tant que com\u00e9dienne chanteuse et percussionniste.  Son super pouvoir : Exploratrice de voix !  Son petit mot :\u00a0 Vous avez un outil incroyable \u00e0 votre disposition : votre voix. Non seulement pour convaincre un auditoire dans le cadre de votre projet mais pour le faire avec confiance et en accord avec qui vous \u00eates. Etre bien dans sa voix est une qu\u00eate, cherchons ensemble !  Pr\u00e9-requis souhait\u00e9 : venir avec le contenu de la pr\u00e9sentation de votre projet.  Dur\u00e9e\u00a0: Un cr\u00e9neau de 1h en individuel   NB : D\u2019autres permanences peuvent vous aider \u00e0 am\u00e9liorer vos prises de parole : \u00ab Parler de mon projet en mots \u00bb pour travailler sur le contenu et \u00ab Mieux vivremes \u00e9motions \u00bb pour abordera question de la peur de s\u2019exprimer en public.  Attention !\u00a0\u00a0Veuillez vous pr\u00e9senter \u00e0 l\u2019heure pour que l\u2019activit\u00e9 puisse commencer \u00e0 temps. Si vous avez du retard veuillez pr\u00e9venir l\u2019intervenant.e. Si vous avez plus de 15 min de retard l\u2019intervenant.e se r\u00e9serve le droit de ne plus vous accepter pour le coaching ou l\u2019atelier.\u00a0","og_url":"https:\/\/empow-her.com\/produit\/new-coaching-prendre-la-parole-pour-parler-de-mon-projet-2\/","og_site_name":"Empow&#039;Her","article_modified_time":"2023-02-16T11:13:46+00:00","og_image":[{"width":1080,"height":1080,"url":"https:\/\/empow-her.com\/wp-content\/uploads\/2023\/02\/Women-Dare-templates-events-91.png","type":"image\/png"}],"twitter_card":"summary_large_image","twitter_misc":{"Est. reading time":"2 minutes"},"schema":{"@context":"https:\/\/schema.org","@graph":[{"@type":"WebPage","@id":"https:\/\/empow-her.com\/produit\/new-coaching-prendre-la-parole-pour-parler-de-mon-projet-2\/","url":"https:\/\/empow-her.com\/produit\/new-coaching-prendre-la-parole-pour-parler-de-mon-projet-2\/","name":"NEW - Coaching - Prendre la parole pour parler de mon projet - Empow&#039;Her","isPartOf":{"@id":"https:\/\/empow-her.com\/#website"},"primaryImageOfPage":{"@id":"https:\/\/empow-her.com\/produit\/new-coaching-prendre-la-parole-pour-parler-de-mon-projet-2\/#primaryimage"},"image":{"@id":"https:\/\/empow-her.com\/produit\/new-coaching-prendre-la-parole-pour-parler-de-mon-projet-2\/#primaryimage"},"thumbnailUrl":"https:\/\/empow-her.com\/wp-content\/uploads\/2023\/02\/Women-Dare-templates-events-91.png","datePublished":"2023-02-16T10:23:01+00:00","dateModified":"2023-02-16T11:13:46+00:00","breadcrumb":{"@id":"https:\/\/empow-her.com\/produit\/new-coaching-prendre-la-parole-pour-parler-de-mon-projet-2\/#breadcrumb"},"inLanguage":"en-US","potentialAction":[{"@type":"ReadAction","target":["https:\/\/empow-her.com\/produit\/new-coaching-prendre-la-parole-pour-parler-de-mon-projet-2\/"]}]},{"@type":"ImageObject","inLanguage":"en-US","@id":"https:\/\/empow-her.com\/produit\/new-coaching-prendre-la-parole-pour-parler-de-mon-projet-2\/#primaryimage","url":"https:\/\/empow-her.com\/wp-content\/uploads\/2023\/02\/Women-Dare-templates-events-91.png","contentUrl":"https:\/\/empow-her.com\/wp-content\/uploads\/2023\/02\/Women-Dare-templates-events-91.png","width":1080,"height":1080},{"@type":"BreadcrumbList","@id":"https:\/\/empow-her.com\/produit\/new-coaching-prendre-la-parole-pour-parler-de-mon-projet-2\/#breadcrumb","itemListElement":[{"@type":"ListItem","position":1,"name":"Accueil","item":"https:\/\/empow-her.com\/en\/landing-page\/"},{"@type":"ListItem","position":2,"name":"LA BOUTIQUE","item":"https:\/\/empow-her.com\/boutique\/"},{"@type":"ListItem","position":3,"name":"NEW &#8211; Coaching &#8211; Prendre la parole pour parler de mon projet"}]},{"@type":"WebSite","@id":"https:\/\/empow-her.com\/#website","url":"https:\/\/empow-her.com\/","name":"Empow&#039;Her","description":"Women Development","potentialAction":[{"@type":"SearchAction","target":{"@type":"EntryPoint","urlTemplate":"https:\/\/empow-her.com\/?s={search_term_string}"},"query-input":{"@type":"PropertyValueSpecification","valueRequired":true,"valueName":"search_term_string"}}],"inLanguage":"en-US"}]}},"_links":{"self":[{"href":"https:\/\/empow-her.com\/en\/wp-json\/wp\/v2\/product\/140651","targetHints":{"allow":["GET"]}}],"collection":[{"href":"https:\/\/empow-her.com\/en\/wp-json\/wp\/v2\/product"}],"about":[{"href":"https:\/\/empow-her.com\/en\/wp-json\/wp\/v2\/types\/product"}],"wp:featuredmedia":[{"embeddable":true,"href":"https:\/\/empow-her.com\/en\/wp-json\/wp\/v2\/media\/140652"}],"wp:attachment":[{"href":"https:\/\/empow-her.com\/en\/wp-json\/wp\/v2\/media?parent=140651"}],"wp:term":[{"taxonomy":"product_brand","embeddable":true,"href":"https:\/\/empow-her.com\/en\/wp-json\/wp\/v2\/product_brand?post=140651"},{"taxonomy":"product_cat","embeddable":true,"href":"https:\/\/empow-her.com\/en\/wp-json\/wp\/v2\/product_cat?post=140651"},{"taxonomy":"product_tag","embeddable":true,"href":"https:\/\/empow-her.com\/en\/wp-json\/wp\/v2\/product_tag?post=140651"},{"taxonomy":"lieu","embeddable":true,"href":"https:\/\/empow-her.com\/en\/wp-json\/wp\/v2\/lieu?post=140651"},{"taxonomy":"thematiques","embeddable":true,"href":"https:\/\/empow-her.com\/en\/wp-json\/wp\/v2\/thematiques?post=140651"}],"curies":[{"name":"wp","href":"https:\/\/api.w.org\/{rel}","templated":true}]}}