{"id":140117,"date":"2023-02-14T10:00:44","date_gmt":"2023-02-14T09:00:44","guid":{"rendered":"https:\/\/empow-her.com\/?post_type=product&#038;p=140117"},"modified":"2023-02-14T10:51:12","modified_gmt":"2023-02-14T09:51:12","slug":"celebrons-ensemble-le-8-mars","status":"publish","type":"product","link":"https:\/\/empow-her.com\/en\/produit\/celebrons-ensemble-le-8-mars\/","title":{"rendered":"C\u00e9l\u00e9brons ensemble le 8 mars !"},"content":{"rendered":"<p>[JOURN\u00c9E PORTES OUVERTES]<\/p>\n<p><span style=\"font-weight: 400;\">&#x2696;&#xfe0f; <\/span>Le droit des femmes, c\u2019est notre sujet toute l\u2019ann\u00e9e ! Pour le 8 mars, nous avons d\u00e9cid\u00e9 de vous ouvrir les portes de Sist\u2019Her pour toutes les femmes qui ont des questions sur ce qu\u2019on fait chez Empow\u2019Her qui ont envie d\u2019\u00e9changer sur leur projet ou qui souhaite juste partager un moment de sororit\u00e9 entre femmes!<\/p>\n<p><span style=\"font-weight: 400;\">&#x1f372; <\/span>[DEJEUNER CONVIVIAL] De 12h00 \u00e0 14h00 ramenez votre d\u00e9jeuner et le partager avec les entrepreneuses, les coworkeuses et l\u2019\u00e9quipe pour un d\u00e9jeuner ! L\u2019occasion de rencontrer de nouvelles personnes et de pouvoir s\u2019entraider.<br \/>\nRendez-vous de 9h30 \u00e0 18h00 au 82 rue du Faubourg Saint Martin, 75010 Paris.<\/p>\n<p>Infos pratiques :<br \/>\n<img decoding=\"async\" src=\"https:\/\/static.xx.fbcdn.net\/images\/emoji.php\/v9\/td7\/1.5\/16\/1f4c5.png\" alt=\"&#x1f4c5;\" width=\"16\" height=\"16\" \/> Mercredi 8 mars toute la journ\u00e9e<\/p>\n<p><img decoding=\"async\" src=\"https:\/\/static.xx.fbcdn.net\/images\/emoji.php\/v9\/t86\/1.5\/16\/1f4cd.png\" alt=\"&#x1f4cd;\" width=\"16\" height=\"16\" \/> Sist\u2019Her : 82 rue du Faubourg Saint-Martin 75010 Paris<br \/>\nOuvert en mars 2021, Sist\u2019Her est le premier tiers-lieu sorore, d\u00e9di\u00e9 aux entrepreneuses et \u00e0 l\u2019impact en \u00cele-de-France. Port\u00e9 par l\u2019association Empow\u2019Her, c\u2019est un lieu de formations et de rencontres inclusif et collaboratif, ouvert \u00e0 tou\u00b7te\u00b7s o\u00f9 il est possible de se former, s\u2019inspirer, s\u2019engager et se rencontrer.<\/p>\n<p>Venez nombreux ! <span class=\"fxk3tzhb b2rh1bv3 gh55jysx m8h3af8h ewco64xe kjdc1dyq ms56khn7 bq6c9xl4 eohcrkr5 akh3l2rg\"><img decoding=\"async\" src=\"https:\/\/static.xx.fbcdn.net\/images\/emoji.php\/v9\/t56\/1.5\/16\/1f64c.png\" alt=\"&#x1f64c;\" width=\"16\" height=\"16\" \/><\/span><\/p>\n","protected":false},"excerpt":{"rendered":"<p>[JOURN\u00c9E PORTES OUVERTES]<\/p>\n<p><span style=\"font-weight: 400;\">&#x2696;&#xfe0f; <\/span>Le droit des femmes, c\u2019est notre sujet toute l\u2019ann\u00e9e ! Pour le 8 mars, nous avons d\u00e9cid\u00e9 de vous ouvrir les portes de Sist\u2019Her pour toutes les femmes qui ont des questions sur ce qu\u2019on fait chez Empow\u2019Her qui ont envie d\u2019\u00e9changer sur leur projet ou qui souhaite juste partager un moment de sororit\u00e9 entre femmes!<\/p>\n<p><span style=\"font-weight: 400;\">&#x1f372; <\/span>[DEJEUNER CONVIVIAL] De 12h00 \u00e0 14h00 ramenez votre d\u00e9jeuner et le partager avec les entrepreneuses, les coworkeuses et l\u2019\u00e9quipe pour un d\u00e9jeuner ! L\u2019occasion de rencontrer de nouvelles personnes et de pouvoir s\u2019entraider.<br \/>\nRendez-vous de 9h30 \u00e0 18h00 au 82 rue du Faubourg Saint Martin, 75010 Paris.<\/p>\n<p>Infos pratiques :<br \/>\n<img decoding=\"async\" src=\"https:\/\/static.xx.fbcdn.net\/images\/emoji.php\/v9\/td7\/1.5\/16\/1f4c5.png\" alt=\"&#x1f4c5;\" width=\"16\" height=\"16\" \/> Mercredi 8 mars toute la journ\u00e9e<\/p>\n<p><img decoding=\"async\" src=\"https:\/\/static.xx.fbcdn.net\/images\/emoji.php\/v9\/t86\/1.5\/16\/1f4cd.png\" alt=\"&#x1f4cd;\" width=\"16\" height=\"16\" \/> Sist\u2019Her : 82 rue du Faubourg Saint-Martin 75010 Paris<br \/>\nOuvert en mars 2021, Sist\u2019Her est le premier tiers-lieu sorore, d\u00e9di\u00e9 aux entrepreneuses et \u00e0 l\u2019impact en \u00cele-de-France. Port\u00e9 par l\u2019association Empow\u2019Her, c\u2019est un lieu de formations et de rencontres inclusif et collaboratif, ouvert \u00e0 tou\u00b7te\u00b7s o\u00f9 il est possible de se former, s\u2019inspirer, s\u2019engager et se rencontrer.<\/p>\n<p>Venez nombreux ! <span class=\"fxk3tzhb b2rh1bv3 gh55jysx m8h3af8h ewco64xe kjdc1dyq ms56khn7 bq6c9xl4 eohcrkr5 akh3l2rg\"><img decoding=\"async\" src=\"https:\/\/static.xx.fbcdn.net\/images\/emoji.php\/v9\/t56\/1.5\/16\/1f64c.png\" alt=\"&#x1f64c;\" width=\"16\" height=\"16\" \/><\/span><\/p>\n","protected":false},"featured_media":140118,"template":"","format":"standard","meta":{"_acf_changed":false,"om_disable_all_campaigns":false,"_uf_show_specific_survey":0,"_uf_disable_surveys":false},"product_brand":[],"product_cat":[119],"product_tag":[],"lieu":[127],"thematiques":[],"class_list":{"0":"post-140117","1":"product","2":"type-product","3":"status-publish","4":"format-standard","5":"has-post-thumbnail","7":"product_cat-evenement-sisther","8":"lieu-hub-empowher","10":"first","11":"instock","12":"virtual","13":"purchasable","14":"product-type-appointment"},"exclude_global_add_ons":[],"addons":[],"acf":[],"yoast_head":"<!-- This site is optimized with the Yoast SEO plugin v24.8 - https:\/\/yoast.com\/wordpress\/plugins\/seo\/ -->\n<title>C\u00e9l\u00e9brons ensemble le 8 mars ! Journ\u00e9e portes ouvertes<\/title>\n<meta name=\"description\" content=\"Pour le 8 mars, nous avons d\u00e9cid\u00e9 de vous ouvrir les portes de Sist\u2019Her !\" \/>\n<meta name=\"robots\" content=\"index, follow, max-snippet:-1, max-image-preview:large, max-video-preview:-1\" \/>\n<link rel=\"canonical\" href=\"https:\/\/empow-her.com\/produit\/celebrons-ensemble-le-8-mars\/\" \/>\n<meta property=\"og:locale\" content=\"en_US\" \/>\n<meta property=\"og:type\" content=\"article\" \/>\n<meta property=\"og:title\" content=\"C\u00e9l\u00e9brons ensemble le 8 mars ! Journ\u00e9e portes ouvertes\" \/>\n<meta property=\"og:description\" content=\"Pour le 8 mars, nous avons d\u00e9cid\u00e9 de vous ouvrir les portes de Sist\u2019Her !\" \/>\n<meta property=\"og:url\" content=\"https:\/\/empow-her.com\/produit\/celebrons-ensemble-le-8-mars\/\" \/>\n<meta property=\"og:site_name\" content=\"Empow&#039;Her\" \/>\n<meta property=\"article:modified_time\" content=\"2023-02-14T09:51:12+00:00\" \/>\n<meta property=\"og:image\" content=\"https:\/\/empow-her.com\/wp-content\/uploads\/2023\/02\/journee-portes-ouvertes.png\" \/>\n\t<meta property=\"og:image:width\" content=\"1080\" \/>\n\t<meta property=\"og:image:height\" content=\"1080\" \/>\n\t<meta property=\"og:image:type\" content=\"image\/png\" \/>\n<meta name=\"twitter:card\" content=\"summary_large_image\" \/>\n<meta name=\"twitter:label1\" content=\"Est. reading time\" \/>\n\t<meta name=\"twitter:data1\" content=\"2 minutes\" \/>\n<script type=\"application\/ld+json\" class=\"yoast-schema-graph\">{\"@context\":\"https:\/\/schema.org\",\"@graph\":[{\"@type\":\"WebPage\",\"@id\":\"https:\/\/empow-her.com\/produit\/celebrons-ensemble-le-8-mars\/\",\"url\":\"https:\/\/empow-her.com\/produit\/celebrons-ensemble-le-8-mars\/\",\"name\":\"C\u00e9l\u00e9brons ensemble le 8 mars ! Journ\u00e9e portes ouvertes\",\"isPartOf\":{\"@id\":\"https:\/\/empow-her.com\/#website\"},\"primaryImageOfPage\":{\"@id\":\"https:\/\/empow-her.com\/produit\/celebrons-ensemble-le-8-mars\/#primaryimage\"},\"image\":{\"@id\":\"https:\/\/empow-her.com\/produit\/celebrons-ensemble-le-8-mars\/#primaryimage\"},\"thumbnailUrl\":\"https:\/\/empow-her.com\/wp-content\/uploads\/2023\/02\/journee-portes-ouvertes.png\",\"datePublished\":\"2023-02-14T09:00:44+00:00\",\"dateModified\":\"2023-02-14T09:51:12+00:00\",\"description\":\"Pour le 8 mars, nous avons d\u00e9cid\u00e9 de vous ouvrir les portes de Sist\u2019Her !\",\"breadcrumb\":{\"@id\":\"https:\/\/empow-her.com\/produit\/celebrons-ensemble-le-8-mars\/#breadcrumb\"},\"inLanguage\":\"en-US\",\"potentialAction\":[{\"@type\":\"ReadAction\",\"target\":[\"https:\/\/empow-her.com\/produit\/celebrons-ensemble-le-8-mars\/\"]}]},{\"@type\":\"ImageObject\",\"inLanguage\":\"en-US\",\"@id\":\"https:\/\/empow-her.com\/produit\/celebrons-ensemble-le-8-mars\/#primaryimage\",\"url\":\"https:\/\/empow-her.com\/wp-content\/uploads\/2023\/02\/journee-portes-ouvertes.png\",\"contentUrl\":\"https:\/\/empow-her.com\/wp-content\/uploads\/2023\/02\/journee-portes-ouvertes.png\",\"width\":1080,\"height\":1080},{\"@type\":\"BreadcrumbList\",\"@id\":\"https:\/\/empow-her.com\/produit\/celebrons-ensemble-le-8-mars\/#breadcrumb\",\"itemListElement\":[{\"@type\":\"ListItem\",\"position\":1,\"name\":\"Accueil\",\"item\":\"https:\/\/empow-her.com\/en\/landing-page\/\"},{\"@type\":\"ListItem\",\"position\":2,\"name\":\"LA BOUTIQUE\",\"item\":\"https:\/\/empow-her.com\/boutique\/\"},{\"@type\":\"ListItem\",\"position\":3,\"name\":\"C\u00e9l\u00e9brons ensemble le 8 mars !\"}]},{\"@type\":\"WebSite\",\"@id\":\"https:\/\/empow-her.com\/#website\",\"url\":\"https:\/\/empow-her.com\/\",\"name\":\"Empow&#039;Her\",\"description\":\"Women Development\",\"potentialAction\":[{\"@type\":\"SearchAction\",\"target\":{\"@type\":\"EntryPoint\",\"urlTemplate\":\"https:\/\/empow-her.com\/?s={search_term_string}\"},\"query-input\":{\"@type\":\"PropertyValueSpecification\",\"valueRequired\":true,\"valueName\":\"search_term_string\"}}],\"inLanguage\":\"en-US\"}]}<\/script>\n<!-- \/ Yoast SEO plugin. -->","yoast_head_json":{"title":"C\u00e9l\u00e9brons ensemble le 8 mars ! Journ\u00e9e portes ouvertes","description":"Pour le 8 mars, nous avons d\u00e9cid\u00e9 de vous ouvrir les portes de Sist\u2019Her !","robots":{"index":"index","follow":"follow","max-snippet":"max-snippet:-1","max-image-preview":"max-image-preview:large","max-video-preview":"max-video-preview:-1"},"canonical":"https:\/\/empow-her.com\/produit\/celebrons-ensemble-le-8-mars\/","og_locale":"en_US","og_type":"article","og_title":"C\u00e9l\u00e9brons ensemble le 8 mars ! Journ\u00e9e portes ouvertes","og_description":"Pour le 8 mars, nous avons d\u00e9cid\u00e9 de vous ouvrir les portes de Sist\u2019Her !","og_url":"https:\/\/empow-her.com\/produit\/celebrons-ensemble-le-8-mars\/","og_site_name":"Empow&#039;Her","article_modified_time":"2023-02-14T09:51:12+00:00","og_image":[{"width":1080,"height":1080,"url":"https:\/\/empow-her.com\/wp-content\/uploads\/2023\/02\/journee-portes-ouvertes.png","type":"image\/png"}],"twitter_card":"summary_large_image","twitter_misc":{"Est. reading time":"2 minutes"},"schema":{"@context":"https:\/\/schema.org","@graph":[{"@type":"WebPage","@id":"https:\/\/empow-her.com\/produit\/celebrons-ensemble-le-8-mars\/","url":"https:\/\/empow-her.com\/produit\/celebrons-ensemble-le-8-mars\/","name":"C\u00e9l\u00e9brons ensemble le 8 mars ! Journ\u00e9e portes ouvertes","isPartOf":{"@id":"https:\/\/empow-her.com\/#website"},"primaryImageOfPage":{"@id":"https:\/\/empow-her.com\/produit\/celebrons-ensemble-le-8-mars\/#primaryimage"},"image":{"@id":"https:\/\/empow-her.com\/produit\/celebrons-ensemble-le-8-mars\/#primaryimage"},"thumbnailUrl":"https:\/\/empow-her.com\/wp-content\/uploads\/2023\/02\/journee-portes-ouvertes.png","datePublished":"2023-02-14T09:00:44+00:00","dateModified":"2023-02-14T09:51:12+00:00","description":"Pour le 8 mars, nous avons d\u00e9cid\u00e9 de vous ouvrir les portes de Sist\u2019Her !","breadcrumb":{"@id":"https:\/\/empow-her.com\/produit\/celebrons-ensemble-le-8-mars\/#breadcrumb"},"inLanguage":"en-US","potentialAction":[{"@type":"ReadAction","target":["https:\/\/empow-her.com\/produit\/celebrons-ensemble-le-8-mars\/"]}]},{"@type":"ImageObject","inLanguage":"en-US","@id":"https:\/\/empow-her.com\/produit\/celebrons-ensemble-le-8-mars\/#primaryimage","url":"https:\/\/empow-her.com\/wp-content\/uploads\/2023\/02\/journee-portes-ouvertes.png","contentUrl":"https:\/\/empow-her.com\/wp-content\/uploads\/2023\/02\/journee-portes-ouvertes.png","width":1080,"height":1080},{"@type":"BreadcrumbList","@id":"https:\/\/empow-her.com\/produit\/celebrons-ensemble-le-8-mars\/#breadcrumb","itemListElement":[{"@type":"ListItem","position":1,"name":"Accueil","item":"https:\/\/empow-her.com\/en\/landing-page\/"},{"@type":"ListItem","position":2,"name":"LA BOUTIQUE","item":"https:\/\/empow-her.com\/boutique\/"},{"@type":"ListItem","position":3,"name":"C\u00e9l\u00e9brons ensemble le 8 mars !"}]},{"@type":"WebSite","@id":"https:\/\/empow-her.com\/#website","url":"https:\/\/empow-her.com\/","name":"Empow&#039;Her","description":"Women Development","potentialAction":[{"@type":"SearchAction","target":{"@type":"EntryPoint","urlTemplate":"https:\/\/empow-her.com\/?s={search_term_string}"},"query-input":{"@type":"PropertyValueSpecification","valueRequired":true,"valueName":"search_term_string"}}],"inLanguage":"en-US"}]}},"_links":{"self":[{"href":"https:\/\/empow-her.com\/en\/wp-json\/wp\/v2\/product\/140117","targetHints":{"allow":["GET"]}}],"collection":[{"href":"https:\/\/empow-her.com\/en\/wp-json\/wp\/v2\/product"}],"about":[{"href":"https:\/\/empow-her.com\/en\/wp-json\/wp\/v2\/types\/product"}],"wp:featuredmedia":[{"embeddable":true,"href":"https:\/\/empow-her.com\/en\/wp-json\/wp\/v2\/media\/140118"}],"wp:attachment":[{"href":"https:\/\/empow-her.com\/en\/wp-json\/wp\/v2\/media?parent=140117"}],"wp:term":[{"taxonomy":"product_brand","embeddable":true,"href":"https:\/\/empow-her.com\/en\/wp-json\/wp\/v2\/product_brand?post=140117"},{"taxonomy":"product_cat","embeddable":true,"href":"https:\/\/empow-her.com\/en\/wp-json\/wp\/v2\/product_cat?post=140117"},{"taxonomy":"product_tag","embeddable":true,"href":"https:\/\/empow-her.com\/en\/wp-json\/wp\/v2\/product_tag?post=140117"},{"taxonomy":"lieu","embeddable":true,"href":"https:\/\/empow-her.com\/en\/wp-json\/wp\/v2\/lieu?post=140117"},{"taxonomy":"thematiques","embeddable":true,"href":"https:\/\/empow-her.com\/en\/wp-json\/wp\/v2\/thematiques?post=140117"}],"curies":[{"name":"wp","href":"https:\/\/api.w.org\/{rel}","templated":true}]}}