{"id":140114,"date":"2023-02-14T09:49:32","date_gmt":"2023-02-14T08:49:32","guid":{"rendered":"https:\/\/empow-her.com\/?post_type=product&#038;p=140114"},"modified":"2023-02-14T10:45:34","modified_gmt":"2023-02-14T09:45:34","slug":"la-fresque-du-sexisme-venez-passer-a-laction-contre-les-inegalites-de-genre","status":"publish","type":"product","link":"https:\/\/empow-her.com\/en\/produit\/la-fresque-du-sexisme-venez-passer-a-laction-contre-les-inegalites-de-genre\/","title":{"rendered":"La Fresque du sexisme &#8211; Venez passer \u00e0 l&#8217;action contre les in\u00e9galit\u00e9s de genre"},"content":{"rendered":"<p><span style=\"font-weight: 400;\">&#x270a; <strong>Envie de passer \u00e0 l&#8217;action contre les in\u00e9galit\u00e9s de genre ?\u00a0<\/strong><\/span>Avec la fresque du sexisme, on d\u00e9tricote ensemble la m\u00e9canique sexiste et on identifie les dynamiques qui alimentent le cercle vicieux des in\u00e9galit\u00e9s de genre : un moment prospectif pour imaginer une soci\u00e9t\u00e9 future plus \u00e9galitaire &#x2696;&#xfe0f;<\/p>\n<p>Infos pratiques<\/p>\n<p><span style=\"font-weight: 400;\">&#x1f4c5; <\/span>Jeudi 16 mars de 18h \u00e0 21h<br \/>\n<span style=\"font-weight: 400;\">&#x1f4cd; <\/span>Chez Sist&#8217;Her, 82 rue du Faubourg Saint-Martin 75010 Paris<\/p>\n<p>&#x2699;&#xfe0f; D\u00e9roul\u00e9 de l&#8217;atelier<br \/>\n15mn de brise glace, gen\u00e8se et histoire de l&#8217;atelier<br \/>\n1h15 de mise en lien des composantes du syst\u00e8me sexiste<br \/>\n20mn autour de l&#8217;expression des \u00e9motions<br \/>\n1h10 de cr\u00e9ativit\u00e9 et r\u00e9flexion sur les actions possibles du quotidien<\/p>\n<p><span style=\"font-weight: 400;\">&#x1f50d; <\/span>La fresque du sexisme, qu&#8217;est ce que c&#8217;est ?<br \/>\nC&#8217;est une association ayant pour raison d&#8217;\u00eatre de contribuer \u00e0 une soci\u00e9t\u00e9 \u00e9galitaire via la p\u00e9dagogie et la mise en action, par l\u2019exp\u00e9rience collective de la Fresque du sexisme. Pour en savoir plus, suivez-nous sur linkedin , facebook ou instagram.<\/p>\n<p><span style=\"font-weight: 400;\">&#x1f50d; <\/span>Sist\u2019Her Paris<br \/>\nOuvert en mars 2021, Sist\u2019Her est le premier tiers-lieu sorore, d\u00e9di\u00e9 aux entrepreneuses et \u00e0 l&#8217;impact en \u00cele-de-France. Port\u00e9 par l\u2019association Empow\u2019Her, c\u2019est un lieu de formations et de rencontres inclusif et collaboratif, ouvert \u00e0 tou\u00b7te\u00b7s o\u00f9 il est possible de se former, s\u2019inspirer, s\u2019engager et se rencontrer.<\/p>\n","protected":false},"excerpt":{"rendered":"<p><span style=\"font-weight: 400;\">&#x270a; <strong>Envie de passer \u00e0 l&#8217;action contre les in\u00e9galit\u00e9s de genre ?\u00a0<\/strong><\/span>Avec la fresque du sexisme, on d\u00e9tricote ensemble la m\u00e9canique sexiste et on identifie les dynamiques qui alimentent le cercle vicieux des in\u00e9galit\u00e9s de genre : un moment prospectif pour imaginer une soci\u00e9t\u00e9 future plus \u00e9galitaire &#x2696;&#xfe0f;<\/p>\n<p>Infos pratiques<\/p>\n<p><span style=\"font-weight: 400;\">&#x1f4c5; <\/span>Jeudi 16 mars de 18h \u00e0 21h<br \/>\n<span style=\"font-weight: 400;\">&#x1f4cd; <\/span>Chez Sist&#8217;Her, 82 rue du Faubourg Saint-Martin 75010 Paris<\/p>\n<p>&#x2699;&#xfe0f; D\u00e9roul\u00e9 de l&#8217;atelier<br \/>\n15mn de brise glace, gen\u00e8se et histoire de l&#8217;atelier<br \/>\n1h15 de mise en lien des composantes du syst\u00e8me sexiste<br \/>\n20mn autour de l&#8217;expression des \u00e9motions<br \/>\n1h10 de cr\u00e9ativit\u00e9 et r\u00e9flexion sur les actions possibles du quotidien<\/p>\n<p><span style=\"font-weight: 400;\">&#x1f50d; <\/span>La fresque du sexisme, qu&#8217;est ce que c&#8217;est ?<br \/>\nC&#8217;est une association ayant pour raison d&#8217;\u00eatre de contribuer \u00e0 une soci\u00e9t\u00e9 \u00e9galitaire via la p\u00e9dagogie et la mise en action, par l\u2019exp\u00e9rience collective de la Fresque du sexisme. Pour en savoir plus, suivez-nous sur linkedin , facebook ou instagram.<\/p>\n<p><span style=\"font-weight: 400;\">&#x1f50d; <\/span>Sist\u2019Her Paris<br \/>\nOuvert en mars 2021, Sist\u2019Her est le premier tiers-lieu sorore, d\u00e9di\u00e9 aux entrepreneuses et \u00e0 l&#8217;impact en \u00cele-de-France. Port\u00e9 par l\u2019association Empow\u2019Her, c\u2019est un lieu de formations et de rencontres inclusif et collaboratif, ouvert \u00e0 tou\u00b7te\u00b7s o\u00f9 il est possible de se former, s\u2019inspirer, s\u2019engager et se rencontrer.<\/p>\n","protected":false},"featured_media":140115,"template":"","format":"standard","meta":{"_acf_changed":false,"om_disable_all_campaigns":false,"_uf_show_specific_survey":0,"_uf_disable_surveys":false},"product_brand":[],"product_cat":[119],"product_tag":[],"lieu":[127],"thematiques":[],"class_list":{"0":"post-140114","1":"product","2":"type-product","3":"status-publish","4":"format-standard","5":"has-post-thumbnail","7":"product_cat-evenement-sisther","8":"lieu-hub-empowher","10":"first","11":"instock","12":"virtual","13":"purchasable","14":"product-type-appointment"},"exclude_global_add_ons":[],"addons":[],"acf":[],"yoast_head":"<!-- This site is optimized with the Yoast SEO plugin v24.8 - https:\/\/yoast.com\/wordpress\/plugins\/seo\/ -->\n<title>La Fresque du sexisme - Venez passer \u00e0 l&#039;action<\/title>\n<meta name=\"description\" content=\"Envie de passer \u00e0 l&#039;action contre les in\u00e9galit\u00e9s de genre ? Participe \u00e0 la fresque de sexisme !\" \/>\n<meta name=\"robots\" content=\"index, follow, max-snippet:-1, max-image-preview:large, max-video-preview:-1\" \/>\n<link rel=\"canonical\" href=\"https:\/\/empow-her.com\/produit\/la-fresque-du-sexisme-venez-passer-a-laction-contre-les-inegalites-de-genre\/\" \/>\n<meta property=\"og:locale\" content=\"en_US\" \/>\n<meta property=\"og:type\" content=\"article\" \/>\n<meta property=\"og:title\" content=\"La Fresque du sexisme - Venez passer \u00e0 l&#039;action\" \/>\n<meta property=\"og:description\" content=\"Envie de passer \u00e0 l&#039;action contre les in\u00e9galit\u00e9s de genre ? Participe \u00e0 la fresque de sexisme !\" \/>\n<meta property=\"og:url\" content=\"https:\/\/empow-her.com\/produit\/la-fresque-du-sexisme-venez-passer-a-laction-contre-les-inegalites-de-genre\/\" \/>\n<meta property=\"og:site_name\" content=\"Empow&#039;Her\" \/>\n<meta property=\"article:modified_time\" content=\"2023-02-14T09:45:34+00:00\" \/>\n<meta property=\"og:image\" content=\"https:\/\/empow-her.com\/wp-content\/uploads\/2023\/02\/fresque-du-sexisme.png\" \/>\n\t<meta property=\"og:image:width\" content=\"1080\" \/>\n\t<meta property=\"og:image:height\" content=\"1080\" \/>\n\t<meta property=\"og:image:type\" content=\"image\/png\" \/>\n<meta name=\"twitter:card\" content=\"summary_large_image\" \/>\n<meta name=\"twitter:label1\" content=\"Est. reading time\" \/>\n\t<meta name=\"twitter:data1\" content=\"2 minutes\" \/>\n<script type=\"application\/ld+json\" class=\"yoast-schema-graph\">{\"@context\":\"https:\/\/schema.org\",\"@graph\":[{\"@type\":\"WebPage\",\"@id\":\"https:\/\/empow-her.com\/produit\/la-fresque-du-sexisme-venez-passer-a-laction-contre-les-inegalites-de-genre\/\",\"url\":\"https:\/\/empow-her.com\/produit\/la-fresque-du-sexisme-venez-passer-a-laction-contre-les-inegalites-de-genre\/\",\"name\":\"La Fresque du sexisme - Venez passer \u00e0 l'action\",\"isPartOf\":{\"@id\":\"https:\/\/empow-her.com\/#website\"},\"primaryImageOfPage\":{\"@id\":\"https:\/\/empow-her.com\/produit\/la-fresque-du-sexisme-venez-passer-a-laction-contre-les-inegalites-de-genre\/#primaryimage\"},\"image\":{\"@id\":\"https:\/\/empow-her.com\/produit\/la-fresque-du-sexisme-venez-passer-a-laction-contre-les-inegalites-de-genre\/#primaryimage\"},\"thumbnailUrl\":\"https:\/\/empow-her.com\/wp-content\/uploads\/2023\/02\/fresque-du-sexisme.png\",\"datePublished\":\"2023-02-14T08:49:32+00:00\",\"dateModified\":\"2023-02-14T09:45:34+00:00\",\"description\":\"Envie de passer \u00e0 l'action contre les in\u00e9galit\u00e9s de genre ? Participe \u00e0 la fresque de sexisme !\",\"breadcrumb\":{\"@id\":\"https:\/\/empow-her.com\/produit\/la-fresque-du-sexisme-venez-passer-a-laction-contre-les-inegalites-de-genre\/#breadcrumb\"},\"inLanguage\":\"en-US\",\"potentialAction\":[{\"@type\":\"ReadAction\",\"target\":[\"https:\/\/empow-her.com\/produit\/la-fresque-du-sexisme-venez-passer-a-laction-contre-les-inegalites-de-genre\/\"]}]},{\"@type\":\"ImageObject\",\"inLanguage\":\"en-US\",\"@id\":\"https:\/\/empow-her.com\/produit\/la-fresque-du-sexisme-venez-passer-a-laction-contre-les-inegalites-de-genre\/#primaryimage\",\"url\":\"https:\/\/empow-her.com\/wp-content\/uploads\/2023\/02\/fresque-du-sexisme.png\",\"contentUrl\":\"https:\/\/empow-her.com\/wp-content\/uploads\/2023\/02\/fresque-du-sexisme.png\",\"width\":1080,\"height\":1080},{\"@type\":\"BreadcrumbList\",\"@id\":\"https:\/\/empow-her.com\/produit\/la-fresque-du-sexisme-venez-passer-a-laction-contre-les-inegalites-de-genre\/#breadcrumb\",\"itemListElement\":[{\"@type\":\"ListItem\",\"position\":1,\"name\":\"Accueil\",\"item\":\"https:\/\/empow-her.com\/en\/landing-page\/\"},{\"@type\":\"ListItem\",\"position\":2,\"name\":\"LA BOUTIQUE\",\"item\":\"https:\/\/empow-her.com\/boutique\/\"},{\"@type\":\"ListItem\",\"position\":3,\"name\":\"La Fresque du sexisme &#8211; Venez passer \u00e0 l&#8217;action contre les in\u00e9galit\u00e9s de genre\"}]},{\"@type\":\"WebSite\",\"@id\":\"https:\/\/empow-her.com\/#website\",\"url\":\"https:\/\/empow-her.com\/\",\"name\":\"Empow&#039;Her\",\"description\":\"Women Development\",\"potentialAction\":[{\"@type\":\"SearchAction\",\"target\":{\"@type\":\"EntryPoint\",\"urlTemplate\":\"https:\/\/empow-her.com\/?s={search_term_string}\"},\"query-input\":{\"@type\":\"PropertyValueSpecification\",\"valueRequired\":true,\"valueName\":\"search_term_string\"}}],\"inLanguage\":\"en-US\"}]}<\/script>\n<!-- \/ Yoast SEO plugin. -->","yoast_head_json":{"title":"La Fresque du sexisme - Venez passer \u00e0 l'action","description":"Envie de passer \u00e0 l'action contre les in\u00e9galit\u00e9s de genre ? Participe \u00e0 la fresque de sexisme !","robots":{"index":"index","follow":"follow","max-snippet":"max-snippet:-1","max-image-preview":"max-image-preview:large","max-video-preview":"max-video-preview:-1"},"canonical":"https:\/\/empow-her.com\/produit\/la-fresque-du-sexisme-venez-passer-a-laction-contre-les-inegalites-de-genre\/","og_locale":"en_US","og_type":"article","og_title":"La Fresque du sexisme - Venez passer \u00e0 l'action","og_description":"Envie de passer \u00e0 l'action contre les in\u00e9galit\u00e9s de genre ? Participe \u00e0 la fresque de sexisme !","og_url":"https:\/\/empow-her.com\/produit\/la-fresque-du-sexisme-venez-passer-a-laction-contre-les-inegalites-de-genre\/","og_site_name":"Empow&#039;Her","article_modified_time":"2023-02-14T09:45:34+00:00","og_image":[{"width":1080,"height":1080,"url":"https:\/\/empow-her.com\/wp-content\/uploads\/2023\/02\/fresque-du-sexisme.png","type":"image\/png"}],"twitter_card":"summary_large_image","twitter_misc":{"Est. reading time":"2 minutes"},"schema":{"@context":"https:\/\/schema.org","@graph":[{"@type":"WebPage","@id":"https:\/\/empow-her.com\/produit\/la-fresque-du-sexisme-venez-passer-a-laction-contre-les-inegalites-de-genre\/","url":"https:\/\/empow-her.com\/produit\/la-fresque-du-sexisme-venez-passer-a-laction-contre-les-inegalites-de-genre\/","name":"La Fresque du sexisme - Venez passer \u00e0 l'action","isPartOf":{"@id":"https:\/\/empow-her.com\/#website"},"primaryImageOfPage":{"@id":"https:\/\/empow-her.com\/produit\/la-fresque-du-sexisme-venez-passer-a-laction-contre-les-inegalites-de-genre\/#primaryimage"},"image":{"@id":"https:\/\/empow-her.com\/produit\/la-fresque-du-sexisme-venez-passer-a-laction-contre-les-inegalites-de-genre\/#primaryimage"},"thumbnailUrl":"https:\/\/empow-her.com\/wp-content\/uploads\/2023\/02\/fresque-du-sexisme.png","datePublished":"2023-02-14T08:49:32+00:00","dateModified":"2023-02-14T09:45:34+00:00","description":"Envie de passer \u00e0 l'action contre les in\u00e9galit\u00e9s de genre ? Participe \u00e0 la fresque de sexisme !","breadcrumb":{"@id":"https:\/\/empow-her.com\/produit\/la-fresque-du-sexisme-venez-passer-a-laction-contre-les-inegalites-de-genre\/#breadcrumb"},"inLanguage":"en-US","potentialAction":[{"@type":"ReadAction","target":["https:\/\/empow-her.com\/produit\/la-fresque-du-sexisme-venez-passer-a-laction-contre-les-inegalites-de-genre\/"]}]},{"@type":"ImageObject","inLanguage":"en-US","@id":"https:\/\/empow-her.com\/produit\/la-fresque-du-sexisme-venez-passer-a-laction-contre-les-inegalites-de-genre\/#primaryimage","url":"https:\/\/empow-her.com\/wp-content\/uploads\/2023\/02\/fresque-du-sexisme.png","contentUrl":"https:\/\/empow-her.com\/wp-content\/uploads\/2023\/02\/fresque-du-sexisme.png","width":1080,"height":1080},{"@type":"BreadcrumbList","@id":"https:\/\/empow-her.com\/produit\/la-fresque-du-sexisme-venez-passer-a-laction-contre-les-inegalites-de-genre\/#breadcrumb","itemListElement":[{"@type":"ListItem","position":1,"name":"Accueil","item":"https:\/\/empow-her.com\/en\/landing-page\/"},{"@type":"ListItem","position":2,"name":"LA BOUTIQUE","item":"https:\/\/empow-her.com\/boutique\/"},{"@type":"ListItem","position":3,"name":"La Fresque du sexisme &#8211; Venez passer \u00e0 l&#8217;action contre les in\u00e9galit\u00e9s de genre"}]},{"@type":"WebSite","@id":"https:\/\/empow-her.com\/#website","url":"https:\/\/empow-her.com\/","name":"Empow&#039;Her","description":"Women Development","potentialAction":[{"@type":"SearchAction","target":{"@type":"EntryPoint","urlTemplate":"https:\/\/empow-her.com\/?s={search_term_string}"},"query-input":{"@type":"PropertyValueSpecification","valueRequired":true,"valueName":"search_term_string"}}],"inLanguage":"en-US"}]}},"_links":{"self":[{"href":"https:\/\/empow-her.com\/en\/wp-json\/wp\/v2\/product\/140114","targetHints":{"allow":["GET"]}}],"collection":[{"href":"https:\/\/empow-her.com\/en\/wp-json\/wp\/v2\/product"}],"about":[{"href":"https:\/\/empow-her.com\/en\/wp-json\/wp\/v2\/types\/product"}],"wp:featuredmedia":[{"embeddable":true,"href":"https:\/\/empow-her.com\/en\/wp-json\/wp\/v2\/media\/140115"}],"wp:attachment":[{"href":"https:\/\/empow-her.com\/en\/wp-json\/wp\/v2\/media?parent=140114"}],"wp:term":[{"taxonomy":"product_brand","embeddable":true,"href":"https:\/\/empow-her.com\/en\/wp-json\/wp\/v2\/product_brand?post=140114"},{"taxonomy":"product_cat","embeddable":true,"href":"https:\/\/empow-her.com\/en\/wp-json\/wp\/v2\/product_cat?post=140114"},{"taxonomy":"product_tag","embeddable":true,"href":"https:\/\/empow-her.com\/en\/wp-json\/wp\/v2\/product_tag?post=140114"},{"taxonomy":"lieu","embeddable":true,"href":"https:\/\/empow-her.com\/en\/wp-json\/wp\/v2\/lieu?post=140114"},{"taxonomy":"thematiques","embeddable":true,"href":"https:\/\/empow-her.com\/en\/wp-json\/wp\/v2\/thematiques?post=140114"}],"curies":[{"name":"wp","href":"https:\/\/api.w.org\/{rel}","templated":true}]}}