{"id":139919,"date":"2023-02-13T16:44:36","date_gmt":"2023-02-13T15:44:36","guid":{"rendered":"https:\/\/empow-her.com\/?post_type=product&#038;p=139919"},"modified":"2023-02-15T11:45:41","modified_gmt":"2023-02-15T10:45:41","slug":"shetalks-empowher-x-pulse-alerte-fashion","status":"publish","type":"product","link":"https:\/\/empow-her.com\/en\/produit\/shetalks-empowher-x-pulse-alerte-fashion\/","title":{"rendered":"SheTalks Empow&#8217;Her x Pulse &#8211; Alerte Fashion"},"content":{"rendered":"<p>&#x1f455;&#x1f456; &#8220;Et si on r\u00e9inventait l&#8217;industrie de la mode ?&#8221; C&#8217;est la question que se sont pos\u00e9es les trois entrepreneuses qui viendront partager leur exp\u00e9rience le 2 mars de 8h30 \u00e0 10h pour un petit-d\u00e9jeuner engag\u00e9 ! L&#8217;industrie de la mode \u00e9tant l&#8217;une des plus polluantes au monde avec l&#8217;\u00e9mission de 4 milliards de tonne \u00e9quivalent CO2 par an, Camille Greco de Crush On, Caroline Rey de 17h10 et Rachel Allary de La Makanerie ont d\u00e9cid\u00e9 de pr\u00f4ner la mode durable en valorisant la friperie, en utilisant que des mati\u00e8res upcycl\u00e9s et recylcl\u00e9s et en repensant le v\u00eatement pour une utilisation longue dur\u00e9e.<\/p>\n<p>Ce SheTalks est organis\u00e9 avec Pulse, une association dont la mission est de soutenir et de promouvoir l&#8217;entrepreneuriat comme levier d&#8217;un d\u00e9veloppement inclusif et durable dans les 18 pays o\u00f9 elle est active. Chaque ann\u00e9e, plus de 550 porteur.se.s de projets sont ainsi accompagn\u00e9.e.s dans le lancement et le d\u00e9veloppement de leur activit\u00e9.<\/p>\n<p>Infos pratiques :<br \/>\n&#x1f4c5; Jeudi 2 mars de 8h30 \u00e0 10h.<br \/>\n<img decoding=\"async\" src=\"https:\/\/static.xx.fbcdn.net\/images\/emoji.php\/v9\/t8b\/1.5\/16\/1f516.png\" alt=\"&#x1f516;\" width=\"16\" height=\"16\" \/> R\u00e9servation gratuite obligatoire<\/p>\n<p>&#x1f4cd; Sist\u2019Her : 82 rue du Faubourg Saint-Martin 75010 Paris<br \/>\nOuvert en mars 2021, Sist\u2019Her est le premier tiers-lieu sorore, d\u00e9di\u00e9 aux entrepreneuses et \u00e0 l\u2019impact en \u00cele-de-France. Port\u00e9 par l\u2019association Empow\u2019Her, c\u2019est un lieu de formations et de rencontres inclusif et collaboratif, ouvert \u00e0 tou\u00b7te\u00b7s o\u00f9 il est possible de se former, s\u2019inspirer, s\u2019engager et se rencontrer.&#8221;<\/p>\n<p>A tr\u00e8s vite !<\/p>\n","protected":false},"excerpt":{"rendered":"<p>&#x1f455;&#x1f456; &#8220;Et si on r\u00e9inventait l&#8217;industrie de la mode ?&#8221; C&#8217;est la question que se sont pos\u00e9es les trois entrepreneuses qui viendront partager leur exp\u00e9rience le 2 mars de 8h30 \u00e0 10h pour un petit-d\u00e9jeuner engag\u00e9 ! L&#8217;industrie de la mode \u00e9tant l&#8217;une des plus polluantes au monde avec l&#8217;\u00e9mission de 4 milliards de tonne \u00e9quivalent CO2 par an, Camille Greco de Crush On, Caroline Rey de 17h10 et Rachel Allary de La Makanerie ont d\u00e9cid\u00e9 de pr\u00f4ner la mode durable en valorisant la friperie, en utilisant que des mati\u00e8res upcycl\u00e9s et recylcl\u00e9s et en repensant le v\u00eatement pour une utilisation longue dur\u00e9e.<\/p>\n<p>Ce SheTalks est organis\u00e9 avec Pulse, une association dont la mission est de soutenir et de promouvoir l&#8217;entrepreneuriat comme levier d&#8217;un d\u00e9veloppement inclusif et durable dans les 18 pays o\u00f9 elle est active. Chaque ann\u00e9e, plus de 550 porteur.se.s de projets sont ainsi accompagn\u00e9.e.s dans le lancement et le d\u00e9veloppement de leur activit\u00e9.<\/p>\n<p>Infos pratiques :<br \/>\n&#x1f4c5; Jeudi 2 mars de 8h30 \u00e0 10h.<br \/>\n<img decoding=\"async\" src=\"https:\/\/static.xx.fbcdn.net\/images\/emoji.php\/v9\/t8b\/1.5\/16\/1f516.png\" alt=\"&#x1f516;\" width=\"16\" height=\"16\" \/> R\u00e9servation gratuite obligatoire<\/p>\n<p>&#x1f4cd; Sist\u2019Her : 82 rue du Faubourg Saint-Martin 75010 Paris<br \/>\nOuvert en mars 2021, Sist\u2019Her est le premier tiers-lieu sorore, d\u00e9di\u00e9 aux entrepreneuses et \u00e0 l\u2019impact en \u00cele-de-France. Port\u00e9 par l\u2019association Empow\u2019Her, c\u2019est un lieu de formations et de rencontres inclusif et collaboratif, ouvert \u00e0 tou\u00b7te\u00b7s o\u00f9 il est possible de se former, s\u2019inspirer, s\u2019engager et se rencontrer.&#8221;<\/p>\n<p>A tr\u00e8s vite !<\/p>\n","protected":false},"featured_media":139923,"template":"","format":"standard","meta":{"_acf_changed":false,"om_disable_all_campaigns":false,"_uf_show_specific_survey":0,"_uf_disable_surveys":false},"product_brand":[],"product_cat":[119],"product_tag":[],"lieu":[127],"thematiques":[],"class_list":{"0":"post-139919","1":"product","2":"type-product","3":"status-publish","4":"format-standard","5":"has-post-thumbnail","7":"product_cat-evenement-sisther","8":"lieu-hub-empowher","10":"first","11":"instock","12":"virtual","13":"purchasable","14":"product-type-appointment"},"exclude_global_add_ons":[],"addons":[],"acf":[],"yoast_head":"<!-- This site is optimized with the Yoast SEO plugin v24.8 - https:\/\/yoast.com\/wordpress\/plugins\/seo\/ -->\n<title>SheTalks : elles entreprennent dans la mode<\/title>\n<meta name=\"description\" content=\"&quot;Et si on r\u00e9inventait l&#039;industrie de la mode ?&quot; Viens d\u00e9couvrir les trois entrepreneures qui partageront leur exp\u00e9rience le 2 mars de 8h30 \u00e0 10h.\" \/>\n<meta name=\"robots\" content=\"index, follow, max-snippet:-1, max-image-preview:large, max-video-preview:-1\" \/>\n<link rel=\"canonical\" href=\"https:\/\/empow-her.com\/produit\/shetalks-empowher-x-pulse-alerte-fashion\/\" \/>\n<meta property=\"og:locale\" content=\"en_US\" \/>\n<meta property=\"og:type\" content=\"article\" \/>\n<meta property=\"og:title\" content=\"SheTalks : elles entreprennent dans la mode\" \/>\n<meta property=\"og:description\" content=\"&quot;Et si on r\u00e9inventait l&#039;industrie de la mode ?&quot; Viens d\u00e9couvrir les trois entrepreneures qui partageront leur exp\u00e9rience le 2 mars de 8h30 \u00e0 10h.\" \/>\n<meta property=\"og:url\" content=\"https:\/\/empow-her.com\/produit\/shetalks-empowher-x-pulse-alerte-fashion\/\" \/>\n<meta property=\"og:site_name\" content=\"Empow&#039;Her\" \/>\n<meta property=\"article:modified_time\" content=\"2023-02-15T10:45:41+00:00\" \/>\n<meta property=\"og:image\" content=\"https:\/\/empow-her.com\/wp-content\/uploads\/2023\/02\/shetalks-economie-circulaire-1.png\" \/>\n\t<meta property=\"og:image:width\" content=\"1080\" \/>\n\t<meta property=\"og:image:height\" content=\"1080\" \/>\n\t<meta property=\"og:image:type\" content=\"image\/png\" \/>\n<meta name=\"twitter:card\" content=\"summary_large_image\" \/>\n<meta name=\"twitter:label1\" content=\"Est. reading time\" \/>\n\t<meta name=\"twitter:data1\" content=\"2 minutes\" \/>\n<script type=\"application\/ld+json\" class=\"yoast-schema-graph\">{\"@context\":\"https:\/\/schema.org\",\"@graph\":[{\"@type\":\"WebPage\",\"@id\":\"https:\/\/empow-her.com\/produit\/shetalks-empowher-x-pulse-alerte-fashion\/\",\"url\":\"https:\/\/empow-her.com\/produit\/shetalks-empowher-x-pulse-alerte-fashion\/\",\"name\":\"SheTalks : elles entreprennent dans la mode\",\"isPartOf\":{\"@id\":\"https:\/\/empow-her.com\/#website\"},\"primaryImageOfPage\":{\"@id\":\"https:\/\/empow-her.com\/produit\/shetalks-empowher-x-pulse-alerte-fashion\/#primaryimage\"},\"image\":{\"@id\":\"https:\/\/empow-her.com\/produit\/shetalks-empowher-x-pulse-alerte-fashion\/#primaryimage\"},\"thumbnailUrl\":\"https:\/\/empow-her.com\/wp-content\/uploads\/2023\/02\/shetalks-economie-circulaire-1.png\",\"datePublished\":\"2023-02-13T15:44:36+00:00\",\"dateModified\":\"2023-02-15T10:45:41+00:00\",\"description\":\"\\\"Et si on r\u00e9inventait l'industrie de la mode ?\\\" Viens d\u00e9couvrir les trois entrepreneures qui partageront leur exp\u00e9rience le 2 mars de 8h30 \u00e0 10h.\",\"breadcrumb\":{\"@id\":\"https:\/\/empow-her.com\/produit\/shetalks-empowher-x-pulse-alerte-fashion\/#breadcrumb\"},\"inLanguage\":\"en-US\",\"potentialAction\":[{\"@type\":\"ReadAction\",\"target\":[\"https:\/\/empow-her.com\/produit\/shetalks-empowher-x-pulse-alerte-fashion\/\"]}]},{\"@type\":\"ImageObject\",\"inLanguage\":\"en-US\",\"@id\":\"https:\/\/empow-her.com\/produit\/shetalks-empowher-x-pulse-alerte-fashion\/#primaryimage\",\"url\":\"https:\/\/empow-her.com\/wp-content\/uploads\/2023\/02\/shetalks-economie-circulaire-1.png\",\"contentUrl\":\"https:\/\/empow-her.com\/wp-content\/uploads\/2023\/02\/shetalks-economie-circulaire-1.png\",\"width\":1080,\"height\":1080},{\"@type\":\"BreadcrumbList\",\"@id\":\"https:\/\/empow-her.com\/produit\/shetalks-empowher-x-pulse-alerte-fashion\/#breadcrumb\",\"itemListElement\":[{\"@type\":\"ListItem\",\"position\":1,\"name\":\"Accueil\",\"item\":\"https:\/\/empow-her.com\/en\/landing-page\/\"},{\"@type\":\"ListItem\",\"position\":2,\"name\":\"LA BOUTIQUE\",\"item\":\"https:\/\/empow-her.com\/boutique\/\"},{\"@type\":\"ListItem\",\"position\":3,\"name\":\"SheTalks Empow&#8217;Her x Pulse &#8211; Alerte Fashion\"}]},{\"@type\":\"WebSite\",\"@id\":\"https:\/\/empow-her.com\/#website\",\"url\":\"https:\/\/empow-her.com\/\",\"name\":\"Empow&#039;Her\",\"description\":\"Women Development\",\"potentialAction\":[{\"@type\":\"SearchAction\",\"target\":{\"@type\":\"EntryPoint\",\"urlTemplate\":\"https:\/\/empow-her.com\/?s={search_term_string}\"},\"query-input\":{\"@type\":\"PropertyValueSpecification\",\"valueRequired\":true,\"valueName\":\"search_term_string\"}}],\"inLanguage\":\"en-US\"}]}<\/script>\n<!-- \/ Yoast SEO plugin. -->","yoast_head_json":{"title":"SheTalks : elles entreprennent dans la mode","description":"\"Et si on r\u00e9inventait l'industrie de la mode ?\" Viens d\u00e9couvrir les trois entrepreneures qui partageront leur exp\u00e9rience le 2 mars de 8h30 \u00e0 10h.","robots":{"index":"index","follow":"follow","max-snippet":"max-snippet:-1","max-image-preview":"max-image-preview:large","max-video-preview":"max-video-preview:-1"},"canonical":"https:\/\/empow-her.com\/produit\/shetalks-empowher-x-pulse-alerte-fashion\/","og_locale":"en_US","og_type":"article","og_title":"SheTalks : elles entreprennent dans la mode","og_description":"\"Et si on r\u00e9inventait l'industrie de la mode ?\" Viens d\u00e9couvrir les trois entrepreneures qui partageront leur exp\u00e9rience le 2 mars de 8h30 \u00e0 10h.","og_url":"https:\/\/empow-her.com\/produit\/shetalks-empowher-x-pulse-alerte-fashion\/","og_site_name":"Empow&#039;Her","article_modified_time":"2023-02-15T10:45:41+00:00","og_image":[{"width":1080,"height":1080,"url":"https:\/\/empow-her.com\/wp-content\/uploads\/2023\/02\/shetalks-economie-circulaire-1.png","type":"image\/png"}],"twitter_card":"summary_large_image","twitter_misc":{"Est. reading time":"2 minutes"},"schema":{"@context":"https:\/\/schema.org","@graph":[{"@type":"WebPage","@id":"https:\/\/empow-her.com\/produit\/shetalks-empowher-x-pulse-alerte-fashion\/","url":"https:\/\/empow-her.com\/produit\/shetalks-empowher-x-pulse-alerte-fashion\/","name":"SheTalks : elles entreprennent dans la mode","isPartOf":{"@id":"https:\/\/empow-her.com\/#website"},"primaryImageOfPage":{"@id":"https:\/\/empow-her.com\/produit\/shetalks-empowher-x-pulse-alerte-fashion\/#primaryimage"},"image":{"@id":"https:\/\/empow-her.com\/produit\/shetalks-empowher-x-pulse-alerte-fashion\/#primaryimage"},"thumbnailUrl":"https:\/\/empow-her.com\/wp-content\/uploads\/2023\/02\/shetalks-economie-circulaire-1.png","datePublished":"2023-02-13T15:44:36+00:00","dateModified":"2023-02-15T10:45:41+00:00","description":"\"Et si on r\u00e9inventait l'industrie de la mode ?\" Viens d\u00e9couvrir les trois entrepreneures qui partageront leur exp\u00e9rience le 2 mars de 8h30 \u00e0 10h.","breadcrumb":{"@id":"https:\/\/empow-her.com\/produit\/shetalks-empowher-x-pulse-alerte-fashion\/#breadcrumb"},"inLanguage":"en-US","potentialAction":[{"@type":"ReadAction","target":["https:\/\/empow-her.com\/produit\/shetalks-empowher-x-pulse-alerte-fashion\/"]}]},{"@type":"ImageObject","inLanguage":"en-US","@id":"https:\/\/empow-her.com\/produit\/shetalks-empowher-x-pulse-alerte-fashion\/#primaryimage","url":"https:\/\/empow-her.com\/wp-content\/uploads\/2023\/02\/shetalks-economie-circulaire-1.png","contentUrl":"https:\/\/empow-her.com\/wp-content\/uploads\/2023\/02\/shetalks-economie-circulaire-1.png","width":1080,"height":1080},{"@type":"BreadcrumbList","@id":"https:\/\/empow-her.com\/produit\/shetalks-empowher-x-pulse-alerte-fashion\/#breadcrumb","itemListElement":[{"@type":"ListItem","position":1,"name":"Accueil","item":"https:\/\/empow-her.com\/en\/landing-page\/"},{"@type":"ListItem","position":2,"name":"LA BOUTIQUE","item":"https:\/\/empow-her.com\/boutique\/"},{"@type":"ListItem","position":3,"name":"SheTalks Empow&#8217;Her x Pulse &#8211; Alerte Fashion"}]},{"@type":"WebSite","@id":"https:\/\/empow-her.com\/#website","url":"https:\/\/empow-her.com\/","name":"Empow&#039;Her","description":"Women Development","potentialAction":[{"@type":"SearchAction","target":{"@type":"EntryPoint","urlTemplate":"https:\/\/empow-her.com\/?s={search_term_string}"},"query-input":{"@type":"PropertyValueSpecification","valueRequired":true,"valueName":"search_term_string"}}],"inLanguage":"en-US"}]}},"_links":{"self":[{"href":"https:\/\/empow-her.com\/en\/wp-json\/wp\/v2\/product\/139919","targetHints":{"allow":["GET"]}}],"collection":[{"href":"https:\/\/empow-her.com\/en\/wp-json\/wp\/v2\/product"}],"about":[{"href":"https:\/\/empow-her.com\/en\/wp-json\/wp\/v2\/types\/product"}],"wp:featuredmedia":[{"embeddable":true,"href":"https:\/\/empow-her.com\/en\/wp-json\/wp\/v2\/media\/139923"}],"wp:attachment":[{"href":"https:\/\/empow-her.com\/en\/wp-json\/wp\/v2\/media?parent=139919"}],"wp:term":[{"taxonomy":"product_brand","embeddable":true,"href":"https:\/\/empow-her.com\/en\/wp-json\/wp\/v2\/product_brand?post=139919"},{"taxonomy":"product_cat","embeddable":true,"href":"https:\/\/empow-her.com\/en\/wp-json\/wp\/v2\/product_cat?post=139919"},{"taxonomy":"product_tag","embeddable":true,"href":"https:\/\/empow-her.com\/en\/wp-json\/wp\/v2\/product_tag?post=139919"},{"taxonomy":"lieu","embeddable":true,"href":"https:\/\/empow-her.com\/en\/wp-json\/wp\/v2\/lieu?post=139919"},{"taxonomy":"thematiques","embeddable":true,"href":"https:\/\/empow-her.com\/en\/wp-json\/wp\/v2\/thematiques?post=139919"}],"curies":[{"name":"wp","href":"https:\/\/api.w.org\/{rel}","templated":true}]}}