{"id":13940,"date":"2021-05-12T16:05:43","date_gmt":"2021-05-12T14:05:43","guid":{"rendered":"https:\/\/empow-her.com\/?post_type=product&#038;p=13940"},"modified":"2021-05-12T16:08:50","modified_gmt":"2021-05-12T14:08:50","slug":"brainstorming-les-cles-pour-financer-mon-projet","status":"publish","type":"product","link":"https:\/\/empow-her.com\/en\/produit\/brainstorming-les-cles-pour-financer-mon-projet\/","title":{"rendered":"Brainstorming : Les cl\u00e9s pour financer mon projet"},"content":{"rendered":"","protected":false},"excerpt":{"rendered":"<div>\n<div class=\"p-rich_text_section\">Au cours de ce brainstorming en petit groupe supervis\u00e9 par Anne-Laure Juliot, d\u00e9couvrez la d\u00e9marche et les bonnes pratiques pour construire votre business plan et chercher des financements. L&#8217;occasion pour vous de :<\/div>\n<ul class=\"p-rich_text_list p-rich_text_list__bullet\" data-stringify-type=\"unordered-list\" data-indent=\"0\">\n<li data-stringify-indent=\"0\">vous faire coacher sur les aspects de votre projet li\u00e9s au financement et\/ou au business plan, \u00e9l\u00e9ments indispensables \u00e0 avoir en t\u00eate lorsqu&#8217;on se lance ;<\/li>\n<li data-stringify-indent=\"0\">conna\u00eetre les diff\u00e9rentes sources de financement possibles et identifier les plus pertinentes pour votre projet ;<\/li>\n<li data-stringify-indent=\"0\">vous inspirer des autres porteuses de projet du groupe pour bien comprendre tous les enjeux li\u00e9s \u00e0 ces th\u00e9matiques ;<\/li>\n<li data-stringify-indent=\"0\">b\u00e9n\u00e9ficier pendant 2 heures de l&#8217;expertise th\u00e9orique et pratique d&#8217;une pro de la finance dans un cadre bienveillant et d&#8217;entraide.<\/li>\n<\/ul>\n<\/div>\n<p>&nbsp;<\/p>\n<p><b>Par :\u00a0<a href=\"https:\/\/www.bloomroad.fr\/\">Bloomroad<\/a><\/b><\/p>\n<p>&nbsp;<\/p>\n<p><span data-sheets-value=\"{&quot;1&quot;:2,&quot;2&quot;:&quot;Alexandre Sourzac-Lami est co-fondateur de Comit, une structure sp\u00e9cialis\u00e9e qui con\u00e7oit et adapte des outils et m\u00e9thodes pour donner aux entrepreneur.e.s la capacit\u00e9 de d\u00e9velopper des mod\u00e8les \u00e9conomiques p\u00e9rennes.&quot;}\" data-sheets-userformat=\"{&quot;2&quot;:1055743,&quot;3&quot;:{&quot;1&quot;:0},&quot;4&quot;:{&quot;1&quot;:2,&quot;2&quot;:16777215},&quot;5&quot;:{&quot;1&quot;:[{&quot;1&quot;:2,&quot;2&quot;:0,&quot;5&quot;:{&quot;1&quot;:2,&quot;2&quot;:0}},{&quot;1&quot;:0,&quot;2&quot;:0,&quot;3&quot;:3},{&quot;1&quot;:1,&quot;2&quot;:0,&quot;4&quot;:1}]},&quot;6&quot;:{&quot;1&quot;:[{&quot;1&quot;:2,&quot;2&quot;:0,&quot;5&quot;:{&quot;1&quot;:2,&quot;2&quot;:0}},{&quot;1&quot;:0,&quot;2&quot;:0,&quot;3&quot;:3},{&quot;1&quot;:1,&quot;2&quot;:0,&quot;4&quot;:1}]},&quot;7&quot;:{&quot;1&quot;:[{&quot;1&quot;:2,&quot;2&quot;:0,&quot;5&quot;:{&quot;1&quot;:2,&quot;2&quot;:0}},{&quot;1&quot;:0,&quot;2&quot;:0,&quot;3&quot;:3},{&quot;1&quot;:1,&quot;2&quot;:0,&quot;4&quot;:1}]},&quot;8&quot;:{&quot;1&quot;:[{&quot;1&quot;:2,&quot;2&quot;:0,&quot;5&quot;:{&quot;1&quot;:2,&quot;2&quot;:0}},{&quot;1&quot;:0,&quot;2&quot;:0,&quot;3&quot;:3},{&quot;1&quot;:1,&quot;2&quot;:0,&quot;4&quot;:1}]},&quot;9&quot;:0,&quot;10&quot;:1,&quot;11&quot;:4,&quot;12&quot;:0,&quot;14&quot;:{&quot;1&quot;:2,&quot;2&quot;:0},&quot;15&quot;:&quot;Calibri&quot;,&quot;23&quot;:1}\" data-sheets-textstyleruns=\"{&quot;1&quot;:0}\uee10{&quot;1&quot;:43,&quot;2&quot;:{&quot;2&quot;:{&quot;1&quot;:2,&quot;2&quot;:1136076},&quot;9&quot;:1}}\uee10{&quot;1&quot;:48}\" data-sheets-hyperlinkruns=\"{&quot;1&quot;:43,&quot;2&quot;:&quot;https:\/\/www.comit.berlin\/&quot;}\uee10{&quot;1&quot;:48}\"><strong>Intervenant.e.s :<\/strong><\/span><span data-sheets-value=\"{&quot;1&quot;:2,&quot;2&quot;:&quot;Alexandre Sourzac-Lami est co-fondateur de Comit, une structure sp\u00e9cialis\u00e9e qui con\u00e7oit et adapte des outils et m\u00e9thodes pour donner aux entrepreneur.e.s la capacit\u00e9 de d\u00e9velopper des mod\u00e8les \u00e9conomiques p\u00e9rennes.&quot;}\" data-sheets-userformat=\"{&quot;2&quot;:1055743,&quot;3&quot;:{&quot;1&quot;:0},&quot;4&quot;:{&quot;1&quot;:2,&quot;2&quot;:16777215},&quot;5&quot;:{&quot;1&quot;:[{&quot;1&quot;:2,&quot;2&quot;:0,&quot;5&quot;:{&quot;1&quot;:2,&quot;2&quot;:0}},{&quot;1&quot;:0,&quot;2&quot;:0,&quot;3&quot;:3},{&quot;1&quot;:1,&quot;2&quot;:0,&quot;4&quot;:1}]},&quot;6&quot;:{&quot;1&quot;:[{&quot;1&quot;:2,&quot;2&quot;:0,&quot;5&quot;:{&quot;1&quot;:2,&quot;2&quot;:0}},{&quot;1&quot;:0,&quot;2&quot;:0,&quot;3&quot;:3},{&quot;1&quot;:1,&quot;2&quot;:0,&quot;4&quot;:1}]},&quot;7&quot;:{&quot;1&quot;:[{&quot;1&quot;:2,&quot;2&quot;:0,&quot;5&quot;:{&quot;1&quot;:2,&quot;2&quot;:0}},{&quot;1&quot;:0,&quot;2&quot;:0,&quot;3&quot;:3},{&quot;1&quot;:1,&quot;2&quot;:0,&quot;4&quot;:1}]},&quot;8&quot;:{&quot;1&quot;:[{&quot;1&quot;:2,&quot;2&quot;:0,&quot;5&quot;:{&quot;1&quot;:2,&quot;2&quot;:0}},{&quot;1&quot;:0,&quot;2&quot;:0,&quot;3&quot;:3},{&quot;1&quot;:1,&quot;2&quot;:0,&quot;4&quot;:1}]},&quot;9&quot;:0,&quot;10&quot;:1,&quot;11&quot;:4,&quot;12&quot;:0,&quot;14&quot;:{&quot;1&quot;:2,&quot;2&quot;:0},&quot;15&quot;:&quot;Calibri&quot;,&quot;23&quot;:1}\" data-sheets-textstyleruns=\"{&quot;1&quot;:0}\uee10{&quot;1&quot;:43,&quot;2&quot;:{&quot;2&quot;:{&quot;1&quot;:2,&quot;2&quot;:1136076},&quot;9&quot;:1}}\uee10{&quot;1&quot;:48}\" data-sheets-hyperlinkruns=\"{&quot;1&quot;:43,&quot;2&quot;:&quot;https:\/\/www.comit.berlin\/&quot;}\uee10{&quot;1&quot;:48}\">\u00a0Anne-Laure Juliot<\/span><\/p>\n<p><span data-sheets-value=\"{&quot;1&quot;:2,&quot;2&quot;:&quot;Alexandre Sourzac-Lami est co-fondateur de Comit, une structure sp\u00e9cialis\u00e9e qui con\u00e7oit et adapte des outils et m\u00e9thodes pour donner aux entrepreneur.e.s la capacit\u00e9 de d\u00e9velopper des mod\u00e8les \u00e9conomiques p\u00e9rennes.&quot;}\" data-sheets-userformat=\"{&quot;2&quot;:1055743,&quot;3&quot;:{&quot;1&quot;:0},&quot;4&quot;:{&quot;1&quot;:2,&quot;2&quot;:16777215},&quot;5&quot;:{&quot;1&quot;:[{&quot;1&quot;:2,&quot;2&quot;:0,&quot;5&quot;:{&quot;1&quot;:2,&quot;2&quot;:0}},{&quot;1&quot;:0,&quot;2&quot;:0,&quot;3&quot;:3},{&quot;1&quot;:1,&quot;2&quot;:0,&quot;4&quot;:1}]},&quot;6&quot;:{&quot;1&quot;:[{&quot;1&quot;:2,&quot;2&quot;:0,&quot;5&quot;:{&quot;1&quot;:2,&quot;2&quot;:0}},{&quot;1&quot;:0,&quot;2&quot;:0,&quot;3&quot;:3},{&quot;1&quot;:1,&quot;2&quot;:0,&quot;4&quot;:1}]},&quot;7&quot;:{&quot;1&quot;:[{&quot;1&quot;:2,&quot;2&quot;:0,&quot;5&quot;:{&quot;1&quot;:2,&quot;2&quot;:0}},{&quot;1&quot;:0,&quot;2&quot;:0,&quot;3&quot;:3},{&quot;1&quot;:1,&quot;2&quot;:0,&quot;4&quot;:1}]},&quot;8&quot;:{&quot;1&quot;:[{&quot;1&quot;:2,&quot;2&quot;:0,&quot;5&quot;:{&quot;1&quot;:2,&quot;2&quot;:0}},{&quot;1&quot;:0,&quot;2&quot;:0,&quot;3&quot;:3},{&quot;1&quot;:1,&quot;2&quot;:0,&quot;4&quot;:1}]},&quot;9&quot;:0,&quot;10&quot;:1,&quot;11&quot;:4,&quot;12&quot;:0,&quot;14&quot;:{&quot;1&quot;:2,&quot;2&quot;:0},&quot;15&quot;:&quot;Calibri&quot;,&quot;23&quot;:1}\" data-sheets-textstyleruns=\"{&quot;1&quot;:0}\uee10{&quot;1&quot;:43,&quot;2&quot;:{&quot;2&quot;:{&quot;1&quot;:2,&quot;2&quot;:1136076},&quot;9&quot;:1}}\uee10{&quot;1&quot;:48}\" data-sheets-hyperlinkruns=\"{&quot;1&quot;:43,&quot;2&quot;:&quot;https:\/\/www.comit.berlin\/&quot;}\uee10{&quot;1&quot;:48}\">Anne-Laure a co-fond\u00e9 <a class=\"in-cell-link\" href=\"https:\/\/www.bloomroad.fr\/\" target=\"_blank\" rel=\"noopener noreferrer\">Bloomroad<\/a>, une structure d\u00e9di\u00e9e \u00e0 l\u2019accompagnement financier des petites et moyennes entreprises.\u00a0<\/span><\/p>\n<p>&nbsp;<\/p>\n<p><strong>Son objectif ?<\/strong> Vous aider \u00e0 trouver les leviers et les m\u00e9thodes qui vous permettront de cr\u00e9er une entreprise p\u00e9renne et rentable.<\/p>\n<p><strong>Dur\u00e9e<\/strong> : 2 heures<\/p>\n","protected":false},"featured_media":0,"template":"","format":"standard","meta":{"_acf_changed":false,"om_disable_all_campaigns":false,"_uf_show_specific_survey":0,"_uf_disable_surveys":false},"product_brand":[],"product_cat":[118],"product_tag":[],"lieu":[125],"thematiques":[],"class_list":{"0":"post-13940","1":"product","2":"type-product","3":"status-publish","4":"format-standard","6":"product_cat-atelier-collectif","7":"lieu-en-ligne","9":"first","10":"instock","11":"virtual","12":"purchasable","13":"product-type-appointment"},"exclude_global_add_ons":[],"addons":[],"acf":[],"yoast_head":"<!-- This site is optimized with the Yoast SEO plugin v24.8 - https:\/\/yoast.com\/wordpress\/plugins\/seo\/ -->\n<title>Brainstorming : Les cl\u00e9s pour financer mon projet - Empow&#039;Her<\/title>\n<meta name=\"robots\" content=\"index, follow, max-snippet:-1, max-image-preview:large, max-video-preview:-1\" \/>\n<link rel=\"canonical\" href=\"https:\/\/empow-her.com\/es\/produit\/brainstorming-les-cles-pour-financer-mon-projet\/\" \/>\n<meta property=\"og:locale\" content=\"en_US\" \/>\n<meta property=\"og:type\" content=\"article\" \/>\n<meta property=\"og:title\" content=\"Brainstorming : Les cl\u00e9s pour financer mon projet - Empow&#039;Her\" \/>\n<meta property=\"og:description\" content=\"Au cours de ce brainstorming en petit groupe supervis\u00e9 par Anne-Laure Juliot, d\u00e9couvrez la d\u00e9marche et les bonnes pratiques pour construire votre business plan et chercher des financements. L&#039;occasion pour vous de :   vous faire coacher sur les aspects de votre projet li\u00e9s au financement et\/ou au business plan, \u00e9l\u00e9ments indispensables \u00e0 avoir en t\u00eate lorsqu&#039;on se lance ;  conna\u00eetre les diff\u00e9rentes sources de financement possibles et identifier les plus pertinentes pour votre projet ;  vous inspirer des autres porteuses de projet du groupe pour bien comprendre tous les enjeux li\u00e9s \u00e0 ces th\u00e9matiques ;  b\u00e9n\u00e9ficier pendant 2 heures de l&#039;expertise th\u00e9orique et pratique d&#039;une pro de la finance dans un cadre bienveillant et d&#039;entraide.   &nbsp;  Par :\u00a0Bloomroad  &nbsp;  Intervenant.e.s :\u00a0Anne-Laure Juliot  Anne-Laure a co-fond\u00e9 Bloomroad, une structure d\u00e9di\u00e9e \u00e0 l\u2019accompagnement financier des petites et moyennes entreprises.\u00a0  &nbsp;  Son objectif ? Vous aider \u00e0 trouver les leviers et les m\u00e9thodes qui vous permettront de cr\u00e9er une entreprise p\u00e9renne et rentable.  Dur\u00e9e : 2 heures\" \/>\n<meta property=\"og:url\" content=\"https:\/\/empow-her.com\/es\/produit\/brainstorming-les-cles-pour-financer-mon-projet\/\" \/>\n<meta property=\"og:site_name\" content=\"Empow&#039;Her\" \/>\n<meta property=\"article:modified_time\" content=\"2021-05-12T14:08:50+00:00\" \/>\n<meta name=\"twitter:card\" content=\"summary_large_image\" \/>\n<script type=\"application\/ld+json\" class=\"yoast-schema-graph\">{\"@context\":\"https:\/\/schema.org\",\"@graph\":[{\"@type\":\"WebPage\",\"@id\":\"https:\/\/empow-her.com\/es\/produit\/brainstorming-les-cles-pour-financer-mon-projet\/\",\"url\":\"https:\/\/empow-her.com\/es\/produit\/brainstorming-les-cles-pour-financer-mon-projet\/\",\"name\":\"Brainstorming : Les cl\u00e9s pour financer mon projet - Empow&#039;Her\",\"isPartOf\":{\"@id\":\"https:\/\/empow-her.com\/#website\"},\"datePublished\":\"2021-05-12T14:05:43+00:00\",\"dateModified\":\"2021-05-12T14:08:50+00:00\",\"breadcrumb\":{\"@id\":\"https:\/\/empow-her.com\/es\/produit\/brainstorming-les-cles-pour-financer-mon-projet\/#breadcrumb\"},\"inLanguage\":\"en-US\",\"potentialAction\":[{\"@type\":\"ReadAction\",\"target\":[\"https:\/\/empow-her.com\/es\/produit\/brainstorming-les-cles-pour-financer-mon-projet\/\"]}]},{\"@type\":\"BreadcrumbList\",\"@id\":\"https:\/\/empow-her.com\/es\/produit\/brainstorming-les-cles-pour-financer-mon-projet\/#breadcrumb\",\"itemListElement\":[{\"@type\":\"ListItem\",\"position\":1,\"name\":\"Accueil\",\"item\":\"https:\/\/empow-her.com\/en\/landing-page\/\"},{\"@type\":\"ListItem\",\"position\":2,\"name\":\"LA BOUTIQUE\",\"item\":\"https:\/\/empow-her.com\/boutique\/\"},{\"@type\":\"ListItem\",\"position\":3,\"name\":\"Brainstorming : Les cl\u00e9s pour financer mon projet\"}]},{\"@type\":\"WebSite\",\"@id\":\"https:\/\/empow-her.com\/#website\",\"url\":\"https:\/\/empow-her.com\/\",\"name\":\"Empow&#039;Her\",\"description\":\"Women Development\",\"potentialAction\":[{\"@type\":\"SearchAction\",\"target\":{\"@type\":\"EntryPoint\",\"urlTemplate\":\"https:\/\/empow-her.com\/?s={search_term_string}\"},\"query-input\":{\"@type\":\"PropertyValueSpecification\",\"valueRequired\":true,\"valueName\":\"search_term_string\"}}],\"inLanguage\":\"en-US\"}]}<\/script>\n<!-- \/ Yoast SEO plugin. -->","yoast_head_json":{"title":"Brainstorming : Les cl\u00e9s pour financer mon projet - Empow&#039;Her","robots":{"index":"index","follow":"follow","max-snippet":"max-snippet:-1","max-image-preview":"max-image-preview:large","max-video-preview":"max-video-preview:-1"},"canonical":"https:\/\/empow-her.com\/es\/produit\/brainstorming-les-cles-pour-financer-mon-projet\/","og_locale":"en_US","og_type":"article","og_title":"Brainstorming : Les cl\u00e9s pour financer mon projet - Empow&#039;Her","og_description":"Au cours de ce brainstorming en petit groupe supervis\u00e9 par Anne-Laure Juliot, d\u00e9couvrez la d\u00e9marche et les bonnes pratiques pour construire votre business plan et chercher des financements. L'occasion pour vous de :   vous faire coacher sur les aspects de votre projet li\u00e9s au financement et\/ou au business plan, \u00e9l\u00e9ments indispensables \u00e0 avoir en t\u00eate lorsqu'on se lance ;  conna\u00eetre les diff\u00e9rentes sources de financement possibles et identifier les plus pertinentes pour votre projet ;  vous inspirer des autres porteuses de projet du groupe pour bien comprendre tous les enjeux li\u00e9s \u00e0 ces th\u00e9matiques ;  b\u00e9n\u00e9ficier pendant 2 heures de l'expertise th\u00e9orique et pratique d'une pro de la finance dans un cadre bienveillant et d'entraide.   &nbsp;  Par :\u00a0Bloomroad  &nbsp;  Intervenant.e.s :\u00a0Anne-Laure Juliot  Anne-Laure a co-fond\u00e9 Bloomroad, une structure d\u00e9di\u00e9e \u00e0 l\u2019accompagnement financier des petites et moyennes entreprises.\u00a0  &nbsp;  Son objectif ? Vous aider \u00e0 trouver les leviers et les m\u00e9thodes qui vous permettront de cr\u00e9er une entreprise p\u00e9renne et rentable.  Dur\u00e9e : 2 heures","og_url":"https:\/\/empow-her.com\/es\/produit\/brainstorming-les-cles-pour-financer-mon-projet\/","og_site_name":"Empow&#039;Her","article_modified_time":"2021-05-12T14:08:50+00:00","twitter_card":"summary_large_image","schema":{"@context":"https:\/\/schema.org","@graph":[{"@type":"WebPage","@id":"https:\/\/empow-her.com\/es\/produit\/brainstorming-les-cles-pour-financer-mon-projet\/","url":"https:\/\/empow-her.com\/es\/produit\/brainstorming-les-cles-pour-financer-mon-projet\/","name":"Brainstorming : Les cl\u00e9s pour financer mon projet - Empow&#039;Her","isPartOf":{"@id":"https:\/\/empow-her.com\/#website"},"datePublished":"2021-05-12T14:05:43+00:00","dateModified":"2021-05-12T14:08:50+00:00","breadcrumb":{"@id":"https:\/\/empow-her.com\/es\/produit\/brainstorming-les-cles-pour-financer-mon-projet\/#breadcrumb"},"inLanguage":"en-US","potentialAction":[{"@type":"ReadAction","target":["https:\/\/empow-her.com\/es\/produit\/brainstorming-les-cles-pour-financer-mon-projet\/"]}]},{"@type":"BreadcrumbList","@id":"https:\/\/empow-her.com\/es\/produit\/brainstorming-les-cles-pour-financer-mon-projet\/#breadcrumb","itemListElement":[{"@type":"ListItem","position":1,"name":"Accueil","item":"https:\/\/empow-her.com\/en\/landing-page\/"},{"@type":"ListItem","position":2,"name":"LA BOUTIQUE","item":"https:\/\/empow-her.com\/boutique\/"},{"@type":"ListItem","position":3,"name":"Brainstorming : Les cl\u00e9s pour financer mon projet"}]},{"@type":"WebSite","@id":"https:\/\/empow-her.com\/#website","url":"https:\/\/empow-her.com\/","name":"Empow&#039;Her","description":"Women Development","potentialAction":[{"@type":"SearchAction","target":{"@type":"EntryPoint","urlTemplate":"https:\/\/empow-her.com\/?s={search_term_string}"},"query-input":{"@type":"PropertyValueSpecification","valueRequired":true,"valueName":"search_term_string"}}],"inLanguage":"en-US"}]}},"_links":{"self":[{"href":"https:\/\/empow-her.com\/en\/wp-json\/wp\/v2\/product\/13940","targetHints":{"allow":["GET"]}}],"collection":[{"href":"https:\/\/empow-her.com\/en\/wp-json\/wp\/v2\/product"}],"about":[{"href":"https:\/\/empow-her.com\/en\/wp-json\/wp\/v2\/types\/product"}],"wp:attachment":[{"href":"https:\/\/empow-her.com\/en\/wp-json\/wp\/v2\/media?parent=13940"}],"wp:term":[{"taxonomy":"product_brand","embeddable":true,"href":"https:\/\/empow-her.com\/en\/wp-json\/wp\/v2\/product_brand?post=13940"},{"taxonomy":"product_cat","embeddable":true,"href":"https:\/\/empow-her.com\/en\/wp-json\/wp\/v2\/product_cat?post=13940"},{"taxonomy":"product_tag","embeddable":true,"href":"https:\/\/empow-her.com\/en\/wp-json\/wp\/v2\/product_tag?post=13940"},{"taxonomy":"lieu","embeddable":true,"href":"https:\/\/empow-her.com\/en\/wp-json\/wp\/v2\/lieu?post=13940"},{"taxonomy":"thematiques","embeddable":true,"href":"https:\/\/empow-her.com\/en\/wp-json\/wp\/v2\/thematiques?post=13940"}],"curies":[{"name":"wp","href":"https:\/\/api.w.org\/{rel}","templated":true}]}}