{"id":137895,"date":"2023-02-03T15:43:48","date_gmt":"2023-02-03T14:43:48","guid":{"rendered":"https:\/\/empow-her.com\/?post_type=product&#038;p=137895"},"modified":"2023-02-09T17:56:22","modified_gmt":"2023-02-09T16:56:22","slug":"webinaire-de-sensibilisation-au-benevolat","status":"publish","type":"product","link":"https:\/\/empow-her.com\/en\/produit\/webinaire-de-sensibilisation-au-benevolat\/","title":{"rendered":"Webinaire d&#8217;information sur le b\u00e9n\u00e9volat"},"content":{"rendered":"<p><span style=\"font-weight: 400;\">&#x1f51d;Participe \u00e0 l\u2019impact !<\/span><\/p>\n<p><span style=\"font-weight: 400;\">&#x1faf6;Tu partages nos valeurs d\u2019\u00e9galit\u00e9, d\u2019audace, de sororit\u00e9 et tu as envie de rejoindre un mouvement qui agit en faveur d\u2019un monde entrepreneurial plus inclusif ?<\/span><\/p>\n<p><span style=\"font-weight: 400;\">Chez Empow\u2019Her, on te propose de sensibiliser et former les femmes \u00e0 la d\u00e9couverte de l\u2019entrepreneuriat, afin de les aider \u00e0 r\u00e9aliser leurs r\u00eaves et contribuer \u00e0 l\u2019\u00e9mergence de centaines de projets port\u00e9s par des femmes chaque ann\u00e9e, en Ile-de-France !<\/span><\/p>\n<p><span style=\"font-weight: 400;\">&#x1faf5;Viens d\u00e9couvrir nos missions d\u2019engagement lors de la r\u00e9union d\u2019information Lundi 20 f\u00e9vrier de 18h \u00e0 19 heures, en ligne !\u00a0<\/span><\/p>\n<p><span style=\"font-weight: 400;\">Inscris toi et rejoins nous !! <\/span><\/p>\n","protected":false},"excerpt":{"rendered":"<p><span style=\"font-weight: 400;\">&#x1f51d;Participe \u00e0 l\u2019impact !<\/span><\/p>\n<p><span style=\"font-weight: 400;\">&#x1faf6;Tu partages nos valeurs d\u2019\u00e9galit\u00e9, d\u2019audace, de sororit\u00e9 et tu as envie de rejoindre un mouvement qui agit en faveur d\u2019un monde entrepreneurial plus inclusif ?<\/span><\/p>\n<p><span style=\"font-weight: 400;\">Chez Empow\u2019Her, on te propose de sensibiliser et former les femmes \u00e0 la d\u00e9couverte de l\u2019entrepreneuriat, afin de les aider \u00e0 r\u00e9aliser leurs r\u00eaves et contribuer \u00e0 l\u2019\u00e9mergence de centaines de projets port\u00e9s par des femmes chaque ann\u00e9e, en Ile-de-France !<\/span><\/p>\n<p><span style=\"font-weight: 400;\">&#x1faf5;Viens d\u00e9couvrir nos missions d\u2019engagement lors de la r\u00e9union d\u2019information Lundi 20 f\u00e9vrier de 18h \u00e0 19 heures, en ligne !\u00a0<\/span><\/p>\n<p><span style=\"font-weight: 400;\">Inscris toi et rejoins nous !! <\/span><\/p>\n","protected":false},"featured_media":137896,"template":"","format":"standard","meta":{"_acf_changed":false,"om_disable_all_campaigns":false,"_uf_show_specific_survey":0,"_uf_disable_surveys":false},"product_brand":[],"product_cat":[119],"product_tag":[],"lieu":[125],"thematiques":[],"class_list":{"0":"post-137895","1":"product","2":"type-product","3":"status-publish","4":"format-standard","5":"has-post-thumbnail","7":"product_cat-evenement-sisther","8":"lieu-en-ligne","10":"first","11":"instock","12":"virtual","13":"purchasable","14":"product-type-appointment"},"exclude_global_add_ons":[],"addons":[],"acf":[],"yoast_head":"<!-- This site is optimized with the Yoast SEO plugin v24.8 - https:\/\/yoast.com\/wordpress\/plugins\/seo\/ -->\n<title>W\u00e9binaire de sensibilisation au b\u00e9n\u00e9volat<\/title>\n<meta name=\"description\" content=\"Tu partages nos valeurs d\u2019\u00e9galit\u00e9, d\u2019audace, de sororit\u00e9 ? Viens d\u00e9couvrir nos missions d\u2019engagement lors du w\u00e9binaire de lundi 20 f\u00e9vrier de 18H \u00e0 19H ! \u00a0\" \/>\n<meta name=\"robots\" content=\"index, follow, max-snippet:-1, max-image-preview:large, max-video-preview:-1\" \/>\n<link rel=\"canonical\" href=\"https:\/\/empow-her.com\/produit\/webinaire-de-sensibilisation-au-benevolat\/\" \/>\n<meta property=\"og:locale\" content=\"en_US\" \/>\n<meta property=\"og:type\" content=\"article\" \/>\n<meta property=\"og:title\" content=\"W\u00e9binaire de sensibilisation au b\u00e9n\u00e9volat\" \/>\n<meta property=\"og:description\" content=\"Tu partages nos valeurs d\u2019\u00e9galit\u00e9, d\u2019audace, de sororit\u00e9 ? Viens d\u00e9couvrir nos missions d\u2019engagement lors du w\u00e9binaire de lundi 20 f\u00e9vrier de 18H \u00e0 19H ! \u00a0\" \/>\n<meta property=\"og:url\" content=\"https:\/\/empow-her.com\/produit\/webinaire-de-sensibilisation-au-benevolat\/\" \/>\n<meta property=\"og:site_name\" content=\"Empow&#039;Her\" \/>\n<meta property=\"article:modified_time\" content=\"2023-02-09T16:56:22+00:00\" \/>\n<meta property=\"og:image\" content=\"https:\/\/empow-her.com\/wp-content\/uploads\/2023\/02\/Women-Dare-templates-events-1.jpg\" \/>\n\t<meta property=\"og:image:width\" content=\"1080\" \/>\n\t<meta property=\"og:image:height\" content=\"1080\" \/>\n\t<meta property=\"og:image:type\" content=\"image\/jpeg\" \/>\n<meta name=\"twitter:card\" content=\"summary_large_image\" \/>\n<meta name=\"twitter:label1\" content=\"Est. reading time\" \/>\n\t<meta name=\"twitter:data1\" content=\"1 minute\" \/>\n<script type=\"application\/ld+json\" class=\"yoast-schema-graph\">{\"@context\":\"https:\/\/schema.org\",\"@graph\":[{\"@type\":\"WebPage\",\"@id\":\"https:\/\/empow-her.com\/produit\/webinaire-de-sensibilisation-au-benevolat\/\",\"url\":\"https:\/\/empow-her.com\/produit\/webinaire-de-sensibilisation-au-benevolat\/\",\"name\":\"W\u00e9binaire de sensibilisation au b\u00e9n\u00e9volat\",\"isPartOf\":{\"@id\":\"https:\/\/empow-her.com\/#website\"},\"primaryImageOfPage\":{\"@id\":\"https:\/\/empow-her.com\/produit\/webinaire-de-sensibilisation-au-benevolat\/#primaryimage\"},\"image\":{\"@id\":\"https:\/\/empow-her.com\/produit\/webinaire-de-sensibilisation-au-benevolat\/#primaryimage\"},\"thumbnailUrl\":\"https:\/\/empow-her.com\/wp-content\/uploads\/2023\/02\/Women-Dare-templates-events-1.jpg\",\"datePublished\":\"2023-02-03T14:43:48+00:00\",\"dateModified\":\"2023-02-09T16:56:22+00:00\",\"description\":\"Tu partages nos valeurs d\u2019\u00e9galit\u00e9, d\u2019audace, de sororit\u00e9 ? Viens d\u00e9couvrir nos missions d\u2019engagement lors du w\u00e9binaire de lundi 20 f\u00e9vrier de 18H \u00e0 19H ! \u00a0\",\"breadcrumb\":{\"@id\":\"https:\/\/empow-her.com\/produit\/webinaire-de-sensibilisation-au-benevolat\/#breadcrumb\"},\"inLanguage\":\"en-US\",\"potentialAction\":[{\"@type\":\"ReadAction\",\"target\":[\"https:\/\/empow-her.com\/produit\/webinaire-de-sensibilisation-au-benevolat\/\"]}]},{\"@type\":\"ImageObject\",\"inLanguage\":\"en-US\",\"@id\":\"https:\/\/empow-her.com\/produit\/webinaire-de-sensibilisation-au-benevolat\/#primaryimage\",\"url\":\"https:\/\/empow-her.com\/wp-content\/uploads\/2023\/02\/Women-Dare-templates-events-1.jpg\",\"contentUrl\":\"https:\/\/empow-her.com\/wp-content\/uploads\/2023\/02\/Women-Dare-templates-events-1.jpg\",\"width\":1080,\"height\":1080},{\"@type\":\"BreadcrumbList\",\"@id\":\"https:\/\/empow-her.com\/produit\/webinaire-de-sensibilisation-au-benevolat\/#breadcrumb\",\"itemListElement\":[{\"@type\":\"ListItem\",\"position\":1,\"name\":\"Accueil\",\"item\":\"https:\/\/empow-her.com\/en\/landing-page\/\"},{\"@type\":\"ListItem\",\"position\":2,\"name\":\"LA BOUTIQUE\",\"item\":\"https:\/\/empow-her.com\/boutique\/\"},{\"@type\":\"ListItem\",\"position\":3,\"name\":\"Webinaire d&#8217;information sur le b\u00e9n\u00e9volat\"}]},{\"@type\":\"WebSite\",\"@id\":\"https:\/\/empow-her.com\/#website\",\"url\":\"https:\/\/empow-her.com\/\",\"name\":\"Empow&#039;Her\",\"description\":\"Women Development\",\"potentialAction\":[{\"@type\":\"SearchAction\",\"target\":{\"@type\":\"EntryPoint\",\"urlTemplate\":\"https:\/\/empow-her.com\/?s={search_term_string}\"},\"query-input\":{\"@type\":\"PropertyValueSpecification\",\"valueRequired\":true,\"valueName\":\"search_term_string\"}}],\"inLanguage\":\"en-US\"}]}<\/script>\n<!-- \/ Yoast SEO plugin. -->","yoast_head_json":{"title":"W\u00e9binaire de sensibilisation au b\u00e9n\u00e9volat","description":"Tu partages nos valeurs d\u2019\u00e9galit\u00e9, d\u2019audace, de sororit\u00e9 ? Viens d\u00e9couvrir nos missions d\u2019engagement lors du w\u00e9binaire de lundi 20 f\u00e9vrier de 18H \u00e0 19H ! \u00a0","robots":{"index":"index","follow":"follow","max-snippet":"max-snippet:-1","max-image-preview":"max-image-preview:large","max-video-preview":"max-video-preview:-1"},"canonical":"https:\/\/empow-her.com\/produit\/webinaire-de-sensibilisation-au-benevolat\/","og_locale":"en_US","og_type":"article","og_title":"W\u00e9binaire de sensibilisation au b\u00e9n\u00e9volat","og_description":"Tu partages nos valeurs d\u2019\u00e9galit\u00e9, d\u2019audace, de sororit\u00e9 ? Viens d\u00e9couvrir nos missions d\u2019engagement lors du w\u00e9binaire de lundi 20 f\u00e9vrier de 18H \u00e0 19H ! \u00a0","og_url":"https:\/\/empow-her.com\/produit\/webinaire-de-sensibilisation-au-benevolat\/","og_site_name":"Empow&#039;Her","article_modified_time":"2023-02-09T16:56:22+00:00","og_image":[{"width":1080,"height":1080,"url":"https:\/\/empow-her.com\/wp-content\/uploads\/2023\/02\/Women-Dare-templates-events-1.jpg","type":"image\/jpeg"}],"twitter_card":"summary_large_image","twitter_misc":{"Est. reading time":"1 minute"},"schema":{"@context":"https:\/\/schema.org","@graph":[{"@type":"WebPage","@id":"https:\/\/empow-her.com\/produit\/webinaire-de-sensibilisation-au-benevolat\/","url":"https:\/\/empow-her.com\/produit\/webinaire-de-sensibilisation-au-benevolat\/","name":"W\u00e9binaire de sensibilisation au b\u00e9n\u00e9volat","isPartOf":{"@id":"https:\/\/empow-her.com\/#website"},"primaryImageOfPage":{"@id":"https:\/\/empow-her.com\/produit\/webinaire-de-sensibilisation-au-benevolat\/#primaryimage"},"image":{"@id":"https:\/\/empow-her.com\/produit\/webinaire-de-sensibilisation-au-benevolat\/#primaryimage"},"thumbnailUrl":"https:\/\/empow-her.com\/wp-content\/uploads\/2023\/02\/Women-Dare-templates-events-1.jpg","datePublished":"2023-02-03T14:43:48+00:00","dateModified":"2023-02-09T16:56:22+00:00","description":"Tu partages nos valeurs d\u2019\u00e9galit\u00e9, d\u2019audace, de sororit\u00e9 ? Viens d\u00e9couvrir nos missions d\u2019engagement lors du w\u00e9binaire de lundi 20 f\u00e9vrier de 18H \u00e0 19H ! \u00a0","breadcrumb":{"@id":"https:\/\/empow-her.com\/produit\/webinaire-de-sensibilisation-au-benevolat\/#breadcrumb"},"inLanguage":"en-US","potentialAction":[{"@type":"ReadAction","target":["https:\/\/empow-her.com\/produit\/webinaire-de-sensibilisation-au-benevolat\/"]}]},{"@type":"ImageObject","inLanguage":"en-US","@id":"https:\/\/empow-her.com\/produit\/webinaire-de-sensibilisation-au-benevolat\/#primaryimage","url":"https:\/\/empow-her.com\/wp-content\/uploads\/2023\/02\/Women-Dare-templates-events-1.jpg","contentUrl":"https:\/\/empow-her.com\/wp-content\/uploads\/2023\/02\/Women-Dare-templates-events-1.jpg","width":1080,"height":1080},{"@type":"BreadcrumbList","@id":"https:\/\/empow-her.com\/produit\/webinaire-de-sensibilisation-au-benevolat\/#breadcrumb","itemListElement":[{"@type":"ListItem","position":1,"name":"Accueil","item":"https:\/\/empow-her.com\/en\/landing-page\/"},{"@type":"ListItem","position":2,"name":"LA BOUTIQUE","item":"https:\/\/empow-her.com\/boutique\/"},{"@type":"ListItem","position":3,"name":"Webinaire d&#8217;information sur le b\u00e9n\u00e9volat"}]},{"@type":"WebSite","@id":"https:\/\/empow-her.com\/#website","url":"https:\/\/empow-her.com\/","name":"Empow&#039;Her","description":"Women Development","potentialAction":[{"@type":"SearchAction","target":{"@type":"EntryPoint","urlTemplate":"https:\/\/empow-her.com\/?s={search_term_string}"},"query-input":{"@type":"PropertyValueSpecification","valueRequired":true,"valueName":"search_term_string"}}],"inLanguage":"en-US"}]}},"_links":{"self":[{"href":"https:\/\/empow-her.com\/en\/wp-json\/wp\/v2\/product\/137895","targetHints":{"allow":["GET"]}}],"collection":[{"href":"https:\/\/empow-her.com\/en\/wp-json\/wp\/v2\/product"}],"about":[{"href":"https:\/\/empow-her.com\/en\/wp-json\/wp\/v2\/types\/product"}],"wp:featuredmedia":[{"embeddable":true,"href":"https:\/\/empow-her.com\/en\/wp-json\/wp\/v2\/media\/137896"}],"wp:attachment":[{"href":"https:\/\/empow-her.com\/en\/wp-json\/wp\/v2\/media?parent=137895"}],"wp:term":[{"taxonomy":"product_brand","embeddable":true,"href":"https:\/\/empow-her.com\/en\/wp-json\/wp\/v2\/product_brand?post=137895"},{"taxonomy":"product_cat","embeddable":true,"href":"https:\/\/empow-her.com\/en\/wp-json\/wp\/v2\/product_cat?post=137895"},{"taxonomy":"product_tag","embeddable":true,"href":"https:\/\/empow-her.com\/en\/wp-json\/wp\/v2\/product_tag?post=137895"},{"taxonomy":"lieu","embeddable":true,"href":"https:\/\/empow-her.com\/en\/wp-json\/wp\/v2\/lieu?post=137895"},{"taxonomy":"thematiques","embeddable":true,"href":"https:\/\/empow-her.com\/en\/wp-json\/wp\/v2\/thematiques?post=137895"}],"curies":[{"name":"wp","href":"https:\/\/api.w.org\/{rel}","templated":true}]}}