{"id":13760,"date":"2021-05-06T09:36:12","date_gmt":"2021-05-06T07:36:12","guid":{"rendered":"https:\/\/empow-her.com\/?post_type=product&#038;p=13760"},"modified":"2021-06-17T10:17:04","modified_gmt":"2021-06-17T08:17:04","slug":"atelier-maitriser-sa-gestion-des-reseaux-sociaux","status":"publish","type":"product","link":"https:\/\/empow-her.com\/en\/produit\/atelier-maitriser-sa-gestion-des-reseaux-sociaux\/","title":{"rendered":"Atelier &#8211; Ma\u00eetriser sa gestion des r\u00e9seaux sociaux"},"content":{"rendered":"","protected":false},"excerpt":{"rendered":"<div>\n<p>Pourquoi communiquer sur les r\u00e9seaux sociaux ? Comment concevoir une strat\u00e9gie de communication efficace en digital ? En revenant sur\u00a0 les sp\u00e9cificit\u00e9s des diff\u00e9rents r\u00e9seaux et sur des exemples de r\u00e9ussites de communication sur les r\u00e9seaux sociaux, Ambre et Benjamin, expert\u00b7es\u00a0 KPMG, vous donnent les cl\u00e9s pour une gestion r\u00e9ussie de ses r\u00e9seaux sociaux !<\/p>\n<\/div>\n<p><b>Par : <a href=\"https:\/\/home.kpmg\/fr\/fr\/home.html\">KPMG<\/a><\/b><\/p>\n<p><span data-sheets-value=\"{&quot;1&quot;:2,&quot;2&quot;:&quot;Alexandre Sourzac-Lami est co-fondateur de Comit, une structure sp\u00e9cialis\u00e9e qui con\u00e7oit et adapte des outils et m\u00e9thodes pour donner aux entrepreneur.e.s la capacit\u00e9 de d\u00e9velopper des mod\u00e8les \u00e9conomiques p\u00e9rennes.&quot;}\" data-sheets-userformat=\"{&quot;2&quot;:1055743,&quot;3&quot;:{&quot;1&quot;:0},&quot;4&quot;:{&quot;1&quot;:2,&quot;2&quot;:16777215},&quot;5&quot;:{&quot;1&quot;:[{&quot;1&quot;:2,&quot;2&quot;:0,&quot;5&quot;:{&quot;1&quot;:2,&quot;2&quot;:0}},{&quot;1&quot;:0,&quot;2&quot;:0,&quot;3&quot;:3},{&quot;1&quot;:1,&quot;2&quot;:0,&quot;4&quot;:1}]},&quot;6&quot;:{&quot;1&quot;:[{&quot;1&quot;:2,&quot;2&quot;:0,&quot;5&quot;:{&quot;1&quot;:2,&quot;2&quot;:0}},{&quot;1&quot;:0,&quot;2&quot;:0,&quot;3&quot;:3},{&quot;1&quot;:1,&quot;2&quot;:0,&quot;4&quot;:1}]},&quot;7&quot;:{&quot;1&quot;:[{&quot;1&quot;:2,&quot;2&quot;:0,&quot;5&quot;:{&quot;1&quot;:2,&quot;2&quot;:0}},{&quot;1&quot;:0,&quot;2&quot;:0,&quot;3&quot;:3},{&quot;1&quot;:1,&quot;2&quot;:0,&quot;4&quot;:1}]},&quot;8&quot;:{&quot;1&quot;:[{&quot;1&quot;:2,&quot;2&quot;:0,&quot;5&quot;:{&quot;1&quot;:2,&quot;2&quot;:0}},{&quot;1&quot;:0,&quot;2&quot;:0,&quot;3&quot;:3},{&quot;1&quot;:1,&quot;2&quot;:0,&quot;4&quot;:1}]},&quot;9&quot;:0,&quot;10&quot;:1,&quot;11&quot;:4,&quot;12&quot;:0,&quot;14&quot;:{&quot;1&quot;:2,&quot;2&quot;:0},&quot;15&quot;:&quot;Calibri&quot;,&quot;23&quot;:1}\" data-sheets-textstyleruns=\"{&quot;1&quot;:0}\uee10{&quot;1&quot;:43,&quot;2&quot;:{&quot;2&quot;:{&quot;1&quot;:2,&quot;2&quot;:1136076},&quot;9&quot;:1}}\uee10{&quot;1&quot;:48}\" data-sheets-hyperlinkruns=\"{&quot;1&quot;:43,&quot;2&quot;:&quot;https:\/\/www.comit.berlin\/&quot;}\uee10{&quot;1&quot;:48}\"><strong>Intervenant\u00b7e\u00b7s : <\/strong><\/span>Ambre et Benjamin sont tous deux membres du service \u00ab Digital customer &amp; Engagement \u00bb chez KPMG.\u00a0<u><\/u><u><\/u>Ambre est Community Manager et Benjamin travaille en tant que Social Media Manager.<\/p>\n<p><strong>Si vous souhaitez vous inscrire, nous vous invitons \u00e0 remplir <a href=\"https:\/\/airtable.com\/shrB2pIxGVjNuvqo9\">ce tr\u00e8s court questionnaire<\/a> qui permettra aux intervenant\u00b7e\u00b7s de pr\u00e9parer au mieux cette formation afin qu&#8217;elle corresponde au maximum \u00e0 vos attentes !<\/strong><\/p>\n<p>&nbsp;<\/p>\n<p>Ce projet est co-financ\u00e9 par le Fonds Social Europ\u00e9en.<\/p>\n<p><img decoding=\"async\" class=\"\" src=\"https:\/\/www.sep-asso.fr\/wp-content\/uploads\/2018\/02\/logo-union-europeenne.png\" alt=\"logo union europeenne \u2013 SEP\" width=\"87\" height=\"72\" \/>\u00a0 <img decoding=\"async\" class=\"\" src=\"https:\/\/lh3.googleusercontent.com\/proxy\/xuhgn8hMI-YMmPQrdkspfBRVih47Atvzu2VCDUEW4HwTNW0-uKX0ajv09_XNKoV0QQ7ut_4hs-w3TqoV7gKnDZEeZ1JCAj3smoADPOBEyQ_UwMAnSaRf5rxO3g6avS1RTPTDDFxMaU_a7E0fj43rlmA\" alt=\"logoth\u00e8que fonds europ\u00e9ens structurels et d&amp;#39;investissement | FSE\" width=\"114\" height=\"71\" \/>\u00a0<img decoding=\"async\" class=\"\" src=\"https:\/\/franceactive-idf.org\/wp-content\/uploads\/2020\/02\/logo-region-ile-de-france.png\" alt=\"Logo Region Ile De France - France Active \u00cele-de-France\" width=\"126\" height=\"29\" \/><\/p>\n","protected":false},"featured_media":0,"template":"","format":"standard","meta":{"_acf_changed":false,"om_disable_all_campaigns":false,"_uf_show_specific_survey":0,"_uf_disable_surveys":false},"product_brand":[],"product_cat":[118],"product_tag":[],"lieu":[125],"thematiques":[],"class_list":{"0":"post-13760","1":"product","2":"type-product","3":"status-publish","4":"format-standard","6":"product_cat-atelier-collectif","7":"lieu-en-ligne","9":"first","10":"instock","11":"virtual","12":"purchasable","13":"product-type-appointment"},"exclude_global_add_ons":[],"addons":[],"acf":[],"yoast_head":"<!-- This site is optimized with the Yoast SEO plugin v24.8 - https:\/\/yoast.com\/wordpress\/plugins\/seo\/ -->\n<title>Atelier - Ma\u00eetriser sa gestion des r\u00e9seaux sociaux - Empow&#039;Her<\/title>\n<meta name=\"robots\" content=\"index, follow, max-snippet:-1, max-image-preview:large, max-video-preview:-1\" \/>\n<link rel=\"canonical\" href=\"https:\/\/empow-her.com\/es\/produit\/atelier-maitriser-sa-gestion-des-reseaux-sociaux\/\" \/>\n<meta property=\"og:locale\" content=\"en_US\" \/>\n<meta property=\"og:type\" content=\"article\" \/>\n<meta property=\"og:title\" content=\"Atelier - Ma\u00eetriser sa gestion des r\u00e9seaux sociaux - Empow&#039;Her\" \/>\n<meta property=\"og:description\" content=\"Pourquoi communiquer sur les r\u00e9seaux sociaux ? Comment concevoir une strat\u00e9gie de communication efficace en digital ? En revenant sur\u00a0 les sp\u00e9cificit\u00e9s des diff\u00e9rents r\u00e9seaux et sur des exemples de r\u00e9ussites de communication sur les r\u00e9seaux sociaux, Ambre et Benjamin, expert\u00b7es\u00a0 KPMG, vous donnent les cl\u00e9s pour une gestion r\u00e9ussie de ses r\u00e9seaux sociaux !   Par : KPMG  Intervenant\u00b7e\u00b7s : Ambre et Benjamin sont tous deux membres du service \u00ab Digital customer &amp; Engagement \u00bb chez KPMG.\u00a0Ambre est Community Manager et Benjamin travaille en tant que Social Media Manager.  Si vous souhaitez vous inscrire, nous vous invitons \u00e0 remplir ce tr\u00e8s court questionnaire qui permettra aux intervenant\u00b7e\u00b7s de pr\u00e9parer au mieux cette formation afin qu&#039;elle corresponde au maximum \u00e0 vos attentes !  &nbsp;  Ce projet est co-financ\u00e9 par le Fonds Social Europ\u00e9en.  \u00a0 \u00a0\" \/>\n<meta property=\"og:url\" content=\"https:\/\/empow-her.com\/es\/produit\/atelier-maitriser-sa-gestion-des-reseaux-sociaux\/\" \/>\n<meta property=\"og:site_name\" content=\"Empow&#039;Her\" \/>\n<meta property=\"article:modified_time\" content=\"2021-06-17T08:17:04+00:00\" \/>\n<meta name=\"twitter:card\" content=\"summary_large_image\" \/>\n<script type=\"application\/ld+json\" class=\"yoast-schema-graph\">{\"@context\":\"https:\/\/schema.org\",\"@graph\":[{\"@type\":\"WebPage\",\"@id\":\"https:\/\/empow-her.com\/es\/produit\/atelier-maitriser-sa-gestion-des-reseaux-sociaux\/\",\"url\":\"https:\/\/empow-her.com\/es\/produit\/atelier-maitriser-sa-gestion-des-reseaux-sociaux\/\",\"name\":\"Atelier - Ma\u00eetriser sa gestion des r\u00e9seaux sociaux - Empow&#039;Her\",\"isPartOf\":{\"@id\":\"https:\/\/empow-her.com\/#website\"},\"datePublished\":\"2021-05-06T07:36:12+00:00\",\"dateModified\":\"2021-06-17T08:17:04+00:00\",\"breadcrumb\":{\"@id\":\"https:\/\/empow-her.com\/es\/produit\/atelier-maitriser-sa-gestion-des-reseaux-sociaux\/#breadcrumb\"},\"inLanguage\":\"en-US\",\"potentialAction\":[{\"@type\":\"ReadAction\",\"target\":[\"https:\/\/empow-her.com\/es\/produit\/atelier-maitriser-sa-gestion-des-reseaux-sociaux\/\"]}]},{\"@type\":\"BreadcrumbList\",\"@id\":\"https:\/\/empow-her.com\/es\/produit\/atelier-maitriser-sa-gestion-des-reseaux-sociaux\/#breadcrumb\",\"itemListElement\":[{\"@type\":\"ListItem\",\"position\":1,\"name\":\"Accueil\",\"item\":\"https:\/\/empow-her.com\/en\/landing-page\/\"},{\"@type\":\"ListItem\",\"position\":2,\"name\":\"LA BOUTIQUE\",\"item\":\"https:\/\/empow-her.com\/boutique\/\"},{\"@type\":\"ListItem\",\"position\":3,\"name\":\"Atelier &#8211; Ma\u00eetriser sa gestion des r\u00e9seaux sociaux\"}]},{\"@type\":\"WebSite\",\"@id\":\"https:\/\/empow-her.com\/#website\",\"url\":\"https:\/\/empow-her.com\/\",\"name\":\"Empow&#039;Her\",\"description\":\"Women Development\",\"potentialAction\":[{\"@type\":\"SearchAction\",\"target\":{\"@type\":\"EntryPoint\",\"urlTemplate\":\"https:\/\/empow-her.com\/?s={search_term_string}\"},\"query-input\":{\"@type\":\"PropertyValueSpecification\",\"valueRequired\":true,\"valueName\":\"search_term_string\"}}],\"inLanguage\":\"en-US\"}]}<\/script>\n<!-- \/ Yoast SEO plugin. -->","yoast_head_json":{"title":"Atelier - Ma\u00eetriser sa gestion des r\u00e9seaux sociaux - Empow&#039;Her","robots":{"index":"index","follow":"follow","max-snippet":"max-snippet:-1","max-image-preview":"max-image-preview:large","max-video-preview":"max-video-preview:-1"},"canonical":"https:\/\/empow-her.com\/es\/produit\/atelier-maitriser-sa-gestion-des-reseaux-sociaux\/","og_locale":"en_US","og_type":"article","og_title":"Atelier - Ma\u00eetriser sa gestion des r\u00e9seaux sociaux - Empow&#039;Her","og_description":"Pourquoi communiquer sur les r\u00e9seaux sociaux ? Comment concevoir une strat\u00e9gie de communication efficace en digital ? En revenant sur\u00a0 les sp\u00e9cificit\u00e9s des diff\u00e9rents r\u00e9seaux et sur des exemples de r\u00e9ussites de communication sur les r\u00e9seaux sociaux, Ambre et Benjamin, expert\u00b7es\u00a0 KPMG, vous donnent les cl\u00e9s pour une gestion r\u00e9ussie de ses r\u00e9seaux sociaux !   Par : KPMG  Intervenant\u00b7e\u00b7s : Ambre et Benjamin sont tous deux membres du service \u00ab Digital customer &amp; Engagement \u00bb chez KPMG.\u00a0Ambre est Community Manager et Benjamin travaille en tant que Social Media Manager.  Si vous souhaitez vous inscrire, nous vous invitons \u00e0 remplir ce tr\u00e8s court questionnaire qui permettra aux intervenant\u00b7e\u00b7s de pr\u00e9parer au mieux cette formation afin qu'elle corresponde au maximum \u00e0 vos attentes !  &nbsp;  Ce projet est co-financ\u00e9 par le Fonds Social Europ\u00e9en.  \u00a0 \u00a0","og_url":"https:\/\/empow-her.com\/es\/produit\/atelier-maitriser-sa-gestion-des-reseaux-sociaux\/","og_site_name":"Empow&#039;Her","article_modified_time":"2021-06-17T08:17:04+00:00","twitter_card":"summary_large_image","schema":{"@context":"https:\/\/schema.org","@graph":[{"@type":"WebPage","@id":"https:\/\/empow-her.com\/es\/produit\/atelier-maitriser-sa-gestion-des-reseaux-sociaux\/","url":"https:\/\/empow-her.com\/es\/produit\/atelier-maitriser-sa-gestion-des-reseaux-sociaux\/","name":"Atelier - Ma\u00eetriser sa gestion des r\u00e9seaux sociaux - Empow&#039;Her","isPartOf":{"@id":"https:\/\/empow-her.com\/#website"},"datePublished":"2021-05-06T07:36:12+00:00","dateModified":"2021-06-17T08:17:04+00:00","breadcrumb":{"@id":"https:\/\/empow-her.com\/es\/produit\/atelier-maitriser-sa-gestion-des-reseaux-sociaux\/#breadcrumb"},"inLanguage":"en-US","potentialAction":[{"@type":"ReadAction","target":["https:\/\/empow-her.com\/es\/produit\/atelier-maitriser-sa-gestion-des-reseaux-sociaux\/"]}]},{"@type":"BreadcrumbList","@id":"https:\/\/empow-her.com\/es\/produit\/atelier-maitriser-sa-gestion-des-reseaux-sociaux\/#breadcrumb","itemListElement":[{"@type":"ListItem","position":1,"name":"Accueil","item":"https:\/\/empow-her.com\/en\/landing-page\/"},{"@type":"ListItem","position":2,"name":"LA BOUTIQUE","item":"https:\/\/empow-her.com\/boutique\/"},{"@type":"ListItem","position":3,"name":"Atelier &#8211; Ma\u00eetriser sa gestion des r\u00e9seaux sociaux"}]},{"@type":"WebSite","@id":"https:\/\/empow-her.com\/#website","url":"https:\/\/empow-her.com\/","name":"Empow&#039;Her","description":"Women Development","potentialAction":[{"@type":"SearchAction","target":{"@type":"EntryPoint","urlTemplate":"https:\/\/empow-her.com\/?s={search_term_string}"},"query-input":{"@type":"PropertyValueSpecification","valueRequired":true,"valueName":"search_term_string"}}],"inLanguage":"en-US"}]}},"_links":{"self":[{"href":"https:\/\/empow-her.com\/en\/wp-json\/wp\/v2\/product\/13760","targetHints":{"allow":["GET"]}}],"collection":[{"href":"https:\/\/empow-her.com\/en\/wp-json\/wp\/v2\/product"}],"about":[{"href":"https:\/\/empow-her.com\/en\/wp-json\/wp\/v2\/types\/product"}],"wp:attachment":[{"href":"https:\/\/empow-her.com\/en\/wp-json\/wp\/v2\/media?parent=13760"}],"wp:term":[{"taxonomy":"product_brand","embeddable":true,"href":"https:\/\/empow-her.com\/en\/wp-json\/wp\/v2\/product_brand?post=13760"},{"taxonomy":"product_cat","embeddable":true,"href":"https:\/\/empow-her.com\/en\/wp-json\/wp\/v2\/product_cat?post=13760"},{"taxonomy":"product_tag","embeddable":true,"href":"https:\/\/empow-her.com\/en\/wp-json\/wp\/v2\/product_tag?post=13760"},{"taxonomy":"lieu","embeddable":true,"href":"https:\/\/empow-her.com\/en\/wp-json\/wp\/v2\/lieu?post=13760"},{"taxonomy":"thematiques","embeddable":true,"href":"https:\/\/empow-her.com\/en\/wp-json\/wp\/v2\/thematiques?post=13760"}],"curies":[{"name":"wp","href":"https:\/\/api.w.org\/{rel}","templated":true}]}}