{"id":136988,"date":"2023-01-30T12:25:36","date_gmt":"2023-01-30T11:25:36","guid":{"rendered":"https:\/\/empow-her.com\/?post_type=product&#038;p=136988"},"modified":"2023-01-30T12:32:00","modified_gmt":"2023-01-30T11:32:00","slug":"atelier-realiser-son-business-plan-en-1-journee","status":"publish","type":"product","link":"https:\/\/empow-her.com\/en\/produit\/atelier-realiser-son-business-plan-en-1-journee\/","title":{"rendered":"Atelier &#8211; R\u00e9aliser son Business Plan en 1 journ\u00e9e"},"content":{"rendered":"","protected":false},"excerpt":{"rendered":"<div><\/div>\n<p><strong>Besoin : <\/strong>Je voudrais savoir si mon activit\u00e9 peut \u00eatre rentable, et quand elle peut l&#8217;\u00eatre ! J&#8217;aimerai \u00e9galement savoir combien je pourrai me payer avec cette activit\u00e9. Enfin j&#8217;aimerai aussi pouvoir envoy\u00e9 un tableau clair quand les banques et diff\u00e9rents financeurs me demandent un budget pr\u00e9visionnel ou un Business Plan.<\/p>\n<p><strong>Description<\/strong> : Qu&#8217;est-ce que le Business Plan, comment le r\u00e9diger et quels seront vos points cl\u00e9s de conviction ? Un business plan est un outil pour convaincre vos partenaires, investisseurs, ou votre banquier, mais c&#8217;est aussi un outil de clarification qui vous permettra de clarifier vos id\u00e9es et de les structurer de mani\u00e8re claire et pr\u00e9cise !<\/p>\n<p>Lors de cet atelier collectif, l&#8217;objectif sera de vous initier aux diff\u00e9rentes sections du business plan et \u00e0 la logique des pr\u00e9visions financi\u00e8res, et d&#8217;apprendre \u00e0 poser des hypoth\u00e8ses cr\u00e9dibles afin de construire un projet coh\u00e9rent et viable !<\/p>\n<p><strong>Pr\u00e9-requis<\/strong> : Aucun<\/p>\n<p><strong>Intervenant.e<\/strong> : Jeremy Kadosche de Finetic<\/p>\n<p>Je m&#8217;appelle Jeremy et je fais partie de l&#8217;\u00e9quipe Finetic o\u00f9 nous intervenons aupr\u00e8s d&#8217;entrepreuneur.e.s \u00e0 impact dans les domaines de l&#8217;accompagnement \u00e0 lev\u00e9e de fonds, la direction financi\u00e8re de start-up ainsi que la formation et ateliers collectifs sur les sujets financiers. J&#8217;ai travaill\u00e9 en tant que consultant pour des grands groupes ainsi que professeur ces 10 derni\u00e8res ann\u00e9es, en France et \u00e0 l&#8217;\u00e9tranger. Les tableaux pleins de chiffres n&#8217;ont pas de secrets pour moi !<\/p>\n<p><strong> Son super pouvoir<\/strong> : Une vue d&#8217;ensemble &#8220;analytique&#8221; des choses<\/p>\n<p><strong>Son petit mot<\/strong> : Bravo pour cette premi\u00e8re d\u00e9marche vers l&#8217;entreprenariat. Nous allons faire tout notre possible pour vous accompagner vers votre r\u00eave et partager notre exp\u00e9rience avec vous !<\/p>\n<p><strong> Dur\u00e9e<\/strong> : Une journ\u00e9e compl\u00e8te et intensive avec un atelier le matin et des conseils individualis\u00e9s l&#8217;apr\u00e8s-midi, en pr\u00e9sentiel chez Sist&#8217;Her Paris<\/p>\n","protected":false},"featured_media":136991,"template":"","format":"standard","meta":{"_acf_changed":false,"om_disable_all_campaigns":false,"_uf_show_specific_survey":0,"_uf_disable_surveys":false},"product_brand":[],"product_cat":[118],"product_tag":[],"lieu":[127],"thematiques":[],"class_list":{"0":"post-136988","1":"product","2":"type-product","3":"status-publish","4":"format-standard","5":"has-post-thumbnail","7":"product_cat-atelier-collectif","8":"lieu-hub-empowher","10":"first","11":"instock","12":"virtual","13":"purchasable","14":"product-type-appointment"},"exclude_global_add_ons":[],"addons":[],"acf":[],"yoast_head":"<!-- This site is optimized with the Yoast SEO plugin v24.8 - https:\/\/yoast.com\/wordpress\/plugins\/seo\/ -->\n<title>Atelier - R\u00e9aliser son Business Plan en 1 journ\u00e9e - Empow&#039;Her<\/title>\n<meta name=\"robots\" content=\"index, follow, max-snippet:-1, max-image-preview:large, max-video-preview:-1\" \/>\n<link rel=\"canonical\" href=\"https:\/\/empow-her.com\/produit\/atelier-realiser-son-business-plan-en-1-journee\/\" \/>\n<meta property=\"og:locale\" content=\"en_US\" \/>\n<meta property=\"og:type\" content=\"article\" \/>\n<meta property=\"og:title\" content=\"Atelier - R\u00e9aliser son Business Plan en 1 journ\u00e9e - Empow&#039;Her\" \/>\n<meta property=\"og:description\" content=\"Besoin : Je voudrais savoir si mon activit\u00e9 peut \u00eatre rentable, et quand elle peut l&#039;\u00eatre ! J&#039;aimerai \u00e9galement savoir combien je pourrai me payer avec cette activit\u00e9. Enfin j&#039;aimerai aussi pouvoir envoy\u00e9 un tableau clair quand les banques et diff\u00e9rents financeurs me demandent un budget pr\u00e9visionnel ou un Business Plan.  Description : Qu&#039;est-ce que le Business Plan, comment le r\u00e9diger et quels seront vos points cl\u00e9s de conviction ? Un business plan est un outil pour convaincre vos partenaires, investisseurs, ou votre banquier, mais c&#039;est aussi un outil de clarification qui vous permettra de clarifier vos id\u00e9es et de les structurer de mani\u00e8re claire et pr\u00e9cise !  Lors de cet atelier collectif, l&#039;objectif sera de vous initier aux diff\u00e9rentes sections du business plan et \u00e0 la logique des pr\u00e9visions financi\u00e8res, et d&#039;apprendre \u00e0 poser des hypoth\u00e8ses cr\u00e9dibles afin de construire un projet coh\u00e9rent et viable !  Pr\u00e9-requis : Aucun  Intervenant.e : Jeremy Kadosche de Finetic  Je m&#039;appelle Jeremy et je fais partie de l&#039;\u00e9quipe Finetic o\u00f9 nous intervenons aupr\u00e8s d&#039;entrepreuneur.e.s \u00e0 impact dans les domaines de l&#039;accompagnement \u00e0 lev\u00e9e de fonds, la direction financi\u00e8re de start-up ainsi que la formation et ateliers collectifs sur les sujets financiers. J&#039;ai travaill\u00e9 en tant que consultant pour des grands groupes ainsi que professeur ces 10 derni\u00e8res ann\u00e9es, en France et \u00e0 l&#039;\u00e9tranger. Les tableaux pleins de chiffres n&#039;ont pas de secrets pour moi !   Son super pouvoir : Une vue d&#039;ensemble &quot;analytique&quot; des choses  Son petit mot : Bravo pour cette premi\u00e8re d\u00e9marche vers l&#039;entreprenariat. Nous allons faire tout notre possible pour vous accompagner vers votre r\u00eave et partager notre exp\u00e9rience avec vous !   Dur\u00e9e : Une journ\u00e9e compl\u00e8te et intensive avec un atelier le matin et des conseils individualis\u00e9s l&#039;apr\u00e8s-midi, en pr\u00e9sentiel chez Sist&#039;Her Paris\" \/>\n<meta property=\"og:url\" content=\"https:\/\/empow-her.com\/produit\/atelier-realiser-son-business-plan-en-1-journee\/\" \/>\n<meta property=\"og:site_name\" content=\"Empow&#039;Her\" \/>\n<meta property=\"article:modified_time\" content=\"2023-01-30T11:32:00+00:00\" \/>\n<meta property=\"og:image\" content=\"https:\/\/empow-her.com\/wp-content\/uploads\/2023\/01\/Women-Dare-templates-events-48.png\" \/>\n\t<meta property=\"og:image:width\" content=\"1080\" \/>\n\t<meta property=\"og:image:height\" content=\"1080\" \/>\n\t<meta property=\"og:image:type\" content=\"image\/png\" \/>\n<meta name=\"twitter:card\" content=\"summary_large_image\" \/>\n<script type=\"application\/ld+json\" class=\"yoast-schema-graph\">{\"@context\":\"https:\/\/schema.org\",\"@graph\":[{\"@type\":\"WebPage\",\"@id\":\"https:\/\/empow-her.com\/produit\/atelier-realiser-son-business-plan-en-1-journee\/\",\"url\":\"https:\/\/empow-her.com\/produit\/atelier-realiser-son-business-plan-en-1-journee\/\",\"name\":\"Atelier - R\u00e9aliser son Business Plan en 1 journ\u00e9e - Empow&#039;Her\",\"isPartOf\":{\"@id\":\"https:\/\/empow-her.com\/#website\"},\"primaryImageOfPage\":{\"@id\":\"https:\/\/empow-her.com\/produit\/atelier-realiser-son-business-plan-en-1-journee\/#primaryimage\"},\"image\":{\"@id\":\"https:\/\/empow-her.com\/produit\/atelier-realiser-son-business-plan-en-1-journee\/#primaryimage\"},\"thumbnailUrl\":\"https:\/\/empow-her.com\/wp-content\/uploads\/2023\/01\/Women-Dare-templates-events-48.png\",\"datePublished\":\"2023-01-30T11:25:36+00:00\",\"dateModified\":\"2023-01-30T11:32:00+00:00\",\"breadcrumb\":{\"@id\":\"https:\/\/empow-her.com\/produit\/atelier-realiser-son-business-plan-en-1-journee\/#breadcrumb\"},\"inLanguage\":\"en-US\",\"potentialAction\":[{\"@type\":\"ReadAction\",\"target\":[\"https:\/\/empow-her.com\/produit\/atelier-realiser-son-business-plan-en-1-journee\/\"]}]},{\"@type\":\"ImageObject\",\"inLanguage\":\"en-US\",\"@id\":\"https:\/\/empow-her.com\/produit\/atelier-realiser-son-business-plan-en-1-journee\/#primaryimage\",\"url\":\"https:\/\/empow-her.com\/wp-content\/uploads\/2023\/01\/Women-Dare-templates-events-48.png\",\"contentUrl\":\"https:\/\/empow-her.com\/wp-content\/uploads\/2023\/01\/Women-Dare-templates-events-48.png\",\"width\":1080,\"height\":1080},{\"@type\":\"BreadcrumbList\",\"@id\":\"https:\/\/empow-her.com\/produit\/atelier-realiser-son-business-plan-en-1-journee\/#breadcrumb\",\"itemListElement\":[{\"@type\":\"ListItem\",\"position\":1,\"name\":\"Accueil\",\"item\":\"https:\/\/empow-her.com\/en\/landing-page\/\"},{\"@type\":\"ListItem\",\"position\":2,\"name\":\"LA BOUTIQUE\",\"item\":\"https:\/\/empow-her.com\/boutique\/\"},{\"@type\":\"ListItem\",\"position\":3,\"name\":\"Atelier &#8211; R\u00e9aliser son Business Plan en 1 journ\u00e9e\"}]},{\"@type\":\"WebSite\",\"@id\":\"https:\/\/empow-her.com\/#website\",\"url\":\"https:\/\/empow-her.com\/\",\"name\":\"Empow&#039;Her\",\"description\":\"Women Development\",\"potentialAction\":[{\"@type\":\"SearchAction\",\"target\":{\"@type\":\"EntryPoint\",\"urlTemplate\":\"https:\/\/empow-her.com\/?s={search_term_string}\"},\"query-input\":{\"@type\":\"PropertyValueSpecification\",\"valueRequired\":true,\"valueName\":\"search_term_string\"}}],\"inLanguage\":\"en-US\"}]}<\/script>\n<!-- \/ Yoast SEO plugin. -->","yoast_head_json":{"title":"Atelier - R\u00e9aliser son Business Plan en 1 journ\u00e9e - Empow&#039;Her","robots":{"index":"index","follow":"follow","max-snippet":"max-snippet:-1","max-image-preview":"max-image-preview:large","max-video-preview":"max-video-preview:-1"},"canonical":"https:\/\/empow-her.com\/produit\/atelier-realiser-son-business-plan-en-1-journee\/","og_locale":"en_US","og_type":"article","og_title":"Atelier - R\u00e9aliser son Business Plan en 1 journ\u00e9e - Empow&#039;Her","og_description":"Besoin : Je voudrais savoir si mon activit\u00e9 peut \u00eatre rentable, et quand elle peut l'\u00eatre ! J'aimerai \u00e9galement savoir combien je pourrai me payer avec cette activit\u00e9. Enfin j'aimerai aussi pouvoir envoy\u00e9 un tableau clair quand les banques et diff\u00e9rents financeurs me demandent un budget pr\u00e9visionnel ou un Business Plan.  Description : Qu'est-ce que le Business Plan, comment le r\u00e9diger et quels seront vos points cl\u00e9s de conviction ? Un business plan est un outil pour convaincre vos partenaires, investisseurs, ou votre banquier, mais c'est aussi un outil de clarification qui vous permettra de clarifier vos id\u00e9es et de les structurer de mani\u00e8re claire et pr\u00e9cise !  Lors de cet atelier collectif, l'objectif sera de vous initier aux diff\u00e9rentes sections du business plan et \u00e0 la logique des pr\u00e9visions financi\u00e8res, et d'apprendre \u00e0 poser des hypoth\u00e8ses cr\u00e9dibles afin de construire un projet coh\u00e9rent et viable !  Pr\u00e9-requis : Aucun  Intervenant.e : Jeremy Kadosche de Finetic  Je m'appelle Jeremy et je fais partie de l'\u00e9quipe Finetic o\u00f9 nous intervenons aupr\u00e8s d'entrepreuneur.e.s \u00e0 impact dans les domaines de l'accompagnement \u00e0 lev\u00e9e de fonds, la direction financi\u00e8re de start-up ainsi que la formation et ateliers collectifs sur les sujets financiers. J'ai travaill\u00e9 en tant que consultant pour des grands groupes ainsi que professeur ces 10 derni\u00e8res ann\u00e9es, en France et \u00e0 l'\u00e9tranger. Les tableaux pleins de chiffres n'ont pas de secrets pour moi !   Son super pouvoir : Une vue d'ensemble \"analytique\" des choses  Son petit mot : Bravo pour cette premi\u00e8re d\u00e9marche vers l'entreprenariat. Nous allons faire tout notre possible pour vous accompagner vers votre r\u00eave et partager notre exp\u00e9rience avec vous !   Dur\u00e9e : Une journ\u00e9e compl\u00e8te et intensive avec un atelier le matin et des conseils individualis\u00e9s l'apr\u00e8s-midi, en pr\u00e9sentiel chez Sist'Her Paris","og_url":"https:\/\/empow-her.com\/produit\/atelier-realiser-son-business-plan-en-1-journee\/","og_site_name":"Empow&#039;Her","article_modified_time":"2023-01-30T11:32:00+00:00","og_image":[{"width":1080,"height":1080,"url":"https:\/\/empow-her.com\/wp-content\/uploads\/2023\/01\/Women-Dare-templates-events-48.png","type":"image\/png"}],"twitter_card":"summary_large_image","schema":{"@context":"https:\/\/schema.org","@graph":[{"@type":"WebPage","@id":"https:\/\/empow-her.com\/produit\/atelier-realiser-son-business-plan-en-1-journee\/","url":"https:\/\/empow-her.com\/produit\/atelier-realiser-son-business-plan-en-1-journee\/","name":"Atelier - R\u00e9aliser son Business Plan en 1 journ\u00e9e - Empow&#039;Her","isPartOf":{"@id":"https:\/\/empow-her.com\/#website"},"primaryImageOfPage":{"@id":"https:\/\/empow-her.com\/produit\/atelier-realiser-son-business-plan-en-1-journee\/#primaryimage"},"image":{"@id":"https:\/\/empow-her.com\/produit\/atelier-realiser-son-business-plan-en-1-journee\/#primaryimage"},"thumbnailUrl":"https:\/\/empow-her.com\/wp-content\/uploads\/2023\/01\/Women-Dare-templates-events-48.png","datePublished":"2023-01-30T11:25:36+00:00","dateModified":"2023-01-30T11:32:00+00:00","breadcrumb":{"@id":"https:\/\/empow-her.com\/produit\/atelier-realiser-son-business-plan-en-1-journee\/#breadcrumb"},"inLanguage":"en-US","potentialAction":[{"@type":"ReadAction","target":["https:\/\/empow-her.com\/produit\/atelier-realiser-son-business-plan-en-1-journee\/"]}]},{"@type":"ImageObject","inLanguage":"en-US","@id":"https:\/\/empow-her.com\/produit\/atelier-realiser-son-business-plan-en-1-journee\/#primaryimage","url":"https:\/\/empow-her.com\/wp-content\/uploads\/2023\/01\/Women-Dare-templates-events-48.png","contentUrl":"https:\/\/empow-her.com\/wp-content\/uploads\/2023\/01\/Women-Dare-templates-events-48.png","width":1080,"height":1080},{"@type":"BreadcrumbList","@id":"https:\/\/empow-her.com\/produit\/atelier-realiser-son-business-plan-en-1-journee\/#breadcrumb","itemListElement":[{"@type":"ListItem","position":1,"name":"Accueil","item":"https:\/\/empow-her.com\/en\/landing-page\/"},{"@type":"ListItem","position":2,"name":"LA BOUTIQUE","item":"https:\/\/empow-her.com\/boutique\/"},{"@type":"ListItem","position":3,"name":"Atelier &#8211; R\u00e9aliser son Business Plan en 1 journ\u00e9e"}]},{"@type":"WebSite","@id":"https:\/\/empow-her.com\/#website","url":"https:\/\/empow-her.com\/","name":"Empow&#039;Her","description":"Women Development","potentialAction":[{"@type":"SearchAction","target":{"@type":"EntryPoint","urlTemplate":"https:\/\/empow-her.com\/?s={search_term_string}"},"query-input":{"@type":"PropertyValueSpecification","valueRequired":true,"valueName":"search_term_string"}}],"inLanguage":"en-US"}]}},"_links":{"self":[{"href":"https:\/\/empow-her.com\/en\/wp-json\/wp\/v2\/product\/136988","targetHints":{"allow":["GET"]}}],"collection":[{"href":"https:\/\/empow-her.com\/en\/wp-json\/wp\/v2\/product"}],"about":[{"href":"https:\/\/empow-her.com\/en\/wp-json\/wp\/v2\/types\/product"}],"wp:featuredmedia":[{"embeddable":true,"href":"https:\/\/empow-her.com\/en\/wp-json\/wp\/v2\/media\/136991"}],"wp:attachment":[{"href":"https:\/\/empow-her.com\/en\/wp-json\/wp\/v2\/media?parent=136988"}],"wp:term":[{"taxonomy":"product_brand","embeddable":true,"href":"https:\/\/empow-her.com\/en\/wp-json\/wp\/v2\/product_brand?post=136988"},{"taxonomy":"product_cat","embeddable":true,"href":"https:\/\/empow-her.com\/en\/wp-json\/wp\/v2\/product_cat?post=136988"},{"taxonomy":"product_tag","embeddable":true,"href":"https:\/\/empow-her.com\/en\/wp-json\/wp\/v2\/product_tag?post=136988"},{"taxonomy":"lieu","embeddable":true,"href":"https:\/\/empow-her.com\/en\/wp-json\/wp\/v2\/lieu?post=136988"},{"taxonomy":"thematiques","embeddable":true,"href":"https:\/\/empow-her.com\/en\/wp-json\/wp\/v2\/thematiques?post=136988"}],"curies":[{"name":"wp","href":"https:\/\/api.w.org\/{rel}","templated":true}]}}