{"id":135215,"date":"2023-01-21T15:35:18","date_gmt":"2023-01-21T14:35:18","guid":{"rendered":"https:\/\/empow-her.com\/?post_type=product&#038;p=135215"},"modified":"2023-02-07T16:54:57","modified_gmt":"2023-02-07T15:54:57","slug":"new-atelier-modelisation-2","status":"publish","type":"product","link":"https:\/\/empow-her.com\/en\/produit\/new-atelier-modelisation-2\/","title":{"rendered":"NEW &#8211; Atelier Mod\u00e9liser, prototyper et tester l&#8217;offre"},"content":{"rendered":"","protected":false},"excerpt":{"rendered":"<p><strong>Description<\/strong> :<\/p>\n<p>Vous avez formul\u00e9 votre vision, \u00e9bauch\u00e9 un premier produit ou service et commenc\u00e9 \u00e0 imaginer votre mod\u00e8le \u00e9conomique ? Vous souhaitez en savoir plus sur la m\u00e9thode agile pour tester et affiner vos hypoth\u00e8ses \u00e9conomiques et op\u00e9rationnelles ? Ou encore tout savoir pour construire un MVP ? Retrouvez Alexandre qui lors de cet atelier, vous donnera les cl\u00e9s et les outils pour r\u00e9pondre \u00e0 ces questions et vous apprendra \u00e0 ma\u00eetriser l\u2019organisation d\u2019une phase de test aupr\u00e8s de vos futurs b\u00e9n\u00e9ficiaires !<\/p>\n<p><strong>Pr\u00e9-requis<\/strong> : Avoir d\u00e9fini sa vision et identifi\u00e9 ses b\u00e9n\u00e9ficiaires et\/ou client\u00b7es. Avoir \u00e9bauch\u00e9 un premier produit ou service<\/p>\n<p><strong>Intervenant.e.s :<\/strong>Alexandre Sourzac-Lami de +1<\/p>\n<p>Apr\u00e8s son double dipl\u00f4me \u00e0 l\u2019Ecole Centrale Paris et l\u2019ESCP Europe, Alexandre a cr\u00e9\u00e9 l\u2019entreprise sociale Fuso et travaill\u00e9 dans le secteur du conseil en France puis en Allemagne. Fondateur de +1, Alexandre habite d\u00e9sormais \u00e0 Bruxelles d\u2019o\u00f9 il accompagne les entrepreneur\u00b7e\u00b7s et dirigeant\u00b7e\u00b7s fran\u00e7ais et belges, notamment dans le secteur de l\u2019ESS, sur leur mod\u00e8le \u00e9conomique<\/p>\n<p><strong>Son super pouvoir<\/strong> : Convertir d&#8217;un claquement de doigts un projet en chiffres&#8230; et r\u00e9ciproquement<\/p>\n<p><strong>Son petit mot<\/strong> : Plus qu&#8217;une id\u00e9e g\u00e9niale, ce qu&#8217;il faut \u00e0 une entrepreneure pour r\u00e9ussir c&#8217;est un mod\u00e8le \u00e9conomique solidaire, c&#8217;est-\u00e0-dire qui inclut toutes les parties prenantes de son \u00e9cosyst\u00e8me dans la cr\u00e9ation de valeur.<\/p>\n<p><strong> Lieu<\/strong> : Sist&#8217;Her Paris, 82 rue du Faubourg Saint-Martin<\/p>\n<p><strong>Attention !<\/strong> Veuillez vous pr\u00e9senter \u00e0 l&#8217;heure pour que l&#8217;activit\u00e9 puisse commencer \u00e0 temps. Si vous avez du retard veuillez pr\u00e9venir l&#8217;intervenant.e. Si vous avez plus de 15 min de retard l&#8217;intervenant.e se r\u00e9serve le droit de ne plus vous accepter pour le coaching ou l&#8217;atelier.<\/p>\n","protected":false},"featured_media":138689,"template":"","format":"standard","meta":{"_acf_changed":false,"om_disable_all_campaigns":false,"_uf_show_specific_survey":0,"_uf_disable_surveys":false},"product_brand":[],"product_cat":[118],"product_tag":[],"lieu":[127],"thematiques":[],"class_list":{"0":"post-135215","1":"product","2":"type-product","3":"status-publish","4":"format-standard","5":"has-post-thumbnail","7":"product_cat-atelier-collectif","8":"lieu-hub-empowher","10":"first","11":"instock","12":"virtual","13":"purchasable","14":"product-type-appointment"},"exclude_global_add_ons":[],"addons":[],"acf":[],"yoast_head":"<!-- This site is optimized with the Yoast SEO plugin v24.8 - https:\/\/yoast.com\/wordpress\/plugins\/seo\/ -->\n<title>NEW - Atelier Mod\u00e9liser, prototyper et tester l&#039;offre - Empow&#039;Her<\/title>\n<meta name=\"robots\" content=\"index, follow, max-snippet:-1, max-image-preview:large, max-video-preview:-1\" \/>\n<link rel=\"canonical\" href=\"https:\/\/empow-her.com\/produit\/new-atelier-modelisation-2\/\" \/>\n<meta property=\"og:locale\" content=\"en_US\" \/>\n<meta property=\"og:type\" content=\"article\" \/>\n<meta property=\"og:title\" content=\"NEW - Atelier Mod\u00e9liser, prototyper et tester l&#039;offre - Empow&#039;Her\" \/>\n<meta property=\"og:description\" content=\"Description :  Vous avez formul\u00e9 votre vision, \u00e9bauch\u00e9 un premier produit ou service et commenc\u00e9 \u00e0 imaginer votre mod\u00e8le \u00e9conomique ? Vous souhaitez en savoir plus sur la m\u00e9thode agile pour tester et affiner vos hypoth\u00e8ses \u00e9conomiques et op\u00e9rationnelles ? Ou encore tout savoir pour construire un MVP ? Retrouvez Alexandre qui lors de cet atelier, vous donnera les cl\u00e9s et les outils pour r\u00e9pondre \u00e0 ces questions et vous apprendra \u00e0 ma\u00eetriser l\u2019organisation d\u2019une phase de test aupr\u00e8s de vos futurs b\u00e9n\u00e9ficiaires !  Pr\u00e9-requis : Avoir d\u00e9fini sa vision et identifi\u00e9 ses b\u00e9n\u00e9ficiaires et\/ou client\u00b7es. Avoir \u00e9bauch\u00e9 un premier produit ou service  Intervenant.e.s :Alexandre Sourzac-Lami de +1  Apr\u00e8s son double dipl\u00f4me \u00e0 l\u2019Ecole Centrale Paris et l\u2019ESCP Europe, Alexandre a cr\u00e9\u00e9 l\u2019entreprise sociale Fuso et travaill\u00e9 dans le secteur du conseil en France puis en Allemagne. Fondateur de +1, Alexandre habite d\u00e9sormais \u00e0 Bruxelles d\u2019o\u00f9 il accompagne les entrepreneur\u00b7e\u00b7s et dirigeant\u00b7e\u00b7s fran\u00e7ais et belges, notamment dans le secteur de l\u2019ESS, sur leur mod\u00e8le \u00e9conomique  Son super pouvoir : Convertir d&#039;un claquement de doigts un projet en chiffres... et r\u00e9ciproquement  Son petit mot : Plus qu&#039;une id\u00e9e g\u00e9niale, ce qu&#039;il faut \u00e0 une entrepreneure pour r\u00e9ussir c&#039;est un mod\u00e8le \u00e9conomique solidaire, c&#039;est-\u00e0-dire qui inclut toutes les parties prenantes de son \u00e9cosyst\u00e8me dans la cr\u00e9ation de valeur.   Lieu : Sist&#039;Her Paris, 82 rue du Faubourg Saint-Martin  Attention ! Veuillez vous pr\u00e9senter \u00e0 l&#039;heure pour que l&#039;activit\u00e9 puisse commencer \u00e0 temps. Si vous avez du retard veuillez pr\u00e9venir l&#039;intervenant.e. Si vous avez plus de 15 min de retard l&#039;intervenant.e se r\u00e9serve le droit de ne plus vous accepter pour le coaching ou l&#039;atelier.\" \/>\n<meta property=\"og:url\" content=\"https:\/\/empow-her.com\/produit\/new-atelier-modelisation-2\/\" \/>\n<meta property=\"og:site_name\" content=\"Empow&#039;Her\" \/>\n<meta property=\"article:modified_time\" content=\"2023-02-07T15:54:57+00:00\" \/>\n<meta property=\"og:image\" content=\"https:\/\/empow-her.com\/wp-content\/uploads\/2023\/01\/Women-Dare-templates-events-75-1.png\" \/>\n\t<meta property=\"og:image:width\" content=\"1080\" \/>\n\t<meta property=\"og:image:height\" content=\"1080\" \/>\n\t<meta property=\"og:image:type\" content=\"image\/png\" \/>\n<meta name=\"twitter:card\" content=\"summary_large_image\" \/>\n<script type=\"application\/ld+json\" class=\"yoast-schema-graph\">{\"@context\":\"https:\/\/schema.org\",\"@graph\":[{\"@type\":\"WebPage\",\"@id\":\"https:\/\/empow-her.com\/produit\/new-atelier-modelisation-2\/\",\"url\":\"https:\/\/empow-her.com\/produit\/new-atelier-modelisation-2\/\",\"name\":\"NEW - Atelier Mod\u00e9liser, prototyper et tester l'offre - Empow&#039;Her\",\"isPartOf\":{\"@id\":\"https:\/\/empow-her.com\/#website\"},\"primaryImageOfPage\":{\"@id\":\"https:\/\/empow-her.com\/produit\/new-atelier-modelisation-2\/#primaryimage\"},\"image\":{\"@id\":\"https:\/\/empow-her.com\/produit\/new-atelier-modelisation-2\/#primaryimage\"},\"thumbnailUrl\":\"https:\/\/empow-her.com\/wp-content\/uploads\/2023\/01\/Women-Dare-templates-events-75-1.png\",\"datePublished\":\"2023-01-21T14:35:18+00:00\",\"dateModified\":\"2023-02-07T15:54:57+00:00\",\"breadcrumb\":{\"@id\":\"https:\/\/empow-her.com\/produit\/new-atelier-modelisation-2\/#breadcrumb\"},\"inLanguage\":\"en-US\",\"potentialAction\":[{\"@type\":\"ReadAction\",\"target\":[\"https:\/\/empow-her.com\/produit\/new-atelier-modelisation-2\/\"]}]},{\"@type\":\"ImageObject\",\"inLanguage\":\"en-US\",\"@id\":\"https:\/\/empow-her.com\/produit\/new-atelier-modelisation-2\/#primaryimage\",\"url\":\"https:\/\/empow-her.com\/wp-content\/uploads\/2023\/01\/Women-Dare-templates-events-75-1.png\",\"contentUrl\":\"https:\/\/empow-her.com\/wp-content\/uploads\/2023\/01\/Women-Dare-templates-events-75-1.png\",\"width\":1080,\"height\":1080},{\"@type\":\"BreadcrumbList\",\"@id\":\"https:\/\/empow-her.com\/produit\/new-atelier-modelisation-2\/#breadcrumb\",\"itemListElement\":[{\"@type\":\"ListItem\",\"position\":1,\"name\":\"Accueil\",\"item\":\"https:\/\/empow-her.com\/en\/landing-page\/\"},{\"@type\":\"ListItem\",\"position\":2,\"name\":\"LA BOUTIQUE\",\"item\":\"https:\/\/empow-her.com\/boutique\/\"},{\"@type\":\"ListItem\",\"position\":3,\"name\":\"NEW &#8211; Atelier Mod\u00e9liser, prototyper et tester l&#8217;offre\"}]},{\"@type\":\"WebSite\",\"@id\":\"https:\/\/empow-her.com\/#website\",\"url\":\"https:\/\/empow-her.com\/\",\"name\":\"Empow&#039;Her\",\"description\":\"Women Development\",\"potentialAction\":[{\"@type\":\"SearchAction\",\"target\":{\"@type\":\"EntryPoint\",\"urlTemplate\":\"https:\/\/empow-her.com\/?s={search_term_string}\"},\"query-input\":{\"@type\":\"PropertyValueSpecification\",\"valueRequired\":true,\"valueName\":\"search_term_string\"}}],\"inLanguage\":\"en-US\"}]}<\/script>\n<!-- \/ Yoast SEO plugin. -->","yoast_head_json":{"title":"NEW - Atelier Mod\u00e9liser, prototyper et tester l'offre - Empow&#039;Her","robots":{"index":"index","follow":"follow","max-snippet":"max-snippet:-1","max-image-preview":"max-image-preview:large","max-video-preview":"max-video-preview:-1"},"canonical":"https:\/\/empow-her.com\/produit\/new-atelier-modelisation-2\/","og_locale":"en_US","og_type":"article","og_title":"NEW - Atelier Mod\u00e9liser, prototyper et tester l'offre - Empow&#039;Her","og_description":"Description :  Vous avez formul\u00e9 votre vision, \u00e9bauch\u00e9 un premier produit ou service et commenc\u00e9 \u00e0 imaginer votre mod\u00e8le \u00e9conomique ? Vous souhaitez en savoir plus sur la m\u00e9thode agile pour tester et affiner vos hypoth\u00e8ses \u00e9conomiques et op\u00e9rationnelles ? Ou encore tout savoir pour construire un MVP ? Retrouvez Alexandre qui lors de cet atelier, vous donnera les cl\u00e9s et les outils pour r\u00e9pondre \u00e0 ces questions et vous apprendra \u00e0 ma\u00eetriser l\u2019organisation d\u2019une phase de test aupr\u00e8s de vos futurs b\u00e9n\u00e9ficiaires !  Pr\u00e9-requis : Avoir d\u00e9fini sa vision et identifi\u00e9 ses b\u00e9n\u00e9ficiaires et\/ou client\u00b7es. Avoir \u00e9bauch\u00e9 un premier produit ou service  Intervenant.e.s :Alexandre Sourzac-Lami de +1  Apr\u00e8s son double dipl\u00f4me \u00e0 l\u2019Ecole Centrale Paris et l\u2019ESCP Europe, Alexandre a cr\u00e9\u00e9 l\u2019entreprise sociale Fuso et travaill\u00e9 dans le secteur du conseil en France puis en Allemagne. Fondateur de +1, Alexandre habite d\u00e9sormais \u00e0 Bruxelles d\u2019o\u00f9 il accompagne les entrepreneur\u00b7e\u00b7s et dirigeant\u00b7e\u00b7s fran\u00e7ais et belges, notamment dans le secteur de l\u2019ESS, sur leur mod\u00e8le \u00e9conomique  Son super pouvoir : Convertir d'un claquement de doigts un projet en chiffres... et r\u00e9ciproquement  Son petit mot : Plus qu'une id\u00e9e g\u00e9niale, ce qu'il faut \u00e0 une entrepreneure pour r\u00e9ussir c'est un mod\u00e8le \u00e9conomique solidaire, c'est-\u00e0-dire qui inclut toutes les parties prenantes de son \u00e9cosyst\u00e8me dans la cr\u00e9ation de valeur.   Lieu : Sist'Her Paris, 82 rue du Faubourg Saint-Martin  Attention ! Veuillez vous pr\u00e9senter \u00e0 l'heure pour que l'activit\u00e9 puisse commencer \u00e0 temps. Si vous avez du retard veuillez pr\u00e9venir l'intervenant.e. Si vous avez plus de 15 min de retard l'intervenant.e se r\u00e9serve le droit de ne plus vous accepter pour le coaching ou l'atelier.","og_url":"https:\/\/empow-her.com\/produit\/new-atelier-modelisation-2\/","og_site_name":"Empow&#039;Her","article_modified_time":"2023-02-07T15:54:57+00:00","og_image":[{"width":1080,"height":1080,"url":"https:\/\/empow-her.com\/wp-content\/uploads\/2023\/01\/Women-Dare-templates-events-75-1.png","type":"image\/png"}],"twitter_card":"summary_large_image","schema":{"@context":"https:\/\/schema.org","@graph":[{"@type":"WebPage","@id":"https:\/\/empow-her.com\/produit\/new-atelier-modelisation-2\/","url":"https:\/\/empow-her.com\/produit\/new-atelier-modelisation-2\/","name":"NEW - Atelier Mod\u00e9liser, prototyper et tester l'offre - Empow&#039;Her","isPartOf":{"@id":"https:\/\/empow-her.com\/#website"},"primaryImageOfPage":{"@id":"https:\/\/empow-her.com\/produit\/new-atelier-modelisation-2\/#primaryimage"},"image":{"@id":"https:\/\/empow-her.com\/produit\/new-atelier-modelisation-2\/#primaryimage"},"thumbnailUrl":"https:\/\/empow-her.com\/wp-content\/uploads\/2023\/01\/Women-Dare-templates-events-75-1.png","datePublished":"2023-01-21T14:35:18+00:00","dateModified":"2023-02-07T15:54:57+00:00","breadcrumb":{"@id":"https:\/\/empow-her.com\/produit\/new-atelier-modelisation-2\/#breadcrumb"},"inLanguage":"en-US","potentialAction":[{"@type":"ReadAction","target":["https:\/\/empow-her.com\/produit\/new-atelier-modelisation-2\/"]}]},{"@type":"ImageObject","inLanguage":"en-US","@id":"https:\/\/empow-her.com\/produit\/new-atelier-modelisation-2\/#primaryimage","url":"https:\/\/empow-her.com\/wp-content\/uploads\/2023\/01\/Women-Dare-templates-events-75-1.png","contentUrl":"https:\/\/empow-her.com\/wp-content\/uploads\/2023\/01\/Women-Dare-templates-events-75-1.png","width":1080,"height":1080},{"@type":"BreadcrumbList","@id":"https:\/\/empow-her.com\/produit\/new-atelier-modelisation-2\/#breadcrumb","itemListElement":[{"@type":"ListItem","position":1,"name":"Accueil","item":"https:\/\/empow-her.com\/en\/landing-page\/"},{"@type":"ListItem","position":2,"name":"LA BOUTIQUE","item":"https:\/\/empow-her.com\/boutique\/"},{"@type":"ListItem","position":3,"name":"NEW &#8211; Atelier Mod\u00e9liser, prototyper et tester l&#8217;offre"}]},{"@type":"WebSite","@id":"https:\/\/empow-her.com\/#website","url":"https:\/\/empow-her.com\/","name":"Empow&#039;Her","description":"Women Development","potentialAction":[{"@type":"SearchAction","target":{"@type":"EntryPoint","urlTemplate":"https:\/\/empow-her.com\/?s={search_term_string}"},"query-input":{"@type":"PropertyValueSpecification","valueRequired":true,"valueName":"search_term_string"}}],"inLanguage":"en-US"}]}},"_links":{"self":[{"href":"https:\/\/empow-her.com\/en\/wp-json\/wp\/v2\/product\/135215","targetHints":{"allow":["GET"]}}],"collection":[{"href":"https:\/\/empow-her.com\/en\/wp-json\/wp\/v2\/product"}],"about":[{"href":"https:\/\/empow-her.com\/en\/wp-json\/wp\/v2\/types\/product"}],"wp:featuredmedia":[{"embeddable":true,"href":"https:\/\/empow-her.com\/en\/wp-json\/wp\/v2\/media\/138689"}],"wp:attachment":[{"href":"https:\/\/empow-her.com\/en\/wp-json\/wp\/v2\/media?parent=135215"}],"wp:term":[{"taxonomy":"product_brand","embeddable":true,"href":"https:\/\/empow-her.com\/en\/wp-json\/wp\/v2\/product_brand?post=135215"},{"taxonomy":"product_cat","embeddable":true,"href":"https:\/\/empow-her.com\/en\/wp-json\/wp\/v2\/product_cat?post=135215"},{"taxonomy":"product_tag","embeddable":true,"href":"https:\/\/empow-her.com\/en\/wp-json\/wp\/v2\/product_tag?post=135215"},{"taxonomy":"lieu","embeddable":true,"href":"https:\/\/empow-her.com\/en\/wp-json\/wp\/v2\/lieu?post=135215"},{"taxonomy":"thematiques","embeddable":true,"href":"https:\/\/empow-her.com\/en\/wp-json\/wp\/v2\/thematiques?post=135215"}],"curies":[{"name":"wp","href":"https:\/\/api.w.org\/{rel}","templated":true}]}}