{"id":13370,"date":"2021-04-26T11:05:34","date_gmt":"2021-04-26T09:05:34","guid":{"rendered":"https:\/\/empow-her.com\/?post_type=product&#038;p=13370"},"modified":"2021-04-26T11:11:22","modified_gmt":"2021-04-26T09:11:22","slug":"atelier-enrichir-mes-competences-dorganisation-de-planification-et-de-gestion-du-temps-a-laide-des-outils-digitaux","status":"publish","type":"product","link":"https:\/\/empow-her.com\/en\/produit\/atelier-enrichir-mes-competences-dorganisation-de-planification-et-de-gestion-du-temps-a-laide-des-outils-digitaux\/","title":{"rendered":"Atelier &#8211; Enrichir mes comp\u00e9tences d\u2019organisation, de planification et de gestion du temps \u00e0 l\u2019aide des outils digitaux"},"content":{"rendered":"","protected":false},"excerpt":{"rendered":"<div>\n<p>Le d\u00e9ploiement d&#8217;un projet entrepreneurial peut vous sembler \u00eatre une montagne au premier abord. D\u00e9velopper ses comp\u00e9tences organisationnelles est un atout pour suivre son projet dans le temps en s&#8217;adaptant aux changements rencontr\u00e9s sur le parcours.<\/p>\n<p>L\u2019atelier sera articul\u00e9 autour de notions th\u00e9oriques de l&#8217;organisation de la gestion d&#8217;un projet par des activit\u00e9s pratiques individuelles et collectives. Il vous am\u00e8nera \u00e0 identifier les actions \u00e0 mettre en place, les ressources dont vous disposez et \u00e0 g\u00e9rer votre temps et vos priorit\u00e9s. L&#8217;essentiel est de d\u00e9finir ce qui vous convient personnellement et qui vous est propre! Des outils vous seront pr\u00e9senter afin de ne pas vous laisser d\u00e9bord\u00e9e par le stress qu&#8217;un tel projet peut engendrer.<\/p>\n<p>Alors prenons ensemble le temps de trouver vos cl\u00e9s d&#8217;organisation pour vivre sereinement votre projet !<\/p>\n<\/div>\n<p>&nbsp;<\/p>\n<p><span data-sheets-value=\"{&quot;1&quot;:2,&quot;2&quot;:&quot;Alexandre Sourzac-Lami est co-fondateur de Comit, une structure sp\u00e9cialis\u00e9e qui con\u00e7oit et adapte des outils et m\u00e9thodes pour donner aux entrepreneur.e.s la capacit\u00e9 de d\u00e9velopper des mod\u00e8les \u00e9conomiques p\u00e9rennes.&quot;}\" data-sheets-userformat=\"{&quot;2&quot;:1055743,&quot;3&quot;:{&quot;1&quot;:0},&quot;4&quot;:{&quot;1&quot;:2,&quot;2&quot;:16777215},&quot;5&quot;:{&quot;1&quot;:[{&quot;1&quot;:2,&quot;2&quot;:0,&quot;5&quot;:{&quot;1&quot;:2,&quot;2&quot;:0}},{&quot;1&quot;:0,&quot;2&quot;:0,&quot;3&quot;:3},{&quot;1&quot;:1,&quot;2&quot;:0,&quot;4&quot;:1}]},&quot;6&quot;:{&quot;1&quot;:[{&quot;1&quot;:2,&quot;2&quot;:0,&quot;5&quot;:{&quot;1&quot;:2,&quot;2&quot;:0}},{&quot;1&quot;:0,&quot;2&quot;:0,&quot;3&quot;:3},{&quot;1&quot;:1,&quot;2&quot;:0,&quot;4&quot;:1}]},&quot;7&quot;:{&quot;1&quot;:[{&quot;1&quot;:2,&quot;2&quot;:0,&quot;5&quot;:{&quot;1&quot;:2,&quot;2&quot;:0}},{&quot;1&quot;:0,&quot;2&quot;:0,&quot;3&quot;:3},{&quot;1&quot;:1,&quot;2&quot;:0,&quot;4&quot;:1}]},&quot;8&quot;:{&quot;1&quot;:[{&quot;1&quot;:2,&quot;2&quot;:0,&quot;5&quot;:{&quot;1&quot;:2,&quot;2&quot;:0}},{&quot;1&quot;:0,&quot;2&quot;:0,&quot;3&quot;:3},{&quot;1&quot;:1,&quot;2&quot;:0,&quot;4&quot;:1}]},&quot;9&quot;:0,&quot;10&quot;:1,&quot;11&quot;:4,&quot;12&quot;:0,&quot;14&quot;:{&quot;1&quot;:2,&quot;2&quot;:0},&quot;15&quot;:&quot;Calibri&quot;,&quot;23&quot;:1}\" data-sheets-textstyleruns=\"{&quot;1&quot;:0}\uee10{&quot;1&quot;:43,&quot;2&quot;:{&quot;2&quot;:{&quot;1&quot;:2,&quot;2&quot;:1136076},&quot;9&quot;:1}}\uee10{&quot;1&quot;:48}\" data-sheets-hyperlinkruns=\"{&quot;1&quot;:43,&quot;2&quot;:&quot;https:\/\/www.comit.berlin\/&quot;}\uee10{&quot;1&quot;:48}\"><strong>Intervenant.e.s : <\/strong>Aur\u00e9lie Lucas de <a href=\"https:\/\/bulles.ooo\/\">Bulles<\/a><\/span><\/p>\n<p>&nbsp;<\/p>\n<p><strong>Son super pouvoir ?<\/strong> Organisatrice d&#8217;harmonie !<\/p>\n<p>&nbsp;<\/p>\n<p><strong>Son petit mot<\/strong> : <em>&#8220;Pas besoin de voir tout l&#8217;escalier, commencez simplement par la premi\u00e8re marche&#8221;<\/em> Martin Luther King<\/p>\n<p>&nbsp;<\/p>\n<p>NB : L&#8217;atelier sera assur\u00e9 en ligne si la situation sanitaire ne nous permet pas de nous retrouver au Sist&#8217;Her<\/p>\n","protected":false},"featured_media":0,"template":"","format":"standard","meta":{"_acf_changed":false,"om_disable_all_campaigns":false,"_uf_show_specific_survey":0,"_uf_disable_surveys":false},"product_brand":[],"product_cat":[118],"product_tag":[],"lieu":[127],"thematiques":[],"class_list":{"0":"post-13370","1":"product","2":"type-product","3":"status-publish","4":"format-standard","6":"product_cat-atelier-collectif","7":"lieu-hub-empowher","9":"first","10":"instock","11":"virtual","12":"purchasable","13":"product-type-appointment"},"exclude_global_add_ons":[],"addons":[],"acf":[],"yoast_head":"<!-- This site is optimized with the Yoast SEO plugin v24.8 - https:\/\/yoast.com\/wordpress\/plugins\/seo\/ -->\n<title>Atelier - Enrichir mes comp\u00e9tences d\u2019organisation, de planification et de gestion du temps \u00e0 l\u2019aide des outils digitaux - Empow&#039;Her<\/title>\n<meta name=\"robots\" content=\"index, follow, max-snippet:-1, max-image-preview:large, max-video-preview:-1\" \/>\n<link rel=\"canonical\" href=\"https:\/\/empow-her.com\/es\/produit\/atelier-enrichir-mes-competences-dorganisation-de-planification-et-de-gestion-du-temps-a-laide-des-outils-digitaux\/\" \/>\n<meta property=\"og:locale\" content=\"en_US\" \/>\n<meta property=\"og:type\" content=\"article\" \/>\n<meta property=\"og:title\" content=\"Atelier - Enrichir mes comp\u00e9tences d\u2019organisation, de planification et de gestion du temps \u00e0 l\u2019aide des outils digitaux - Empow&#039;Her\" \/>\n<meta property=\"og:description\" content=\"Le d\u00e9ploiement d&#039;un projet entrepreneurial peut vous sembler \u00eatre une montagne au premier abord. D\u00e9velopper ses comp\u00e9tences organisationnelles est un atout pour suivre son projet dans le temps en s&#039;adaptant aux changements rencontr\u00e9s sur le parcours.  L\u2019atelier sera articul\u00e9 autour de notions th\u00e9oriques de l&#039;organisation de la gestion d&#039;un projet par des activit\u00e9s pratiques individuelles et collectives. Il vous am\u00e8nera \u00e0 identifier les actions \u00e0 mettre en place, les ressources dont vous disposez et \u00e0 g\u00e9rer votre temps et vos priorit\u00e9s. L&#039;essentiel est de d\u00e9finir ce qui vous convient personnellement et qui vous est propre! Des outils vous seront pr\u00e9senter afin de ne pas vous laisser d\u00e9bord\u00e9e par le stress qu&#039;un tel projet peut engendrer.  Alors prenons ensemble le temps de trouver vos cl\u00e9s d&#039;organisation pour vivre sereinement votre projet !   &nbsp;  Intervenant.e.s : Aur\u00e9lie Lucas de Bulles  &nbsp;  Son super pouvoir ? Organisatrice d&#039;harmonie !  &nbsp;  Son petit mot : &quot;Pas besoin de voir tout l&#039;escalier, commencez simplement par la premi\u00e8re marche&quot; Martin Luther King  &nbsp;  NB : L&#039;atelier sera assur\u00e9 en ligne si la situation sanitaire ne nous permet pas de nous retrouver au Sist&#039;Her\" \/>\n<meta property=\"og:url\" content=\"https:\/\/empow-her.com\/es\/produit\/atelier-enrichir-mes-competences-dorganisation-de-planification-et-de-gestion-du-temps-a-laide-des-outils-digitaux\/\" \/>\n<meta property=\"og:site_name\" content=\"Empow&#039;Her\" \/>\n<meta property=\"article:modified_time\" content=\"2021-04-26T09:11:22+00:00\" \/>\n<meta name=\"twitter:card\" content=\"summary_large_image\" \/>\n<script type=\"application\/ld+json\" class=\"yoast-schema-graph\">{\"@context\":\"https:\/\/schema.org\",\"@graph\":[{\"@type\":\"WebPage\",\"@id\":\"https:\/\/empow-her.com\/es\/produit\/atelier-enrichir-mes-competences-dorganisation-de-planification-et-de-gestion-du-temps-a-laide-des-outils-digitaux\/\",\"url\":\"https:\/\/empow-her.com\/es\/produit\/atelier-enrichir-mes-competences-dorganisation-de-planification-et-de-gestion-du-temps-a-laide-des-outils-digitaux\/\",\"name\":\"Atelier - Enrichir mes comp\u00e9tences d\u2019organisation, de planification et de gestion du temps \u00e0 l\u2019aide des outils digitaux - Empow&#039;Her\",\"isPartOf\":{\"@id\":\"https:\/\/empow-her.com\/#website\"},\"datePublished\":\"2021-04-26T09:05:34+00:00\",\"dateModified\":\"2021-04-26T09:11:22+00:00\",\"breadcrumb\":{\"@id\":\"https:\/\/empow-her.com\/es\/produit\/atelier-enrichir-mes-competences-dorganisation-de-planification-et-de-gestion-du-temps-a-laide-des-outils-digitaux\/#breadcrumb\"},\"inLanguage\":\"en-US\",\"potentialAction\":[{\"@type\":\"ReadAction\",\"target\":[\"https:\/\/empow-her.com\/es\/produit\/atelier-enrichir-mes-competences-dorganisation-de-planification-et-de-gestion-du-temps-a-laide-des-outils-digitaux\/\"]}]},{\"@type\":\"BreadcrumbList\",\"@id\":\"https:\/\/empow-her.com\/es\/produit\/atelier-enrichir-mes-competences-dorganisation-de-planification-et-de-gestion-du-temps-a-laide-des-outils-digitaux\/#breadcrumb\",\"itemListElement\":[{\"@type\":\"ListItem\",\"position\":1,\"name\":\"Accueil\",\"item\":\"https:\/\/empow-her.com\/en\/landing-page\/\"},{\"@type\":\"ListItem\",\"position\":2,\"name\":\"LA BOUTIQUE\",\"item\":\"https:\/\/empow-her.com\/boutique\/\"},{\"@type\":\"ListItem\",\"position\":3,\"name\":\"Atelier &#8211; Enrichir mes comp\u00e9tences d\u2019organisation, de planification et de gestion du temps \u00e0 l\u2019aide des outils digitaux\"}]},{\"@type\":\"WebSite\",\"@id\":\"https:\/\/empow-her.com\/#website\",\"url\":\"https:\/\/empow-her.com\/\",\"name\":\"Empow&#039;Her\",\"description\":\"Women Development\",\"potentialAction\":[{\"@type\":\"SearchAction\",\"target\":{\"@type\":\"EntryPoint\",\"urlTemplate\":\"https:\/\/empow-her.com\/?s={search_term_string}\"},\"query-input\":{\"@type\":\"PropertyValueSpecification\",\"valueRequired\":true,\"valueName\":\"search_term_string\"}}],\"inLanguage\":\"en-US\"}]}<\/script>\n<!-- \/ Yoast SEO plugin. -->","yoast_head_json":{"title":"Atelier - Enrichir mes comp\u00e9tences d\u2019organisation, de planification et de gestion du temps \u00e0 l\u2019aide des outils digitaux - Empow&#039;Her","robots":{"index":"index","follow":"follow","max-snippet":"max-snippet:-1","max-image-preview":"max-image-preview:large","max-video-preview":"max-video-preview:-1"},"canonical":"https:\/\/empow-her.com\/es\/produit\/atelier-enrichir-mes-competences-dorganisation-de-planification-et-de-gestion-du-temps-a-laide-des-outils-digitaux\/","og_locale":"en_US","og_type":"article","og_title":"Atelier - Enrichir mes comp\u00e9tences d\u2019organisation, de planification et de gestion du temps \u00e0 l\u2019aide des outils digitaux - Empow&#039;Her","og_description":"Le d\u00e9ploiement d'un projet entrepreneurial peut vous sembler \u00eatre une montagne au premier abord. D\u00e9velopper ses comp\u00e9tences organisationnelles est un atout pour suivre son projet dans le temps en s'adaptant aux changements rencontr\u00e9s sur le parcours.  L\u2019atelier sera articul\u00e9 autour de notions th\u00e9oriques de l'organisation de la gestion d'un projet par des activit\u00e9s pratiques individuelles et collectives. Il vous am\u00e8nera \u00e0 identifier les actions \u00e0 mettre en place, les ressources dont vous disposez et \u00e0 g\u00e9rer votre temps et vos priorit\u00e9s. L'essentiel est de d\u00e9finir ce qui vous convient personnellement et qui vous est propre! Des outils vous seront pr\u00e9senter afin de ne pas vous laisser d\u00e9bord\u00e9e par le stress qu'un tel projet peut engendrer.  Alors prenons ensemble le temps de trouver vos cl\u00e9s d'organisation pour vivre sereinement votre projet !   &nbsp;  Intervenant.e.s : Aur\u00e9lie Lucas de Bulles  &nbsp;  Son super pouvoir ? Organisatrice d'harmonie !  &nbsp;  Son petit mot : \"Pas besoin de voir tout l'escalier, commencez simplement par la premi\u00e8re marche\" Martin Luther King  &nbsp;  NB : L'atelier sera assur\u00e9 en ligne si la situation sanitaire ne nous permet pas de nous retrouver au Sist'Her","og_url":"https:\/\/empow-her.com\/es\/produit\/atelier-enrichir-mes-competences-dorganisation-de-planification-et-de-gestion-du-temps-a-laide-des-outils-digitaux\/","og_site_name":"Empow&#039;Her","article_modified_time":"2021-04-26T09:11:22+00:00","twitter_card":"summary_large_image","schema":{"@context":"https:\/\/schema.org","@graph":[{"@type":"WebPage","@id":"https:\/\/empow-her.com\/es\/produit\/atelier-enrichir-mes-competences-dorganisation-de-planification-et-de-gestion-du-temps-a-laide-des-outils-digitaux\/","url":"https:\/\/empow-her.com\/es\/produit\/atelier-enrichir-mes-competences-dorganisation-de-planification-et-de-gestion-du-temps-a-laide-des-outils-digitaux\/","name":"Atelier - Enrichir mes comp\u00e9tences d\u2019organisation, de planification et de gestion du temps \u00e0 l\u2019aide des outils digitaux - Empow&#039;Her","isPartOf":{"@id":"https:\/\/empow-her.com\/#website"},"datePublished":"2021-04-26T09:05:34+00:00","dateModified":"2021-04-26T09:11:22+00:00","breadcrumb":{"@id":"https:\/\/empow-her.com\/es\/produit\/atelier-enrichir-mes-competences-dorganisation-de-planification-et-de-gestion-du-temps-a-laide-des-outils-digitaux\/#breadcrumb"},"inLanguage":"en-US","potentialAction":[{"@type":"ReadAction","target":["https:\/\/empow-her.com\/es\/produit\/atelier-enrichir-mes-competences-dorganisation-de-planification-et-de-gestion-du-temps-a-laide-des-outils-digitaux\/"]}]},{"@type":"BreadcrumbList","@id":"https:\/\/empow-her.com\/es\/produit\/atelier-enrichir-mes-competences-dorganisation-de-planification-et-de-gestion-du-temps-a-laide-des-outils-digitaux\/#breadcrumb","itemListElement":[{"@type":"ListItem","position":1,"name":"Accueil","item":"https:\/\/empow-her.com\/en\/landing-page\/"},{"@type":"ListItem","position":2,"name":"LA BOUTIQUE","item":"https:\/\/empow-her.com\/boutique\/"},{"@type":"ListItem","position":3,"name":"Atelier &#8211; Enrichir mes comp\u00e9tences d\u2019organisation, de planification et de gestion du temps \u00e0 l\u2019aide des outils digitaux"}]},{"@type":"WebSite","@id":"https:\/\/empow-her.com\/#website","url":"https:\/\/empow-her.com\/","name":"Empow&#039;Her","description":"Women Development","potentialAction":[{"@type":"SearchAction","target":{"@type":"EntryPoint","urlTemplate":"https:\/\/empow-her.com\/?s={search_term_string}"},"query-input":{"@type":"PropertyValueSpecification","valueRequired":true,"valueName":"search_term_string"}}],"inLanguage":"en-US"}]}},"_links":{"self":[{"href":"https:\/\/empow-her.com\/en\/wp-json\/wp\/v2\/product\/13370","targetHints":{"allow":["GET"]}}],"collection":[{"href":"https:\/\/empow-her.com\/en\/wp-json\/wp\/v2\/product"}],"about":[{"href":"https:\/\/empow-her.com\/en\/wp-json\/wp\/v2\/types\/product"}],"wp:attachment":[{"href":"https:\/\/empow-her.com\/en\/wp-json\/wp\/v2\/media?parent=13370"}],"wp:term":[{"taxonomy":"product_brand","embeddable":true,"href":"https:\/\/empow-her.com\/en\/wp-json\/wp\/v2\/product_brand?post=13370"},{"taxonomy":"product_cat","embeddable":true,"href":"https:\/\/empow-her.com\/en\/wp-json\/wp\/v2\/product_cat?post=13370"},{"taxonomy":"product_tag","embeddable":true,"href":"https:\/\/empow-her.com\/en\/wp-json\/wp\/v2\/product_tag?post=13370"},{"taxonomy":"lieu","embeddable":true,"href":"https:\/\/empow-her.com\/en\/wp-json\/wp\/v2\/lieu?post=13370"},{"taxonomy":"thematiques","embeddable":true,"href":"https:\/\/empow-her.com\/en\/wp-json\/wp\/v2\/thematiques?post=13370"}],"curies":[{"name":"wp","href":"https:\/\/api.w.org\/{rel}","templated":true}]}}