{"id":131024,"date":"2022-12-28T15:47:37","date_gmt":"2022-12-28T14:47:37","guid":{"rendered":"https:\/\/empow-her.com\/?post_type=product&#038;p=131024"},"modified":"2022-12-28T16:44:16","modified_gmt":"2022-12-28T15:44:16","slug":"new-lancer-son-crowdfunding-avec-kisskissbankbank","status":"publish","type":"product","link":"https:\/\/empow-her.com\/en\/produit\/new-lancer-son-crowdfunding-avec-kisskissbankbank\/","title":{"rendered":"NEW ! Lancer son crowdfunding avec KisskissBankbank"},"content":{"rendered":"<div>\n<div class=\"x11i5rnm xat24cr x1mh8g0r x1vvkbs xdj266r\">\n<p><span class=\"x3nfvp2 x1j61x8r x1fcty0u xdj266r xhhsvwb xat24cr xgzva0m xxymvpz xlup9mm x1kky2od\"><img decoding=\"async\" src=\"https:\/\/static.xx.fbcdn.net\/images\/emoji.php\/v9\/t7b\/1.5\/16\/2728.png\" alt=\"&#x2728;\" width=\"16\" height=\"16\" \/> D\u00e9couvre<strong> le financement participatif<\/strong> et les conseils pour lancer ta campagne de crowdfunding avec KissKissBankBank !<\/span>Cet atelier vous propose de d\u00e9couvrir le crowdfunding, un outil puissant pour tester sa proposition de valeur, lever des fonds et f\u00e9d\u00e9rer autour de son projet. L&#8217;atelier permettra de comprendre comment pr\u00e9parer au mieux sa campagne avec des m\u00e9thodes concr\u00e8tes et des bonnes pratiques.<\/p>\n<p><b data-stringify-type=\"bold\"><span class=\"fxk3tzhb b2rh1bv3 gh55jysx m8h3af8h ewco64xe kjdc1dyq ms56khn7 bq6c9xl4 eohcrkr5 akh3l2rg\"><span class=\"x3nfvp2 x1j61x8r x1fcty0u xdj266r xhhsvwb xat24cr xgzva0m xxymvpz xlup9mm x1kky2od\"><img decoding=\"async\" src=\"https:\/\/static.xx.fbcdn.net\/images\/emoji.php\/v9\/t7b\/1.5\/16\/2728.png\" alt=\"&#x2728;\" width=\"16\" height=\"16\" \/><\/span> L&#8217;i<\/span>ntervenante. : Claire Vasile<\/b><br \/>\nResponsable Entrepreneurs for Good chez KissKissBankBank, Claire d\u00e9tecte et accompagne les porteurs de projets proposant une solution innovante, \u00e0 impact, dans leur d\u00e9marche de financement participatif. Avant cela, Claire a pilot\u00e9 pendant 4 ans un incubateur de projets en \u00e9mergence et poss\u00e8de une expertise compl\u00e8te sur l&#8217;entrepreneuriat.<\/p>\n<\/div>\n<\/div>\n<div><\/div>\n<div class=\"l7ghb35v kjdc1dyq kmwttqpk gh25dzvf jikcssrz\"><span class=\"fxk3tzhb b2rh1bv3 gh55jysx m8h3af8h ewco64xe kjdc1dyq ms56khn7 bq6c9xl4 eohcrkr5 akh3l2rg\"><img decoding=\"async\" src=\"https:\/\/static.xx.fbcdn.net\/images\/emoji.php\/v9\/te4\/1.5\/16\/26a1.png\" alt=\"&#x26a1;&#xfe0f;\" width=\"16\" height=\"16\" \/><\/span><span class=\"fxk3tzhb b2rh1bv3 gh55jysx m8h3af8h ewco64xe kjdc1dyq ms56khn7 bq6c9xl4 eohcrkr5 akh3l2rg\"><img decoding=\"async\" src=\"https:\/\/static.xx.fbcdn.net\/images\/emoji.php\/v9\/te4\/1.5\/16\/26a1.png\" alt=\"&#x26a1;&#xfe0f;\" width=\"16\" height=\"16\" \/><\/span><span class=\"fxk3tzhb b2rh1bv3 gh55jysx m8h3af8h ewco64xe kjdc1dyq ms56khn7 bq6c9xl4 eohcrkr5 akh3l2rg\"><img decoding=\"async\" src=\"https:\/\/static.xx.fbcdn.net\/images\/emoji.php\/v9\/te4\/1.5\/16\/26a1.png\" alt=\"&#x26a1;&#xfe0f;\" width=\"16\" height=\"16\" \/><\/span><\/div>\n<div class=\"l7ghb35v kjdc1dyq kmwttqpk gh25dzvf jikcssrz\"><strong>Infos pratiques<\/strong><br \/>\n<span class=\"fxk3tzhb b2rh1bv3 gh55jysx m8h3af8h ewco64xe kjdc1dyq ms56khn7 bq6c9xl4 eohcrkr5 akh3l2rg\"><img decoding=\"async\" src=\"https:\/\/static.xx.fbcdn.net\/images\/emoji.php\/v9\/td7\/1.5\/16\/1f4c5.png\" alt=\"&#x1f4c5;\" width=\"16\" height=\"16\" \/><\/span> L&#8217;atelier se d\u00e9roulera le <strong>jeudi 5 janvier<\/strong> de 11h \u00e0 12h30.<br \/>\n<span class=\"fxk3tzhb b2rh1bv3 gh55jysx m8h3af8h ewco64xe kjdc1dyq ms56khn7 bq6c9xl4 eohcrkr5 akh3l2rg\"><img loading=\"lazy\" decoding=\"async\" src=\"https:\/\/static.xx.fbcdn.net\/images\/emoji.php\/v9\/t8b\/1.5\/16\/1f516.png\" alt=\"&#x1f516;\" width=\"16\" height=\"16\" \/><\/span> R\u00e9servation gratuite obligatoire<br \/>\n<span class=\"fxk3tzhb b2rh1bv3 gh55jysx m8h3af8h ewco64xe kjdc1dyq ms56khn7 bq6c9xl4 eohcrkr5 akh3l2rg\"><img loading=\"lazy\" decoding=\"async\" src=\"https:\/\/static.xx.fbcdn.net\/images\/emoji.php\/v9\/t86\/1.5\/16\/1f4cd.png\" alt=\"&#x1f4cd;\" width=\"16\" height=\"16\" \/><\/span> Sist\u2019Her : 82 rue du Faubourg Saint-Martin 75010 Paris<\/div>\n<div><b data-stringify-type=\"bold\">Attention,\u00a0<\/b>seulement 20 places sont disponibles !<\/div>\n<div class=\"l7ghb35v kjdc1dyq kmwttqpk gh25dzvf jikcssrz\"><\/div>\n<div><\/div>\n<div class=\"l7ghb35v kjdc1dyq kmwttqpk gh25dzvf jikcssrz\">A tr\u00e8s vite ! <span class=\"fxk3tzhb b2rh1bv3 gh55jysx m8h3af8h ewco64xe kjdc1dyq ms56khn7 bq6c9xl4 eohcrkr5 akh3l2rg\"><img loading=\"lazy\" decoding=\"async\" src=\"https:\/\/static.xx.fbcdn.net\/images\/emoji.php\/v9\/t56\/1.5\/16\/1f64c.png\" alt=\"&#x1f64c;\" width=\"16\" height=\"16\" \/><\/span><\/div>\n","protected":false},"excerpt":{"rendered":"<div>\n<div class=\"x11i5rnm xat24cr x1mh8g0r x1vvkbs xdj266r\">\n<p><span class=\"x3nfvp2 x1j61x8r x1fcty0u xdj266r xhhsvwb xat24cr xgzva0m xxymvpz xlup9mm x1kky2od\"><img decoding=\"async\" src=\"https:\/\/static.xx.fbcdn.net\/images\/emoji.php\/v9\/t7b\/1.5\/16\/2728.png\" alt=\"&#x2728;\" width=\"16\" height=\"16\" \/> D\u00e9couvre<strong> le financement participatif<\/strong> et les conseils pour lancer ta campagne de crowdfunding avec KissKissBankBank !<\/span>Cet atelier vous propose de d\u00e9couvrir le crowdfunding, un outil puissant pour tester sa proposition de valeur, lever des fonds et f\u00e9d\u00e9rer autour de son projet. L&#8217;atelier permettra de comprendre comment pr\u00e9parer au mieux sa campagne avec des m\u00e9thodes concr\u00e8tes et des bonnes pratiques.<\/p>\n<p><b data-stringify-type=\"bold\"><span class=\"fxk3tzhb b2rh1bv3 gh55jysx m8h3af8h ewco64xe kjdc1dyq ms56khn7 bq6c9xl4 eohcrkr5 akh3l2rg\"><span class=\"x3nfvp2 x1j61x8r x1fcty0u xdj266r xhhsvwb xat24cr xgzva0m xxymvpz xlup9mm x1kky2od\"><img decoding=\"async\" src=\"https:\/\/static.xx.fbcdn.net\/images\/emoji.php\/v9\/t7b\/1.5\/16\/2728.png\" alt=\"&#x2728;\" width=\"16\" height=\"16\" \/><\/span> L&#8217;i<\/span>ntervenante. : Claire Vasile<\/b><br \/>\nResponsable Entrepreneurs for Good chez KissKissBankBank, Claire d\u00e9tecte et accompagne les porteurs de projets proposant une solution innovante, \u00e0 impact, dans leur d\u00e9marche de financement participatif. Avant cela, Claire a pilot\u00e9 pendant 4 ans un incubateur de projets en \u00e9mergence et poss\u00e8de une expertise compl\u00e8te sur l&#8217;entrepreneuriat.<\/p>\n<\/div>\n<\/div>\n<div><\/div>\n<div class=\"l7ghb35v kjdc1dyq kmwttqpk gh25dzvf jikcssrz\"><span class=\"fxk3tzhb b2rh1bv3 gh55jysx m8h3af8h ewco64xe kjdc1dyq ms56khn7 bq6c9xl4 eohcrkr5 akh3l2rg\"><img decoding=\"async\" src=\"https:\/\/static.xx.fbcdn.net\/images\/emoji.php\/v9\/te4\/1.5\/16\/26a1.png\" alt=\"&#x26a1;&#xfe0f;\" width=\"16\" height=\"16\" \/><\/span><span class=\"fxk3tzhb b2rh1bv3 gh55jysx m8h3af8h ewco64xe kjdc1dyq ms56khn7 bq6c9xl4 eohcrkr5 akh3l2rg\"><img decoding=\"async\" src=\"https:\/\/static.xx.fbcdn.net\/images\/emoji.php\/v9\/te4\/1.5\/16\/26a1.png\" alt=\"&#x26a1;&#xfe0f;\" width=\"16\" height=\"16\" \/><\/span><span class=\"fxk3tzhb b2rh1bv3 gh55jysx m8h3af8h ewco64xe kjdc1dyq ms56khn7 bq6c9xl4 eohcrkr5 akh3l2rg\"><img decoding=\"async\" src=\"https:\/\/static.xx.fbcdn.net\/images\/emoji.php\/v9\/te4\/1.5\/16\/26a1.png\" alt=\"&#x26a1;&#xfe0f;\" width=\"16\" height=\"16\" \/><\/span><\/div>\n<div class=\"l7ghb35v kjdc1dyq kmwttqpk gh25dzvf jikcssrz\"><strong>Infos pratiques<\/strong><br \/>\n<span class=\"fxk3tzhb b2rh1bv3 gh55jysx m8h3af8h ewco64xe kjdc1dyq ms56khn7 bq6c9xl4 eohcrkr5 akh3l2rg\"><img decoding=\"async\" src=\"https:\/\/static.xx.fbcdn.net\/images\/emoji.php\/v9\/td7\/1.5\/16\/1f4c5.png\" alt=\"&#x1f4c5;\" width=\"16\" height=\"16\" \/><\/span> L&#8217;atelier se d\u00e9roulera le <strong>jeudi 5 janvier<\/strong> de 11h \u00e0 12h30.<br \/>\n<span class=\"fxk3tzhb b2rh1bv3 gh55jysx m8h3af8h ewco64xe kjdc1dyq ms56khn7 bq6c9xl4 eohcrkr5 akh3l2rg\"><img loading=\"lazy\" decoding=\"async\" src=\"https:\/\/static.xx.fbcdn.net\/images\/emoji.php\/v9\/t8b\/1.5\/16\/1f516.png\" alt=\"&#x1f516;\" width=\"16\" height=\"16\" \/><\/span> R\u00e9servation gratuite obligatoire<br \/>\n<span class=\"fxk3tzhb b2rh1bv3 gh55jysx m8h3af8h ewco64xe kjdc1dyq ms56khn7 bq6c9xl4 eohcrkr5 akh3l2rg\"><img loading=\"lazy\" decoding=\"async\" src=\"https:\/\/static.xx.fbcdn.net\/images\/emoji.php\/v9\/t86\/1.5\/16\/1f4cd.png\" alt=\"&#x1f4cd;\" width=\"16\" height=\"16\" \/><\/span> Sist\u2019Her : 82 rue du Faubourg Saint-Martin 75010 Paris<\/div>\n<div><b data-stringify-type=\"bold\">Attention,\u00a0<\/b>seulement 20 places sont disponibles !<\/div>\n<div class=\"l7ghb35v kjdc1dyq kmwttqpk gh25dzvf jikcssrz\"><\/div>\n<div><\/div>\n<div class=\"l7ghb35v kjdc1dyq kmwttqpk gh25dzvf jikcssrz\">A tr\u00e8s vite ! <span class=\"fxk3tzhb b2rh1bv3 gh55jysx m8h3af8h ewco64xe kjdc1dyq ms56khn7 bq6c9xl4 eohcrkr5 akh3l2rg\"><img loading=\"lazy\" decoding=\"async\" src=\"https:\/\/static.xx.fbcdn.net\/images\/emoji.php\/v9\/t56\/1.5\/16\/1f64c.png\" alt=\"&#x1f64c;\" width=\"16\" height=\"16\" \/><\/span><\/div>\n","protected":false},"featured_media":131025,"template":"","format":"standard","meta":{"_acf_changed":false,"om_disable_all_campaigns":false,"_uf_show_specific_survey":0,"_uf_disable_surveys":false},"product_brand":[],"product_cat":[119],"product_tag":[],"lieu":[127],"thematiques":[],"class_list":{"0":"post-131024","1":"product","2":"type-product","3":"status-publish","4":"format-standard","5":"has-post-thumbnail","7":"product_cat-evenement-sisther","8":"lieu-hub-empowher","10":"first","11":"instock","12":"virtual","13":"purchasable","14":"product-type-appointment"},"exclude_global_add_ons":[],"addons":[],"acf":[],"yoast_head":"<!-- This site is optimized with the Yoast SEO plugin v24.8 - https:\/\/yoast.com\/wordpress\/plugins\/seo\/ -->\n<title>NEW ! Lancer son crowdfunding avec KisskissBankbank -<\/title>\n<meta name=\"description\" content=\"Le jeudi 5 janvier, viens d\u00e9couvrir le crowdfunding avec KissKissBankBank de 11h \u00e0 12h30 !\" \/>\n<meta name=\"robots\" content=\"index, follow, max-snippet:-1, max-image-preview:large, max-video-preview:-1\" \/>\n<link rel=\"canonical\" href=\"https:\/\/empow-her.com\/produit\/new-lancer-son-crowdfunding-avec-kisskissbankbank\/\" \/>\n<meta property=\"og:locale\" content=\"en_US\" \/>\n<meta property=\"og:type\" content=\"article\" \/>\n<meta property=\"og:title\" content=\"NEW ! Lancer son crowdfunding avec KisskissBankbank -\" \/>\n<meta property=\"og:description\" content=\"Le jeudi 5 janvier, viens d\u00e9couvrir le crowdfunding avec KissKissBankBank de 11h \u00e0 12h30 !\" \/>\n<meta property=\"og:url\" content=\"https:\/\/empow-her.com\/produit\/new-lancer-son-crowdfunding-avec-kisskissbankbank\/\" \/>\n<meta property=\"og:site_name\" content=\"Empow&#039;Her\" \/>\n<meta property=\"article:modified_time\" content=\"2022-12-28T15:44:16+00:00\" \/>\n<meta property=\"og:image\" content=\"https:\/\/empow-her.com\/wp-content\/uploads\/2022\/12\/VIGNETTES-SITE-INTERNET.png\" \/>\n\t<meta property=\"og:image:width\" content=\"1080\" \/>\n\t<meta property=\"og:image:height\" content=\"1080\" \/>\n\t<meta property=\"og:image:type\" content=\"image\/png\" \/>\n<meta name=\"twitter:card\" content=\"summary_large_image\" \/>\n<meta name=\"twitter:label1\" content=\"Est. reading time\" \/>\n\t<meta name=\"twitter:data1\" content=\"3 minutes\" \/>\n<script type=\"application\/ld+json\" class=\"yoast-schema-graph\">{\"@context\":\"https:\/\/schema.org\",\"@graph\":[{\"@type\":\"WebPage\",\"@id\":\"https:\/\/empow-her.com\/produit\/new-lancer-son-crowdfunding-avec-kisskissbankbank\/\",\"url\":\"https:\/\/empow-her.com\/produit\/new-lancer-son-crowdfunding-avec-kisskissbankbank\/\",\"name\":\"NEW ! Lancer son crowdfunding avec KisskissBankbank -\",\"isPartOf\":{\"@id\":\"https:\/\/empow-her.com\/#website\"},\"primaryImageOfPage\":{\"@id\":\"https:\/\/empow-her.com\/produit\/new-lancer-son-crowdfunding-avec-kisskissbankbank\/#primaryimage\"},\"image\":{\"@id\":\"https:\/\/empow-her.com\/produit\/new-lancer-son-crowdfunding-avec-kisskissbankbank\/#primaryimage\"},\"thumbnailUrl\":\"https:\/\/empow-her.com\/wp-content\/uploads\/2022\/12\/VIGNETTES-SITE-INTERNET.png\",\"datePublished\":\"2022-12-28T14:47:37+00:00\",\"dateModified\":\"2022-12-28T15:44:16+00:00\",\"description\":\"Le jeudi 5 janvier, viens d\u00e9couvrir le crowdfunding avec KissKissBankBank de 11h \u00e0 12h30 !\",\"breadcrumb\":{\"@id\":\"https:\/\/empow-her.com\/produit\/new-lancer-son-crowdfunding-avec-kisskissbankbank\/#breadcrumb\"},\"inLanguage\":\"en-US\",\"potentialAction\":[{\"@type\":\"ReadAction\",\"target\":[\"https:\/\/empow-her.com\/produit\/new-lancer-son-crowdfunding-avec-kisskissbankbank\/\"]}]},{\"@type\":\"ImageObject\",\"inLanguage\":\"en-US\",\"@id\":\"https:\/\/empow-her.com\/produit\/new-lancer-son-crowdfunding-avec-kisskissbankbank\/#primaryimage\",\"url\":\"https:\/\/empow-her.com\/wp-content\/uploads\/2022\/12\/VIGNETTES-SITE-INTERNET.png\",\"contentUrl\":\"https:\/\/empow-her.com\/wp-content\/uploads\/2022\/12\/VIGNETTES-SITE-INTERNET.png\",\"width\":1080,\"height\":1080},{\"@type\":\"BreadcrumbList\",\"@id\":\"https:\/\/empow-her.com\/produit\/new-lancer-son-crowdfunding-avec-kisskissbankbank\/#breadcrumb\",\"itemListElement\":[{\"@type\":\"ListItem\",\"position\":1,\"name\":\"Accueil\",\"item\":\"https:\/\/empow-her.com\/en\/landing-page\/\"},{\"@type\":\"ListItem\",\"position\":2,\"name\":\"LA BOUTIQUE\",\"item\":\"https:\/\/empow-her.com\/boutique\/\"},{\"@type\":\"ListItem\",\"position\":3,\"name\":\"NEW ! Lancer son crowdfunding avec KisskissBankbank\"}]},{\"@type\":\"WebSite\",\"@id\":\"https:\/\/empow-her.com\/#website\",\"url\":\"https:\/\/empow-her.com\/\",\"name\":\"Empow&#039;Her\",\"description\":\"Women Development\",\"potentialAction\":[{\"@type\":\"SearchAction\",\"target\":{\"@type\":\"EntryPoint\",\"urlTemplate\":\"https:\/\/empow-her.com\/?s={search_term_string}\"},\"query-input\":{\"@type\":\"PropertyValueSpecification\",\"valueRequired\":true,\"valueName\":\"search_term_string\"}}],\"inLanguage\":\"en-US\"}]}<\/script>\n<!-- \/ Yoast SEO plugin. -->","yoast_head_json":{"title":"NEW ! Lancer son crowdfunding avec KisskissBankbank -","description":"Le jeudi 5 janvier, viens d\u00e9couvrir le crowdfunding avec KissKissBankBank de 11h \u00e0 12h30 !","robots":{"index":"index","follow":"follow","max-snippet":"max-snippet:-1","max-image-preview":"max-image-preview:large","max-video-preview":"max-video-preview:-1"},"canonical":"https:\/\/empow-her.com\/produit\/new-lancer-son-crowdfunding-avec-kisskissbankbank\/","og_locale":"en_US","og_type":"article","og_title":"NEW ! Lancer son crowdfunding avec KisskissBankbank -","og_description":"Le jeudi 5 janvier, viens d\u00e9couvrir le crowdfunding avec KissKissBankBank de 11h \u00e0 12h30 !","og_url":"https:\/\/empow-her.com\/produit\/new-lancer-son-crowdfunding-avec-kisskissbankbank\/","og_site_name":"Empow&#039;Her","article_modified_time":"2022-12-28T15:44:16+00:00","og_image":[{"width":1080,"height":1080,"url":"https:\/\/empow-her.com\/wp-content\/uploads\/2022\/12\/VIGNETTES-SITE-INTERNET.png","type":"image\/png"}],"twitter_card":"summary_large_image","twitter_misc":{"Est. reading time":"3 minutes"},"schema":{"@context":"https:\/\/schema.org","@graph":[{"@type":"WebPage","@id":"https:\/\/empow-her.com\/produit\/new-lancer-son-crowdfunding-avec-kisskissbankbank\/","url":"https:\/\/empow-her.com\/produit\/new-lancer-son-crowdfunding-avec-kisskissbankbank\/","name":"NEW ! Lancer son crowdfunding avec KisskissBankbank -","isPartOf":{"@id":"https:\/\/empow-her.com\/#website"},"primaryImageOfPage":{"@id":"https:\/\/empow-her.com\/produit\/new-lancer-son-crowdfunding-avec-kisskissbankbank\/#primaryimage"},"image":{"@id":"https:\/\/empow-her.com\/produit\/new-lancer-son-crowdfunding-avec-kisskissbankbank\/#primaryimage"},"thumbnailUrl":"https:\/\/empow-her.com\/wp-content\/uploads\/2022\/12\/VIGNETTES-SITE-INTERNET.png","datePublished":"2022-12-28T14:47:37+00:00","dateModified":"2022-12-28T15:44:16+00:00","description":"Le jeudi 5 janvier, viens d\u00e9couvrir le crowdfunding avec KissKissBankBank de 11h \u00e0 12h30 !","breadcrumb":{"@id":"https:\/\/empow-her.com\/produit\/new-lancer-son-crowdfunding-avec-kisskissbankbank\/#breadcrumb"},"inLanguage":"en-US","potentialAction":[{"@type":"ReadAction","target":["https:\/\/empow-her.com\/produit\/new-lancer-son-crowdfunding-avec-kisskissbankbank\/"]}]},{"@type":"ImageObject","inLanguage":"en-US","@id":"https:\/\/empow-her.com\/produit\/new-lancer-son-crowdfunding-avec-kisskissbankbank\/#primaryimage","url":"https:\/\/empow-her.com\/wp-content\/uploads\/2022\/12\/VIGNETTES-SITE-INTERNET.png","contentUrl":"https:\/\/empow-her.com\/wp-content\/uploads\/2022\/12\/VIGNETTES-SITE-INTERNET.png","width":1080,"height":1080},{"@type":"BreadcrumbList","@id":"https:\/\/empow-her.com\/produit\/new-lancer-son-crowdfunding-avec-kisskissbankbank\/#breadcrumb","itemListElement":[{"@type":"ListItem","position":1,"name":"Accueil","item":"https:\/\/empow-her.com\/en\/landing-page\/"},{"@type":"ListItem","position":2,"name":"LA BOUTIQUE","item":"https:\/\/empow-her.com\/boutique\/"},{"@type":"ListItem","position":3,"name":"NEW ! Lancer son crowdfunding avec KisskissBankbank"}]},{"@type":"WebSite","@id":"https:\/\/empow-her.com\/#website","url":"https:\/\/empow-her.com\/","name":"Empow&#039;Her","description":"Women Development","potentialAction":[{"@type":"SearchAction","target":{"@type":"EntryPoint","urlTemplate":"https:\/\/empow-her.com\/?s={search_term_string}"},"query-input":{"@type":"PropertyValueSpecification","valueRequired":true,"valueName":"search_term_string"}}],"inLanguage":"en-US"}]}},"_links":{"self":[{"href":"https:\/\/empow-her.com\/en\/wp-json\/wp\/v2\/product\/131024","targetHints":{"allow":["GET"]}}],"collection":[{"href":"https:\/\/empow-her.com\/en\/wp-json\/wp\/v2\/product"}],"about":[{"href":"https:\/\/empow-her.com\/en\/wp-json\/wp\/v2\/types\/product"}],"wp:featuredmedia":[{"embeddable":true,"href":"https:\/\/empow-her.com\/en\/wp-json\/wp\/v2\/media\/131025"}],"wp:attachment":[{"href":"https:\/\/empow-her.com\/en\/wp-json\/wp\/v2\/media?parent=131024"}],"wp:term":[{"taxonomy":"product_brand","embeddable":true,"href":"https:\/\/empow-her.com\/en\/wp-json\/wp\/v2\/product_brand?post=131024"},{"taxonomy":"product_cat","embeddable":true,"href":"https:\/\/empow-her.com\/en\/wp-json\/wp\/v2\/product_cat?post=131024"},{"taxonomy":"product_tag","embeddable":true,"href":"https:\/\/empow-her.com\/en\/wp-json\/wp\/v2\/product_tag?post=131024"},{"taxonomy":"lieu","embeddable":true,"href":"https:\/\/empow-her.com\/en\/wp-json\/wp\/v2\/lieu?post=131024"},{"taxonomy":"thematiques","embeddable":true,"href":"https:\/\/empow-her.com\/en\/wp-json\/wp\/v2\/thematiques?post=131024"}],"curies":[{"name":"wp","href":"https:\/\/api.w.org\/{rel}","templated":true}]}}