{"id":12940,"date":"2021-04-16T15:39:07","date_gmt":"2021-04-16T13:39:07","guid":{"rendered":"https:\/\/empow-her.com\/?post_type=product&#038;p=12940"},"modified":"2021-04-16T15:40:54","modified_gmt":"2021-04-16T13:40:54","slug":"coaching-developper-ma-capacite-a-rever-et-a-oser-pour-faire-grandir-ma-posture-dentrepreneure","status":"publish","type":"product","link":"https:\/\/empow-her.com\/en\/produit\/coaching-developper-ma-capacite-a-rever-et-a-oser-pour-faire-grandir-ma-posture-dentrepreneure\/","title":{"rendered":"Coaching &#8211; D\u00e9velopper ma capacit\u00e9 \u00e0 r\u00eaver et \u00e0 oser pour faire grandir ma posture d\u2019entrepreneure"},"content":{"rendered":"","protected":false},"excerpt":{"rendered":"<p>Une session de coaching #self-leadership pour d\u00e9velopper sa capacit\u00e9 \u00e0 r\u00eaver et \u00e0 oser pour faire grandir sa posture d&#8217;entrepreneure, pour mieux se conna\u00eetre, aligner ses forces et ses valeurs avec son souhait d\u2019impact sur le monde, et \u00eatre en mesure de l\u2019exprimer et de l\u2019incarner avec audace !<\/p>\n<p>&nbsp;<\/p>\n<p><b>Par : <\/b>Sophie Petit, <a href=\"https:\/\/bulles.ooo\/\">du collectif Bulles<\/a><\/p>\n<p>&nbsp;<\/p>\n<p><span data-sheets-value=\"{&quot;1&quot;:2,&quot;2&quot;:&quot;Alexandre Sourzac-Lami est co-fondateur de Comit, une structure sp\u00e9cialis\u00e9e qui con\u00e7oit et adapte des outils et m\u00e9thodes pour donner aux entrepreneur.e.s la capacit\u00e9 de d\u00e9velopper des mod\u00e8les \u00e9conomiques p\u00e9rennes.&quot;}\" data-sheets-userformat=\"{&quot;2&quot;:1055743,&quot;3&quot;:{&quot;1&quot;:0},&quot;4&quot;:{&quot;1&quot;:2,&quot;2&quot;:16777215},&quot;5&quot;:{&quot;1&quot;:[{&quot;1&quot;:2,&quot;2&quot;:0,&quot;5&quot;:{&quot;1&quot;:2,&quot;2&quot;:0}},{&quot;1&quot;:0,&quot;2&quot;:0,&quot;3&quot;:3},{&quot;1&quot;:1,&quot;2&quot;:0,&quot;4&quot;:1}]},&quot;6&quot;:{&quot;1&quot;:[{&quot;1&quot;:2,&quot;2&quot;:0,&quot;5&quot;:{&quot;1&quot;:2,&quot;2&quot;:0}},{&quot;1&quot;:0,&quot;2&quot;:0,&quot;3&quot;:3},{&quot;1&quot;:1,&quot;2&quot;:0,&quot;4&quot;:1}]},&quot;7&quot;:{&quot;1&quot;:[{&quot;1&quot;:2,&quot;2&quot;:0,&quot;5&quot;:{&quot;1&quot;:2,&quot;2&quot;:0}},{&quot;1&quot;:0,&quot;2&quot;:0,&quot;3&quot;:3},{&quot;1&quot;:1,&quot;2&quot;:0,&quot;4&quot;:1}]},&quot;8&quot;:{&quot;1&quot;:[{&quot;1&quot;:2,&quot;2&quot;:0,&quot;5&quot;:{&quot;1&quot;:2,&quot;2&quot;:0}},{&quot;1&quot;:0,&quot;2&quot;:0,&quot;3&quot;:3},{&quot;1&quot;:1,&quot;2&quot;:0,&quot;4&quot;:1}]},&quot;9&quot;:0,&quot;10&quot;:1,&quot;11&quot;:4,&quot;12&quot;:0,&quot;14&quot;:{&quot;1&quot;:2,&quot;2&quot;:0},&quot;15&quot;:&quot;Calibri&quot;,&quot;23&quot;:1}\" data-sheets-textstyleruns=\"{&quot;1&quot;:0}\uee10{&quot;1&quot;:43,&quot;2&quot;:{&quot;2&quot;:{&quot;1&quot;:2,&quot;2&quot;:1136076},&quot;9&quot;:1}}\uee10{&quot;1&quot;:48}\" data-sheets-hyperlinkruns=\"{&quot;1&quot;:43,&quot;2&quot;:&quot;https:\/\/www.comit.berlin\/&quot;}\uee10{&quot;1&quot;:48}\"><strong>Intervenant.e.s :<\/strong> Sophie Petit<br \/>\n<\/span><\/p>\n<p>Avec sa soeur, Sophie a fond\u00e9 Bulles pour cr\u00e9er des espaces-temps de dialogue au coeur de nos vies professionnelles. Telle une reporter, elle aime questionner et encourager \u00e0 imaginer les possibles pour s\u2019\u00e9panouir pleinement, et \u00e9crit des r\u00e9cits et reportages pour explorer la vie du bout de la rue jusqu\u2019au bout du monde.<\/p>\n<p>&nbsp;<\/p>\n<p><strong>Dur\u00e9e<\/strong> : <span data-sheets-value=\"{&quot;1&quot;:2,&quot;2&quot;:&quot;Permanence de 4h avec un cr\u00e9neau de 1h par participante (+ 15 minutes entre chaque)&quot;}\" data-sheets-userformat=\"{&quot;2&quot;:7167,&quot;3&quot;:{&quot;1&quot;:0},&quot;4&quot;:{&quot;1&quot;:2,&quot;2&quot;:16777215},&quot;5&quot;:{&quot;1&quot;:[{&quot;1&quot;:2,&quot;2&quot;:0,&quot;5&quot;:{&quot;1&quot;:2,&quot;2&quot;:0}},{&quot;1&quot;:0,&quot;2&quot;:0,&quot;3&quot;:3},{&quot;1&quot;:1,&quot;2&quot;:0,&quot;4&quot;:1}]},&quot;6&quot;:{&quot;1&quot;:[{&quot;1&quot;:2,&quot;2&quot;:0,&quot;5&quot;:{&quot;1&quot;:2,&quot;2&quot;:0}},{&quot;1&quot;:0,&quot;2&quot;:0,&quot;3&quot;:3},{&quot;1&quot;:1,&quot;2&quot;:0,&quot;4&quot;:1}]},&quot;7&quot;:{&quot;1&quot;:[{&quot;1&quot;:2,&quot;2&quot;:0,&quot;5&quot;:{&quot;1&quot;:2,&quot;2&quot;:0}},{&quot;1&quot;:0,&quot;2&quot;:0,&quot;3&quot;:3},{&quot;1&quot;:1,&quot;2&quot;:0,&quot;4&quot;:1}]},&quot;8&quot;:{&quot;1&quot;:[{&quot;1&quot;:2,&quot;2&quot;:0,&quot;5&quot;:{&quot;1&quot;:2,&quot;2&quot;:0}},{&quot;1&quot;:0,&quot;2&quot;:0,&quot;3&quot;:3},{&quot;1&quot;:1,&quot;2&quot;:0,&quot;4&quot;:1}]},&quot;9&quot;:0,&quot;10&quot;:1,&quot;11&quot;:4,&quot;12&quot;:0,&quot;14&quot;:{&quot;1&quot;:2,&quot;2&quot;:0},&quot;15&quot;:&quot;Calibri&quot;}\">Permanence de 4h avec un cr\u00e9neau de 1h par participante<\/span><\/p>\n<p>&nbsp;<\/p>\n<p>&nbsp;<\/p>\n","protected":false},"featured_media":0,"template":"","format":"standard","meta":{"_acf_changed":false,"om_disable_all_campaigns":false,"_uf_show_specific_survey":0,"_uf_disable_surveys":false},"product_brand":[],"product_cat":[121],"product_tag":[],"lieu":[125],"thematiques":[],"class_list":{"0":"post-12940","1":"product","2":"type-product","3":"status-publish","4":"format-standard","6":"product_cat-coaching","7":"lieu-en-ligne","9":"first","10":"instock","11":"virtual","12":"purchasable","13":"product-type-appointment"},"exclude_global_add_ons":[],"addons":[],"acf":[],"yoast_head":"<!-- This site is optimized with the Yoast SEO plugin v24.8 - https:\/\/yoast.com\/wordpress\/plugins\/seo\/ -->\n<title>Coaching - D\u00e9velopper ma capacit\u00e9 \u00e0 r\u00eaver et \u00e0 oser pour faire grandir ma posture d\u2019entrepreneure - Empow&#039;Her<\/title>\n<meta name=\"robots\" content=\"index, follow, max-snippet:-1, max-image-preview:large, max-video-preview:-1\" \/>\n<link rel=\"canonical\" href=\"https:\/\/empow-her.com\/es\/produit\/coaching-developper-ma-capacite-a-rever-et-a-oser-pour-faire-grandir-ma-posture-dentrepreneure\/\" \/>\n<meta property=\"og:locale\" content=\"en_US\" \/>\n<meta property=\"og:type\" content=\"article\" \/>\n<meta property=\"og:title\" content=\"Coaching - D\u00e9velopper ma capacit\u00e9 \u00e0 r\u00eaver et \u00e0 oser pour faire grandir ma posture d\u2019entrepreneure - Empow&#039;Her\" \/>\n<meta property=\"og:description\" content=\"Une session de coaching #self-leadership pour d\u00e9velopper sa capacit\u00e9 \u00e0 r\u00eaver et \u00e0 oser pour faire grandir sa posture d&#039;entrepreneure, pour mieux se conna\u00eetre, aligner ses forces et ses valeurs avec son souhait d\u2019impact sur le monde, et \u00eatre en mesure de l\u2019exprimer et de l\u2019incarner avec audace !  &nbsp;  Par : Sophie Petit, du collectif Bulles  &nbsp;  Intervenant.e.s : Sophie Petit   Avec sa soeur, Sophie a fond\u00e9 Bulles pour cr\u00e9er des espaces-temps de dialogue au coeur de nos vies professionnelles. Telle une reporter, elle aime questionner et encourager \u00e0 imaginer les possibles pour s\u2019\u00e9panouir pleinement, et \u00e9crit des r\u00e9cits et reportages pour explorer la vie du bout de la rue jusqu\u2019au bout du monde.  &nbsp;  Dur\u00e9e : Permanence de 4h avec un cr\u00e9neau de 1h par participante  &nbsp;  &nbsp;\" \/>\n<meta property=\"og:url\" content=\"https:\/\/empow-her.com\/es\/produit\/coaching-developper-ma-capacite-a-rever-et-a-oser-pour-faire-grandir-ma-posture-dentrepreneure\/\" \/>\n<meta property=\"og:site_name\" content=\"Empow&#039;Her\" \/>\n<meta property=\"article:modified_time\" content=\"2021-04-16T13:40:54+00:00\" \/>\n<meta name=\"twitter:card\" content=\"summary_large_image\" \/>\n<script type=\"application\/ld+json\" class=\"yoast-schema-graph\">{\"@context\":\"https:\/\/schema.org\",\"@graph\":[{\"@type\":\"WebPage\",\"@id\":\"https:\/\/empow-her.com\/es\/produit\/coaching-developper-ma-capacite-a-rever-et-a-oser-pour-faire-grandir-ma-posture-dentrepreneure\/\",\"url\":\"https:\/\/empow-her.com\/es\/produit\/coaching-developper-ma-capacite-a-rever-et-a-oser-pour-faire-grandir-ma-posture-dentrepreneure\/\",\"name\":\"Coaching - D\u00e9velopper ma capacit\u00e9 \u00e0 r\u00eaver et \u00e0 oser pour faire grandir ma posture d\u2019entrepreneure - Empow&#039;Her\",\"isPartOf\":{\"@id\":\"https:\/\/empow-her.com\/#website\"},\"datePublished\":\"2021-04-16T13:39:07+00:00\",\"dateModified\":\"2021-04-16T13:40:54+00:00\",\"breadcrumb\":{\"@id\":\"https:\/\/empow-her.com\/es\/produit\/coaching-developper-ma-capacite-a-rever-et-a-oser-pour-faire-grandir-ma-posture-dentrepreneure\/#breadcrumb\"},\"inLanguage\":\"en-US\",\"potentialAction\":[{\"@type\":\"ReadAction\",\"target\":[\"https:\/\/empow-her.com\/es\/produit\/coaching-developper-ma-capacite-a-rever-et-a-oser-pour-faire-grandir-ma-posture-dentrepreneure\/\"]}]},{\"@type\":\"BreadcrumbList\",\"@id\":\"https:\/\/empow-her.com\/es\/produit\/coaching-developper-ma-capacite-a-rever-et-a-oser-pour-faire-grandir-ma-posture-dentrepreneure\/#breadcrumb\",\"itemListElement\":[{\"@type\":\"ListItem\",\"position\":1,\"name\":\"Accueil\",\"item\":\"https:\/\/empow-her.com\/en\/landing-page\/\"},{\"@type\":\"ListItem\",\"position\":2,\"name\":\"LA BOUTIQUE\",\"item\":\"https:\/\/empow-her.com\/boutique\/\"},{\"@type\":\"ListItem\",\"position\":3,\"name\":\"Coaching &#8211; D\u00e9velopper ma capacit\u00e9 \u00e0 r\u00eaver et \u00e0 oser pour faire grandir ma posture d\u2019entrepreneure\"}]},{\"@type\":\"WebSite\",\"@id\":\"https:\/\/empow-her.com\/#website\",\"url\":\"https:\/\/empow-her.com\/\",\"name\":\"Empow&#039;Her\",\"description\":\"Women Development\",\"potentialAction\":[{\"@type\":\"SearchAction\",\"target\":{\"@type\":\"EntryPoint\",\"urlTemplate\":\"https:\/\/empow-her.com\/?s={search_term_string}\"},\"query-input\":{\"@type\":\"PropertyValueSpecification\",\"valueRequired\":true,\"valueName\":\"search_term_string\"}}],\"inLanguage\":\"en-US\"}]}<\/script>\n<!-- \/ Yoast SEO plugin. -->","yoast_head_json":{"title":"Coaching - D\u00e9velopper ma capacit\u00e9 \u00e0 r\u00eaver et \u00e0 oser pour faire grandir ma posture d\u2019entrepreneure - Empow&#039;Her","robots":{"index":"index","follow":"follow","max-snippet":"max-snippet:-1","max-image-preview":"max-image-preview:large","max-video-preview":"max-video-preview:-1"},"canonical":"https:\/\/empow-her.com\/es\/produit\/coaching-developper-ma-capacite-a-rever-et-a-oser-pour-faire-grandir-ma-posture-dentrepreneure\/","og_locale":"en_US","og_type":"article","og_title":"Coaching - D\u00e9velopper ma capacit\u00e9 \u00e0 r\u00eaver et \u00e0 oser pour faire grandir ma posture d\u2019entrepreneure - Empow&#039;Her","og_description":"Une session de coaching #self-leadership pour d\u00e9velopper sa capacit\u00e9 \u00e0 r\u00eaver et \u00e0 oser pour faire grandir sa posture d'entrepreneure, pour mieux se conna\u00eetre, aligner ses forces et ses valeurs avec son souhait d\u2019impact sur le monde, et \u00eatre en mesure de l\u2019exprimer et de l\u2019incarner avec audace !  &nbsp;  Par : Sophie Petit, du collectif Bulles  &nbsp;  Intervenant.e.s : Sophie Petit   Avec sa soeur, Sophie a fond\u00e9 Bulles pour cr\u00e9er des espaces-temps de dialogue au coeur de nos vies professionnelles. Telle une reporter, elle aime questionner et encourager \u00e0 imaginer les possibles pour s\u2019\u00e9panouir pleinement, et \u00e9crit des r\u00e9cits et reportages pour explorer la vie du bout de la rue jusqu\u2019au bout du monde.  &nbsp;  Dur\u00e9e : Permanence de 4h avec un cr\u00e9neau de 1h par participante  &nbsp;  &nbsp;","og_url":"https:\/\/empow-her.com\/es\/produit\/coaching-developper-ma-capacite-a-rever-et-a-oser-pour-faire-grandir-ma-posture-dentrepreneure\/","og_site_name":"Empow&#039;Her","article_modified_time":"2021-04-16T13:40:54+00:00","twitter_card":"summary_large_image","schema":{"@context":"https:\/\/schema.org","@graph":[{"@type":"WebPage","@id":"https:\/\/empow-her.com\/es\/produit\/coaching-developper-ma-capacite-a-rever-et-a-oser-pour-faire-grandir-ma-posture-dentrepreneure\/","url":"https:\/\/empow-her.com\/es\/produit\/coaching-developper-ma-capacite-a-rever-et-a-oser-pour-faire-grandir-ma-posture-dentrepreneure\/","name":"Coaching - D\u00e9velopper ma capacit\u00e9 \u00e0 r\u00eaver et \u00e0 oser pour faire grandir ma posture d\u2019entrepreneure - Empow&#039;Her","isPartOf":{"@id":"https:\/\/empow-her.com\/#website"},"datePublished":"2021-04-16T13:39:07+00:00","dateModified":"2021-04-16T13:40:54+00:00","breadcrumb":{"@id":"https:\/\/empow-her.com\/es\/produit\/coaching-developper-ma-capacite-a-rever-et-a-oser-pour-faire-grandir-ma-posture-dentrepreneure\/#breadcrumb"},"inLanguage":"en-US","potentialAction":[{"@type":"ReadAction","target":["https:\/\/empow-her.com\/es\/produit\/coaching-developper-ma-capacite-a-rever-et-a-oser-pour-faire-grandir-ma-posture-dentrepreneure\/"]}]},{"@type":"BreadcrumbList","@id":"https:\/\/empow-her.com\/es\/produit\/coaching-developper-ma-capacite-a-rever-et-a-oser-pour-faire-grandir-ma-posture-dentrepreneure\/#breadcrumb","itemListElement":[{"@type":"ListItem","position":1,"name":"Accueil","item":"https:\/\/empow-her.com\/en\/landing-page\/"},{"@type":"ListItem","position":2,"name":"LA BOUTIQUE","item":"https:\/\/empow-her.com\/boutique\/"},{"@type":"ListItem","position":3,"name":"Coaching &#8211; D\u00e9velopper ma capacit\u00e9 \u00e0 r\u00eaver et \u00e0 oser pour faire grandir ma posture d\u2019entrepreneure"}]},{"@type":"WebSite","@id":"https:\/\/empow-her.com\/#website","url":"https:\/\/empow-her.com\/","name":"Empow&#039;Her","description":"Women Development","potentialAction":[{"@type":"SearchAction","target":{"@type":"EntryPoint","urlTemplate":"https:\/\/empow-her.com\/?s={search_term_string}"},"query-input":{"@type":"PropertyValueSpecification","valueRequired":true,"valueName":"search_term_string"}}],"inLanguage":"en-US"}]}},"_links":{"self":[{"href":"https:\/\/empow-her.com\/en\/wp-json\/wp\/v2\/product\/12940","targetHints":{"allow":["GET"]}}],"collection":[{"href":"https:\/\/empow-her.com\/en\/wp-json\/wp\/v2\/product"}],"about":[{"href":"https:\/\/empow-her.com\/en\/wp-json\/wp\/v2\/types\/product"}],"wp:attachment":[{"href":"https:\/\/empow-her.com\/en\/wp-json\/wp\/v2\/media?parent=12940"}],"wp:term":[{"taxonomy":"product_brand","embeddable":true,"href":"https:\/\/empow-her.com\/en\/wp-json\/wp\/v2\/product_brand?post=12940"},{"taxonomy":"product_cat","embeddable":true,"href":"https:\/\/empow-her.com\/en\/wp-json\/wp\/v2\/product_cat?post=12940"},{"taxonomy":"product_tag","embeddable":true,"href":"https:\/\/empow-her.com\/en\/wp-json\/wp\/v2\/product_tag?post=12940"},{"taxonomy":"lieu","embeddable":true,"href":"https:\/\/empow-her.com\/en\/wp-json\/wp\/v2\/lieu?post=12940"},{"taxonomy":"thematiques","embeddable":true,"href":"https:\/\/empow-her.com\/en\/wp-json\/wp\/v2\/thematiques?post=12940"}],"curies":[{"name":"wp","href":"https:\/\/api.w.org\/{rel}","templated":true}]}}