{"id":128993,"date":"2022-12-14T16:49:31","date_gmt":"2022-12-14T15:49:31","guid":{"rendered":"https:\/\/empow-her.com\/?post_type=product&#038;p=128993"},"modified":"2023-03-23T12:34:02","modified_gmt":"2023-03-23T11:34:02","slug":"coaching-faire-emerger-et-approfondir-son-idee-de-projet-8","status":"publish","type":"product","link":"https:\/\/empow-her.com\/en\/produit\/coaching-faire-emerger-et-approfondir-son-idee-de-projet-8\/","title":{"rendered":"Coaching &#8211; Faire \u00e9merger et approfondir son id\u00e9e de projet"},"content":{"rendered":"","protected":false},"excerpt":{"rendered":"<p>Parce que se lancer sur un projet demande de la r\u00e9flexion, ce coaching s&#8217;adresse \u00e0 celles :<br \/>\n&#8211; qui veulent approfondir leur connaissance de soi, challenger ou d\u00e9finir leur id\u00e9e de projet en coh\u00e9rence avec leurs besoins, valeurs et aspirations ;<br \/>\n&#8211; qui veulent passer de l&#8217;id\u00e9e au projet en approfondissant le WHY ?, le WHAT ? et le HOW ?<\/p>\n<p>Session de coaching<strong> en ligne<\/strong><\/p>\n<p><strong>Dur\u00e9e<\/strong> : U<span data-sheets-value=\"{&quot;1&quot;:2,&quot;2&quot;:&quot;Permanence de 4h avec un cr\u00e9neau de 1h par participante (+ 15 minutes entre chaque)&quot;}\" data-sheets-userformat=\"{&quot;2&quot;:7167,&quot;3&quot;:{&quot;1&quot;:0},&quot;4&quot;:{&quot;1&quot;:2,&quot;2&quot;:16777215},&quot;5&quot;:{&quot;1&quot;:[{&quot;1&quot;:2,&quot;2&quot;:0,&quot;5&quot;:{&quot;1&quot;:2,&quot;2&quot;:0}},{&quot;1&quot;:0,&quot;2&quot;:0,&quot;3&quot;:3},{&quot;1&quot;:1,&quot;2&quot;:0,&quot;4&quot;:1}]},&quot;6&quot;:{&quot;1&quot;:[{&quot;1&quot;:2,&quot;2&quot;:0,&quot;5&quot;:{&quot;1&quot;:2,&quot;2&quot;:0}},{&quot;1&quot;:0,&quot;2&quot;:0,&quot;3&quot;:3},{&quot;1&quot;:1,&quot;2&quot;:0,&quot;4&quot;:1}]},&quot;7&quot;:{&quot;1&quot;:[{&quot;1&quot;:2,&quot;2&quot;:0,&quot;5&quot;:{&quot;1&quot;:2,&quot;2&quot;:0}},{&quot;1&quot;:0,&quot;2&quot;:0,&quot;3&quot;:3},{&quot;1&quot;:1,&quot;2&quot;:0,&quot;4&quot;:1}]},&quot;8&quot;:{&quot;1&quot;:[{&quot;1&quot;:2,&quot;2&quot;:0,&quot;5&quot;:{&quot;1&quot;:2,&quot;2&quot;:0}},{&quot;1&quot;:0,&quot;2&quot;:0,&quot;3&quot;:3},{&quot;1&quot;:1,&quot;2&quot;:0,&quot;4&quot;:1}]},&quot;9&quot;:0,&quot;10&quot;:1,&quot;11&quot;:4,&quot;12&quot;:0,&quot;14&quot;:{&quot;1&quot;:2,&quot;2&quot;:0},&quot;15&quot;:&quot;Calibri&quot;}\">n cr\u00e9neau de 1h en individuel<\/span><\/p>\n<p><strong>Intervenant.e.s :\u00a0<\/strong><br \/>\nMarie-Claude Riquier<\/p>\n<p style=\"font-weight: 400;\">Riche d\u2019une exp\u00e9rience professionnelle de plus de 30 ans dans le retail en tant que manager puis de consultante ind\u00e9pendante,\u00a0\u00a0Marie-Claude\u00a0a\u00a0 cr\u00e9\u00e9 il y a 3 ans une soci\u00e9t\u00e9 de conseil en retail\u00a0<strong>\u00ab C\u2019est quoi le concept ? \u00bb<\/strong>\u00a0pour r\u00e9aliser des missions en tant qu\u2019ind\u00e9pendante. En parall\u00e8le, elle s&#8217;investit en parall\u00e8le aupr\u00e8s d\u2019associations, en tant que coach et mentor, dans des activit\u00e9s d\u2019accompagnement.<\/p>\n<p style=\"font-weight: 400;\">Ce parcours professionnel et personnel a largement contribu\u00e9 \u00e0 nourrir son projet de reconversion, et apr\u00e8s une formation de coach professionnelle et l\u2019obtention de sa certification elle cr\u00e9e\u00a0<strong>\u00abC\u2019est quoi le projet ?\u00bb<\/strong>\u00a0pour accompagner les femmes actives en qu\u00eate de sens et d\u2019\u00e9quilibre dans la r\u00e9alisation de leur projet, qu\u2019il soit personnel, professionnel ou entrepreneurial.<\/p>\n<p style=\"font-weight: 400;\"><strong>Son petit mot :\u00a0<\/strong>\u201cJ\u2019ai toujours \u00e9t\u00e9 attach\u00e9e \u00e0 conjuguer vie professionnelle et vie personnelle dans une recherche d\u2019harmonie qui a pu prendre des modalit\u00e9s diff\u00e9rentes selon les diff\u00e9rentes p\u00e9riodes de ma vie et suis convaincue que :<\/p>\n<ul style=\"font-weight: 400;\">\n<li>notre projet professionnel doit s\u2019int\u00e9grer dans un projet plus global de vie,<\/li>\n<li>l\u2019harmonie et le bien-\u00eatre passent par une coh\u00e9rence entre nos aspirations et nos valeurs,<\/li>\n<li>mieux se conna\u00eetre permet de mieux s\u2019ancrer sur soi pour mieux se d\u00e9velopper et s\u2019\u00e9panouir,<\/li>\n<li>les prises de conscience sont n\u00e9cessaires pour progresser \u2026 mais pas suffisantes et qu\u2019elle doivent s\u2019accompagner d\u2019une \u00ab mise en marche \u00bb via des plans d\u2019actions.\u201d<\/li>\n<\/ul>\n<p><strong>Pr\u00e9-requis\u00a0<\/strong>: Merci de bien vouloir le formulaire suivant afin que la coach puisse r\u00e9pondre au mieux \u00e0 vos besoins : <a href=\"https:\/\/airtable.com\/appB3uvkYuO3KGkV5\/tblHFSbvGyZdJ9hDn\/viwAmRjQaHZ4Hc4ay?blocks=hide\">https:\/\/airtable.com\/appB3uvkYuO3KGkV5\/tblHFSbvGyZdJ9hDn\/viwAmRjQaHZ4Hc4ay?blocks=hide<\/a><\/p>\n<p style=\"font-weight: 400;\"><strong>Le lien vers son site :<\/strong>\u00a0<a href=\"http:\/\/www.cestquoileprojet.fr\/\" data-saferedirecturl=\"https:\/\/www.google.com\/url?q=http:\/\/www.cestquoileprojet.fr\/&amp;source=gmail&amp;ust=1671111523578000&amp;usg=AOvVaw2KJ73pFn8jTO0pAQ5lIXIl\">www.cestquoileprojet.fr<\/a><\/p>\n<p>Ce projet est co-financ\u00e9 par le Fonds Social Europ\u00e9en.<\/p>\n<p><img decoding=\"async\" class=\"alignnone size-medium wp-image-15794\" src=\"https:\/\/empow-her.com\/wp-content\/uploads\/2021\/07\/fse-logos-1-300x54.png\" alt=\"\" width=\"300\" height=\"54\" srcset=\"https:\/\/empow-her.com\/wp-content\/uploads\/2021\/07\/fse-logos-1-300x54.png 300w, https:\/\/empow-her.com\/wp-content\/uploads\/2021\/07\/fse-logos-1-600x108.png 600w, https:\/\/empow-her.com\/wp-content\/uploads\/2021\/07\/fse-logos-1-1024x184.png 1024w, https:\/\/empow-her.com\/wp-content\/uploads\/2021\/07\/fse-logos-1-768x138.png 768w, https:\/\/empow-her.com\/wp-content\/uploads\/2021\/07\/fse-logos-1-1536x275.png 1536w, https:\/\/empow-her.com\/wp-content\/uploads\/2021\/07\/fse-logos-1-2048x367.png 2048w, https:\/\/empow-her.com\/wp-content\/uploads\/2021\/07\/fse-logos-1-24x4.png 24w, https:\/\/empow-her.com\/wp-content\/uploads\/2021\/07\/fse-logos-1-36x6.png 36w, https:\/\/empow-her.com\/wp-content\/uploads\/2021\/07\/fse-logos-1-48x9.png 48w\" sizes=\"(max-width: 300px) 100vw, 300px\" \/><\/p>\n","protected":false},"featured_media":149305,"template":"","format":"standard","meta":{"_acf_changed":false,"om_disable_all_campaigns":false,"_uf_show_specific_survey":0,"_uf_disable_surveys":false},"product_brand":[],"product_cat":[121],"product_tag":[],"lieu":[125],"thematiques":[],"class_list":{"0":"post-128993","1":"product","2":"type-product","3":"status-publish","4":"format-standard","5":"has-post-thumbnail","7":"product_cat-coaching","8":"lieu-en-ligne","10":"first","11":"instock","12":"virtual","13":"purchasable","14":"product-type-appointment"},"exclude_global_add_ons":[],"addons":[],"acf":[],"yoast_head":"<!-- This site is optimized with the Yoast SEO plugin v24.8 - https:\/\/yoast.com\/wordpress\/plugins\/seo\/ -->\n<title>Coaching - Faire \u00e9merger et approfondir son id\u00e9e de projet - Empow&#039;Her<\/title>\n<meta name=\"robots\" content=\"index, follow, max-snippet:-1, max-image-preview:large, max-video-preview:-1\" \/>\n<link rel=\"canonical\" href=\"https:\/\/empow-her.com\/produit\/coaching-faire-emerger-et-approfondir-son-idee-de-projet-8\/\" \/>\n<meta property=\"og:locale\" content=\"en_US\" \/>\n<meta property=\"og:type\" content=\"article\" \/>\n<meta property=\"og:title\" content=\"Coaching - Faire \u00e9merger et approfondir son id\u00e9e de projet - Empow&#039;Her\" \/>\n<meta property=\"og:description\" content=\"Parce que se lancer sur un projet demande de la r\u00e9flexion, ce coaching s&#039;adresse \u00e0 celles : - qui veulent approfondir leur connaissance de soi, challenger ou d\u00e9finir leur id\u00e9e de projet en coh\u00e9rence avec leurs besoins, valeurs et aspirations ; - qui veulent passer de l&#039;id\u00e9e au projet en approfondissant le WHY ?, le WHAT ? et le HOW ?  Session de coaching en ligne  Dur\u00e9e : Un cr\u00e9neau de 1h en individuel  Intervenant.e.s :\u00a0 Marie-Claude Riquier Riche d\u2019une exp\u00e9rience professionnelle de plus de 30 ans dans le retail en tant que manager puis de consultante ind\u00e9pendante,\u00a0\u00a0Marie-Claude\u00a0a\u00a0 cr\u00e9\u00e9 il y a 3 ans une soci\u00e9t\u00e9 de conseil en retail\u00a0\u00ab C\u2019est quoi le concept ? \u00bb\u00a0pour r\u00e9aliser des missions en tant qu\u2019ind\u00e9pendante. En parall\u00e8le, elle s&#039;investit en parall\u00e8le aupr\u00e8s d\u2019associations, en tant que coach et mentor, dans des activit\u00e9s d\u2019accompagnement. Ce parcours professionnel et personnel a largement contribu\u00e9 \u00e0 nourrir son projet de reconversion, et apr\u00e8s une formation de coach professionnelle et l\u2019obtention de sa certification elle cr\u00e9e\u00a0\u00abC\u2019est quoi le projet ?\u00bb\u00a0pour accompagner les femmes actives en qu\u00eate de sens et d\u2019\u00e9quilibre dans la r\u00e9alisation de leur projet, qu\u2019il soit personnel, professionnel ou entrepreneurial. Son petit mot :\u00a0\u201cJ\u2019ai toujours \u00e9t\u00e9 attach\u00e9e \u00e0 conjuguer vie professionnelle et vie personnelle dans une recherche d\u2019harmonie qui a pu prendre des modalit\u00e9s diff\u00e9rentes selon les diff\u00e9rentes p\u00e9riodes de ma vie et suis convaincue que :    notre projet professionnel doit s\u2019int\u00e9grer dans un projet plus global de vie,  l\u2019harmonie et le bien-\u00eatre passent par une coh\u00e9rence entre nos aspirations et nos valeurs,  mieux se conna\u00eetre permet de mieux s\u2019ancrer sur soi pour mieux se d\u00e9velopper et s\u2019\u00e9panouir,  les prises de conscience sont n\u00e9cessaires pour progresser \u2026 mais pas suffisantes et qu\u2019elle doivent s\u2019accompagner d\u2019une \u00ab mise en marche \u00bb via des plans d\u2019actions.\u201d  Pr\u00e9-requis\u00a0: Merci de bien vouloir le formulaire suivant afin que la coach puisse r\u00e9pondre au mieux \u00e0 vos besoins : https:\/\/airtable.com\/appB3uvkYuO3KGkV5\/tblHFSbvGyZdJ9hDn\/viwAmRjQaHZ4Hc4ay?blocks=hide Le lien vers son site :\u00a0www.cestquoileprojet.fr Ce projet est co-financ\u00e9 par le Fonds Social Europ\u00e9en.\" \/>\n<meta property=\"og:url\" content=\"https:\/\/empow-her.com\/produit\/coaching-faire-emerger-et-approfondir-son-idee-de-projet-8\/\" \/>\n<meta property=\"og:site_name\" content=\"Empow&#039;Her\" \/>\n<meta property=\"article:modified_time\" content=\"2023-03-23T11:34:02+00:00\" \/>\n<meta property=\"og:image\" content=\"https:\/\/empow-her.com\/wp-content\/uploads\/2022\/12\/Women-Dare-templates-events-2023-03-20T113244.488.png\" \/>\n\t<meta property=\"og:image:width\" content=\"1080\" \/>\n\t<meta property=\"og:image:height\" content=\"1080\" \/>\n\t<meta property=\"og:image:type\" content=\"image\/png\" \/>\n<meta name=\"twitter:card\" content=\"summary_large_image\" \/>\n<script type=\"application\/ld+json\" class=\"yoast-schema-graph\">{\"@context\":\"https:\/\/schema.org\",\"@graph\":[{\"@type\":\"WebPage\",\"@id\":\"https:\/\/empow-her.com\/produit\/coaching-faire-emerger-et-approfondir-son-idee-de-projet-8\/\",\"url\":\"https:\/\/empow-her.com\/produit\/coaching-faire-emerger-et-approfondir-son-idee-de-projet-8\/\",\"name\":\"Coaching - Faire \u00e9merger et approfondir son id\u00e9e de projet - Empow&#039;Her\",\"isPartOf\":{\"@id\":\"https:\/\/empow-her.com\/#website\"},\"primaryImageOfPage\":{\"@id\":\"https:\/\/empow-her.com\/produit\/coaching-faire-emerger-et-approfondir-son-idee-de-projet-8\/#primaryimage\"},\"image\":{\"@id\":\"https:\/\/empow-her.com\/produit\/coaching-faire-emerger-et-approfondir-son-idee-de-projet-8\/#primaryimage\"},\"thumbnailUrl\":\"https:\/\/empow-her.com\/wp-content\/uploads\/2022\/12\/Women-Dare-templates-events-2023-03-20T113244.488.png\",\"datePublished\":\"2022-12-14T15:49:31+00:00\",\"dateModified\":\"2023-03-23T11:34:02+00:00\",\"breadcrumb\":{\"@id\":\"https:\/\/empow-her.com\/produit\/coaching-faire-emerger-et-approfondir-son-idee-de-projet-8\/#breadcrumb\"},\"inLanguage\":\"en-US\",\"potentialAction\":[{\"@type\":\"ReadAction\",\"target\":[\"https:\/\/empow-her.com\/produit\/coaching-faire-emerger-et-approfondir-son-idee-de-projet-8\/\"]}]},{\"@type\":\"ImageObject\",\"inLanguage\":\"en-US\",\"@id\":\"https:\/\/empow-her.com\/produit\/coaching-faire-emerger-et-approfondir-son-idee-de-projet-8\/#primaryimage\",\"url\":\"https:\/\/empow-her.com\/wp-content\/uploads\/2022\/12\/Women-Dare-templates-events-2023-03-20T113244.488.png\",\"contentUrl\":\"https:\/\/empow-her.com\/wp-content\/uploads\/2022\/12\/Women-Dare-templates-events-2023-03-20T113244.488.png\",\"width\":1080,\"height\":1080},{\"@type\":\"BreadcrumbList\",\"@id\":\"https:\/\/empow-her.com\/produit\/coaching-faire-emerger-et-approfondir-son-idee-de-projet-8\/#breadcrumb\",\"itemListElement\":[{\"@type\":\"ListItem\",\"position\":1,\"name\":\"Accueil\",\"item\":\"https:\/\/empow-her.com\/en\/landing-page\/\"},{\"@type\":\"ListItem\",\"position\":2,\"name\":\"LA BOUTIQUE\",\"item\":\"https:\/\/empow-her.com\/boutique\/\"},{\"@type\":\"ListItem\",\"position\":3,\"name\":\"Coaching &#8211; Faire \u00e9merger et approfondir son id\u00e9e de projet\"}]},{\"@type\":\"WebSite\",\"@id\":\"https:\/\/empow-her.com\/#website\",\"url\":\"https:\/\/empow-her.com\/\",\"name\":\"Empow&#039;Her\",\"description\":\"Women Development\",\"potentialAction\":[{\"@type\":\"SearchAction\",\"target\":{\"@type\":\"EntryPoint\",\"urlTemplate\":\"https:\/\/empow-her.com\/?s={search_term_string}\"},\"query-input\":{\"@type\":\"PropertyValueSpecification\",\"valueRequired\":true,\"valueName\":\"search_term_string\"}}],\"inLanguage\":\"en-US\"}]}<\/script>\n<!-- \/ Yoast SEO plugin. -->","yoast_head_json":{"title":"Coaching - Faire \u00e9merger et approfondir son id\u00e9e de projet - Empow&#039;Her","robots":{"index":"index","follow":"follow","max-snippet":"max-snippet:-1","max-image-preview":"max-image-preview:large","max-video-preview":"max-video-preview:-1"},"canonical":"https:\/\/empow-her.com\/produit\/coaching-faire-emerger-et-approfondir-son-idee-de-projet-8\/","og_locale":"en_US","og_type":"article","og_title":"Coaching - Faire \u00e9merger et approfondir son id\u00e9e de projet - Empow&#039;Her","og_description":"Parce que se lancer sur un projet demande de la r\u00e9flexion, ce coaching s'adresse \u00e0 celles : - qui veulent approfondir leur connaissance de soi, challenger ou d\u00e9finir leur id\u00e9e de projet en coh\u00e9rence avec leurs besoins, valeurs et aspirations ; - qui veulent passer de l'id\u00e9e au projet en approfondissant le WHY ?, le WHAT ? et le HOW ?  Session de coaching en ligne  Dur\u00e9e : Un cr\u00e9neau de 1h en individuel  Intervenant.e.s :\u00a0 Marie-Claude Riquier Riche d\u2019une exp\u00e9rience professionnelle de plus de 30 ans dans le retail en tant que manager puis de consultante ind\u00e9pendante,\u00a0\u00a0Marie-Claude\u00a0a\u00a0 cr\u00e9\u00e9 il y a 3 ans une soci\u00e9t\u00e9 de conseil en retail\u00a0\u00ab C\u2019est quoi le concept ? \u00bb\u00a0pour r\u00e9aliser des missions en tant qu\u2019ind\u00e9pendante. En parall\u00e8le, elle s'investit en parall\u00e8le aupr\u00e8s d\u2019associations, en tant que coach et mentor, dans des activit\u00e9s d\u2019accompagnement. Ce parcours professionnel et personnel a largement contribu\u00e9 \u00e0 nourrir son projet de reconversion, et apr\u00e8s une formation de coach professionnelle et l\u2019obtention de sa certification elle cr\u00e9e\u00a0\u00abC\u2019est quoi le projet ?\u00bb\u00a0pour accompagner les femmes actives en qu\u00eate de sens et d\u2019\u00e9quilibre dans la r\u00e9alisation de leur projet, qu\u2019il soit personnel, professionnel ou entrepreneurial. Son petit mot :\u00a0\u201cJ\u2019ai toujours \u00e9t\u00e9 attach\u00e9e \u00e0 conjuguer vie professionnelle et vie personnelle dans une recherche d\u2019harmonie qui a pu prendre des modalit\u00e9s diff\u00e9rentes selon les diff\u00e9rentes p\u00e9riodes de ma vie et suis convaincue que :    notre projet professionnel doit s\u2019int\u00e9grer dans un projet plus global de vie,  l\u2019harmonie et le bien-\u00eatre passent par une coh\u00e9rence entre nos aspirations et nos valeurs,  mieux se conna\u00eetre permet de mieux s\u2019ancrer sur soi pour mieux se d\u00e9velopper et s\u2019\u00e9panouir,  les prises de conscience sont n\u00e9cessaires pour progresser \u2026 mais pas suffisantes et qu\u2019elle doivent s\u2019accompagner d\u2019une \u00ab mise en marche \u00bb via des plans d\u2019actions.\u201d  Pr\u00e9-requis\u00a0: Merci de bien vouloir le formulaire suivant afin que la coach puisse r\u00e9pondre au mieux \u00e0 vos besoins : https:\/\/airtable.com\/appB3uvkYuO3KGkV5\/tblHFSbvGyZdJ9hDn\/viwAmRjQaHZ4Hc4ay?blocks=hide Le lien vers son site :\u00a0www.cestquoileprojet.fr Ce projet est co-financ\u00e9 par le Fonds Social Europ\u00e9en.","og_url":"https:\/\/empow-her.com\/produit\/coaching-faire-emerger-et-approfondir-son-idee-de-projet-8\/","og_site_name":"Empow&#039;Her","article_modified_time":"2023-03-23T11:34:02+00:00","og_image":[{"width":1080,"height":1080,"url":"https:\/\/empow-her.com\/wp-content\/uploads\/2022\/12\/Women-Dare-templates-events-2023-03-20T113244.488.png","type":"image\/png"}],"twitter_card":"summary_large_image","schema":{"@context":"https:\/\/schema.org","@graph":[{"@type":"WebPage","@id":"https:\/\/empow-her.com\/produit\/coaching-faire-emerger-et-approfondir-son-idee-de-projet-8\/","url":"https:\/\/empow-her.com\/produit\/coaching-faire-emerger-et-approfondir-son-idee-de-projet-8\/","name":"Coaching - Faire \u00e9merger et approfondir son id\u00e9e de projet - Empow&#039;Her","isPartOf":{"@id":"https:\/\/empow-her.com\/#website"},"primaryImageOfPage":{"@id":"https:\/\/empow-her.com\/produit\/coaching-faire-emerger-et-approfondir-son-idee-de-projet-8\/#primaryimage"},"image":{"@id":"https:\/\/empow-her.com\/produit\/coaching-faire-emerger-et-approfondir-son-idee-de-projet-8\/#primaryimage"},"thumbnailUrl":"https:\/\/empow-her.com\/wp-content\/uploads\/2022\/12\/Women-Dare-templates-events-2023-03-20T113244.488.png","datePublished":"2022-12-14T15:49:31+00:00","dateModified":"2023-03-23T11:34:02+00:00","breadcrumb":{"@id":"https:\/\/empow-her.com\/produit\/coaching-faire-emerger-et-approfondir-son-idee-de-projet-8\/#breadcrumb"},"inLanguage":"en-US","potentialAction":[{"@type":"ReadAction","target":["https:\/\/empow-her.com\/produit\/coaching-faire-emerger-et-approfondir-son-idee-de-projet-8\/"]}]},{"@type":"ImageObject","inLanguage":"en-US","@id":"https:\/\/empow-her.com\/produit\/coaching-faire-emerger-et-approfondir-son-idee-de-projet-8\/#primaryimage","url":"https:\/\/empow-her.com\/wp-content\/uploads\/2022\/12\/Women-Dare-templates-events-2023-03-20T113244.488.png","contentUrl":"https:\/\/empow-her.com\/wp-content\/uploads\/2022\/12\/Women-Dare-templates-events-2023-03-20T113244.488.png","width":1080,"height":1080},{"@type":"BreadcrumbList","@id":"https:\/\/empow-her.com\/produit\/coaching-faire-emerger-et-approfondir-son-idee-de-projet-8\/#breadcrumb","itemListElement":[{"@type":"ListItem","position":1,"name":"Accueil","item":"https:\/\/empow-her.com\/en\/landing-page\/"},{"@type":"ListItem","position":2,"name":"LA BOUTIQUE","item":"https:\/\/empow-her.com\/boutique\/"},{"@type":"ListItem","position":3,"name":"Coaching &#8211; Faire \u00e9merger et approfondir son id\u00e9e de projet"}]},{"@type":"WebSite","@id":"https:\/\/empow-her.com\/#website","url":"https:\/\/empow-her.com\/","name":"Empow&#039;Her","description":"Women Development","potentialAction":[{"@type":"SearchAction","target":{"@type":"EntryPoint","urlTemplate":"https:\/\/empow-her.com\/?s={search_term_string}"},"query-input":{"@type":"PropertyValueSpecification","valueRequired":true,"valueName":"search_term_string"}}],"inLanguage":"en-US"}]}},"_links":{"self":[{"href":"https:\/\/empow-her.com\/en\/wp-json\/wp\/v2\/product\/128993","targetHints":{"allow":["GET"]}}],"collection":[{"href":"https:\/\/empow-her.com\/en\/wp-json\/wp\/v2\/product"}],"about":[{"href":"https:\/\/empow-her.com\/en\/wp-json\/wp\/v2\/types\/product"}],"wp:featuredmedia":[{"embeddable":true,"href":"https:\/\/empow-her.com\/en\/wp-json\/wp\/v2\/media\/149305"}],"wp:attachment":[{"href":"https:\/\/empow-her.com\/en\/wp-json\/wp\/v2\/media?parent=128993"}],"wp:term":[{"taxonomy":"product_brand","embeddable":true,"href":"https:\/\/empow-her.com\/en\/wp-json\/wp\/v2\/product_brand?post=128993"},{"taxonomy":"product_cat","embeddable":true,"href":"https:\/\/empow-her.com\/en\/wp-json\/wp\/v2\/product_cat?post=128993"},{"taxonomy":"product_tag","embeddable":true,"href":"https:\/\/empow-her.com\/en\/wp-json\/wp\/v2\/product_tag?post=128993"},{"taxonomy":"lieu","embeddable":true,"href":"https:\/\/empow-her.com\/en\/wp-json\/wp\/v2\/lieu?post=128993"},{"taxonomy":"thematiques","embeddable":true,"href":"https:\/\/empow-her.com\/en\/wp-json\/wp\/v2\/thematiques?post=128993"}],"curies":[{"name":"wp","href":"https:\/\/api.w.org\/{rel}","templated":true}]}}