{"id":127741,"date":"2022-12-01T17:13:11","date_gmt":"2022-12-01T16:13:11","guid":{"rendered":"https:\/\/empow-her.com\/?post_type=product&#038;p=127741"},"modified":"2022-12-01T18:14:21","modified_gmt":"2022-12-01T17:14:21","slug":"atelier-speed-consulting","status":"publish","type":"product","link":"https:\/\/empow-her.com\/en\/produit\/atelier-speed-consulting\/","title":{"rendered":"Atelier &#8211; Speed-consulting"},"content":{"rendered":"<p>Dans le cadre de la cl\u00f4ture de la semaine de l&#8217;engagement nous avons le plaisir d&#8217;accueillir KPMG, pour un atelier de speed-consulting de 15h \u00e0 17h.<\/p>\n<p>D\u00e9roul\u00e9 :<\/p>\n<p>15:00-15:30 : Rencontre caf\u00e9 avec les collaborateurs<br \/>\n15:30 -16:50 : <strong>A<\/strong><b data-stringify-type=\"bold\">telier<\/b>\u00a0<b data-stringify-type=\"bold\">speed-consulting<\/b><br \/>\n16:50 &#8211; 17:00 D\u00e9brief et conclusion<\/p>\n<p>Les th\u00e9matiques sur lesquelles vous pourrez \u00eatre coach\u00e9es sont :<\/p>\n<p><strong>Marketing &amp; Communication<\/strong> :<br \/>\n\u25cf D\u00e9finir son identit\u00e9 et image de marque<br \/>\n\u25cf Cr\u00e9er une campagne de communication<br \/>\n\u25cf Utiliser les techniques de marketing digital et les r\u00e9seaux sociaux.<\/p>\n<p><strong>Strat\u00e9gie et prospection commerciale<\/strong> :<br \/>\n\u25cf D\u00e9finir ses offres et son argumentaire<br \/>\n\u25cf Prospecter et cr\u00e9er des partenariats<br \/>\n\u25cf Trouver ses premiers clients<\/p>\n<p><strong>Financements<\/strong> :<br \/>\n\u25cf Construire son business plan<br \/>\n\u25cf Identifier des sources de financement<\/p>\n<p><strong>Attention, seulement 10 places sont disponibles !<\/strong><\/p>\n<p>Il vous sera demand\u00e9 de remplir un formulaire en amont pour d\u00e9finir vos besoins et vous matcher avec les bon.nes\u00a0 collaborateur.rices.<\/p>\n","protected":false},"excerpt":{"rendered":"<p>Dans le cadre de la cl\u00f4ture de la semaine de l&#8217;engagement nous avons le plaisir d&#8217;accueillir KPMG, pour un atelier de speed-consulting de 15h \u00e0 17H.<\/p>\n<p>D\u00e9roul\u00e9 :<\/p>\n<p>15:00-15:30 : Rencontre caf\u00e9 avec les collaborateurs<br \/>\n15:30 -16:50 : Atelier\u00a0speed-consulting<br \/>\n16:50 &#8211; 17:00 D\u00e9brief et conclusion<\/p>\n<p>Les th\u00e9matiques sur lesquelles vous pourrez \u00eatre coach\u00e9es sont :<\/p>\n<p>Marketing &amp; Communication :<br \/>\n\u25cf D\u00e9finir son identit\u00e9 et image de marque<br \/>\n\u25cf Cr\u00e9er une campagne de communication<br \/>\n\u25cf Utiliser les techniques de marketing digital et les r\u00e9seaux sociaux.<\/p>\n<p>Strat\u00e9gie et prospection commerciale :<br \/>\n\u25cf D\u00e9finir ses offres et son argumentaire<br \/>\n\u25cf Prospecter et cr\u00e9er des partenariats<br \/>\n\u25cf Trouver ses premiers clients<\/p>\n<p>Financements :<br \/>\n\u25cf Construire son business plan<br \/>\n\u25cf Identifier des sources de financement<\/p>\n<p>Attention, seulement 10 places sont disponibles !<\/p>\n<p>Il vous sera demand\u00e9 de remplir un formulaire en amont pour d\u00e9finir vos besoins et vous matcher avec les bon.nes\u00a0 collaborateur.rices.<\/p>\n","protected":false},"featured_media":127744,"template":"","format":"standard","meta":{"_acf_changed":false,"om_disable_all_campaigns":false,"_uf_show_specific_survey":0,"_uf_disable_surveys":false},"product_brand":[],"product_cat":[118],"product_tag":[],"lieu":[127],"thematiques":[],"class_list":{"0":"post-127741","1":"product","2":"type-product","3":"status-publish","4":"format-standard","5":"has-post-thumbnail","7":"product_cat-atelier-collectif","8":"lieu-hub-empowher","10":"first","11":"instock","12":"virtual","13":"purchasable","14":"product-type-appointment"},"exclude_global_add_ons":[],"addons":[],"acf":[],"yoast_head":"<!-- This site is optimized with the Yoast SEO plugin v24.8 - https:\/\/yoast.com\/wordpress\/plugins\/seo\/ -->\n<title>Atelier - Speed-consulting - Empow&#039;Her<\/title>\n<meta name=\"robots\" content=\"index, follow, max-snippet:-1, max-image-preview:large, max-video-preview:-1\" \/>\n<link rel=\"canonical\" href=\"https:\/\/empow-her.com\/produit\/atelier-speed-consulting\/\" \/>\n<meta property=\"og:locale\" content=\"en_US\" \/>\n<meta property=\"og:type\" content=\"article\" \/>\n<meta property=\"og:title\" content=\"Atelier - Speed-consulting - Empow&#039;Her\" \/>\n<meta property=\"og:description\" content=\"Dans le cadre de la cl\u00f4ture de la semaine de l&#039;engagement nous avons le plaisir d&#039;accueillir KPMG, pour un atelier de speed-consulting de 15h \u00e0 17H.  D\u00e9roul\u00e9 :  15:00-15:30 : Rencontre caf\u00e9 avec les collaborateurs 15:30 -16:50 : Atelier\u00a0speed-consulting 16:50 - 17:00 D\u00e9brief et conclusion  Les th\u00e9matiques sur lesquelles vous pourrez \u00eatre coach\u00e9es sont :  Marketing &amp; Communication : \u25cf D\u00e9finir son identit\u00e9 et image de marque \u25cf Cr\u00e9er une campagne de communication \u25cf Utiliser les techniques de marketing digital et les r\u00e9seaux sociaux.  Strat\u00e9gie et prospection commerciale : \u25cf D\u00e9finir ses offres et son argumentaire \u25cf Prospecter et cr\u00e9er des partenariats \u25cf Trouver ses premiers clients  Financements : \u25cf Construire son business plan \u25cf Identifier des sources de financement  Attention, seulement 10 places sont disponibles !  Il vous sera demand\u00e9 de remplir un formulaire en amont pour d\u00e9finir vos besoins et vous matcher avec les bon.nes\u00a0 collaborateur.rices.\" \/>\n<meta property=\"og:url\" content=\"https:\/\/empow-her.com\/produit\/atelier-speed-consulting\/\" \/>\n<meta property=\"og:site_name\" content=\"Empow&#039;Her\" \/>\n<meta property=\"article:modified_time\" content=\"2022-12-01T17:14:21+00:00\" \/>\n<meta property=\"og:image\" content=\"https:\/\/empow-her.com\/wp-content\/uploads\/2022\/12\/Women-Dare-templates-events.png\" \/>\n\t<meta property=\"og:image:width\" content=\"1080\" \/>\n\t<meta property=\"og:image:height\" content=\"1080\" \/>\n\t<meta property=\"og:image:type\" content=\"image\/png\" \/>\n<meta name=\"twitter:card\" content=\"summary_large_image\" \/>\n<meta name=\"twitter:label1\" content=\"Est. reading time\" \/>\n\t<meta name=\"twitter:data1\" content=\"1 minute\" \/>\n<script type=\"application\/ld+json\" class=\"yoast-schema-graph\">{\"@context\":\"https:\/\/schema.org\",\"@graph\":[{\"@type\":\"WebPage\",\"@id\":\"https:\/\/empow-her.com\/produit\/atelier-speed-consulting\/\",\"url\":\"https:\/\/empow-her.com\/produit\/atelier-speed-consulting\/\",\"name\":\"Atelier - Speed-consulting - Empow&#039;Her\",\"isPartOf\":{\"@id\":\"https:\/\/empow-her.com\/#website\"},\"primaryImageOfPage\":{\"@id\":\"https:\/\/empow-her.com\/produit\/atelier-speed-consulting\/#primaryimage\"},\"image\":{\"@id\":\"https:\/\/empow-her.com\/produit\/atelier-speed-consulting\/#primaryimage\"},\"thumbnailUrl\":\"https:\/\/empow-her.com\/wp-content\/uploads\/2022\/12\/Women-Dare-templates-events.png\",\"datePublished\":\"2022-12-01T16:13:11+00:00\",\"dateModified\":\"2022-12-01T17:14:21+00:00\",\"breadcrumb\":{\"@id\":\"https:\/\/empow-her.com\/produit\/atelier-speed-consulting\/#breadcrumb\"},\"inLanguage\":\"en-US\",\"potentialAction\":[{\"@type\":\"ReadAction\",\"target\":[\"https:\/\/empow-her.com\/produit\/atelier-speed-consulting\/\"]}]},{\"@type\":\"ImageObject\",\"inLanguage\":\"en-US\",\"@id\":\"https:\/\/empow-her.com\/produit\/atelier-speed-consulting\/#primaryimage\",\"url\":\"https:\/\/empow-her.com\/wp-content\/uploads\/2022\/12\/Women-Dare-templates-events.png\",\"contentUrl\":\"https:\/\/empow-her.com\/wp-content\/uploads\/2022\/12\/Women-Dare-templates-events.png\",\"width\":1080,\"height\":1080},{\"@type\":\"BreadcrumbList\",\"@id\":\"https:\/\/empow-her.com\/produit\/atelier-speed-consulting\/#breadcrumb\",\"itemListElement\":[{\"@type\":\"ListItem\",\"position\":1,\"name\":\"Accueil\",\"item\":\"https:\/\/empow-her.com\/en\/landing-page\/\"},{\"@type\":\"ListItem\",\"position\":2,\"name\":\"LA BOUTIQUE\",\"item\":\"https:\/\/empow-her.com\/boutique\/\"},{\"@type\":\"ListItem\",\"position\":3,\"name\":\"Atelier &#8211; Speed-consulting\"}]},{\"@type\":\"WebSite\",\"@id\":\"https:\/\/empow-her.com\/#website\",\"url\":\"https:\/\/empow-her.com\/\",\"name\":\"Empow&#039;Her\",\"description\":\"Women Development\",\"potentialAction\":[{\"@type\":\"SearchAction\",\"target\":{\"@type\":\"EntryPoint\",\"urlTemplate\":\"https:\/\/empow-her.com\/?s={search_term_string}\"},\"query-input\":{\"@type\":\"PropertyValueSpecification\",\"valueRequired\":true,\"valueName\":\"search_term_string\"}}],\"inLanguage\":\"en-US\"}]}<\/script>\n<!-- \/ Yoast SEO plugin. -->","yoast_head_json":{"title":"Atelier - Speed-consulting - Empow&#039;Her","robots":{"index":"index","follow":"follow","max-snippet":"max-snippet:-1","max-image-preview":"max-image-preview:large","max-video-preview":"max-video-preview:-1"},"canonical":"https:\/\/empow-her.com\/produit\/atelier-speed-consulting\/","og_locale":"en_US","og_type":"article","og_title":"Atelier - Speed-consulting - Empow&#039;Her","og_description":"Dans le cadre de la cl\u00f4ture de la semaine de l'engagement nous avons le plaisir d'accueillir KPMG, pour un atelier de speed-consulting de 15h \u00e0 17H.  D\u00e9roul\u00e9 :  15:00-15:30 : Rencontre caf\u00e9 avec les collaborateurs 15:30 -16:50 : Atelier\u00a0speed-consulting 16:50 - 17:00 D\u00e9brief et conclusion  Les th\u00e9matiques sur lesquelles vous pourrez \u00eatre coach\u00e9es sont :  Marketing &amp; Communication : \u25cf D\u00e9finir son identit\u00e9 et image de marque \u25cf Cr\u00e9er une campagne de communication \u25cf Utiliser les techniques de marketing digital et les r\u00e9seaux sociaux.  Strat\u00e9gie et prospection commerciale : \u25cf D\u00e9finir ses offres et son argumentaire \u25cf Prospecter et cr\u00e9er des partenariats \u25cf Trouver ses premiers clients  Financements : \u25cf Construire son business plan \u25cf Identifier des sources de financement  Attention, seulement 10 places sont disponibles !  Il vous sera demand\u00e9 de remplir un formulaire en amont pour d\u00e9finir vos besoins et vous matcher avec les bon.nes\u00a0 collaborateur.rices.","og_url":"https:\/\/empow-her.com\/produit\/atelier-speed-consulting\/","og_site_name":"Empow&#039;Her","article_modified_time":"2022-12-01T17:14:21+00:00","og_image":[{"width":1080,"height":1080,"url":"https:\/\/empow-her.com\/wp-content\/uploads\/2022\/12\/Women-Dare-templates-events.png","type":"image\/png"}],"twitter_card":"summary_large_image","twitter_misc":{"Est. reading time":"1 minute"},"schema":{"@context":"https:\/\/schema.org","@graph":[{"@type":"WebPage","@id":"https:\/\/empow-her.com\/produit\/atelier-speed-consulting\/","url":"https:\/\/empow-her.com\/produit\/atelier-speed-consulting\/","name":"Atelier - Speed-consulting - Empow&#039;Her","isPartOf":{"@id":"https:\/\/empow-her.com\/#website"},"primaryImageOfPage":{"@id":"https:\/\/empow-her.com\/produit\/atelier-speed-consulting\/#primaryimage"},"image":{"@id":"https:\/\/empow-her.com\/produit\/atelier-speed-consulting\/#primaryimage"},"thumbnailUrl":"https:\/\/empow-her.com\/wp-content\/uploads\/2022\/12\/Women-Dare-templates-events.png","datePublished":"2022-12-01T16:13:11+00:00","dateModified":"2022-12-01T17:14:21+00:00","breadcrumb":{"@id":"https:\/\/empow-her.com\/produit\/atelier-speed-consulting\/#breadcrumb"},"inLanguage":"en-US","potentialAction":[{"@type":"ReadAction","target":["https:\/\/empow-her.com\/produit\/atelier-speed-consulting\/"]}]},{"@type":"ImageObject","inLanguage":"en-US","@id":"https:\/\/empow-her.com\/produit\/atelier-speed-consulting\/#primaryimage","url":"https:\/\/empow-her.com\/wp-content\/uploads\/2022\/12\/Women-Dare-templates-events.png","contentUrl":"https:\/\/empow-her.com\/wp-content\/uploads\/2022\/12\/Women-Dare-templates-events.png","width":1080,"height":1080},{"@type":"BreadcrumbList","@id":"https:\/\/empow-her.com\/produit\/atelier-speed-consulting\/#breadcrumb","itemListElement":[{"@type":"ListItem","position":1,"name":"Accueil","item":"https:\/\/empow-her.com\/en\/landing-page\/"},{"@type":"ListItem","position":2,"name":"LA BOUTIQUE","item":"https:\/\/empow-her.com\/boutique\/"},{"@type":"ListItem","position":3,"name":"Atelier &#8211; Speed-consulting"}]},{"@type":"WebSite","@id":"https:\/\/empow-her.com\/#website","url":"https:\/\/empow-her.com\/","name":"Empow&#039;Her","description":"Women Development","potentialAction":[{"@type":"SearchAction","target":{"@type":"EntryPoint","urlTemplate":"https:\/\/empow-her.com\/?s={search_term_string}"},"query-input":{"@type":"PropertyValueSpecification","valueRequired":true,"valueName":"search_term_string"}}],"inLanguage":"en-US"}]}},"_links":{"self":[{"href":"https:\/\/empow-her.com\/en\/wp-json\/wp\/v2\/product\/127741","targetHints":{"allow":["GET"]}}],"collection":[{"href":"https:\/\/empow-her.com\/en\/wp-json\/wp\/v2\/product"}],"about":[{"href":"https:\/\/empow-her.com\/en\/wp-json\/wp\/v2\/types\/product"}],"wp:featuredmedia":[{"embeddable":true,"href":"https:\/\/empow-her.com\/en\/wp-json\/wp\/v2\/media\/127744"}],"wp:attachment":[{"href":"https:\/\/empow-her.com\/en\/wp-json\/wp\/v2\/media?parent=127741"}],"wp:term":[{"taxonomy":"product_brand","embeddable":true,"href":"https:\/\/empow-her.com\/en\/wp-json\/wp\/v2\/product_brand?post=127741"},{"taxonomy":"product_cat","embeddable":true,"href":"https:\/\/empow-her.com\/en\/wp-json\/wp\/v2\/product_cat?post=127741"},{"taxonomy":"product_tag","embeddable":true,"href":"https:\/\/empow-her.com\/en\/wp-json\/wp\/v2\/product_tag?post=127741"},{"taxonomy":"lieu","embeddable":true,"href":"https:\/\/empow-her.com\/en\/wp-json\/wp\/v2\/lieu?post=127741"},{"taxonomy":"thematiques","embeddable":true,"href":"https:\/\/empow-her.com\/en\/wp-json\/wp\/v2\/thematiques?post=127741"}],"curies":[{"name":"wp","href":"https:\/\/api.w.org\/{rel}","templated":true}]}}