{"id":12762,"date":"2021-04-08T16:38:23","date_gmt":"2021-04-08T14:38:23","guid":{"rendered":"https:\/\/empow-her.com\/?post_type=product&#038;p=12762"},"modified":"2021-04-26T15:50:13","modified_gmt":"2021-04-26T13:50:13","slug":"shetalks-de-la-creation-a-la-vente-comment-construire-une-mode-vraiment-plus-durable","status":"publish","type":"product","link":"https:\/\/empow-her.com\/en\/produit\/shetalks-de-la-creation-a-la-vente-comment-construire-une-mode-vraiment-plus-durable\/","title":{"rendered":"SheTalks : de la cr\u00e9ation \u00e0 la vente, comment construire une mode vraiment plus durable ?"},"content":{"rendered":"<p>On la veut plus \u00e9thique, plus durable, plus engag\u00e9e &#8211; depuis plusieurs ann\u00e9es, l&#8217;industrie de la mode semble avoir engag\u00e9e un profond bouleversement. Que ce soit du c\u00f4t\u00e9 des consommateurs, des marques ou des points de vente, une r\u00e9volution se profile sur ce secteur. Pourtant, il reste encore du chemin m\u00eame si les leviers se multiplient : upcycling, labellisation, recyclage, publicit\u00e9 plus inclusive&#8230;\u00a0 Chaque jour \u00e9merge de nouvelles id\u00e9es et innovations, et nous souhaitons donner la parole \u00e0 3 entrepreneures qui portent ce changement \u00e0 leurs niveaux.<\/p>\n<p>Chacune a une vision sp\u00e9cifique sur la cha\u00eene de valeur : cr\u00e9atrice d&#8217;une marque, label certifiant et store engag\u00e9s. C&#8217;est en travaillant c\u00f4te \u00e0 c\u00f4te que les porteuses de projet de ce secteur feront bouger durablement les lignes de cette industrie.<\/p>\n<p>Nos 3 super intervenantes :<\/p>\n<blockquote><p>&gt; Marie Nguyen &#8211; fondatrice de We Dress Fair<br \/>\n&gt; Juliette Dacosta &#8211; fondatrice de Et Paris<br \/>\n&gt; Maeva Bessis &#8211; fondatrice de La Caserne<\/p><\/blockquote>\n<p>&nbsp;<\/p>\n<p>Durant une heure, nous parlerons de leur vision de ce secteur en grande transformation, et nous verrons quelles sont les relations entre leurs diff\u00e9rents projets.<\/p>\n","protected":false},"excerpt":{"rendered":"<p>On la veut plus \u00e9thique, plus durable, plus engag\u00e9e &#8211; depuis plusieurs ann\u00e9es, l&#8217;industrie de la mode semble avoir engag\u00e9e un profond bouleversement. Que ce soit du c\u00f4t\u00e9 des consommateurs, des marques ou des points de vente, une r\u00e9volution se profile sur ce secteur. Pourtant, il reste encore du chemin m\u00eame si les leviers se multiplient : upcycling, labellisation, recyclage, publicit\u00e9 plus inclusive&#8230;\u00a0 Chaque jour \u00e9merge de nouvelles id\u00e9es et innovations, et nous souhaitons donner la parole \u00e0 3 entrepreneures qui portent ce changement \u00e0 leurs niveaux.<\/p>\n<p>Chacune a une vision sp\u00e9cifique sur la cha\u00eene de valeur : cr\u00e9atrice d&#8217;une marque, label certifiant et store engag\u00e9s. C&#8217;est en travaillant c\u00f4te \u00e0 c\u00f4te que les porteuses de projet de ce secteur feront bouger durablement les lignes de cette industrie.<\/p>\n<p>Durant une heure, nous parlerons de leur vision de ce secteur en grande transformation, et nous verrons quelles sont les relations entre leurs diff\u00e9rents projets.<\/p>\n<p>Nous vous r\u00e9v\u00e9lerons bient\u00f4t les noms de nos 3 intervenantes, mais r\u00e9servez vite votre billet !<\/p>\n","protected":false},"featured_media":0,"template":"","format":"standard","meta":{"_acf_changed":false,"om_disable_all_campaigns":false,"_uf_show_specific_survey":0,"_uf_disable_surveys":false},"product_brand":[],"product_cat":[119],"product_tag":[],"lieu":[125],"thematiques":[],"class_list":{"0":"post-12762","1":"product","2":"type-product","3":"status-publish","4":"format-standard","6":"product_cat-evenement-sisther","7":"lieu-en-ligne","9":"first","10":"instock","11":"virtual","12":"purchasable","13":"product-type-appointment"},"exclude_global_add_ons":[],"addons":[],"acf":[],"yoast_head":"<!-- This site is optimized with the Yoast SEO plugin v24.8 - https:\/\/yoast.com\/wordpress\/plugins\/seo\/ -->\n<title>SheTalks : de la cr\u00e9ation \u00e0 la vente, comment construire une mode vraiment plus durable ? - Empow&#039;Her<\/title>\n<meta name=\"robots\" content=\"index, follow, max-snippet:-1, max-image-preview:large, max-video-preview:-1\" \/>\n<link rel=\"canonical\" href=\"https:\/\/empow-her.com\/es\/produit\/shetalks-de-la-creation-a-la-vente-comment-construire-une-mode-vraiment-plus-durable\/\" \/>\n<meta property=\"og:locale\" content=\"en_US\" \/>\n<meta property=\"og:type\" content=\"article\" \/>\n<meta property=\"og:title\" content=\"SheTalks : de la cr\u00e9ation \u00e0 la vente, comment construire une mode vraiment plus durable ? - Empow&#039;Her\" \/>\n<meta property=\"og:description\" content=\"On la veut plus \u00e9thique, plus durable, plus engag\u00e9e - depuis plusieurs ann\u00e9es, l&#039;industrie de la mode semble avoir engag\u00e9e un profond bouleversement. Que ce soit du c\u00f4t\u00e9 des consommateurs, des marques ou des points de vente, une r\u00e9volution se profile sur ce secteur. Pourtant, il reste encore du chemin m\u00eame si les leviers se multiplient : upcycling, labellisation, recyclage, publicit\u00e9 plus inclusive...\u00a0 Chaque jour \u00e9merge de nouvelles id\u00e9es et innovations, et nous souhaitons donner la parole \u00e0 3 entrepreneures qui portent ce changement \u00e0 leurs niveaux.  Chacune a une vision sp\u00e9cifique sur la cha\u00eene de valeur : cr\u00e9atrice d&#039;une marque, label certifiant et store engag\u00e9s. C&#039;est en travaillant c\u00f4te \u00e0 c\u00f4te que les porteuses de projet de ce secteur feront bouger durablement les lignes de cette industrie.  Durant une heure, nous parlerons de leur vision de ce secteur en grande transformation, et nous verrons quelles sont les relations entre leurs diff\u00e9rents projets.  Nous vous r\u00e9v\u00e9lerons bient\u00f4t les noms de nos 3 intervenantes, mais r\u00e9servez vite votre billet !\" \/>\n<meta property=\"og:url\" content=\"https:\/\/empow-her.com\/es\/produit\/shetalks-de-la-creation-a-la-vente-comment-construire-une-mode-vraiment-plus-durable\/\" \/>\n<meta property=\"og:site_name\" content=\"Empow&#039;Her\" \/>\n<meta property=\"article:modified_time\" content=\"2021-04-26T13:50:13+00:00\" \/>\n<meta name=\"twitter:card\" content=\"summary_large_image\" \/>\n<meta name=\"twitter:label1\" content=\"Est. reading time\" \/>\n\t<meta name=\"twitter:data1\" content=\"1 minute\" \/>\n<script type=\"application\/ld+json\" class=\"yoast-schema-graph\">{\"@context\":\"https:\/\/schema.org\",\"@graph\":[{\"@type\":\"WebPage\",\"@id\":\"https:\/\/empow-her.com\/es\/produit\/shetalks-de-la-creation-a-la-vente-comment-construire-une-mode-vraiment-plus-durable\/\",\"url\":\"https:\/\/empow-her.com\/es\/produit\/shetalks-de-la-creation-a-la-vente-comment-construire-une-mode-vraiment-plus-durable\/\",\"name\":\"SheTalks : de la cr\u00e9ation \u00e0 la vente, comment construire une mode vraiment plus durable ? - Empow&#039;Her\",\"isPartOf\":{\"@id\":\"https:\/\/empow-her.com\/#website\"},\"datePublished\":\"2021-04-08T14:38:23+00:00\",\"dateModified\":\"2021-04-26T13:50:13+00:00\",\"breadcrumb\":{\"@id\":\"https:\/\/empow-her.com\/es\/produit\/shetalks-de-la-creation-a-la-vente-comment-construire-une-mode-vraiment-plus-durable\/#breadcrumb\"},\"inLanguage\":\"en-US\",\"potentialAction\":[{\"@type\":\"ReadAction\",\"target\":[\"https:\/\/empow-her.com\/es\/produit\/shetalks-de-la-creation-a-la-vente-comment-construire-une-mode-vraiment-plus-durable\/\"]}]},{\"@type\":\"BreadcrumbList\",\"@id\":\"https:\/\/empow-her.com\/es\/produit\/shetalks-de-la-creation-a-la-vente-comment-construire-une-mode-vraiment-plus-durable\/#breadcrumb\",\"itemListElement\":[{\"@type\":\"ListItem\",\"position\":1,\"name\":\"Accueil\",\"item\":\"https:\/\/empow-her.com\/en\/landing-page\/\"},{\"@type\":\"ListItem\",\"position\":2,\"name\":\"LA BOUTIQUE\",\"item\":\"https:\/\/empow-her.com\/boutique\/\"},{\"@type\":\"ListItem\",\"position\":3,\"name\":\"SheTalks : de la cr\u00e9ation \u00e0 la vente, comment construire une mode vraiment plus durable ?\"}]},{\"@type\":\"WebSite\",\"@id\":\"https:\/\/empow-her.com\/#website\",\"url\":\"https:\/\/empow-her.com\/\",\"name\":\"Empow&#039;Her\",\"description\":\"Women Development\",\"potentialAction\":[{\"@type\":\"SearchAction\",\"target\":{\"@type\":\"EntryPoint\",\"urlTemplate\":\"https:\/\/empow-her.com\/?s={search_term_string}\"},\"query-input\":{\"@type\":\"PropertyValueSpecification\",\"valueRequired\":true,\"valueName\":\"search_term_string\"}}],\"inLanguage\":\"en-US\"}]}<\/script>\n<!-- \/ Yoast SEO plugin. -->","yoast_head_json":{"title":"SheTalks : de la cr\u00e9ation \u00e0 la vente, comment construire une mode vraiment plus durable ? - Empow&#039;Her","robots":{"index":"index","follow":"follow","max-snippet":"max-snippet:-1","max-image-preview":"max-image-preview:large","max-video-preview":"max-video-preview:-1"},"canonical":"https:\/\/empow-her.com\/es\/produit\/shetalks-de-la-creation-a-la-vente-comment-construire-une-mode-vraiment-plus-durable\/","og_locale":"en_US","og_type":"article","og_title":"SheTalks : de la cr\u00e9ation \u00e0 la vente, comment construire une mode vraiment plus durable ? - Empow&#039;Her","og_description":"On la veut plus \u00e9thique, plus durable, plus engag\u00e9e - depuis plusieurs ann\u00e9es, l'industrie de la mode semble avoir engag\u00e9e un profond bouleversement. Que ce soit du c\u00f4t\u00e9 des consommateurs, des marques ou des points de vente, une r\u00e9volution se profile sur ce secteur. Pourtant, il reste encore du chemin m\u00eame si les leviers se multiplient : upcycling, labellisation, recyclage, publicit\u00e9 plus inclusive...\u00a0 Chaque jour \u00e9merge de nouvelles id\u00e9es et innovations, et nous souhaitons donner la parole \u00e0 3 entrepreneures qui portent ce changement \u00e0 leurs niveaux.  Chacune a une vision sp\u00e9cifique sur la cha\u00eene de valeur : cr\u00e9atrice d'une marque, label certifiant et store engag\u00e9s. C'est en travaillant c\u00f4te \u00e0 c\u00f4te que les porteuses de projet de ce secteur feront bouger durablement les lignes de cette industrie.  Durant une heure, nous parlerons de leur vision de ce secteur en grande transformation, et nous verrons quelles sont les relations entre leurs diff\u00e9rents projets.  Nous vous r\u00e9v\u00e9lerons bient\u00f4t les noms de nos 3 intervenantes, mais r\u00e9servez vite votre billet !","og_url":"https:\/\/empow-her.com\/es\/produit\/shetalks-de-la-creation-a-la-vente-comment-construire-une-mode-vraiment-plus-durable\/","og_site_name":"Empow&#039;Her","article_modified_time":"2021-04-26T13:50:13+00:00","twitter_card":"summary_large_image","twitter_misc":{"Est. reading time":"1 minute"},"schema":{"@context":"https:\/\/schema.org","@graph":[{"@type":"WebPage","@id":"https:\/\/empow-her.com\/es\/produit\/shetalks-de-la-creation-a-la-vente-comment-construire-une-mode-vraiment-plus-durable\/","url":"https:\/\/empow-her.com\/es\/produit\/shetalks-de-la-creation-a-la-vente-comment-construire-une-mode-vraiment-plus-durable\/","name":"SheTalks : de la cr\u00e9ation \u00e0 la vente, comment construire une mode vraiment plus durable ? - Empow&#039;Her","isPartOf":{"@id":"https:\/\/empow-her.com\/#website"},"datePublished":"2021-04-08T14:38:23+00:00","dateModified":"2021-04-26T13:50:13+00:00","breadcrumb":{"@id":"https:\/\/empow-her.com\/es\/produit\/shetalks-de-la-creation-a-la-vente-comment-construire-une-mode-vraiment-plus-durable\/#breadcrumb"},"inLanguage":"en-US","potentialAction":[{"@type":"ReadAction","target":["https:\/\/empow-her.com\/es\/produit\/shetalks-de-la-creation-a-la-vente-comment-construire-une-mode-vraiment-plus-durable\/"]}]},{"@type":"BreadcrumbList","@id":"https:\/\/empow-her.com\/es\/produit\/shetalks-de-la-creation-a-la-vente-comment-construire-une-mode-vraiment-plus-durable\/#breadcrumb","itemListElement":[{"@type":"ListItem","position":1,"name":"Accueil","item":"https:\/\/empow-her.com\/en\/landing-page\/"},{"@type":"ListItem","position":2,"name":"LA BOUTIQUE","item":"https:\/\/empow-her.com\/boutique\/"},{"@type":"ListItem","position":3,"name":"SheTalks : de la cr\u00e9ation \u00e0 la vente, comment construire une mode vraiment plus durable ?"}]},{"@type":"WebSite","@id":"https:\/\/empow-her.com\/#website","url":"https:\/\/empow-her.com\/","name":"Empow&#039;Her","description":"Women Development","potentialAction":[{"@type":"SearchAction","target":{"@type":"EntryPoint","urlTemplate":"https:\/\/empow-her.com\/?s={search_term_string}"},"query-input":{"@type":"PropertyValueSpecification","valueRequired":true,"valueName":"search_term_string"}}],"inLanguage":"en-US"}]}},"_links":{"self":[{"href":"https:\/\/empow-her.com\/en\/wp-json\/wp\/v2\/product\/12762","targetHints":{"allow":["GET"]}}],"collection":[{"href":"https:\/\/empow-her.com\/en\/wp-json\/wp\/v2\/product"}],"about":[{"href":"https:\/\/empow-her.com\/en\/wp-json\/wp\/v2\/types\/product"}],"wp:attachment":[{"href":"https:\/\/empow-her.com\/en\/wp-json\/wp\/v2\/media?parent=12762"}],"wp:term":[{"taxonomy":"product_brand","embeddable":true,"href":"https:\/\/empow-her.com\/en\/wp-json\/wp\/v2\/product_brand?post=12762"},{"taxonomy":"product_cat","embeddable":true,"href":"https:\/\/empow-her.com\/en\/wp-json\/wp\/v2\/product_cat?post=12762"},{"taxonomy":"product_tag","embeddable":true,"href":"https:\/\/empow-her.com\/en\/wp-json\/wp\/v2\/product_tag?post=12762"},{"taxonomy":"lieu","embeddable":true,"href":"https:\/\/empow-her.com\/en\/wp-json\/wp\/v2\/lieu?post=12762"},{"taxonomy":"thematiques","embeddable":true,"href":"https:\/\/empow-her.com\/en\/wp-json\/wp\/v2\/thematiques?post=12762"}],"curies":[{"name":"wp","href":"https:\/\/api.w.org\/{rel}","templated":true}]}}