{"id":126879,"date":"2022-11-22T11:29:45","date_gmt":"2022-11-22T10:29:45","guid":{"rendered":"https:\/\/empow-her.com\/?post_type=product&#038;p=126879"},"modified":"2022-11-22T17:48:44","modified_gmt":"2022-11-22T16:48:44","slug":"atelier-journee-autour-du-pitch-et-des-bases-de-la-comptabilite","status":"publish","type":"product","link":"https:\/\/empow-her.com\/en\/produit\/atelier-journee-autour-du-pitch-et-des-bases-de-la-comptabilite\/","title":{"rendered":"Atelier &#8211; Journ\u00e9e autour du Pitch et des bases de la Comptabilit\u00e9"},"content":{"rendered":"","protected":false},"excerpt":{"rendered":"<div>\n<p><span data-sheets-value=\"{&quot;1&quot;:2,&quot;2&quot;:&quot;Description : nnPr\u00e9-requis : nnIntervenant.e : nnSon super pouvoir : nnSon petit mot : &quot;}\" data-sheets-userformat=\"{&quot;2&quot;:641,&quot;3&quot;:{&quot;1&quot;:0},&quot;10&quot;:1,&quot;12&quot;:0}\"><strong>Description :\u00a0<\/strong><\/span><\/p>\n<p>9h : Atelier conseils en pitch<\/p>\n<p>12h : D\u00e9jeuner pris en charge par KPMG<\/p>\n<p>14h : Atelier Bases de la Comptabilit\u00e9<\/p>\n<\/div>\n<div><\/div>\n<div><b><b>Lieu : <\/b><\/b>Tour EQHO &#8211; 2, Avenue Gambetta &#8211; 92400 Courbevoie<\/div>\n<div><\/div>\n<div><\/div>\n<div><span data-sheets-value=\"{&quot;1&quot;:2,&quot;2&quot;:&quot;Attention ! \u00a0Veuillez vous pr\u00e9sentez \u00e0 l'heure pour que l'activit\u00e9 puisse commencer \u00e0 temps. Si vous avez du retard veuillez pr\u00e9venir l'intervenant.e. Si vous avez plus de 15 min de retard l'intervenant.e se r\u00e9serve le droit de plus vous accepter pour le coaching ou l'atelier.\u00a0&quot;}\" data-sheets-userformat=\"{&quot;2&quot;:641,&quot;3&quot;:{&quot;1&quot;:0},&quot;10&quot;:1,&quot;12&quot;:0}\"><strong>Attention !<\/strong> \u00a0Veuillez vous pr\u00e9senter \u00e0 l&#8217;heure pour que l&#8217;activit\u00e9 puisse commencer \u00e0 temps. Si vous avez du retard veuillez pr\u00e9venir l&#8217;intervenant.e. Si vous avez plus de 15 min de retard l&#8217;intervenant.e se r\u00e9serve le droit de ne plus vous accepter pour le coaching ou l&#8217;atelier.<\/span><\/div>\n","protected":false},"featured_media":126880,"template":"","format":"standard","meta":{"_acf_changed":false,"om_disable_all_campaigns":false,"_uf_show_specific_survey":0,"_uf_disable_surveys":false},"product_brand":[],"product_cat":[118],"product_tag":[],"lieu":[151],"thematiques":[],"class_list":{"0":"post-126879","1":"product","2":"type-product","3":"status-publish","4":"format-standard","5":"has-post-thumbnail","7":"product_cat-atelier-collectif","8":"lieu-la-defense","10":"first","11":"instock","12":"virtual","13":"purchasable","14":"product-type-appointment"},"exclude_global_add_ons":[],"addons":[],"acf":[],"yoast_head":"<!-- This site is optimized with the Yoast SEO plugin v24.8 - https:\/\/yoast.com\/wordpress\/plugins\/seo\/ -->\n<title>Atelier - Journ\u00e9e autour du Pitch et des bases de la Comptabilit\u00e9 - Empow&#039;Her<\/title>\n<meta name=\"robots\" content=\"index, follow, max-snippet:-1, max-image-preview:large, max-video-preview:-1\" \/>\n<link rel=\"canonical\" href=\"https:\/\/empow-her.com\/produit\/atelier-journee-autour-du-pitch-et-des-bases-de-la-comptabilite\/\" \/>\n<meta property=\"og:locale\" content=\"en_US\" \/>\n<meta property=\"og:type\" content=\"article\" \/>\n<meta property=\"og:title\" content=\"Atelier - Journ\u00e9e autour du Pitch et des bases de la Comptabilit\u00e9 - Empow&#039;Her\" \/>\n<meta property=\"og:description\" content=\"Description :\u00a0  9h : Atelier conseils en pitch  12h : D\u00e9jeuner pris en charge par KPMG  14h : Atelier Bases de la Comptabilit\u00e9    Lieu : Tour EQHO - 2, Avenue Gambetta - 92400 Courbevoie   Attention ! \u00a0Veuillez vous pr\u00e9senter \u00e0 l&#039;heure pour que l&#039;activit\u00e9 puisse commencer \u00e0 temps. Si vous avez du retard veuillez pr\u00e9venir l&#039;intervenant.e. Si vous avez plus de 15 min de retard l&#039;intervenant.e se r\u00e9serve le droit de ne plus vous accepter pour le coaching ou l&#039;atelier.\" \/>\n<meta property=\"og:url\" content=\"https:\/\/empow-her.com\/produit\/atelier-journee-autour-du-pitch-et-des-bases-de-la-comptabilite\/\" \/>\n<meta property=\"og:site_name\" content=\"Empow&#039;Her\" \/>\n<meta property=\"article:modified_time\" content=\"2022-11-22T16:48:44+00:00\" \/>\n<meta property=\"og:image\" content=\"https:\/\/empow-her.com\/wp-content\/uploads\/2022\/11\/Women-Dare-templates-events-2022-11-22T112841.958.png\" \/>\n\t<meta property=\"og:image:width\" content=\"1080\" \/>\n\t<meta property=\"og:image:height\" content=\"1080\" \/>\n\t<meta property=\"og:image:type\" content=\"image\/png\" \/>\n<meta name=\"twitter:card\" content=\"summary_large_image\" \/>\n<script type=\"application\/ld+json\" class=\"yoast-schema-graph\">{\"@context\":\"https:\/\/schema.org\",\"@graph\":[{\"@type\":\"WebPage\",\"@id\":\"https:\/\/empow-her.com\/produit\/atelier-journee-autour-du-pitch-et-des-bases-de-la-comptabilite\/\",\"url\":\"https:\/\/empow-her.com\/produit\/atelier-journee-autour-du-pitch-et-des-bases-de-la-comptabilite\/\",\"name\":\"Atelier - Journ\u00e9e autour du Pitch et des bases de la Comptabilit\u00e9 - Empow&#039;Her\",\"isPartOf\":{\"@id\":\"https:\/\/empow-her.com\/#website\"},\"primaryImageOfPage\":{\"@id\":\"https:\/\/empow-her.com\/produit\/atelier-journee-autour-du-pitch-et-des-bases-de-la-comptabilite\/#primaryimage\"},\"image\":{\"@id\":\"https:\/\/empow-her.com\/produit\/atelier-journee-autour-du-pitch-et-des-bases-de-la-comptabilite\/#primaryimage\"},\"thumbnailUrl\":\"https:\/\/empow-her.com\/wp-content\/uploads\/2022\/11\/Women-Dare-templates-events-2022-11-22T112841.958.png\",\"datePublished\":\"2022-11-22T10:29:45+00:00\",\"dateModified\":\"2022-11-22T16:48:44+00:00\",\"breadcrumb\":{\"@id\":\"https:\/\/empow-her.com\/produit\/atelier-journee-autour-du-pitch-et-des-bases-de-la-comptabilite\/#breadcrumb\"},\"inLanguage\":\"en-US\",\"potentialAction\":[{\"@type\":\"ReadAction\",\"target\":[\"https:\/\/empow-her.com\/produit\/atelier-journee-autour-du-pitch-et-des-bases-de-la-comptabilite\/\"]}]},{\"@type\":\"ImageObject\",\"inLanguage\":\"en-US\",\"@id\":\"https:\/\/empow-her.com\/produit\/atelier-journee-autour-du-pitch-et-des-bases-de-la-comptabilite\/#primaryimage\",\"url\":\"https:\/\/empow-her.com\/wp-content\/uploads\/2022\/11\/Women-Dare-templates-events-2022-11-22T112841.958.png\",\"contentUrl\":\"https:\/\/empow-her.com\/wp-content\/uploads\/2022\/11\/Women-Dare-templates-events-2022-11-22T112841.958.png\",\"width\":1080,\"height\":1080},{\"@type\":\"BreadcrumbList\",\"@id\":\"https:\/\/empow-her.com\/produit\/atelier-journee-autour-du-pitch-et-des-bases-de-la-comptabilite\/#breadcrumb\",\"itemListElement\":[{\"@type\":\"ListItem\",\"position\":1,\"name\":\"Accueil\",\"item\":\"https:\/\/empow-her.com\/en\/landing-page\/\"},{\"@type\":\"ListItem\",\"position\":2,\"name\":\"LA BOUTIQUE\",\"item\":\"https:\/\/empow-her.com\/boutique\/\"},{\"@type\":\"ListItem\",\"position\":3,\"name\":\"Atelier &#8211; Journ\u00e9e autour du Pitch et des bases de la Comptabilit\u00e9\"}]},{\"@type\":\"WebSite\",\"@id\":\"https:\/\/empow-her.com\/#website\",\"url\":\"https:\/\/empow-her.com\/\",\"name\":\"Empow&#039;Her\",\"description\":\"Women Development\",\"potentialAction\":[{\"@type\":\"SearchAction\",\"target\":{\"@type\":\"EntryPoint\",\"urlTemplate\":\"https:\/\/empow-her.com\/?s={search_term_string}\"},\"query-input\":{\"@type\":\"PropertyValueSpecification\",\"valueRequired\":true,\"valueName\":\"search_term_string\"}}],\"inLanguage\":\"en-US\"}]}<\/script>\n<!-- \/ Yoast SEO plugin. -->","yoast_head_json":{"title":"Atelier - Journ\u00e9e autour du Pitch et des bases de la Comptabilit\u00e9 - Empow&#039;Her","robots":{"index":"index","follow":"follow","max-snippet":"max-snippet:-1","max-image-preview":"max-image-preview:large","max-video-preview":"max-video-preview:-1"},"canonical":"https:\/\/empow-her.com\/produit\/atelier-journee-autour-du-pitch-et-des-bases-de-la-comptabilite\/","og_locale":"en_US","og_type":"article","og_title":"Atelier - Journ\u00e9e autour du Pitch et des bases de la Comptabilit\u00e9 - Empow&#039;Her","og_description":"Description :\u00a0  9h : Atelier conseils en pitch  12h : D\u00e9jeuner pris en charge par KPMG  14h : Atelier Bases de la Comptabilit\u00e9    Lieu : Tour EQHO - 2, Avenue Gambetta - 92400 Courbevoie   Attention ! \u00a0Veuillez vous pr\u00e9senter \u00e0 l'heure pour que l'activit\u00e9 puisse commencer \u00e0 temps. Si vous avez du retard veuillez pr\u00e9venir l'intervenant.e. Si vous avez plus de 15 min de retard l'intervenant.e se r\u00e9serve le droit de ne plus vous accepter pour le coaching ou l'atelier.","og_url":"https:\/\/empow-her.com\/produit\/atelier-journee-autour-du-pitch-et-des-bases-de-la-comptabilite\/","og_site_name":"Empow&#039;Her","article_modified_time":"2022-11-22T16:48:44+00:00","og_image":[{"width":1080,"height":1080,"url":"https:\/\/empow-her.com\/wp-content\/uploads\/2022\/11\/Women-Dare-templates-events-2022-11-22T112841.958.png","type":"image\/png"}],"twitter_card":"summary_large_image","schema":{"@context":"https:\/\/schema.org","@graph":[{"@type":"WebPage","@id":"https:\/\/empow-her.com\/produit\/atelier-journee-autour-du-pitch-et-des-bases-de-la-comptabilite\/","url":"https:\/\/empow-her.com\/produit\/atelier-journee-autour-du-pitch-et-des-bases-de-la-comptabilite\/","name":"Atelier - Journ\u00e9e autour du Pitch et des bases de la Comptabilit\u00e9 - Empow&#039;Her","isPartOf":{"@id":"https:\/\/empow-her.com\/#website"},"primaryImageOfPage":{"@id":"https:\/\/empow-her.com\/produit\/atelier-journee-autour-du-pitch-et-des-bases-de-la-comptabilite\/#primaryimage"},"image":{"@id":"https:\/\/empow-her.com\/produit\/atelier-journee-autour-du-pitch-et-des-bases-de-la-comptabilite\/#primaryimage"},"thumbnailUrl":"https:\/\/empow-her.com\/wp-content\/uploads\/2022\/11\/Women-Dare-templates-events-2022-11-22T112841.958.png","datePublished":"2022-11-22T10:29:45+00:00","dateModified":"2022-11-22T16:48:44+00:00","breadcrumb":{"@id":"https:\/\/empow-her.com\/produit\/atelier-journee-autour-du-pitch-et-des-bases-de-la-comptabilite\/#breadcrumb"},"inLanguage":"en-US","potentialAction":[{"@type":"ReadAction","target":["https:\/\/empow-her.com\/produit\/atelier-journee-autour-du-pitch-et-des-bases-de-la-comptabilite\/"]}]},{"@type":"ImageObject","inLanguage":"en-US","@id":"https:\/\/empow-her.com\/produit\/atelier-journee-autour-du-pitch-et-des-bases-de-la-comptabilite\/#primaryimage","url":"https:\/\/empow-her.com\/wp-content\/uploads\/2022\/11\/Women-Dare-templates-events-2022-11-22T112841.958.png","contentUrl":"https:\/\/empow-her.com\/wp-content\/uploads\/2022\/11\/Women-Dare-templates-events-2022-11-22T112841.958.png","width":1080,"height":1080},{"@type":"BreadcrumbList","@id":"https:\/\/empow-her.com\/produit\/atelier-journee-autour-du-pitch-et-des-bases-de-la-comptabilite\/#breadcrumb","itemListElement":[{"@type":"ListItem","position":1,"name":"Accueil","item":"https:\/\/empow-her.com\/en\/landing-page\/"},{"@type":"ListItem","position":2,"name":"LA BOUTIQUE","item":"https:\/\/empow-her.com\/boutique\/"},{"@type":"ListItem","position":3,"name":"Atelier &#8211; Journ\u00e9e autour du Pitch et des bases de la Comptabilit\u00e9"}]},{"@type":"WebSite","@id":"https:\/\/empow-her.com\/#website","url":"https:\/\/empow-her.com\/","name":"Empow&#039;Her","description":"Women Development","potentialAction":[{"@type":"SearchAction","target":{"@type":"EntryPoint","urlTemplate":"https:\/\/empow-her.com\/?s={search_term_string}"},"query-input":{"@type":"PropertyValueSpecification","valueRequired":true,"valueName":"search_term_string"}}],"inLanguage":"en-US"}]}},"_links":{"self":[{"href":"https:\/\/empow-her.com\/en\/wp-json\/wp\/v2\/product\/126879","targetHints":{"allow":["GET"]}}],"collection":[{"href":"https:\/\/empow-her.com\/en\/wp-json\/wp\/v2\/product"}],"about":[{"href":"https:\/\/empow-her.com\/en\/wp-json\/wp\/v2\/types\/product"}],"wp:featuredmedia":[{"embeddable":true,"href":"https:\/\/empow-her.com\/en\/wp-json\/wp\/v2\/media\/126880"}],"wp:attachment":[{"href":"https:\/\/empow-her.com\/en\/wp-json\/wp\/v2\/media?parent=126879"}],"wp:term":[{"taxonomy":"product_brand","embeddable":true,"href":"https:\/\/empow-her.com\/en\/wp-json\/wp\/v2\/product_brand?post=126879"},{"taxonomy":"product_cat","embeddable":true,"href":"https:\/\/empow-her.com\/en\/wp-json\/wp\/v2\/product_cat?post=126879"},{"taxonomy":"product_tag","embeddable":true,"href":"https:\/\/empow-her.com\/en\/wp-json\/wp\/v2\/product_tag?post=126879"},{"taxonomy":"lieu","embeddable":true,"href":"https:\/\/empow-her.com\/en\/wp-json\/wp\/v2\/lieu?post=126879"},{"taxonomy":"thematiques","embeddable":true,"href":"https:\/\/empow-her.com\/en\/wp-json\/wp\/v2\/thematiques?post=126879"}],"curies":[{"name":"wp","href":"https:\/\/api.w.org\/{rel}","templated":true}]}}