{"id":12658,"date":"2021-03-31T11:44:20","date_gmt":"2021-03-31T09:44:20","guid":{"rendered":"https:\/\/empow-her.com\/?post_type=product&#038;p=12658"},"modified":"2021-05-07T16:34:00","modified_gmt":"2021-05-07T14:34:00","slug":"coaching-juridique-et-fiscalite-copie","status":"publish","type":"product","link":"https:\/\/empow-her.com\/en\/produit\/coaching-juridique-et-fiscalite-copie\/","title":{"rendered":"Coaching &#8211; Statuts juridiques et droits de l&#8217;entrepreneure"},"content":{"rendered":"","protected":false},"excerpt":{"rendered":"<p>Quel statut juridique correspond \u00e0 mon projet, et quelles sont les obligations fiscales li\u00e9es \u00e0 chaque statut ? Quelles sont mes obligations l\u00e9gales et mes droits quand je deviens entrepreneure ? Posez vos questions \u00e0 H\u00e9l\u00e8ne Richard de chez MAPG Avocats !<\/p>\n<p>&nbsp;<\/p>\n<p><b>Intervenante : <\/b>H\u00e9l\u00e8ne Richard<\/p>\n<p>Avocate depuis 10 ans, H\u00e9l\u00e8ne accompagne les entrepreneur.euse.s dans la cr\u00e9ation de leur entreprise (choix du statut juridique appropri\u00e9 au projet, cons\u00e9quences sociales et fiscales de ce statut) et dans le d\u00e9marrage de leurs activit\u00e9s (cr\u00e9ation de l\u2019entreprise, r\u00e9daction des statuts, formalit\u00e9s l\u00e9gales, r\u00e9daction de pactes d\u2019associ\u00e9.e.s,\u2026) puis les assiste dans le d\u00e9veloppement de celles-ci (r\u00e9daction de baux, CGV, CGA, CGU, contrats divers, respect de la r\u00e8glementation,\u2026) ou \u00e0 l\u2019occasion d\u2019op\u00e9rations plus complexes (lev\u00e9e de fonds, acquisition\/cession d\u2019entreprises, prise de participations, fusion-acquisition, transformation,\u2026).<\/p>\n<p><strong>Son petit mot :<\/strong> &#8220;<em>Il ne faut surtout pas h\u00e9siter \u00e0 se lancer dans la cr\u00e9ation d\u2019une entreprise : c\u2019est une exp\u00e9rience tr\u00e8s enrichissante, surtout quand on est bien accompagn\u00e9.e !&#8221;<\/em><\/p>\n<p>&nbsp;<\/p>\n<p><strong>Lieu<\/strong> : Au Hub <a href=\"https:\/\/www.google.com\/maps\/place\/82+Rue+du+Faubourg+Saint-Martin,+75010+Paris\/@48.8723101,2.3554985,17z\/data=!3m1!4b1!4m5!3m4!1s0x47e66e0d8d5dbbb5:0x3a38f7fe5f8d025f!8m2!3d48.8723101!4d2.3576872\">Sist&#8217;Her<\/a> <span data-sheets-value=\"{&quot;1&quot;:2,&quot;2&quot;:&quot;Au Hub Empow'Her ou \u00e0 distance selon les conditions sanitaires&quot;}\" data-sheets-userformat=\"{&quot;2&quot;:1053693,&quot;3&quot;:{&quot;1&quot;:0},&quot;5&quot;:{&quot;1&quot;:[{&quot;1&quot;:2,&quot;2&quot;:0,&quot;5&quot;:{&quot;1&quot;:2,&quot;2&quot;:0}},{&quot;1&quot;:0,&quot;2&quot;:0,&quot;3&quot;:3},{&quot;1&quot;:1,&quot;2&quot;:0,&quot;4&quot;:1}]},&quot;6&quot;:{&quot;1&quot;:[{&quot;1&quot;:2,&quot;2&quot;:0,&quot;5&quot;:{&quot;1&quot;:2,&quot;2&quot;:0}},{&quot;1&quot;:0,&quot;2&quot;:0,&quot;3&quot;:3},{&quot;1&quot;:1,&quot;2&quot;:0,&quot;4&quot;:1}]},&quot;7&quot;:{&quot;1&quot;:[{&quot;1&quot;:2,&quot;2&quot;:0,&quot;5&quot;:{&quot;1&quot;:2,&quot;2&quot;:0}},{&quot;1&quot;:0,&quot;2&quot;:0,&quot;3&quot;:3},{&quot;1&quot;:1,&quot;2&quot;:0,&quot;4&quot;:1}]},&quot;8&quot;:{&quot;1&quot;:[{&quot;1&quot;:2,&quot;2&quot;:0,&quot;5&quot;:{&quot;1&quot;:2,&quot;2&quot;:0}},{&quot;1&quot;:0,&quot;2&quot;:0,&quot;3&quot;:3},{&quot;1&quot;:1,&quot;2&quot;:0,&quot;4&quot;:1}]},&quot;9&quot;:1,&quot;10&quot;:1,&quot;11&quot;:4,&quot;12&quot;:0,&quot;15&quot;:&quot;Calibri&quot;,&quot;23&quot;:1}\" data-sheets-textstyleruns=\"{&quot;1&quot;:0}\uee10{&quot;1&quot;:3,&quot;2&quot;:{&quot;2&quot;:{&quot;1&quot;:2,&quot;2&quot;:1136076},&quot;9&quot;:1}}\uee10{&quot;1&quot;:16}\" data-sheets-hyperlinkruns=\"{&quot;1&quot;:3,&quot;2&quot;:&quot;https:\/\/www.google.com\/maps\/place\/82+Rue+du+Faubourg+Saint-Martin,+75010+Paris\/@48.8723101,2.3554985,17z\/data=!3m1!4b1!4m5!3m4!1s0x47e66e0d8d5dbbb5:0x3a38f7fe5f8d025f!8m2!3d48.8723101!4d2.3576872&quot;}\uee10{&quot;1&quot;:16}\">ou \u00e0 distance selon les conditions sanitaires<\/span><\/p>\n<p>&nbsp;<\/p>\n<p><strong>Dur\u00e9e<\/strong> : <span data-sheets-value=\"{&quot;1&quot;:2,&quot;2&quot;:&quot;Permanence de 4h avec un cr\u00e9neau de 1h par participante (+ 15 minutes entre chaque)&quot;}\" data-sheets-userformat=\"{&quot;2&quot;:7167,&quot;3&quot;:{&quot;1&quot;:0},&quot;4&quot;:{&quot;1&quot;:2,&quot;2&quot;:16777215},&quot;5&quot;:{&quot;1&quot;:[{&quot;1&quot;:2,&quot;2&quot;:0,&quot;5&quot;:{&quot;1&quot;:2,&quot;2&quot;:0}},{&quot;1&quot;:0,&quot;2&quot;:0,&quot;3&quot;:3},{&quot;1&quot;:1,&quot;2&quot;:0,&quot;4&quot;:1}]},&quot;6&quot;:{&quot;1&quot;:[{&quot;1&quot;:2,&quot;2&quot;:0,&quot;5&quot;:{&quot;1&quot;:2,&quot;2&quot;:0}},{&quot;1&quot;:0,&quot;2&quot;:0,&quot;3&quot;:3},{&quot;1&quot;:1,&quot;2&quot;:0,&quot;4&quot;:1}]},&quot;7&quot;:{&quot;1&quot;:[{&quot;1&quot;:2,&quot;2&quot;:0,&quot;5&quot;:{&quot;1&quot;:2,&quot;2&quot;:0}},{&quot;1&quot;:0,&quot;2&quot;:0,&quot;3&quot;:3},{&quot;1&quot;:1,&quot;2&quot;:0,&quot;4&quot;:1}]},&quot;8&quot;:{&quot;1&quot;:[{&quot;1&quot;:2,&quot;2&quot;:0,&quot;5&quot;:{&quot;1&quot;:2,&quot;2&quot;:0}},{&quot;1&quot;:0,&quot;2&quot;:0,&quot;3&quot;:3},{&quot;1&quot;:1,&quot;2&quot;:0,&quot;4&quot;:1}]},&quot;9&quot;:0,&quot;10&quot;:1,&quot;11&quot;:4,&quot;12&quot;:0,&quot;14&quot;:{&quot;1&quot;:2,&quot;2&quot;:0},&quot;15&quot;:&quot;Calibri&quot;}\">Permanence de 4h avec un cr\u00e9neau de 1h par participante<\/span><\/p>\n<p>&nbsp;<\/p>\n","protected":false},"featured_media":0,"template":"","format":"standard","meta":{"_acf_changed":false,"om_disable_all_campaigns":false,"_uf_show_specific_survey":0,"_uf_disable_surveys":false},"product_brand":[],"product_cat":[121],"product_tag":[],"lieu":[127],"thematiques":[],"class_list":{"0":"post-12658","1":"product","2":"type-product","3":"status-publish","4":"format-standard","6":"product_cat-coaching","7":"lieu-hub-empowher","9":"first","10":"instock","11":"virtual","12":"purchasable","13":"product-type-appointment"},"exclude_global_add_ons":[],"addons":[],"acf":[],"yoast_head":"<!-- This site is optimized with the Yoast SEO plugin v24.8 - https:\/\/yoast.com\/wordpress\/plugins\/seo\/ -->\n<title>Coaching - Statuts juridiques et droits de l&#039;entrepreneure - Empow&#039;Her<\/title>\n<meta name=\"robots\" content=\"index, follow, max-snippet:-1, max-image-preview:large, max-video-preview:-1\" \/>\n<link rel=\"canonical\" href=\"https:\/\/empow-her.com\/produit\/coaching-juridique-et-fiscalite-copie\/\" \/>\n<meta property=\"og:locale\" content=\"en_US\" \/>\n<meta property=\"og:type\" content=\"article\" \/>\n<meta property=\"og:title\" content=\"Coaching - Statuts juridiques et droits de l&#039;entrepreneure - Empow&#039;Her\" \/>\n<meta property=\"og:description\" content=\"Quel statut juridique correspond \u00e0 mon projet, et quelles sont les obligations fiscales li\u00e9es \u00e0 chaque statut ? Quelles sont mes obligations l\u00e9gales et mes droits quand je deviens entrepreneure ? Posez vos questions \u00e0 H\u00e9l\u00e8ne Richard de chez MAPG Avocats !  &nbsp;  Intervenante : H\u00e9l\u00e8ne Richard  Avocate depuis 10 ans, H\u00e9l\u00e8ne accompagne les entrepreneur.euse.s dans la cr\u00e9ation de leur entreprise (choix du statut juridique appropri\u00e9 au projet, cons\u00e9quences sociales et fiscales de ce statut) et dans le d\u00e9marrage de leurs activit\u00e9s (cr\u00e9ation de l\u2019entreprise, r\u00e9daction des statuts, formalit\u00e9s l\u00e9gales, r\u00e9daction de pactes d\u2019associ\u00e9.e.s,\u2026) puis les assiste dans le d\u00e9veloppement de celles-ci (r\u00e9daction de baux, CGV, CGA, CGU, contrats divers, respect de la r\u00e8glementation,\u2026) ou \u00e0 l\u2019occasion d\u2019op\u00e9rations plus complexes (lev\u00e9e de fonds, acquisition\/cession d\u2019entreprises, prise de participations, fusion-acquisition, transformation,\u2026).  Son petit mot : &quot;Il ne faut surtout pas h\u00e9siter \u00e0 se lancer dans la cr\u00e9ation d\u2019une entreprise : c\u2019est une exp\u00e9rience tr\u00e8s enrichissante, surtout quand on est bien accompagn\u00e9.e !&quot;  &nbsp;  Lieu : Au Hub Sist&#039;Her ou \u00e0 distance selon les conditions sanitaires  &nbsp;  Dur\u00e9e : Permanence de 4h avec un cr\u00e9neau de 1h par participante  &nbsp;\" \/>\n<meta property=\"og:url\" content=\"https:\/\/empow-her.com\/produit\/coaching-juridique-et-fiscalite-copie\/\" \/>\n<meta property=\"og:site_name\" content=\"Empow&#039;Her\" \/>\n<meta property=\"article:modified_time\" content=\"2021-05-07T14:34:00+00:00\" \/>\n<meta name=\"twitter:card\" content=\"summary_large_image\" \/>\n<script type=\"application\/ld+json\" class=\"yoast-schema-graph\">{\"@context\":\"https:\/\/schema.org\",\"@graph\":[{\"@type\":\"WebPage\",\"@id\":\"https:\/\/empow-her.com\/produit\/coaching-juridique-et-fiscalite-copie\/\",\"url\":\"https:\/\/empow-her.com\/produit\/coaching-juridique-et-fiscalite-copie\/\",\"name\":\"Coaching - Statuts juridiques et droits de l'entrepreneure - Empow&#039;Her\",\"isPartOf\":{\"@id\":\"https:\/\/empow-her.com\/#website\"},\"datePublished\":\"2021-03-31T09:44:20+00:00\",\"dateModified\":\"2021-05-07T14:34:00+00:00\",\"breadcrumb\":{\"@id\":\"https:\/\/empow-her.com\/produit\/coaching-juridique-et-fiscalite-copie\/#breadcrumb\"},\"inLanguage\":\"en-US\",\"potentialAction\":[{\"@type\":\"ReadAction\",\"target\":[\"https:\/\/empow-her.com\/produit\/coaching-juridique-et-fiscalite-copie\/\"]}]},{\"@type\":\"BreadcrumbList\",\"@id\":\"https:\/\/empow-her.com\/produit\/coaching-juridique-et-fiscalite-copie\/#breadcrumb\",\"itemListElement\":[{\"@type\":\"ListItem\",\"position\":1,\"name\":\"Accueil\",\"item\":\"https:\/\/empow-her.com\/en\/landing-page\/\"},{\"@type\":\"ListItem\",\"position\":2,\"name\":\"LA BOUTIQUE\",\"item\":\"https:\/\/empow-her.com\/boutique\/\"},{\"@type\":\"ListItem\",\"position\":3,\"name\":\"Coaching &#8211; Statuts juridiques et droits de l&#8217;entrepreneure\"}]},{\"@type\":\"WebSite\",\"@id\":\"https:\/\/empow-her.com\/#website\",\"url\":\"https:\/\/empow-her.com\/\",\"name\":\"Empow&#039;Her\",\"description\":\"Women Development\",\"potentialAction\":[{\"@type\":\"SearchAction\",\"target\":{\"@type\":\"EntryPoint\",\"urlTemplate\":\"https:\/\/empow-her.com\/?s={search_term_string}\"},\"query-input\":{\"@type\":\"PropertyValueSpecification\",\"valueRequired\":true,\"valueName\":\"search_term_string\"}}],\"inLanguage\":\"en-US\"}]}<\/script>\n<!-- \/ Yoast SEO plugin. -->","yoast_head_json":{"title":"Coaching - Statuts juridiques et droits de l'entrepreneure - Empow&#039;Her","robots":{"index":"index","follow":"follow","max-snippet":"max-snippet:-1","max-image-preview":"max-image-preview:large","max-video-preview":"max-video-preview:-1"},"canonical":"https:\/\/empow-her.com\/produit\/coaching-juridique-et-fiscalite-copie\/","og_locale":"en_US","og_type":"article","og_title":"Coaching - Statuts juridiques et droits de l'entrepreneure - Empow&#039;Her","og_description":"Quel statut juridique correspond \u00e0 mon projet, et quelles sont les obligations fiscales li\u00e9es \u00e0 chaque statut ? Quelles sont mes obligations l\u00e9gales et mes droits quand je deviens entrepreneure ? Posez vos questions \u00e0 H\u00e9l\u00e8ne Richard de chez MAPG Avocats !  &nbsp;  Intervenante : H\u00e9l\u00e8ne Richard  Avocate depuis 10 ans, H\u00e9l\u00e8ne accompagne les entrepreneur.euse.s dans la cr\u00e9ation de leur entreprise (choix du statut juridique appropri\u00e9 au projet, cons\u00e9quences sociales et fiscales de ce statut) et dans le d\u00e9marrage de leurs activit\u00e9s (cr\u00e9ation de l\u2019entreprise, r\u00e9daction des statuts, formalit\u00e9s l\u00e9gales, r\u00e9daction de pactes d\u2019associ\u00e9.e.s,\u2026) puis les assiste dans le d\u00e9veloppement de celles-ci (r\u00e9daction de baux, CGV, CGA, CGU, contrats divers, respect de la r\u00e8glementation,\u2026) ou \u00e0 l\u2019occasion d\u2019op\u00e9rations plus complexes (lev\u00e9e de fonds, acquisition\/cession d\u2019entreprises, prise de participations, fusion-acquisition, transformation,\u2026).  Son petit mot : \"Il ne faut surtout pas h\u00e9siter \u00e0 se lancer dans la cr\u00e9ation d\u2019une entreprise : c\u2019est une exp\u00e9rience tr\u00e8s enrichissante, surtout quand on est bien accompagn\u00e9.e !\"  &nbsp;  Lieu : Au Hub Sist'Her ou \u00e0 distance selon les conditions sanitaires  &nbsp;  Dur\u00e9e : Permanence de 4h avec un cr\u00e9neau de 1h par participante  &nbsp;","og_url":"https:\/\/empow-her.com\/produit\/coaching-juridique-et-fiscalite-copie\/","og_site_name":"Empow&#039;Her","article_modified_time":"2021-05-07T14:34:00+00:00","twitter_card":"summary_large_image","schema":{"@context":"https:\/\/schema.org","@graph":[{"@type":"WebPage","@id":"https:\/\/empow-her.com\/produit\/coaching-juridique-et-fiscalite-copie\/","url":"https:\/\/empow-her.com\/produit\/coaching-juridique-et-fiscalite-copie\/","name":"Coaching - Statuts juridiques et droits de l'entrepreneure - Empow&#039;Her","isPartOf":{"@id":"https:\/\/empow-her.com\/#website"},"datePublished":"2021-03-31T09:44:20+00:00","dateModified":"2021-05-07T14:34:00+00:00","breadcrumb":{"@id":"https:\/\/empow-her.com\/produit\/coaching-juridique-et-fiscalite-copie\/#breadcrumb"},"inLanguage":"en-US","potentialAction":[{"@type":"ReadAction","target":["https:\/\/empow-her.com\/produit\/coaching-juridique-et-fiscalite-copie\/"]}]},{"@type":"BreadcrumbList","@id":"https:\/\/empow-her.com\/produit\/coaching-juridique-et-fiscalite-copie\/#breadcrumb","itemListElement":[{"@type":"ListItem","position":1,"name":"Accueil","item":"https:\/\/empow-her.com\/en\/landing-page\/"},{"@type":"ListItem","position":2,"name":"LA BOUTIQUE","item":"https:\/\/empow-her.com\/boutique\/"},{"@type":"ListItem","position":3,"name":"Coaching &#8211; Statuts juridiques et droits de l&#8217;entrepreneure"}]},{"@type":"WebSite","@id":"https:\/\/empow-her.com\/#website","url":"https:\/\/empow-her.com\/","name":"Empow&#039;Her","description":"Women Development","potentialAction":[{"@type":"SearchAction","target":{"@type":"EntryPoint","urlTemplate":"https:\/\/empow-her.com\/?s={search_term_string}"},"query-input":{"@type":"PropertyValueSpecification","valueRequired":true,"valueName":"search_term_string"}}],"inLanguage":"en-US"}]}},"_links":{"self":[{"href":"https:\/\/empow-her.com\/en\/wp-json\/wp\/v2\/product\/12658","targetHints":{"allow":["GET"]}}],"collection":[{"href":"https:\/\/empow-her.com\/en\/wp-json\/wp\/v2\/product"}],"about":[{"href":"https:\/\/empow-her.com\/en\/wp-json\/wp\/v2\/types\/product"}],"wp:attachment":[{"href":"https:\/\/empow-her.com\/en\/wp-json\/wp\/v2\/media?parent=12658"}],"wp:term":[{"taxonomy":"product_brand","embeddable":true,"href":"https:\/\/empow-her.com\/en\/wp-json\/wp\/v2\/product_brand?post=12658"},{"taxonomy":"product_cat","embeddable":true,"href":"https:\/\/empow-her.com\/en\/wp-json\/wp\/v2\/product_cat?post=12658"},{"taxonomy":"product_tag","embeddable":true,"href":"https:\/\/empow-her.com\/en\/wp-json\/wp\/v2\/product_tag?post=12658"},{"taxonomy":"lieu","embeddable":true,"href":"https:\/\/empow-her.com\/en\/wp-json\/wp\/v2\/lieu?post=12658"},{"taxonomy":"thematiques","embeddable":true,"href":"https:\/\/empow-her.com\/en\/wp-json\/wp\/v2\/thematiques?post=12658"}],"curies":[{"name":"wp","href":"https:\/\/api.w.org\/{rel}","templated":true}]}}