{"id":126480,"date":"2022-11-17T14:37:33","date_gmt":"2022-11-17T13:37:33","guid":{"rendered":"https:\/\/empow-her.com\/?post_type=product&#038;p=126480"},"modified":"2022-11-17T14:38:45","modified_gmt":"2022-11-17T13:38:45","slug":"coaching-strategie-digitale-reseaux-sociaux-9","status":"publish","type":"product","link":"https:\/\/empow-her.com\/en\/produit\/coaching-strategie-digitale-reseaux-sociaux-9\/","title":{"rendered":"Coaching &#8211; Strat\u00e9gie digitale &#038; r\u00e9seaux sociaux"},"content":{"rendered":"","protected":false},"excerpt":{"rendered":"<div>\n<p><strong>Description :<\/strong><\/p>\n<p><span data-sheets-value=\"{&quot;1&quot;:2,&quot;2&quot;:&quot;Permanence pour conseiller et faire avancer les actions visants \u00e0 :n\u2022 Mettre en place sa strat\u00e9gie de communication digitalen\u2022 u0007D\u00e9finir une ligne \u00e9ditoriale et calendrier \u00e9ditorialn\u2022 Cr\u00e9er et structurer ses contenus en fonction des diff\u00e9rents canaux - Initier et nourrir une relation de qualit\u00e9n\u2022 u0007UX Writing : concevoir une exp\u00e9rience client qui passe par les motsn\u2022 Cr\u00e9er ses visuels et s\u00e9lectionner les codes visuels appropri\u00e9sn\u2022 \u00eatre visible et toucher atteindre son\/ses audience.s n\u2022 u0007Animer une communaut\u00e9 n\u2022 Les relais d\u2019influencen\u2022 mettre en place des KPIn&quot;}\" data-sheets-userformat=\"{&quot;2&quot;:4993,&quot;3&quot;:{&quot;1&quot;:0},&quot;10&quot;:1,&quot;11&quot;:4,&quot;12&quot;:0,&quot;15&quot;:&quot;Hind&quot;}\">Permanence pour conseiller et faire avancer les actions visant \u00e0 :<br \/>\n\u2022 Mettre en place sa strat\u00e9gie de communication digitale<br \/>\n\u2022 D\u00e9finir une ligne \u00e9ditoriale et calendrier \u00e9ditorial<br \/>\n\u2022 Cr\u00e9er et structurer ses contenus en fonction des diff\u00e9rents canaux &#8211; Initier et nourrir une relation de qualit\u00e9<br \/>\n\u2022 UX Writing : concevoir une exp\u00e9rience client qui passe par les mots<br \/>\n\u2022 Cr\u00e9er ses visuels et s\u00e9lectionner les codes visuels appropri\u00e9s<br \/>\n\u2022 Etre visible et toucher atteindre son\/ses audience.s<br \/>\n\u2022 Animer une communaut\u00e9<br \/>\n\u2022 Les relais d\u2019influence<br \/>\n\u2022 Mettre en place des KPI<br \/>\n<\/span><\/p>\n<p><strong>Pr\u00e9-requis<\/strong> : <span data-sheets-value=\"{&quot;1&quot;:2,&quot;2&quot;:&quot;nVous souhaitez vous inscrire \u00e0 cette session ? Merci d'indiquer votre besoin principal en remplissant ce questionnaire avant la session : https:\/\/airtable.com\/shrGo4G6jwgimwCV7nou communiquez-le par mail \u00e0 votre r\u00e9f\u00e9rente Empow'Her : nadege.serrero@empow-her.com&quot;}\" data-sheets-userformat=\"{&quot;2&quot;:4993,&quot;3&quot;:{&quot;1&quot;:0},&quot;10&quot;:1,&quot;11&quot;:4,&quot;12&quot;:0,&quot;15&quot;:&quot;Hind&quot;}\">Vous souhaitez vous inscrire \u00e0 cette session ? Merci d&#8217;indiquer votre besoin principal en remplissant ce questionnaire avant la session : https:\/\/airtable.com\/shrGo4G6jwgimwCV7 ou communiquez-le par mail \u00e0 votre r\u00e9f\u00e9rente Empow&#8217;Her : nadege.serrero@empow-her.com<\/span><\/p>\n<\/div>\n<div>\n<p><strong>Intervenant.e<\/strong>\u00a0<strong>: Alexandra Robert de l&#8217;agence LesLieuxdits<\/strong><\/p>\n<p>Designer de formation, experte en \u00e9tudes s\u00e9miotique appliqu\u00e9es au marketing, \u00e0 la marque et au business apr\u00e8s avoir \u00e9t\u00e9 directrice artistique et responsable communication pour des marques grand public durant plus de 18 ans. Je suis la fondatrice de l&#8217;agence LesLieuxDits qui accompagne les dirigeants dans le d\u00e9veloppement d&#8217;activit\u00e9s \u00e9conomiques plus responsables et cheffe d&#8217;une famille de 3 enfants.<br \/>\nDomaines d&#8217;expertise :<br \/>\n&gt; la relation entre le projet, l&#8217;offre et son &#8220;&#8221;public&#8221;&#8221;, autrement dit : le sens et la valorisation<br \/>\n&gt; la collaboration, le collectif, les contributions, la cr\u00e9ativit\u00e9 pour trouver des solutions qui collent aux sujets et aux moyens, autrement dit : le design de solutions et la facilitation.<\/p>\n<p><span data-sheets-value=\"{&quot;1&quot;:2,&quot;2&quot;:&quot;Description : nnPr\u00e9-requis : nnIntervenant.e : nnSon super pouvoir : nnSon petit mot : &quot;}\" data-sheets-userformat=\"{&quot;2&quot;:641,&quot;3&quot;:{&quot;1&quot;:0},&quot;10&quot;:1,&quot;12&quot;:0}\"><strong>Son super pouvoir :<\/strong> Facilitatrice de d\u00e9veloppement cr\u00e9atif et signifiant <\/span><\/p>\n<p><strong>Son petit mot :<\/strong> Osez bricoler, exp\u00e9rimenter, tester les possibilit\u00e9s.<\/p>\n<p><strong>Dur\u00e9e<\/strong> : 1h en ligne<\/p>\n<p>&nbsp;<\/p>\n<p><span data-sheets-value=\"{&quot;1&quot;:2,&quot;2&quot;:&quot;Attention ! \u00a0Veuillez vous pr\u00e9sentez \u00e0 l'heure pour que l'activit\u00e9 puisse commencer \u00e0 temps. Si vous avez du retard veuillez pr\u00e9venir l'intervenant.e. Si vous avez plus de 15 min de retard l'intervenant.e se r\u00e9serve le droit de plus vous accepter pour le coaching ou l'atelier.\u00a0&quot;}\" data-sheets-userformat=\"{&quot;2&quot;:641,&quot;3&quot;:{&quot;1&quot;:0},&quot;10&quot;:1,&quot;12&quot;:0}\"><strong>Attention !<\/strong> \u00a0Veuillez vous pr\u00e9senter \u00e0 l\u2019heure pour que l\u2019activit\u00e9 puisse commencer \u00e0 temps. Si vous avez du retard veuillez pr\u00e9venir l\u2019intervenant.e. Si vous avez plus de 15 min de retard l\u2019intervenant.e se r\u00e9serve le droit de ne pas vous accepter pour le coaching ou l\u2019atelier.\u00a0<\/span><\/p>\n<\/div>\n","protected":false},"featured_media":126481,"template":"","format":"standard","meta":{"_acf_changed":false,"om_disable_all_campaigns":false,"_uf_show_specific_survey":0,"_uf_disable_surveys":false},"product_brand":[],"product_cat":[121],"product_tag":[],"lieu":[125],"thematiques":[],"class_list":{"0":"post-126480","1":"product","2":"type-product","3":"status-publish","4":"format-standard","5":"has-post-thumbnail","7":"product_cat-coaching","8":"lieu-en-ligne","10":"first","11":"instock","12":"virtual","13":"purchasable","14":"product-type-appointment"},"exclude_global_add_ons":[],"addons":[],"acf":[],"yoast_head":"<!-- This site is optimized with the Yoast SEO plugin v24.8 - https:\/\/yoast.com\/wordpress\/plugins\/seo\/ -->\n<title>Coaching - Strat\u00e9gie digitale &amp; r\u00e9seaux sociaux - Empow&#039;Her<\/title>\n<meta name=\"robots\" content=\"index, follow, max-snippet:-1, max-image-preview:large, max-video-preview:-1\" \/>\n<link rel=\"canonical\" href=\"https:\/\/empow-her.com\/produit\/coaching-strategie-digitale-reseaux-sociaux-9\/\" \/>\n<meta property=\"og:locale\" content=\"en_US\" \/>\n<meta property=\"og:type\" content=\"article\" \/>\n<meta property=\"og:title\" content=\"Coaching - Strat\u00e9gie digitale &amp; r\u00e9seaux sociaux - Empow&#039;Her\" \/>\n<meta property=\"og:description\" content=\"Description :  Permanence pour conseiller et faire avancer les actions visant \u00e0 : \u2022 Mettre en place sa strat\u00e9gie de communication digitale \u2022 D\u00e9finir une ligne \u00e9ditoriale et calendrier \u00e9ditorial \u2022 Cr\u00e9er et structurer ses contenus en fonction des diff\u00e9rents canaux - Initier et nourrir une relation de qualit\u00e9 \u2022 UX Writing : concevoir une exp\u00e9rience client qui passe par les mots \u2022 Cr\u00e9er ses visuels et s\u00e9lectionner les codes visuels appropri\u00e9s \u2022 Etre visible et toucher atteindre son\/ses audience.s \u2022 Animer une communaut\u00e9 \u2022 Les relais d\u2019influence \u2022 Mettre en place des KPI   Pr\u00e9-requis : Vous souhaitez vous inscrire \u00e0 cette session ? Merci d&#039;indiquer votre besoin principal en remplissant ce questionnaire avant la session : https:\/\/airtable.com\/shrGo4G6jwgimwCV7 ou communiquez-le par mail \u00e0 votre r\u00e9f\u00e9rente Empow&#039;Her : nadege.serrero@empow-her.com     Intervenant.e\u00a0: Alexandra Robert de l&#039;agence LesLieuxdits  Designer de formation, experte en \u00e9tudes s\u00e9miotique appliqu\u00e9es au marketing, \u00e0 la marque et au business apr\u00e8s avoir \u00e9t\u00e9 directrice artistique et responsable communication pour des marques grand public durant plus de 18 ans. Je suis la fondatrice de l&#039;agence LesLieuxDits qui accompagne les dirigeants dans le d\u00e9veloppement d&#039;activit\u00e9s \u00e9conomiques plus responsables et cheffe d&#039;une famille de 3 enfants. Domaines d&#039;expertise : &gt; la relation entre le projet, l&#039;offre et son &quot;&quot;public&quot;&quot;, autrement dit : le sens et la valorisation &gt; la collaboration, le collectif, les contributions, la cr\u00e9ativit\u00e9 pour trouver des solutions qui collent aux sujets et aux moyens, autrement dit : le design de solutions et la facilitation.  Son super pouvoir : Facilitatrice de d\u00e9veloppement cr\u00e9atif et signifiant   Son petit mot : Osez bricoler, exp\u00e9rimenter, tester les possibilit\u00e9s.  Dur\u00e9e : 1h en ligne  &nbsp;  Attention ! \u00a0Veuillez vous pr\u00e9senter \u00e0 l\u2019heure pour que l\u2019activit\u00e9 puisse commencer \u00e0 temps. Si vous avez du retard veuillez pr\u00e9venir l\u2019intervenant.e. Si vous avez plus de 15 min de retard l\u2019intervenant.e se r\u00e9serve le droit de ne pas vous accepter pour le coaching ou l\u2019atelier.\u00a0\" \/>\n<meta property=\"og:url\" content=\"https:\/\/empow-her.com\/produit\/coaching-strategie-digitale-reseaux-sociaux-9\/\" \/>\n<meta property=\"og:site_name\" content=\"Empow&#039;Her\" \/>\n<meta property=\"article:modified_time\" content=\"2022-11-17T13:38:45+00:00\" \/>\n<meta property=\"og:image\" content=\"https:\/\/empow-her.com\/wp-content\/uploads\/2022\/11\/Women-Dare-templates-events-2022-11-17T143702.756.png\" \/>\n\t<meta property=\"og:image:width\" content=\"1080\" \/>\n\t<meta property=\"og:image:height\" content=\"1080\" \/>\n\t<meta property=\"og:image:type\" content=\"image\/png\" \/>\n<meta name=\"twitter:card\" content=\"summary_large_image\" \/>\n<script type=\"application\/ld+json\" class=\"yoast-schema-graph\">{\"@context\":\"https:\/\/schema.org\",\"@graph\":[{\"@type\":\"WebPage\",\"@id\":\"https:\/\/empow-her.com\/produit\/coaching-strategie-digitale-reseaux-sociaux-9\/\",\"url\":\"https:\/\/empow-her.com\/produit\/coaching-strategie-digitale-reseaux-sociaux-9\/\",\"name\":\"Coaching - Strat\u00e9gie digitale & r\u00e9seaux sociaux - Empow&#039;Her\",\"isPartOf\":{\"@id\":\"https:\/\/empow-her.com\/#website\"},\"primaryImageOfPage\":{\"@id\":\"https:\/\/empow-her.com\/produit\/coaching-strategie-digitale-reseaux-sociaux-9\/#primaryimage\"},\"image\":{\"@id\":\"https:\/\/empow-her.com\/produit\/coaching-strategie-digitale-reseaux-sociaux-9\/#primaryimage\"},\"thumbnailUrl\":\"https:\/\/empow-her.com\/wp-content\/uploads\/2022\/11\/Women-Dare-templates-events-2022-11-17T143702.756.png\",\"datePublished\":\"2022-11-17T13:37:33+00:00\",\"dateModified\":\"2022-11-17T13:38:45+00:00\",\"breadcrumb\":{\"@id\":\"https:\/\/empow-her.com\/produit\/coaching-strategie-digitale-reseaux-sociaux-9\/#breadcrumb\"},\"inLanguage\":\"en-US\",\"potentialAction\":[{\"@type\":\"ReadAction\",\"target\":[\"https:\/\/empow-her.com\/produit\/coaching-strategie-digitale-reseaux-sociaux-9\/\"]}]},{\"@type\":\"ImageObject\",\"inLanguage\":\"en-US\",\"@id\":\"https:\/\/empow-her.com\/produit\/coaching-strategie-digitale-reseaux-sociaux-9\/#primaryimage\",\"url\":\"https:\/\/empow-her.com\/wp-content\/uploads\/2022\/11\/Women-Dare-templates-events-2022-11-17T143702.756.png\",\"contentUrl\":\"https:\/\/empow-her.com\/wp-content\/uploads\/2022\/11\/Women-Dare-templates-events-2022-11-17T143702.756.png\",\"width\":1080,\"height\":1080},{\"@type\":\"BreadcrumbList\",\"@id\":\"https:\/\/empow-her.com\/produit\/coaching-strategie-digitale-reseaux-sociaux-9\/#breadcrumb\",\"itemListElement\":[{\"@type\":\"ListItem\",\"position\":1,\"name\":\"Accueil\",\"item\":\"https:\/\/empow-her.com\/en\/landing-page\/\"},{\"@type\":\"ListItem\",\"position\":2,\"name\":\"LA BOUTIQUE\",\"item\":\"https:\/\/empow-her.com\/boutique\/\"},{\"@type\":\"ListItem\",\"position\":3,\"name\":\"Coaching &#8211; Strat\u00e9gie digitale &#038; r\u00e9seaux sociaux\"}]},{\"@type\":\"WebSite\",\"@id\":\"https:\/\/empow-her.com\/#website\",\"url\":\"https:\/\/empow-her.com\/\",\"name\":\"Empow&#039;Her\",\"description\":\"Women Development\",\"potentialAction\":[{\"@type\":\"SearchAction\",\"target\":{\"@type\":\"EntryPoint\",\"urlTemplate\":\"https:\/\/empow-her.com\/?s={search_term_string}\"},\"query-input\":{\"@type\":\"PropertyValueSpecification\",\"valueRequired\":true,\"valueName\":\"search_term_string\"}}],\"inLanguage\":\"en-US\"}]}<\/script>\n<!-- \/ Yoast SEO plugin. -->","yoast_head_json":{"title":"Coaching - Strat\u00e9gie digitale & r\u00e9seaux sociaux - Empow&#039;Her","robots":{"index":"index","follow":"follow","max-snippet":"max-snippet:-1","max-image-preview":"max-image-preview:large","max-video-preview":"max-video-preview:-1"},"canonical":"https:\/\/empow-her.com\/produit\/coaching-strategie-digitale-reseaux-sociaux-9\/","og_locale":"en_US","og_type":"article","og_title":"Coaching - Strat\u00e9gie digitale & r\u00e9seaux sociaux - Empow&#039;Her","og_description":"Description :  Permanence pour conseiller et faire avancer les actions visant \u00e0 : \u2022 Mettre en place sa strat\u00e9gie de communication digitale \u2022 D\u00e9finir une ligne \u00e9ditoriale et calendrier \u00e9ditorial \u2022 Cr\u00e9er et structurer ses contenus en fonction des diff\u00e9rents canaux - Initier et nourrir une relation de qualit\u00e9 \u2022 UX Writing : concevoir une exp\u00e9rience client qui passe par les mots \u2022 Cr\u00e9er ses visuels et s\u00e9lectionner les codes visuels appropri\u00e9s \u2022 Etre visible et toucher atteindre son\/ses audience.s \u2022 Animer une communaut\u00e9 \u2022 Les relais d\u2019influence \u2022 Mettre en place des KPI   Pr\u00e9-requis : Vous souhaitez vous inscrire \u00e0 cette session ? Merci d'indiquer votre besoin principal en remplissant ce questionnaire avant la session : https:\/\/airtable.com\/shrGo4G6jwgimwCV7 ou communiquez-le par mail \u00e0 votre r\u00e9f\u00e9rente Empow'Her : nadege.serrero@empow-her.com     Intervenant.e\u00a0: Alexandra Robert de l'agence LesLieuxdits  Designer de formation, experte en \u00e9tudes s\u00e9miotique appliqu\u00e9es au marketing, \u00e0 la marque et au business apr\u00e8s avoir \u00e9t\u00e9 directrice artistique et responsable communication pour des marques grand public durant plus de 18 ans. Je suis la fondatrice de l'agence LesLieuxDits qui accompagne les dirigeants dans le d\u00e9veloppement d'activit\u00e9s \u00e9conomiques plus responsables et cheffe d'une famille de 3 enfants. Domaines d'expertise : &gt; la relation entre le projet, l'offre et son \"\"public\"\", autrement dit : le sens et la valorisation &gt; la collaboration, le collectif, les contributions, la cr\u00e9ativit\u00e9 pour trouver des solutions qui collent aux sujets et aux moyens, autrement dit : le design de solutions et la facilitation.  Son super pouvoir : Facilitatrice de d\u00e9veloppement cr\u00e9atif et signifiant   Son petit mot : Osez bricoler, exp\u00e9rimenter, tester les possibilit\u00e9s.  Dur\u00e9e : 1h en ligne  &nbsp;  Attention ! \u00a0Veuillez vous pr\u00e9senter \u00e0 l\u2019heure pour que l\u2019activit\u00e9 puisse commencer \u00e0 temps. Si vous avez du retard veuillez pr\u00e9venir l\u2019intervenant.e. Si vous avez plus de 15 min de retard l\u2019intervenant.e se r\u00e9serve le droit de ne pas vous accepter pour le coaching ou l\u2019atelier.\u00a0","og_url":"https:\/\/empow-her.com\/produit\/coaching-strategie-digitale-reseaux-sociaux-9\/","og_site_name":"Empow&#039;Her","article_modified_time":"2022-11-17T13:38:45+00:00","og_image":[{"width":1080,"height":1080,"url":"https:\/\/empow-her.com\/wp-content\/uploads\/2022\/11\/Women-Dare-templates-events-2022-11-17T143702.756.png","type":"image\/png"}],"twitter_card":"summary_large_image","schema":{"@context":"https:\/\/schema.org","@graph":[{"@type":"WebPage","@id":"https:\/\/empow-her.com\/produit\/coaching-strategie-digitale-reseaux-sociaux-9\/","url":"https:\/\/empow-her.com\/produit\/coaching-strategie-digitale-reseaux-sociaux-9\/","name":"Coaching - Strat\u00e9gie digitale & r\u00e9seaux sociaux - Empow&#039;Her","isPartOf":{"@id":"https:\/\/empow-her.com\/#website"},"primaryImageOfPage":{"@id":"https:\/\/empow-her.com\/produit\/coaching-strategie-digitale-reseaux-sociaux-9\/#primaryimage"},"image":{"@id":"https:\/\/empow-her.com\/produit\/coaching-strategie-digitale-reseaux-sociaux-9\/#primaryimage"},"thumbnailUrl":"https:\/\/empow-her.com\/wp-content\/uploads\/2022\/11\/Women-Dare-templates-events-2022-11-17T143702.756.png","datePublished":"2022-11-17T13:37:33+00:00","dateModified":"2022-11-17T13:38:45+00:00","breadcrumb":{"@id":"https:\/\/empow-her.com\/produit\/coaching-strategie-digitale-reseaux-sociaux-9\/#breadcrumb"},"inLanguage":"en-US","potentialAction":[{"@type":"ReadAction","target":["https:\/\/empow-her.com\/produit\/coaching-strategie-digitale-reseaux-sociaux-9\/"]}]},{"@type":"ImageObject","inLanguage":"en-US","@id":"https:\/\/empow-her.com\/produit\/coaching-strategie-digitale-reseaux-sociaux-9\/#primaryimage","url":"https:\/\/empow-her.com\/wp-content\/uploads\/2022\/11\/Women-Dare-templates-events-2022-11-17T143702.756.png","contentUrl":"https:\/\/empow-her.com\/wp-content\/uploads\/2022\/11\/Women-Dare-templates-events-2022-11-17T143702.756.png","width":1080,"height":1080},{"@type":"BreadcrumbList","@id":"https:\/\/empow-her.com\/produit\/coaching-strategie-digitale-reseaux-sociaux-9\/#breadcrumb","itemListElement":[{"@type":"ListItem","position":1,"name":"Accueil","item":"https:\/\/empow-her.com\/en\/landing-page\/"},{"@type":"ListItem","position":2,"name":"LA BOUTIQUE","item":"https:\/\/empow-her.com\/boutique\/"},{"@type":"ListItem","position":3,"name":"Coaching &#8211; Strat\u00e9gie digitale &#038; r\u00e9seaux sociaux"}]},{"@type":"WebSite","@id":"https:\/\/empow-her.com\/#website","url":"https:\/\/empow-her.com\/","name":"Empow&#039;Her","description":"Women Development","potentialAction":[{"@type":"SearchAction","target":{"@type":"EntryPoint","urlTemplate":"https:\/\/empow-her.com\/?s={search_term_string}"},"query-input":{"@type":"PropertyValueSpecification","valueRequired":true,"valueName":"search_term_string"}}],"inLanguage":"en-US"}]}},"_links":{"self":[{"href":"https:\/\/empow-her.com\/en\/wp-json\/wp\/v2\/product\/126480","targetHints":{"allow":["GET"]}}],"collection":[{"href":"https:\/\/empow-her.com\/en\/wp-json\/wp\/v2\/product"}],"about":[{"href":"https:\/\/empow-her.com\/en\/wp-json\/wp\/v2\/types\/product"}],"wp:featuredmedia":[{"embeddable":true,"href":"https:\/\/empow-her.com\/en\/wp-json\/wp\/v2\/media\/126481"}],"wp:attachment":[{"href":"https:\/\/empow-her.com\/en\/wp-json\/wp\/v2\/media?parent=126480"}],"wp:term":[{"taxonomy":"product_brand","embeddable":true,"href":"https:\/\/empow-her.com\/en\/wp-json\/wp\/v2\/product_brand?post=126480"},{"taxonomy":"product_cat","embeddable":true,"href":"https:\/\/empow-her.com\/en\/wp-json\/wp\/v2\/product_cat?post=126480"},{"taxonomy":"product_tag","embeddable":true,"href":"https:\/\/empow-her.com\/en\/wp-json\/wp\/v2\/product_tag?post=126480"},{"taxonomy":"lieu","embeddable":true,"href":"https:\/\/empow-her.com\/en\/wp-json\/wp\/v2\/lieu?post=126480"},{"taxonomy":"thematiques","embeddable":true,"href":"https:\/\/empow-her.com\/en\/wp-json\/wp\/v2\/thematiques?post=126480"}],"curies":[{"name":"wp","href":"https:\/\/api.w.org\/{rel}","templated":true}]}}