{"id":126456,"date":"2022-11-17T14:11:01","date_gmt":"2022-11-17T13:11:01","guid":{"rendered":"https:\/\/empow-her.com\/?post_type=product&#038;p=126456"},"modified":"2022-11-17T14:13:50","modified_gmt":"2022-11-17T13:13:50","slug":"coaching-communication-identite-de-marque-7","status":"publish","type":"product","link":"https:\/\/empow-her.com\/en\/produit\/coaching-communication-identite-de-marque-7\/","title":{"rendered":"Coaching &#8211; Communication &#038; identit\u00e9 de marque"},"content":{"rendered":"","protected":false},"excerpt":{"rendered":"<div>\n<p><strong>Description : <\/strong>Vous avez identifi\u00e9 vos cibles et votre proposition de valeur ? Vous \u00eates en train d&#8217;explorer votre strat\u00e9gie de communication?<\/p>\n<p>Durant ce coaching, vous pourrez avancer et r\u00e9fl\u00e9chir sur plusieurs points :<br \/>\n&#8211; La d\u00e9finition de votre positionnement<br \/>\n&#8211; La d\u00e9finition de votre territoire d&#8217;expression et de votre identit\u00e9 de marque<br \/>\n&#8211; La construction de votre strat\u00e9gie de communication<br \/>\n&#8211; L&#8217;\u00e9laboration des outils de communication<br \/>\n&#8211; La mise en place de plan de communication<\/p>\n<p>Si vous en \u00eates \u00e0 ce stade, venez avec vos persona pour explorer les diff\u00e9rents moyens de communication qui s&#8217;offrent \u00e0 vous !<\/p>\n<p><strong>Pr\u00e9-requis<\/strong> : <span data-sheets-value=\"{&quot;1&quot;:2,&quot;2&quot;:&quot;nVous souhaitez vous inscrire \u00e0 cette session ? Merci d'indiquer votre besoin principal en remplissant ce questionnaire avant la session : https:\/\/airtable.com\/shrGo4G6jwgimwCV7nou communiquez-le par mail \u00e0 votre r\u00e9f\u00e9rente Empow'Her : nadege.serrero@empow-her.com&quot;}\" data-sheets-userformat=\"{&quot;2&quot;:4993,&quot;3&quot;:{&quot;1&quot;:0},&quot;10&quot;:1,&quot;11&quot;:4,&quot;12&quot;:0,&quot;15&quot;:&quot;Hind&quot;}\">Vous souhaitez vous inscrire \u00e0 cette session ? Merci d&#8217;indiquer votre besoin principal en remplissant ce questionnaire avant la session : https:\/\/airtable.com\/shrGo4G6jwgimwCV7 ou communiquez-le par mail \u00e0 votre r\u00e9f\u00e9rente Empow&#8217;Her : nadege.serrero@empow-her.com<\/span><\/p>\n<\/div>\n<div>\n<p><strong>I<\/strong><strong>ntervenant.e<\/strong>\u00a0<strong>: Alexandra Robert de l\u2019agence LesLieuxdits<\/strong><\/p>\n<p>Designer de formation, experte en \u00e9tudes s\u00e9miotique appliqu\u00e9es au marketing, \u00e0 la marque et au business apr\u00e8s avoir \u00e9t\u00e9 directrice artistique et responsable communication pour des marques grand public durant plus de 18 ans. Je suis la fondatrice de l\u2019agence LesLieuxDits qui accompagne les dirigeants dans le d\u00e9veloppement d\u2019activit\u00e9s \u00e9conomiques plus responsables et cheffe d\u2019une famille de 3 enfants.<br \/>\nDomaines d\u2019expertise :<br \/>\n&gt; la relation entre le projet, l\u2019offre et son \u201c\u201dpublic\u201d\u201d, autrement dit : le sens et la valorisation<br \/>\n&gt; la collaboration, le collectif, les contributions, la cr\u00e9ativit\u00e9 pour trouver des solutions qui collent aux sujets et aux moyens, autrement dit : le design de solutions et la facilitation.<\/p>\n<p><span data-sheets-value=\"{&quot;1&quot;:2,&quot;2&quot;:&quot;Description : nnPr\u00e9-requis : nnIntervenant.e : nnSon super pouvoir : nnSon petit mot : &quot;}\" data-sheets-userformat=\"{&quot;2&quot;:641,&quot;3&quot;:{&quot;1&quot;:0},&quot;10&quot;:1,&quot;12&quot;:0}\"><strong>Son super pouvoir :<\/strong>\u00a0Facilitatrice de d\u00e9veloppement cr\u00e9atif et signifiant<\/span><\/p>\n<p><strong>Son petit mot :<\/strong>\u00a0Osez bricoler, exp\u00e9rimenter, tester les possibilit\u00e9s.<\/p>\n<p><strong>Dur\u00e9e<\/strong> : 1h en ligne<\/p>\n<p>&nbsp;<\/p>\n<p><span data-sheets-value=\"{&quot;1&quot;:2,&quot;2&quot;:&quot;Attention ! \u00a0Veuillez vous pr\u00e9sentez \u00e0 l'heure pour que l'activit\u00e9 puisse commencer \u00e0 temps. Si vous avez du retard veuillez pr\u00e9venir l'intervenant.e. Si vous avez plus de 15 min de retard l'intervenant.e se r\u00e9serve le droit de plus vous accepter pour le coaching ou l'atelier.\u00a0&quot;}\" data-sheets-userformat=\"{&quot;2&quot;:641,&quot;3&quot;:{&quot;1&quot;:0},&quot;10&quot;:1,&quot;12&quot;:0}\"><strong>Attention !<\/strong> \u00a0Veuillez vous pr\u00e9senter \u00e0 l\u2019heure pour que l\u2019activit\u00e9 puisse commencer \u00e0 temps. Si vous avez du retard veuillez pr\u00e9venir l\u2019intervenant.e. Si vous avez plus de 15 min de retard l\u2019intervenant.e se r\u00e9serve le droit de ne pas vous accepter pour le coaching ou l\u2019atelier.\u00a0<\/span><\/p>\n<\/div>\n","protected":false},"featured_media":126457,"template":"","format":"standard","meta":{"_acf_changed":false,"om_disable_all_campaigns":false,"_uf_show_specific_survey":0,"_uf_disable_surveys":false},"product_brand":[],"product_cat":[121],"product_tag":[],"lieu":[125],"thematiques":[],"class_list":{"0":"post-126456","1":"product","2":"type-product","3":"status-publish","4":"format-standard","5":"has-post-thumbnail","7":"product_cat-coaching","8":"lieu-en-ligne","10":"first","11":"instock","12":"virtual","13":"purchasable","14":"product-type-appointment"},"exclude_global_add_ons":[],"addons":[],"acf":[],"yoast_head":"<!-- This site is optimized with the Yoast SEO plugin v24.8 - https:\/\/yoast.com\/wordpress\/plugins\/seo\/ -->\n<title>Coaching - Communication &amp; identit\u00e9 de marque - Empow&#039;Her<\/title>\n<meta name=\"robots\" content=\"index, follow, max-snippet:-1, max-image-preview:large, max-video-preview:-1\" \/>\n<link rel=\"canonical\" href=\"https:\/\/empow-her.com\/produit\/coaching-communication-identite-de-marque-7\/\" \/>\n<meta property=\"og:locale\" content=\"en_US\" \/>\n<meta property=\"og:type\" content=\"article\" \/>\n<meta property=\"og:title\" content=\"Coaching - Communication &amp; identit\u00e9 de marque - Empow&#039;Her\" \/>\n<meta property=\"og:description\" content=\"Description : Vous avez identifi\u00e9 vos cibles et votre proposition de valeur ? Vous \u00eates en train d&#039;explorer votre strat\u00e9gie de communication?  Durant ce coaching, vous pourrez avancer et r\u00e9fl\u00e9chir sur plusieurs points : - La d\u00e9finition de votre positionnement - La d\u00e9finition de votre territoire d&#039;expression et de votre identit\u00e9 de marque - La construction de votre strat\u00e9gie de communication - L&#039;\u00e9laboration des outils de communication - La mise en place de plan de communication  Si vous en \u00eates \u00e0 ce stade, venez avec vos persona pour explorer les diff\u00e9rents moyens de communication qui s&#039;offrent \u00e0 vous !  Pr\u00e9-requis : Vous souhaitez vous inscrire \u00e0 cette session ? Merci d&#039;indiquer votre besoin principal en remplissant ce questionnaire avant la session : https:\/\/airtable.com\/shrGo4G6jwgimwCV7 ou communiquez-le par mail \u00e0 votre r\u00e9f\u00e9rente Empow&#039;Her : nadege.serrero@empow-her.com     Intervenant.e\u00a0: Alexandra Robert de l\u2019agence LesLieuxdits  Designer de formation, experte en \u00e9tudes s\u00e9miotique appliqu\u00e9es au marketing, \u00e0 la marque et au business apr\u00e8s avoir \u00e9t\u00e9 directrice artistique et responsable communication pour des marques grand public durant plus de 18 ans. Je suis la fondatrice de l\u2019agence LesLieuxDits qui accompagne les dirigeants dans le d\u00e9veloppement d\u2019activit\u00e9s \u00e9conomiques plus responsables et cheffe d\u2019une famille de 3 enfants. Domaines d\u2019expertise : &gt; la relation entre le projet, l\u2019offre et son \u201c\u201dpublic\u201d\u201d, autrement dit : le sens et la valorisation &gt; la collaboration, le collectif, les contributions, la cr\u00e9ativit\u00e9 pour trouver des solutions qui collent aux sujets et aux moyens, autrement dit : le design de solutions et la facilitation.  Son super pouvoir :\u00a0Facilitatrice de d\u00e9veloppement cr\u00e9atif et signifiant  Son petit mot :\u00a0Osez bricoler, exp\u00e9rimenter, tester les possibilit\u00e9s.  Dur\u00e9e : 1h en ligne  &nbsp;  Attention ! \u00a0Veuillez vous pr\u00e9senter \u00e0 l\u2019heure pour que l\u2019activit\u00e9 puisse commencer \u00e0 temps. Si vous avez du retard veuillez pr\u00e9venir l\u2019intervenant.e. Si vous avez plus de 15 min de retard l\u2019intervenant.e se r\u00e9serve le droit de ne pas vous accepter pour le coaching ou l\u2019atelier.\u00a0\" \/>\n<meta property=\"og:url\" content=\"https:\/\/empow-her.com\/produit\/coaching-communication-identite-de-marque-7\/\" \/>\n<meta property=\"og:site_name\" content=\"Empow&#039;Her\" \/>\n<meta property=\"article:modified_time\" content=\"2022-11-17T13:13:50+00:00\" \/>\n<meta property=\"og:image\" content=\"https:\/\/empow-her.com\/wp-content\/uploads\/2022\/11\/Women-Dare-templates-events-2022-11-17T140959.790.png\" \/>\n\t<meta property=\"og:image:width\" content=\"1080\" \/>\n\t<meta property=\"og:image:height\" content=\"1080\" \/>\n\t<meta property=\"og:image:type\" content=\"image\/png\" \/>\n<meta name=\"twitter:card\" content=\"summary_large_image\" \/>\n<script type=\"application\/ld+json\" class=\"yoast-schema-graph\">{\"@context\":\"https:\/\/schema.org\",\"@graph\":[{\"@type\":\"WebPage\",\"@id\":\"https:\/\/empow-her.com\/produit\/coaching-communication-identite-de-marque-7\/\",\"url\":\"https:\/\/empow-her.com\/produit\/coaching-communication-identite-de-marque-7\/\",\"name\":\"Coaching - Communication & identit\u00e9 de marque - Empow&#039;Her\",\"isPartOf\":{\"@id\":\"https:\/\/empow-her.com\/#website\"},\"primaryImageOfPage\":{\"@id\":\"https:\/\/empow-her.com\/produit\/coaching-communication-identite-de-marque-7\/#primaryimage\"},\"image\":{\"@id\":\"https:\/\/empow-her.com\/produit\/coaching-communication-identite-de-marque-7\/#primaryimage\"},\"thumbnailUrl\":\"https:\/\/empow-her.com\/wp-content\/uploads\/2022\/11\/Women-Dare-templates-events-2022-11-17T140959.790.png\",\"datePublished\":\"2022-11-17T13:11:01+00:00\",\"dateModified\":\"2022-11-17T13:13:50+00:00\",\"breadcrumb\":{\"@id\":\"https:\/\/empow-her.com\/produit\/coaching-communication-identite-de-marque-7\/#breadcrumb\"},\"inLanguage\":\"en-US\",\"potentialAction\":[{\"@type\":\"ReadAction\",\"target\":[\"https:\/\/empow-her.com\/produit\/coaching-communication-identite-de-marque-7\/\"]}]},{\"@type\":\"ImageObject\",\"inLanguage\":\"en-US\",\"@id\":\"https:\/\/empow-her.com\/produit\/coaching-communication-identite-de-marque-7\/#primaryimage\",\"url\":\"https:\/\/empow-her.com\/wp-content\/uploads\/2022\/11\/Women-Dare-templates-events-2022-11-17T140959.790.png\",\"contentUrl\":\"https:\/\/empow-her.com\/wp-content\/uploads\/2022\/11\/Women-Dare-templates-events-2022-11-17T140959.790.png\",\"width\":1080,\"height\":1080},{\"@type\":\"BreadcrumbList\",\"@id\":\"https:\/\/empow-her.com\/produit\/coaching-communication-identite-de-marque-7\/#breadcrumb\",\"itemListElement\":[{\"@type\":\"ListItem\",\"position\":1,\"name\":\"Accueil\",\"item\":\"https:\/\/empow-her.com\/en\/landing-page\/\"},{\"@type\":\"ListItem\",\"position\":2,\"name\":\"LA BOUTIQUE\",\"item\":\"https:\/\/empow-her.com\/boutique\/\"},{\"@type\":\"ListItem\",\"position\":3,\"name\":\"Coaching &#8211; Communication &#038; identit\u00e9 de marque\"}]},{\"@type\":\"WebSite\",\"@id\":\"https:\/\/empow-her.com\/#website\",\"url\":\"https:\/\/empow-her.com\/\",\"name\":\"Empow&#039;Her\",\"description\":\"Women Development\",\"potentialAction\":[{\"@type\":\"SearchAction\",\"target\":{\"@type\":\"EntryPoint\",\"urlTemplate\":\"https:\/\/empow-her.com\/?s={search_term_string}\"},\"query-input\":{\"@type\":\"PropertyValueSpecification\",\"valueRequired\":true,\"valueName\":\"search_term_string\"}}],\"inLanguage\":\"en-US\"}]}<\/script>\n<!-- \/ Yoast SEO plugin. -->","yoast_head_json":{"title":"Coaching - Communication & identit\u00e9 de marque - Empow&#039;Her","robots":{"index":"index","follow":"follow","max-snippet":"max-snippet:-1","max-image-preview":"max-image-preview:large","max-video-preview":"max-video-preview:-1"},"canonical":"https:\/\/empow-her.com\/produit\/coaching-communication-identite-de-marque-7\/","og_locale":"en_US","og_type":"article","og_title":"Coaching - Communication & identit\u00e9 de marque - Empow&#039;Her","og_description":"Description : Vous avez identifi\u00e9 vos cibles et votre proposition de valeur ? Vous \u00eates en train d'explorer votre strat\u00e9gie de communication?  Durant ce coaching, vous pourrez avancer et r\u00e9fl\u00e9chir sur plusieurs points : - La d\u00e9finition de votre positionnement - La d\u00e9finition de votre territoire d'expression et de votre identit\u00e9 de marque - La construction de votre strat\u00e9gie de communication - L'\u00e9laboration des outils de communication - La mise en place de plan de communication  Si vous en \u00eates \u00e0 ce stade, venez avec vos persona pour explorer les diff\u00e9rents moyens de communication qui s'offrent \u00e0 vous !  Pr\u00e9-requis : Vous souhaitez vous inscrire \u00e0 cette session ? Merci d'indiquer votre besoin principal en remplissant ce questionnaire avant la session : https:\/\/airtable.com\/shrGo4G6jwgimwCV7 ou communiquez-le par mail \u00e0 votre r\u00e9f\u00e9rente Empow'Her : nadege.serrero@empow-her.com     Intervenant.e\u00a0: Alexandra Robert de l\u2019agence LesLieuxdits  Designer de formation, experte en \u00e9tudes s\u00e9miotique appliqu\u00e9es au marketing, \u00e0 la marque et au business apr\u00e8s avoir \u00e9t\u00e9 directrice artistique et responsable communication pour des marques grand public durant plus de 18 ans. Je suis la fondatrice de l\u2019agence LesLieuxDits qui accompagne les dirigeants dans le d\u00e9veloppement d\u2019activit\u00e9s \u00e9conomiques plus responsables et cheffe d\u2019une famille de 3 enfants. Domaines d\u2019expertise : &gt; la relation entre le projet, l\u2019offre et son \u201c\u201dpublic\u201d\u201d, autrement dit : le sens et la valorisation &gt; la collaboration, le collectif, les contributions, la cr\u00e9ativit\u00e9 pour trouver des solutions qui collent aux sujets et aux moyens, autrement dit : le design de solutions et la facilitation.  Son super pouvoir :\u00a0Facilitatrice de d\u00e9veloppement cr\u00e9atif et signifiant  Son petit mot :\u00a0Osez bricoler, exp\u00e9rimenter, tester les possibilit\u00e9s.  Dur\u00e9e : 1h en ligne  &nbsp;  Attention ! \u00a0Veuillez vous pr\u00e9senter \u00e0 l\u2019heure pour que l\u2019activit\u00e9 puisse commencer \u00e0 temps. Si vous avez du retard veuillez pr\u00e9venir l\u2019intervenant.e. Si vous avez plus de 15 min de retard l\u2019intervenant.e se r\u00e9serve le droit de ne pas vous accepter pour le coaching ou l\u2019atelier.\u00a0","og_url":"https:\/\/empow-her.com\/produit\/coaching-communication-identite-de-marque-7\/","og_site_name":"Empow&#039;Her","article_modified_time":"2022-11-17T13:13:50+00:00","og_image":[{"width":1080,"height":1080,"url":"https:\/\/empow-her.com\/wp-content\/uploads\/2022\/11\/Women-Dare-templates-events-2022-11-17T140959.790.png","type":"image\/png"}],"twitter_card":"summary_large_image","schema":{"@context":"https:\/\/schema.org","@graph":[{"@type":"WebPage","@id":"https:\/\/empow-her.com\/produit\/coaching-communication-identite-de-marque-7\/","url":"https:\/\/empow-her.com\/produit\/coaching-communication-identite-de-marque-7\/","name":"Coaching - Communication & identit\u00e9 de marque - Empow&#039;Her","isPartOf":{"@id":"https:\/\/empow-her.com\/#website"},"primaryImageOfPage":{"@id":"https:\/\/empow-her.com\/produit\/coaching-communication-identite-de-marque-7\/#primaryimage"},"image":{"@id":"https:\/\/empow-her.com\/produit\/coaching-communication-identite-de-marque-7\/#primaryimage"},"thumbnailUrl":"https:\/\/empow-her.com\/wp-content\/uploads\/2022\/11\/Women-Dare-templates-events-2022-11-17T140959.790.png","datePublished":"2022-11-17T13:11:01+00:00","dateModified":"2022-11-17T13:13:50+00:00","breadcrumb":{"@id":"https:\/\/empow-her.com\/produit\/coaching-communication-identite-de-marque-7\/#breadcrumb"},"inLanguage":"en-US","potentialAction":[{"@type":"ReadAction","target":["https:\/\/empow-her.com\/produit\/coaching-communication-identite-de-marque-7\/"]}]},{"@type":"ImageObject","inLanguage":"en-US","@id":"https:\/\/empow-her.com\/produit\/coaching-communication-identite-de-marque-7\/#primaryimage","url":"https:\/\/empow-her.com\/wp-content\/uploads\/2022\/11\/Women-Dare-templates-events-2022-11-17T140959.790.png","contentUrl":"https:\/\/empow-her.com\/wp-content\/uploads\/2022\/11\/Women-Dare-templates-events-2022-11-17T140959.790.png","width":1080,"height":1080},{"@type":"BreadcrumbList","@id":"https:\/\/empow-her.com\/produit\/coaching-communication-identite-de-marque-7\/#breadcrumb","itemListElement":[{"@type":"ListItem","position":1,"name":"Accueil","item":"https:\/\/empow-her.com\/en\/landing-page\/"},{"@type":"ListItem","position":2,"name":"LA BOUTIQUE","item":"https:\/\/empow-her.com\/boutique\/"},{"@type":"ListItem","position":3,"name":"Coaching &#8211; Communication &#038; identit\u00e9 de marque"}]},{"@type":"WebSite","@id":"https:\/\/empow-her.com\/#website","url":"https:\/\/empow-her.com\/","name":"Empow&#039;Her","description":"Women Development","potentialAction":[{"@type":"SearchAction","target":{"@type":"EntryPoint","urlTemplate":"https:\/\/empow-her.com\/?s={search_term_string}"},"query-input":{"@type":"PropertyValueSpecification","valueRequired":true,"valueName":"search_term_string"}}],"inLanguage":"en-US"}]}},"_links":{"self":[{"href":"https:\/\/empow-her.com\/en\/wp-json\/wp\/v2\/product\/126456","targetHints":{"allow":["GET"]}}],"collection":[{"href":"https:\/\/empow-her.com\/en\/wp-json\/wp\/v2\/product"}],"about":[{"href":"https:\/\/empow-her.com\/en\/wp-json\/wp\/v2\/types\/product"}],"wp:featuredmedia":[{"embeddable":true,"href":"https:\/\/empow-her.com\/en\/wp-json\/wp\/v2\/media\/126457"}],"wp:attachment":[{"href":"https:\/\/empow-her.com\/en\/wp-json\/wp\/v2\/media?parent=126456"}],"wp:term":[{"taxonomy":"product_brand","embeddable":true,"href":"https:\/\/empow-her.com\/en\/wp-json\/wp\/v2\/product_brand?post=126456"},{"taxonomy":"product_cat","embeddable":true,"href":"https:\/\/empow-her.com\/en\/wp-json\/wp\/v2\/product_cat?post=126456"},{"taxonomy":"product_tag","embeddable":true,"href":"https:\/\/empow-her.com\/en\/wp-json\/wp\/v2\/product_tag?post=126456"},{"taxonomy":"lieu","embeddable":true,"href":"https:\/\/empow-her.com\/en\/wp-json\/wp\/v2\/lieu?post=126456"},{"taxonomy":"thematiques","embeddable":true,"href":"https:\/\/empow-her.com\/en\/wp-json\/wp\/v2\/thematiques?post=126456"}],"curies":[{"name":"wp","href":"https:\/\/api.w.org\/{rel}","templated":true}]}}